{"id":26799,"date":"2023-05-28T08:15:21","date_gmt":"2023-05-28T08:15:21","guid":{"rendered":"https:\/\/rollingringdrives.com\/?post_type=product&#038;p=26799"},"modified":"2023-05-28T08:15:24","modified_gmt":"2023-05-28T08:15:24","slug":"plastic-storage-wire-accumulator-wheel-model-150","status":"publish","type":"product","link":"https:\/\/rollingringdrives.com\/pt\/produtos\/acumulador-fio-de-arrumacao-de-plastico-modelo-150\/","title":{"rendered":"Roda acumuladora de fio de armazenamento de pl\u00e1stico modelo 150"},"content":{"rendered":"<p class=\"xsj_paragraph xsj_paragraph_level_0\" data-source-line=\"0\" data-source-line-display=\"true\">A Roda do Acumulador de Cabos, tamb\u00e9m conhecida como Roda de Armazenamento de Fios, \u00e9 um componente indispens\u00e1vel dos equipamentos de fabrica\u00e7\u00e3o de fios e cabos. Ele foi projetado para transferir e armazenar fios e cabos de forma r\u00e1pida e eficiente. Essas rodas v\u00eam em v\u00e1rios materiais, incluindo pl\u00e1stico, borracha e a\u00e7o. <strong class=\"markdown_strong_asterisk\">Roda acumuladora de fio de armazenamento de pl\u00e1stico modelo 150<\/strong>\u00a0\u00e9 uma roda de pl\u00e1stico leve com um di\u00e2metro externo de 150 mm.<\/p>\n<p data-source-line=\"0\" data-source-line-display=\"true\"><\/p>\n<div class=\"xiaoshujiang_element xsj_anchor\"><a class=\"blank_anchor_name\" name=\"applications_1\"><\/a><a id=\"applications_1\" class=\"blank_anchor_id\"><\/a><a class=\"blank_anchor_name\" name=\"applications\"><\/a><a id=\"applications\" class=\"blank_anchor_id\"><\/a><\/div>\n<h2 id=\"applications_1\" class=\"xsj_heading_hash xsj_heading xsj_heading_h2\" data-source-line=\"2\" data-source-line-display=\"true\"><span class=\"xsj_heading_content\">Formul\u00e1rios:<\/span><\/h2>\n<p class=\"xsj_paragraph xsj_paragraph_level_0\" data-source-line=\"4\" data-source-line-display=\"true\">A Roda do Acumulador de Cabos \u00e9 ideal para uso no processo do acumulador de fios, o que reduz o tempo de inatividade e aumenta a efici\u00eancia da produ\u00e7\u00e3o. Tamb\u00e9m \u00e9 \u00fatil em linhas de extrus\u00e3o e suaviza\u00e7\u00e3o da produ\u00e7\u00e3o de fabrica\u00e7\u00e3o de fios e cabos.<\/p>\n<div class=\"xiaoshujiang_element xsj_anchor\"><a class=\"blank_anchor_name\" name=\"characteristics_2\"><\/a><a id=\"characteristics_2\" class=\"blank_anchor_id\"><\/a><a class=\"blank_anchor_name\" name=\"characteristics\"><\/a><a id=\"characteristics\" class=\"blank_anchor_id\"><\/a><\/div>\n<h2 id=\"characteristics_2\" class=\"xsj_heading_hash xsj_heading xsj_heading_h2\" data-source-line=\"6\" data-source-line-display=\"true\"><span class=\"xsj_heading_content\">Caracter\u00edsticas:<\/span><\/h2>\n<p class=\"xsj_paragraph xsj_paragraph_level_0\" data-source-line=\"8\" data-source-line-display=\"true\">A Roda Acumuladora de Cabos possui as seguintes caracter\u00edsticas:<\/p>\n<ol class=\"markdown_ol\" data-source-line=\"10\">\n<li data-source-line=\"10\">\n<p class=\"xsj_paragraph xsj_paragraph_level_2\">Leve e f\u00e1cil de instalar.<\/p>\n<\/li>\n<li data-source-line=\"12\">\n<p class=\"xsj_paragraph xsj_paragraph_level_2\">Alta durabilidade, garantindo uma vida \u00fatil prolongada.<\/p>\n<\/li>\n<li data-source-line=\"14\">\n<p class=\"xsj_paragraph xsj_paragraph_level_2\">Resist\u00eancia ao desgaste, garantindo altos n\u00edveis de desempenho.<\/p>\n<\/li>\n<li data-source-line=\"16\">\n<p class=\"xsj_paragraph xsj_paragraph_level_2\">Alternativa de baixo custo para materiais tradicionais como o metal.<\/p>\n<\/li>\n<li data-source-line=\"18\">\n<p class=\"xsj_paragraph xsj_paragraph_level_2\">Maior flexibilidade e funcionalidade o tornam adequado para v\u00e1rias aplica\u00e7\u00f5es de fios e cabos.<\/p>\n<\/li>\n<\/ol>\n<div class=\"xiaoshujiang_element xsj_anchor\"><a class=\"blank_anchor_name\" name=\"faqs20about20the20plastic20storage20wire20accumulator20wheel20model20150_3\"><\/a><a id=\"faqs20about20the20plastic20storage20wire20accumulator20wheel20model20150_3\" class=\"blank_anchor_id\"><\/a><a class=\"blank_anchor_name\" name=\"faqs-about-the-plastic-storage-wire-accumulator-wheel-model-150\"><\/a><a id=\"faqs-about-the-plastic-storage-wire-accumulator-wheel-model-150\" class=\"blank_anchor_id\"><\/a><\/div>\n<h2 id=\"faqs20about20the20plastic20storage20wire20accumulator20wheel20model20150_3\" class=\"xsj_heading_hash xsj_heading xsj_heading_h2\" data-source-line=\"20\" data-source-line-display=\"true\"><span class=\"xsj_heading_content\">Perguntas frequentes:<\/span><\/h2>\n<div class=\"xiaoshujiang_element xsj_anchor\"><a class=\"blank_anchor_name\" name=\"120what20is20the20outer20diameter20of20the20model2015020plastic20storage20wire20accumulator20wheel_4\"><\/a><a id=\"120what20is20the20outer20diameter20of20the20model2015020plastic20storage20wire20accumulator20wheel_4\" class=\"blank_anchor_id\"><\/a><a class=\"blank_anchor_name\" name=\"1-what-is-the-outer-diameter-of-the-model-150-plastic-storage-wire-accumulator-wheel\"><\/a><a id=\"1-what-is-the-outer-diameter-of-the-model-150-plastic-storage-wire-accumulator-wheel\" class=\"blank_anchor_id\"><\/a><\/div>\n<h4 id=\"120what20is20the20outer20diameter20of20the20model2015020plastic20storage20wire20accumulator20wheel_4\" class=\"xsj_heading_hash xsj_heading xsj_heading_h4\" data-source-line=\"22\" data-source-line-display=\"true\"><span class=\"xsj_heading_content\">1. Qual \u00e9 o di\u00e2metro externo da Roda do Acumulador de Fio de Pl\u00e1stico Modelo 150?<\/span><\/h4>\n<p class=\"xsj_paragraph xsj_paragraph_level_0\" data-source-line=\"24\" data-source-line-display=\"true\">Resposta: O di\u00e2metro externo da roda guia de pl\u00e1stico Modelo 150 \u00e9 de 150 mm.<\/p>\n<div class=\"xiaoshujiang_element xsj_anchor\"><a class=\"blank_anchor_name\" name=\"220what20material20is20the20model2015020plastic20storage20wire20accumulator20wheel20made20of_5\"><\/a><a id=\"220what20material20is20the20model2015020plastic20storage20wire20accumulator20wheel20made20of_5\" class=\"blank_anchor_id\"><\/a><a class=\"blank_anchor_name\" name=\"2-what-material-is-the-model-150-plastic-storage-wire-accumulator-wheel-made-of\"><\/a><a id=\"2-what-material-is-the-model-150-plastic-storage-wire-accumulator-wheel-made-of\" class=\"blank_anchor_id\"><\/a><\/div>\n<h4 id=\"220what20material20is20the20model2015020plastic20storage20wire20accumulator20wheel20made20of_5\" class=\"xsj_heading_hash xsj_heading xsj_heading_h4\" data-source-line=\"26\" data-source-line-display=\"true\"><span class=\"xsj_heading_content\">2. De que material \u00e9 feita a roda de fio de armazenamento de pl\u00e1stico 150?<\/span><\/h4>\n<p class=\"xsj_paragraph xsj_paragraph_level_0\" data-source-line=\"28\" data-source-line-display=\"true\">Resposta: \u00c9 feito de pl\u00e1stico de alta qualidade.<\/p>\n<div class=\"xiaoshujiang_element xsj_anchor\"><a class=\"blank_anchor_name\" name=\"320what20is20the20bearing20type20used20in20the20model2015020plastic20storage20wire20accumulator20wheel_6\"><\/a><a id=\"320what20is20the20bearing20type20used20in20the20model2015020plastic20storage20wire20accumulator20wheel_6\" class=\"blank_anchor_id\"><\/a><a class=\"blank_anchor_name\" name=\"3-what-is-the-bearing-type-used-in-the-model-150-plastic-storage-wire-accumulator-wheel\"><\/a><a id=\"3-what-is-the-bearing-type-used-in-the-model-150-plastic-storage-wire-accumulator-wheel\" class=\"blank_anchor_id\"><\/a><\/div>\n<h4 id=\"320what20is20the20bearing20type20used20in20the20model2015020plastic20storage20wire20accumulator20wheel_6\" class=\"xsj_heading_hash xsj_heading xsj_heading_h4\" data-source-line=\"30\" data-source-line-display=\"true\"><span class=\"xsj_heading_content\">3. Que tipo de rolamento \u00e9 usado na roda do acumulador de cabo de armazenamento de pl\u00e1stico 150?<\/span><\/h4>\n<p class=\"xsj_paragraph xsj_paragraph_level_0\" data-source-line=\"32\" data-source-line-display=\"true\">Resposta: Pode usar rolamentos 61804 ou 6000.<\/p>\n<div class=\"xiaoshujiang_element xsj_anchor\"><a class=\"blank_anchor_name\" name=\"420what20is20the20maximum20speed20that20the20model2015020plastic20storage20wire20accumulator20wheel20can20withstand_7\"><\/a><a id=\"420what20is20the20maximum20speed20that20the20model2015020plastic20storage20wire20accumulator20wheel20can20withstand_7\" class=\"blank_anchor_id\"><\/a><a class=\"blank_anchor_name\" name=\"4-what-is-the-maximum-speed-that-the-model-150-plastic-storage-wire-accumulator-wheel-can-withstand\"><\/a><a id=\"4-what-is-the-maximum-speed-that-the-model-150-plastic-storage-wire-accumulator-wheel-can-withstand\" class=\"blank_anchor_id\"><\/a><\/div>\n<h4 id=\"420what20is20the20maximum20speed20that20the20model2015020plastic20storage20wire20accumulator20wheel20can20withstand_7\" class=\"xsj_heading_hash xsj_heading xsj_heading_h4\" data-source-line=\"34\" data-source-line-display=\"true\"><span class=\"xsj_heading_content\">4. Qual \u00e9 a velocidade m\u00e1xima que a Roda do Acumulador de Armazenamento de Pl\u00e1stico 150 pode suportar?<\/span><\/h4>\n<p class=\"xsj_paragraph xsj_paragraph_level_0\" data-source-line=\"36\" data-source-line-display=\"true\">Resposta: Pode suportar altas velocidades sem deforma\u00e7\u00e3o.<\/p>\n<div class=\"xiaoshujiang_element xsj_anchor\"><a class=\"blank_anchor_name\" name=\"520what20are20the20main20applications20of20the20model2015020plastic20storage20wire20accumulator20wheel_8\"><\/a><a id=\"520what20are20the20main20applications20of20the20model2015020plastic20storage20wire20accumulator20wheel_8\" class=\"blank_anchor_id\"><\/a><a class=\"blank_anchor_name\" name=\"5-what-are-the-main-applications-of-the-model-150-plastic-storage-wire-accumulator-wheel\"><\/a><a id=\"5-what-are-the-main-applications-of-the-model-150-plastic-storage-wire-accumulator-wheel\" class=\"blank_anchor_id\"><\/a><\/div>\n<h4 id=\"520what20are20the20main20applications20of20the20model2015020plastic20storage20wire20accumulator20wheel_8\" class=\"xsj_heading_hash xsj_heading xsj_heading_h4\" data-source-line=\"38\" data-source-line-display=\"true\"><span class=\"xsj_heading_content\">5. Quais s\u00e3o as principais aplica\u00e7\u00f5es da roda do acumulador de cabo de armazenamento de pl\u00e1stico 150?<\/span><\/h4>\n<p class=\"xsj_paragraph xsj_paragraph_level_0\" data-source-line=\"40\" data-source-line-display=\"true\">Resposta: \u00c9 amplamente utilizado em m\u00e1quinas de armazenamento de arame, acumuladores e linhas de produ\u00e7\u00e3o de extrus\u00e3o.<\/p>","protected":false},"excerpt":{"rendered":"<h2 id=\"features_1\" class=\"xsj_heading_hash xsj_heading xsj_heading_h2\" data-source-line=\"2\" data-source-line-display=\"true\"><span class=\"xsj_heading_content\">Caracter\u00edsticas:<\/span><\/h2>\n<p class=\"xsj_paragraph xsj_paragraph_level_0\" data-source-line=\"4\" data-source-line-display=\"true\">A roda do acumulador de cabos foi projetada para oferecer confiabilidade, durabilidade e flexibilidade. A seguir est\u00e3o algumas de suas principais caracter\u00edsticas:<\/p>\n<ol class=\"markdown_ol\" data-source-line=\"6\">\n<li data-source-line=\"6\"><strong>Materiais Diferentes<\/strong>: a roda do acumulador de cabos inclui v\u00e1rios materiais, como pl\u00e1stico, borracha e metal.<\/li>\n<li data-source-line=\"7\"><strong>Materiais de alta qualidade<\/strong>: Os materiais utilizados na produ\u00e7\u00e3o deste acess\u00f3rio s\u00e3o de alta qualidade, garantindo que a roda resista ao desgaste e dure por um per\u00edodo prolongado.<\/li>\n<li data-source-line=\"8\"><strong>Design Sem Costura<\/strong>: As caracter\u00edsticas de design da Roda do Acumulador de Cabo s\u00e3o perfeitas, garantindo que o fio n\u00e3o seja danificado ou afetado durante o armazenamento ou recupera\u00e7\u00e3o.<\/li>\n<li data-source-line=\"9\"><strong>Especifica\u00e7\u00f5es personaliz\u00e1veis<\/strong>: os clientes podem personalizar os rolamentos e as especifica\u00e7\u00f5es das rodas, permitindo que as empresas escolham a pe\u00e7a certa para atender \u00e0s suas necessidades operacionais exclusivas.<\/li>\n<\/ol>","protected":false},"featured_media":26801,"template":"","meta":{"site-sidebar-layout":"default","site-content-layout":"default","ast-global-header-display":"","ast-banner-title-visibility":"","ast-main-header-display":"","ast-hfb-above-header-display":"","ast-hfb-below-header-display":"","ast-hfb-mobile-header-display":"","site-post-title":"","ast-breadcrumbs-content":"","ast-featured-img":"","footer-sml-layout":"","theme-transparent-header-meta":"default","adv-header-id-meta":"","stick-header-meta":"","header-above-stick-meta":"","header-main-stick-meta":"","header-below-stick-meta":""},"product_brand":[],"product_cat":[61],"product_tag":[],"class_list":{"0":"post-26799","1":"product","2":"type-product","3":"status-publish","4":"has-post-thumbnail","6":"product_cat-cable-accumulator-pulley","7":"desktop-align-left","8":"tablet-align-left","9":"mobile-align-left","11":"first","12":"instock","13":"shipping-taxable","14":"product-type-simple"},"yoast_head":"<!-- This site is optimized with the Yoast SEO Premium plugin v20.12 (Yoast SEO v26.0) - https:\/\/yoast.com\/wordpress\/plugins\/seo\/ -->\n<title>Plastic Storage Wire Accumulator Wheel Model 150 - QiPang<\/title>\n<meta name=\"description\" content=\"Upgrade your wire production with Plastic Wire Accumulator Model 150 - lightweight, efficient, and easy-to-use. Get yours today!\" \/>\n<meta name=\"robots\" content=\"index, follow, max-snippet:-1, max-image-preview:large, max-video-preview:-1\" \/>\n<link rel=\"canonical\" href=\"https:\/\/rollingringdrives.com\/pt\/produtos\/acumulador-fio-de-arrumacao-de-plastico-modelo-150\/\" \/>\n<meta property=\"og:locale\" content=\"pt_PT\" \/>\n<meta property=\"og:type\" content=\"article\" \/>\n<meta property=\"og:title\" content=\"Plastic Storage Wire Accumulator Wheel Model 150\" \/>\n<meta property=\"og:description\" content=\"Upgrade your wire production with Plastic Wire Accumulator Model 150 - lightweight, efficient, and easy-to-use. Get yours today!\" \/>\n<meta property=\"og:url\" content=\"https:\/\/rollingringdrives.com\/pt\/produtos\/acumulador-fio-de-arrumacao-de-plastico-modelo-150\/\" \/>\n<meta property=\"og:site_name\" content=\"QiPang\" \/>\n<meta property=\"article:modified_time\" content=\"2023-05-28T08:15:24+00:00\" \/>\n<meta property=\"og:image\" content=\"https:\/\/rollingringdrives.com\/wp-content\/uploads\/2023\/05\/\u4e3b\u56fe-1-13.jpg\" \/>\n\t<meta property=\"og:image:width\" content=\"600\" \/>\n\t<meta property=\"og:image:height\" content=\"600\" \/>\n\t<meta property=\"og:image:type\" content=\"image\/jpeg\" \/>\n<meta name=\"twitter:card\" content=\"summary_large_image\" \/>\n<meta name=\"twitter:label1\" content=\"Est. reading time\" \/>\n\t<meta name=\"twitter:data1\" content=\"2 minutos\" \/>\n<script type=\"application\/ld+json\" class=\"yoast-schema-graph\">{\"@context\":\"https:\/\/schema.org\",\"@graph\":[{\"@type\":\"WebPage\",\"@id\":\"https:\/\/rollingringdrives.com\/product\/plastic-storage-wire-accumulator-wheel-model-150\/\",\"url\":\"https:\/\/rollingringdrives.com\/product\/plastic-storage-wire-accumulator-wheel-model-150\/\",\"name\":\"Plastic Storage Wire Accumulator Wheel Model 150 - QiPang\",\"isPartOf\":{\"@id\":\"https:\/\/rollingringdrives.com\/#website\"},\"primaryImageOfPage\":{\"@id\":\"https:\/\/rollingringdrives.com\/product\/plastic-storage-wire-accumulator-wheel-model-150\/#primaryimage\"},\"image\":{\"@id\":\"https:\/\/rollingringdrives.com\/product\/plastic-storage-wire-accumulator-wheel-model-150\/#primaryimage\"},\"thumbnailUrl\":\"https:\/\/rollingringdrives.com\/wp-content\/uploads\/2023\/05\/\u4e3b\u56fe-1-13.jpg\",\"datePublished\":\"2023-05-28T08:15:21+00:00\",\"dateModified\":\"2023-05-28T08:15:24+00:00\",\"description\":\"Upgrade your wire production with Plastic Wire Accumulator Model 150 - lightweight, efficient, and easy-to-use. Get yours today!\",\"breadcrumb\":{\"@id\":\"https:\/\/rollingringdrives.com\/product\/plastic-storage-wire-accumulator-wheel-model-150\/#breadcrumb\"},\"inLanguage\":\"pt-PT\",\"potentialAction\":[{\"@type\":\"ReadAction\",\"target\":[\"https:\/\/rollingringdrives.com\/product\/plastic-storage-wire-accumulator-wheel-model-150\/\"]}]},{\"@type\":\"ImageObject\",\"inLanguage\":\"pt-PT\",\"@id\":\"https:\/\/rollingringdrives.com\/product\/plastic-storage-wire-accumulator-wheel-model-150\/#primaryimage\",\"url\":\"https:\/\/rollingringdrives.com\/wp-content\/uploads\/2023\/05\/\u4e3b\u56fe-1-13.jpg\",\"contentUrl\":\"https:\/\/rollingringdrives.com\/wp-content\/uploads\/2023\/05\/\u4e3b\u56fe-1-13.jpg\",\"width\":600,\"height\":600,\"caption\":\"Plastic Storage Wire Accumulator Wheel Model 150\"},{\"@type\":\"BreadcrumbList\",\"@id\":\"https:\/\/rollingringdrives.com\/product\/plastic-storage-wire-accumulator-wheel-model-150\/#breadcrumb\",\"itemListElement\":[{\"@type\":\"ListItem\",\"position\":1,\"name\":\"Home\",\"item\":\"https:\/\/rollingringdrives.com\/\"},{\"@type\":\"ListItem\",\"position\":2,\"name\":\"Machines\",\"item\":\"https:\/\/rollingringdrives.com\/machines\/\"},{\"@type\":\"ListItem\",\"position\":3,\"name\":\"Plastic Storage Wire Accumulator Wheel Model 150\"}]},{\"@type\":\"WebSite\",\"@id\":\"https:\/\/rollingringdrives.com\/#website\",\"url\":\"https:\/\/rollingringdrives.com\/\",\"name\":\"QiPang\",\"description\":\"QiPang Blog\",\"publisher\":{\"@id\":\"https:\/\/rollingringdrives.com\/#organization\"},\"potentialAction\":[{\"@type\":\"SearchAction\",\"target\":{\"@type\":\"EntryPoint\",\"urlTemplate\":\"https:\/\/rollingringdrives.com\/?s={search_term_string}\"},\"query-input\":{\"@type\":\"PropertyValueSpecification\",\"valueRequired\":true,\"valueName\":\"search_term_string\"}}],\"inLanguage\":\"pt-PT\"},{\"@type\":\"Organization\",\"@id\":\"https:\/\/rollingringdrives.com\/#organization\",\"name\":\"QiPang\",\"url\":\"https:\/\/rollingringdrives.com\/\",\"logo\":{\"@type\":\"ImageObject\",\"inLanguage\":\"pt-PT\",\"@id\":\"https:\/\/rollingringdrives.com\/#\/schema\/logo\/image\/\",\"url\":\"https:\/\/rollingringdrives.com\/wp-content\/uploads\/2023\/05\/cropped-\u672a\u547d\u540d\u7684\u8bbe\u8ba1.png\",\"contentUrl\":\"https:\/\/rollingringdrives.com\/wp-content\/uploads\/2023\/05\/cropped-\u672a\u547d\u540d\u7684\u8bbe\u8ba1.png\",\"width\":300,\"height\":191,\"caption\":\"QiPang\"},\"image\":{\"@id\":\"https:\/\/rollingringdrives.com\/#\/schema\/logo\/image\/\"}}]}<\/script>\n<!-- \/ Yoast SEO Premium plugin. -->","yoast_head_json":{"title":"Roda acumuladora de fio de armazenamento de pl\u00e1stico modelo 150 - QiPang","description":"Atualize sua produ\u00e7\u00e3o de arame com o acumulador de arame de pl\u00e1stico modelo 150 - leve, eficiente e f\u00e1cil de usar. Obtenha o seu hoje!","robots":{"index":"index","follow":"follow","max-snippet":"max-snippet:-1","max-image-preview":"max-image-preview:large","max-video-preview":"max-video-preview:-1"},"canonical":"https:\/\/rollingringdrives.com\/pt\/produtos\/acumulador-fio-de-arrumacao-de-plastico-modelo-150\/","og_locale":"pt_PT","og_type":"article","og_title":"Plastic Storage Wire Accumulator Wheel Model 150","og_description":"Upgrade your wire production with Plastic Wire Accumulator Model 150 - lightweight, efficient, and easy-to-use. Get yours today!","og_url":"https:\/\/rollingringdrives.com\/pt\/produtos\/acumulador-fio-de-arrumacao-de-plastico-modelo-150\/","og_site_name":"QiPang","article_modified_time":"2023-05-28T08:15:24+00:00","og_image":[{"width":600,"height":600,"url":"https:\/\/rollingringdrives.com\/wp-content\/uploads\/2023\/05\/\u4e3b\u56fe-1-13.jpg","type":"image\/jpeg"}],"twitter_card":"summary_large_image","twitter_misc":{"Est. reading time":"2 minutos"},"schema":{"@context":"https:\/\/schema.org","@graph":[{"@type":"WebPage","@id":"https:\/\/rollingringdrives.com\/product\/plastic-storage-wire-accumulator-wheel-model-150\/","url":"https:\/\/rollingringdrives.com\/product\/plastic-storage-wire-accumulator-wheel-model-150\/","name":"Roda acumuladora de fio de armazenamento de pl\u00e1stico modelo 150 - QiPang","isPartOf":{"@id":"https:\/\/rollingringdrives.com\/#website"},"primaryImageOfPage":{"@id":"https:\/\/rollingringdrives.com\/product\/plastic-storage-wire-accumulator-wheel-model-150\/#primaryimage"},"image":{"@id":"https:\/\/rollingringdrives.com\/product\/plastic-storage-wire-accumulator-wheel-model-150\/#primaryimage"},"thumbnailUrl":"https:\/\/rollingringdrives.com\/wp-content\/uploads\/2023\/05\/\u4e3b\u56fe-1-13.jpg","datePublished":"2023-05-28T08:15:21+00:00","dateModified":"2023-05-28T08:15:24+00:00","description":"Atualize sua produ\u00e7\u00e3o de arame com o acumulador de arame de pl\u00e1stico modelo 150 - leve, eficiente e f\u00e1cil de usar. Obtenha o seu hoje!","breadcrumb":{"@id":"https:\/\/rollingringdrives.com\/product\/plastic-storage-wire-accumulator-wheel-model-150\/#breadcrumb"},"inLanguage":"pt-PT","potentialAction":[{"@type":"ReadAction","target":["https:\/\/rollingringdrives.com\/product\/plastic-storage-wire-accumulator-wheel-model-150\/"]}]},{"@type":"ImageObject","inLanguage":"pt-PT","@id":"https:\/\/rollingringdrives.com\/product\/plastic-storage-wire-accumulator-wheel-model-150\/#primaryimage","url":"https:\/\/rollingringdrives.com\/wp-content\/uploads\/2023\/05\/\u4e3b\u56fe-1-13.jpg","contentUrl":"https:\/\/rollingringdrives.com\/wp-content\/uploads\/2023\/05\/\u4e3b\u56fe-1-13.jpg","width":600,"height":600,"caption":"Plastic Storage Wire Accumulator Wheel Model 150"},{"@type":"BreadcrumbList","@id":"https:\/\/rollingringdrives.com\/product\/plastic-storage-wire-accumulator-wheel-model-150\/#breadcrumb","itemListElement":[{"@type":"ListItem","position":1,"name":"Home","item":"https:\/\/rollingringdrives.com\/"},{"@type":"ListItem","position":2,"name":"Machines","item":"https:\/\/rollingringdrives.com\/machines\/"},{"@type":"ListItem","position":3,"name":"Plastic Storage Wire Accumulator Wheel Model 150"}]},{"@type":"WebSite","@id":"https:\/\/rollingringdrives.com\/#website","url":"https:\/\/rollingringdrives.com\/","name":"QiPangName","description":"Blog QiPang","publisher":{"@id":"https:\/\/rollingringdrives.com\/#organization"},"potentialAction":[{"@type":"SearchAction","target":{"@type":"EntryPoint","urlTemplate":"https:\/\/rollingringdrives.com\/?s={search_term_string}"},"query-input":{"@type":"PropertyValueSpecification","valueRequired":true,"valueName":"search_term_string"}}],"inLanguage":"pt-PT"},{"@type":"Organization","@id":"https:\/\/rollingringdrives.com\/#organization","name":"QiPangName","url":"https:\/\/rollingringdrives.com\/","logo":{"@type":"ImageObject","inLanguage":"pt-PT","@id":"https:\/\/rollingringdrives.com\/#\/schema\/logo\/image\/","url":"https:\/\/rollingringdrives.com\/wp-content\/uploads\/2023\/05\/cropped-\u672a\u547d\u540d\u7684\u8bbe\u8ba1.png","contentUrl":"https:\/\/rollingringdrives.com\/wp-content\/uploads\/2023\/05\/cropped-\u672a\u547d\u540d\u7684\u8bbe\u8ba1.png","width":300,"height":191,"caption":"QiPang"},"image":{"@id":"https:\/\/rollingringdrives.com\/#\/schema\/logo\/image\/"}}]}},"_links":{"self":[{"href":"https:\/\/rollingringdrives.com\/pt\/wp-json\/wp\/v2\/product\/26799","targetHints":{"allow":["GET"]}}],"collection":[{"href":"https:\/\/rollingringdrives.com\/pt\/wp-json\/wp\/v2\/product"}],"about":[{"href":"https:\/\/rollingringdrives.com\/pt\/wp-json\/wp\/v2\/types\/product"}],"version-history":[{"count":0,"href":"https:\/\/rollingringdrives.com\/pt\/wp-json\/wp\/v2\/product\/26799\/revisions"}],"wp:featuredmedia":[{"embeddable":true,"href":"https:\/\/rollingringdrives.com\/pt\/wp-json\/wp\/v2\/media\/26801"}],"wp:attachment":[{"href":"https:\/\/rollingringdrives.com\/pt\/wp-json\/wp\/v2\/media?parent=26799"}],"wp:term":[{"taxonomy":"product_brand","embeddable":true,"href":"https:\/\/rollingringdrives.com\/pt\/wp-json\/wp\/v2\/product_brand?post=26799"},{"taxonomy":"product_cat","embeddable":true,"href":"https:\/\/rollingringdrives.com\/pt\/wp-json\/wp\/v2\/product_cat?post=26799"},{"taxonomy":"product_tag","embeddable":true,"href":"https:\/\/rollingringdrives.com\/pt\/wp-json\/wp\/v2\/product_tag?post=26799"}],"curies":[{"name":"wp","href":"https:\/\/api.w.org\/{rel}","templated":true}]}}