{"id":26851,"date":"2023-05-29T01:13:35","date_gmt":"2023-05-29T01:13:35","guid":{"rendered":"https:\/\/rollingringdrives.com\/?post_type=product&#038;p=26851"},"modified":"2023-05-29T01:13:38","modified_gmt":"2023-05-29T01:13:38","slug":"plastic-storage-wire-accumulator-wheel-model-300","status":"publish","type":"product","link":"https:\/\/rollingringdrives.com\/pt\/produtos\/plastico-armazenador-fio-acumulador-roda-modelo-300\/","title":{"rendered":"Roda acumuladora de fio de armazenamento de pl\u00e1stico modelo 300"},"content":{"rendered":"<p class=\"xsj_paragraph xsj_paragraph_level_0\" data-source-line=\"0\" data-source-line-display=\"true\">A Roda Acumuladora de Cabos \u00e9 um acess\u00f3rio indispens\u00e1vel para equipamentos de fabrica\u00e7\u00e3o de fios e cabos, desenvolvida especificamente para armazenar e acumular bobinas de fios. Este produto possui um <strong class=\"markdown_strong_asterisk\">n\u00famero do modelo de 300<\/strong>, significando o di\u00e2metro externo da roda de pl\u00e1stico<strong class=\"markdown_strong_asterisk\">\u00a0\u00e9 270mm<\/strong>. A Roda do Acumulador de Cabos \u00e9 feita de\u00a0<strong class=\"markdown_strong_asterisk\">material pl\u00e1stico<\/strong>\u00a0e est\u00e1 dispon\u00edvel em dois tipos de rodas de borracha. Possui um\u00a0<strong class=\"markdown_strong_asterisk\">61807 rolamento<\/strong>, e uma \u00fanica roda normalmente vem com duas abordagens.<\/p>\n<p data-source-line=\"0\" data-source-line-display=\"true\"><\/p>\n<div class=\"xiaoshujiang_element xsj_anchor\"><a class=\"blank_anchor_name\" name=\"applications_1\"><\/a><a id=\"applications_1\" class=\"blank_anchor_id\"><\/a><a class=\"blank_anchor_name\" name=\"applications\"><\/a><a id=\"applications\" class=\"blank_anchor_id\"><\/a><\/div>\n<h2 id=\"applications_1\" class=\"xsj_heading_hash xsj_heading xsj_heading_h2\" data-source-line=\"2\" data-source-line-display=\"true\"><span class=\"xsj_heading_content\">Formul\u00e1rios:<\/span><\/h2>\n<p class=\"xsj_paragraph xsj_paragraph_level_0\" data-source-line=\"4\" data-source-line-display=\"true\">A roda do acumulador de cabos \u00e9 usada em v\u00e1rias aplica\u00e7\u00f5es em diferentes setores. \u00c9 comumente usado em m\u00e1quinas de armazenamento de arame, acumuladores e linhas de produ\u00e7\u00e3o de extrus\u00e3o. Este produto \u00e9 ben\u00e9fico para fabricantes de fios e cabos que lidam com grandes quantidades de fios que requerem armazenamento e ac\u00famulo antes do processamento.<\/p>\n<div class=\"xiaoshujiang_element xsj_anchor\"><a class=\"blank_anchor_name\" name=\"characteristics20of20different20materials_2\"><\/a><a id=\"characteristics20of20different20materials_2\" class=\"blank_anchor_id\"><\/a><a class=\"blank_anchor_name\" name=\"characteristics-of-different-materials\"><\/a><a id=\"characteristics-of-different-materials\" class=\"blank_anchor_id\"><\/a><\/div>\n<h2 id=\"characteristics20of20different20materials_2\" class=\"xsj_heading_hash xsj_heading xsj_heading_h2\" data-source-line=\"6\" data-source-line-display=\"true\"><span class=\"xsj_heading_content\">Caracter\u00edsticas de diferentes materiais:<\/span><\/h2>\n<p class=\"xsj_paragraph xsj_paragraph_level_0\" data-source-line=\"8\" data-source-line-display=\"true\">A Roda do Acumulador de Cabo vem em dois tipos de rodas de borracha. A roda de borracha possui excelente elasticidade e ader\u00eancia, tornando-a ideal para equipamentos de fabrica\u00e7\u00e3o de fios e cabos. Por\u00e9m, \u00e9 fundamental observar que cada material utilizado na produ\u00e7\u00e3o da Roda Acumuladora de Cabos possui caracter\u00edsticas espec\u00edficas. Portanto, escolher o material adequado que atenda \u00e0s suas necessidades espec\u00edficas \u00e9 fundamental.<\/p>\n<div class=\"xiaoshujiang_element xsj_anchor\"><a class=\"blank_anchor_name\" name=\"faqs20about20the20plastic20storage20wire20accumulator20wheel20model20300_3\"><\/a><a id=\"faqs20about20the20plastic20storage20wire20accumulator20wheel20model20300_3\" class=\"blank_anchor_id\"><\/a><a class=\"blank_anchor_name\" name=\"faqs-about-the-plastic-storage-wire-accumulator-wheel-model-300\"><\/a><a id=\"faqs-about-the-plastic-storage-wire-accumulator-wheel-model-300\" class=\"blank_anchor_id\"><\/a><\/div>\n<h2 id=\"faqs20about20the20plastic20storage20wire20accumulator20wheel20model20300_3\" class=\"xsj_heading_hash xsj_heading xsj_heading_h2\" data-source-line=\"10\" data-source-line-display=\"true\"><span class=\"xsj_heading_content\">Perguntas frequentes sobre a roda do acumulador de fio de armazenamento de pl\u00e1stico modelo 300<\/span><\/h2>\n<div class=\"xiaoshujiang_element xsj_anchor\"><a class=\"blank_anchor_name\" name=\"120what20are20the20dimensions20of20the20plastic20storage20wire20accumulator20wheel20model20300_4\"><\/a><a id=\"120what20are20the20dimensions20of20the20plastic20storage20wire20accumulator20wheel20model20300_4\" class=\"blank_anchor_id\"><\/a><a class=\"blank_anchor_name\" name=\"1-what-are-the-dimensions-of-the-plastic-storage-wire-accumulator-wheel-model-300\"><\/a><a id=\"1-what-are-the-dimensions-of-the-plastic-storage-wire-accumulator-wheel-model-300\" class=\"blank_anchor_id\"><\/a><\/div>\n<h4 id=\"120what20are20the20dimensions20of20the20plastic20storage20wire20accumulator20wheel20model20300_4\" class=\"xsj_heading_hash xsj_heading xsj_heading_h4\" data-source-line=\"12\" data-source-line-display=\"true\"><span class=\"xsj_heading_content\">1. Quais s\u00e3o as dimens\u00f5es da roda do acumulador de fio de armazenamento de pl\u00e1stico 300?<\/span><\/h4>\n<p class=\"xsj_paragraph xsj_paragraph_level_0\" data-source-line=\"14\" data-source-line-display=\"true\">Resposta: O di\u00e2metro externo da roda de pl\u00e1stico \u00e9 de 270 mm.<\/p>\n<div class=\"xiaoshujiang_element xsj_anchor\"><a class=\"blank_anchor_name\" name=\"220how20many20bearings20does20a20plastic20storage20wire20accumulator20wheel20model2030020have_5\"><\/a><a id=\"220how20many20bearings20does20a20plastic20storage20wire20accumulator20wheel20model2030020have_5\" class=\"blank_anchor_id\"><\/a><a class=\"blank_anchor_name\" name=\"2-how-many-bearings-does-a-plastic-storage-wire-accumulator-wheel-model-300-have\"><\/a><a id=\"2-how-many-bearings-does-a-plastic-storage-wire-accumulator-wheel-model-300-have\" class=\"blank_anchor_id\"><\/a><\/div>\n<h4 id=\"220how20many20bearings20does20a20plastic20storage20wire20accumulator20wheel20model2030020have_5\" class=\"xsj_heading_hash xsj_heading xsj_heading_h4\" data-source-line=\"16\" data-source-line-display=\"true\"><span class=\"xsj_heading_content\">2. Quantos rolamentos tem um Modelo 300?<\/span><\/h4>\n<p class=\"xsj_paragraph xsj_paragraph_level_0\" data-source-line=\"18\" data-source-line-display=\"true\">Resposta: Geralmente, uma roda de pl\u00e1stico tem dois rolamentos 61807.<\/p>\n<div class=\"xiaoshujiang_element xsj_anchor\"><a class=\"blank_anchor_name\" name=\"320what20are20the20different20materials20used20in20the20production20of20plastic20storage20wire20accumulator20wheel20model20300_6\"><\/a><a id=\"320what20are20the20different20materials20used20in20the20production20of20plastic20storage20wire20accumulator20wheel20model20300_6\" class=\"blank_anchor_id\"><\/a><a class=\"blank_anchor_name\" name=\"3-what-are-the-different-materials-used-in-the-production-of-plastic-storage-wire-accumulator-wheel-model-300\"><\/a><a id=\"3-what-are-the-different-materials-used-in-the-production-of-plastic-storage-wire-accumulator-wheel-model-300\" class=\"blank_anchor_id\"><\/a><\/div>\n<h4 id=\"320what20are20the20different20materials20used20in20the20production20of20plastic20storage20wire20accumulator20wheel20model20300_6\" class=\"xsj_heading_hash xsj_heading xsj_heading_h4\" data-source-line=\"20\" data-source-line-display=\"true\"><span class=\"xsj_heading_content\">3. Quais materiais produzem a Roda Acumuladora de Fio Modelo 300?<\/span><\/h4>\n<p class=\"xsj_paragraph xsj_paragraph_level_0\" data-source-line=\"22\" data-source-line-display=\"true\">Resposta: \u00c9 feito de pl\u00e1stico e est\u00e1 dispon\u00edvel em dois tipos de rodas de borracha.<\/p>\n<div class=\"xiaoshujiang_element xsj_anchor\"><a class=\"blank_anchor_name\" name=\"420what20are20some20of20the20unique20features20of20the20plastic20storage20wire20accumulator20wheel20model20300_7\"><\/a><a id=\"420what20are20some20of20the20unique20features20of20the20plastic20storage20wire20accumulator20wheel20model20300_7\" class=\"blank_anchor_id\"><\/a><a class=\"blank_anchor_name\" name=\"4-what-are-some-of-the-unique-features-of-the-plastic-storage-wire-accumulator-wheel-model-300\"><\/a><a id=\"4-what-are-some-of-the-unique-features-of-the-plastic-storage-wire-accumulator-wheel-model-300\" class=\"blank_anchor_id\"><\/a><\/div>\n<h4 id=\"420what20are20some20of20the20unique20features20of20the20plastic20storage20wire20accumulator20wheel20model20300_7\" class=\"xsj_heading_hash xsj_heading xsj_heading_h4\" data-source-line=\"24\" data-source-line-display=\"true\"><span class=\"xsj_heading_content\">4. Quais s\u00e3o alguns dos recursos exclusivos do Modelo 300?<\/span><\/h4>\n<p class=\"xsj_paragraph xsj_paragraph_level_0\" data-source-line=\"26\" data-source-line-display=\"true\">Resposta: Algumas de suas caracter\u00edsticas incluem um material pl\u00e1stico de alta qualidade e altamente resistente ao desgaste, uma apar\u00eancia bonita que n\u00e3o danifica a linha, alta velocidade e durabilidade, sem deforma\u00e7\u00e3o, excelente flexibilidade e leveza.<\/p>\n<div class=\"xiaoshujiang_element xsj_anchor\"><a class=\"blank_anchor_name\" name=\"520what20are20the20applications20of20plastic20storage20wire20accumulator20wheel20model20300_8\"><\/a><a id=\"520what20are20the20applications20of20plastic20storage20wire20accumulator20wheel20model20300_8\" class=\"blank_anchor_id\"><\/a><a class=\"blank_anchor_name\" name=\"5-what-are-the-applications-of-plastic-storage-wire-accumulator-wheel-model-300\"><\/a><a id=\"5-what-are-the-applications-of-plastic-storage-wire-accumulator-wheel-model-300\" class=\"blank_anchor_id\"><\/a><\/div>\n<h4 id=\"520what20are20the20applications20of20plastic20storage20wire20accumulator20wheel20model20300_8\" class=\"xsj_heading_hash xsj_heading xsj_heading_h4\" data-source-line=\"28\" data-source-line-display=\"true\"><span class=\"xsj_heading_content\">5. Quais s\u00e3o as aplica\u00e7\u00f5es da roda de arame de armazenamento de pl\u00e1stico modelo 300?<\/span><\/h4>\n<p class=\"xsj_paragraph xsj_paragraph_level_0\" data-source-line=\"30\" data-source-line-display=\"true\">Resposta: Este produto \u00e9 ben\u00e9fico para fabricantes de fios e cabos que lidam com grandes quantidades de fios que requerem armazenamento e ac\u00famulo antes do processamento. \u00c9 comumente usado em m\u00e1quinas de armazenamento de arame, acumuladores e linhas de produ\u00e7\u00e3o de extrus\u00e3o.<\/p>","protected":false},"excerpt":{"rendered":"<h2 id=\"features_1\" class=\"xsj_heading_hash xsj_heading xsj_heading_h2\" data-source-line=\"2\" data-source-line-display=\"true\"><span class=\"xsj_heading_content\">Caracter\u00edsticas:<\/span><\/h2>\n<ol class=\"markdown_ol\" data-source-line=\"4\">\n<li data-source-line=\"4\">Produzido a partir de material pl\u00e1stico de alta qualidade para m\u00e1xima resist\u00eancia ao desgaste<\/li>\n<li data-source-line=\"5\">Apresenta uma bela apar\u00eancia que n\u00e3o danifica a linha<\/li>\n<li data-source-line=\"6\">Desempenho dur\u00e1vel e de alta velocidade \u2013 sem deforma\u00e7\u00f5es ou danos<\/li>\n<li data-source-line=\"7\">Excelente flexibilidade e design leve<\/li>\n<li data-source-line=\"8\">F\u00e1cil de usar, acess\u00edvel e uma escolha ideal para m\u00e1quinas de armazenamento de arame, acumuladores e linhas de produ\u00e7\u00e3o de extrus\u00e3o<\/li>\n<\/ol>","protected":false},"featured_media":26853,"template":"","meta":{"site-sidebar-layout":"default","site-content-layout":"default","ast-global-header-display":"","ast-banner-title-visibility":"","ast-main-header-display":"","ast-hfb-above-header-display":"","ast-hfb-below-header-display":"","ast-hfb-mobile-header-display":"","site-post-title":"","ast-breadcrumbs-content":"","ast-featured-img":"","footer-sml-layout":"","theme-transparent-header-meta":"default","adv-header-id-meta":"","stick-header-meta":"","header-above-stick-meta":"","header-main-stick-meta":"","header-below-stick-meta":""},"product_brand":[],"product_cat":[61],"product_tag":[],"class_list":{"0":"post-26851","1":"product","2":"type-product","3":"status-publish","4":"has-post-thumbnail","6":"product_cat-cable-accumulator-pulley","7":"desktop-align-left","8":"tablet-align-left","9":"mobile-align-left","11":"first","12":"instock","13":"shipping-taxable","14":"product-type-simple"},"yoast_head":"<!-- This site is optimized with the Yoast SEO Premium plugin v20.12 (Yoast SEO v26.0) - https:\/\/yoast.com\/wordpress\/plugins\/seo\/ -->\n<title>Plastic Storage Wire Accumulator Wheel Model 300 - QiPang<\/title>\n<meta name=\"description\" content=\"Improve your wire production with Plastic Wire Accumulator Model 300 - reliable, efficient, and made of high-quality materials. Order now!\" \/>\n<meta name=\"robots\" content=\"index, follow, max-snippet:-1, max-image-preview:large, max-video-preview:-1\" \/>\n<link rel=\"canonical\" href=\"https:\/\/rollingringdrives.com\/pt\/produtos\/plastico-armazenador-fio-acumulador-roda-modelo-300\/\" \/>\n<meta property=\"og:locale\" content=\"pt_PT\" \/>\n<meta property=\"og:type\" content=\"article\" \/>\n<meta property=\"og:title\" content=\"Plastic Storage Wire Accumulator Wheel Model 300\" \/>\n<meta property=\"og:description\" content=\"Improve your wire production with Plastic Wire Accumulator Model 300 - reliable, efficient, and made of high-quality materials. Order now!\" \/>\n<meta property=\"og:url\" content=\"https:\/\/rollingringdrives.com\/pt\/produtos\/plastico-armazenador-fio-acumulador-roda-modelo-300\/\" \/>\n<meta property=\"og:site_name\" content=\"QiPang\" \/>\n<meta property=\"article:modified_time\" content=\"2023-05-29T01:13:38+00:00\" \/>\n<meta property=\"og:image\" content=\"https:\/\/rollingringdrives.com\/wp-content\/uploads\/2023\/05\/\u4e3b\u56fe-1-17.jpg\" \/>\n\t<meta property=\"og:image:width\" content=\"600\" \/>\n\t<meta property=\"og:image:height\" content=\"600\" \/>\n\t<meta property=\"og:image:type\" content=\"image\/jpeg\" \/>\n<meta name=\"twitter:card\" content=\"summary_large_image\" \/>\n<meta name=\"twitter:label1\" content=\"Est. reading time\" \/>\n\t<meta name=\"twitter:data1\" content=\"2 minutos\" \/>\n<script type=\"application\/ld+json\" class=\"yoast-schema-graph\">{\"@context\":\"https:\/\/schema.org\",\"@graph\":[{\"@type\":\"WebPage\",\"@id\":\"https:\/\/rollingringdrives.com\/product\/plastic-storage-wire-accumulator-wheel-model-300\/\",\"url\":\"https:\/\/rollingringdrives.com\/product\/plastic-storage-wire-accumulator-wheel-model-300\/\",\"name\":\"Plastic Storage Wire Accumulator Wheel Model 300 - QiPang\",\"isPartOf\":{\"@id\":\"https:\/\/rollingringdrives.com\/#website\"},\"primaryImageOfPage\":{\"@id\":\"https:\/\/rollingringdrives.com\/product\/plastic-storage-wire-accumulator-wheel-model-300\/#primaryimage\"},\"image\":{\"@id\":\"https:\/\/rollingringdrives.com\/product\/plastic-storage-wire-accumulator-wheel-model-300\/#primaryimage\"},\"thumbnailUrl\":\"https:\/\/rollingringdrives.com\/wp-content\/uploads\/2023\/05\/\u4e3b\u56fe-1-17.jpg\",\"datePublished\":\"2023-05-29T01:13:35+00:00\",\"dateModified\":\"2023-05-29T01:13:38+00:00\",\"description\":\"Improve your wire production with Plastic Wire Accumulator Model 300 - reliable, efficient, and made of high-quality materials. Order now!\",\"breadcrumb\":{\"@id\":\"https:\/\/rollingringdrives.com\/product\/plastic-storage-wire-accumulator-wheel-model-300\/#breadcrumb\"},\"inLanguage\":\"pt-PT\",\"potentialAction\":[{\"@type\":\"ReadAction\",\"target\":[\"https:\/\/rollingringdrives.com\/product\/plastic-storage-wire-accumulator-wheel-model-300\/\"]}]},{\"@type\":\"ImageObject\",\"inLanguage\":\"pt-PT\",\"@id\":\"https:\/\/rollingringdrives.com\/product\/plastic-storage-wire-accumulator-wheel-model-300\/#primaryimage\",\"url\":\"https:\/\/rollingringdrives.com\/wp-content\/uploads\/2023\/05\/\u4e3b\u56fe-1-17.jpg\",\"contentUrl\":\"https:\/\/rollingringdrives.com\/wp-content\/uploads\/2023\/05\/\u4e3b\u56fe-1-17.jpg\",\"width\":600,\"height\":600,\"caption\":\"Plastic Storage Wire Accumulator Wheel Model 300\"},{\"@type\":\"BreadcrumbList\",\"@id\":\"https:\/\/rollingringdrives.com\/product\/plastic-storage-wire-accumulator-wheel-model-300\/#breadcrumb\",\"itemListElement\":[{\"@type\":\"ListItem\",\"position\":1,\"name\":\"Home\",\"item\":\"https:\/\/rollingringdrives.com\/\"},{\"@type\":\"ListItem\",\"position\":2,\"name\":\"Machines\",\"item\":\"https:\/\/rollingringdrives.com\/machines\/\"},{\"@type\":\"ListItem\",\"position\":3,\"name\":\"Plastic Storage Wire Accumulator Wheel Model 300\"}]},{\"@type\":\"WebSite\",\"@id\":\"https:\/\/rollingringdrives.com\/#website\",\"url\":\"https:\/\/rollingringdrives.com\/\",\"name\":\"QiPang\",\"description\":\"QiPang Blog\",\"publisher\":{\"@id\":\"https:\/\/rollingringdrives.com\/#organization\"},\"potentialAction\":[{\"@type\":\"SearchAction\",\"target\":{\"@type\":\"EntryPoint\",\"urlTemplate\":\"https:\/\/rollingringdrives.com\/?s={search_term_string}\"},\"query-input\":{\"@type\":\"PropertyValueSpecification\",\"valueRequired\":true,\"valueName\":\"search_term_string\"}}],\"inLanguage\":\"pt-PT\"},{\"@type\":\"Organization\",\"@id\":\"https:\/\/rollingringdrives.com\/#organization\",\"name\":\"QiPang\",\"url\":\"https:\/\/rollingringdrives.com\/\",\"logo\":{\"@type\":\"ImageObject\",\"inLanguage\":\"pt-PT\",\"@id\":\"https:\/\/rollingringdrives.com\/#\/schema\/logo\/image\/\",\"url\":\"https:\/\/rollingringdrives.com\/wp-content\/uploads\/2023\/05\/cropped-\u672a\u547d\u540d\u7684\u8bbe\u8ba1.png\",\"contentUrl\":\"https:\/\/rollingringdrives.com\/wp-content\/uploads\/2023\/05\/cropped-\u672a\u547d\u540d\u7684\u8bbe\u8ba1.png\",\"width\":300,\"height\":191,\"caption\":\"QiPang\"},\"image\":{\"@id\":\"https:\/\/rollingringdrives.com\/#\/schema\/logo\/image\/\"}}]}<\/script>\n<!-- \/ Yoast SEO Premium plugin. -->","yoast_head_json":{"title":"Roda acumuladora de fio de armazenamento de pl\u00e1stico modelo 300 - QiPang","description":"Melhore sua produ\u00e7\u00e3o de arame com o acumulador de arame de pl\u00e1stico modelo 300 - confi\u00e1vel, eficiente e feito de materiais de alta qualidade. Pe\u00e7a agora!","robots":{"index":"index","follow":"follow","max-snippet":"max-snippet:-1","max-image-preview":"max-image-preview:large","max-video-preview":"max-video-preview:-1"},"canonical":"https:\/\/rollingringdrives.com\/pt\/produtos\/plastico-armazenador-fio-acumulador-roda-modelo-300\/","og_locale":"pt_PT","og_type":"article","og_title":"Plastic Storage Wire Accumulator Wheel Model 300","og_description":"Improve your wire production with Plastic Wire Accumulator Model 300 - reliable, efficient, and made of high-quality materials. Order now!","og_url":"https:\/\/rollingringdrives.com\/pt\/produtos\/plastico-armazenador-fio-acumulador-roda-modelo-300\/","og_site_name":"QiPang","article_modified_time":"2023-05-29T01:13:38+00:00","og_image":[{"width":600,"height":600,"url":"https:\/\/rollingringdrives.com\/wp-content\/uploads\/2023\/05\/\u4e3b\u56fe-1-17.jpg","type":"image\/jpeg"}],"twitter_card":"summary_large_image","twitter_misc":{"Est. reading time":"2 minutos"},"schema":{"@context":"https:\/\/schema.org","@graph":[{"@type":"WebPage","@id":"https:\/\/rollingringdrives.com\/product\/plastic-storage-wire-accumulator-wheel-model-300\/","url":"https:\/\/rollingringdrives.com\/product\/plastic-storage-wire-accumulator-wheel-model-300\/","name":"Roda acumuladora de fio de armazenamento de pl\u00e1stico modelo 300 - QiPang","isPartOf":{"@id":"https:\/\/rollingringdrives.com\/#website"},"primaryImageOfPage":{"@id":"https:\/\/rollingringdrives.com\/product\/plastic-storage-wire-accumulator-wheel-model-300\/#primaryimage"},"image":{"@id":"https:\/\/rollingringdrives.com\/product\/plastic-storage-wire-accumulator-wheel-model-300\/#primaryimage"},"thumbnailUrl":"https:\/\/rollingringdrives.com\/wp-content\/uploads\/2023\/05\/\u4e3b\u56fe-1-17.jpg","datePublished":"2023-05-29T01:13:35+00:00","dateModified":"2023-05-29T01:13:38+00:00","description":"Melhore sua produ\u00e7\u00e3o de arame com o acumulador de arame de pl\u00e1stico modelo 300 - confi\u00e1vel, eficiente e feito de materiais de alta qualidade. Pe\u00e7a agora!","breadcrumb":{"@id":"https:\/\/rollingringdrives.com\/product\/plastic-storage-wire-accumulator-wheel-model-300\/#breadcrumb"},"inLanguage":"pt-PT","potentialAction":[{"@type":"ReadAction","target":["https:\/\/rollingringdrives.com\/product\/plastic-storage-wire-accumulator-wheel-model-300\/"]}]},{"@type":"ImageObject","inLanguage":"pt-PT","@id":"https:\/\/rollingringdrives.com\/product\/plastic-storage-wire-accumulator-wheel-model-300\/#primaryimage","url":"https:\/\/rollingringdrives.com\/wp-content\/uploads\/2023\/05\/\u4e3b\u56fe-1-17.jpg","contentUrl":"https:\/\/rollingringdrives.com\/wp-content\/uploads\/2023\/05\/\u4e3b\u56fe-1-17.jpg","width":600,"height":600,"caption":"Plastic Storage Wire Accumulator Wheel Model 300"},{"@type":"BreadcrumbList","@id":"https:\/\/rollingringdrives.com\/product\/plastic-storage-wire-accumulator-wheel-model-300\/#breadcrumb","itemListElement":[{"@type":"ListItem","position":1,"name":"Home","item":"https:\/\/rollingringdrives.com\/"},{"@type":"ListItem","position":2,"name":"Machines","item":"https:\/\/rollingringdrives.com\/machines\/"},{"@type":"ListItem","position":3,"name":"Plastic Storage Wire Accumulator Wheel Model 300"}]},{"@type":"WebSite","@id":"https:\/\/rollingringdrives.com\/#website","url":"https:\/\/rollingringdrives.com\/","name":"QiPangName","description":"Blog QiPang","publisher":{"@id":"https:\/\/rollingringdrives.com\/#organization"},"potentialAction":[{"@type":"SearchAction","target":{"@type":"EntryPoint","urlTemplate":"https:\/\/rollingringdrives.com\/?s={search_term_string}"},"query-input":{"@type":"PropertyValueSpecification","valueRequired":true,"valueName":"search_term_string"}}],"inLanguage":"pt-PT"},{"@type":"Organization","@id":"https:\/\/rollingringdrives.com\/#organization","name":"QiPangName","url":"https:\/\/rollingringdrives.com\/","logo":{"@type":"ImageObject","inLanguage":"pt-PT","@id":"https:\/\/rollingringdrives.com\/#\/schema\/logo\/image\/","url":"https:\/\/rollingringdrives.com\/wp-content\/uploads\/2023\/05\/cropped-\u672a\u547d\u540d\u7684\u8bbe\u8ba1.png","contentUrl":"https:\/\/rollingringdrives.com\/wp-content\/uploads\/2023\/05\/cropped-\u672a\u547d\u540d\u7684\u8bbe\u8ba1.png","width":300,"height":191,"caption":"QiPang"},"image":{"@id":"https:\/\/rollingringdrives.com\/#\/schema\/logo\/image\/"}}]}},"_links":{"self":[{"href":"https:\/\/rollingringdrives.com\/pt\/wp-json\/wp\/v2\/product\/26851","targetHints":{"allow":["GET"]}}],"collection":[{"href":"https:\/\/rollingringdrives.com\/pt\/wp-json\/wp\/v2\/product"}],"about":[{"href":"https:\/\/rollingringdrives.com\/pt\/wp-json\/wp\/v2\/types\/product"}],"version-history":[{"count":0,"href":"https:\/\/rollingringdrives.com\/pt\/wp-json\/wp\/v2\/product\/26851\/revisions"}],"wp:featuredmedia":[{"embeddable":true,"href":"https:\/\/rollingringdrives.com\/pt\/wp-json\/wp\/v2\/media\/26853"}],"wp:attachment":[{"href":"https:\/\/rollingringdrives.com\/pt\/wp-json\/wp\/v2\/media?parent=26851"}],"wp:term":[{"taxonomy":"product_brand","embeddable":true,"href":"https:\/\/rollingringdrives.com\/pt\/wp-json\/wp\/v2\/product_brand?post=26851"},{"taxonomy":"product_cat","embeddable":true,"href":"https:\/\/rollingringdrives.com\/pt\/wp-json\/wp\/v2\/product_cat?post=26851"},{"taxonomy":"product_tag","embeddable":true,"href":"https:\/\/rollingringdrives.com\/pt\/wp-json\/wp\/v2\/product_tag?post=26851"}],"curies":[{"name":"wp","href":"https:\/\/api.w.org\/{rel}","templated":true}]}}