{"id":26861,"date":"2023-05-29T01:21:30","date_gmt":"2023-05-29T01:21:30","guid":{"rendered":"https:\/\/rollingringdrives.com\/?post_type=product&#038;p=26861"},"modified":"2023-05-29T01:21:32","modified_gmt":"2023-05-29T01:21:32","slug":"plastic-storage-wire-accumulator-wheel-model-390","status":"publish","type":"product","link":"https:\/\/rollingringdrives.com\/pt\/produtos\/acumulador-de-fio-de-arrumacao-de-plastico-modelo-390\/","title":{"rendered":"Roda acumuladora de fio de armazenamento de pl\u00e1stico modelo 390"},"content":{"rendered":"<p class=\"xsj_paragraph xsj_paragraph_level_0\" data-source-line=\"0\" data-source-line-display=\"true\">A roda do acumulador de cabo \u00e9 uma roda de fio de armazenamento que \u00e9 usada principalmente em m\u00e1quinas de armazenamento de fio, acumuladores de fio e linhas de produ\u00e7\u00e3o de extrus\u00e3o. O\u00a0<strong class=\"markdown_strong_asterisk\">Roda de arame de armazenamento modelo 390<\/strong>\u00a0tem um\u00a0<strong class=\"markdown_strong_asterisk\">di\u00e2metro externo de 390mm<\/strong>, e \u00e9 feito de material pl\u00e1stico de alta qualidade, dividido em dois tipos de rodas de borracha, cada uma com dois rolamentos de n\u00famero 61907.<\/p>\n<p data-source-line=\"0\" data-source-line-display=\"true\"><\/p>\n<div class=\"xiaoshujiang_element xsj_anchor\"><a class=\"blank_anchor_name\" name=\"applications_1\"><\/a><a id=\"applications_1\" class=\"blank_anchor_id\"><\/a><a class=\"blank_anchor_name\" name=\"applications\"><\/a><a id=\"applications\" class=\"blank_anchor_id\"><\/a><\/div>\n<h2 id=\"applications_1\" class=\"xsj_heading_hash xsj_heading xsj_heading_h2\" data-source-line=\"2\" data-source-line-display=\"true\"><span class=\"xsj_heading_content\">Formul\u00e1rios:<\/span><\/h2>\n<p class=\"xsj_paragraph xsj_paragraph_level_0\" data-source-line=\"4\" data-source-line-display=\"true\">A roda do acumulador de cabos \u00e9 vers\u00e1til em v\u00e1rias configura\u00e7\u00f5es, incluindo m\u00e1quinas de armazenamento de fios, acumuladores de fios, linhas de produ\u00e7\u00e3o de extrus\u00e3o e equipamentos de fabrica\u00e7\u00e3o de fios e cabos. Ele \u00e9 usado principalmente em ambientes que requerem armazenamento de fios, e o design limpo da Roda do Acumulador de Cabos significa que ele pode ser usado em ambientes de sala limpa.<\/p>\n<div class=\"xiaoshujiang_element xsj_anchor\"><a class=\"blank_anchor_name\" name=\"characteristics20of20different20materials20of20wire20storage20wheels_2\"><\/a><a id=\"characteristics20of20different20materials20of20wire20storage20wheels_2\" class=\"blank_anchor_id\"><\/a><a class=\"blank_anchor_name\" name=\"characteristics-of-different-materials-of-wire-storage-wheels\"><\/a><a id=\"characteristics-of-different-materials-of-wire-storage-wheels\" class=\"blank_anchor_id\"><\/a><\/div>\n<h2 id=\"characteristics20of20different20materials20of20wire20storage20wheels_2\" class=\"xsj_heading_hash xsj_heading xsj_heading_h2\" data-source-line=\"6\" data-source-line-display=\"true\"><span class=\"xsj_heading_content\">Caracter\u00edsticas de diferentes materiais de rodas de armazenamento de arame:<\/span><\/h2>\n<p class=\"xsj_paragraph xsj_paragraph_level_0\" data-source-line=\"8\" data-source-line-display=\"true\">Roda guia de pl\u00e1stico:<\/p>\n<ol class=\"markdown_ol\" data-source-line=\"9\">\n<li data-source-line=\"9\">Materiais pl\u00e1sticos de alta qualidade, que s\u00e3o mais resistentes ao desgaste.<\/li>\n<li data-source-line=\"10\">Apar\u00eancia bonita, sem danos causados \u00e0s linhas.<\/li>\n<li data-source-line=\"11\">De alta velocidade e dur\u00e1vel, sem deforma\u00e7\u00e3o.<\/li>\n<li data-source-line=\"12\">F\u00e1cil de usar, com baixo custo.<\/li>\n<li data-source-line=\"13\">Leve e altamente flex\u00edvel.<\/li>\n<li data-source-line=\"14\">Especifica\u00e7\u00f5es personaliz\u00e1veis de outras rodas e rolamentos.<\/li>\n<\/ol>\n<div class=\"xiaoshujiang_element xsj_anchor\"><a class=\"blank_anchor_name\" name=\"faqs20about20the20plastic20storage20wire20accumulator20wheel20model20390_3\"><\/a><a id=\"faqs20about20the20plastic20storage20wire20accumulator20wheel20model20390_3\" class=\"blank_anchor_id\"><\/a><a class=\"blank_anchor_name\" name=\"faqs-about-the-plastic-storage-wire-accumulator-wheel-model-390\"><\/a><a id=\"faqs-about-the-plastic-storage-wire-accumulator-wheel-model-390\" class=\"blank_anchor_id\"><\/a><\/div>\n<h2 id=\"faqs20about20the20plastic20storage20wire20accumulator20wheel20model20390_3\" class=\"xsj_heading_hash xsj_heading xsj_heading_h2\" data-source-line=\"16\" data-source-line-display=\"true\"><span class=\"xsj_heading_content\">Perguntas frequentes sobre a roda do acumulador de fio de armazenamento de pl\u00e1stico modelo 390:<\/span><\/h2>\n<div class=\"xiaoshujiang_element xsj_anchor\"><a class=\"blank_anchor_name\" name=\"120what20is20the20outer20diameter20of20the20model2039020storage20wire20wheel_4\"><\/a><a id=\"120what20is20the20outer20diameter20of20the20model2039020storage20wire20wheel_4\" class=\"blank_anchor_id\"><\/a><a class=\"blank_anchor_name\" name=\"1-what-is-the-outer-diameter-of-the-model-390-storage-wire-wheel\"><\/a><a id=\"1-what-is-the-outer-diameter-of-the-model-390-storage-wire-wheel\" class=\"blank_anchor_id\"><\/a><\/div>\n<h4 id=\"120what20is20the20outer20diameter20of20the20model2039020storage20wire20wheel_4\" class=\"xsj_heading_hash xsj_heading xsj_heading_h4\" data-source-line=\"18\" data-source-line-display=\"true\"><span class=\"xsj_heading_content\">1. Qual \u00e9 o di\u00e2metro externo da roda de arame de armazenamento Modelo 390?<\/span><\/h4>\n<p class=\"xsj_paragraph xsj_paragraph_level_0\" data-source-line=\"20\" data-source-line-display=\"true\">O di\u00e2metro externo da roda de arame de armazenamento Modelo 390 \u00e9 de 390 mm.<\/p>\n<div class=\"xiaoshujiang_element xsj_anchor\"><a class=\"blank_anchor_name\" name=\"220what20material20is20used20to20make20the20model2039020storage20wire20wheel_5\"><\/a><a id=\"220what20material20is20used20to20make20the20model2039020storage20wire20wheel_5\" class=\"blank_anchor_id\"><\/a><a class=\"blank_anchor_name\" name=\"2-what-material-is-used-to-make-the-model-390-storage-wire-wheel\"><\/a><a id=\"2-what-material-is-used-to-make-the-model-390-storage-wire-wheel\" class=\"blank_anchor_id\"><\/a><\/div>\n<h4 id=\"220what20material20is20used20to20make20the20model2039020storage20wire20wheel_5\" class=\"xsj_heading_hash xsj_heading xsj_heading_h4\" data-source-line=\"22\" data-source-line-display=\"true\"><span class=\"xsj_heading_content\">2. Que material \u00e9 usado para a roda de arame de armazenamento Modelo 390?<\/span><\/h4>\n<p class=\"xsj_paragraph xsj_paragraph_level_0\" data-source-line=\"24\" data-source-line-display=\"true\">A roda de arame de armazenamento Modelo 390 \u00e9 feita principalmente de material pl\u00e1stico de alta qualidade.<\/p>\n<div class=\"xiaoshujiang_element xsj_anchor\"><a class=\"blank_anchor_name\" name=\"320how20many20types20of20rubber20wheels20does20the20model2039020storage20wire20wheel20have_6\"><\/a><a id=\"320how20many20types20of20rubber20wheels20does20the20model2039020storage20wire20wheel20have_6\" class=\"blank_anchor_id\"><\/a><a class=\"blank_anchor_name\" name=\"3-how-many-types-of-rubber-wheels-does-the-model-390-storage-wire-wheel-have\"><\/a><a id=\"3-how-many-types-of-rubber-wheels-does-the-model-390-storage-wire-wheel-have\" class=\"blank_anchor_id\"><\/a><\/div>\n<h4 id=\"320how20many20types20of20rubber20wheels20does20the20model2039020storage20wire20wheel20have_6\" class=\"xsj_heading_hash xsj_heading xsj_heading_h4\" data-source-line=\"26\" data-source-line-display=\"true\"><span class=\"xsj_heading_content\">3. Quantos tipos de rodas de borracha tem a roda de arame de armazenamento Modelo 390?<\/span><\/h4>\n<p class=\"xsj_paragraph xsj_paragraph_level_0\" data-source-line=\"28\" data-source-line-display=\"true\">A roda de arame de armazenamento Modelo 390 vem em dois tipos de rodas de borracha.<\/p>\n<div class=\"xiaoshujiang_element xsj_anchor\"><a class=\"blank_anchor_name\" name=\"420how20many20bearings20does20a20plastic20wheel20typically20have_7\"><\/a><a id=\"420how20many20bearings20does20a20plastic20wheel20typically20have_7\" class=\"blank_anchor_id\"><\/a><a class=\"blank_anchor_name\" name=\"4-how-many-bearings-does-a-plastic-wheel-typically-have\"><\/a><a id=\"4-how-many-bearings-does-a-plastic-wheel-typically-have\" class=\"blank_anchor_id\"><\/a><\/div>\n<h4 id=\"420how20many20bearings20does20a20plastic20wheel20typically20have_7\" class=\"xsj_heading_hash xsj_heading xsj_heading_h4\" data-source-line=\"30\" data-source-line-display=\"true\"><span class=\"xsj_heading_content\">4. Quantos rolamentos tem normalmente uma roda de pl\u00e1stico?<\/span><\/h4>\n<p class=\"xsj_paragraph xsj_paragraph_level_0\" data-source-line=\"32\" data-source-line-display=\"true\">Uma roda de pl\u00e1stico normalmente tem dois rolamentos.<\/p>\n<div class=\"xiaoshujiang_element xsj_anchor\"><a class=\"blank_anchor_name\" name=\"520can20i20customize20the20bearings20and20wheel20specifications20of20the20model2039020storage20wire20wheel_8\"><\/a><a id=\"520can20i20customize20the20bearings20and20wheel20specifications20of20the20model2039020storage20wire20wheel_8\" class=\"blank_anchor_id\"><\/a><a class=\"blank_anchor_name\" name=\"5-can-i-customize-the-bearings-and-wheel-specifications-of-the-model-390-storage-wire-wheel\"><\/a><a id=\"5-can-i-customize-the-bearings-and-wheel-specifications-of-the-model-390-storage-wire-wheel\" class=\"blank_anchor_id\"><\/a><\/div>\n<h4 id=\"520can20i20customize20the20bearings20and20wheel20specifications20of20the20model2039020storage20wire20wheel_8\" class=\"xsj_heading_hash xsj_heading xsj_heading_h4\" data-source-line=\"34\" data-source-line-display=\"true\"><span class=\"xsj_heading_content\">5. Posso personalizar os rolamentos e as especifica\u00e7\u00f5es da roda de armazenamento modelo 390?<\/span><\/h4>\n<p class=\"xsj_paragraph xsj_paragraph_level_0\" data-source-line=\"36\" data-source-line-display=\"true\">Sim, voc\u00ea pode personalizar os rolamentos e as especifica\u00e7\u00f5es da roda de arame de armazenamento Modelo 390 entrando em contato com o atendimento ao cliente.<\/p>","protected":false},"excerpt":{"rendered":"<h2 id=\"features_1\" class=\"xsj_heading_hash xsj_heading xsj_heading_h2\" data-source-line=\"2\" data-source-line-display=\"true\"><span class=\"xsj_heading_content\">Caracter\u00edsticas:<\/span><\/h2>\n<p class=\"xsj_paragraph xsj_paragraph_level_0\" data-source-line=\"4\" data-source-line-display=\"true\">O <strong>Roda do Acumulador de Cabo<\/strong> tem v\u00e1rios recursos not\u00e1veis, incluindo seu design leve, material pl\u00e1stico resistente ao desgaste e durabilidade de longa dura\u00e7\u00e3o. Ao contr\u00e1rio de outros produtos concorrentes, esta roda de arame de armazenamento \u00e9 projetada para ser f\u00e1cil de usar, com baixo custo, tornando-a acess\u00edvel a uma ampla gama de ind\u00fastrias. A Roda Acumuladora de Cabos n\u00e3o apresenta deforma\u00e7\u00e3o e alta flexibilidade, tornando-se um acess\u00f3rio ideal para equipamentos de fabrica\u00e7\u00e3o de fios e cabos.<\/p>","protected":false},"featured_media":26863,"template":"","meta":{"site-sidebar-layout":"default","site-content-layout":"default","ast-global-header-display":"","ast-banner-title-visibility":"","ast-main-header-display":"","ast-hfb-above-header-display":"","ast-hfb-below-header-display":"","ast-hfb-mobile-header-display":"","site-post-title":"","ast-breadcrumbs-content":"","ast-featured-img":"","footer-sml-layout":"","theme-transparent-header-meta":"default","adv-header-id-meta":"","stick-header-meta":"","header-above-stick-meta":"","header-main-stick-meta":"","header-below-stick-meta":""},"product_brand":[],"product_cat":[61],"product_tag":[],"class_list":{"0":"post-26861","1":"product","2":"type-product","3":"status-publish","4":"has-post-thumbnail","6":"product_cat-cable-accumulator-pulley","7":"desktop-align-left","8":"tablet-align-left","9":"mobile-align-left","11":"first","12":"instock","13":"shipping-taxable","14":"product-type-simple"},"yoast_head":"<!-- This site is optimized with the Yoast SEO Premium plugin v20.12 (Yoast SEO v26.0) - https:\/\/yoast.com\/wordpress\/plugins\/seo\/ -->\n<title>Plastic Storage Wire Accumulator Wheel Model 390 - QiPang<\/title>\n<meta name=\"description\" content=\"Get the most out of your wire storage with Plastic Wire Accumulator Model 390 - durable, efficient, and perfect for any wire production line. Order today!\" \/>\n<meta name=\"robots\" content=\"index, follow, max-snippet:-1, max-image-preview:large, max-video-preview:-1\" \/>\n<link rel=\"canonical\" href=\"https:\/\/rollingringdrives.com\/pt\/produtos\/acumulador-de-fio-de-arrumacao-de-plastico-modelo-390\/\" \/>\n<meta property=\"og:locale\" content=\"pt_PT\" \/>\n<meta property=\"og:type\" content=\"article\" \/>\n<meta property=\"og:title\" content=\"Plastic Storage Wire Accumulator Wheel Model 390\" \/>\n<meta property=\"og:description\" content=\"Get the most out of your wire storage with Plastic Wire Accumulator Model 390 - durable, efficient, and perfect for any wire production line. Order today!\" \/>\n<meta property=\"og:url\" content=\"https:\/\/rollingringdrives.com\/pt\/produtos\/acumulador-de-fio-de-arrumacao-de-plastico-modelo-390\/\" \/>\n<meta property=\"og:site_name\" content=\"QiPang\" \/>\n<meta property=\"article:modified_time\" content=\"2023-05-29T01:21:32+00:00\" \/>\n<meta property=\"og:image\" content=\"https:\/\/rollingringdrives.com\/wp-content\/uploads\/2023\/05\/\u4e3b\u56fe-2-18.jpg\" \/>\n\t<meta property=\"og:image:width\" content=\"600\" \/>\n\t<meta property=\"og:image:height\" content=\"600\" \/>\n\t<meta property=\"og:image:type\" content=\"image\/jpeg\" \/>\n<meta name=\"twitter:card\" content=\"summary_large_image\" \/>\n<meta name=\"twitter:label1\" content=\"Est. reading time\" \/>\n\t<meta name=\"twitter:data1\" content=\"2 minutos\" \/>\n<script type=\"application\/ld+json\" class=\"yoast-schema-graph\">{\"@context\":\"https:\/\/schema.org\",\"@graph\":[{\"@type\":\"WebPage\",\"@id\":\"https:\/\/rollingringdrives.com\/product\/plastic-storage-wire-accumulator-wheel-model-390\/\",\"url\":\"https:\/\/rollingringdrives.com\/product\/plastic-storage-wire-accumulator-wheel-model-390\/\",\"name\":\"Plastic Storage Wire Accumulator Wheel Model 390 - QiPang\",\"isPartOf\":{\"@id\":\"https:\/\/rollingringdrives.com\/#website\"},\"primaryImageOfPage\":{\"@id\":\"https:\/\/rollingringdrives.com\/product\/plastic-storage-wire-accumulator-wheel-model-390\/#primaryimage\"},\"image\":{\"@id\":\"https:\/\/rollingringdrives.com\/product\/plastic-storage-wire-accumulator-wheel-model-390\/#primaryimage\"},\"thumbnailUrl\":\"https:\/\/rollingringdrives.com\/wp-content\/uploads\/2023\/05\/\u4e3b\u56fe-2-18.jpg\",\"datePublished\":\"2023-05-29T01:21:30+00:00\",\"dateModified\":\"2023-05-29T01:21:32+00:00\",\"description\":\"Get the most out of your wire storage with Plastic Wire Accumulator Model 390 - durable, efficient, and perfect for any wire production line. Order today!\",\"breadcrumb\":{\"@id\":\"https:\/\/rollingringdrives.com\/product\/plastic-storage-wire-accumulator-wheel-model-390\/#breadcrumb\"},\"inLanguage\":\"pt-PT\",\"potentialAction\":[{\"@type\":\"ReadAction\",\"target\":[\"https:\/\/rollingringdrives.com\/product\/plastic-storage-wire-accumulator-wheel-model-390\/\"]}]},{\"@type\":\"ImageObject\",\"inLanguage\":\"pt-PT\",\"@id\":\"https:\/\/rollingringdrives.com\/product\/plastic-storage-wire-accumulator-wheel-model-390\/#primaryimage\",\"url\":\"https:\/\/rollingringdrives.com\/wp-content\/uploads\/2023\/05\/\u4e3b\u56fe-2-18.jpg\",\"contentUrl\":\"https:\/\/rollingringdrives.com\/wp-content\/uploads\/2023\/05\/\u4e3b\u56fe-2-18.jpg\",\"width\":600,\"height\":600,\"caption\":\"Plastic Storage Wire Accumulator Wheel Model 390\"},{\"@type\":\"BreadcrumbList\",\"@id\":\"https:\/\/rollingringdrives.com\/product\/plastic-storage-wire-accumulator-wheel-model-390\/#breadcrumb\",\"itemListElement\":[{\"@type\":\"ListItem\",\"position\":1,\"name\":\"Home\",\"item\":\"https:\/\/rollingringdrives.com\/\"},{\"@type\":\"ListItem\",\"position\":2,\"name\":\"Machines\",\"item\":\"https:\/\/rollingringdrives.com\/machines\/\"},{\"@type\":\"ListItem\",\"position\":3,\"name\":\"Plastic Storage Wire Accumulator Wheel Model 390\"}]},{\"@type\":\"WebSite\",\"@id\":\"https:\/\/rollingringdrives.com\/#website\",\"url\":\"https:\/\/rollingringdrives.com\/\",\"name\":\"QiPang\",\"description\":\"QiPang Blog\",\"publisher\":{\"@id\":\"https:\/\/rollingringdrives.com\/#organization\"},\"potentialAction\":[{\"@type\":\"SearchAction\",\"target\":{\"@type\":\"EntryPoint\",\"urlTemplate\":\"https:\/\/rollingringdrives.com\/?s={search_term_string}\"},\"query-input\":{\"@type\":\"PropertyValueSpecification\",\"valueRequired\":true,\"valueName\":\"search_term_string\"}}],\"inLanguage\":\"pt-PT\"},{\"@type\":\"Organization\",\"@id\":\"https:\/\/rollingringdrives.com\/#organization\",\"name\":\"QiPang\",\"url\":\"https:\/\/rollingringdrives.com\/\",\"logo\":{\"@type\":\"ImageObject\",\"inLanguage\":\"pt-PT\",\"@id\":\"https:\/\/rollingringdrives.com\/#\/schema\/logo\/image\/\",\"url\":\"https:\/\/rollingringdrives.com\/wp-content\/uploads\/2023\/05\/cropped-\u672a\u547d\u540d\u7684\u8bbe\u8ba1.png\",\"contentUrl\":\"https:\/\/rollingringdrives.com\/wp-content\/uploads\/2023\/05\/cropped-\u672a\u547d\u540d\u7684\u8bbe\u8ba1.png\",\"width\":300,\"height\":191,\"caption\":\"QiPang\"},\"image\":{\"@id\":\"https:\/\/rollingringdrives.com\/#\/schema\/logo\/image\/\"}}]}<\/script>\n<!-- \/ Yoast SEO Premium plugin. -->","yoast_head_json":{"title":"Roda acumuladora de fio de armazenamento de pl\u00e1stico modelo 390 - QiPang","description":"Obtenha o m\u00e1ximo de seu armazenamento de fios com o Acumulador de Fios de Pl\u00e1stico Modelo 390 - dur\u00e1vel, eficiente e perfeito para qualquer linha de produ\u00e7\u00e3o de fios. Pe\u00e7a hoje!","robots":{"index":"index","follow":"follow","max-snippet":"max-snippet:-1","max-image-preview":"max-image-preview:large","max-video-preview":"max-video-preview:-1"},"canonical":"https:\/\/rollingringdrives.com\/pt\/produtos\/acumulador-de-fio-de-arrumacao-de-plastico-modelo-390\/","og_locale":"pt_PT","og_type":"article","og_title":"Plastic Storage Wire Accumulator Wheel Model 390","og_description":"Get the most out of your wire storage with Plastic Wire Accumulator Model 390 - durable, efficient, and perfect for any wire production line. Order today!","og_url":"https:\/\/rollingringdrives.com\/pt\/produtos\/acumulador-de-fio-de-arrumacao-de-plastico-modelo-390\/","og_site_name":"QiPang","article_modified_time":"2023-05-29T01:21:32+00:00","og_image":[{"width":600,"height":600,"url":"https:\/\/rollingringdrives.com\/wp-content\/uploads\/2023\/05\/\u4e3b\u56fe-2-18.jpg","type":"image\/jpeg"}],"twitter_card":"summary_large_image","twitter_misc":{"Est. reading time":"2 minutos"},"schema":{"@context":"https:\/\/schema.org","@graph":[{"@type":"WebPage","@id":"https:\/\/rollingringdrives.com\/product\/plastic-storage-wire-accumulator-wheel-model-390\/","url":"https:\/\/rollingringdrives.com\/product\/plastic-storage-wire-accumulator-wheel-model-390\/","name":"Roda acumuladora de fio de armazenamento de pl\u00e1stico modelo 390 - QiPang","isPartOf":{"@id":"https:\/\/rollingringdrives.com\/#website"},"primaryImageOfPage":{"@id":"https:\/\/rollingringdrives.com\/product\/plastic-storage-wire-accumulator-wheel-model-390\/#primaryimage"},"image":{"@id":"https:\/\/rollingringdrives.com\/product\/plastic-storage-wire-accumulator-wheel-model-390\/#primaryimage"},"thumbnailUrl":"https:\/\/rollingringdrives.com\/wp-content\/uploads\/2023\/05\/\u4e3b\u56fe-2-18.jpg","datePublished":"2023-05-29T01:21:30+00:00","dateModified":"2023-05-29T01:21:32+00:00","description":"Obtenha o m\u00e1ximo de seu armazenamento de fios com o Acumulador de Fios de Pl\u00e1stico Modelo 390 - dur\u00e1vel, eficiente e perfeito para qualquer linha de produ\u00e7\u00e3o de fios. Pe\u00e7a hoje!","breadcrumb":{"@id":"https:\/\/rollingringdrives.com\/product\/plastic-storage-wire-accumulator-wheel-model-390\/#breadcrumb"},"inLanguage":"pt-PT","potentialAction":[{"@type":"ReadAction","target":["https:\/\/rollingringdrives.com\/product\/plastic-storage-wire-accumulator-wheel-model-390\/"]}]},{"@type":"ImageObject","inLanguage":"pt-PT","@id":"https:\/\/rollingringdrives.com\/product\/plastic-storage-wire-accumulator-wheel-model-390\/#primaryimage","url":"https:\/\/rollingringdrives.com\/wp-content\/uploads\/2023\/05\/\u4e3b\u56fe-2-18.jpg","contentUrl":"https:\/\/rollingringdrives.com\/wp-content\/uploads\/2023\/05\/\u4e3b\u56fe-2-18.jpg","width":600,"height":600,"caption":"Plastic Storage Wire Accumulator Wheel Model 390"},{"@type":"BreadcrumbList","@id":"https:\/\/rollingringdrives.com\/product\/plastic-storage-wire-accumulator-wheel-model-390\/#breadcrumb","itemListElement":[{"@type":"ListItem","position":1,"name":"Home","item":"https:\/\/rollingringdrives.com\/"},{"@type":"ListItem","position":2,"name":"Machines","item":"https:\/\/rollingringdrives.com\/machines\/"},{"@type":"ListItem","position":3,"name":"Plastic Storage Wire Accumulator Wheel Model 390"}]},{"@type":"WebSite","@id":"https:\/\/rollingringdrives.com\/#website","url":"https:\/\/rollingringdrives.com\/","name":"QiPangName","description":"Blog QiPang","publisher":{"@id":"https:\/\/rollingringdrives.com\/#organization"},"potentialAction":[{"@type":"SearchAction","target":{"@type":"EntryPoint","urlTemplate":"https:\/\/rollingringdrives.com\/?s={search_term_string}"},"query-input":{"@type":"PropertyValueSpecification","valueRequired":true,"valueName":"search_term_string"}}],"inLanguage":"pt-PT"},{"@type":"Organization","@id":"https:\/\/rollingringdrives.com\/#organization","name":"QiPangName","url":"https:\/\/rollingringdrives.com\/","logo":{"@type":"ImageObject","inLanguage":"pt-PT","@id":"https:\/\/rollingringdrives.com\/#\/schema\/logo\/image\/","url":"https:\/\/rollingringdrives.com\/wp-content\/uploads\/2023\/05\/cropped-\u672a\u547d\u540d\u7684\u8bbe\u8ba1.png","contentUrl":"https:\/\/rollingringdrives.com\/wp-content\/uploads\/2023\/05\/cropped-\u672a\u547d\u540d\u7684\u8bbe\u8ba1.png","width":300,"height":191,"caption":"QiPang"},"image":{"@id":"https:\/\/rollingringdrives.com\/#\/schema\/logo\/image\/"}}]}},"_links":{"self":[{"href":"https:\/\/rollingringdrives.com\/pt\/wp-json\/wp\/v2\/product\/26861","targetHints":{"allow":["GET"]}}],"collection":[{"href":"https:\/\/rollingringdrives.com\/pt\/wp-json\/wp\/v2\/product"}],"about":[{"href":"https:\/\/rollingringdrives.com\/pt\/wp-json\/wp\/v2\/types\/product"}],"version-history":[{"count":0,"href":"https:\/\/rollingringdrives.com\/pt\/wp-json\/wp\/v2\/product\/26861\/revisions"}],"wp:featuredmedia":[{"embeddable":true,"href":"https:\/\/rollingringdrives.com\/pt\/wp-json\/wp\/v2\/media\/26863"}],"wp:attachment":[{"href":"https:\/\/rollingringdrives.com\/pt\/wp-json\/wp\/v2\/media?parent=26861"}],"wp:term":[{"taxonomy":"product_brand","embeddable":true,"href":"https:\/\/rollingringdrives.com\/pt\/wp-json\/wp\/v2\/product_brand?post=26861"},{"taxonomy":"product_cat","embeddable":true,"href":"https:\/\/rollingringdrives.com\/pt\/wp-json\/wp\/v2\/product_cat?post=26861"},{"taxonomy":"product_tag","embeddable":true,"href":"https:\/\/rollingringdrives.com\/pt\/wp-json\/wp\/v2\/product_tag?post=26861"}],"curies":[{"name":"wp","href":"https:\/\/api.w.org\/{rel}","templated":true}]}}