{"id":27311,"date":"2023-06-01T02:56:28","date_gmt":"2023-06-01T02:56:28","guid":{"rendered":"https:\/\/rollingringdrives.com\/?post_type=product&#038;p=27311"},"modified":"2023-06-01T02:56:30","modified_gmt":"2023-06-01T02:56:30","slug":"tx50-100-disk-type-wire-guide-rollers","status":"publish","type":"product","link":"https:\/\/rollingringdrives.com\/pt\/produtos\/tx50-100-tipo-disco-tipo-fio-rolos-guia\/","title":{"rendered":"Rolos guia de arame tipo disco TX50-100"},"content":{"rendered":"<p><img fetchpriority=\"high\" decoding=\"async\" class=\"alignnone wp-image-27315 size-large\" src=\"https:\/\/rollingringdrives.com\/wp-content\/uploads\/2023\/06\/\u5706\u76d8\u4e95\u67b611-1024x461.jpg\" alt=\"Rolos guia de arame tipo disco TX50-100\" width=\"1024\" height=\"461\" srcset=\"https:\/\/rollingringdrives.com\/wp-content\/uploads\/2023\/06\/\u5706\u76d8\u4e95\u67b611-1024x461.jpg 1024w, https:\/\/rollingringdrives.com\/wp-content\/uploads\/2023\/06\/\u5706\u76d8\u4e95\u67b611-300x135.jpg 300w, https:\/\/rollingringdrives.com\/wp-content\/uploads\/2023\/06\/\u5706\u76d8\u4e95\u67b611-768x346.jpg 768w, https:\/\/rollingringdrives.com\/wp-content\/uploads\/2023\/06\/\u5706\u76d8\u4e95\u67b611-1536x691.jpg 1536w, https:\/\/rollingringdrives.com\/wp-content\/uploads\/2023\/06\/\u5706\u76d8\u4e95\u67b611-600x270.jpg 600w, https:\/\/rollingringdrives.com\/wp-content\/uploads\/2023\/06\/\u5706\u76d8\u4e95\u67b611.jpg 1920w\" sizes=\"(max-width: 1024px) 100vw, 1024px\" \/><\/p>\n<p class=\"xsj_paragraph xsj_paragraph_level_0\" data-source-line=\"11\" data-source-line-display=\"true\">Rolos de guia de fio tipo disco s\u00e3o um dos mecanismos de guia de fio mais comuns empregados em v\u00e1rias ind\u00fastrias. Esses rolos de guia de fio s\u00e3o projetados para ajudar a guiar e direcionar materiais de fio ou cabo em linha reta \u00e0 medida que se movem por v\u00e1rias pe\u00e7as de equipamento. Eles s\u00e3o particularmente \u00fateis para evitar que fios ou cabos se enrosquem ou encravem, o que pode causar perda de produ\u00e7\u00e3o e aumentar o risco de danos ao equipamento.<\/p>\n<div class=\"xiaoshujiang_element xsj_anchor\"><a class=\"blank_anchor_name\" name=\"applications_1\"><\/a><a id=\"applications_1\" class=\"blank_anchor_id\"><\/a><a class=\"blank_anchor_name\" name=\"applications\"><\/a><a id=\"applications\" class=\"blank_anchor_id\"><\/a><\/div>\n<h2 id=\"applications_1\" class=\"xsj_heading_hash xsj_heading xsj_heading_h2\" data-source-line=\"13\" data-source-line-display=\"true\"><span class=\"xsj_heading_content\">Formul\u00e1rios:<\/span><\/h2>\n<p class=\"xsj_paragraph xsj_paragraph_level_0\" data-source-line=\"15\" data-source-line-display=\"true\">Os rolos de guia de fio tipo disco podem ser usados em v\u00e1rias aplica\u00e7\u00f5es, incluindo m\u00e1quinas de trefila\u00e7\u00e3o, endireitadores e outros equipamentos que requerem orienta\u00e7\u00e3o de fio ou cabo. Eles s\u00e3o fundamentais quando v\u00e1rios fios ou cabos passam pelo mesmo equipamento, pois garantem o alinhamento adequado e evitam que entrem em contato uns com os outros.<\/p>\n<div id=\"footable_parent_27317\"\n         class=\"footable_parent ninja_table_wrapper loading_ninja_table wp_table_data_press_parent semantic_ui\">\n                <table data-ninja_table_instance=\"ninja_table_instance_0\" data-footable_id=\"27317\" data-filter-delay=\"1000\" aria-label=\"33.csv\"            id=\"footable_27317\"\n           data-unique_identifier=\"ninja_table_unique_id_167311157_27317\"\n           class=\"foo-table ninja_footable foo_table_27317 ninja_table_unique_id_167311157_27317 ui table  nt_type_legacy_table selectable striped vertical_centered  footable-paging-right ninja_table_search_disabled ninja_table_pro\">\n                <colgroup>\n                            <col class=\"ninja_column_0\">\n                            <col class=\"ninja_column_1\">\n                            <col class=\"ninja_column_2\">\n                            <col class=\"ninja_column_3\">\n                            <col class=\"ninja_column_4\">\n                            <col class=\"ninja_column_5\">\n                            <col class=\"ninja_column_6\">\n                            <col class=\"ninja_column_7\">\n                            <col class=\"ninja_column_8\">\n                            <col class=\"ninja_column_9\">\n                            <col class=\"ninja_column_10\">\n                            <col class=\"ninja_column_11\">\n                            <col class=\"ninja_column_12\">\n                    <\/colgroup>\n        <thead>\n<tr class=\"footable-header\">\n                                                                                                                                                                                                                        <th scope=\"col\"  class=\"ninja_column_0 ninja_clmn_nm_technicalparametersoftx51disctypeguiderollers\"> Par\u00e2metros t\u00e9cnicos dos rolos guia tipo disco TX50-100<\/th><th scope=\"col\"  class=\"ninja_column_1 ninja_clmn_nm_ninja_column_2\"><\/th><th scope=\"col\"  class=\"ninja_column_2 ninja_clmn_nm_ninja_column_3\"><\/th><th scope=\"col\"  class=\"ninja_column_3 ninja_clmn_nm_ninja_column_4\"><\/th><th scope=\"col\"  class=\"ninja_column_4 ninja_clmn_nm_ninja_column_5\"><\/th><th scope=\"col\"  class=\"ninja_column_5 ninja_clmn_nm_ninja_column_6\"><\/th><th scope=\"col\"  class=\"ninja_column_6 ninja_clmn_nm_ninja_column_7\"><\/th><th scope=\"col\"  class=\"ninja_column_7 ninja_clmn_nm_ninja_column_8\"><\/th><th scope=\"col\"  class=\"ninja_column_8 ninja_clmn_nm_ninja_column_9\"><\/th><th scope=\"col\"  class=\"ninja_column_9 ninja_clmn_nm_ninja_column_10\"><\/th><th scope=\"col\"  class=\"ninja_column_10 ninja_clmn_nm_ninja_column_11\"><\/th><th scope=\"col\"  class=\"ninja_column_11 ninja_clmn_nm_ninja_column_12\"><\/th><th scope=\"col\"  class=\"ninja_column_12 ninja_clmn_nm_ninja_column_13\"><\/th><\/tr>\n<\/thead>\n<tbody>\n\n        <tr data-row_id=\"765\" class=\"ninja_table_row_0 nt_row_id_765\">\n            <td><\/td><td>A<\/td><td>B<\/td><td>C<\/td><td>\u03c6 D<\/td><td>\u03c6 dmax<\/td><td>E<\/td><td>F<\/td><td>G<\/td><td>H<\/td><td>eu<\/td><td>M<\/td><td>N<\/td>        <\/tr>\n            <tr data-row_id=\"766\" class=\"ninja_table_row_1 nt_row_id_766\">\n            <td>      TX50<\/td><td>155<\/td><td>180<\/td><td>15<\/td><td>34<\/td><td>50<\/td><td>70<\/td><td>80<\/td><td>9<\/td><td>105<\/td><td>120<\/td><td>110<\/td><td>105<\/td>        <\/tr>\n            <tr data-row_id=\"767\" class=\"ninja_table_row_2 nt_row_id_767\">\n            <td>TX100<\/td><td>300<\/td><td>345<\/td><td>20<\/td><td>48<\/td><td>100<\/td><td>260<\/td><td>120<\/td><td>17<\/td><td>190<\/td><td>300<\/td><td>160<\/td><td>150<\/td>        <\/tr>\n            <tr data-row_id=\"768\" class=\"ninja_table_row_3 nt_row_id_768\">\n            <td><\/td><td><\/td><td><\/td><td><\/td><td><\/td><td><\/td><td><\/td><td><\/td><td><\/td><td><\/td><td><\/td><td><\/td><td><\/td>        <\/tr>\n    <\/tbody><!--ninja_tobody_rendering_done-->\n    <\/table>\n    \n    \n    \n<\/div>\n\n<figure id=\"attachment_27318\" aria-describedby=\"caption-attachment-27318\" style=\"width: 800px\" class=\"wp-caption alignnone\"><img decoding=\"async\" class=\"wp-image-27318 size-full\" src=\"https:\/\/rollingringdrives.com\/wp-content\/uploads\/2023\/06\/1-2.jpg\" alt=\"Desenhos de rolos de guia de fio tipo disco TX50-100\" width=\"800\" height=\"500\" srcset=\"https:\/\/rollingringdrives.com\/wp-content\/uploads\/2023\/06\/1-2.jpg 800w, https:\/\/rollingringdrives.com\/wp-content\/uploads\/2023\/06\/1-2-300x188.jpg 300w, https:\/\/rollingringdrives.com\/wp-content\/uploads\/2023\/06\/1-2-768x480.jpg 768w, https:\/\/rollingringdrives.com\/wp-content\/uploads\/2023\/06\/1-2-600x375.jpg 600w\" sizes=\"(max-width: 800px) 100vw, 800px\" \/><figcaption id=\"caption-attachment-27318\" class=\"wp-caption-text\">Desenhos TX50-100<\/figcaption><\/figure>\n<figure id=\"attachment_27319\" aria-describedby=\"caption-attachment-27319\" style=\"width: 800px\" class=\"wp-caption alignnone\"><img decoding=\"async\" class=\"wp-image-27319 size-full\" src=\"https:\/\/rollingringdrives.com\/wp-content\/uploads\/2023\/06\/2_1.jpg\" alt=\"Desenhos de rolos de guia de fio tipo disco TX50-100\" width=\"800\" height=\"500\" srcset=\"https:\/\/rollingringdrives.com\/wp-content\/uploads\/2023\/06\/2_1.jpg 800w, https:\/\/rollingringdrives.com\/wp-content\/uploads\/2023\/06\/2_1-300x188.jpg 300w, https:\/\/rollingringdrives.com\/wp-content\/uploads\/2023\/06\/2_1-768x480.jpg 768w, https:\/\/rollingringdrives.com\/wp-content\/uploads\/2023\/06\/2_1-600x375.jpg 600w\" sizes=\"(max-width: 800px) 100vw, 800px\" \/><figcaption id=\"caption-attachment-27319\" class=\"wp-caption-text\">Desenhos TX50-100<\/figcaption><\/figure>","protected":false},"excerpt":{"rendered":"<h2 id=\"features_2\" class=\"xsj_heading_hash xsj_heading xsj_heading_h2\" data-source-line=\"17\" data-source-line-display=\"true\"><span class=\"xsj_heading_content\">Caracter\u00edsticas:<\/span><\/h2>\n<p class=\"xsj_paragraph xsj_paragraph_level_0\" data-source-line=\"19\" data-source-line-display=\"true\">Uma das caracter\u00edsticas mais not\u00e1veis dos rolos guia de fio tipo disco \u00e9 seu design simples, mas eficaz. Esses rolos consistem em dois discos separados por uma folga. O fio ou cabo \u00e9 passado pelo orif\u00edcio e os discos giram para fornecer um fluxo suave e ininterrupto. Esse design facilita a substitui\u00e7\u00e3o dos rolos se estiverem gastos ou danificados, minimizando o tempo de inatividade.<\/p>\n<p class=\"xsj_paragraph xsj_paragraph_level_0\" data-source-line=\"21\" data-source-line-display=\"true\">Outra caracter\u00edstica essencial dos Rolos Guia de Arame Tipo Disco \u00e9 a sua versatilidade. Eles podem ser feitos de v\u00e1rios materiais, incluindo a\u00e7o inoxid\u00e1vel, pl\u00e1stico de alta densidade e cer\u00e2mica. Isso permite que as empresas escolham um material adequado para sua aplica\u00e7\u00e3o espec\u00edfica, quer precisem de um rolo resistente ao calor ou resistente a produtos qu\u00edmicos.<\/p>","protected":false},"featured_media":27313,"template":"","meta":{"site-sidebar-layout":"default","site-content-layout":"default","ast-global-header-display":"","ast-banner-title-visibility":"","ast-main-header-display":"","ast-hfb-above-header-display":"","ast-hfb-below-header-display":"","ast-hfb-mobile-header-display":"","site-post-title":"","ast-breadcrumbs-content":"","ast-featured-img":"","footer-sml-layout":"","theme-transparent-header-meta":"default","adv-header-id-meta":"","stick-header-meta":"","header-above-stick-meta":"","header-main-stick-meta":"","header-below-stick-meta":""},"product_brand":[],"product_cat":[78],"product_tag":[],"class_list":{"0":"post-27311","1":"product","2":"type-product","3":"status-publish","4":"has-post-thumbnail","6":"product_cat-wire-guide","7":"desktop-align-left","8":"tablet-align-left","9":"mobile-align-left","11":"first","12":"instock","13":"shipping-taxable","14":"product-type-simple"},"yoast_head":"<!-- This site is optimized with the Yoast SEO Premium plugin v20.12 (Yoast SEO v26.0) - https:\/\/yoast.com\/wordpress\/plugins\/seo\/ -->\n<title>TX50-100 Disk-Type Wire Guide Rollers - QiPang<\/title>\n<meta name=\"description\" content=\"Upgrade your industrial wire guidance with Disk-Type Wire Guide Rollers! Perfect for wire drawing machines, straighteners, and more.\" \/>\n<meta name=\"robots\" content=\"index, follow, max-snippet:-1, max-image-preview:large, max-video-preview:-1\" \/>\n<link rel=\"canonical\" href=\"https:\/\/rollingringdrives.com\/pt\/produtos\/tx50-100-tipo-disco-tipo-fio-rolos-guia\/\" \/>\n<meta property=\"og:locale\" content=\"pt_PT\" \/>\n<meta property=\"og:type\" content=\"article\" \/>\n<meta property=\"og:title\" content=\"TX50-100 Disk-Type Wire Guide Rollers\" \/>\n<meta property=\"og:description\" content=\"Upgrade your industrial wire guidance with Disk-Type Wire Guide Rollers! Perfect for wire drawing machines, straighteners, and more.\" \/>\n<meta property=\"og:url\" content=\"https:\/\/rollingringdrives.com\/pt\/produtos\/tx50-100-tipo-disco-tipo-fio-rolos-guia\/\" \/>\n<meta property=\"og:site_name\" content=\"QiPang\" \/>\n<meta property=\"article:modified_time\" content=\"2023-06-01T02:56:30+00:00\" \/>\n<meta property=\"og:image\" content=\"https:\/\/rollingringdrives.com\/wp-content\/uploads\/2023\/06\/2-2.jpg\" \/>\n\t<meta property=\"og:image:width\" content=\"600\" \/>\n\t<meta property=\"og:image:height\" content=\"600\" \/>\n\t<meta property=\"og:image:type\" content=\"image\/jpeg\" \/>\n<meta name=\"twitter:card\" content=\"summary_large_image\" \/>\n<meta name=\"twitter:label1\" content=\"Est. reading time\" \/>\n\t<meta name=\"twitter:data1\" content=\"2 minutos\" \/>\n<script type=\"application\/ld+json\" class=\"yoast-schema-graph\">{\"@context\":\"https:\/\/schema.org\",\"@graph\":[{\"@type\":\"WebPage\",\"@id\":\"https:\/\/rollingringdrives.com\/product\/tx50-100-disk-type-wire-guide-rollers\/\",\"url\":\"https:\/\/rollingringdrives.com\/product\/tx50-100-disk-type-wire-guide-rollers\/\",\"name\":\"TX50-100 Disk-Type Wire Guide Rollers - QiPang\",\"isPartOf\":{\"@id\":\"https:\/\/rollingringdrives.com\/#website\"},\"primaryImageOfPage\":{\"@id\":\"https:\/\/rollingringdrives.com\/product\/tx50-100-disk-type-wire-guide-rollers\/#primaryimage\"},\"image\":{\"@id\":\"https:\/\/rollingringdrives.com\/product\/tx50-100-disk-type-wire-guide-rollers\/#primaryimage\"},\"thumbnailUrl\":\"https:\/\/rollingringdrives.com\/wp-content\/uploads\/2023\/06\/2-2.jpg\",\"datePublished\":\"2023-06-01T02:56:28+00:00\",\"dateModified\":\"2023-06-01T02:56:30+00:00\",\"description\":\"Upgrade your industrial wire guidance with Disk-Type Wire Guide Rollers! Perfect for wire drawing machines, straighteners, and more.\",\"breadcrumb\":{\"@id\":\"https:\/\/rollingringdrives.com\/product\/tx50-100-disk-type-wire-guide-rollers\/#breadcrumb\"},\"inLanguage\":\"pt-PT\",\"potentialAction\":[{\"@type\":\"ReadAction\",\"target\":[\"https:\/\/rollingringdrives.com\/product\/tx50-100-disk-type-wire-guide-rollers\/\"]}]},{\"@type\":\"ImageObject\",\"inLanguage\":\"pt-PT\",\"@id\":\"https:\/\/rollingringdrives.com\/product\/tx50-100-disk-type-wire-guide-rollers\/#primaryimage\",\"url\":\"https:\/\/rollingringdrives.com\/wp-content\/uploads\/2023\/06\/2-2.jpg\",\"contentUrl\":\"https:\/\/rollingringdrives.com\/wp-content\/uploads\/2023\/06\/2-2.jpg\",\"width\":600,\"height\":600,\"caption\":\"TX50-100 Disk-Type Wire Guide Rollers\"},{\"@type\":\"BreadcrumbList\",\"@id\":\"https:\/\/rollingringdrives.com\/product\/tx50-100-disk-type-wire-guide-rollers\/#breadcrumb\",\"itemListElement\":[{\"@type\":\"ListItem\",\"position\":1,\"name\":\"Home\",\"item\":\"https:\/\/rollingringdrives.com\/\"},{\"@type\":\"ListItem\",\"position\":2,\"name\":\"Machines\",\"item\":\"https:\/\/rollingringdrives.com\/machines\/\"},{\"@type\":\"ListItem\",\"position\":3,\"name\":\"TX50-100 Disk-Type Wire Guide Rollers\"}]},{\"@type\":\"WebSite\",\"@id\":\"https:\/\/rollingringdrives.com\/#website\",\"url\":\"https:\/\/rollingringdrives.com\/\",\"name\":\"QiPang\",\"description\":\"QiPang Blog\",\"publisher\":{\"@id\":\"https:\/\/rollingringdrives.com\/#organization\"},\"potentialAction\":[{\"@type\":\"SearchAction\",\"target\":{\"@type\":\"EntryPoint\",\"urlTemplate\":\"https:\/\/rollingringdrives.com\/?s={search_term_string}\"},\"query-input\":{\"@type\":\"PropertyValueSpecification\",\"valueRequired\":true,\"valueName\":\"search_term_string\"}}],\"inLanguage\":\"pt-PT\"},{\"@type\":\"Organization\",\"@id\":\"https:\/\/rollingringdrives.com\/#organization\",\"name\":\"QiPang\",\"url\":\"https:\/\/rollingringdrives.com\/\",\"logo\":{\"@type\":\"ImageObject\",\"inLanguage\":\"pt-PT\",\"@id\":\"https:\/\/rollingringdrives.com\/#\/schema\/logo\/image\/\",\"url\":\"https:\/\/rollingringdrives.com\/wp-content\/uploads\/2023\/05\/cropped-\u672a\u547d\u540d\u7684\u8bbe\u8ba1.png\",\"contentUrl\":\"https:\/\/rollingringdrives.com\/wp-content\/uploads\/2023\/05\/cropped-\u672a\u547d\u540d\u7684\u8bbe\u8ba1.png\",\"width\":300,\"height\":191,\"caption\":\"QiPang\"},\"image\":{\"@id\":\"https:\/\/rollingringdrives.com\/#\/schema\/logo\/image\/\"}}]}<\/script>\n<!-- \/ Yoast SEO Premium plugin. -->","yoast_head_json":{"title":"Rolos guia de arame tipo disco TX50-100 - QiPang","description":"Atualize sua orienta\u00e7\u00e3o de fio industrial com rolos de guia de fio tipo disco! Perfeito para m\u00e1quinas de trefila\u00e7\u00e3o, alisadores e muito mais.","robots":{"index":"index","follow":"follow","max-snippet":"max-snippet:-1","max-image-preview":"max-image-preview:large","max-video-preview":"max-video-preview:-1"},"canonical":"https:\/\/rollingringdrives.com\/pt\/produtos\/tx50-100-tipo-disco-tipo-fio-rolos-guia\/","og_locale":"pt_PT","og_type":"article","og_title":"TX50-100 Disk-Type Wire Guide Rollers","og_description":"Upgrade your industrial wire guidance with Disk-Type Wire Guide Rollers! Perfect for wire drawing machines, straighteners, and more.","og_url":"https:\/\/rollingringdrives.com\/pt\/produtos\/tx50-100-tipo-disco-tipo-fio-rolos-guia\/","og_site_name":"QiPang","article_modified_time":"2023-06-01T02:56:30+00:00","og_image":[{"width":600,"height":600,"url":"https:\/\/rollingringdrives.com\/wp-content\/uploads\/2023\/06\/2-2.jpg","type":"image\/jpeg"}],"twitter_card":"summary_large_image","twitter_misc":{"Est. reading time":"2 minutos"},"schema":{"@context":"https:\/\/schema.org","@graph":[{"@type":"WebPage","@id":"https:\/\/rollingringdrives.com\/product\/tx50-100-disk-type-wire-guide-rollers\/","url":"https:\/\/rollingringdrives.com\/product\/tx50-100-disk-type-wire-guide-rollers\/","name":"Rolos guia de arame tipo disco TX50-100 - QiPang","isPartOf":{"@id":"https:\/\/rollingringdrives.com\/#website"},"primaryImageOfPage":{"@id":"https:\/\/rollingringdrives.com\/product\/tx50-100-disk-type-wire-guide-rollers\/#primaryimage"},"image":{"@id":"https:\/\/rollingringdrives.com\/product\/tx50-100-disk-type-wire-guide-rollers\/#primaryimage"},"thumbnailUrl":"https:\/\/rollingringdrives.com\/wp-content\/uploads\/2023\/06\/2-2.jpg","datePublished":"2023-06-01T02:56:28+00:00","dateModified":"2023-06-01T02:56:30+00:00","description":"Atualize sua orienta\u00e7\u00e3o de fio industrial com rolos de guia de fio tipo disco! Perfeito para m\u00e1quinas de trefila\u00e7\u00e3o, alisadores e muito mais.","breadcrumb":{"@id":"https:\/\/rollingringdrives.com\/product\/tx50-100-disk-type-wire-guide-rollers\/#breadcrumb"},"inLanguage":"pt-PT","potentialAction":[{"@type":"ReadAction","target":["https:\/\/rollingringdrives.com\/product\/tx50-100-disk-type-wire-guide-rollers\/"]}]},{"@type":"ImageObject","inLanguage":"pt-PT","@id":"https:\/\/rollingringdrives.com\/product\/tx50-100-disk-type-wire-guide-rollers\/#primaryimage","url":"https:\/\/rollingringdrives.com\/wp-content\/uploads\/2023\/06\/2-2.jpg","contentUrl":"https:\/\/rollingringdrives.com\/wp-content\/uploads\/2023\/06\/2-2.jpg","width":600,"height":600,"caption":"TX50-100 Disk-Type Wire Guide Rollers"},{"@type":"BreadcrumbList","@id":"https:\/\/rollingringdrives.com\/product\/tx50-100-disk-type-wire-guide-rollers\/#breadcrumb","itemListElement":[{"@type":"ListItem","position":1,"name":"Home","item":"https:\/\/rollingringdrives.com\/"},{"@type":"ListItem","position":2,"name":"Machines","item":"https:\/\/rollingringdrives.com\/machines\/"},{"@type":"ListItem","position":3,"name":"TX50-100 Disk-Type Wire Guide Rollers"}]},{"@type":"WebSite","@id":"https:\/\/rollingringdrives.com\/#website","url":"https:\/\/rollingringdrives.com\/","name":"QiPangName","description":"Blog QiPang","publisher":{"@id":"https:\/\/rollingringdrives.com\/#organization"},"potentialAction":[{"@type":"SearchAction","target":{"@type":"EntryPoint","urlTemplate":"https:\/\/rollingringdrives.com\/?s={search_term_string}"},"query-input":{"@type":"PropertyValueSpecification","valueRequired":true,"valueName":"search_term_string"}}],"inLanguage":"pt-PT"},{"@type":"Organization","@id":"https:\/\/rollingringdrives.com\/#organization","name":"QiPangName","url":"https:\/\/rollingringdrives.com\/","logo":{"@type":"ImageObject","inLanguage":"pt-PT","@id":"https:\/\/rollingringdrives.com\/#\/schema\/logo\/image\/","url":"https:\/\/rollingringdrives.com\/wp-content\/uploads\/2023\/05\/cropped-\u672a\u547d\u540d\u7684\u8bbe\u8ba1.png","contentUrl":"https:\/\/rollingringdrives.com\/wp-content\/uploads\/2023\/05\/cropped-\u672a\u547d\u540d\u7684\u8bbe\u8ba1.png","width":300,"height":191,"caption":"QiPang"},"image":{"@id":"https:\/\/rollingringdrives.com\/#\/schema\/logo\/image\/"}}]}},"_links":{"self":[{"href":"https:\/\/rollingringdrives.com\/pt\/wp-json\/wp\/v2\/product\/27311","targetHints":{"allow":["GET"]}}],"collection":[{"href":"https:\/\/rollingringdrives.com\/pt\/wp-json\/wp\/v2\/product"}],"about":[{"href":"https:\/\/rollingringdrives.com\/pt\/wp-json\/wp\/v2\/types\/product"}],"version-history":[{"count":0,"href":"https:\/\/rollingringdrives.com\/pt\/wp-json\/wp\/v2\/product\/27311\/revisions"}],"wp:featuredmedia":[{"embeddable":true,"href":"https:\/\/rollingringdrives.com\/pt\/wp-json\/wp\/v2\/media\/27313"}],"wp:attachment":[{"href":"https:\/\/rollingringdrives.com\/pt\/wp-json\/wp\/v2\/media?parent=27311"}],"wp:term":[{"taxonomy":"product_brand","embeddable":true,"href":"https:\/\/rollingringdrives.com\/pt\/wp-json\/wp\/v2\/product_brand?post=27311"},{"taxonomy":"product_cat","embeddable":true,"href":"https:\/\/rollingringdrives.com\/pt\/wp-json\/wp\/v2\/product_cat?post=27311"},{"taxonomy":"product_tag","embeddable":true,"href":"https:\/\/rollingringdrives.com\/pt\/wp-json\/wp\/v2\/product_tag?post=27311"}],"curies":[{"name":"wp","href":"https:\/\/api.w.org\/{rel}","templated":true}]}}