{"id":27338,"date":"2023-06-01T03:23:39","date_gmt":"2023-06-01T03:23:39","guid":{"rendered":"https:\/\/rollingringdrives.com\/?post_type=product&#038;p=27338"},"modified":"2023-06-01T03:27:43","modified_gmt":"2023-06-01T03:27:43","slug":"iron-base-wire-guide-rollers","status":"publish","type":"product","link":"https:\/\/rollingringdrives.com\/pt\/produtos\/rolos-guia-fio-base-ferro\/","title":{"rendered":"Rolos de guia de fio de base de ferro"},"content":{"rendered":"<p class=\"xsj_paragraph xsj_paragraph_level_0\" data-source-line=\"9\" data-source-line-display=\"true\"><strong>Rolos de guia de fio de base de ferro<\/strong> s\u00e3o um dispositivo essencial usado na ind\u00fastria de fios e cabos para guiar o fio e o cabo atrav\u00e9s do processo de produ\u00e7\u00e3o. Esses rolos s\u00e3o feitos de ferro, o que os torna resistentes e dur\u00e1veis.<\/p>\n<div class=\"xiaoshujiang_element xsj_anchor\"><a class=\"blank_anchor_name\" name=\"applications_1\"><\/a><a id=\"applications_1\" class=\"blank_anchor_id\"><\/a><a class=\"blank_anchor_name\" name=\"applications\"><\/a><a id=\"applications\" class=\"blank_anchor_id\"><\/a><\/div>\n<h2 id=\"applications_1\" class=\"xsj_heading_hash xsj_heading xsj_heading_h2\" data-source-line=\"11\" data-source-line-display=\"true\"><span class=\"xsj_heading_content\">Formul\u00e1rios<\/span><\/h2>\n<p class=\"xsj_paragraph xsj_paragraph_level_0\" data-source-line=\"13\" data-source-line-display=\"true\">As aplica\u00e7\u00f5es dos rolos guia de fio base de ferro s\u00e3o vastas e incluem guiar o fio e o cabo atrav\u00e9s de v\u00e1rios tipos de m\u00e1quinas, como m\u00e1quinas de trefila\u00e7\u00e3o, extrusoras de cabo e equipamentos de endireitamento. Al\u00e9m disso, eles tamb\u00e9m s\u00e3o \u00fateis para guiar o fio sobre ou sob outros materiais ou equipamentos para garantir o fluxo ininterrupto do fio.<\/p>","protected":false},"excerpt":{"rendered":"<h2 id=\"features_2\" class=\"xsj_heading_hash xsj_heading xsj_heading_h2\" data-source-line=\"15\" data-source-line-display=\"true\"><span class=\"xsj_heading_content\">Caracter\u00edsticas<\/span><\/h2>\n<ol class=\"markdown_ol\" data-source-line=\"17\">\n<li data-source-line=\"14\">Os rolos de guia de arame com base de ferro s\u00e3o altamente dur\u00e1veis e podem suportar altas temperaturas e press\u00e3o em ambientes industriais hostis.<\/li>\n<li data-source-line=\"15\">A superf\u00edcie \u00e9 lisa, permitindo que o fio passe sem danos.<\/li>\n<li data-source-line=\"16\">Design personaliz\u00e1vel para atender a requisitos espec\u00edficos, como tamanho do di\u00e2metro, \u00e2ngulo e n\u00famero de ranhuras.<\/li>\n<\/ol>","protected":false},"featured_media":27343,"template":"","meta":{"site-sidebar-layout":"default","site-content-layout":"default","ast-global-header-display":"","ast-banner-title-visibility":"","ast-main-header-display":"","ast-hfb-above-header-display":"","ast-hfb-below-header-display":"","ast-hfb-mobile-header-display":"","site-post-title":"","ast-breadcrumbs-content":"","ast-featured-img":"","footer-sml-layout":"","theme-transparent-header-meta":"default","adv-header-id-meta":"","stick-header-meta":"","header-above-stick-meta":"","header-main-stick-meta":"","header-below-stick-meta":""},"product_brand":[],"product_cat":[78],"product_tag":[],"class_list":{"0":"post-27338","1":"product","2":"type-product","3":"status-publish","4":"has-post-thumbnail","6":"product_cat-wire-guide","7":"desktop-align-left","8":"tablet-align-left","9":"mobile-align-left","11":"first","12":"instock","13":"shipping-taxable","14":"product-type-simple"},"yoast_head":"<!-- This site is optimized with the Yoast SEO Premium plugin v20.12 (Yoast SEO v26.0) - https:\/\/yoast.com\/wordpress\/plugins\/seo\/ -->\n<title>Iron Base Wire Guide Rollers - QiPang<\/title>\n<meta name=\"description\" content=\"Improve your wire and cable production process with Iron Base Wire Guide Rollers! Sturdy, durable and perfect for guiding wire and cable.\" \/>\n<meta name=\"robots\" content=\"index, follow, max-snippet:-1, max-image-preview:large, max-video-preview:-1\" \/>\n<link rel=\"canonical\" href=\"https:\/\/rollingringdrives.com\/pt\/produtos\/rolos-guia-fio-base-ferro\/\" \/>\n<meta property=\"og:locale\" content=\"pt_PT\" \/>\n<meta property=\"og:type\" content=\"article\" \/>\n<meta property=\"og:title\" content=\"Iron Base Wire Guide Rollers\" \/>\n<meta property=\"og:description\" content=\"Improve your wire and cable production process with Iron Base Wire Guide Rollers! Sturdy, durable and perfect for guiding wire and cable.\" \/>\n<meta property=\"og:url\" content=\"https:\/\/rollingringdrives.com\/pt\/produtos\/rolos-guia-fio-base-ferro\/\" \/>\n<meta property=\"og:site_name\" content=\"QiPang\" \/>\n<meta property=\"article:modified_time\" content=\"2023-06-01T03:27:43+00:00\" \/>\n<meta property=\"og:image\" content=\"https:\/\/rollingringdrives.com\/wp-content\/uploads\/2023\/06\/XD\u4e95\u67b6\u7eff\u8272-2.png\" \/>\n\t<meta property=\"og:image:width\" content=\"600\" \/>\n\t<meta property=\"og:image:height\" content=\"600\" \/>\n\t<meta property=\"og:image:type\" content=\"image\/png\" \/>\n<meta name=\"twitter:card\" content=\"summary_large_image\" \/>\n<meta name=\"twitter:label1\" content=\"Est. reading time\" \/>\n\t<meta name=\"twitter:data1\" content=\"1 minuto\" \/>\n<script type=\"application\/ld+json\" class=\"yoast-schema-graph\">{\"@context\":\"https:\/\/schema.org\",\"@graph\":[{\"@type\":\"WebPage\",\"@id\":\"https:\/\/rollingringdrives.com\/product\/iron-base-wire-guide-rollers\/\",\"url\":\"https:\/\/rollingringdrives.com\/product\/iron-base-wire-guide-rollers\/\",\"name\":\"Iron Base Wire Guide Rollers - QiPang\",\"isPartOf\":{\"@id\":\"https:\/\/rollingringdrives.com\/#website\"},\"primaryImageOfPage\":{\"@id\":\"https:\/\/rollingringdrives.com\/product\/iron-base-wire-guide-rollers\/#primaryimage\"},\"image\":{\"@id\":\"https:\/\/rollingringdrives.com\/product\/iron-base-wire-guide-rollers\/#primaryimage\"},\"thumbnailUrl\":\"https:\/\/rollingringdrives.com\/wp-content\/uploads\/2023\/06\/XD\u4e95\u67b6\u7eff\u8272-2.png\",\"datePublished\":\"2023-06-01T03:23:39+00:00\",\"dateModified\":\"2023-06-01T03:27:43+00:00\",\"description\":\"Improve your wire and cable production process with Iron Base Wire Guide Rollers! Sturdy, durable and perfect for guiding wire and cable.\",\"breadcrumb\":{\"@id\":\"https:\/\/rollingringdrives.com\/product\/iron-base-wire-guide-rollers\/#breadcrumb\"},\"inLanguage\":\"pt-PT\",\"potentialAction\":[{\"@type\":\"ReadAction\",\"target\":[\"https:\/\/rollingringdrives.com\/product\/iron-base-wire-guide-rollers\/\"]}]},{\"@type\":\"ImageObject\",\"inLanguage\":\"pt-PT\",\"@id\":\"https:\/\/rollingringdrives.com\/product\/iron-base-wire-guide-rollers\/#primaryimage\",\"url\":\"https:\/\/rollingringdrives.com\/wp-content\/uploads\/2023\/06\/XD\u4e95\u67b6\u7eff\u8272-2.png\",\"contentUrl\":\"https:\/\/rollingringdrives.com\/wp-content\/uploads\/2023\/06\/XD\u4e95\u67b6\u7eff\u8272-2.png\",\"width\":600,\"height\":600,\"caption\":\"Iron Base Wire Guide Rollers\"},{\"@type\":\"BreadcrumbList\",\"@id\":\"https:\/\/rollingringdrives.com\/product\/iron-base-wire-guide-rollers\/#breadcrumb\",\"itemListElement\":[{\"@type\":\"ListItem\",\"position\":1,\"name\":\"Home\",\"item\":\"https:\/\/rollingringdrives.com\/\"},{\"@type\":\"ListItem\",\"position\":2,\"name\":\"Machines\",\"item\":\"https:\/\/rollingringdrives.com\/machines\/\"},{\"@type\":\"ListItem\",\"position\":3,\"name\":\"Iron Base Wire Guide Rollers\"}]},{\"@type\":\"WebSite\",\"@id\":\"https:\/\/rollingringdrives.com\/#website\",\"url\":\"https:\/\/rollingringdrives.com\/\",\"name\":\"QiPang\",\"description\":\"QiPang Blog\",\"publisher\":{\"@id\":\"https:\/\/rollingringdrives.com\/#organization\"},\"potentialAction\":[{\"@type\":\"SearchAction\",\"target\":{\"@type\":\"EntryPoint\",\"urlTemplate\":\"https:\/\/rollingringdrives.com\/?s={search_term_string}\"},\"query-input\":{\"@type\":\"PropertyValueSpecification\",\"valueRequired\":true,\"valueName\":\"search_term_string\"}}],\"inLanguage\":\"pt-PT\"},{\"@type\":\"Organization\",\"@id\":\"https:\/\/rollingringdrives.com\/#organization\",\"name\":\"QiPang\",\"url\":\"https:\/\/rollingringdrives.com\/\",\"logo\":{\"@type\":\"ImageObject\",\"inLanguage\":\"pt-PT\",\"@id\":\"https:\/\/rollingringdrives.com\/#\/schema\/logo\/image\/\",\"url\":\"https:\/\/rollingringdrives.com\/wp-content\/uploads\/2023\/05\/cropped-\u672a\u547d\u540d\u7684\u8bbe\u8ba1.png\",\"contentUrl\":\"https:\/\/rollingringdrives.com\/wp-content\/uploads\/2023\/05\/cropped-\u672a\u547d\u540d\u7684\u8bbe\u8ba1.png\",\"width\":300,\"height\":191,\"caption\":\"QiPang\"},\"image\":{\"@id\":\"https:\/\/rollingringdrives.com\/#\/schema\/logo\/image\/\"}}]}<\/script>\n<!-- \/ Yoast SEO Premium plugin. -->","yoast_head_json":{"title":"Rolos de guia de arame com base de ferro - QiPang","description":"Melhore seu processo de produ\u00e7\u00e3o de fios e cabos com rolos guia de fio base de ferro! Resistente, dur\u00e1vel e perfeito para guiar fios e cabos.","robots":{"index":"index","follow":"follow","max-snippet":"max-snippet:-1","max-image-preview":"max-image-preview:large","max-video-preview":"max-video-preview:-1"},"canonical":"https:\/\/rollingringdrives.com\/pt\/produtos\/rolos-guia-fio-base-ferro\/","og_locale":"pt_PT","og_type":"article","og_title":"Iron Base Wire Guide Rollers","og_description":"Improve your wire and cable production process with Iron Base Wire Guide Rollers! Sturdy, durable and perfect for guiding wire and cable.","og_url":"https:\/\/rollingringdrives.com\/pt\/produtos\/rolos-guia-fio-base-ferro\/","og_site_name":"QiPang","article_modified_time":"2023-06-01T03:27:43+00:00","og_image":[{"width":600,"height":600,"url":"https:\/\/rollingringdrives.com\/wp-content\/uploads\/2023\/06\/XD\u4e95\u67b6\u7eff\u8272-2.png","type":"image\/png"}],"twitter_card":"summary_large_image","twitter_misc":{"Est. reading time":"1 minuto"},"schema":{"@context":"https:\/\/schema.org","@graph":[{"@type":"WebPage","@id":"https:\/\/rollingringdrives.com\/product\/iron-base-wire-guide-rollers\/","url":"https:\/\/rollingringdrives.com\/product\/iron-base-wire-guide-rollers\/","name":"Rolos de guia de arame com base de ferro - QiPang","isPartOf":{"@id":"https:\/\/rollingringdrives.com\/#website"},"primaryImageOfPage":{"@id":"https:\/\/rollingringdrives.com\/product\/iron-base-wire-guide-rollers\/#primaryimage"},"image":{"@id":"https:\/\/rollingringdrives.com\/product\/iron-base-wire-guide-rollers\/#primaryimage"},"thumbnailUrl":"https:\/\/rollingringdrives.com\/wp-content\/uploads\/2023\/06\/XD\u4e95\u67b6\u7eff\u8272-2.png","datePublished":"2023-06-01T03:23:39+00:00","dateModified":"2023-06-01T03:27:43+00:00","description":"Melhore seu processo de produ\u00e7\u00e3o de fios e cabos com rolos guia de fio base de ferro! Resistente, dur\u00e1vel e perfeito para guiar fios e cabos.","breadcrumb":{"@id":"https:\/\/rollingringdrives.com\/product\/iron-base-wire-guide-rollers\/#breadcrumb"},"inLanguage":"pt-PT","potentialAction":[{"@type":"ReadAction","target":["https:\/\/rollingringdrives.com\/product\/iron-base-wire-guide-rollers\/"]}]},{"@type":"ImageObject","inLanguage":"pt-PT","@id":"https:\/\/rollingringdrives.com\/product\/iron-base-wire-guide-rollers\/#primaryimage","url":"https:\/\/rollingringdrives.com\/wp-content\/uploads\/2023\/06\/XD\u4e95\u67b6\u7eff\u8272-2.png","contentUrl":"https:\/\/rollingringdrives.com\/wp-content\/uploads\/2023\/06\/XD\u4e95\u67b6\u7eff\u8272-2.png","width":600,"height":600,"caption":"Iron Base Wire Guide Rollers"},{"@type":"BreadcrumbList","@id":"https:\/\/rollingringdrives.com\/product\/iron-base-wire-guide-rollers\/#breadcrumb","itemListElement":[{"@type":"ListItem","position":1,"name":"Home","item":"https:\/\/rollingringdrives.com\/"},{"@type":"ListItem","position":2,"name":"Machines","item":"https:\/\/rollingringdrives.com\/machines\/"},{"@type":"ListItem","position":3,"name":"Iron Base Wire Guide Rollers"}]},{"@type":"WebSite","@id":"https:\/\/rollingringdrives.com\/#website","url":"https:\/\/rollingringdrives.com\/","name":"QiPangName","description":"Blog QiPang","publisher":{"@id":"https:\/\/rollingringdrives.com\/#organization"},"potentialAction":[{"@type":"SearchAction","target":{"@type":"EntryPoint","urlTemplate":"https:\/\/rollingringdrives.com\/?s={search_term_string}"},"query-input":{"@type":"PropertyValueSpecification","valueRequired":true,"valueName":"search_term_string"}}],"inLanguage":"pt-PT"},{"@type":"Organization","@id":"https:\/\/rollingringdrives.com\/#organization","name":"QiPangName","url":"https:\/\/rollingringdrives.com\/","logo":{"@type":"ImageObject","inLanguage":"pt-PT","@id":"https:\/\/rollingringdrives.com\/#\/schema\/logo\/image\/","url":"https:\/\/rollingringdrives.com\/wp-content\/uploads\/2023\/05\/cropped-\u672a\u547d\u540d\u7684\u8bbe\u8ba1.png","contentUrl":"https:\/\/rollingringdrives.com\/wp-content\/uploads\/2023\/05\/cropped-\u672a\u547d\u540d\u7684\u8bbe\u8ba1.png","width":300,"height":191,"caption":"QiPang"},"image":{"@id":"https:\/\/rollingringdrives.com\/#\/schema\/logo\/image\/"}}]}},"_links":{"self":[{"href":"https:\/\/rollingringdrives.com\/pt\/wp-json\/wp\/v2\/product\/27338","targetHints":{"allow":["GET"]}}],"collection":[{"href":"https:\/\/rollingringdrives.com\/pt\/wp-json\/wp\/v2\/product"}],"about":[{"href":"https:\/\/rollingringdrives.com\/pt\/wp-json\/wp\/v2\/types\/product"}],"version-history":[{"count":0,"href":"https:\/\/rollingringdrives.com\/pt\/wp-json\/wp\/v2\/product\/27338\/revisions"}],"wp:featuredmedia":[{"embeddable":true,"href":"https:\/\/rollingringdrives.com\/pt\/wp-json\/wp\/v2\/media\/27343"}],"wp:attachment":[{"href":"https:\/\/rollingringdrives.com\/pt\/wp-json\/wp\/v2\/media?parent=27338"}],"wp:term":[{"taxonomy":"product_brand","embeddable":true,"href":"https:\/\/rollingringdrives.com\/pt\/wp-json\/wp\/v2\/product_brand?post=27338"},{"taxonomy":"product_cat","embeddable":true,"href":"https:\/\/rollingringdrives.com\/pt\/wp-json\/wp\/v2\/product_cat?post=27338"},{"taxonomy":"product_tag","embeddable":true,"href":"https:\/\/rollingringdrives.com\/pt\/wp-json\/wp\/v2\/product_tag?post=27338"}],"curies":[{"name":"wp","href":"https:\/\/api.w.org\/{rel}","templated":true}]}}