{"id":27346,"date":"2023-06-01T03:34:24","date_gmt":"2023-06-01T03:34:24","guid":{"rendered":"https:\/\/rollingringdrives.com\/?post_type=product&#038;p=27346"},"modified":"2025-07-13T04:50:45","modified_gmt":"2025-07-13T04:50:45","slug":"tx25-110-guide-rollers-with-sloping-adjustable-rollers","status":"publish","type":"product","link":"https:\/\/rollingringdrives.com\/pt\/produtos\/tx25-110-rolos-guia-com-rolos-inclinacao-ajustaveis\/","title":{"rendered":"Rolos guia TX25-110 com rolos ajust\u00e1veis inclinados"},"content":{"rendered":"<p class=\"xsj_paragraph xsj_paragraph_level_0\" data-source-line=\"9\" data-source-line-display=\"true\">O Rolo Guia com Ajuste Rotativo \u00e9 amplamente utilizado na ind\u00fastria de fios e cabos como guia para facilitar a movimenta\u00e7\u00e3o eficiente de fios ou cabos ao longo do processo de produ\u00e7\u00e3o. Os rolos s\u00e3o projetados para garantir que o fio ou cabo n\u00e3o saia do trilho ou fique emaranhado, mantendo assim a integridade da linha de produ\u00e7\u00e3o e maximizando a produtividade.<\/p>\n<div class=\"xiaoshujiang_element xsj_anchor\"><a class=\"blank_anchor_name\" name=\"applications_1\"><\/a><a id=\"applications_1\" class=\"blank_anchor_id\"><\/a><a class=\"blank_anchor_name\" name=\"applications\"><\/a><a id=\"applications\" class=\"blank_anchor_id\"><\/a><\/div>\n<h2 id=\"applications_1\" class=\"xsj_heading_hash xsj_heading xsj_heading_h2\" data-source-line=\"11\" data-source-line-display=\"true\"><span class=\"xsj_heading_content\">Formul\u00e1rios<\/span><\/h2>\n<p class=\"xsj_paragraph xsj_paragraph_level_0\" data-source-line=\"13\" data-source-line-display=\"true\">Os rolos-guia TX25-110 com rolos de inclina\u00e7\u00e3o ajust\u00e1vel s\u00e3o comumente usados em m\u00e1quinas de trefila\u00e7\u00e3o, endireitadores e equipamentos over-the-line. S\u00e3o essenciais na ind\u00fastria de fios e cabos, onde fios ou cabos de diferentes di\u00e2metros devem ser trefilados, endireitados e transportados por outras m\u00e1quinas. Os rolos s\u00e3o montados nos dispositivos, e seu design inclinado e rolos ajust\u00e1veis permitem f\u00e1cil movimenta\u00e7\u00e3o de fios ou cabos em diferentes dire\u00e7\u00f5es.<\/p>\n<div id=\"footable_parent_27352\"\n         class=\"footable_parent ninja_table_wrapper loading_ninja_table wp_table_data_press_parent semantic_ui\">\n                <table data-ninja_table_instance=\"ninja_table_instance_0\" data-footable_id=\"27352\" data-filter-delay=\"1000\" aria-label=\"33333foto_20230601112942.csv\"            id=\"footable_27352\"\n           data-unique_identifier=\"ninja_table_unique_id_1807593024_27352\"\n           class=\"foo-table ninja_footable foo_table_27352 ninja_table_unique_id_1807593024_27352 ui table  nt_type_legacy_table selectable striped vertical_centered  footable-paging-right ninja_table_search_disabled ninja_table_pro\">\n                <colgroup>\n                            <col class=\"ninja_column_0\">\n                            <col class=\"ninja_column_1\">\n                            <col class=\"ninja_column_2\">\n                            <col class=\"ninja_column_3\">\n                            <col class=\"ninja_column_4\">\n                            <col class=\"ninja_column_5\">\n                            <col class=\"ninja_column_6\">\n                            <col class=\"ninja_column_7\">\n                            <col class=\"ninja_column_8\">\n                            <col class=\"ninja_column_9\">\n                            <col class=\"ninja_column_10\">\n                            <col class=\"ninja_column_11\">\n                            <col class=\"ninja_column_12\">\n                            <col class=\"ninja_column_13\">\n                    <\/colgroup>\n        <thead>\n<tr class=\"footable-header\">\n                                                                                                                                                                                                                                        <th scope=\"col\"  class=\"ninja_column_0 ninja_clmn_nm_parametertable\"> Tabela de par\u00e2metros<\/th><th scope=\"col\"  class=\"ninja_column_1 ninja_clmn_nm_ninja_column_2\"><\/th><th scope=\"col\"  class=\"ninja_column_2 ninja_clmn_nm_ninja_column_3\"><\/th><th scope=\"col\"  class=\"ninja_column_3 ninja_clmn_nm_ninja_column_4\"><\/th><th scope=\"col\"  class=\"ninja_column_4 ninja_clmn_nm_ninja_column_5\"><\/th><th scope=\"col\"  class=\"ninja_column_5 ninja_clmn_nm_ninja_column_6\"><\/th><th scope=\"col\"  class=\"ninja_column_6 ninja_clmn_nm_ninja_column_7\"><\/th><th scope=\"col\"  class=\"ninja_column_7 ninja_clmn_nm_ninja_column_8\"><\/th><th scope=\"col\"  class=\"ninja_column_8 ninja_clmn_nm_ninja_column_9\"><\/th><th scope=\"col\"  class=\"ninja_column_9 ninja_clmn_nm_ninja_column_10\"><\/th><th scope=\"col\"  class=\"ninja_column_10 ninja_clmn_nm_ninja_column_11\"><\/th><th scope=\"col\"  class=\"ninja_column_11 ninja_clmn_nm_ninja_column_12\"><\/th><th scope=\"col\"  class=\"ninja_column_12 ninja_clmn_nm_ninja_column_13\"><\/th><th scope=\"col\"  class=\"ninja_column_13 ninja_clmn_nm_ninja_column_14\"><\/th><\/tr>\n<\/thead>\n<tbody>\n\n        <tr data-row_id=\"788\" class=\"ninja_table_row_0 nt_row_id_788\">\n            <td>Par\u00e2metro\/Modelo<\/td><td>\u03c6Min<\/td><td>\u03c6Max<\/td><td>A<\/td><td>B<\/td><td>C<\/td><td>\u03c6D<\/td><td>E<\/td><td>F<\/td><td>\u03c6G<\/td><td>H<\/td><td>h<\/td><td>\u03c6K<\/td><td>eu<\/td>        <\/tr>\n            <tr data-row_id=\"789\" class=\"ninja_table_row_1 nt_row_id_789\">\n            <td>TX25<\/td><td>1<\/td><td>25<\/td><td>50<\/td><td>35<\/td><td>80<\/td><td>27<\/td><td>130<\/td><td>150<\/td><td>40<\/td><td>75<\/td><td>65<\/td><td>5.5<\/td><td>35<\/td>        <\/tr>\n            <tr data-row_id=\"790\" class=\"ninja_table_row_2 nt_row_id_790\">\n            <td>TX60<\/td><td>5<\/td><td>60<\/td><td>85<\/td><td>60<\/td><td>160<\/td><td>41<\/td><td>240<\/td><td>270<\/td><td>100<\/td><td>130<\/td><td>120<\/td><td>8.5<\/td><td>60<\/td>        <\/tr>\n            <tr data-row_id=\"791\" class=\"ninja_table_row_3 nt_row_id_791\">\n            <td>TX1 10<\/td><td>30<\/td><td>110<\/td><td>100<\/td><td>70<\/td><td>260<\/td><td>60<\/td><td>350<\/td><td>380<\/td><td>100<\/td><td>190<\/td><td>175<\/td><td>11<\/td><td>120<\/td>        <\/tr>\n    <\/tbody><!--ninja_tobody_rendering_done-->\n    <\/table>\n    \n    \n    \n<\/div>\n\n<h3>Forma do dispositivo e dimens\u00f5es de instala\u00e7\u00e3o<\/h3>\n<figure id=\"attachment_27615\" aria-describedby=\"caption-attachment-27615\" style=\"width: 1900px\" class=\"wp-caption alignnone\"><img fetchpriority=\"high\" decoding=\"async\" class=\"wp-image-27615 size-full\" src=\"https:\/\/rollingringdrives.com\/wp-content\/uploads\/2023\/06\/Device-shape-and-installation-dimensions.jpg\" alt=\"Forma do dispositivo e dimens\u00f5es de instala\u00e7\u00e3o\" width=\"1900\" height=\"1200\" srcset=\"https:\/\/rollingringdrives.com\/wp-content\/uploads\/2023\/06\/Device-shape-and-installation-dimensions.jpg 1900w, https:\/\/rollingringdrives.com\/wp-content\/uploads\/2023\/06\/Device-shape-and-installation-dimensions-300x189.jpg 300w, https:\/\/rollingringdrives.com\/wp-content\/uploads\/2023\/06\/Device-shape-and-installation-dimensions-1024x647.jpg 1024w, https:\/\/rollingringdrives.com\/wp-content\/uploads\/2023\/06\/Device-shape-and-installation-dimensions-768x485.jpg 768w, https:\/\/rollingringdrives.com\/wp-content\/uploads\/2023\/06\/Device-shape-and-installation-dimensions-1536x970.jpg 1536w, https:\/\/rollingringdrives.com\/wp-content\/uploads\/2023\/06\/Device-shape-and-installation-dimensions-600x379.jpg 600w\" sizes=\"(max-width: 1900px) 100vw, 1900px\" \/><figcaption id=\"caption-attachment-27615\" class=\"wp-caption-text\">Forma do dispositivo e dimens\u00f5es de instala\u00e7\u00e3o<\/figcaption><\/figure>","protected":false},"excerpt":{"rendered":"<p class=\"xsj_paragraph xsj_paragraph_level_0\" data-source-line=\"27\" data-source-line-display=\"true\">Os rolos de guia TX25-110 com rolos de inclina\u00e7\u00e3o ajust\u00e1vel s\u00e3o amplamente utilizados na ind\u00fastria de fios e cabos como um guia de fio para facilitar o movimento eficiente de fio ou cabo atrav\u00e9s do processo de produ\u00e7\u00e3o.<\/p>\n<div class=\"xiaoshujiang_element xsj_anchor\"><a class=\"blank_anchor_name\" name=\"features_3\"><\/a><a id=\"features_3\" class=\"blank_anchor_id\"><\/a><a class=\"blank_anchor_name\" name=\"features\"><\/a><a id=\"features\" class=\"blank_anchor_id\"><\/a><\/div>\n<h2 id=\"features_3\" class=\"xsj_heading_hash xsj_heading xsj_heading_h2\" data-source-line=\"28\" data-source-line-display=\"true\"><span class=\"xsj_heading_content\">Caracter\u00edsticas<\/span><\/h2>\n<ol class=\"markdown_ol\" data-source-line=\"30\">\n<li data-source-line=\"30\">\n<p class=\"xsj_paragraph xsj_paragraph_level_2\">Design inclinado: O design inclinado dos rolos permite que o fio ou cabo seja guiado de forma r\u00e1pida e suave atrav\u00e9s do processo de produ\u00e7\u00e3o.<\/p>\n<\/li>\n<li data-source-line=\"32\">\n<p class=\"xsj_paragraph xsj_paragraph_level_2\">Roletes ajust\u00e1veis: Os roletes ajust\u00e1veis permitem que os usu\u00e1rios personalizem os roletes de acordo com o di\u00e2metro do fio ou cabo.<\/p>\n<\/li>\n<li data-source-line=\"34\">\n<p class=\"xsj_paragraph xsj_paragraph_level_2\">Constru\u00e7\u00e3o robusta: Os rolos s\u00e3o feitos de materiais de alta qualidade, tornando-os dur\u00e1veis e adequados para uso em ambientes exigentes.<\/p>\n<\/li>\n<li data-source-line=\"36\">\n<p class=\"xsj_paragraph xsj_paragraph_level_2\">F\u00e1cil de instalar: Os rolos guia TX25-110 com rolos inclinados ajust\u00e1veis s\u00e3o f\u00e1ceis de instalar.<\/p>\n<\/li>\n<\/ol>","protected":false},"featured_media":27351,"template":"","meta":{"site-sidebar-layout":"default","site-content-layout":"default","ast-global-header-display":"","ast-banner-title-visibility":"","ast-main-header-display":"","ast-hfb-above-header-display":"","ast-hfb-below-header-display":"","ast-hfb-mobile-header-display":"","site-post-title":"","ast-breadcrumbs-content":"","ast-featured-img":"","footer-sml-layout":"","theme-transparent-header-meta":"default","adv-header-id-meta":"","stick-header-meta":"","header-above-stick-meta":"","header-main-stick-meta":"","header-below-stick-meta":""},"product_brand":[],"product_cat":[78],"product_tag":[],"class_list":{"0":"post-27346","1":"product","2":"type-product","3":"status-publish","4":"has-post-thumbnail","6":"product_cat-wire-guide","7":"desktop-align-left","8":"tablet-align-left","9":"mobile-align-left","11":"first","12":"instock","13":"shipping-taxable","14":"product-type-simple"},"yoast_head":"<!-- This site is optimized with the Yoast SEO Premium plugin v20.12 (Yoast SEO v26.0) - https:\/\/yoast.com\/wordpress\/plugins\/seo\/ -->\n<title>TX25-110 Guide Rollers With Sloping Adjustable Rollers - QiPang<\/title>\n<meta name=\"description\" content=\"Upgrade your wire and cable production process with TX25-110 Guide Rollers! Perfect for efficient movement and preventing wire or cable tangling.\" \/>\n<meta name=\"robots\" content=\"index, follow, max-snippet:-1, max-image-preview:large, max-video-preview:-1\" \/>\n<link rel=\"canonical\" href=\"https:\/\/rollingringdrives.com\/pt\/produtos\/tx25-110-rolos-guia-com-rolos-inclinacao-ajustaveis\/\" \/>\n<meta property=\"og:locale\" content=\"pt_PT\" \/>\n<meta property=\"og:type\" content=\"article\" \/>\n<meta property=\"og:title\" content=\"TX25-110 Guide Rollers With Sloping Adjustable Rollers\" \/>\n<meta property=\"og:description\" content=\"Upgrade your wire and cable production process with TX25-110 Guide Rollers! Perfect for efficient movement and preventing wire or cable tangling.\" \/>\n<meta property=\"og:url\" content=\"https:\/\/rollingringdrives.com\/pt\/produtos\/tx25-110-rolos-guia-com-rolos-inclinacao-ajustaveis\/\" \/>\n<meta property=\"og:site_name\" content=\"QiPang\" \/>\n<meta property=\"article:modified_time\" content=\"2025-07-13T04:50:45+00:00\" \/>\n<meta property=\"og:image\" content=\"https:\/\/rollingringdrives.com\/wp-content\/uploads\/2023\/06\/\u659c\u68cd2-3.jpg\" \/>\n\t<meta property=\"og:image:width\" content=\"600\" \/>\n\t<meta property=\"og:image:height\" content=\"600\" \/>\n\t<meta property=\"og:image:type\" content=\"image\/jpeg\" \/>\n<meta name=\"twitter:card\" content=\"summary_large_image\" \/>\n<meta name=\"twitter:label1\" content=\"Est. reading time\" \/>\n\t<meta name=\"twitter:data1\" content=\"2 minutos\" \/>\n<script type=\"application\/ld+json\" class=\"yoast-schema-graph\">{\"@context\":\"https:\/\/schema.org\",\"@graph\":[{\"@type\":\"WebPage\",\"@id\":\"https:\/\/rollingringdrives.com\/product\/tx25-110-guide-rollers-with-sloping-adjustable-rollers\/\",\"url\":\"https:\/\/rollingringdrives.com\/product\/tx25-110-guide-rollers-with-sloping-adjustable-rollers\/\",\"name\":\"TX25-110 Guide Rollers With Sloping Adjustable Rollers - QiPang\",\"isPartOf\":{\"@id\":\"https:\/\/rollingringdrives.com\/#website\"},\"primaryImageOfPage\":{\"@id\":\"https:\/\/rollingringdrives.com\/product\/tx25-110-guide-rollers-with-sloping-adjustable-rollers\/#primaryimage\"},\"image\":{\"@id\":\"https:\/\/rollingringdrives.com\/product\/tx25-110-guide-rollers-with-sloping-adjustable-rollers\/#primaryimage\"},\"thumbnailUrl\":\"https:\/\/rollingringdrives.com\/wp-content\/uploads\/2023\/06\/\u659c\u68cd2-3.jpg\",\"datePublished\":\"2023-06-01T03:34:24+00:00\",\"dateModified\":\"2025-07-13T04:50:45+00:00\",\"description\":\"Upgrade your wire and cable production process with TX25-110 Guide Rollers! Perfect for efficient movement and preventing wire or cable tangling.\",\"breadcrumb\":{\"@id\":\"https:\/\/rollingringdrives.com\/product\/tx25-110-guide-rollers-with-sloping-adjustable-rollers\/#breadcrumb\"},\"inLanguage\":\"pt-PT\",\"potentialAction\":[{\"@type\":\"ReadAction\",\"target\":[\"https:\/\/rollingringdrives.com\/product\/tx25-110-guide-rollers-with-sloping-adjustable-rollers\/\"]}]},{\"@type\":\"ImageObject\",\"inLanguage\":\"pt-PT\",\"@id\":\"https:\/\/rollingringdrives.com\/product\/tx25-110-guide-rollers-with-sloping-adjustable-rollers\/#primaryimage\",\"url\":\"https:\/\/rollingringdrives.com\/wp-content\/uploads\/2023\/06\/\u659c\u68cd2-3.jpg\",\"contentUrl\":\"https:\/\/rollingringdrives.com\/wp-content\/uploads\/2023\/06\/\u659c\u68cd2-3.jpg\",\"width\":600,\"height\":600,\"caption\":\"TX25-110 Guide Rollers With Sloping Adjustable Rollers\"},{\"@type\":\"BreadcrumbList\",\"@id\":\"https:\/\/rollingringdrives.com\/product\/tx25-110-guide-rollers-with-sloping-adjustable-rollers\/#breadcrumb\",\"itemListElement\":[{\"@type\":\"ListItem\",\"position\":1,\"name\":\"Home\",\"item\":\"https:\/\/rollingringdrives.com\/\"},{\"@type\":\"ListItem\",\"position\":2,\"name\":\"Machines\",\"item\":\"https:\/\/rollingringdrives.com\/machines\/\"},{\"@type\":\"ListItem\",\"position\":3,\"name\":\"TX25-110 Guide Rollers With Sloping Adjustable Rollers\"}]},{\"@type\":\"WebSite\",\"@id\":\"https:\/\/rollingringdrives.com\/#website\",\"url\":\"https:\/\/rollingringdrives.com\/\",\"name\":\"QiPang\",\"description\":\"QiPang Blog\",\"publisher\":{\"@id\":\"https:\/\/rollingringdrives.com\/#organization\"},\"potentialAction\":[{\"@type\":\"SearchAction\",\"target\":{\"@type\":\"EntryPoint\",\"urlTemplate\":\"https:\/\/rollingringdrives.com\/?s={search_term_string}\"},\"query-input\":{\"@type\":\"PropertyValueSpecification\",\"valueRequired\":true,\"valueName\":\"search_term_string\"}}],\"inLanguage\":\"pt-PT\"},{\"@type\":\"Organization\",\"@id\":\"https:\/\/rollingringdrives.com\/#organization\",\"name\":\"QiPang\",\"url\":\"https:\/\/rollingringdrives.com\/\",\"logo\":{\"@type\":\"ImageObject\",\"inLanguage\":\"pt-PT\",\"@id\":\"https:\/\/rollingringdrives.com\/#\/schema\/logo\/image\/\",\"url\":\"https:\/\/rollingringdrives.com\/wp-content\/uploads\/2023\/05\/cropped-\u672a\u547d\u540d\u7684\u8bbe\u8ba1.png\",\"contentUrl\":\"https:\/\/rollingringdrives.com\/wp-content\/uploads\/2023\/05\/cropped-\u672a\u547d\u540d\u7684\u8bbe\u8ba1.png\",\"width\":300,\"height\":191,\"caption\":\"QiPang\"},\"image\":{\"@id\":\"https:\/\/rollingringdrives.com\/#\/schema\/logo\/image\/\"}}]}<\/script>\n<!-- \/ Yoast SEO Premium plugin. -->","yoast_head_json":{"title":"Rolos guia TX25-110 com rolos ajust\u00e1veis inclinados - QiPang","description":"Atualize seu processo de produ\u00e7\u00e3o de fios e cabos com os rolos guia TX25-110! Perfeito para um movimento eficiente e evitando o emaranhamento de fios ou cabos.","robots":{"index":"index","follow":"follow","max-snippet":"max-snippet:-1","max-image-preview":"max-image-preview:large","max-video-preview":"max-video-preview:-1"},"canonical":"https:\/\/rollingringdrives.com\/pt\/produtos\/tx25-110-rolos-guia-com-rolos-inclinacao-ajustaveis\/","og_locale":"pt_PT","og_type":"article","og_title":"TX25-110 Guide Rollers With Sloping Adjustable Rollers","og_description":"Upgrade your wire and cable production process with TX25-110 Guide Rollers! Perfect for efficient movement and preventing wire or cable tangling.","og_url":"https:\/\/rollingringdrives.com\/pt\/produtos\/tx25-110-rolos-guia-com-rolos-inclinacao-ajustaveis\/","og_site_name":"QiPang","article_modified_time":"2025-07-13T04:50:45+00:00","og_image":[{"width":600,"height":600,"url":"https:\/\/rollingringdrives.com\/wp-content\/uploads\/2023\/06\/\u659c\u68cd2-3.jpg","type":"image\/jpeg"}],"twitter_card":"summary_large_image","twitter_misc":{"Est. reading time":"2 minutos"},"schema":{"@context":"https:\/\/schema.org","@graph":[{"@type":"WebPage","@id":"https:\/\/rollingringdrives.com\/product\/tx25-110-guide-rollers-with-sloping-adjustable-rollers\/","url":"https:\/\/rollingringdrives.com\/product\/tx25-110-guide-rollers-with-sloping-adjustable-rollers\/","name":"Rolos guia TX25-110 com rolos ajust\u00e1veis inclinados - QiPang","isPartOf":{"@id":"https:\/\/rollingringdrives.com\/#website"},"primaryImageOfPage":{"@id":"https:\/\/rollingringdrives.com\/product\/tx25-110-guide-rollers-with-sloping-adjustable-rollers\/#primaryimage"},"image":{"@id":"https:\/\/rollingringdrives.com\/product\/tx25-110-guide-rollers-with-sloping-adjustable-rollers\/#primaryimage"},"thumbnailUrl":"https:\/\/rollingringdrives.com\/wp-content\/uploads\/2023\/06\/\u659c\u68cd2-3.jpg","datePublished":"2023-06-01T03:34:24+00:00","dateModified":"2025-07-13T04:50:45+00:00","description":"Atualize seu processo de produ\u00e7\u00e3o de fios e cabos com os rolos guia TX25-110! Perfeito para um movimento eficiente e evitando o emaranhamento de fios ou cabos.","breadcrumb":{"@id":"https:\/\/rollingringdrives.com\/product\/tx25-110-guide-rollers-with-sloping-adjustable-rollers\/#breadcrumb"},"inLanguage":"pt-PT","potentialAction":[{"@type":"ReadAction","target":["https:\/\/rollingringdrives.com\/product\/tx25-110-guide-rollers-with-sloping-adjustable-rollers\/"]}]},{"@type":"ImageObject","inLanguage":"pt-PT","@id":"https:\/\/rollingringdrives.com\/product\/tx25-110-guide-rollers-with-sloping-adjustable-rollers\/#primaryimage","url":"https:\/\/rollingringdrives.com\/wp-content\/uploads\/2023\/06\/\u659c\u68cd2-3.jpg","contentUrl":"https:\/\/rollingringdrives.com\/wp-content\/uploads\/2023\/06\/\u659c\u68cd2-3.jpg","width":600,"height":600,"caption":"TX25-110 Guide Rollers With Sloping Adjustable Rollers"},{"@type":"BreadcrumbList","@id":"https:\/\/rollingringdrives.com\/product\/tx25-110-guide-rollers-with-sloping-adjustable-rollers\/#breadcrumb","itemListElement":[{"@type":"ListItem","position":1,"name":"Home","item":"https:\/\/rollingringdrives.com\/"},{"@type":"ListItem","position":2,"name":"Machines","item":"https:\/\/rollingringdrives.com\/machines\/"},{"@type":"ListItem","position":3,"name":"TX25-110 Guide Rollers With Sloping Adjustable Rollers"}]},{"@type":"WebSite","@id":"https:\/\/rollingringdrives.com\/#website","url":"https:\/\/rollingringdrives.com\/","name":"QiPangName","description":"Blog QiPang","publisher":{"@id":"https:\/\/rollingringdrives.com\/#organization"},"potentialAction":[{"@type":"SearchAction","target":{"@type":"EntryPoint","urlTemplate":"https:\/\/rollingringdrives.com\/?s={search_term_string}"},"query-input":{"@type":"PropertyValueSpecification","valueRequired":true,"valueName":"search_term_string"}}],"inLanguage":"pt-PT"},{"@type":"Organization","@id":"https:\/\/rollingringdrives.com\/#organization","name":"QiPangName","url":"https:\/\/rollingringdrives.com\/","logo":{"@type":"ImageObject","inLanguage":"pt-PT","@id":"https:\/\/rollingringdrives.com\/#\/schema\/logo\/image\/","url":"https:\/\/rollingringdrives.com\/wp-content\/uploads\/2023\/05\/cropped-\u672a\u547d\u540d\u7684\u8bbe\u8ba1.png","contentUrl":"https:\/\/rollingringdrives.com\/wp-content\/uploads\/2023\/05\/cropped-\u672a\u547d\u540d\u7684\u8bbe\u8ba1.png","width":300,"height":191,"caption":"QiPang"},"image":{"@id":"https:\/\/rollingringdrives.com\/#\/schema\/logo\/image\/"}}]}},"_links":{"self":[{"href":"https:\/\/rollingringdrives.com\/pt\/wp-json\/wp\/v2\/product\/27346","targetHints":{"allow":["GET"]}}],"collection":[{"href":"https:\/\/rollingringdrives.com\/pt\/wp-json\/wp\/v2\/product"}],"about":[{"href":"https:\/\/rollingringdrives.com\/pt\/wp-json\/wp\/v2\/types\/product"}],"version-history":[{"count":0,"href":"https:\/\/rollingringdrives.com\/pt\/wp-json\/wp\/v2\/product\/27346\/revisions"}],"wp:featuredmedia":[{"embeddable":true,"href":"https:\/\/rollingringdrives.com\/pt\/wp-json\/wp\/v2\/media\/27351"}],"wp:attachment":[{"href":"https:\/\/rollingringdrives.com\/pt\/wp-json\/wp\/v2\/media?parent=27346"}],"wp:term":[{"taxonomy":"product_brand","embeddable":true,"href":"https:\/\/rollingringdrives.com\/pt\/wp-json\/wp\/v2\/product_brand?post=27346"},{"taxonomy":"product_cat","embeddable":true,"href":"https:\/\/rollingringdrives.com\/pt\/wp-json\/wp\/v2\/product_cat?post=27346"},{"taxonomy":"product_tag","embeddable":true,"href":"https:\/\/rollingringdrives.com\/pt\/wp-json\/wp\/v2\/product_tag?post=27346"}],"curies":[{"name":"wp","href":"https:\/\/api.w.org\/{rel}","templated":true}]}}