{"id":29199,"date":"2023-08-28T00:59:55","date_gmt":"2023-08-28T00:59:55","guid":{"rendered":"https:\/\/rollingringdrives.com\/?post_type=product&#038;p=29199"},"modified":"2026-01-12T09:54:37","modified_gmt":"2026-01-12T09:54:37","slug":"nylon-fast-coiling-head","status":"publish","type":"product","link":"https:\/\/rollingringdrives.com\/pt\/produtos\/cabeca-de-enrolamento-rapido-de-nylon\/","title":{"rendered":"Cabe\u00e7a de enrolamento r\u00e1pido de nylon"},"content":{"rendered":"<p>A bobina de placa lateral fabricada pela QIPANG \u00e9 um produto excelente que apresenta ranhuras de amarra\u00e7\u00e3o, flange externa de libera\u00e7\u00e3o r\u00e1pida, tamb\u00e9m apoiamos a personaliza\u00e7\u00e3o do di\u00e2metro interno c\u00f4nico. Durante o enrolamento, o n\u00facleo interno expande-se significativamente, enquanto que durante o desenrolamento, o n\u00facleo interno contrai-se. Este design permite uma extra\u00e7\u00e3o r\u00e1pida e conveniente da linha em apenas 3 segundos.<\/p>\n<h3 id=\"1-eael-table-of-content\" class=\"xsj_heading_hash xsj_heading xsj_heading_h3 eael-heading-content\" data-source-line=\"4\" data-source-line-display=\"true\"><span class=\"xsj_heading_content\">Principais caracter\u00edsticas<\/span><\/h3>\n<p>1. O aperto autom\u00e1tico e a placa de batimento r\u00e1pido podem ser conclu\u00eddos em 2-3 segundos. Ap\u00f3s o enrolamento do fio amarrado na m\u00e1quina e pode ser facilmente removido. F\u00e1cil de operar.<br \/>\n2. A posi\u00e7\u00e3o da porta traseira do carregador r\u00e1pido pode ser ajustada por deslizamento livre, o que pode satisfazer os requisitos de<br \/>\ndiferentes alturas de perfura\u00e7\u00e3o.<br \/>\n3. A altura de 3 deflectores pode ser personalizada de acordo com diferentes requisitos de tamanho.<br \/>\n4. Altura da bra\u00e7adeira de arame: 40-200mm<br \/>\n5. N\u00famero de slots: 3 slots \uff08Customiz\u00e1vel 4 slots\uff09<\/p>\n<p>6. personalizar o n\u00facleo, o di\u00e2metro externo e a largura de acordo com os requisitos do cliente.<\/p>\n<h2>Utiliza\u00e7\u00e3o da cabe\u00e7a da bobina<\/h2>\n<div class=\"ast-oembed-container\" style=\"height: 100%;\"><iframe title=\"Utiliza\u00e7\u00e3o de diferentes tipos de cabe\u00e7as de enrolamento dobr\u00e1veis v\u00eddeo\" width=\"422\" height=\"750\" src=\"https:\/\/www.youtube.com\/embed\/z2CtVXSoT88?feature=oembed\" frameborder=\"0\" allow=\"accelerometer; autoplay; clipboard-write; encrypted-media; gyroscope; picture-in-picture; web-share\" referrerpolicy=\"strict-origin-when-cross-origin\" allowfullscreen><\/iframe><\/div>\n<p>&nbsp;<\/p>","protected":false},"excerpt":{"rendered":"<p><strong>N\u00famero do modelo<\/strong><\/p>\n<p>N\u00facleo interior 200mm, largura 90\/100mm, di\u00e2metro exterior 400mm<br \/>\nN\u00facleo interior 300mm, largura 90\/100mm OD 400mm<\/p>","protected":false},"featured_media":32846,"template":"","meta":{"site-sidebar-layout":"default","site-content-layout":"default","ast-global-header-display":"","ast-banner-title-visibility":"","ast-main-header-display":"","ast-hfb-above-header-display":"","ast-hfb-below-header-display":"","ast-hfb-mobile-header-display":"","site-post-title":"","ast-breadcrumbs-content":"","ast-featured-img":"","footer-sml-layout":"","theme-transparent-header-meta":"default","adv-header-id-meta":"","stick-header-meta":"","header-above-stick-meta":"","header-main-stick-meta":"","header-below-stick-meta":""},"product_brand":[],"product_cat":[140],"product_tag":[],"class_list":{"0":"post-29199","1":"product","2":"type-product","3":"status-publish","4":"has-post-thumbnail","6":"product_cat-coil-head","7":"desktop-align-left","8":"tablet-align-left","9":"mobile-align-left","11":"first","12":"instock","13":"shipping-taxable","14":"product-type-simple"},"yoast_head":"<!-- This site is optimized with the Yoast SEO Premium plugin v20.12 (Yoast SEO v26.0) - https:\/\/yoast.com\/wordpress\/plugins\/seo\/ -->\n<title>Nylon Fast Coiling Head - QiPang<\/title>\n<meta name=\"robots\" content=\"index, follow, max-snippet:-1, max-image-preview:large, max-video-preview:-1\" \/>\n<link rel=\"canonical\" href=\"https:\/\/rollingringdrives.com\/pt\/produtos\/cabeca-de-enrolamento-rapido-de-nylon\/\" \/>\n<meta property=\"og:locale\" content=\"pt_PT\" \/>\n<meta property=\"og:type\" content=\"article\" \/>\n<meta property=\"og:title\" content=\"Nylon Fast Coiling Head\" \/>\n<meta property=\"og:description\" content=\"Model Number  Inner core 200mm, width 90\/100mm, outer diameter 400mm Inner Core 300mm, Width 90\/100mm OD 400mm\" \/>\n<meta property=\"og:url\" content=\"https:\/\/rollingringdrives.com\/pt\/produtos\/cabeca-de-enrolamento-rapido-de-nylon\/\" \/>\n<meta property=\"og:site_name\" content=\"QiPang\" \/>\n<meta property=\"article:modified_time\" content=\"2026-01-12T09:54:37+00:00\" \/>\n<meta name=\"twitter:card\" content=\"summary_large_image\" \/>\n<meta name=\"twitter:label1\" content=\"Est. reading time\" \/>\n\t<meta name=\"twitter:data1\" content=\"1 minuto\" \/>\n<script type=\"application\/ld+json\" class=\"yoast-schema-graph\">{\"@context\":\"https:\/\/schema.org\",\"@graph\":[{\"@type\":\"WebPage\",\"@id\":\"https:\/\/rollingringdrives.com\/product\/nylon-fast-coiling-head\/\",\"url\":\"https:\/\/rollingringdrives.com\/product\/nylon-fast-coiling-head\/\",\"name\":\"Nylon Fast Coiling Head - QiPang\",\"isPartOf\":{\"@id\":\"https:\/\/rollingringdrives.com\/#website\"},\"primaryImageOfPage\":{\"@id\":\"https:\/\/rollingringdrives.com\/product\/nylon-fast-coiling-head\/#primaryimage\"},\"image\":{\"@id\":\"https:\/\/rollingringdrives.com\/product\/nylon-fast-coiling-head\/#primaryimage\"},\"thumbnailUrl\":\"https:\/\/rollingringdrives.com\/wp-content\/uploads\/2023\/08\/05202ace-beed-4c53-9071-fe40b077c477_\u526f\u672c.avif\",\"datePublished\":\"2023-08-28T00:59:55+00:00\",\"dateModified\":\"2026-01-12T09:54:37+00:00\",\"breadcrumb\":{\"@id\":\"https:\/\/rollingringdrives.com\/product\/nylon-fast-coiling-head\/#breadcrumb\"},\"inLanguage\":\"pt-PT\",\"potentialAction\":[{\"@type\":\"ReadAction\",\"target\":[\"https:\/\/rollingringdrives.com\/product\/nylon-fast-coiling-head\/\"]}]},{\"@type\":\"ImageObject\",\"inLanguage\":\"pt-PT\",\"@id\":\"https:\/\/rollingringdrives.com\/product\/nylon-fast-coiling-head\/#primaryimage\",\"url\":\"https:\/\/rollingringdrives.com\/wp-content\/uploads\/2023\/08\/05202ace-beed-4c53-9071-fe40b077c477_\u526f\u672c.avif\",\"contentUrl\":\"https:\/\/rollingringdrives.com\/wp-content\/uploads\/2023\/08\/05202ace-beed-4c53-9071-fe40b077c477_\u526f\u672c.avif\",\"width\":2048,\"height\":2048,\"caption\":\"nylon fast coil head\"},{\"@type\":\"BreadcrumbList\",\"@id\":\"https:\/\/rollingringdrives.com\/product\/nylon-fast-coiling-head\/#breadcrumb\",\"itemListElement\":[{\"@type\":\"ListItem\",\"position\":1,\"name\":\"Home\",\"item\":\"https:\/\/rollingringdrives.com\/\"},{\"@type\":\"ListItem\",\"position\":2,\"name\":\"Machines\",\"item\":\"https:\/\/rollingringdrives.com\/machines\/\"},{\"@type\":\"ListItem\",\"position\":3,\"name\":\"Nylon Fast Coiling Head\"}]},{\"@type\":\"WebSite\",\"@id\":\"https:\/\/rollingringdrives.com\/#website\",\"url\":\"https:\/\/rollingringdrives.com\/\",\"name\":\"QiPang\",\"description\":\"QiPang Blog\",\"publisher\":{\"@id\":\"https:\/\/rollingringdrives.com\/#organization\"},\"potentialAction\":[{\"@type\":\"SearchAction\",\"target\":{\"@type\":\"EntryPoint\",\"urlTemplate\":\"https:\/\/rollingringdrives.com\/?s={search_term_string}\"},\"query-input\":{\"@type\":\"PropertyValueSpecification\",\"valueRequired\":true,\"valueName\":\"search_term_string\"}}],\"inLanguage\":\"pt-PT\"},{\"@type\":\"Organization\",\"@id\":\"https:\/\/rollingringdrives.com\/#organization\",\"name\":\"QiPang\",\"url\":\"https:\/\/rollingringdrives.com\/\",\"logo\":{\"@type\":\"ImageObject\",\"inLanguage\":\"pt-PT\",\"@id\":\"https:\/\/rollingringdrives.com\/#\/schema\/logo\/image\/\",\"url\":\"https:\/\/rollingringdrives.com\/wp-content\/uploads\/2023\/05\/cropped-\u672a\u547d\u540d\u7684\u8bbe\u8ba1.png\",\"contentUrl\":\"https:\/\/rollingringdrives.com\/wp-content\/uploads\/2023\/05\/cropped-\u672a\u547d\u540d\u7684\u8bbe\u8ba1.png\",\"width\":300,\"height\":191,\"caption\":\"QiPang\"},\"image\":{\"@id\":\"https:\/\/rollingringdrives.com\/#\/schema\/logo\/image\/\"}}]}<\/script>\n<!-- \/ Yoast SEO Premium plugin. -->","yoast_head_json":{"title":"Cabe\u00e7a de enrolamento r\u00e1pido de nylon - QiPang","robots":{"index":"index","follow":"follow","max-snippet":"max-snippet:-1","max-image-preview":"max-image-preview:large","max-video-preview":"max-video-preview:-1"},"canonical":"https:\/\/rollingringdrives.com\/pt\/produtos\/cabeca-de-enrolamento-rapido-de-nylon\/","og_locale":"pt_PT","og_type":"article","og_title":"Nylon Fast Coiling Head","og_description":"Model Number  Inner core 200mm, width 90\/100mm, outer diameter 400mm Inner Core 300mm, Width 90\/100mm OD 400mm","og_url":"https:\/\/rollingringdrives.com\/pt\/produtos\/cabeca-de-enrolamento-rapido-de-nylon\/","og_site_name":"QiPang","article_modified_time":"2026-01-12T09:54:37+00:00","twitter_card":"summary_large_image","twitter_misc":{"Est. reading time":"1 minuto"},"schema":{"@context":"https:\/\/schema.org","@graph":[{"@type":"WebPage","@id":"https:\/\/rollingringdrives.com\/product\/nylon-fast-coiling-head\/","url":"https:\/\/rollingringdrives.com\/product\/nylon-fast-coiling-head\/","name":"Cabe\u00e7a de enrolamento r\u00e1pido de nylon - QiPang","isPartOf":{"@id":"https:\/\/rollingringdrives.com\/#website"},"primaryImageOfPage":{"@id":"https:\/\/rollingringdrives.com\/product\/nylon-fast-coiling-head\/#primaryimage"},"image":{"@id":"https:\/\/rollingringdrives.com\/product\/nylon-fast-coiling-head\/#primaryimage"},"thumbnailUrl":"https:\/\/rollingringdrives.com\/wp-content\/uploads\/2023\/08\/05202ace-beed-4c53-9071-fe40b077c477_\u526f\u672c.avif","datePublished":"2023-08-28T00:59:55+00:00","dateModified":"2026-01-12T09:54:37+00:00","breadcrumb":{"@id":"https:\/\/rollingringdrives.com\/product\/nylon-fast-coiling-head\/#breadcrumb"},"inLanguage":"pt-PT","potentialAction":[{"@type":"ReadAction","target":["https:\/\/rollingringdrives.com\/product\/nylon-fast-coiling-head\/"]}]},{"@type":"ImageObject","inLanguage":"pt-PT","@id":"https:\/\/rollingringdrives.com\/product\/nylon-fast-coiling-head\/#primaryimage","url":"https:\/\/rollingringdrives.com\/wp-content\/uploads\/2023\/08\/05202ace-beed-4c53-9071-fe40b077c477_\u526f\u672c.avif","contentUrl":"https:\/\/rollingringdrives.com\/wp-content\/uploads\/2023\/08\/05202ace-beed-4c53-9071-fe40b077c477_\u526f\u672c.avif","width":2048,"height":2048,"caption":"nylon fast coil head"},{"@type":"BreadcrumbList","@id":"https:\/\/rollingringdrives.com\/product\/nylon-fast-coiling-head\/#breadcrumb","itemListElement":[{"@type":"ListItem","position":1,"name":"Home","item":"https:\/\/rollingringdrives.com\/"},{"@type":"ListItem","position":2,"name":"Machines","item":"https:\/\/rollingringdrives.com\/machines\/"},{"@type":"ListItem","position":3,"name":"Nylon Fast Coiling Head"}]},{"@type":"WebSite","@id":"https:\/\/rollingringdrives.com\/#website","url":"https:\/\/rollingringdrives.com\/","name":"QiPangName","description":"Blog QiPang","publisher":{"@id":"https:\/\/rollingringdrives.com\/#organization"},"potentialAction":[{"@type":"SearchAction","target":{"@type":"EntryPoint","urlTemplate":"https:\/\/rollingringdrives.com\/?s={search_term_string}"},"query-input":{"@type":"PropertyValueSpecification","valueRequired":true,"valueName":"search_term_string"}}],"inLanguage":"pt-PT"},{"@type":"Organization","@id":"https:\/\/rollingringdrives.com\/#organization","name":"QiPangName","url":"https:\/\/rollingringdrives.com\/","logo":{"@type":"ImageObject","inLanguage":"pt-PT","@id":"https:\/\/rollingringdrives.com\/#\/schema\/logo\/image\/","url":"https:\/\/rollingringdrives.com\/wp-content\/uploads\/2023\/05\/cropped-\u672a\u547d\u540d\u7684\u8bbe\u8ba1.png","contentUrl":"https:\/\/rollingringdrives.com\/wp-content\/uploads\/2023\/05\/cropped-\u672a\u547d\u540d\u7684\u8bbe\u8ba1.png","width":300,"height":191,"caption":"QiPang"},"image":{"@id":"https:\/\/rollingringdrives.com\/#\/schema\/logo\/image\/"}}]}},"_links":{"self":[{"href":"https:\/\/rollingringdrives.com\/pt\/wp-json\/wp\/v2\/product\/29199","targetHints":{"allow":["GET"]}}],"collection":[{"href":"https:\/\/rollingringdrives.com\/pt\/wp-json\/wp\/v2\/product"}],"about":[{"href":"https:\/\/rollingringdrives.com\/pt\/wp-json\/wp\/v2\/types\/product"}],"version-history":[{"count":0,"href":"https:\/\/rollingringdrives.com\/pt\/wp-json\/wp\/v2\/product\/29199\/revisions"}],"wp:featuredmedia":[{"embeddable":true,"href":"https:\/\/rollingringdrives.com\/pt\/wp-json\/wp\/v2\/media\/32846"}],"wp:attachment":[{"href":"https:\/\/rollingringdrives.com\/pt\/wp-json\/wp\/v2\/media?parent=29199"}],"wp:term":[{"taxonomy":"product_brand","embeddable":true,"href":"https:\/\/rollingringdrives.com\/pt\/wp-json\/wp\/v2\/product_brand?post=29199"},{"taxonomy":"product_cat","embeddable":true,"href":"https:\/\/rollingringdrives.com\/pt\/wp-json\/wp\/v2\/product_cat?post=29199"},{"taxonomy":"product_tag","embeddable":true,"href":"https:\/\/rollingringdrives.com\/pt\/wp-json\/wp\/v2\/product_tag?post=29199"}],"curies":[{"name":"wp","href":"https:\/\/api.w.org\/{rel}","templated":true}]}}