{"id":29677,"date":"2023-09-28T01:59:29","date_gmt":"2023-09-28T01:59:29","guid":{"rendered":"https:\/\/rollingringdrives.com\/?post_type=product&#038;p=29677"},"modified":"2025-07-07T07:53:53","modified_gmt":"2025-07-07T07:53:53","slug":"cable-diameter-measuring-display","status":"publish","type":"product","link":"https:\/\/rollingringdrives.com\/pt\/produtos\/display-de-medicao-de-diametro-de-cabo\/","title":{"rendered":"Visor de medi\u00e7\u00e3o do di\u00e2metro do cabo"},"content":{"rendered":"<div data-elementor-type=\"product-post\" data-elementor-id=\"29677\" class=\"elementor elementor-29677\" data-elementor-post-type=\"product\">\n\t\t\t\t\t\t<section data-particle_enable=\"false\" data-particle-mobile-disabled=\"false\" class=\"elementor-section elementor-top-section elementor-element elementor-element-3de443b8 elementor-section-boxed elementor-section-height-default elementor-section-height-default\" data-id=\"3de443b8\" data-element_type=\"section\">\n\t\t\t\t\t\t<div class=\"elementor-container elementor-column-gap-default\">\n\t\t\t\t\t<div class=\"elementor-column elementor-col-100 elementor-top-column elementor-element elementor-element-6234ea8d\" data-id=\"6234ea8d\" data-element_type=\"column\">\n\t\t\t<div class=\"elementor-widget-wrap elementor-element-populated\">\n\t\t\t\t\t\t<div class=\"elementor-element elementor-element-53761a83 elementor-widget elementor-widget-text-editor\" data-id=\"53761a83\" data-element_type=\"widget\" data-widget_type=\"text-editor.default\">\n\t\t\t\t<div class=\"elementor-widget-container\">\n\t\t\t\t\t\t\t\t\tAmbos os lados podem ser exibidos e a interface 485 corresponde \u00e0 medi\u00e7\u00e3o do di\u00e2metro do cabo.\t\t\t\t\t\t\t\t<\/div>\n\t\t\t\t<\/div>\n\t\t\t\t<div class=\"elementor-element elementor-element-7e59494 elementor-widget elementor-widget-video\" data-id=\"7e59494\" data-element_type=\"widget\" data-settings=\"{&quot;youtube_url&quot;:&quot;https:\\\/\\\/youtu.be\\\/jgiCm_7LsSQ?si=2-6vBwaJbFE44LbJ&quot;,&quot;video_type&quot;:&quot;youtube&quot;,&quot;controls&quot;:&quot;yes&quot;}\" data-widget_type=\"video.default\">\n\t\t\t\t<div class=\"elementor-widget-container\">\n\t\t\t\t\t\t\t<div class=\"elementor-wrapper elementor-open-inline\">\n\t\t\t<div class=\"elementor-video\"><\/div>\t\t<\/div>\n\t\t\t\t\t\t<\/div>\n\t\t\t\t<\/div>\n\t\t\t\t\t<\/div>\n\t\t<\/div>\n\t\t\t\t\t<\/div>\n\t\t<\/section>\n\t\t\t\t<section data-particle_enable=\"false\" data-particle-mobile-disabled=\"false\" class=\"elementor-section elementor-top-section elementor-element elementor-element-49c13aa7 elementor-section-boxed elementor-section-height-default elementor-section-height-default\" data-id=\"49c13aa7\" data-element_type=\"section\" data-settings=\"{&quot;background_background&quot;:&quot;classic&quot;}\">\n\t\t\t\t\t\t<div class=\"elementor-container elementor-column-gap-no\">\n\t\t\t\t\t<div class=\"elementor-column elementor-col-100 elementor-top-column elementor-element elementor-element-ebb421\" data-id=\"ebb421\" data-element_type=\"column\">\n\t\t\t<div class=\"elementor-widget-wrap elementor-element-populated\">\n\t\t\t\t\t\t<div class=\"elementor-element elementor-element-bc28532 elementor-widget elementor-widget-heading\" data-id=\"bc28532\" data-element_type=\"widget\" data-widget_type=\"heading.default\">\n\t\t\t\t<div class=\"elementor-widget-container\">\n\t\t\t\t\t<h2 class=\"elementor-heading-title elementor-size-default\">Fotos do produto<\/h2>\t\t\t\t<\/div>\n\t\t\t\t<\/div>\n\t\t\t\t<div class=\"elementor-element elementor-element-78c6b22 elementor-widget elementor-widget-spacer\" data-id=\"78c6b22\" data-element_type=\"widget\" data-widget_type=\"spacer.default\">\n\t\t\t\t<div class=\"elementor-widget-container\">\n\t\t\t\t\t\t\t<div class=\"elementor-spacer\">\n\t\t\t<div class=\"elementor-spacer-inner\"><\/div>\n\t\t<\/div>\n\t\t\t\t\t\t<\/div>\n\t\t\t\t<\/div>\n\t\t\t\t<div class=\"elementor-element elementor-element-4ce18555 elementor-invisible elementor-widget elementor-widget-gallery\" data-id=\"4ce18555\" data-element_type=\"widget\" data-settings=\"{&quot;gallery_layout&quot;:&quot;justified&quot;,&quot;ideal_row_height&quot;:{&quot;unit&quot;:&quot;px&quot;,&quot;size&quot;:344,&quot;sizes&quot;:[]},&quot;ideal_row_height_tablet&quot;:{&quot;unit&quot;:&quot;px&quot;,&quot;size&quot;:230,&quot;sizes&quot;:[]},&quot;ideal_row_height_mobile&quot;:{&quot;unit&quot;:&quot;px&quot;,&quot;size&quot;:170,&quot;sizes&quot;:[]},&quot;gap&quot;:{&quot;unit&quot;:&quot;px&quot;,&quot;size&quot;:25,&quot;sizes&quot;:[]},&quot;gap_tablet&quot;:{&quot;unit&quot;:&quot;px&quot;,&quot;size&quot;:25,&quot;sizes&quot;:[]},&quot;gap_mobile&quot;:{&quot;unit&quot;:&quot;px&quot;,&quot;size&quot;:20,&quot;sizes&quot;:[]},&quot;_animation&quot;:&quot;fadeInUp&quot;,&quot;link_to&quot;:&quot;file&quot;,&quot;overlay_background&quot;:&quot;yes&quot;,&quot;content_hover_animation&quot;:&quot;fade-in&quot;}\" data-widget_type=\"gallery.default\">\n\t\t\t\t<div class=\"elementor-widget-container\">\n\t\t\t\t\t\t\t<div class=\"elementor-gallery__container\">\n\t\t\t\t\t\t\t<a class=\"e-gallery-item elementor-gallery-item elementor-animated-content\" href=\"https:\/\/rollingringdrives.com\/wp-content\/uploads\/2023\/09\/\u6d4b\u5f84\u4eea\u8d85\u5927\u663e\u793a\u5c4f-1.jpg\" data-elementor-open-lightbox=\"yes\" data-elementor-lightbox-slideshow=\"4ce18555\" data-elementor-lightbox-title=\"Cable Diameter Measuring Display\" data-e-action-hash=\"#elementor-action%3Aaction%3Dlightbox%26settings%3DeyJpZCI6Mjk2ODEsInVybCI6Imh0dHBzOlwvXC9yb2xsaW5ncmluZ2RyaXZlcy5jb21cL3dwLWNvbnRlbnRcL3VwbG9hZHNcLzIwMjNcLzA5XC9cdTZkNGJcdTVmODRcdTRlZWFcdThkODVcdTU5MjdcdTY2M2VcdTc5M2FcdTVjNGYtMS5qcGciLCJzbGlkZXNob3ciOiI0Y2UxODU1NSJ9\" target=\"_blank\">\n\t\t\t\t\t<div class=\"e-gallery-image elementor-gallery-item__image\" data-thumbnail=\"https:\/\/rollingringdrives.com\/wp-content\/uploads\/2023\/09\/\u6d4b\u5f84\u4eea\u8d85\u5927\u663e\u793a\u5c4f-1.jpg\" data-width=\"2312\" data-height=\"1736\" aria-label=\"Visor de medi\u00e7\u00e3o do di\u00e2metro do cabo\" role=\"img\" ><\/div>\n\t\t\t\t\t\t\t\t\t\t\t<div class=\"elementor-gallery-item__overlay\"><\/div>\n\t\t\t\t\t\t\t\t\t\t\t\t\t\t<\/a>\n\t\t\t\t\t\t\t<a class=\"e-gallery-item elementor-gallery-item elementor-animated-content\" href=\"https:\/\/rollingringdrives.com\/wp-content\/uploads\/2023\/09\/\u6d4b\u5f84\u4eea\u8d85\u5927\u663e\u793a\u5c4f-2.jpg\" data-elementor-open-lightbox=\"yes\" data-elementor-lightbox-slideshow=\"4ce18555\" data-elementor-lightbox-title=\"Cable Diameter Measuring Display\" data-e-action-hash=\"#elementor-action%3Aaction%3Dlightbox%26settings%3DeyJpZCI6Mjk2ODIsInVybCI6Imh0dHBzOlwvXC9yb2xsaW5ncmluZ2RyaXZlcy5jb21cL3dwLWNvbnRlbnRcL3VwbG9hZHNcLzIwMjNcLzA5XC9cdTZkNGJcdTVmODRcdTRlZWFcdThkODVcdTU5MjdcdTY2M2VcdTc5M2FcdTVjNGYtMi5qcGciLCJzbGlkZXNob3ciOiI0Y2UxODU1NSJ9\" target=\"_blank\">\n\t\t\t\t\t<div class=\"e-gallery-image elementor-gallery-item__image\" data-thumbnail=\"https:\/\/rollingringdrives.com\/wp-content\/uploads\/2023\/09\/\u6d4b\u5f84\u4eea\u8d85\u5927\u663e\u793a\u5c4f-2.jpg\" data-width=\"2312\" data-height=\"1736\" aria-label=\"Visor de medi\u00e7\u00e3o do di\u00e2metro do cabo\" role=\"img\" ><\/div>\n\t\t\t\t\t\t\t\t\t\t\t<div class=\"elementor-gallery-item__overlay\"><\/div>\n\t\t\t\t\t\t\t\t\t\t\t\t\t\t<\/a>\n\t\t\t\t\t\t\t<a class=\"e-gallery-item elementor-gallery-item elementor-animated-content\" href=\"https:\/\/rollingringdrives.com\/wp-content\/uploads\/2023\/09\/\u6d4b\u5f84\u4eea-\u5927\u663e\u793a\u5c4f-1.jpg\" data-elementor-open-lightbox=\"yes\" data-elementor-lightbox-slideshow=\"4ce18555\" data-elementor-lightbox-title=\"Cable Diameter Measuring Display\" data-e-action-hash=\"#elementor-action%3Aaction%3Dlightbox%26settings%3DeyJpZCI6Mjk2ODMsInVybCI6Imh0dHBzOlwvXC9yb2xsaW5ncmluZ2RyaXZlcy5jb21cL3dwLWNvbnRlbnRcL3VwbG9hZHNcLzIwMjNcLzA5XC9cdTZkNGJcdTVmODRcdTRlZWEtXHU1OTI3XHU2NjNlXHU3OTNhXHU1YzRmLTEuanBnIiwic2xpZGVzaG93IjoiNGNlMTg1NTUifQ%3D%3D\" target=\"_blank\">\n\t\t\t\t\t<div class=\"e-gallery-image elementor-gallery-item__image\" data-thumbnail=\"https:\/\/rollingringdrives.com\/wp-content\/uploads\/2023\/09\/\u6d4b\u5f84\u4eea-\u5927\u663e\u793a\u5c4f-1.jpg\" data-width=\"1530\" data-height=\"1530\" aria-label=\"Visor de medi\u00e7\u00e3o do di\u00e2metro do cabo\" role=\"img\" ><\/div>\n\t\t\t\t\t\t\t\t\t\t\t<div class=\"elementor-gallery-item__overlay\"><\/div>\n\t\t\t\t\t\t\t\t\t\t\t\t\t\t<\/a>\n\t\t\t\t\t\t\t<a class=\"e-gallery-item elementor-gallery-item elementor-animated-content\" href=\"https:\/\/rollingringdrives.com\/wp-content\/uploads\/2023\/09\/\u6d4b\u5f84\u4eea-\u5927\u663e\u793a\u5c4f-2.jpg\" data-elementor-open-lightbox=\"yes\" data-elementor-lightbox-slideshow=\"4ce18555\" data-elementor-lightbox-title=\"Cable Diameter Measuring Display\" data-e-action-hash=\"#elementor-action%3Aaction%3Dlightbox%26settings%3DeyJpZCI6Mjk2ODQsInVybCI6Imh0dHBzOlwvXC9yb2xsaW5ncmluZ2RyaXZlcy5jb21cL3dwLWNvbnRlbnRcL3VwbG9hZHNcLzIwMjNcLzA5XC9cdTZkNGJcdTVmODRcdTRlZWEtXHU1OTI3XHU2NjNlXHU3OTNhXHU1YzRmLTIuanBnIiwic2xpZGVzaG93IjoiNGNlMTg1NTUifQ%3D%3D\" target=\"_blank\">\n\t\t\t\t\t<div class=\"e-gallery-image elementor-gallery-item__image\" data-thumbnail=\"https:\/\/rollingringdrives.com\/wp-content\/uploads\/2023\/09\/\u6d4b\u5f84\u4eea-\u5927\u663e\u793a\u5c4f-2.jpg\" data-width=\"2000\" data-height=\"1500\" aria-label=\"Visor de medi\u00e7\u00e3o do di\u00e2metro do cabo\" role=\"img\" ><\/div>\n\t\t\t\t\t\t\t\t\t\t\t<div class=\"elementor-gallery-item__overlay\"><\/div>\n\t\t\t\t\t\t\t\t\t\t\t\t\t\t<\/a>\n\t\t\t\t\t\t\t<a class=\"e-gallery-item elementor-gallery-item elementor-animated-content\" href=\"https:\/\/rollingringdrives.com\/wp-content\/uploads\/2023\/09\/\u6d4b\u5f84\u4eea-\u5927\u663e\u793a\u5c4f-3-scaled.jpg\" data-elementor-open-lightbox=\"yes\" data-elementor-lightbox-slideshow=\"4ce18555\" data-elementor-lightbox-title=\"Cable Diameter Measuring Display\" data-e-action-hash=\"#elementor-action%3Aaction%3Dlightbox%26settings%3DeyJpZCI6Mjk2ODUsInVybCI6Imh0dHBzOlwvXC9yb2xsaW5ncmluZ2RyaXZlcy5jb21cL3dwLWNvbnRlbnRcL3VwbG9hZHNcLzIwMjNcLzA5XC9cdTZkNGJcdTVmODRcdTRlZWEtXHU1OTI3XHU2NjNlXHU3OTNhXHU1YzRmLTMtc2NhbGVkLmpwZyIsInNsaWRlc2hvdyI6IjRjZTE4NTU1In0%3D\" target=\"_blank\">\n\t\t\t\t\t<div class=\"e-gallery-image elementor-gallery-item__image\" data-thumbnail=\"https:\/\/rollingringdrives.com\/wp-content\/uploads\/2023\/09\/\u6d4b\u5f84\u4eea-\u5927\u663e\u793a\u5c4f-3-scaled.jpg\" data-width=\"2560\" data-height=\"2560\" aria-label=\"Visor de medi\u00e7\u00e3o do di\u00e2metro do cabo\" role=\"img\" ><\/div>\n\t\t\t\t\t\t\t\t\t\t\t<div class=\"elementor-gallery-item__overlay\"><\/div>\n\t\t\t\t\t\t\t\t\t\t\t\t\t\t<\/a>\n\t\t\t\t\t\t\t<a class=\"e-gallery-item elementor-gallery-item elementor-animated-content\" href=\"https:\/\/rollingringdrives.com\/wp-content\/uploads\/2023\/09\/\u6d4b\u5f84\u4eea-\u5927\u663e\u793a\u5c4f-4-scaled.jpg\" data-elementor-open-lightbox=\"yes\" data-elementor-lightbox-slideshow=\"4ce18555\" data-elementor-lightbox-title=\"Cable Diameter Measuring Display\" data-e-action-hash=\"#elementor-action%3Aaction%3Dlightbox%26settings%3DeyJpZCI6Mjk2ODYsInVybCI6Imh0dHBzOlwvXC9yb2xsaW5ncmluZ2RyaXZlcy5jb21cL3dwLWNvbnRlbnRcL3VwbG9hZHNcLzIwMjNcLzA5XC9cdTZkNGJcdTVmODRcdTRlZWEtXHU1OTI3XHU2NjNlXHU3OTNhXHU1YzRmLTQtc2NhbGVkLmpwZyIsInNsaWRlc2hvdyI6IjRjZTE4NTU1In0%3D\" target=\"_blank\">\n\t\t\t\t\t<div class=\"e-gallery-image elementor-gallery-item__image\" data-thumbnail=\"https:\/\/rollingringdrives.com\/wp-content\/uploads\/2023\/09\/\u6d4b\u5f84\u4eea-\u5927\u663e\u793a\u5c4f-4-scaled.jpg\" data-width=\"2560\" data-height=\"2560\" aria-label=\"Visor de medi\u00e7\u00e3o do di\u00e2metro do cabo\" role=\"img\" ><\/div>\n\t\t\t\t\t\t\t\t\t\t\t<div class=\"elementor-gallery-item__overlay\"><\/div>\n\t\t\t\t\t\t\t\t\t\t\t\t\t\t<\/a>\n\t\t\t\t\t\t\t<a class=\"e-gallery-item elementor-gallery-item elementor-animated-content\" href=\"https:\/\/rollingringdrives.com\/wp-content\/uploads\/2023\/09\/\u6d4b\u5f84\u4eea-\u5927\u663e\u793a\u5c4f-5-scaled.jpg\" data-elementor-open-lightbox=\"yes\" data-elementor-lightbox-slideshow=\"4ce18555\" data-elementor-lightbox-title=\"Cable Diameter Measuring Display\" data-e-action-hash=\"#elementor-action%3Aaction%3Dlightbox%26settings%3DeyJpZCI6Mjk2ODcsInVybCI6Imh0dHBzOlwvXC9yb2xsaW5ncmluZ2RyaXZlcy5jb21cL3dwLWNvbnRlbnRcL3VwbG9hZHNcLzIwMjNcLzA5XC9cdTZkNGJcdTVmODRcdTRlZWEtXHU1OTI3XHU2NjNlXHU3OTNhXHU1YzRmLTUtc2NhbGVkLmpwZyIsInNsaWRlc2hvdyI6IjRjZTE4NTU1In0%3D\" target=\"_blank\">\n\t\t\t\t\t<div class=\"e-gallery-image elementor-gallery-item__image\" data-thumbnail=\"https:\/\/rollingringdrives.com\/wp-content\/uploads\/2023\/09\/\u6d4b\u5f84\u4eea-\u5927\u663e\u793a\u5c4f-5-scaled.jpg\" data-width=\"2560\" data-height=\"2560\" aria-label=\"Visor de medi\u00e7\u00e3o do di\u00e2metro do cabo\" role=\"img\" ><\/div>\n\t\t\t\t\t\t\t\t\t\t\t<div class=\"elementor-gallery-item__overlay\"><\/div>\n\t\t\t\t\t\t\t\t\t\t\t\t\t\t<\/a>\n\t\t\t\t\t\t\t<a class=\"e-gallery-item elementor-gallery-item elementor-animated-content\" href=\"https:\/\/rollingringdrives.com\/wp-content\/uploads\/2023\/09\/\u6d4b\u5f84\u4eea-\u5927\u663e\u793a\u5c4f\u5305\u88c5-scaled.jpg\" data-elementor-open-lightbox=\"yes\" data-elementor-lightbox-slideshow=\"4ce18555\" data-elementor-lightbox-title=\"Cable Diameter Measuring Display\" data-e-action-hash=\"#elementor-action%3Aaction%3Dlightbox%26settings%3DeyJpZCI6Mjk2ODgsInVybCI6Imh0dHBzOlwvXC9yb2xsaW5ncmluZ2RyaXZlcy5jb21cL3dwLWNvbnRlbnRcL3VwbG9hZHNcLzIwMjNcLzA5XC9cdTZkNGJcdTVmODRcdTRlZWEtXHU1OTI3XHU2NjNlXHU3OTNhXHU1YzRmXHU1MzA1XHU4OGM1LXNjYWxlZC5qcGciLCJzbGlkZXNob3ciOiI0Y2UxODU1NSJ9\" target=\"_blank\">\n\t\t\t\t\t<div class=\"e-gallery-image elementor-gallery-item__image\" data-thumbnail=\"https:\/\/rollingringdrives.com\/wp-content\/uploads\/2023\/09\/\u6d4b\u5f84\u4eea-\u5927\u663e\u793a\u5c4f\u5305\u88c5-scaled.jpg\" data-width=\"2560\" data-height=\"2560\" aria-label=\"Visor de medi\u00e7\u00e3o do di\u00e2metro do cabo\" role=\"img\" ><\/div>\n\t\t\t\t\t\t\t\t\t\t\t<div class=\"elementor-gallery-item__overlay\"><\/div>\n\t\t\t\t\t\t\t\t\t\t\t\t\t\t<\/a>\n\t\t\t\t\t\t\t<a class=\"e-gallery-item elementor-gallery-item elementor-animated-content\" href=\"https:\/\/rollingringdrives.com\/wp-content\/uploads\/2023\/09\/\u5927\u663e\u793a\u5668.jpg\" data-elementor-open-lightbox=\"yes\" data-elementor-lightbox-slideshow=\"4ce18555\" data-elementor-lightbox-title=\"Cable Diameter Measuring Display\" data-e-action-hash=\"#elementor-action%3Aaction%3Dlightbox%26settings%3DeyJpZCI6Mjk2ODksInVybCI6Imh0dHBzOlwvXC9yb2xsaW5ncmluZ2RyaXZlcy5jb21cL3dwLWNvbnRlbnRcL3VwbG9hZHNcLzIwMjNcLzA5XC9cdTU5MjdcdTY2M2VcdTc5M2FcdTU2NjguanBnIiwic2xpZGVzaG93IjoiNGNlMTg1NTUifQ%3D%3D\" target=\"_blank\">\n\t\t\t\t\t<div class=\"e-gallery-image elementor-gallery-item__image\" data-thumbnail=\"https:\/\/rollingringdrives.com\/wp-content\/uploads\/2023\/09\/\u5927\u663e\u793a\u5668.jpg\" data-width=\"1080\" data-height=\"1919\" aria-label=\"Visor de medi\u00e7\u00e3o do di\u00e2metro do cabo\" role=\"img\" ><\/div>\n\t\t\t\t\t\t\t\t\t\t\t<div class=\"elementor-gallery-item__overlay\"><\/div>\n\t\t\t\t\t\t\t\t\t\t\t\t\t\t<\/a>\n\t\t\t\t\t<\/div>\n\t\t\t\t\t<\/div>\n\t\t\t\t<\/div>\n\t\t\t\t\t<\/div>\n\t\t<\/div>\n\t\t\t\t\t<\/div>\n\t\t<\/section>\n\t\t\t\t<\/div>","protected":false},"excerpt":{"rendered":"<p><strong>Tamanho:<\/strong>\u00a0 510*161,5*73MM<br \/>\n<strong>Peso<\/strong>: 5KG<\/p>\n<p>Ambos os lados podem ser exibidos e a interface 485 corresponde \u00e0 medi\u00e7\u00e3o do di\u00e2metro do cabo.<\/p>","protected":false},"featured_media":29679,"template":"","meta":{"site-sidebar-layout":"default","site-content-layout":"default","ast-global-header-display":"","ast-banner-title-visibility":"","ast-main-header-display":"","ast-hfb-above-header-display":"","ast-hfb-below-header-display":"","ast-hfb-mobile-header-display":"","site-post-title":"","ast-breadcrumbs-content":"","ast-featured-img":"","footer-sml-layout":"","theme-transparent-header-meta":"default","adv-header-id-meta":"","stick-header-meta":"","header-above-stick-meta":"","header-main-stick-meta":"","header-below-stick-meta":""},"product_brand":[],"product_cat":[148,143],"product_tag":[],"class_list":{"0":"post-29677","1":"product","2":"type-product","3":"status-publish","4":"has-post-thumbnail","6":"product_cat-laser-measurement","7":"product_cat-display-interface","8":"desktop-align-left","9":"tablet-align-left","10":"mobile-align-left","12":"first","13":"instock","14":"shipping-taxable","15":"product-type-simple"},"yoast_head":"<!-- This site is optimized with the Yoast SEO Premium plugin v20.12 (Yoast SEO v26.0) - https:\/\/yoast.com\/wordpress\/plugins\/seo\/ -->\n<title>Cable Diameter Measuring Display - QiPang<\/title>\n<meta name=\"robots\" content=\"index, follow, max-snippet:-1, max-image-preview:large, max-video-preview:-1\" \/>\n<link rel=\"canonical\" href=\"https:\/\/rollingringdrives.com\/pt\/produtos\/display-de-medicao-de-diametro-de-cabo\/\" \/>\n<meta property=\"og:locale\" content=\"pt_PT\" \/>\n<meta property=\"og:type\" content=\"article\" \/>\n<meta property=\"og:title\" content=\"Cable Diameter Measuring Display\" \/>\n<meta property=\"og:description\" content=\"Size:\u00a0 510*161.5*73MM Weight:\u00a0 5KG  Both sides can be displayed, and the 485 interface matches the cable diameter measuring.\" \/>\n<meta property=\"og:url\" content=\"https:\/\/rollingringdrives.com\/pt\/produtos\/display-de-medicao-de-diametro-de-cabo\/\" \/>\n<meta property=\"og:site_name\" content=\"QiPang\" \/>\n<meta property=\"article:modified_time\" content=\"2025-07-07T07:53:53+00:00\" \/>\n<meta property=\"og:image\" content=\"https:\/\/rollingringdrives.com\/wp-content\/uploads\/2023\/09\/\u672a\u547d\u540d\u7684\u8bbe\u8ba1-1.jpg\" \/>\n\t<meta property=\"og:image:width\" content=\"600\" \/>\n\t<meta property=\"og:image:height\" content=\"600\" \/>\n\t<meta property=\"og:image:type\" content=\"image\/jpeg\" \/>\n<meta name=\"twitter:card\" content=\"summary_large_image\" \/>\n<meta name=\"twitter:label1\" content=\"Est. reading time\" \/>\n\t<meta name=\"twitter:data1\" content=\"1 minuto\" \/>\n<script type=\"application\/ld+json\" class=\"yoast-schema-graph\">{\"@context\":\"https:\/\/schema.org\",\"@graph\":[{\"@type\":\"WebPage\",\"@id\":\"https:\/\/rollingringdrives.com\/product\/cable-diameter-measuring-display\/\",\"url\":\"https:\/\/rollingringdrives.com\/product\/cable-diameter-measuring-display\/\",\"name\":\"Cable Diameter Measuring Display - QiPang\",\"isPartOf\":{\"@id\":\"https:\/\/rollingringdrives.com\/#website\"},\"primaryImageOfPage\":{\"@id\":\"https:\/\/rollingringdrives.com\/product\/cable-diameter-measuring-display\/#primaryimage\"},\"image\":{\"@id\":\"https:\/\/rollingringdrives.com\/product\/cable-diameter-measuring-display\/#primaryimage\"},\"thumbnailUrl\":\"https:\/\/rollingringdrives.com\/wp-content\/uploads\/2023\/09\/\u672a\u547d\u540d\u7684\u8bbe\u8ba1-1.jpg\",\"datePublished\":\"2023-09-28T01:59:29+00:00\",\"dateModified\":\"2025-07-07T07:53:53+00:00\",\"breadcrumb\":{\"@id\":\"https:\/\/rollingringdrives.com\/product\/cable-diameter-measuring-display\/#breadcrumb\"},\"inLanguage\":\"pt-PT\",\"potentialAction\":[{\"@type\":\"ReadAction\",\"target\":[\"https:\/\/rollingringdrives.com\/product\/cable-diameter-measuring-display\/\"]}]},{\"@type\":\"ImageObject\",\"inLanguage\":\"pt-PT\",\"@id\":\"https:\/\/rollingringdrives.com\/product\/cable-diameter-measuring-display\/#primaryimage\",\"url\":\"https:\/\/rollingringdrives.com\/wp-content\/uploads\/2023\/09\/\u672a\u547d\u540d\u7684\u8bbe\u8ba1-1.jpg\",\"contentUrl\":\"https:\/\/rollingringdrives.com\/wp-content\/uploads\/2023\/09\/\u672a\u547d\u540d\u7684\u8bbe\u8ba1-1.jpg\",\"width\":600,\"height\":600,\"caption\":\"Cable Diameter Measuring Display\"},{\"@type\":\"BreadcrumbList\",\"@id\":\"https:\/\/rollingringdrives.com\/product\/cable-diameter-measuring-display\/#breadcrumb\",\"itemListElement\":[{\"@type\":\"ListItem\",\"position\":1,\"name\":\"Home\",\"item\":\"https:\/\/rollingringdrives.com\/\"},{\"@type\":\"ListItem\",\"position\":2,\"name\":\"Machines\",\"item\":\"https:\/\/rollingringdrives.com\/machines\/\"},{\"@type\":\"ListItem\",\"position\":3,\"name\":\"Cable Diameter Measuring Display\"}]},{\"@type\":\"WebSite\",\"@id\":\"https:\/\/rollingringdrives.com\/#website\",\"url\":\"https:\/\/rollingringdrives.com\/\",\"name\":\"QiPang\",\"description\":\"QiPang Blog\",\"publisher\":{\"@id\":\"https:\/\/rollingringdrives.com\/#organization\"},\"potentialAction\":[{\"@type\":\"SearchAction\",\"target\":{\"@type\":\"EntryPoint\",\"urlTemplate\":\"https:\/\/rollingringdrives.com\/?s={search_term_string}\"},\"query-input\":{\"@type\":\"PropertyValueSpecification\",\"valueRequired\":true,\"valueName\":\"search_term_string\"}}],\"inLanguage\":\"pt-PT\"},{\"@type\":\"Organization\",\"@id\":\"https:\/\/rollingringdrives.com\/#organization\",\"name\":\"QiPang\",\"url\":\"https:\/\/rollingringdrives.com\/\",\"logo\":{\"@type\":\"ImageObject\",\"inLanguage\":\"pt-PT\",\"@id\":\"https:\/\/rollingringdrives.com\/#\/schema\/logo\/image\/\",\"url\":\"https:\/\/rollingringdrives.com\/wp-content\/uploads\/2023\/05\/cropped-\u672a\u547d\u540d\u7684\u8bbe\u8ba1.png\",\"contentUrl\":\"https:\/\/rollingringdrives.com\/wp-content\/uploads\/2023\/05\/cropped-\u672a\u547d\u540d\u7684\u8bbe\u8ba1.png\",\"width\":300,\"height\":191,\"caption\":\"QiPang\"},\"image\":{\"@id\":\"https:\/\/rollingringdrives.com\/#\/schema\/logo\/image\/\"}}]}<\/script>\n<!-- \/ Yoast SEO Premium plugin. -->","yoast_head_json":{"title":"Visor de medi\u00e7\u00e3o do di\u00e2metro do cabo - QiPang","robots":{"index":"index","follow":"follow","max-snippet":"max-snippet:-1","max-image-preview":"max-image-preview:large","max-video-preview":"max-video-preview:-1"},"canonical":"https:\/\/rollingringdrives.com\/pt\/produtos\/display-de-medicao-de-diametro-de-cabo\/","og_locale":"pt_PT","og_type":"article","og_title":"Cable Diameter Measuring Display","og_description":"Size:\u00a0 510*161.5*73MM Weight:\u00a0 5KG  Both sides can be displayed, and the 485 interface matches the cable diameter measuring.","og_url":"https:\/\/rollingringdrives.com\/pt\/produtos\/display-de-medicao-de-diametro-de-cabo\/","og_site_name":"QiPang","article_modified_time":"2025-07-07T07:53:53+00:00","og_image":[{"width":600,"height":600,"url":"https:\/\/rollingringdrives.com\/wp-content\/uploads\/2023\/09\/\u672a\u547d\u540d\u7684\u8bbe\u8ba1-1.jpg","type":"image\/jpeg"}],"twitter_card":"summary_large_image","twitter_misc":{"Est. reading time":"1 minuto"},"schema":{"@context":"https:\/\/schema.org","@graph":[{"@type":"WebPage","@id":"https:\/\/rollingringdrives.com\/product\/cable-diameter-measuring-display\/","url":"https:\/\/rollingringdrives.com\/product\/cable-diameter-measuring-display\/","name":"Visor de medi\u00e7\u00e3o do di\u00e2metro do cabo - QiPang","isPartOf":{"@id":"https:\/\/rollingringdrives.com\/#website"},"primaryImageOfPage":{"@id":"https:\/\/rollingringdrives.com\/product\/cable-diameter-measuring-display\/#primaryimage"},"image":{"@id":"https:\/\/rollingringdrives.com\/product\/cable-diameter-measuring-display\/#primaryimage"},"thumbnailUrl":"https:\/\/rollingringdrives.com\/wp-content\/uploads\/2023\/09\/\u672a\u547d\u540d\u7684\u8bbe\u8ba1-1.jpg","datePublished":"2023-09-28T01:59:29+00:00","dateModified":"2025-07-07T07:53:53+00:00","breadcrumb":{"@id":"https:\/\/rollingringdrives.com\/product\/cable-diameter-measuring-display\/#breadcrumb"},"inLanguage":"pt-PT","potentialAction":[{"@type":"ReadAction","target":["https:\/\/rollingringdrives.com\/product\/cable-diameter-measuring-display\/"]}]},{"@type":"ImageObject","inLanguage":"pt-PT","@id":"https:\/\/rollingringdrives.com\/product\/cable-diameter-measuring-display\/#primaryimage","url":"https:\/\/rollingringdrives.com\/wp-content\/uploads\/2023\/09\/\u672a\u547d\u540d\u7684\u8bbe\u8ba1-1.jpg","contentUrl":"https:\/\/rollingringdrives.com\/wp-content\/uploads\/2023\/09\/\u672a\u547d\u540d\u7684\u8bbe\u8ba1-1.jpg","width":600,"height":600,"caption":"Cable Diameter Measuring Display"},{"@type":"BreadcrumbList","@id":"https:\/\/rollingringdrives.com\/product\/cable-diameter-measuring-display\/#breadcrumb","itemListElement":[{"@type":"ListItem","position":1,"name":"Home","item":"https:\/\/rollingringdrives.com\/"},{"@type":"ListItem","position":2,"name":"Machines","item":"https:\/\/rollingringdrives.com\/machines\/"},{"@type":"ListItem","position":3,"name":"Cable Diameter Measuring Display"}]},{"@type":"WebSite","@id":"https:\/\/rollingringdrives.com\/#website","url":"https:\/\/rollingringdrives.com\/","name":"QiPangName","description":"Blog QiPang","publisher":{"@id":"https:\/\/rollingringdrives.com\/#organization"},"potentialAction":[{"@type":"SearchAction","target":{"@type":"EntryPoint","urlTemplate":"https:\/\/rollingringdrives.com\/?s={search_term_string}"},"query-input":{"@type":"PropertyValueSpecification","valueRequired":true,"valueName":"search_term_string"}}],"inLanguage":"pt-PT"},{"@type":"Organization","@id":"https:\/\/rollingringdrives.com\/#organization","name":"QiPangName","url":"https:\/\/rollingringdrives.com\/","logo":{"@type":"ImageObject","inLanguage":"pt-PT","@id":"https:\/\/rollingringdrives.com\/#\/schema\/logo\/image\/","url":"https:\/\/rollingringdrives.com\/wp-content\/uploads\/2023\/05\/cropped-\u672a\u547d\u540d\u7684\u8bbe\u8ba1.png","contentUrl":"https:\/\/rollingringdrives.com\/wp-content\/uploads\/2023\/05\/cropped-\u672a\u547d\u540d\u7684\u8bbe\u8ba1.png","width":300,"height":191,"caption":"QiPang"},"image":{"@id":"https:\/\/rollingringdrives.com\/#\/schema\/logo\/image\/"}}]}},"_links":{"self":[{"href":"https:\/\/rollingringdrives.com\/pt\/wp-json\/wp\/v2\/product\/29677","targetHints":{"allow":["GET"]}}],"collection":[{"href":"https:\/\/rollingringdrives.com\/pt\/wp-json\/wp\/v2\/product"}],"about":[{"href":"https:\/\/rollingringdrives.com\/pt\/wp-json\/wp\/v2\/types\/product"}],"version-history":[{"count":0,"href":"https:\/\/rollingringdrives.com\/pt\/wp-json\/wp\/v2\/product\/29677\/revisions"}],"wp:featuredmedia":[{"embeddable":true,"href":"https:\/\/rollingringdrives.com\/pt\/wp-json\/wp\/v2\/media\/29679"}],"wp:attachment":[{"href":"https:\/\/rollingringdrives.com\/pt\/wp-json\/wp\/v2\/media?parent=29677"}],"wp:term":[{"taxonomy":"product_brand","embeddable":true,"href":"https:\/\/rollingringdrives.com\/pt\/wp-json\/wp\/v2\/product_brand?post=29677"},{"taxonomy":"product_cat","embeddable":true,"href":"https:\/\/rollingringdrives.com\/pt\/wp-json\/wp\/v2\/product_cat?post=29677"},{"taxonomy":"product_tag","embeddable":true,"href":"https:\/\/rollingringdrives.com\/pt\/wp-json\/wp\/v2\/product_tag?post=29677"}],"curies":[{"name":"wp","href":"https:\/\/api.w.org\/{rel}","templated":true}]}}