{"id":30179,"date":"2023-10-23T10:45:28","date_gmt":"2023-10-23T10:45:28","guid":{"rendered":"https:\/\/rollingringdrives.com\/?post_type=product&#038;p=30179"},"modified":"2023-10-24T11:02:37","modified_gmt":"2023-10-24T11:02:37","slug":"99-aluminized-porcelain-eyes","status":"publish","type":"product","link":"https:\/\/rollingringdrives.com\/pt\/produtos\/olhos-de-porcelana-99-aluminizados\/","title":{"rendered":"Polia guia cer\u00e2mica de alumina 99%"},"content":{"rendered":"<p>A polia guia cer\u00e2mica de alumina 99% tem boa condutividade, resist\u00eancia mec\u00e2nica e resist\u00eancia a altas temperaturas. A cer\u00e2mica de alumina \u00e9 amplamente utilizada em todos os tipos de campo para atender \u00e0s necessidades de uso di\u00e1rio e desempenho especial. A cer\u00e2mica el\u00e9trica de alumina tem baixa constante diel\u00e9trica, baixa perda diel\u00e9trica, alta resist\u00eancia de isolamento, resistividade de alto volume, boa resist\u00eancia \u00e0 flex\u00e3o, alta estabilidade, alta compress\u00e3o for\u00e7a e boa desnatura\u00e7\u00e3o de choque frio e quente. \u00c9 amplamente utilizado em controladores de temperatura, pe\u00e7as de isolamento, equipamentos t\u00e9rmicos, equipamentos de aquecimento el\u00e9trico, estruturas de ferro. Oferecemos uma variedade de produtos, como 99 olhos de porcelana aluminizada, contas de cer\u00e2mica.<\/p>\n<h4>Formul\u00e1rios:<\/h4>\n<p>A polia guia cer\u00e2mica de alumina 99% pode ser usada para fabricar substrato cer\u00e2mico de 99 alumina, a superf\u00edcie \u00e9 lisa, sem defeitos, componentes uniformes e alta resist\u00eancia, boa flexibilidade, f\u00e1cil de cortar e processar, \u00e9 amplamente utilizada na produ\u00e7\u00e3o industrial. Al\u00e9m disso, tamb\u00e9m pode ser usado para fazer cadinho de alta temperatura, tubo de forno refrat\u00e1rio e materiais especiais resistentes ao desgaste, como rolamentos de cer\u00e2mica, veda\u00e7\u00f5es de cer\u00e2mica e assim por diante.<\/p>\n<p>&nbsp;<\/p>\n<p><img fetchpriority=\"high\" decoding=\"async\" class=\"alignnone wp-image-30219\" src=\"https:\/\/rollingringdrives.com\/wp-content\/uploads\/2023\/10\/99\u74f7-\u74f7\u773c\u4e3b\u56fe-1-300x300.jpg\" alt=\"\" width=\"450\" height=\"450\" srcset=\"https:\/\/rollingringdrives.com\/wp-content\/uploads\/2023\/10\/99\u74f7-\u74f7\u773c\u4e3b\u56fe-1-300x300.jpg 300w, https:\/\/rollingringdrives.com\/wp-content\/uploads\/2023\/10\/99\u74f7-\u74f7\u773c\u4e3b\u56fe-1-150x150.jpg 150w, https:\/\/rollingringdrives.com\/wp-content\/uploads\/2023\/10\/99\u74f7-\u74f7\u773c\u4e3b\u56fe-1-768x768.jpg 768w, https:\/\/rollingringdrives.com\/wp-content\/uploads\/2023\/10\/99\u74f7-\u74f7\u773c\u4e3b\u56fe-1-12x12.jpg 12w, https:\/\/rollingringdrives.com\/wp-content\/uploads\/2023\/10\/99\u74f7-\u74f7\u773c\u4e3b\u56fe-1-600x600.jpg 600w, https:\/\/rollingringdrives.com\/wp-content\/uploads\/2023\/10\/99\u74f7-\u74f7\u773c\u4e3b\u56fe-1-100x100.jpg 100w, https:\/\/rollingringdrives.com\/wp-content\/uploads\/2023\/10\/99\u74f7-\u74f7\u773c\u4e3b\u56fe-1.jpg 1000w\" sizes=\"(max-width: 450px) 100vw, 450px\" \/><img decoding=\"async\" class=\"alignnone wp-image-30224\" src=\"https:\/\/rollingringdrives.com\/wp-content\/uploads\/2023\/10\/99\u74f7\u773c\u4e3b\u56fe-2-300x300.jpg\" alt=\"\" width=\"448\" height=\"450\" srcset=\"https:\/\/rollingringdrives.com\/wp-content\/uploads\/2023\/10\/99\u74f7\u773c\u4e3b\u56fe-2-300x300.jpg 300w, https:\/\/rollingringdrives.com\/wp-content\/uploads\/2023\/10\/99\u74f7\u773c\u4e3b\u56fe-2-150x150.jpg 150w, https:\/\/rollingringdrives.com\/wp-content\/uploads\/2023\/10\/99\u74f7\u773c\u4e3b\u56fe-2-12x12.jpg 12w, https:\/\/rollingringdrives.com\/wp-content\/uploads\/2023\/10\/99\u74f7\u773c\u4e3b\u56fe-2-600x602.jpg 600w, https:\/\/rollingringdrives.com\/wp-content\/uploads\/2023\/10\/99\u74f7\u773c\u4e3b\u56fe-2-100x100.jpg 100w, https:\/\/rollingringdrives.com\/wp-content\/uploads\/2023\/10\/99\u74f7\u773c\u4e3b\u56fe-2.jpg 754w\" sizes=\"(max-width: 448px) 100vw, 448px\" \/><\/p>\n<p>&nbsp;<\/p>","protected":false},"excerpt":{"rendered":"<h4>1. Alta resist\u00eancia mec\u00e2nica<br \/>\n2. Resist\u00eancia ao desgaste<br \/>\n3. Bom desempenho de isolamento el\u00e9trico em temperatura ambiente e alta temperatura<br \/>\n4. Resist\u00eancia a altas temperaturas<br \/>\n5. E forte resist\u00eancia \u00e0 corros\u00e3o qu\u00edmica)<br \/>\n6. Alta condutividade<\/h4>","protected":false},"featured_media":30181,"template":"","meta":{"site-sidebar-layout":"default","site-content-layout":"default","ast-global-header-display":"","ast-banner-title-visibility":"","ast-main-header-display":"","ast-hfb-above-header-display":"","ast-hfb-below-header-display":"","ast-hfb-mobile-header-display":"","site-post-title":"","ast-breadcrumbs-content":"","ast-featured-img":"","footer-sml-layout":"","theme-transparent-header-meta":"default","adv-header-id-meta":"","stick-header-meta":"","header-above-stick-meta":"","header-main-stick-meta":"","header-below-stick-meta":""},"product_brand":[],"product_cat":[111],"product_tag":[],"class_list":{"0":"post-30179","1":"product","2":"type-product","3":"status-publish","4":"has-post-thumbnail","6":"product_cat-porcelain-eye","7":"desktop-align-left","8":"tablet-align-left","9":"mobile-align-left","11":"first","12":"instock","13":"shipping-taxable","14":"product-type-simple"},"yoast_head":"<!-- This site is optimized with the Yoast SEO Premium plugin v20.12 (Yoast SEO v26.0) - https:\/\/yoast.com\/wordpress\/plugins\/seo\/ -->\n<title>99% Alumina Ceramic Guide Pulley - QiPang<\/title>\n<meta name=\"robots\" content=\"index, follow, max-snippet:-1, max-image-preview:large, max-video-preview:-1\" \/>\n<link rel=\"canonical\" href=\"https:\/\/rollingringdrives.com\/pt\/produtos\/olhos-de-porcelana-99-aluminizados\/\" \/>\n<meta property=\"og:locale\" content=\"pt_PT\" \/>\n<meta property=\"og:type\" content=\"article\" \/>\n<meta property=\"og:title\" content=\"99% Alumina Ceramic Guide Pulley\" \/>\n<meta property=\"og:description\" content=\"1. High mechanical strength 2. Wear resistance 3. Good electrical insulation performance at room temperature and high temperature 4. High temperature resistance 5. And strong resistance to chemical corrosion) 6. High conductivity\" \/>\n<meta property=\"og:url\" content=\"https:\/\/rollingringdrives.com\/pt\/produtos\/olhos-de-porcelana-99-aluminizados\/\" \/>\n<meta property=\"og:site_name\" content=\"QiPang\" \/>\n<meta property=\"article:modified_time\" content=\"2023-10-24T11:02:37+00:00\" \/>\n<meta property=\"og:image\" content=\"https:\/\/rollingringdrives.com\/wp-content\/uploads\/2023\/10\/0.jpg\" \/>\n\t<meta property=\"og:image:width\" content=\"1000\" \/>\n\t<meta property=\"og:image:height\" content=\"1000\" \/>\n\t<meta property=\"og:image:type\" content=\"image\/jpeg\" \/>\n<meta name=\"twitter:card\" content=\"summary_large_image\" \/>\n<meta name=\"twitter:label1\" content=\"Est. reading time\" \/>\n\t<meta name=\"twitter:data1\" content=\"2 minutos\" \/>\n<script type=\"application\/ld+json\" class=\"yoast-schema-graph\">{\"@context\":\"https:\/\/schema.org\",\"@graph\":[{\"@type\":\"WebPage\",\"@id\":\"https:\/\/rollingringdrives.com\/product\/99-aluminized-porcelain-eyes\/\",\"url\":\"https:\/\/rollingringdrives.com\/product\/99-aluminized-porcelain-eyes\/\",\"name\":\"99% Alumina Ceramic Guide Pulley - QiPang\",\"isPartOf\":{\"@id\":\"https:\/\/rollingringdrives.com\/#website\"},\"primaryImageOfPage\":{\"@id\":\"https:\/\/rollingringdrives.com\/product\/99-aluminized-porcelain-eyes\/#primaryimage\"},\"image\":{\"@id\":\"https:\/\/rollingringdrives.com\/product\/99-aluminized-porcelain-eyes\/#primaryimage\"},\"thumbnailUrl\":\"https:\/\/rollingringdrives.com\/wp-content\/uploads\/2023\/10\/0.jpg\",\"datePublished\":\"2023-10-23T10:45:28+00:00\",\"dateModified\":\"2023-10-24T11:02:37+00:00\",\"breadcrumb\":{\"@id\":\"https:\/\/rollingringdrives.com\/product\/99-aluminized-porcelain-eyes\/#breadcrumb\"},\"inLanguage\":\"pt-PT\",\"potentialAction\":[{\"@type\":\"ReadAction\",\"target\":[\"https:\/\/rollingringdrives.com\/product\/99-aluminized-porcelain-eyes\/\"]}]},{\"@type\":\"ImageObject\",\"inLanguage\":\"pt-PT\",\"@id\":\"https:\/\/rollingringdrives.com\/product\/99-aluminized-porcelain-eyes\/#primaryimage\",\"url\":\"https:\/\/rollingringdrives.com\/wp-content\/uploads\/2023\/10\/0.jpg\",\"contentUrl\":\"https:\/\/rollingringdrives.com\/wp-content\/uploads\/2023\/10\/0.jpg\",\"width\":1000,\"height\":1000,\"caption\":\"99 aluminized porcelain eyes\"},{\"@type\":\"BreadcrumbList\",\"@id\":\"https:\/\/rollingringdrives.com\/product\/99-aluminized-porcelain-eyes\/#breadcrumb\",\"itemListElement\":[{\"@type\":\"ListItem\",\"position\":1,\"name\":\"Home\",\"item\":\"https:\/\/rollingringdrives.com\/\"},{\"@type\":\"ListItem\",\"position\":2,\"name\":\"Machines\",\"item\":\"https:\/\/rollingringdrives.com\/machines\/\"},{\"@type\":\"ListItem\",\"position\":3,\"name\":\"99% Alumina Ceramic Guide Pulley\"}]},{\"@type\":\"WebSite\",\"@id\":\"https:\/\/rollingringdrives.com\/#website\",\"url\":\"https:\/\/rollingringdrives.com\/\",\"name\":\"QiPang\",\"description\":\"QiPang Blog\",\"publisher\":{\"@id\":\"https:\/\/rollingringdrives.com\/#organization\"},\"potentialAction\":[{\"@type\":\"SearchAction\",\"target\":{\"@type\":\"EntryPoint\",\"urlTemplate\":\"https:\/\/rollingringdrives.com\/?s={search_term_string}\"},\"query-input\":{\"@type\":\"PropertyValueSpecification\",\"valueRequired\":true,\"valueName\":\"search_term_string\"}}],\"inLanguage\":\"pt-PT\"},{\"@type\":\"Organization\",\"@id\":\"https:\/\/rollingringdrives.com\/#organization\",\"name\":\"QiPang\",\"url\":\"https:\/\/rollingringdrives.com\/\",\"logo\":{\"@type\":\"ImageObject\",\"inLanguage\":\"pt-PT\",\"@id\":\"https:\/\/rollingringdrives.com\/#\/schema\/logo\/image\/\",\"url\":\"https:\/\/rollingringdrives.com\/wp-content\/uploads\/2023\/05\/cropped-\u672a\u547d\u540d\u7684\u8bbe\u8ba1.png\",\"contentUrl\":\"https:\/\/rollingringdrives.com\/wp-content\/uploads\/2023\/05\/cropped-\u672a\u547d\u540d\u7684\u8bbe\u8ba1.png\",\"width\":300,\"height\":191,\"caption\":\"QiPang\"},\"image\":{\"@id\":\"https:\/\/rollingringdrives.com\/#\/schema\/logo\/image\/\"}}]}<\/script>\n<!-- \/ Yoast SEO Premium plugin. -->","yoast_head_json":{"title":"Polia guia de cer\u00e2mica de alumina 99% - QiPang","robots":{"index":"index","follow":"follow","max-snippet":"max-snippet:-1","max-image-preview":"max-image-preview:large","max-video-preview":"max-video-preview:-1"},"canonical":"https:\/\/rollingringdrives.com\/pt\/produtos\/olhos-de-porcelana-99-aluminizados\/","og_locale":"pt_PT","og_type":"article","og_title":"99% Alumina Ceramic Guide Pulley","og_description":"1. High mechanical strength 2. Wear resistance 3. Good electrical insulation performance at room temperature and high temperature 4. High temperature resistance 5. And strong resistance to chemical corrosion) 6. High conductivity","og_url":"https:\/\/rollingringdrives.com\/pt\/produtos\/olhos-de-porcelana-99-aluminizados\/","og_site_name":"QiPang","article_modified_time":"2023-10-24T11:02:37+00:00","og_image":[{"width":1000,"height":1000,"url":"https:\/\/rollingringdrives.com\/wp-content\/uploads\/2023\/10\/0.jpg","type":"image\/jpeg"}],"twitter_card":"summary_large_image","twitter_misc":{"Est. reading time":"2 minutos"},"schema":{"@context":"https:\/\/schema.org","@graph":[{"@type":"WebPage","@id":"https:\/\/rollingringdrives.com\/product\/99-aluminized-porcelain-eyes\/","url":"https:\/\/rollingringdrives.com\/product\/99-aluminized-porcelain-eyes\/","name":"Polia guia de cer\u00e2mica de alumina 99% - QiPang","isPartOf":{"@id":"https:\/\/rollingringdrives.com\/#website"},"primaryImageOfPage":{"@id":"https:\/\/rollingringdrives.com\/product\/99-aluminized-porcelain-eyes\/#primaryimage"},"image":{"@id":"https:\/\/rollingringdrives.com\/product\/99-aluminized-porcelain-eyes\/#primaryimage"},"thumbnailUrl":"https:\/\/rollingringdrives.com\/wp-content\/uploads\/2023\/10\/0.jpg","datePublished":"2023-10-23T10:45:28+00:00","dateModified":"2023-10-24T11:02:37+00:00","breadcrumb":{"@id":"https:\/\/rollingringdrives.com\/product\/99-aluminized-porcelain-eyes\/#breadcrumb"},"inLanguage":"pt-PT","potentialAction":[{"@type":"ReadAction","target":["https:\/\/rollingringdrives.com\/product\/99-aluminized-porcelain-eyes\/"]}]},{"@type":"ImageObject","inLanguage":"pt-PT","@id":"https:\/\/rollingringdrives.com\/product\/99-aluminized-porcelain-eyes\/#primaryimage","url":"https:\/\/rollingringdrives.com\/wp-content\/uploads\/2023\/10\/0.jpg","contentUrl":"https:\/\/rollingringdrives.com\/wp-content\/uploads\/2023\/10\/0.jpg","width":1000,"height":1000,"caption":"99 aluminized porcelain eyes"},{"@type":"BreadcrumbList","@id":"https:\/\/rollingringdrives.com\/product\/99-aluminized-porcelain-eyes\/#breadcrumb","itemListElement":[{"@type":"ListItem","position":1,"name":"Home","item":"https:\/\/rollingringdrives.com\/"},{"@type":"ListItem","position":2,"name":"Machines","item":"https:\/\/rollingringdrives.com\/machines\/"},{"@type":"ListItem","position":3,"name":"99% Alumina Ceramic Guide Pulley"}]},{"@type":"WebSite","@id":"https:\/\/rollingringdrives.com\/#website","url":"https:\/\/rollingringdrives.com\/","name":"QiPangName","description":"Blog QiPang","publisher":{"@id":"https:\/\/rollingringdrives.com\/#organization"},"potentialAction":[{"@type":"SearchAction","target":{"@type":"EntryPoint","urlTemplate":"https:\/\/rollingringdrives.com\/?s={search_term_string}"},"query-input":{"@type":"PropertyValueSpecification","valueRequired":true,"valueName":"search_term_string"}}],"inLanguage":"pt-PT"},{"@type":"Organization","@id":"https:\/\/rollingringdrives.com\/#organization","name":"QiPangName","url":"https:\/\/rollingringdrives.com\/","logo":{"@type":"ImageObject","inLanguage":"pt-PT","@id":"https:\/\/rollingringdrives.com\/#\/schema\/logo\/image\/","url":"https:\/\/rollingringdrives.com\/wp-content\/uploads\/2023\/05\/cropped-\u672a\u547d\u540d\u7684\u8bbe\u8ba1.png","contentUrl":"https:\/\/rollingringdrives.com\/wp-content\/uploads\/2023\/05\/cropped-\u672a\u547d\u540d\u7684\u8bbe\u8ba1.png","width":300,"height":191,"caption":"QiPang"},"image":{"@id":"https:\/\/rollingringdrives.com\/#\/schema\/logo\/image\/"}}]}},"_links":{"self":[{"href":"https:\/\/rollingringdrives.com\/pt\/wp-json\/wp\/v2\/product\/30179","targetHints":{"allow":["GET"]}}],"collection":[{"href":"https:\/\/rollingringdrives.com\/pt\/wp-json\/wp\/v2\/product"}],"about":[{"href":"https:\/\/rollingringdrives.com\/pt\/wp-json\/wp\/v2\/types\/product"}],"version-history":[{"count":0,"href":"https:\/\/rollingringdrives.com\/pt\/wp-json\/wp\/v2\/product\/30179\/revisions"}],"wp:featuredmedia":[{"embeddable":true,"href":"https:\/\/rollingringdrives.com\/pt\/wp-json\/wp\/v2\/media\/30181"}],"wp:attachment":[{"href":"https:\/\/rollingringdrives.com\/pt\/wp-json\/wp\/v2\/media?parent=30179"}],"wp:term":[{"taxonomy":"product_brand","embeddable":true,"href":"https:\/\/rollingringdrives.com\/pt\/wp-json\/wp\/v2\/product_brand?post=30179"},{"taxonomy":"product_cat","embeddable":true,"href":"https:\/\/rollingringdrives.com\/pt\/wp-json\/wp\/v2\/product_cat?post=30179"},{"taxonomy":"product_tag","embeddable":true,"href":"https:\/\/rollingringdrives.com\/pt\/wp-json\/wp\/v2\/product_tag?post=30179"}],"curies":[{"name":"wp","href":"https:\/\/api.w.org\/{rel}","templated":true}]}}