{"id":30199,"date":"2023-10-24T10:07:01","date_gmt":"2023-10-24T10:07:01","guid":{"rendered":"https:\/\/rollingringdrives.com\/?post_type=product&#038;p=30199"},"modified":"2023-10-24T10:42:58","modified_gmt":"2023-10-24T10:42:58","slug":"95-alumina-ceramic-guide-pulley","status":"publish","type":"product","link":"https:\/\/rollingringdrives.com\/pt\/produtos\/polia-guia-de-ceramica-de-95-alumina\/","title":{"rendered":"Polia guia cer\u00e2mica de alumina 95%"},"content":{"rendered":"<p>As cer\u00e2micas de alto desempenho produzidas por granula\u00e7\u00e3o por spray, prensagem isost\u00e1tica e processo de sinteriza\u00e7\u00e3o em alta temperatura s\u00e3o chamadas de polia guia de cer\u00e2mica de alumina 95%. Possui caracter\u00edsticas de alta dureza, resist\u00eancia ao desgaste e boa resist\u00eancia \u00e0 corros\u00e3o. Pode ser amplamente utilizado em meios de moagem de moinho de bolas, moinho vibrat\u00f3rio, moinho planet\u00e1rio e moinho de agita\u00e7\u00e3o. A taxa de desgaste da cer\u00e2mica de alumina 95 \u00e9 pequena, sem material sujo, longa vida \u00fatil e alta efici\u00eancia de moagem.<\/p>\n<h3><strong>Aplica\u00e7\u00f5es cer\u00e2micas da polia do guia da alumina 95%:<\/strong><\/h3>\n<p>A polia guia cer\u00e2mica de alumina 95% pode ser usada em biocer\u00e2mica, desempenho superior, para atender \u00e0s necessidades de desempenho di\u00e1rio e especial, amplamente utilizada em aparelhos de ilumina\u00e7\u00e3o, aparelhos de aquecimento el\u00e9trico, petroqu\u00edmica, m\u00e1quinas, t\u00eaxteis, automotivas e outras ind\u00fastrias.<\/p>\n<p><img fetchpriority=\"high\" decoding=\"async\" class=\"alignnone wp-image-30212\" src=\"https:\/\/rollingringdrives.com\/wp-content\/uploads\/2023\/10\/6-1-300x300.jpg\" alt=\"\" width=\"450\" height=\"450\" srcset=\"https:\/\/rollingringdrives.com\/wp-content\/uploads\/2023\/10\/6-1-300x300.jpg 300w, https:\/\/rollingringdrives.com\/wp-content\/uploads\/2023\/10\/6-1-150x150.jpg 150w, https:\/\/rollingringdrives.com\/wp-content\/uploads\/2023\/10\/6-1-768x768.jpg 768w, https:\/\/rollingringdrives.com\/wp-content\/uploads\/2023\/10\/6-1-12x12.jpg 12w, https:\/\/rollingringdrives.com\/wp-content\/uploads\/2023\/10\/6-1-600x600.jpg 600w, https:\/\/rollingringdrives.com\/wp-content\/uploads\/2023\/10\/6-1-100x100.jpg 100w, https:\/\/rollingringdrives.com\/wp-content\/uploads\/2023\/10\/6-1.jpg 800w\" sizes=\"(max-width: 450px) 100vw, 450px\" \/> <img decoding=\"async\" class=\"alignnone wp-image-30210\" src=\"https:\/\/rollingringdrives.com\/wp-content\/uploads\/2023\/10\/H902b1dec171c4149bbcdb598ce27bb86C.jpg_350x350xz-300x300.jpg\" alt=\"\" width=\"450\" height=\"450\" srcset=\"https:\/\/rollingringdrives.com\/wp-content\/uploads\/2023\/10\/H902b1dec171c4149bbcdb598ce27bb86C.jpg_350x350xz-300x300.jpg 300w, https:\/\/rollingringdrives.com\/wp-content\/uploads\/2023\/10\/H902b1dec171c4149bbcdb598ce27bb86C.jpg_350x350xz-150x150.jpg 150w, https:\/\/rollingringdrives.com\/wp-content\/uploads\/2023\/10\/H902b1dec171c4149bbcdb598ce27bb86C.jpg_350x350xz-768x768.jpg 768w, https:\/\/rollingringdrives.com\/wp-content\/uploads\/2023\/10\/H902b1dec171c4149bbcdb598ce27bb86C.jpg_350x350xz-12x12.jpg 12w, https:\/\/rollingringdrives.com\/wp-content\/uploads\/2023\/10\/H902b1dec171c4149bbcdb598ce27bb86C.jpg_350x350xz-600x600.jpg 600w, https:\/\/rollingringdrives.com\/wp-content\/uploads\/2023\/10\/H902b1dec171c4149bbcdb598ce27bb86C.jpg_350x350xz-100x100.jpg 100w, https:\/\/rollingringdrives.com\/wp-content\/uploads\/2023\/10\/H902b1dec171c4149bbcdb598ce27bb86C.jpg_350x350xz.jpg 1000w\" sizes=\"(max-width: 450px) 100vw, 450px\" \/><img decoding=\"async\" class=\"alignnone wp-image-30215\" src=\"https:\/\/rollingringdrives.com\/wp-content\/uploads\/2023\/10\/\u5fae\u4fe1\u56fe\u7247_20231024183757_\u526f\u672c-300x300.png\" alt=\"\" width=\"450\" height=\"450\" srcset=\"https:\/\/rollingringdrives.com\/wp-content\/uploads\/2023\/10\/\u5fae\u4fe1\u56fe\u7247_20231024183757_\u526f\u672c-300x300.png 300w, https:\/\/rollingringdrives.com\/wp-content\/uploads\/2023\/10\/\u5fae\u4fe1\u56fe\u7247_20231024183757_\u526f\u672c-150x150.png 150w, https:\/\/rollingringdrives.com\/wp-content\/uploads\/2023\/10\/\u5fae\u4fe1\u56fe\u7247_20231024183757_\u526f\u672c-12x12.png 12w, https:\/\/rollingringdrives.com\/wp-content\/uploads\/2023\/10\/\u5fae\u4fe1\u56fe\u7247_20231024183757_\u526f\u672c-100x100.png 100w, https:\/\/rollingringdrives.com\/wp-content\/uploads\/2023\/10\/\u5fae\u4fe1\u56fe\u7247_20231024183757_\u526f\u672c.png 600w\" sizes=\"(max-width: 450px) 100vw, 450px\" \/> <img loading=\"lazy\" decoding=\"async\" class=\"alignnone wp-image-30216\" src=\"https:\/\/rollingringdrives.com\/wp-content\/uploads\/2023\/10\/\u5fae\u4fe1\u56fe\u7247_20231024183801_\u526f\u672c-300x300.png\" alt=\"\" width=\"450\" height=\"450\" srcset=\"https:\/\/rollingringdrives.com\/wp-content\/uploads\/2023\/10\/\u5fae\u4fe1\u56fe\u7247_20231024183801_\u526f\u672c-300x300.png 300w, https:\/\/rollingringdrives.com\/wp-content\/uploads\/2023\/10\/\u5fae\u4fe1\u56fe\u7247_20231024183801_\u526f\u672c-150x150.png 150w, https:\/\/rollingringdrives.com\/wp-content\/uploads\/2023\/10\/\u5fae\u4fe1\u56fe\u7247_20231024183801_\u526f\u672c-12x12.png 12w, https:\/\/rollingringdrives.com\/wp-content\/uploads\/2023\/10\/\u5fae\u4fe1\u56fe\u7247_20231024183801_\u526f\u672c-100x100.png 100w, https:\/\/rollingringdrives.com\/wp-content\/uploads\/2023\/10\/\u5fae\u4fe1\u56fe\u7247_20231024183801_\u526f\u672c.png 600w\" sizes=\"(max-width: 450px) 100vw, 450px\" \/><\/p>","protected":false},"excerpt":{"rendered":"<h3>1.Alta resist\u00eancia mec\u00e2nica, resistente ao desgaste<br \/>\n2. Forte resist\u00eancia a \u00e1cidos e \u00e1lcalis e outras eros\u00f5es qu\u00edmicas.<br \/>\n3. Bom desempenho de isolamento el\u00e9trico em temperatura ambiente e alta temperatura.<br \/>\n4. Baixa perda de resist\u00eancia mec\u00e2nica em alta temperatura<\/h3>\n<h3>5.Bom acabamento e estabilidade t\u00e9rmica<\/h3>\n<h3>6. Resist\u00eancia \u00e0 flex\u00e3o e \u00e0 compress\u00e3o<\/h3>","protected":false},"featured_media":30201,"template":"","meta":{"site-sidebar-layout":"default","site-content-layout":"default","ast-global-header-display":"","ast-banner-title-visibility":"","ast-main-header-display":"","ast-hfb-above-header-display":"","ast-hfb-below-header-display":"","ast-hfb-mobile-header-display":"","site-post-title":"","ast-breadcrumbs-content":"","ast-featured-img":"","footer-sml-layout":"","theme-transparent-header-meta":"default","adv-header-id-meta":"","stick-header-meta":"","header-above-stick-meta":"","header-main-stick-meta":"","header-below-stick-meta":""},"product_brand":[],"product_cat":[100,111],"product_tag":[],"class_list":{"0":"post-30199","1":"product","2":"type-product","3":"status-publish","4":"has-post-thumbnail","6":"product_cat-spindle-winding-machine","7":"product_cat-porcelain-eye","8":"desktop-align-left","9":"tablet-align-left","10":"mobile-align-left","12":"first","13":"instock","14":"shipping-taxable","15":"product-type-simple"},"yoast_head":"<!-- This site is optimized with the Yoast SEO Premium plugin v20.12 (Yoast SEO v26.0) - https:\/\/yoast.com\/wordpress\/plugins\/seo\/ -->\n<title>95% Alumina Ceramic Guide Pulley - QiPang<\/title>\n<meta name=\"robots\" content=\"index, follow, max-snippet:-1, max-image-preview:large, max-video-preview:-1\" \/>\n<link rel=\"canonical\" href=\"https:\/\/rollingringdrives.com\/pt\/produtos\/polia-guia-de-ceramica-de-95-alumina\/\" \/>\n<meta property=\"og:locale\" content=\"pt_PT\" \/>\n<meta property=\"og:type\" content=\"article\" \/>\n<meta property=\"og:title\" content=\"95% Alumina Ceramic Guide Pulley\" \/>\n<meta property=\"og:description\" content=\"1.High mechanical strength, wear-resistant 2.Strong resistance to acid and alkali and other chemical erosion. 3.Good electrical insulation performance at room temperature and high temperature. 4. Low mechanical strength loss at high temperature 5.Good finish and thermal stability 6.Flexural and compressive strength\" \/>\n<meta property=\"og:url\" content=\"https:\/\/rollingringdrives.com\/pt\/produtos\/polia-guia-de-ceramica-de-95-alumina\/\" \/>\n<meta property=\"og:site_name\" content=\"QiPang\" \/>\n<meta property=\"article:modified_time\" content=\"2023-10-24T10:42:58+00:00\" \/>\n<meta property=\"og:image\" content=\"https:\/\/rollingringdrives.com\/wp-content\/uploads\/2023\/10\/\u8be6\u60c5\u98758_\u526f\u672c.jpg\" \/>\n\t<meta property=\"og:image:width\" content=\"1000\" \/>\n\t<meta property=\"og:image:height\" content=\"1000\" \/>\n\t<meta property=\"og:image:type\" content=\"image\/jpeg\" \/>\n<meta name=\"twitter:card\" content=\"summary_large_image\" \/>\n<meta name=\"twitter:label1\" content=\"Est. reading time\" \/>\n\t<meta name=\"twitter:data1\" content=\"2 minutos\" \/>\n<script type=\"application\/ld+json\" class=\"yoast-schema-graph\">{\"@context\":\"https:\/\/schema.org\",\"@graph\":[{\"@type\":\"WebPage\",\"@id\":\"https:\/\/rollingringdrives.com\/product\/95-alumina-ceramic-guide-pulley\/\",\"url\":\"https:\/\/rollingringdrives.com\/product\/95-alumina-ceramic-guide-pulley\/\",\"name\":\"95% Alumina Ceramic Guide Pulley - QiPang\",\"isPartOf\":{\"@id\":\"https:\/\/rollingringdrives.com\/#website\"},\"primaryImageOfPage\":{\"@id\":\"https:\/\/rollingringdrives.com\/product\/95-alumina-ceramic-guide-pulley\/#primaryimage\"},\"image\":{\"@id\":\"https:\/\/rollingringdrives.com\/product\/95-alumina-ceramic-guide-pulley\/#primaryimage\"},\"thumbnailUrl\":\"https:\/\/rollingringdrives.com\/wp-content\/uploads\/2023\/10\/\u8be6\u60c5\u98758_\u526f\u672c.jpg\",\"datePublished\":\"2023-10-24T10:07:01+00:00\",\"dateModified\":\"2023-10-24T10:42:58+00:00\",\"breadcrumb\":{\"@id\":\"https:\/\/rollingringdrives.com\/product\/95-alumina-ceramic-guide-pulley\/#breadcrumb\"},\"inLanguage\":\"pt-PT\",\"potentialAction\":[{\"@type\":\"ReadAction\",\"target\":[\"https:\/\/rollingringdrives.com\/product\/95-alumina-ceramic-guide-pulley\/\"]}]},{\"@type\":\"ImageObject\",\"inLanguage\":\"pt-PT\",\"@id\":\"https:\/\/rollingringdrives.com\/product\/95-alumina-ceramic-guide-pulley\/#primaryimage\",\"url\":\"https:\/\/rollingringdrives.com\/wp-content\/uploads\/2023\/10\/\u8be6\u60c5\u98758_\u526f\u672c.jpg\",\"contentUrl\":\"https:\/\/rollingringdrives.com\/wp-content\/uploads\/2023\/10\/\u8be6\u60c5\u98758_\u526f\u672c.jpg\",\"width\":1000,\"height\":1000},{\"@type\":\"BreadcrumbList\",\"@id\":\"https:\/\/rollingringdrives.com\/product\/95-alumina-ceramic-guide-pulley\/#breadcrumb\",\"itemListElement\":[{\"@type\":\"ListItem\",\"position\":1,\"name\":\"Home\",\"item\":\"https:\/\/rollingringdrives.com\/\"},{\"@type\":\"ListItem\",\"position\":2,\"name\":\"Machines\",\"item\":\"https:\/\/rollingringdrives.com\/machines\/\"},{\"@type\":\"ListItem\",\"position\":3,\"name\":\"95% Alumina Ceramic Guide Pulley\"}]},{\"@type\":\"WebSite\",\"@id\":\"https:\/\/rollingringdrives.com\/#website\",\"url\":\"https:\/\/rollingringdrives.com\/\",\"name\":\"QiPang\",\"description\":\"QiPang Blog\",\"publisher\":{\"@id\":\"https:\/\/rollingringdrives.com\/#organization\"},\"potentialAction\":[{\"@type\":\"SearchAction\",\"target\":{\"@type\":\"EntryPoint\",\"urlTemplate\":\"https:\/\/rollingringdrives.com\/?s={search_term_string}\"},\"query-input\":{\"@type\":\"PropertyValueSpecification\",\"valueRequired\":true,\"valueName\":\"search_term_string\"}}],\"inLanguage\":\"pt-PT\"},{\"@type\":\"Organization\",\"@id\":\"https:\/\/rollingringdrives.com\/#organization\",\"name\":\"QiPang\",\"url\":\"https:\/\/rollingringdrives.com\/\",\"logo\":{\"@type\":\"ImageObject\",\"inLanguage\":\"pt-PT\",\"@id\":\"https:\/\/rollingringdrives.com\/#\/schema\/logo\/image\/\",\"url\":\"https:\/\/rollingringdrives.com\/wp-content\/uploads\/2023\/05\/cropped-\u672a\u547d\u540d\u7684\u8bbe\u8ba1.png\",\"contentUrl\":\"https:\/\/rollingringdrives.com\/wp-content\/uploads\/2023\/05\/cropped-\u672a\u547d\u540d\u7684\u8bbe\u8ba1.png\",\"width\":300,\"height\":191,\"caption\":\"QiPang\"},\"image\":{\"@id\":\"https:\/\/rollingringdrives.com\/#\/schema\/logo\/image\/\"}}]}<\/script>\n<!-- \/ Yoast SEO Premium plugin. -->","yoast_head_json":{"title":"Polia guia de cer\u00e2mica de alumina 95% - QiPang","robots":{"index":"index","follow":"follow","max-snippet":"max-snippet:-1","max-image-preview":"max-image-preview:large","max-video-preview":"max-video-preview:-1"},"canonical":"https:\/\/rollingringdrives.com\/pt\/produtos\/polia-guia-de-ceramica-de-95-alumina\/","og_locale":"pt_PT","og_type":"article","og_title":"95% Alumina Ceramic Guide Pulley","og_description":"1.High mechanical strength, wear-resistant 2.Strong resistance to acid and alkali and other chemical erosion. 3.Good electrical insulation performance at room temperature and high temperature. 4. Low mechanical strength loss at high temperature 5.Good finish and thermal stability 6.Flexural and compressive strength","og_url":"https:\/\/rollingringdrives.com\/pt\/produtos\/polia-guia-de-ceramica-de-95-alumina\/","og_site_name":"QiPang","article_modified_time":"2023-10-24T10:42:58+00:00","og_image":[{"width":1000,"height":1000,"url":"https:\/\/rollingringdrives.com\/wp-content\/uploads\/2023\/10\/\u8be6\u60c5\u98758_\u526f\u672c.jpg","type":"image\/jpeg"}],"twitter_card":"summary_large_image","twitter_misc":{"Est. reading time":"2 minutos"},"schema":{"@context":"https:\/\/schema.org","@graph":[{"@type":"WebPage","@id":"https:\/\/rollingringdrives.com\/product\/95-alumina-ceramic-guide-pulley\/","url":"https:\/\/rollingringdrives.com\/product\/95-alumina-ceramic-guide-pulley\/","name":"Polia guia de cer\u00e2mica de alumina 95% - QiPang","isPartOf":{"@id":"https:\/\/rollingringdrives.com\/#website"},"primaryImageOfPage":{"@id":"https:\/\/rollingringdrives.com\/product\/95-alumina-ceramic-guide-pulley\/#primaryimage"},"image":{"@id":"https:\/\/rollingringdrives.com\/product\/95-alumina-ceramic-guide-pulley\/#primaryimage"},"thumbnailUrl":"https:\/\/rollingringdrives.com\/wp-content\/uploads\/2023\/10\/\u8be6\u60c5\u98758_\u526f\u672c.jpg","datePublished":"2023-10-24T10:07:01+00:00","dateModified":"2023-10-24T10:42:58+00:00","breadcrumb":{"@id":"https:\/\/rollingringdrives.com\/product\/95-alumina-ceramic-guide-pulley\/#breadcrumb"},"inLanguage":"pt-PT","potentialAction":[{"@type":"ReadAction","target":["https:\/\/rollingringdrives.com\/product\/95-alumina-ceramic-guide-pulley\/"]}]},{"@type":"ImageObject","inLanguage":"pt-PT","@id":"https:\/\/rollingringdrives.com\/product\/95-alumina-ceramic-guide-pulley\/#primaryimage","url":"https:\/\/rollingringdrives.com\/wp-content\/uploads\/2023\/10\/\u8be6\u60c5\u98758_\u526f\u672c.jpg","contentUrl":"https:\/\/rollingringdrives.com\/wp-content\/uploads\/2023\/10\/\u8be6\u60c5\u98758_\u526f\u672c.jpg","width":1000,"height":1000},{"@type":"BreadcrumbList","@id":"https:\/\/rollingringdrives.com\/product\/95-alumina-ceramic-guide-pulley\/#breadcrumb","itemListElement":[{"@type":"ListItem","position":1,"name":"Home","item":"https:\/\/rollingringdrives.com\/"},{"@type":"ListItem","position":2,"name":"Machines","item":"https:\/\/rollingringdrives.com\/machines\/"},{"@type":"ListItem","position":3,"name":"95% Alumina Ceramic Guide Pulley"}]},{"@type":"WebSite","@id":"https:\/\/rollingringdrives.com\/#website","url":"https:\/\/rollingringdrives.com\/","name":"QiPangName","description":"Blog QiPang","publisher":{"@id":"https:\/\/rollingringdrives.com\/#organization"},"potentialAction":[{"@type":"SearchAction","target":{"@type":"EntryPoint","urlTemplate":"https:\/\/rollingringdrives.com\/?s={search_term_string}"},"query-input":{"@type":"PropertyValueSpecification","valueRequired":true,"valueName":"search_term_string"}}],"inLanguage":"pt-PT"},{"@type":"Organization","@id":"https:\/\/rollingringdrives.com\/#organization","name":"QiPangName","url":"https:\/\/rollingringdrives.com\/","logo":{"@type":"ImageObject","inLanguage":"pt-PT","@id":"https:\/\/rollingringdrives.com\/#\/schema\/logo\/image\/","url":"https:\/\/rollingringdrives.com\/wp-content\/uploads\/2023\/05\/cropped-\u672a\u547d\u540d\u7684\u8bbe\u8ba1.png","contentUrl":"https:\/\/rollingringdrives.com\/wp-content\/uploads\/2023\/05\/cropped-\u672a\u547d\u540d\u7684\u8bbe\u8ba1.png","width":300,"height":191,"caption":"QiPang"},"image":{"@id":"https:\/\/rollingringdrives.com\/#\/schema\/logo\/image\/"}}]}},"_links":{"self":[{"href":"https:\/\/rollingringdrives.com\/pt\/wp-json\/wp\/v2\/product\/30199","targetHints":{"allow":["GET"]}}],"collection":[{"href":"https:\/\/rollingringdrives.com\/pt\/wp-json\/wp\/v2\/product"}],"about":[{"href":"https:\/\/rollingringdrives.com\/pt\/wp-json\/wp\/v2\/types\/product"}],"version-history":[{"count":0,"href":"https:\/\/rollingringdrives.com\/pt\/wp-json\/wp\/v2\/product\/30199\/revisions"}],"wp:featuredmedia":[{"embeddable":true,"href":"https:\/\/rollingringdrives.com\/pt\/wp-json\/wp\/v2\/media\/30201"}],"wp:attachment":[{"href":"https:\/\/rollingringdrives.com\/pt\/wp-json\/wp\/v2\/media?parent=30199"}],"wp:term":[{"taxonomy":"product_brand","embeddable":true,"href":"https:\/\/rollingringdrives.com\/pt\/wp-json\/wp\/v2\/product_brand?post=30199"},{"taxonomy":"product_cat","embeddable":true,"href":"https:\/\/rollingringdrives.com\/pt\/wp-json\/wp\/v2\/product_cat?post=30199"},{"taxonomy":"product_tag","embeddable":true,"href":"https:\/\/rollingringdrives.com\/pt\/wp-json\/wp\/v2\/product_tag?post=30199"}],"curies":[{"name":"wp","href":"https:\/\/api.w.org\/{rel}","templated":true}]}}