{"id":30226,"date":"2023-10-24T11:13:22","date_gmt":"2023-10-24T11:13:22","guid":{"rendered":"https:\/\/rollingringdrives.com\/?post_type=product&#038;p=30226"},"modified":"2023-10-25T06:24:39","modified_gmt":"2023-10-25T06:24:39","slug":"titanium-dioxide-ceramic-wire-guide","status":"publish","type":"product","link":"https:\/\/rollingringdrives.com\/pt\/produtos\/guia-de-fio-ceramico-de-dioxido-de-titanio\/","title":{"rendered":"Guia de fio cer\u00e2mico de di\u00f3xido de tit\u00e2nio"},"content":{"rendered":"<p>Guia de fio cer\u00e2mico de di\u00f3xido de tit\u00e2nio, ou seja, cer\u00e2mica composta de tit\u00e2nio de zirc\u00f4nia, composta principalmente de dois materiais de zirc\u00f4nia e \u00f3xido de tit\u00e2nio. Dentre elas, a zirc\u00f4nia possui caracter\u00edsticas de alta resist\u00eancia, alta dureza e alta estabilidade, podendo ser utilizada na fabrica\u00e7\u00e3o de pr\u00f3teses cer\u00e2micas de alta resist\u00eancia. O \u00f3xido de tit\u00e2nio possui caracter\u00edsticas de alta biocompatibilidade e boa adaptabilidade biol\u00f3gica, que pode ser utilizada para aumentar a biocompatibilidade entre a pr\u00f3tese e o tecido e melhorar o efeito de reparo.<\/p>\n<h3>Formul\u00e1rios<\/h3>\n<p>No aspecto do guia de fio cer\u00e2mico de di\u00f3xido de tit\u00e2nio funcional, sua excelente resist\u00eancia a altas temperaturas \u00e9 usada como tubo de aquecimento por indu\u00e7\u00e3o, material refrat\u00e1rio, elemento de aquecimento. As guias de fio cer\u00e2mico de di\u00f3xido de tit\u00e2nio t\u00eam propriedades el\u00e9tricas sens\u00edveis e s\u00e3o usadas principalmente em sensores de oxig\u00eanio, c\u00e9lulas de combust\u00edvel de \u00f3xido s\u00f3lido e corpos de aquecimento de alta temperatura. Al\u00e9m disso, o guia de fio cer\u00e2mico de di\u00f3xido de tit\u00e2nio \u00e9 amplamente utilizado em revestimentos de barreira t\u00e9rmica, transportadores de catalisador, m\u00e9dicos, cuidados de sa\u00fade, refrat\u00e1rios, t\u00eaxteis e outros campos.<\/p>\n<p>&nbsp;<\/p>\n<p><img fetchpriority=\"high\" decoding=\"async\" class=\"alignnone wp-image-30228\" src=\"https:\/\/rollingringdrives.com\/wp-content\/uploads\/2023\/10\/\u6c27\u5316\u949b\u74f7\u773c\u4e3b\u56fe-2-300x300.jpg\" alt=\"\" width=\"450\" height=\"450\" srcset=\"https:\/\/rollingringdrives.com\/wp-content\/uploads\/2023\/10\/\u6c27\u5316\u949b\u74f7\u773c\u4e3b\u56fe-2-300x300.jpg 300w, https:\/\/rollingringdrives.com\/wp-content\/uploads\/2023\/10\/\u6c27\u5316\u949b\u74f7\u773c\u4e3b\u56fe-2-150x150.jpg 150w, https:\/\/rollingringdrives.com\/wp-content\/uploads\/2023\/10\/\u6c27\u5316\u949b\u74f7\u773c\u4e3b\u56fe-2-12x12.jpg 12w, https:\/\/rollingringdrives.com\/wp-content\/uploads\/2023\/10\/\u6c27\u5316\u949b\u74f7\u773c\u4e3b\u56fe-2-600x600.jpg 600w, https:\/\/rollingringdrives.com\/wp-content\/uploads\/2023\/10\/\u6c27\u5316\u949b\u74f7\u773c\u4e3b\u56fe-2-100x100.jpg 100w, https:\/\/rollingringdrives.com\/wp-content\/uploads\/2023\/10\/\u6c27\u5316\u949b\u74f7\u773c\u4e3b\u56fe-2.jpg 750w\" sizes=\"(max-width: 450px) 100vw, 450px\" \/> <img decoding=\"async\" class=\"alignnone wp-image-30229\" src=\"https:\/\/rollingringdrives.com\/wp-content\/uploads\/2023\/10\/\u6c27\u5316\u949b\u74f7\u773c\u4e3b\u56fe-4-300x300.jpg\" alt=\"\" width=\"450\" height=\"450\" srcset=\"https:\/\/rollingringdrives.com\/wp-content\/uploads\/2023\/10\/\u6c27\u5316\u949b\u74f7\u773c\u4e3b\u56fe-4-300x300.jpg 300w, https:\/\/rollingringdrives.com\/wp-content\/uploads\/2023\/10\/\u6c27\u5316\u949b\u74f7\u773c\u4e3b\u56fe-4-150x150.jpg 150w, https:\/\/rollingringdrives.com\/wp-content\/uploads\/2023\/10\/\u6c27\u5316\u949b\u74f7\u773c\u4e3b\u56fe-4-12x12.jpg 12w, https:\/\/rollingringdrives.com\/wp-content\/uploads\/2023\/10\/\u6c27\u5316\u949b\u74f7\u773c\u4e3b\u56fe-4-600x600.jpg 600w, https:\/\/rollingringdrives.com\/wp-content\/uploads\/2023\/10\/\u6c27\u5316\u949b\u74f7\u773c\u4e3b\u56fe-4-100x100.jpg 100w, https:\/\/rollingringdrives.com\/wp-content\/uploads\/2023\/10\/\u6c27\u5316\u949b\u74f7\u773c\u4e3b\u56fe-4.jpg 750w\" sizes=\"(max-width: 450px) 100vw, 450px\" \/><\/p>","protected":false},"excerpt":{"rendered":"<h4>1. Alta resist\u00eancia: excelente durabilidade e antidesgaste, n\u00e3o \u00e9 f\u00e1cil de usar e quebrar.<br \/>\n2. Alta biocompatibilidade: tit\u00e2nio e zirc\u00f4nia em materiais de porcelana de tit\u00e2nio t\u00eam boa biocompatibilidade com tecidos humanos<br \/>\n3. Plasticidade forte:<br \/>\n4. Cor natural: a porcelana de tit\u00e2nio tem cor e brilho semelhantes aos dentes naturais<br \/>\n5. Seguro e confi\u00e1vel: a seguran\u00e7a do material de porcelana de tit\u00e2nio \u00e9 uma composi\u00e7\u00e3o alta, est\u00e1vel e confi\u00e1vel<\/h4>\n<h4>6. Alta resist\u00eancia, alta dureza, alta estabilidade<\/h4>\n<h3>7.antiest\u00e1tico<\/h3>","protected":false},"featured_media":30230,"template":"","meta":{"site-sidebar-layout":"default","site-content-layout":"default","ast-global-header-display":"","ast-banner-title-visibility":"","ast-main-header-display":"","ast-hfb-above-header-display":"","ast-hfb-below-header-display":"","ast-hfb-mobile-header-display":"","site-post-title":"","ast-breadcrumbs-content":"","ast-featured-img":"","footer-sml-layout":"","theme-transparent-header-meta":"default","adv-header-id-meta":"","stick-header-meta":"","header-above-stick-meta":"","header-main-stick-meta":"","header-below-stick-meta":""},"product_brand":[],"product_cat":[100,111],"product_tag":[],"class_list":{"0":"post-30226","1":"product","2":"type-product","3":"status-publish","4":"has-post-thumbnail","6":"product_cat-spindle-winding-machine","7":"product_cat-porcelain-eye","8":"desktop-align-left","9":"tablet-align-left","10":"mobile-align-left","12":"first","13":"instock","14":"shipping-taxable","15":"product-type-simple"},"yoast_head":"<!-- This site is optimized with the Yoast SEO Premium plugin v20.12 (Yoast SEO v26.0) - https:\/\/yoast.com\/wordpress\/plugins\/seo\/ -->\n<title>Titanium Dioxide Ceramic Wire Guide - QiPang<\/title>\n<meta name=\"robots\" content=\"index, follow, max-snippet:-1, max-image-preview:large, max-video-preview:-1\" \/>\n<link rel=\"canonical\" href=\"https:\/\/rollingringdrives.com\/pt\/produtos\/guia-de-fio-ceramico-de-dioxido-de-titanio\/\" \/>\n<meta property=\"og:locale\" content=\"pt_PT\" \/>\n<meta property=\"og:type\" content=\"article\" \/>\n<meta property=\"og:title\" content=\"Titanium Dioxide Ceramic Wire Guide\" \/>\n<meta property=\"og:description\" content=\"1. High strength: excellent durability and anti-wear, not easy to wear and break. 2. High biocompatibility: titanium and zirconia in titanium porcelain materials have good biocompatibility with human tissues 3. Strong plasticity: 4. Natural color: titanium porcelain has a color and luster similar to natural teeth 5. Safe and reliable: titanium porcelain material safety is high, stable and reliable composition 6. High strength, high hardness, high stability 7.antistatic\" \/>\n<meta property=\"og:url\" content=\"https:\/\/rollingringdrives.com\/pt\/produtos\/guia-de-fio-ceramico-de-dioxido-de-titanio\/\" \/>\n<meta property=\"og:site_name\" content=\"QiPang\" \/>\n<meta property=\"article:modified_time\" content=\"2023-10-25T06:24:39+00:00\" \/>\n<meta property=\"og:image\" content=\"https:\/\/rollingringdrives.com\/wp-content\/uploads\/2023\/10\/\u6c27\u5316\u949b\u74f7\u773c\u4e3b\u56fe-3_\u526f\u672c.png\" \/>\n\t<meta property=\"og:image:width\" content=\"612\" \/>\n\t<meta property=\"og:image:height\" content=\"612\" \/>\n\t<meta property=\"og:image:type\" content=\"image\/png\" \/>\n<meta name=\"twitter:card\" content=\"summary_large_image\" \/>\n<meta name=\"twitter:label1\" content=\"Est. reading time\" \/>\n\t<meta name=\"twitter:data1\" content=\"2 minutos\" \/>\n<script type=\"application\/ld+json\" class=\"yoast-schema-graph\">{\"@context\":\"https:\/\/schema.org\",\"@graph\":[{\"@type\":\"WebPage\",\"@id\":\"https:\/\/rollingringdrives.com\/product\/titanium-dioxide-ceramic-wire-guide\/\",\"url\":\"https:\/\/rollingringdrives.com\/product\/titanium-dioxide-ceramic-wire-guide\/\",\"name\":\"Titanium Dioxide Ceramic Wire Guide - QiPang\",\"isPartOf\":{\"@id\":\"https:\/\/rollingringdrives.com\/#website\"},\"primaryImageOfPage\":{\"@id\":\"https:\/\/rollingringdrives.com\/product\/titanium-dioxide-ceramic-wire-guide\/#primaryimage\"},\"image\":{\"@id\":\"https:\/\/rollingringdrives.com\/product\/titanium-dioxide-ceramic-wire-guide\/#primaryimage\"},\"thumbnailUrl\":\"https:\/\/rollingringdrives.com\/wp-content\/uploads\/2023\/10\/\u6c27\u5316\u949b\u74f7\u773c\u4e3b\u56fe-3_\u526f\u672c.png\",\"datePublished\":\"2023-10-24T11:13:22+00:00\",\"dateModified\":\"2023-10-25T06:24:39+00:00\",\"breadcrumb\":{\"@id\":\"https:\/\/rollingringdrives.com\/product\/titanium-dioxide-ceramic-wire-guide\/#breadcrumb\"},\"inLanguage\":\"pt-PT\",\"potentialAction\":[{\"@type\":\"ReadAction\",\"target\":[\"https:\/\/rollingringdrives.com\/product\/titanium-dioxide-ceramic-wire-guide\/\"]}]},{\"@type\":\"ImageObject\",\"inLanguage\":\"pt-PT\",\"@id\":\"https:\/\/rollingringdrives.com\/product\/titanium-dioxide-ceramic-wire-guide\/#primaryimage\",\"url\":\"https:\/\/rollingringdrives.com\/wp-content\/uploads\/2023\/10\/\u6c27\u5316\u949b\u74f7\u773c\u4e3b\u56fe-3_\u526f\u672c.png\",\"contentUrl\":\"https:\/\/rollingringdrives.com\/wp-content\/uploads\/2023\/10\/\u6c27\u5316\u949b\u74f7\u773c\u4e3b\u56fe-3_\u526f\u672c.png\",\"width\":612,\"height\":612,\"caption\":\"Titanium Dioxide Ceramic Wire Guide\"},{\"@type\":\"BreadcrumbList\",\"@id\":\"https:\/\/rollingringdrives.com\/product\/titanium-dioxide-ceramic-wire-guide\/#breadcrumb\",\"itemListElement\":[{\"@type\":\"ListItem\",\"position\":1,\"name\":\"Home\",\"item\":\"https:\/\/rollingringdrives.com\/\"},{\"@type\":\"ListItem\",\"position\":2,\"name\":\"Machines\",\"item\":\"https:\/\/rollingringdrives.com\/machines\/\"},{\"@type\":\"ListItem\",\"position\":3,\"name\":\"Titanium Dioxide Ceramic Wire Guide\"}]},{\"@type\":\"WebSite\",\"@id\":\"https:\/\/rollingringdrives.com\/#website\",\"url\":\"https:\/\/rollingringdrives.com\/\",\"name\":\"QiPang\",\"description\":\"QiPang Blog\",\"publisher\":{\"@id\":\"https:\/\/rollingringdrives.com\/#organization\"},\"potentialAction\":[{\"@type\":\"SearchAction\",\"target\":{\"@type\":\"EntryPoint\",\"urlTemplate\":\"https:\/\/rollingringdrives.com\/?s={search_term_string}\"},\"query-input\":{\"@type\":\"PropertyValueSpecification\",\"valueRequired\":true,\"valueName\":\"search_term_string\"}}],\"inLanguage\":\"pt-PT\"},{\"@type\":\"Organization\",\"@id\":\"https:\/\/rollingringdrives.com\/#organization\",\"name\":\"QiPang\",\"url\":\"https:\/\/rollingringdrives.com\/\",\"logo\":{\"@type\":\"ImageObject\",\"inLanguage\":\"pt-PT\",\"@id\":\"https:\/\/rollingringdrives.com\/#\/schema\/logo\/image\/\",\"url\":\"https:\/\/rollingringdrives.com\/wp-content\/uploads\/2023\/05\/cropped-\u672a\u547d\u540d\u7684\u8bbe\u8ba1.png\",\"contentUrl\":\"https:\/\/rollingringdrives.com\/wp-content\/uploads\/2023\/05\/cropped-\u672a\u547d\u540d\u7684\u8bbe\u8ba1.png\",\"width\":300,\"height\":191,\"caption\":\"QiPang\"},\"image\":{\"@id\":\"https:\/\/rollingringdrives.com\/#\/schema\/logo\/image\/\"}}]}<\/script>\n<!-- \/ Yoast SEO Premium plugin. -->","yoast_head_json":{"title":"Guia de fio cer\u00e2mico de di\u00f3xido de tit\u00e2nio - QiPang","robots":{"index":"index","follow":"follow","max-snippet":"max-snippet:-1","max-image-preview":"max-image-preview:large","max-video-preview":"max-video-preview:-1"},"canonical":"https:\/\/rollingringdrives.com\/pt\/produtos\/guia-de-fio-ceramico-de-dioxido-de-titanio\/","og_locale":"pt_PT","og_type":"article","og_title":"Titanium Dioxide Ceramic Wire Guide","og_description":"1. High strength: excellent durability and anti-wear, not easy to wear and break. 2. High biocompatibility: titanium and zirconia in titanium porcelain materials have good biocompatibility with human tissues 3. Strong plasticity: 4. Natural color: titanium porcelain has a color and luster similar to natural teeth 5. Safe and reliable: titanium porcelain material safety is high, stable and reliable composition 6. High strength, high hardness, high stability 7.antistatic","og_url":"https:\/\/rollingringdrives.com\/pt\/produtos\/guia-de-fio-ceramico-de-dioxido-de-titanio\/","og_site_name":"QiPang","article_modified_time":"2023-10-25T06:24:39+00:00","og_image":[{"width":612,"height":612,"url":"https:\/\/rollingringdrives.com\/wp-content\/uploads\/2023\/10\/\u6c27\u5316\u949b\u74f7\u773c\u4e3b\u56fe-3_\u526f\u672c.png","type":"image\/png"}],"twitter_card":"summary_large_image","twitter_misc":{"Est. reading time":"2 minutos"},"schema":{"@context":"https:\/\/schema.org","@graph":[{"@type":"WebPage","@id":"https:\/\/rollingringdrives.com\/product\/titanium-dioxide-ceramic-wire-guide\/","url":"https:\/\/rollingringdrives.com\/product\/titanium-dioxide-ceramic-wire-guide\/","name":"Guia de fio cer\u00e2mico de di\u00f3xido de tit\u00e2nio - QiPang","isPartOf":{"@id":"https:\/\/rollingringdrives.com\/#website"},"primaryImageOfPage":{"@id":"https:\/\/rollingringdrives.com\/product\/titanium-dioxide-ceramic-wire-guide\/#primaryimage"},"image":{"@id":"https:\/\/rollingringdrives.com\/product\/titanium-dioxide-ceramic-wire-guide\/#primaryimage"},"thumbnailUrl":"https:\/\/rollingringdrives.com\/wp-content\/uploads\/2023\/10\/\u6c27\u5316\u949b\u74f7\u773c\u4e3b\u56fe-3_\u526f\u672c.png","datePublished":"2023-10-24T11:13:22+00:00","dateModified":"2023-10-25T06:24:39+00:00","breadcrumb":{"@id":"https:\/\/rollingringdrives.com\/product\/titanium-dioxide-ceramic-wire-guide\/#breadcrumb"},"inLanguage":"pt-PT","potentialAction":[{"@type":"ReadAction","target":["https:\/\/rollingringdrives.com\/product\/titanium-dioxide-ceramic-wire-guide\/"]}]},{"@type":"ImageObject","inLanguage":"pt-PT","@id":"https:\/\/rollingringdrives.com\/product\/titanium-dioxide-ceramic-wire-guide\/#primaryimage","url":"https:\/\/rollingringdrives.com\/wp-content\/uploads\/2023\/10\/\u6c27\u5316\u949b\u74f7\u773c\u4e3b\u56fe-3_\u526f\u672c.png","contentUrl":"https:\/\/rollingringdrives.com\/wp-content\/uploads\/2023\/10\/\u6c27\u5316\u949b\u74f7\u773c\u4e3b\u56fe-3_\u526f\u672c.png","width":612,"height":612,"caption":"Titanium Dioxide Ceramic Wire Guide"},{"@type":"BreadcrumbList","@id":"https:\/\/rollingringdrives.com\/product\/titanium-dioxide-ceramic-wire-guide\/#breadcrumb","itemListElement":[{"@type":"ListItem","position":1,"name":"Home","item":"https:\/\/rollingringdrives.com\/"},{"@type":"ListItem","position":2,"name":"Machines","item":"https:\/\/rollingringdrives.com\/machines\/"},{"@type":"ListItem","position":3,"name":"Titanium Dioxide Ceramic Wire Guide"}]},{"@type":"WebSite","@id":"https:\/\/rollingringdrives.com\/#website","url":"https:\/\/rollingringdrives.com\/","name":"QiPangName","description":"Blog QiPang","publisher":{"@id":"https:\/\/rollingringdrives.com\/#organization"},"potentialAction":[{"@type":"SearchAction","target":{"@type":"EntryPoint","urlTemplate":"https:\/\/rollingringdrives.com\/?s={search_term_string}"},"query-input":{"@type":"PropertyValueSpecification","valueRequired":true,"valueName":"search_term_string"}}],"inLanguage":"pt-PT"},{"@type":"Organization","@id":"https:\/\/rollingringdrives.com\/#organization","name":"QiPangName","url":"https:\/\/rollingringdrives.com\/","logo":{"@type":"ImageObject","inLanguage":"pt-PT","@id":"https:\/\/rollingringdrives.com\/#\/schema\/logo\/image\/","url":"https:\/\/rollingringdrives.com\/wp-content\/uploads\/2023\/05\/cropped-\u672a\u547d\u540d\u7684\u8bbe\u8ba1.png","contentUrl":"https:\/\/rollingringdrives.com\/wp-content\/uploads\/2023\/05\/cropped-\u672a\u547d\u540d\u7684\u8bbe\u8ba1.png","width":300,"height":191,"caption":"QiPang"},"image":{"@id":"https:\/\/rollingringdrives.com\/#\/schema\/logo\/image\/"}}]}},"_links":{"self":[{"href":"https:\/\/rollingringdrives.com\/pt\/wp-json\/wp\/v2\/product\/30226","targetHints":{"allow":["GET"]}}],"collection":[{"href":"https:\/\/rollingringdrives.com\/pt\/wp-json\/wp\/v2\/product"}],"about":[{"href":"https:\/\/rollingringdrives.com\/pt\/wp-json\/wp\/v2\/types\/product"}],"version-history":[{"count":0,"href":"https:\/\/rollingringdrives.com\/pt\/wp-json\/wp\/v2\/product\/30226\/revisions"}],"wp:featuredmedia":[{"embeddable":true,"href":"https:\/\/rollingringdrives.com\/pt\/wp-json\/wp\/v2\/media\/30230"}],"wp:attachment":[{"href":"https:\/\/rollingringdrives.com\/pt\/wp-json\/wp\/v2\/media?parent=30226"}],"wp:term":[{"taxonomy":"product_brand","embeddable":true,"href":"https:\/\/rollingringdrives.com\/pt\/wp-json\/wp\/v2\/product_brand?post=30226"},{"taxonomy":"product_cat","embeddable":true,"href":"https:\/\/rollingringdrives.com\/pt\/wp-json\/wp\/v2\/product_cat?post=30226"},{"taxonomy":"product_tag","embeddable":true,"href":"https:\/\/rollingringdrives.com\/pt\/wp-json\/wp\/v2\/product_tag?post=30226"}],"curies":[{"name":"wp","href":"https:\/\/api.w.org\/{rel}","templated":true}]}}