{"id":30246,"date":"2023-10-25T01:23:09","date_gmt":"2023-10-25T01:23:09","guid":{"rendered":"https:\/\/rollingringdrives.com\/?post_type=product&#038;p=30246"},"modified":"2023-10-25T01:29:06","modified_gmt":"2023-10-25T01:29:06","slug":"threaded-porcelain-eye-3","status":"publish","type":"product","link":"https:\/\/rollingringdrives.com\/pt\/produtos\/olho-de-porcelana-roscado-3\/","title":{"rendered":"Olho de porcelana rosqueado"},"content":{"rendered":"<p>As cer\u00e2micas de alto desempenho produzidas por granula\u00e7\u00e3o por spray, prensagem isost\u00e1tica e processo de sinteriza\u00e7\u00e3o em alta temperatura s\u00e3o chamadas de Olho de Porcelana Rosqueado. Possui caracter\u00edsticas de alta dureza, resist\u00eancia ao desgaste e boa resist\u00eancia \u00e0 corros\u00e3o. Pode ser amplamente utilizado em meios de moagem de moinho de bolas, moinho vibrat\u00f3rio, moinho planet\u00e1rio e moinho de agita\u00e7\u00e3o. A taxa de desgaste dos olhos de porcelana rosqueada \u00e9 pequena, sem material de sujeira, longa vida \u00fatil e alta efici\u00eancia de moagem.<\/p>\n<h3 id=\"4-eael-table-of-content\" class=\"eael-heading-content\"><strong>Formul\u00e1rios:<\/strong><\/h3>\n<p>Olho de Porcelana Rosqueado pode ser utilizado em biocer\u00e2mica, desempenho superior, para atender \u00e0s necessidades de desempenho di\u00e1rio e especial, amplamente utilizado em aparelhos de ilumina\u00e7\u00e3o, aparelhos de aquecimento el\u00e9trico, petroqu\u00edmico, m\u00e1quinas, t\u00eaxtil, automotivo e outras ind\u00fastrias.<\/p>\n<p><img fetchpriority=\"high\" decoding=\"async\" class=\"alignnone wp-image-30248 size-full\" src=\"https:\/\/rollingringdrives.com\/wp-content\/uploads\/2023\/10\/3-2.jpg\" alt=\"\" width=\"1000\" height=\"1000\" srcset=\"https:\/\/rollingringdrives.com\/wp-content\/uploads\/2023\/10\/3-2.jpg 1000w, https:\/\/rollingringdrives.com\/wp-content\/uploads\/2023\/10\/3-2-300x300.jpg 300w, https:\/\/rollingringdrives.com\/wp-content\/uploads\/2023\/10\/3-2-150x150.jpg 150w, https:\/\/rollingringdrives.com\/wp-content\/uploads\/2023\/10\/3-2-768x768.jpg 768w, https:\/\/rollingringdrives.com\/wp-content\/uploads\/2023\/10\/3-2-12x12.jpg 12w, https:\/\/rollingringdrives.com\/wp-content\/uploads\/2023\/10\/3-2-600x600.jpg 600w, https:\/\/rollingringdrives.com\/wp-content\/uploads\/2023\/10\/3-2-100x100.jpg 100w\" sizes=\"(max-width: 1000px) 100vw, 1000px\" \/><\/p>\n<p><img decoding=\"async\" class=\"wp-image-30238 size-full\" src=\"https:\/\/rollingringdrives.com\/wp-content\/uploads\/2023\/10\/4-2.jpg\" alt=\"Olho de porcelana rosqueado\" width=\"1000\" height=\"1000\" srcset=\"https:\/\/rollingringdrives.com\/wp-content\/uploads\/2023\/10\/4-2.jpg 1000w, https:\/\/rollingringdrives.com\/wp-content\/uploads\/2023\/10\/4-2-300x300.jpg 300w, https:\/\/rollingringdrives.com\/wp-content\/uploads\/2023\/10\/4-2-150x150.jpg 150w, https:\/\/rollingringdrives.com\/wp-content\/uploads\/2023\/10\/4-2-768x768.jpg 768w, https:\/\/rollingringdrives.com\/wp-content\/uploads\/2023\/10\/4-2-12x12.jpg 12w, https:\/\/rollingringdrives.com\/wp-content\/uploads\/2023\/10\/4-2-600x600.jpg 600w, https:\/\/rollingringdrives.com\/wp-content\/uploads\/2023\/10\/4-2-100x100.jpg 100w\" sizes=\"(max-width: 1000px) 100vw, 1000px\" \/><\/p>","protected":false},"excerpt":{"rendered":"<h3 id=\"1-eael-table-of-content\" class=\"eael-heading-content\">1.Alta resist\u00eancia mec\u00e2nica, resistente ao desgaste<br \/>\n2. Forte resist\u00eancia a \u00e1cidos e \u00e1lcalis e outras eros\u00f5es qu\u00edmicas.<br \/>\n3. Bom desempenho de isolamento el\u00e9trico em temperatura ambiente e alta temperatura.<br \/>\n4. Baixa perda de resist\u00eancia mec\u00e2nica em alta temperatura<\/h3>\n<h3 id=\"2-eael-table-of-content\" class=\"eael-heading-content\">5.Bom acabamento e estabilidade t\u00e9rmica<\/h3>\n<h3 id=\"3-eael-table-of-content\" class=\"eael-heading-content\">6. Resist\u00eancia \u00e0 flex\u00e3o e \u00e0 compress\u00e3o<\/h3>","protected":false},"featured_media":30249,"template":"","meta":{"site-sidebar-layout":"default","site-content-layout":"default","ast-global-header-display":"","ast-banner-title-visibility":"","ast-main-header-display":"","ast-hfb-above-header-display":"","ast-hfb-below-header-display":"","ast-hfb-mobile-header-display":"","site-post-title":"","ast-breadcrumbs-content":"","ast-featured-img":"","footer-sml-layout":"","theme-transparent-header-meta":"default","adv-header-id-meta":"","stick-header-meta":"","header-above-stick-meta":"","header-main-stick-meta":"","header-below-stick-meta":""},"product_brand":[],"product_cat":[100,111],"product_tag":[],"class_list":{"0":"post-30246","1":"product","2":"type-product","3":"status-publish","4":"has-post-thumbnail","6":"product_cat-spindle-winding-machine","7":"product_cat-porcelain-eye","8":"desktop-align-left","9":"tablet-align-left","10":"mobile-align-left","12":"first","13":"instock","14":"shipping-taxable","15":"product-type-simple"},"yoast_head":"<!-- This site is optimized with the Yoast SEO Premium plugin v20.12 (Yoast SEO v26.0) - https:\/\/yoast.com\/wordpress\/plugins\/seo\/ -->\n<title>Threaded Porcelain Eye - QiPang<\/title>\n<meta name=\"robots\" content=\"index, follow, max-snippet:-1, max-image-preview:large, max-video-preview:-1\" \/>\n<link rel=\"canonical\" href=\"https:\/\/rollingringdrives.com\/pt\/produtos\/olho-de-porcelana-roscado-3\/\" \/>\n<meta property=\"og:locale\" content=\"pt_PT\" \/>\n<meta property=\"og:type\" content=\"article\" \/>\n<meta property=\"og:title\" content=\"Threaded Porcelain Eye\" \/>\n<meta property=\"og:description\" content=\"1.High mechanical strength, wear-resistant 2.Strong resistance to acid and alkali and other chemical erosion. 3.Good electrical insulation performance at room temperature and high temperature. 4. Low mechanical strength loss at high temperature 5.Good finish and thermal stability 6.Flexural and compressive strength\" \/>\n<meta property=\"og:url\" content=\"https:\/\/rollingringdrives.com\/pt\/produtos\/olho-de-porcelana-roscado-3\/\" \/>\n<meta property=\"og:site_name\" content=\"QiPang\" \/>\n<meta property=\"article:modified_time\" content=\"2023-10-25T01:29:06+00:00\" \/>\n<meta property=\"og:image\" content=\"https:\/\/rollingringdrives.com\/wp-content\/uploads\/2023\/10\/1-4.jpg\" \/>\n\t<meta property=\"og:image:width\" content=\"1000\" \/>\n\t<meta property=\"og:image:height\" content=\"1000\" \/>\n\t<meta property=\"og:image:type\" content=\"image\/jpeg\" \/>\n<meta name=\"twitter:card\" content=\"summary_large_image\" \/>\n<meta name=\"twitter:label1\" content=\"Est. reading time\" \/>\n\t<meta name=\"twitter:data1\" content=\"1 minuto\" \/>\n<script type=\"application\/ld+json\" class=\"yoast-schema-graph\">{\"@context\":\"https:\/\/schema.org\",\"@graph\":[{\"@type\":\"WebPage\",\"@id\":\"https:\/\/rollingringdrives.com\/product\/threaded-porcelain-eye-3\/\",\"url\":\"https:\/\/rollingringdrives.com\/product\/threaded-porcelain-eye-3\/\",\"name\":\"Threaded Porcelain Eye - QiPang\",\"isPartOf\":{\"@id\":\"https:\/\/rollingringdrives.com\/#website\"},\"primaryImageOfPage\":{\"@id\":\"https:\/\/rollingringdrives.com\/product\/threaded-porcelain-eye-3\/#primaryimage\"},\"image\":{\"@id\":\"https:\/\/rollingringdrives.com\/product\/threaded-porcelain-eye-3\/#primaryimage\"},\"thumbnailUrl\":\"https:\/\/rollingringdrives.com\/wp-content\/uploads\/2023\/10\/1-4.jpg\",\"datePublished\":\"2023-10-25T01:23:09+00:00\",\"dateModified\":\"2023-10-25T01:29:06+00:00\",\"breadcrumb\":{\"@id\":\"https:\/\/rollingringdrives.com\/product\/threaded-porcelain-eye-3\/#breadcrumb\"},\"inLanguage\":\"pt-PT\",\"potentialAction\":[{\"@type\":\"ReadAction\",\"target\":[\"https:\/\/rollingringdrives.com\/product\/threaded-porcelain-eye-3\/\"]}]},{\"@type\":\"ImageObject\",\"inLanguage\":\"pt-PT\",\"@id\":\"https:\/\/rollingringdrives.com\/product\/threaded-porcelain-eye-3\/#primaryimage\",\"url\":\"https:\/\/rollingringdrives.com\/wp-content\/uploads\/2023\/10\/1-4.jpg\",\"contentUrl\":\"https:\/\/rollingringdrives.com\/wp-content\/uploads\/2023\/10\/1-4.jpg\",\"width\":1000,\"height\":1000},{\"@type\":\"BreadcrumbList\",\"@id\":\"https:\/\/rollingringdrives.com\/product\/threaded-porcelain-eye-3\/#breadcrumb\",\"itemListElement\":[{\"@type\":\"ListItem\",\"position\":1,\"name\":\"Home\",\"item\":\"https:\/\/rollingringdrives.com\/\"},{\"@type\":\"ListItem\",\"position\":2,\"name\":\"Machines\",\"item\":\"https:\/\/rollingringdrives.com\/machines\/\"},{\"@type\":\"ListItem\",\"position\":3,\"name\":\"Threaded Porcelain Eye\"}]},{\"@type\":\"WebSite\",\"@id\":\"https:\/\/rollingringdrives.com\/#website\",\"url\":\"https:\/\/rollingringdrives.com\/\",\"name\":\"QiPang\",\"description\":\"QiPang Blog\",\"publisher\":{\"@id\":\"https:\/\/rollingringdrives.com\/#organization\"},\"potentialAction\":[{\"@type\":\"SearchAction\",\"target\":{\"@type\":\"EntryPoint\",\"urlTemplate\":\"https:\/\/rollingringdrives.com\/?s={search_term_string}\"},\"query-input\":{\"@type\":\"PropertyValueSpecification\",\"valueRequired\":true,\"valueName\":\"search_term_string\"}}],\"inLanguage\":\"pt-PT\"},{\"@type\":\"Organization\",\"@id\":\"https:\/\/rollingringdrives.com\/#organization\",\"name\":\"QiPang\",\"url\":\"https:\/\/rollingringdrives.com\/\",\"logo\":{\"@type\":\"ImageObject\",\"inLanguage\":\"pt-PT\",\"@id\":\"https:\/\/rollingringdrives.com\/#\/schema\/logo\/image\/\",\"url\":\"https:\/\/rollingringdrives.com\/wp-content\/uploads\/2023\/05\/cropped-\u672a\u547d\u540d\u7684\u8bbe\u8ba1.png\",\"contentUrl\":\"https:\/\/rollingringdrives.com\/wp-content\/uploads\/2023\/05\/cropped-\u672a\u547d\u540d\u7684\u8bbe\u8ba1.png\",\"width\":300,\"height\":191,\"caption\":\"QiPang\"},\"image\":{\"@id\":\"https:\/\/rollingringdrives.com\/#\/schema\/logo\/image\/\"}}]}<\/script>\n<!-- \/ Yoast SEO Premium plugin. -->","yoast_head_json":{"title":"Olho de Porcelana Roscado - QiPang","robots":{"index":"index","follow":"follow","max-snippet":"max-snippet:-1","max-image-preview":"max-image-preview:large","max-video-preview":"max-video-preview:-1"},"canonical":"https:\/\/rollingringdrives.com\/pt\/produtos\/olho-de-porcelana-roscado-3\/","og_locale":"pt_PT","og_type":"article","og_title":"Threaded Porcelain Eye","og_description":"1.High mechanical strength, wear-resistant 2.Strong resistance to acid and alkali and other chemical erosion. 3.Good electrical insulation performance at room temperature and high temperature. 4. Low mechanical strength loss at high temperature 5.Good finish and thermal stability 6.Flexural and compressive strength","og_url":"https:\/\/rollingringdrives.com\/pt\/produtos\/olho-de-porcelana-roscado-3\/","og_site_name":"QiPang","article_modified_time":"2023-10-25T01:29:06+00:00","og_image":[{"width":1000,"height":1000,"url":"https:\/\/rollingringdrives.com\/wp-content\/uploads\/2023\/10\/1-4.jpg","type":"image\/jpeg"}],"twitter_card":"summary_large_image","twitter_misc":{"Est. reading time":"1 minuto"},"schema":{"@context":"https:\/\/schema.org","@graph":[{"@type":"WebPage","@id":"https:\/\/rollingringdrives.com\/product\/threaded-porcelain-eye-3\/","url":"https:\/\/rollingringdrives.com\/product\/threaded-porcelain-eye-3\/","name":"Olho de Porcelana Roscado - QiPang","isPartOf":{"@id":"https:\/\/rollingringdrives.com\/#website"},"primaryImageOfPage":{"@id":"https:\/\/rollingringdrives.com\/product\/threaded-porcelain-eye-3\/#primaryimage"},"image":{"@id":"https:\/\/rollingringdrives.com\/product\/threaded-porcelain-eye-3\/#primaryimage"},"thumbnailUrl":"https:\/\/rollingringdrives.com\/wp-content\/uploads\/2023\/10\/1-4.jpg","datePublished":"2023-10-25T01:23:09+00:00","dateModified":"2023-10-25T01:29:06+00:00","breadcrumb":{"@id":"https:\/\/rollingringdrives.com\/product\/threaded-porcelain-eye-3\/#breadcrumb"},"inLanguage":"pt-PT","potentialAction":[{"@type":"ReadAction","target":["https:\/\/rollingringdrives.com\/product\/threaded-porcelain-eye-3\/"]}]},{"@type":"ImageObject","inLanguage":"pt-PT","@id":"https:\/\/rollingringdrives.com\/product\/threaded-porcelain-eye-3\/#primaryimage","url":"https:\/\/rollingringdrives.com\/wp-content\/uploads\/2023\/10\/1-4.jpg","contentUrl":"https:\/\/rollingringdrives.com\/wp-content\/uploads\/2023\/10\/1-4.jpg","width":1000,"height":1000},{"@type":"BreadcrumbList","@id":"https:\/\/rollingringdrives.com\/product\/threaded-porcelain-eye-3\/#breadcrumb","itemListElement":[{"@type":"ListItem","position":1,"name":"Home","item":"https:\/\/rollingringdrives.com\/"},{"@type":"ListItem","position":2,"name":"Machines","item":"https:\/\/rollingringdrives.com\/machines\/"},{"@type":"ListItem","position":3,"name":"Threaded Porcelain Eye"}]},{"@type":"WebSite","@id":"https:\/\/rollingringdrives.com\/#website","url":"https:\/\/rollingringdrives.com\/","name":"QiPangName","description":"Blog QiPang","publisher":{"@id":"https:\/\/rollingringdrives.com\/#organization"},"potentialAction":[{"@type":"SearchAction","target":{"@type":"EntryPoint","urlTemplate":"https:\/\/rollingringdrives.com\/?s={search_term_string}"},"query-input":{"@type":"PropertyValueSpecification","valueRequired":true,"valueName":"search_term_string"}}],"inLanguage":"pt-PT"},{"@type":"Organization","@id":"https:\/\/rollingringdrives.com\/#organization","name":"QiPangName","url":"https:\/\/rollingringdrives.com\/","logo":{"@type":"ImageObject","inLanguage":"pt-PT","@id":"https:\/\/rollingringdrives.com\/#\/schema\/logo\/image\/","url":"https:\/\/rollingringdrives.com\/wp-content\/uploads\/2023\/05\/cropped-\u672a\u547d\u540d\u7684\u8bbe\u8ba1.png","contentUrl":"https:\/\/rollingringdrives.com\/wp-content\/uploads\/2023\/05\/cropped-\u672a\u547d\u540d\u7684\u8bbe\u8ba1.png","width":300,"height":191,"caption":"QiPang"},"image":{"@id":"https:\/\/rollingringdrives.com\/#\/schema\/logo\/image\/"}}]}},"_links":{"self":[{"href":"https:\/\/rollingringdrives.com\/pt\/wp-json\/wp\/v2\/product\/30246","targetHints":{"allow":["GET"]}}],"collection":[{"href":"https:\/\/rollingringdrives.com\/pt\/wp-json\/wp\/v2\/product"}],"about":[{"href":"https:\/\/rollingringdrives.com\/pt\/wp-json\/wp\/v2\/types\/product"}],"version-history":[{"count":0,"href":"https:\/\/rollingringdrives.com\/pt\/wp-json\/wp\/v2\/product\/30246\/revisions"}],"wp:featuredmedia":[{"embeddable":true,"href":"https:\/\/rollingringdrives.com\/pt\/wp-json\/wp\/v2\/media\/30249"}],"wp:attachment":[{"href":"https:\/\/rollingringdrives.com\/pt\/wp-json\/wp\/v2\/media?parent=30246"}],"wp:term":[{"taxonomy":"product_brand","embeddable":true,"href":"https:\/\/rollingringdrives.com\/pt\/wp-json\/wp\/v2\/product_brand?post=30246"},{"taxonomy":"product_cat","embeddable":true,"href":"https:\/\/rollingringdrives.com\/pt\/wp-json\/wp\/v2\/product_cat?post=30246"},{"taxonomy":"product_tag","embeddable":true,"href":"https:\/\/rollingringdrives.com\/pt\/wp-json\/wp\/v2\/product_tag?post=30246"}],"curies":[{"name":"wp","href":"https:\/\/api.w.org\/{rel}","templated":true}]}}