{"id":30528,"date":"2023-11-03T08:04:26","date_gmt":"2023-11-03T08:04:26","guid":{"rendered":"https:\/\/rollingringdrives.com\/?post_type=product&#038;p=30528"},"modified":"2023-11-03T10:10:51","modified_gmt":"2023-11-03T10:10:51","slug":"large-package-winding-machine","status":"publish","type":"product","link":"https:\/\/rollingringdrives.com\/pt\/produtos\/maquina-de-enrolamento-de-pacotes-grandes\/","title":{"rendered":"M\u00e1quina enroladora de pacotes grandes"},"content":{"rendered":"<h3>Aplicativo:<\/h3>\n<h4>Ele foi projetado para enrolar fios de algod\u00e3o, fibras qu\u00edmicas e filamentos, fios de baixa elasticidade em embalagens grandes de 8 ou 10 polegadas.<\/h4>\n<p>&nbsp;<\/p>\n<h3>Principais caracter\u00edsticas<\/h3>\n<h4>\u00a0\u00a01. Sistema de controle de tens\u00e3o de pontos duplos com micro motores, tens\u00e3o uniforme do fio. A forma\u00e7\u00e3o do queijo \u00e9 boa e pode encerar automaticamente.<\/h4>\n<h4>\u00a0 2. Tambor de ranhura em liga Ni-P com formato de ranhura otimizado, que tem as vantagens de boas caracter\u00edsticas anti-sobreposi\u00e7\u00e3o, peso leve, boa resist\u00eancia ao desgaste e elimina\u00e7\u00e3o est\u00e1tica.<\/h4>\n<h4>\u00a03. Controle do motor de enrolamento \u00fanico para cada fuso, comprimento fixo eletr\u00f4nico, parada autom\u00e1tica de fuso \u00fanico durante a quebra do fio ou totalmente preenchido<\/h4>\n<p>&nbsp;<\/p>\n<div id=\"footable_parent_30527\"\n         class=\"footable_parent ninja_table_wrapper loading_ninja_table wp_table_data_press_parent semantic_ui\">\n                <table data-ninja_table_instance=\"ninja_table_instance_0\" data-footable_id=\"30527\" data-filter-delay=\"1000\" aria-label=\"M\u00e1quina enroladora de pacotes grandes\"            id=\"footable_30527\"\n           data-unique_identifier=\"ninja_table_unique_id_1374918718_30527\"\n           class=\"foo-table ninja_footable foo_table_30527 ninja_table_unique_id_1374918718_30527 ui table  nt_type_legacy_table selectable striped vertical_centered  footable-paging-right ninja_table_pro\">\n                <colgroup>\n                            <col class=\"ninja_column_0\">\n                            <col class=\"ninja_column_1\">\n                    <\/colgroup>\n        <thead>\n<tr class=\"footable-header\">\n                                        <th scope=\"col\"  class=\"ninja_column_0 ninja_clmn_nm_item\">Item<\/th><th scope=\"col\"  class=\"ninja_column_1 ninja_clmn_nm_technicalparameters\">Par\u00e2metros t\u00e9cnicos<\/th><\/tr>\n<\/thead>\n<tbody>\n\n        <tr data-row_id=\"1376\" class=\"ninja_table_row_0 nt_row_id_1376\">\n            <td>Velocidade mec\u00e2nica<\/td><td>At\u00e9 800 m\/min (dependendo da qualidade e contagem do inhame)<\/td>        <\/tr>\n            <tr data-row_id=\"1377\" class=\"ninja_table_row_1 nt_row_id_1377\">\n            <td>Bobina de pacote<\/td><td>0\u00b0,3\u00b030<\/td>        <\/tr>\n            <tr data-row_id=\"1378\" class=\"ninja_table_row_2 nt_row_id_1378\">\n            <td>Di\u00e2metro do pacote<\/td><td>At\u00e9 \u03c6290 mm<\/td>        <\/tr>\n            <tr data-row_id=\"1379\" class=\"ninja_table_row_3 nt_row_id_1379\">\n            <td>Peso do pacote<\/td><td>At\u00e9 10kg<\/td>        <\/tr>\n            <tr data-row_id=\"1380\" class=\"ninja_table_row_4 nt_row_id_1380\">\n            <td>Fios\/contagem<\/td><td>Algod\u00e3o. linho, l\u00e3, seda, fibra qu\u00edmica \/Ne 6--180<\/td>        <\/tr>\n            <tr data-row_id=\"1438\" class=\"ninja_table_row_5 nt_row_id_1438\">\n            <td>Tensor<\/td><td>Cada fuso possui um tensor de fio e uma unidade de enceramento<\/td>        <\/tr>\n            <tr data-row_id=\"1381\" class=\"ninja_table_row_6 nt_row_id_1381\">\n            <td>Consumo de energia<\/td><td>Pot\u00eancia instalada: 100W\/fuso para m\u00e1quina de 8 polegadas, 180W\/fuso para m\u00e1quina de 10 polegadas.<\/td>        <\/tr>\n            <tr data-row_id=\"1382\" class=\"ninja_table_row_7 nt_row_id_1382\">\n            <td>Parada autom\u00e1tica enquanto o fio quebra<\/td><td>Com sensor eletr\u00f4nico de fio, o fuso ir\u00e1 parar quando o fio quebrar<\/td>        <\/tr>\n            <tr data-row_id=\"1383\" class=\"ninja_table_row_8 nt_row_id_1383\">\n            <td>Fixa\u00e7\u00e3o autom\u00e1tica de comprimento<\/td><td>Fixa\u00e7\u00e3o autom\u00e1tica de comprimento, m\u00e1ximo: 999999m<\/td>        <\/tr>\n            <tr data-row_id=\"1384\" class=\"ninja_table_row_9 nt_row_id_1384\">\n            <td>In\u00edcio lento<\/td><td>Para uma partida suave e melhor qualidade de enrolamento, suportando partida lenta individual para cada fuso (dispon\u00edvel mediante solicita\u00e7\u00e3o)<\/td>        <\/tr>\n            <tr data-row_id=\"1385\" class=\"ninja_table_row_10 nt_row_id_1385\">\n            <td>Limpador de fio eletr\u00f4nico\/splicer de ar\/convrey<\/td><td>Opcional<\/td>        <\/tr>\n            <tr data-row_id=\"1388\" class=\"ninja_table_row_11 nt_row_id_1388\">\n            <td>Emendador de ar<\/td><td>Opcional<\/td>        <\/tr>\n            <tr data-row_id=\"1386\" class=\"ninja_table_row_12 nt_row_id_1386\">\n            <td>Unidade de soprador\/sun\u00e7\u00e3o m\u00f3vel<\/td><td>Opcional, consumo de energia 1,1KW<\/td>        <\/tr>\n            <tr data-row_id=\"1387\" class=\"ninja_table_row_13 nt_row_id_1387\">\n            <td>Dimens\u00f5es externas<\/td><td>8 polegadas com 4 fusos 1500mmx408mmx1510mm<\/td>        <\/tr>\n            <tr data-row_id=\"1439\" class=\"ninja_table_row_14 nt_row_id_1439\">\n            <td><\/td><td>10 polegadas com 4 fusos 1700x 408mmx1510mm<\/td>        <\/tr>\n            <tr data-row_id=\"1389\" class=\"ninja_table_row_15 nt_row_id_1389\">\n            <td>Peso da m\u00e1quina inteira<\/td><td>8 polegadas com 4 fusos: 105kg<\/td>        <\/tr>\n            <tr data-row_id=\"1440\" class=\"ninja_table_row_16 nt_row_id_1440\">\n            <td><\/td><td>10 polegadas com 4 fusos: 115kg<\/td>        <\/tr>\n            <tr data-row_id=\"1390\" class=\"ninja_table_row_17 nt_row_id_1390\">\n            <td>Fonte de energia<\/td><td>220 V monof\u00e1sico, 50\/60 Hz<\/td>        <\/tr>\n    <\/tbody><!--ninja_tobody_rendering_done-->\n    <\/table>\n    \n    \n    \n<\/div>","protected":false},"excerpt":{"rendered":"<h3>1. Caminho vertical do enrolador sem ponto de inflex\u00e3o<\/h3>\n<h3>2. pouco atrito<\/h3>\n<h3>3.menos agressividade.<\/h3>\n<h3>4.\u00c9 apropriado para enrolamento de alta velocidade.<\/h3>","protected":false},"featured_media":30576,"template":"","meta":{"site-sidebar-layout":"default","site-content-layout":"default","ast-global-header-display":"","ast-banner-title-visibility":"","ast-main-header-display":"","ast-hfb-above-header-display":"","ast-hfb-below-header-display":"","ast-hfb-mobile-header-display":"","site-post-title":"","ast-breadcrumbs-content":"","ast-featured-img":"","footer-sml-layout":"","theme-transparent-header-meta":"default","adv-header-id-meta":"","stick-header-meta":"","header-above-stick-meta":"","header-main-stick-meta":"","header-below-stick-meta":""},"product_brand":[],"product_cat":[100,122],"product_tag":[],"class_list":{"0":"post-30528","1":"product","2":"type-product","3":"status-publish","4":"has-post-thumbnail","6":"product_cat-spindle-winding-machine","7":"product_cat-yarn-winding-machine","8":"desktop-align-left","9":"tablet-align-left","10":"mobile-align-left","12":"first","13":"instock","14":"shipping-taxable","15":"product-type-simple"},"yoast_head":"<!-- This site is optimized with the Yoast SEO Premium plugin v20.12 (Yoast SEO v26.0) - https:\/\/yoast.com\/wordpress\/plugins\/seo\/ -->\n<title>Large Package Winding Machine - QiPang<\/title>\n<meta name=\"robots\" content=\"index, follow, max-snippet:-1, max-image-preview:large, max-video-preview:-1\" \/>\n<link rel=\"canonical\" href=\"https:\/\/rollingringdrives.com\/pt\/produtos\/maquina-de-enrolamento-de-pacotes-grandes\/\" \/>\n<meta property=\"og:locale\" content=\"pt_PT\" \/>\n<meta property=\"og:type\" content=\"article\" \/>\n<meta property=\"og:title\" content=\"Large Package Winding Machine\" \/>\n<meta property=\"og:description\" content=\"1. Vertical winder path with no inflection point 2.little friction 3.less hariness. 4.It is appropriate forhigh speed winding.\" \/>\n<meta property=\"og:url\" content=\"https:\/\/rollingringdrives.com\/pt\/produtos\/maquina-de-enrolamento-de-pacotes-grandes\/\" \/>\n<meta property=\"og:site_name\" content=\"QiPang\" \/>\n<meta property=\"article:modified_time\" content=\"2023-11-03T10:10:51+00:00\" \/>\n<meta property=\"og:image\" content=\"https:\/\/rollingringdrives.com\/wp-content\/uploads\/2023\/11\/\u5fae\u4fe1\u56fe\u7247_20231103174026_\u526f\u672c.png\" \/>\n\t<meta property=\"og:image:width\" content=\"600\" \/>\n\t<meta property=\"og:image:height\" content=\"600\" \/>\n\t<meta property=\"og:image:type\" content=\"image\/png\" \/>\n<meta name=\"twitter:card\" content=\"summary_large_image\" \/>\n<meta name=\"twitter:label1\" content=\"Est. reading time\" \/>\n\t<meta name=\"twitter:data1\" content=\"1 minuto\" \/>\n<script type=\"application\/ld+json\" class=\"yoast-schema-graph\">{\"@context\":\"https:\/\/schema.org\",\"@graph\":[{\"@type\":\"WebPage\",\"@id\":\"https:\/\/rollingringdrives.com\/product\/large-package-winding-machine\/\",\"url\":\"https:\/\/rollingringdrives.com\/product\/large-package-winding-machine\/\",\"name\":\"Large Package Winding Machine - QiPang\",\"isPartOf\":{\"@id\":\"https:\/\/rollingringdrives.com\/#website\"},\"primaryImageOfPage\":{\"@id\":\"https:\/\/rollingringdrives.com\/product\/large-package-winding-machine\/#primaryimage\"},\"image\":{\"@id\":\"https:\/\/rollingringdrives.com\/product\/large-package-winding-machine\/#primaryimage\"},\"thumbnailUrl\":\"https:\/\/rollingringdrives.com\/wp-content\/uploads\/2023\/11\/\u5fae\u4fe1\u56fe\u7247_20231103174026_\u526f\u672c.png\",\"datePublished\":\"2023-11-03T08:04:26+00:00\",\"dateModified\":\"2023-11-03T10:10:51+00:00\",\"breadcrumb\":{\"@id\":\"https:\/\/rollingringdrives.com\/product\/large-package-winding-machine\/#breadcrumb\"},\"inLanguage\":\"pt-PT\",\"potentialAction\":[{\"@type\":\"ReadAction\",\"target\":[\"https:\/\/rollingringdrives.com\/product\/large-package-winding-machine\/\"]}]},{\"@type\":\"ImageObject\",\"inLanguage\":\"pt-PT\",\"@id\":\"https:\/\/rollingringdrives.com\/product\/large-package-winding-machine\/#primaryimage\",\"url\":\"https:\/\/rollingringdrives.com\/wp-content\/uploads\/2023\/11\/\u5fae\u4fe1\u56fe\u7247_20231103174026_\u526f\u672c.png\",\"contentUrl\":\"https:\/\/rollingringdrives.com\/wp-content\/uploads\/2023\/11\/\u5fae\u4fe1\u56fe\u7247_20231103174026_\u526f\u672c.png\",\"width\":600,\"height\":600,\"caption\":\"Yarn Cone Winder\"},{\"@type\":\"BreadcrumbList\",\"@id\":\"https:\/\/rollingringdrives.com\/product\/large-package-winding-machine\/#breadcrumb\",\"itemListElement\":[{\"@type\":\"ListItem\",\"position\":1,\"name\":\"Home\",\"item\":\"https:\/\/rollingringdrives.com\/\"},{\"@type\":\"ListItem\",\"position\":2,\"name\":\"Machines\",\"item\":\"https:\/\/rollingringdrives.com\/machines\/\"},{\"@type\":\"ListItem\",\"position\":3,\"name\":\"Large Package Winding Machine\"}]},{\"@type\":\"WebSite\",\"@id\":\"https:\/\/rollingringdrives.com\/#website\",\"url\":\"https:\/\/rollingringdrives.com\/\",\"name\":\"QiPang\",\"description\":\"QiPang Blog\",\"publisher\":{\"@id\":\"https:\/\/rollingringdrives.com\/#organization\"},\"potentialAction\":[{\"@type\":\"SearchAction\",\"target\":{\"@type\":\"EntryPoint\",\"urlTemplate\":\"https:\/\/rollingringdrives.com\/?s={search_term_string}\"},\"query-input\":{\"@type\":\"PropertyValueSpecification\",\"valueRequired\":true,\"valueName\":\"search_term_string\"}}],\"inLanguage\":\"pt-PT\"},{\"@type\":\"Organization\",\"@id\":\"https:\/\/rollingringdrives.com\/#organization\",\"name\":\"QiPang\",\"url\":\"https:\/\/rollingringdrives.com\/\",\"logo\":{\"@type\":\"ImageObject\",\"inLanguage\":\"pt-PT\",\"@id\":\"https:\/\/rollingringdrives.com\/#\/schema\/logo\/image\/\",\"url\":\"https:\/\/rollingringdrives.com\/wp-content\/uploads\/2023\/05\/cropped-\u672a\u547d\u540d\u7684\u8bbe\u8ba1.png\",\"contentUrl\":\"https:\/\/rollingringdrives.com\/wp-content\/uploads\/2023\/05\/cropped-\u672a\u547d\u540d\u7684\u8bbe\u8ba1.png\",\"width\":300,\"height\":191,\"caption\":\"QiPang\"},\"image\":{\"@id\":\"https:\/\/rollingringdrives.com\/#\/schema\/logo\/image\/\"}}]}<\/script>\n<!-- \/ Yoast SEO Premium plugin. -->","yoast_head_json":{"title":"M\u00e1quina bobinadeira de embalagens grandes - QiPang","robots":{"index":"index","follow":"follow","max-snippet":"max-snippet:-1","max-image-preview":"max-image-preview:large","max-video-preview":"max-video-preview:-1"},"canonical":"https:\/\/rollingringdrives.com\/pt\/produtos\/maquina-de-enrolamento-de-pacotes-grandes\/","og_locale":"pt_PT","og_type":"article","og_title":"Large Package Winding Machine","og_description":"1. Vertical winder path with no inflection point 2.little friction 3.less hariness. 4.It is appropriate forhigh speed winding.","og_url":"https:\/\/rollingringdrives.com\/pt\/produtos\/maquina-de-enrolamento-de-pacotes-grandes\/","og_site_name":"QiPang","article_modified_time":"2023-11-03T10:10:51+00:00","og_image":[{"width":600,"height":600,"url":"https:\/\/rollingringdrives.com\/wp-content\/uploads\/2023\/11\/\u5fae\u4fe1\u56fe\u7247_20231103174026_\u526f\u672c.png","type":"image\/png"}],"twitter_card":"summary_large_image","twitter_misc":{"Est. reading time":"1 minuto"},"schema":{"@context":"https:\/\/schema.org","@graph":[{"@type":"WebPage","@id":"https:\/\/rollingringdrives.com\/product\/large-package-winding-machine\/","url":"https:\/\/rollingringdrives.com\/product\/large-package-winding-machine\/","name":"M\u00e1quina bobinadeira de embalagens grandes - QiPang","isPartOf":{"@id":"https:\/\/rollingringdrives.com\/#website"},"primaryImageOfPage":{"@id":"https:\/\/rollingringdrives.com\/product\/large-package-winding-machine\/#primaryimage"},"image":{"@id":"https:\/\/rollingringdrives.com\/product\/large-package-winding-machine\/#primaryimage"},"thumbnailUrl":"https:\/\/rollingringdrives.com\/wp-content\/uploads\/2023\/11\/\u5fae\u4fe1\u56fe\u7247_20231103174026_\u526f\u672c.png","datePublished":"2023-11-03T08:04:26+00:00","dateModified":"2023-11-03T10:10:51+00:00","breadcrumb":{"@id":"https:\/\/rollingringdrives.com\/product\/large-package-winding-machine\/#breadcrumb"},"inLanguage":"pt-PT","potentialAction":[{"@type":"ReadAction","target":["https:\/\/rollingringdrives.com\/product\/large-package-winding-machine\/"]}]},{"@type":"ImageObject","inLanguage":"pt-PT","@id":"https:\/\/rollingringdrives.com\/product\/large-package-winding-machine\/#primaryimage","url":"https:\/\/rollingringdrives.com\/wp-content\/uploads\/2023\/11\/\u5fae\u4fe1\u56fe\u7247_20231103174026_\u526f\u672c.png","contentUrl":"https:\/\/rollingringdrives.com\/wp-content\/uploads\/2023\/11\/\u5fae\u4fe1\u56fe\u7247_20231103174026_\u526f\u672c.png","width":600,"height":600,"caption":"Yarn Cone Winder"},{"@type":"BreadcrumbList","@id":"https:\/\/rollingringdrives.com\/product\/large-package-winding-machine\/#breadcrumb","itemListElement":[{"@type":"ListItem","position":1,"name":"Home","item":"https:\/\/rollingringdrives.com\/"},{"@type":"ListItem","position":2,"name":"Machines","item":"https:\/\/rollingringdrives.com\/machines\/"},{"@type":"ListItem","position":3,"name":"Large Package Winding Machine"}]},{"@type":"WebSite","@id":"https:\/\/rollingringdrives.com\/#website","url":"https:\/\/rollingringdrives.com\/","name":"QiPangName","description":"Blog QiPang","publisher":{"@id":"https:\/\/rollingringdrives.com\/#organization"},"potentialAction":[{"@type":"SearchAction","target":{"@type":"EntryPoint","urlTemplate":"https:\/\/rollingringdrives.com\/?s={search_term_string}"},"query-input":{"@type":"PropertyValueSpecification","valueRequired":true,"valueName":"search_term_string"}}],"inLanguage":"pt-PT"},{"@type":"Organization","@id":"https:\/\/rollingringdrives.com\/#organization","name":"QiPangName","url":"https:\/\/rollingringdrives.com\/","logo":{"@type":"ImageObject","inLanguage":"pt-PT","@id":"https:\/\/rollingringdrives.com\/#\/schema\/logo\/image\/","url":"https:\/\/rollingringdrives.com\/wp-content\/uploads\/2023\/05\/cropped-\u672a\u547d\u540d\u7684\u8bbe\u8ba1.png","contentUrl":"https:\/\/rollingringdrives.com\/wp-content\/uploads\/2023\/05\/cropped-\u672a\u547d\u540d\u7684\u8bbe\u8ba1.png","width":300,"height":191,"caption":"QiPang"},"image":{"@id":"https:\/\/rollingringdrives.com\/#\/schema\/logo\/image\/"}}]}},"_links":{"self":[{"href":"https:\/\/rollingringdrives.com\/pt\/wp-json\/wp\/v2\/product\/30528","targetHints":{"allow":["GET"]}}],"collection":[{"href":"https:\/\/rollingringdrives.com\/pt\/wp-json\/wp\/v2\/product"}],"about":[{"href":"https:\/\/rollingringdrives.com\/pt\/wp-json\/wp\/v2\/types\/product"}],"version-history":[{"count":0,"href":"https:\/\/rollingringdrives.com\/pt\/wp-json\/wp\/v2\/product\/30528\/revisions"}],"wp:featuredmedia":[{"embeddable":true,"href":"https:\/\/rollingringdrives.com\/pt\/wp-json\/wp\/v2\/media\/30576"}],"wp:attachment":[{"href":"https:\/\/rollingringdrives.com\/pt\/wp-json\/wp\/v2\/media?parent=30528"}],"wp:term":[{"taxonomy":"product_brand","embeddable":true,"href":"https:\/\/rollingringdrives.com\/pt\/wp-json\/wp\/v2\/product_brand?post=30528"},{"taxonomy":"product_cat","embeddable":true,"href":"https:\/\/rollingringdrives.com\/pt\/wp-json\/wp\/v2\/product_cat?post=30528"},{"taxonomy":"product_tag","embeddable":true,"href":"https:\/\/rollingringdrives.com\/pt\/wp-json\/wp\/v2\/product_tag?post=30528"}],"curies":[{"name":"wp","href":"https:\/\/api.w.org\/{rel}","templated":true}]}}