{"id":30561,"date":"2023-11-03T09:29:24","date_gmt":"2023-11-03T09:29:24","guid":{"rendered":"https:\/\/rollingringdrives.com\/?post_type=product&#038;p=30561"},"modified":"2023-11-03T10:10:08","modified_gmt":"2023-11-03T10:10:08","slug":"doubling-winding-machine","status":"publish","type":"product","link":"https:\/\/rollingringdrives.com\/pt\/produtos\/maquina-de-enrolamento-duplicada\/","title":{"rendered":"M\u00e1quina de enrolamento duplicado"},"content":{"rendered":"<h3>Aplicativo:<\/h3>\n<h5>\u00c9 usado para dobrar 2 a 12 fios de fio em 1 bobina, que \u00e9 adequada para algod\u00e3o. linho, pele, poli\u00e9ster e mistura<\/h5>\n<p>&nbsp;<\/p>\n<h3>Principais caracter\u00edsticas<\/h3>\n<h5>1. Este tipo de m\u00e1quina possui 4 ou 6 fusos de cada lado, \u00e9 f\u00e1cil de instalar.<\/h5>\n<h5>2. Sistema de depila\u00e7\u00e3o de pontos duplos com micro motores, depila\u00e7\u00e3o constante e uniforme. A forma\u00e7\u00e3o do queijo \u00e9 melhor.<\/h5>\n<h5>3. Usando tambores de liga de alta qualidade com formato de ranhura otimizado, que tem as vantagens de boas caracter\u00edsticas anti-sobreposi\u00e7\u00e3o, peso leve, boa resist\u00eancia ao desgaste e elimina\u00e7\u00e3o est\u00e1tica.<\/h5>\n<h5>4. Controle do motor de enrolamento sinal para cada fuso, comprimento fixo eletr\u00f4nico e parada autom\u00e1tica de fuso \u00fanico durante a quebra do fio ou totalmente preenchido.<\/h5>\n<h5>5.Gabinete de alta velocidade com g\u00e1s sprinq, que pode manter a press\u00e3o de enrolamento constante. Este cesto \u00e9 est\u00e1vel<br \/>\ne confi\u00e1vel.<\/h5>\n<p>&nbsp;<\/p>\n<div id=\"footable_parent_30563\"\n         class=\"footable_parent ninja_table_wrapper loading_ninja_table wp_table_data_press_parent semantic_ui\">\n                <table data-ninja_table_instance=\"ninja_table_instance_0\" data-footable_id=\"30563\" data-filter-delay=\"1000\" aria-label=\"M\u00e1quina de enrolamento duplicado\"            id=\"footable_30563\"\n           data-unique_identifier=\"ninja_table_unique_id_1525008430_30563\"\n           class=\"foo-table ninja_footable foo_table_30563 ninja_table_unique_id_1525008430_30563 ui table  nt_type_legacy_table selectable striped vertical_centered  footable-paging-right ninja_table_pro\">\n                <colgroup>\n                            <col class=\"ninja_column_0\">\n                            <col class=\"ninja_column_1\">\n                    <\/colgroup>\n        <thead>\n<tr class=\"footable-header\">\n                                        <th scope=\"col\"  class=\"ninja_column_0 ninja_clmn_nm_item\">Item<\/th><th scope=\"col\"  class=\"ninja_column_1 ninja_clmn_nm_technicalparameters\">Par\u00e2metros t\u00e9cnicos<\/th><\/tr>\n<\/thead>\n<tbody>\n\n        <tr data-row_id=\"1539\" class=\"ninja_table_row_0 nt_row_id_1539\">\n            <td>Velocidade mec\u00e2nica<\/td><td>At\u00e9 800 m\/min (dependendo da qualidade e contagem do inhame)<\/td>        <\/tr>\n            <tr data-row_id=\"1554\" class=\"ninja_table_row_1 nt_row_id_1554\">\n            <td>N\u00ba de fios<\/td><td>2-12 fileiras de fios<\/td>        <\/tr>\n            <tr data-row_id=\"1540\" class=\"ninja_table_row_2 nt_row_id_1540\">\n            <td>Bobina de pacote<\/td><td>0\u00b0<\/td>        <\/tr>\n            <tr data-row_id=\"1541\" class=\"ninja_table_row_3 nt_row_id_1541\">\n            <td>Di\u00e2metro do pacote<\/td><td>At\u00e9 \u03c6330 mm<\/td>        <\/tr>\n            <tr data-row_id=\"1542\" class=\"ninja_table_row_4 nt_row_id_1542\">\n            <td>Peso do pacote<\/td><td>At\u00e9 10kg<\/td>        <\/tr>\n            <tr data-row_id=\"1570\" class=\"ninja_table_row_5 nt_row_id_1570\">\n            <td>Fios\/contagem<\/td><td>Algod\u00e3o. linho, l\u00e3, seda, fibra qu\u00edmica \/Ne 6...180<\/td>        <\/tr>\n            <tr data-row_id=\"1543\" class=\"ninja_table_row_6 nt_row_id_1543\">\n            <td>Consumo de energia<\/td><td>Pot\u00eancia instalada de 6 polegadas: 100 W\/eixo, Pot\u00eancia instalada de 10 polegadas: 150 W\/eixo<\/td>        <\/tr>\n            <tr data-row_id=\"1571\" class=\"ninja_table_row_7 nt_row_id_1571\">\n            <td>Sistema de tens\u00e3o<\/td><td>Cada fuso tem um tensor de fio e uma depiladora<\/td>        <\/tr>\n            <tr data-row_id=\"1544\" class=\"ninja_table_row_8 nt_row_id_1544\">\n            <td>Parada autom\u00e1tica enquanto o fio quebra<\/td><td>Com sensor eletr\u00f4nico de fio, o fuso ir\u00e1 parar quando o fio quebrar<\/td>        <\/tr>\n            <tr data-row_id=\"1545\" class=\"ninja_table_row_9 nt_row_id_1545\">\n            <td>Fixa\u00e7\u00e3o autom\u00e1tica de comprimento<\/td><td>Fixa\u00e7\u00e3o autom\u00e1tica de comprimento, m\u00e1ximo: 999999m<\/td>        <\/tr>\n            <tr data-row_id=\"1546\" class=\"ninja_table_row_10 nt_row_id_1546\">\n            <td>In\u00edcio lento<\/td><td>Para uma partida suave e melhor qualidade de enrolamento, suportando partida lenta individual para cada fuso (dispon\u00edvel mediante solicita\u00e7\u00e3o)<\/td>        <\/tr>\n            <tr data-row_id=\"1547\" class=\"ninja_table_row_11 nt_row_id_1547\">\n            <td>Limpador de fio eletr\u00f4nico\/splicer de ar<\/td><td>Opcional<\/td>        <\/tr>\n            <tr data-row_id=\"1548\" class=\"ninja_table_row_12 nt_row_id_1548\">\n            <td>Unidade de soprador\/sun\u00e7\u00e3o m\u00f3vel<\/td><td>Opcional, consumo de energia 1.1KW<\/td>        <\/tr>\n            <tr data-row_id=\"1552\" class=\"ninja_table_row_13 nt_row_id_1552\">\n            <td>Dimens\u00e3o externa<\/td><td>4 fusos: 1270 mm x 408 mm x 1550 mm<\/td>        <\/tr>\n            <tr data-row_id=\"1556\" class=\"ninja_table_row_14 nt_row_id_1556\">\n            <td><\/td><td>6 fusos: 61870x408mmx1550mm<\/td>        <\/tr>\n            <tr data-row_id=\"1550\" class=\"ninja_table_row_15 nt_row_id_1550\">\n            <td>Peso da m\u00e1quina<\/td><td>6 polegadas 4 fusos 99kg<\/td>        <\/tr>\n            <tr data-row_id=\"1553\" class=\"ninja_table_row_16 nt_row_id_1553\">\n            <td><\/td><td>6 polegadas 6 fusos 105kg<\/td>        <\/tr>\n            <tr data-row_id=\"1557\" class=\"ninja_table_row_17 nt_row_id_1557\">\n            <td><\/td><td>8 polegadas 4 fusos 105kg<\/td>        <\/tr>\n            <tr data-row_id=\"1572\" class=\"ninja_table_row_18 nt_row_id_1572\">\n            <td><\/td><td>10 polegadas4 fusos 115kg<\/td>        <\/tr>\n            <tr data-row_id=\"1551\" class=\"ninja_table_row_19 nt_row_id_1551\">\n            <td>Fonte de energia<\/td><td>220 V monof\u00e1sico, 50\/60 Hz<\/td>        <\/tr>\n    <\/tbody><!--ninja_tobody_rendering_done-->\n    <\/table>\n    \n    \n    \n<\/div>\n\n<p>&nbsp;<\/p>","protected":false},"excerpt":{"rendered":"<h4 id=\"1-eael-table-of-content\" class=\"eael-heading-content\">1. Cilindro de ranhura de alta resist\u00eancia, resist\u00eancia ao desgaste, resist\u00eancia \u00e0 separa\u00e7\u00e3o do fio<br \/>\n3. O desempenho da mola a g\u00e1s \u00e9 est\u00e1vel e confi\u00e1vel.<br \/>\n4. Elimine a tens\u00e3o do fio, para que n\u00e3o tenha tend\u00eancia a circular<br \/>\n5. Fio redondo e cheio, maior sentido tridimensional<br \/>\n6. Realize linhas de costura avan\u00e7adas de \u00f3leo sem espuma<\/h4>","protected":false},"featured_media":30564,"template":"","meta":{"site-sidebar-layout":"default","site-content-layout":"default","ast-global-header-display":"","ast-banner-title-visibility":"","ast-main-header-display":"","ast-hfb-above-header-display":"","ast-hfb-below-header-display":"","ast-hfb-mobile-header-display":"","site-post-title":"","ast-breadcrumbs-content":"","ast-featured-img":"","footer-sml-layout":"","theme-transparent-header-meta":"default","adv-header-id-meta":"","stick-header-meta":"","header-above-stick-meta":"","header-main-stick-meta":"","header-below-stick-meta":""},"product_brand":[],"product_cat":[100,122],"product_tag":[],"class_list":{"0":"post-30561","1":"product","2":"type-product","3":"status-publish","4":"has-post-thumbnail","6":"product_cat-spindle-winding-machine","7":"product_cat-yarn-winding-machine","8":"desktop-align-left","9":"tablet-align-left","10":"mobile-align-left","12":"first","13":"instock","14":"shipping-taxable","15":"product-type-simple"},"yoast_head":"<!-- This site is optimized with the Yoast SEO Premium plugin v20.12 (Yoast SEO v26.0) - https:\/\/yoast.com\/wordpress\/plugins\/seo\/ -->\n<title>Doubling Winding Machine - QiPang<\/title>\n<meta name=\"robots\" content=\"index, follow, max-snippet:-1, max-image-preview:large, max-video-preview:-1\" \/>\n<link rel=\"canonical\" href=\"https:\/\/rollingringdrives.com\/pt\/produtos\/maquina-de-enrolamento-duplicada\/\" \/>\n<meta property=\"og:locale\" content=\"pt_PT\" \/>\n<meta property=\"og:type\" content=\"article\" \/>\n<meta property=\"og:title\" content=\"Doubling Winding Machine\" \/>\n<meta property=\"og:description\" content=\"1. Groove cylinder high strength, wear resistance, yarn separation\u00a0 \u00a0 \u00a0 resistance 3. Gas spring performance is stable and reliable. 4. Eliminate yarn stress, so that it has no tendency to circle 5. Round and full yarn, higher three-dimensional sense 6. Realize non-foaming oil advanced sewing thread\" \/>\n<meta property=\"og:url\" content=\"https:\/\/rollingringdrives.com\/pt\/produtos\/maquina-de-enrolamento-duplicada\/\" \/>\n<meta property=\"og:site_name\" content=\"QiPang\" \/>\n<meta property=\"article:modified_time\" content=\"2023-11-03T10:10:08+00:00\" \/>\n<meta property=\"og:image\" content=\"https:\/\/rollingringdrives.com\/wp-content\/uploads\/2023\/11\/\u5fae\u4fe1\u56fe\u7247_20231103172744_\u526f\u672c.png\" \/>\n\t<meta property=\"og:image:width\" content=\"600\" \/>\n\t<meta property=\"og:image:height\" content=\"600\" \/>\n\t<meta property=\"og:image:type\" content=\"image\/png\" \/>\n<meta name=\"twitter:card\" content=\"summary_large_image\" \/>\n<meta name=\"twitter:label1\" content=\"Est. reading time\" \/>\n\t<meta name=\"twitter:data1\" content=\"1 minuto\" \/>\n<script type=\"application\/ld+json\" class=\"yoast-schema-graph\">{\"@context\":\"https:\/\/schema.org\",\"@graph\":[{\"@type\":\"WebPage\",\"@id\":\"https:\/\/rollingringdrives.com\/product\/doubling-winding-machine\/\",\"url\":\"https:\/\/rollingringdrives.com\/product\/doubling-winding-machine\/\",\"name\":\"Doubling Winding Machine - QiPang\",\"isPartOf\":{\"@id\":\"https:\/\/rollingringdrives.com\/#website\"},\"primaryImageOfPage\":{\"@id\":\"https:\/\/rollingringdrives.com\/product\/doubling-winding-machine\/#primaryimage\"},\"image\":{\"@id\":\"https:\/\/rollingringdrives.com\/product\/doubling-winding-machine\/#primaryimage\"},\"thumbnailUrl\":\"https:\/\/rollingringdrives.com\/wp-content\/uploads\/2023\/11\/\u5fae\u4fe1\u56fe\u7247_20231103172744_\u526f\u672c.png\",\"datePublished\":\"2023-11-03T09:29:24+00:00\",\"dateModified\":\"2023-11-03T10:10:08+00:00\",\"breadcrumb\":{\"@id\":\"https:\/\/rollingringdrives.com\/product\/doubling-winding-machine\/#breadcrumb\"},\"inLanguage\":\"pt-PT\",\"potentialAction\":[{\"@type\":\"ReadAction\",\"target\":[\"https:\/\/rollingringdrives.com\/product\/doubling-winding-machine\/\"]}]},{\"@type\":\"ImageObject\",\"inLanguage\":\"pt-PT\",\"@id\":\"https:\/\/rollingringdrives.com\/product\/doubling-winding-machine\/#primaryimage\",\"url\":\"https:\/\/rollingringdrives.com\/wp-content\/uploads\/2023\/11\/\u5fae\u4fe1\u56fe\u7247_20231103172744_\u526f\u672c.png\",\"contentUrl\":\"https:\/\/rollingringdrives.com\/wp-content\/uploads\/2023\/11\/\u5fae\u4fe1\u56fe\u7247_20231103172744_\u526f\u672c.png\",\"width\":600,\"height\":600,\"caption\":\"Yarn Cone Winder\"},{\"@type\":\"BreadcrumbList\",\"@id\":\"https:\/\/rollingringdrives.com\/product\/doubling-winding-machine\/#breadcrumb\",\"itemListElement\":[{\"@type\":\"ListItem\",\"position\":1,\"name\":\"Home\",\"item\":\"https:\/\/rollingringdrives.com\/\"},{\"@type\":\"ListItem\",\"position\":2,\"name\":\"Machines\",\"item\":\"https:\/\/rollingringdrives.com\/machines\/\"},{\"@type\":\"ListItem\",\"position\":3,\"name\":\"Doubling Winding Machine\"}]},{\"@type\":\"WebSite\",\"@id\":\"https:\/\/rollingringdrives.com\/#website\",\"url\":\"https:\/\/rollingringdrives.com\/\",\"name\":\"QiPang\",\"description\":\"QiPang Blog\",\"publisher\":{\"@id\":\"https:\/\/rollingringdrives.com\/#organization\"},\"potentialAction\":[{\"@type\":\"SearchAction\",\"target\":{\"@type\":\"EntryPoint\",\"urlTemplate\":\"https:\/\/rollingringdrives.com\/?s={search_term_string}\"},\"query-input\":{\"@type\":\"PropertyValueSpecification\",\"valueRequired\":true,\"valueName\":\"search_term_string\"}}],\"inLanguage\":\"pt-PT\"},{\"@type\":\"Organization\",\"@id\":\"https:\/\/rollingringdrives.com\/#organization\",\"name\":\"QiPang\",\"url\":\"https:\/\/rollingringdrives.com\/\",\"logo\":{\"@type\":\"ImageObject\",\"inLanguage\":\"pt-PT\",\"@id\":\"https:\/\/rollingringdrives.com\/#\/schema\/logo\/image\/\",\"url\":\"https:\/\/rollingringdrives.com\/wp-content\/uploads\/2023\/05\/cropped-\u672a\u547d\u540d\u7684\u8bbe\u8ba1.png\",\"contentUrl\":\"https:\/\/rollingringdrives.com\/wp-content\/uploads\/2023\/05\/cropped-\u672a\u547d\u540d\u7684\u8bbe\u8ba1.png\",\"width\":300,\"height\":191,\"caption\":\"QiPang\"},\"image\":{\"@id\":\"https:\/\/rollingringdrives.com\/#\/schema\/logo\/image\/\"}}]}<\/script>\n<!-- \/ Yoast SEO Premium plugin. -->","yoast_head_json":{"title":"M\u00e1quina de enrolamento duplicado - QiPang","robots":{"index":"index","follow":"follow","max-snippet":"max-snippet:-1","max-image-preview":"max-image-preview:large","max-video-preview":"max-video-preview:-1"},"canonical":"https:\/\/rollingringdrives.com\/pt\/produtos\/maquina-de-enrolamento-duplicada\/","og_locale":"pt_PT","og_type":"article","og_title":"Doubling Winding Machine","og_description":"1. Groove cylinder high strength, wear resistance, yarn separation\u00a0 \u00a0 \u00a0 resistance 3. Gas spring performance is stable and reliable. 4. Eliminate yarn stress, so that it has no tendency to circle 5. Round and full yarn, higher three-dimensional sense 6. Realize non-foaming oil advanced sewing thread","og_url":"https:\/\/rollingringdrives.com\/pt\/produtos\/maquina-de-enrolamento-duplicada\/","og_site_name":"QiPang","article_modified_time":"2023-11-03T10:10:08+00:00","og_image":[{"width":600,"height":600,"url":"https:\/\/rollingringdrives.com\/wp-content\/uploads\/2023\/11\/\u5fae\u4fe1\u56fe\u7247_20231103172744_\u526f\u672c.png","type":"image\/png"}],"twitter_card":"summary_large_image","twitter_misc":{"Est. reading time":"1 minuto"},"schema":{"@context":"https:\/\/schema.org","@graph":[{"@type":"WebPage","@id":"https:\/\/rollingringdrives.com\/product\/doubling-winding-machine\/","url":"https:\/\/rollingringdrives.com\/product\/doubling-winding-machine\/","name":"M\u00e1quina de enrolamento duplicado - QiPang","isPartOf":{"@id":"https:\/\/rollingringdrives.com\/#website"},"primaryImageOfPage":{"@id":"https:\/\/rollingringdrives.com\/product\/doubling-winding-machine\/#primaryimage"},"image":{"@id":"https:\/\/rollingringdrives.com\/product\/doubling-winding-machine\/#primaryimage"},"thumbnailUrl":"https:\/\/rollingringdrives.com\/wp-content\/uploads\/2023\/11\/\u5fae\u4fe1\u56fe\u7247_20231103172744_\u526f\u672c.png","datePublished":"2023-11-03T09:29:24+00:00","dateModified":"2023-11-03T10:10:08+00:00","breadcrumb":{"@id":"https:\/\/rollingringdrives.com\/product\/doubling-winding-machine\/#breadcrumb"},"inLanguage":"pt-PT","potentialAction":[{"@type":"ReadAction","target":["https:\/\/rollingringdrives.com\/product\/doubling-winding-machine\/"]}]},{"@type":"ImageObject","inLanguage":"pt-PT","@id":"https:\/\/rollingringdrives.com\/product\/doubling-winding-machine\/#primaryimage","url":"https:\/\/rollingringdrives.com\/wp-content\/uploads\/2023\/11\/\u5fae\u4fe1\u56fe\u7247_20231103172744_\u526f\u672c.png","contentUrl":"https:\/\/rollingringdrives.com\/wp-content\/uploads\/2023\/11\/\u5fae\u4fe1\u56fe\u7247_20231103172744_\u526f\u672c.png","width":600,"height":600,"caption":"Yarn Cone Winder"},{"@type":"BreadcrumbList","@id":"https:\/\/rollingringdrives.com\/product\/doubling-winding-machine\/#breadcrumb","itemListElement":[{"@type":"ListItem","position":1,"name":"Home","item":"https:\/\/rollingringdrives.com\/"},{"@type":"ListItem","position":2,"name":"Machines","item":"https:\/\/rollingringdrives.com\/machines\/"},{"@type":"ListItem","position":3,"name":"Doubling Winding Machine"}]},{"@type":"WebSite","@id":"https:\/\/rollingringdrives.com\/#website","url":"https:\/\/rollingringdrives.com\/","name":"QiPangName","description":"Blog QiPang","publisher":{"@id":"https:\/\/rollingringdrives.com\/#organization"},"potentialAction":[{"@type":"SearchAction","target":{"@type":"EntryPoint","urlTemplate":"https:\/\/rollingringdrives.com\/?s={search_term_string}"},"query-input":{"@type":"PropertyValueSpecification","valueRequired":true,"valueName":"search_term_string"}}],"inLanguage":"pt-PT"},{"@type":"Organization","@id":"https:\/\/rollingringdrives.com\/#organization","name":"QiPangName","url":"https:\/\/rollingringdrives.com\/","logo":{"@type":"ImageObject","inLanguage":"pt-PT","@id":"https:\/\/rollingringdrives.com\/#\/schema\/logo\/image\/","url":"https:\/\/rollingringdrives.com\/wp-content\/uploads\/2023\/05\/cropped-\u672a\u547d\u540d\u7684\u8bbe\u8ba1.png","contentUrl":"https:\/\/rollingringdrives.com\/wp-content\/uploads\/2023\/05\/cropped-\u672a\u547d\u540d\u7684\u8bbe\u8ba1.png","width":300,"height":191,"caption":"QiPang"},"image":{"@id":"https:\/\/rollingringdrives.com\/#\/schema\/logo\/image\/"}}]}},"_links":{"self":[{"href":"https:\/\/rollingringdrives.com\/pt\/wp-json\/wp\/v2\/product\/30561","targetHints":{"allow":["GET"]}}],"collection":[{"href":"https:\/\/rollingringdrives.com\/pt\/wp-json\/wp\/v2\/product"}],"about":[{"href":"https:\/\/rollingringdrives.com\/pt\/wp-json\/wp\/v2\/types\/product"}],"version-history":[{"count":0,"href":"https:\/\/rollingringdrives.com\/pt\/wp-json\/wp\/v2\/product\/30561\/revisions"}],"wp:featuredmedia":[{"embeddable":true,"href":"https:\/\/rollingringdrives.com\/pt\/wp-json\/wp\/v2\/media\/30564"}],"wp:attachment":[{"href":"https:\/\/rollingringdrives.com\/pt\/wp-json\/wp\/v2\/media?parent=30561"}],"wp:term":[{"taxonomy":"product_brand","embeddable":true,"href":"https:\/\/rollingringdrives.com\/pt\/wp-json\/wp\/v2\/product_brand?post=30561"},{"taxonomy":"product_cat","embeddable":true,"href":"https:\/\/rollingringdrives.com\/pt\/wp-json\/wp\/v2\/product_cat?post=30561"},{"taxonomy":"product_tag","embeddable":true,"href":"https:\/\/rollingringdrives.com\/pt\/wp-json\/wp\/v2\/product_tag?post=30561"}],"curies":[{"name":"wp","href":"https:\/\/api.w.org\/{rel}","templated":true}]}}