{"id":30888,"date":"2024-01-04T03:34:04","date_gmt":"2024-01-04T03:34:04","guid":{"rendered":"https:\/\/rollingringdrives.com\/?post_type=product&#038;p=30888"},"modified":"2024-01-04T03:34:05","modified_gmt":"2024-01-04T03:34:05","slug":"traverse-cable-winder-product-gp40c-rolling-ring-traverse-drive","status":"publish","type":"product","link":"https:\/\/rollingringdrives.com\/pt\/produtos\/produto-enrolador-de-cabo-transversal-gp40c-unidade-transversal-de-anel-rolante\/","title":{"rendered":"Produto enrolador de cabo transversal Gp40C Ring Traverse Drive"},"content":{"rendered":"<p>S\u00e9rie C: Acionamentos de anel rolante A S\u00e9rie Tipo C possui apenas acionamento linear One Rolling Ring com acess\u00f3rios, como eixo, rolo guia, bloco de rolamento, barra fixa, etc, que s\u00e3o divididos em oito tipos de acordo com o di\u00e2metro dos eixos.<\/p>\n<div id=\"footable_parent_30887\"\n         class=\"footable_parent ninja_table_wrapper loading_ninja_table wp_table_data_press_parent semantic_ui\">\n                <table data-ninja_table_instance=\"ninja_table_instance_0\" data-footable_id=\"30887\" data-filter-delay=\"1000\" aria-label=\"\u5de5\u4f5c\u7c3f1.csv\"            id=\"footable_30887\"\n           data-unique_identifier=\"ninja_table_unique_id_1930205498_30887\"\n           class=\"foo-table ninja_footable foo_table_30887 ninja_table_unique_id_1930205498_30887 ui table  nt_type_legacy_table selectable striped vertical_centered  footable-paging-right ninja_table_pro\">\n                <colgroup>\n                            <col class=\"ninja_column_0\">\n                            <col class=\"ninja_column_1\">\n                    <\/colgroup>\n        <thead>\n<tr class=\"footable-header\">\n                                        <th scope=\"col\"  class=\"ninja_column_0 ninja_clmn_nm_specification\">especifica\u00e7\u00e3o<\/th><th scope=\"col\"  class=\"ninja_column_1 ninja_clmn_nm_value\">valor<\/th><\/tr>\n<\/thead>\n<tbody>\n\n        <tr data-row_id=\"1635\" class=\"ninja_table_row_0 nt_row_id_1635\">\n            <td>N\u00famero de an\u00e9is de rolamento<\/td><td>3<\/td>        <\/tr>\n            <tr data-row_id=\"1636\" class=\"ninja_table_row_1 nt_row_id_1636\">\n            <td>Impulso Lateral M\u00e1ximo<\/td><td>42 Kg<\/td>        <\/tr>\n            <tr data-row_id=\"1637\" class=\"ninja_table_row_2 nt_row_id_1637\">\n            <td>Passo M\u00e1ximo<\/td><td>31mm<\/td>        <\/tr>\n            <tr data-row_id=\"1638\" class=\"ninja_table_row_3 nt_row_id_1638\">\n            <td>Velocidade M\u00e1xima do Eixo<\/td><td>750 RPM<\/td>        <\/tr>\n            <tr data-row_id=\"1639\" class=\"ninja_table_row_4 nt_row_id_1639\">\n            <td>Velocidade Linear M\u00e1xima<\/td><td>23,25 metros\/minuto<\/td>        <\/tr>\n    <\/tbody><!--ninja_tobody_rendering_done-->\n    <\/table>\n    \n    \n    \n<\/div>\n\n<p><strong>Aplicativo<\/strong><\/p>\n<p>Esta Unidade Traverse Rolling Ring Drive \u00e9 ideal para v\u00e1rias aplica\u00e7\u00f5es, como indexa\u00e7\u00e3o, corte, rotulagem, enrolamento e posicionamento. Ele tamb\u00e9m pode ser usado em outros sistemas complexos de fabrica\u00e7\u00e3o que requerem movimento linear ou rotativo eficiente e de alto desempenho. Este produto pode ser usado em equipamentos m\u00e9dicos, processamento de alimentos, embalagem e automa\u00e7\u00e3o.<\/p>","protected":false},"excerpt":{"rendered":"<p>S\u00e9rie C: Acionamentos de anel rolante A S\u00e9rie Tipo C possui apenas acionamento linear One Rolling Ring com acess\u00f3rios, como eixo, rolo guia, bloco de rolamento, barra fixa, etc, que s\u00e3o divididos em oito tipos de acordo com o di\u00e2metro dos eixos. Aplica\u00e7\u00e3o Esta unidade transversal Rolling Ring Drive \u00e9 ideal para diversas aplica\u00e7\u00f5es, como\u2026<\/p>\n<p class=\"read-more\"> <a class=\"\" href=\"https:\/\/rollingringdrives.com\/pt\/produtos\/produto-enrolador-de-cabo-transversal-gp40c-unidade-transversal-de-anel-rolante\/\"> <span class=\"screen-reader-text\">Produto enrolador de cabo transversal Gp40C Ring Traverse Drive<\/span> Consulte Mais informa\u00e7\u00e3o &quot;<\/a><\/p>","protected":false},"featured_media":30893,"template":"","meta":{"site-sidebar-layout":"default","site-content-layout":"default","ast-global-header-display":"","ast-banner-title-visibility":"","ast-main-header-display":"","ast-hfb-above-header-display":"","ast-hfb-below-header-display":"","ast-hfb-mobile-header-display":"","site-post-title":"","ast-breadcrumbs-content":"","ast-featured-img":"","footer-sml-layout":"","theme-transparent-header-meta":"default","adv-header-id-meta":"","stick-header-meta":"","header-above-stick-meta":"","header-main-stick-meta":"","header-below-stick-meta":""},"product_brand":[],"product_cat":[37],"product_tag":[],"class_list":{"0":"post-30888","1":"product","2":"type-product","3":"status-publish","4":"has-post-thumbnail","6":"product_cat-c-type","7":"desktop-align-left","8":"tablet-align-left","9":"mobile-align-left","11":"first","12":"instock","13":"shipping-taxable","14":"product-type-simple"},"yoast_head":"<!-- This site is optimized with the Yoast SEO Premium plugin v20.12 (Yoast SEO v26.0) - https:\/\/yoast.com\/wordpress\/plugins\/seo\/ -->\n<title>Traverse Cable Winder Product Gp40C Rolling Ring Traverse Drive - QiPang<\/title>\n<meta name=\"description\" content=\"1.Three Rolling Rings for enhanced performance. 2.Maximum Side Thrust of 42 Kg for smooth operation. 3.Maximum Pitch of 31 mm for Linear movement. 4.Maximum Shaft Speed of 750 RPM for faster operation. 5.Maximum Linear Speed of 23.25 Meters \/ Minute for efficiency. 6.Lightweight yet robust design for easy integration. %\" \/>\n<meta name=\"robots\" content=\"index, follow, max-snippet:-1, max-image-preview:large, max-video-preview:-1\" \/>\n<link rel=\"canonical\" href=\"https:\/\/rollingringdrives.com\/pt\/produtos\/produto-enrolador-de-cabo-transversal-gp40c-unidade-transversal-de-anel-rolante\/\" \/>\n<meta property=\"og:locale\" content=\"pt_PT\" \/>\n<meta property=\"og:type\" content=\"article\" \/>\n<meta property=\"og:title\" content=\"Traverse Cable Winder Product Gp40C Rolling Ring Traverse Drive\" \/>\n<meta property=\"og:description\" content=\"1.Three Rolling Rings for enhanced performance. 2.Maximum Side Thrust of 42 Kg for smooth operation. 3.Maximum Pitch of 31 mm for Linear movement. 4.Maximum Shaft Speed of 750 RPM for faster operation. 5.Maximum Linear Speed of 23.25 Meters \/ Minute for efficiency. 6.Lightweight yet robust design for easy integration. %\" \/>\n<meta property=\"og:url\" content=\"https:\/\/rollingringdrives.com\/pt\/produtos\/produto-enrolador-de-cabo-transversal-gp40c-unidade-transversal-de-anel-rolante\/\" \/>\n<meta property=\"og:site_name\" content=\"QiPang\" \/>\n<meta property=\"article:modified_time\" content=\"2024-01-04T03:34:05+00:00\" \/>\n<meta property=\"og:image\" content=\"https:\/\/rollingringdrives.com\/wp-content\/uploads\/2024\/01\/\u5b98\u7f51.jpg\" \/>\n\t<meta property=\"og:image:width\" content=\"600\" \/>\n\t<meta property=\"og:image:height\" content=\"600\" \/>\n\t<meta property=\"og:image:type\" content=\"image\/jpeg\" \/>\n<meta name=\"twitter:card\" content=\"summary_large_image\" \/>\n<meta name=\"twitter:label1\" content=\"Est. reading time\" \/>\n\t<meta name=\"twitter:data1\" content=\"1 minuto\" \/>\n<script type=\"application\/ld+json\" class=\"yoast-schema-graph\">{\"@context\":\"https:\/\/schema.org\",\"@graph\":[{\"@type\":\"WebPage\",\"@id\":\"https:\/\/rollingringdrives.com\/product\/traverse-cable-winder-product-gp40c-rolling-ring-traverse-drive\/\",\"url\":\"https:\/\/rollingringdrives.com\/product\/traverse-cable-winder-product-gp40c-rolling-ring-traverse-drive\/\",\"name\":\"Traverse Cable Winder Product Gp40C Rolling Ring Traverse Drive - QiPang\",\"isPartOf\":{\"@id\":\"https:\/\/rollingringdrives.com\/#website\"},\"primaryImageOfPage\":{\"@id\":\"https:\/\/rollingringdrives.com\/product\/traverse-cable-winder-product-gp40c-rolling-ring-traverse-drive\/#primaryimage\"},\"image\":{\"@id\":\"https:\/\/rollingringdrives.com\/product\/traverse-cable-winder-product-gp40c-rolling-ring-traverse-drive\/#primaryimage\"},\"thumbnailUrl\":\"https:\/\/rollingringdrives.com\/wp-content\/uploads\/2024\/01\/\u5b98\u7f51.jpg\",\"datePublished\":\"2024-01-04T03:34:04+00:00\",\"dateModified\":\"2024-01-04T03:34:05+00:00\",\"description\":\"1.Three Rolling Rings for enhanced performance. 2.Maximum Side Thrust of 42 Kg for smooth operation. 3.Maximum Pitch of 31 mm for Linear movement. 4.Maximum Shaft Speed of 750 RPM for faster operation. 5.Maximum Linear Speed of 23.25 Meters \/ Minute for efficiency. 6.Lightweight yet robust design for easy integration. %\",\"breadcrumb\":{\"@id\":\"https:\/\/rollingringdrives.com\/product\/traverse-cable-winder-product-gp40c-rolling-ring-traverse-drive\/#breadcrumb\"},\"inLanguage\":\"pt-PT\",\"potentialAction\":[{\"@type\":\"ReadAction\",\"target\":[\"https:\/\/rollingringdrives.com\/product\/traverse-cable-winder-product-gp40c-rolling-ring-traverse-drive\/\"]}]},{\"@type\":\"ImageObject\",\"inLanguage\":\"pt-PT\",\"@id\":\"https:\/\/rollingringdrives.com\/product\/traverse-cable-winder-product-gp40c-rolling-ring-traverse-drive\/#primaryimage\",\"url\":\"https:\/\/rollingringdrives.com\/wp-content\/uploads\/2024\/01\/\u5b98\u7f51.jpg\",\"contentUrl\":\"https:\/\/rollingringdrives.com\/wp-content\/uploads\/2024\/01\/\u5b98\u7f51.jpg\",\"width\":600,\"height\":600,\"caption\":\"Traverse Unit\"},{\"@type\":\"BreadcrumbList\",\"@id\":\"https:\/\/rollingringdrives.com\/product\/traverse-cable-winder-product-gp40c-rolling-ring-traverse-drive\/#breadcrumb\",\"itemListElement\":[{\"@type\":\"ListItem\",\"position\":1,\"name\":\"Home\",\"item\":\"https:\/\/rollingringdrives.com\/\"},{\"@type\":\"ListItem\",\"position\":2,\"name\":\"Machines\",\"item\":\"https:\/\/rollingringdrives.com\/machines\/\"},{\"@type\":\"ListItem\",\"position\":3,\"name\":\"Traverse Cable Winder Product Gp40C Rolling Ring Traverse Drive\"}]},{\"@type\":\"WebSite\",\"@id\":\"https:\/\/rollingringdrives.com\/#website\",\"url\":\"https:\/\/rollingringdrives.com\/\",\"name\":\"QiPang\",\"description\":\"QiPang Blog\",\"publisher\":{\"@id\":\"https:\/\/rollingringdrives.com\/#organization\"},\"potentialAction\":[{\"@type\":\"SearchAction\",\"target\":{\"@type\":\"EntryPoint\",\"urlTemplate\":\"https:\/\/rollingringdrives.com\/?s={search_term_string}\"},\"query-input\":{\"@type\":\"PropertyValueSpecification\",\"valueRequired\":true,\"valueName\":\"search_term_string\"}}],\"inLanguage\":\"pt-PT\"},{\"@type\":\"Organization\",\"@id\":\"https:\/\/rollingringdrives.com\/#organization\",\"name\":\"QiPang\",\"url\":\"https:\/\/rollingringdrives.com\/\",\"logo\":{\"@type\":\"ImageObject\",\"inLanguage\":\"pt-PT\",\"@id\":\"https:\/\/rollingringdrives.com\/#\/schema\/logo\/image\/\",\"url\":\"https:\/\/rollingringdrives.com\/wp-content\/uploads\/2023\/05\/cropped-\u672a\u547d\u540d\u7684\u8bbe\u8ba1.png\",\"contentUrl\":\"https:\/\/rollingringdrives.com\/wp-content\/uploads\/2023\/05\/cropped-\u672a\u547d\u540d\u7684\u8bbe\u8ba1.png\",\"width\":300,\"height\":191,\"caption\":\"QiPang\"},\"image\":{\"@id\":\"https:\/\/rollingringdrives.com\/#\/schema\/logo\/image\/\"}}]}<\/script>\n<!-- \/ Yoast SEO Premium plugin. -->","yoast_head_json":{"title":"Produto enrolador de cabo transversal Gp40C Rolling Ring Traverse Drive - QiPang","description":"1.Tr\u00eas an\u00e9is de rolamento para melhor desempenho. 2. Impulso lateral m\u00e1ximo de 42 kg para opera\u00e7\u00e3o suave. 3. Passo m\u00e1ximo de 31 mm para movimento linear. 4.Velocidade m\u00e1xima do eixo de 750 RPM para opera\u00e7\u00e3o mais r\u00e1pida. 5.Velocidade linear m\u00e1xima de 23,25 metros\/minuto para efici\u00eancia. 6.Design leve e robusto para f\u00e1cil integra\u00e7\u00e3o. %","robots":{"index":"index","follow":"follow","max-snippet":"max-snippet:-1","max-image-preview":"max-image-preview:large","max-video-preview":"max-video-preview:-1"},"canonical":"https:\/\/rollingringdrives.com\/pt\/produtos\/produto-enrolador-de-cabo-transversal-gp40c-unidade-transversal-de-anel-rolante\/","og_locale":"pt_PT","og_type":"article","og_title":"Traverse Cable Winder Product Gp40C Rolling Ring Traverse Drive","og_description":"1.Three Rolling Rings for enhanced performance. 2.Maximum Side Thrust of 42 Kg for smooth operation. 3.Maximum Pitch of 31 mm for Linear movement. 4.Maximum Shaft Speed of 750 RPM for faster operation. 5.Maximum Linear Speed of 23.25 Meters \/ Minute for efficiency. 6.Lightweight yet robust design for easy integration. %","og_url":"https:\/\/rollingringdrives.com\/pt\/produtos\/produto-enrolador-de-cabo-transversal-gp40c-unidade-transversal-de-anel-rolante\/","og_site_name":"QiPang","article_modified_time":"2024-01-04T03:34:05+00:00","og_image":[{"width":600,"height":600,"url":"https:\/\/rollingringdrives.com\/wp-content\/uploads\/2024\/01\/\u5b98\u7f51.jpg","type":"image\/jpeg"}],"twitter_card":"summary_large_image","twitter_misc":{"Est. reading time":"1 minuto"},"schema":{"@context":"https:\/\/schema.org","@graph":[{"@type":"WebPage","@id":"https:\/\/rollingringdrives.com\/product\/traverse-cable-winder-product-gp40c-rolling-ring-traverse-drive\/","url":"https:\/\/rollingringdrives.com\/product\/traverse-cable-winder-product-gp40c-rolling-ring-traverse-drive\/","name":"Produto enrolador de cabo transversal Gp40C Rolling Ring Traverse Drive - QiPang","isPartOf":{"@id":"https:\/\/rollingringdrives.com\/#website"},"primaryImageOfPage":{"@id":"https:\/\/rollingringdrives.com\/product\/traverse-cable-winder-product-gp40c-rolling-ring-traverse-drive\/#primaryimage"},"image":{"@id":"https:\/\/rollingringdrives.com\/product\/traverse-cable-winder-product-gp40c-rolling-ring-traverse-drive\/#primaryimage"},"thumbnailUrl":"https:\/\/rollingringdrives.com\/wp-content\/uploads\/2024\/01\/\u5b98\u7f51.jpg","datePublished":"2024-01-04T03:34:04+00:00","dateModified":"2024-01-04T03:34:05+00:00","description":"1.Tr\u00eas an\u00e9is de rolamento para melhor desempenho. 2. Impulso lateral m\u00e1ximo de 42 kg para opera\u00e7\u00e3o suave. 3. Passo m\u00e1ximo de 31 mm para movimento linear. 4.Velocidade m\u00e1xima do eixo de 750 RPM para opera\u00e7\u00e3o mais r\u00e1pida. 5.Velocidade linear m\u00e1xima de 23,25 metros\/minuto para efici\u00eancia. 6.Design leve e robusto para f\u00e1cil integra\u00e7\u00e3o. %","breadcrumb":{"@id":"https:\/\/rollingringdrives.com\/product\/traverse-cable-winder-product-gp40c-rolling-ring-traverse-drive\/#breadcrumb"},"inLanguage":"pt-PT","potentialAction":[{"@type":"ReadAction","target":["https:\/\/rollingringdrives.com\/product\/traverse-cable-winder-product-gp40c-rolling-ring-traverse-drive\/"]}]},{"@type":"ImageObject","inLanguage":"pt-PT","@id":"https:\/\/rollingringdrives.com\/product\/traverse-cable-winder-product-gp40c-rolling-ring-traverse-drive\/#primaryimage","url":"https:\/\/rollingringdrives.com\/wp-content\/uploads\/2024\/01\/\u5b98\u7f51.jpg","contentUrl":"https:\/\/rollingringdrives.com\/wp-content\/uploads\/2024\/01\/\u5b98\u7f51.jpg","width":600,"height":600,"caption":"Traverse Unit"},{"@type":"BreadcrumbList","@id":"https:\/\/rollingringdrives.com\/product\/traverse-cable-winder-product-gp40c-rolling-ring-traverse-drive\/#breadcrumb","itemListElement":[{"@type":"ListItem","position":1,"name":"Home","item":"https:\/\/rollingringdrives.com\/"},{"@type":"ListItem","position":2,"name":"Machines","item":"https:\/\/rollingringdrives.com\/machines\/"},{"@type":"ListItem","position":3,"name":"Traverse Cable Winder Product Gp40C Rolling Ring Traverse Drive"}]},{"@type":"WebSite","@id":"https:\/\/rollingringdrives.com\/#website","url":"https:\/\/rollingringdrives.com\/","name":"QiPangName","description":"Blog QiPang","publisher":{"@id":"https:\/\/rollingringdrives.com\/#organization"},"potentialAction":[{"@type":"SearchAction","target":{"@type":"EntryPoint","urlTemplate":"https:\/\/rollingringdrives.com\/?s={search_term_string}"},"query-input":{"@type":"PropertyValueSpecification","valueRequired":true,"valueName":"search_term_string"}}],"inLanguage":"pt-PT"},{"@type":"Organization","@id":"https:\/\/rollingringdrives.com\/#organization","name":"QiPangName","url":"https:\/\/rollingringdrives.com\/","logo":{"@type":"ImageObject","inLanguage":"pt-PT","@id":"https:\/\/rollingringdrives.com\/#\/schema\/logo\/image\/","url":"https:\/\/rollingringdrives.com\/wp-content\/uploads\/2023\/05\/cropped-\u672a\u547d\u540d\u7684\u8bbe\u8ba1.png","contentUrl":"https:\/\/rollingringdrives.com\/wp-content\/uploads\/2023\/05\/cropped-\u672a\u547d\u540d\u7684\u8bbe\u8ba1.png","width":300,"height":191,"caption":"QiPang"},"image":{"@id":"https:\/\/rollingringdrives.com\/#\/schema\/logo\/image\/"}}]}},"_links":{"self":[{"href":"https:\/\/rollingringdrives.com\/pt\/wp-json\/wp\/v2\/product\/30888","targetHints":{"allow":["GET"]}}],"collection":[{"href":"https:\/\/rollingringdrives.com\/pt\/wp-json\/wp\/v2\/product"}],"about":[{"href":"https:\/\/rollingringdrives.com\/pt\/wp-json\/wp\/v2\/types\/product"}],"version-history":[{"count":0,"href":"https:\/\/rollingringdrives.com\/pt\/wp-json\/wp\/v2\/product\/30888\/revisions"}],"wp:featuredmedia":[{"embeddable":true,"href":"https:\/\/rollingringdrives.com\/pt\/wp-json\/wp\/v2\/media\/30893"}],"wp:attachment":[{"href":"https:\/\/rollingringdrives.com\/pt\/wp-json\/wp\/v2\/media?parent=30888"}],"wp:term":[{"taxonomy":"product_brand","embeddable":true,"href":"https:\/\/rollingringdrives.com\/pt\/wp-json\/wp\/v2\/product_brand?post=30888"},{"taxonomy":"product_cat","embeddable":true,"href":"https:\/\/rollingringdrives.com\/pt\/wp-json\/wp\/v2\/product_cat?post=30888"},{"taxonomy":"product_tag","embeddable":true,"href":"https:\/\/rollingringdrives.com\/pt\/wp-json\/wp\/v2\/product_tag?post=30888"}],"curies":[{"name":"wp","href":"https:\/\/api.w.org\/{rel}","templated":true}]}}