{"id":30890,"date":"2024-01-04T03:49:29","date_gmt":"2024-01-04T03:49:29","guid":{"rendered":"https:\/\/rollingringdrives.com\/?post_type=product&#038;p=30890"},"modified":"2024-01-16T06:05:47","modified_gmt":"2024-01-16T06:05:47","slug":"take-up-winder","status":"publish","type":"product","link":"https:\/\/rollingringdrives.com\/pt\/produtos\/pegue-o-enrolador\/","title":{"rendered":"Enrolador"},"content":{"rendered":"<h3 id=\"2-eael-table-of-content\" class=\"eael-heading-content\">Aplicativo:<\/h3>\n<h5 id=\"3-eael-table-of-content\" class=\"eael-heading-content\">Adequado para fios de filamentos torcidos, como linhas de costura.<\/h5>\n<p>&nbsp;<\/p>\n<h3 id=\"4-eael-table-of-content\" class=\"eael-heading-content\">Principais caracter\u00edsticas<\/h3>\n<h5 id=\"5-eael-table-of-content\" class=\"eael-heading-content\">1. Esta m\u00e1quina pode ser definida no comprimento do enrolamento, quando o fio quebra ele ir\u00e1 parar automaticamente; quando o fio estiver totalmente preenchido, ele tamb\u00e9m ir\u00e1 parar;<\/h5>\n<h5 id=\"6-eael-table-of-content\" class=\"eael-heading-content\">2. Esta m\u00e1quina \u00e9 montada com tambores ranhurados em liga Ni-P XKH de 8 ou 10 polegadas com \u00f3timo formato de ranhura que t\u00eam as vantagens de boa resist\u00eancia ao desgaste e elimina\u00e7\u00e3o est\u00e1tica.<\/h5>\n<h5 id=\"7-eael-table-of-content\" class=\"eael-heading-content\">3. desenho de rolo duplo cruzado e dispositivo de ajuste de calor, pode relaxar o varn e sem tend\u00eancia de loop, tornar o fio muito mais reto e atingir uma resist\u00eancia e alongamento espec\u00edficos do fio.<\/h5>\n<p>&nbsp;<\/p>\n<div id=\"footable_parent_30524\"\n         class=\"footable_parent ninja_table_wrapper loading_ninja_table wp_table_data_press_parent semantic_ui\">\n                <table data-ninja_table_instance=\"ninja_table_instance_0\" data-footable_id=\"30524\" data-filter-delay=\"1000\" aria-label=\"Desenhe uma m\u00e1quina de enrolamento com ajuste de calor\"            id=\"footable_30524\"\n           data-unique_identifier=\"ninja_table_unique_id_315243116_30524\"\n           class=\"foo-table ninja_footable foo_table_30524 ninja_table_unique_id_315243116_30524 ui table  nt_type_legacy_table selectable striped vertical_centered  footable-paging-right ninja_table_pro\">\n                <colgroup>\n                            <col class=\"ninja_column_0\">\n                            <col class=\"ninja_column_1\">\n                    <\/colgroup>\n        <thead>\n<tr class=\"footable-header\">\n                                        <th scope=\"col\"  class=\"ninja_column_0 ninja_clmn_nm_item\">Item<\/th><th scope=\"col\"  class=\"ninja_column_1 ninja_clmn_nm_technicalparameters\">Par\u00e2metros t\u00e9cnicos<\/th><\/tr>\n<\/thead>\n<tbody>\n\n        <tr data-row_id=\"1345\" class=\"ninja_table_row_0 nt_row_id_1345\">\n            <td>Comprimento transversal<\/td><td>200mm, 250mm<\/td>        <\/tr>\n            <tr data-row_id=\"1360\" class=\"ninja_table_row_1 nt_row_id_1360\">\n            <td>Di\u00e2metro do pacote<\/td><td>\u03c6290 mm<\/td>        <\/tr>\n            <tr data-row_id=\"1346\" class=\"ninja_table_row_2 nt_row_id_1346\">\n            <td>Forma de anti-sobreposi\u00e7\u00e3o<\/td><td>Por eletr\u00f4nico<\/td>        <\/tr>\n            <tr data-row_id=\"1347\" class=\"ninja_table_row_3 nt_row_id_1347\">\n            <td>Peso do pacote<\/td><td>10kg<\/td>        <\/tr>\n            <tr data-row_id=\"1348\" class=\"ninja_table_row_4 nt_row_id_1348\">\n            <td>Fixa\u00e7\u00e3o autom\u00e1tica de comprimento<\/td><td>Fixa\u00e7\u00e3o autom\u00e1tica de comprimento, at\u00e9 999999m<\/td>        <\/tr>\n            <tr data-row_id=\"1349\" class=\"ninja_table_row_5 nt_row_id_1349\">\n            <td>Dimens\u00f5es<\/td><td>1600*500*1800mm<\/td>        <\/tr>\n            <tr data-row_id=\"1350\" class=\"ninja_table_row_6 nt_row_id_1350\">\n            <td>Peso<\/td><td>30kg<\/td>        <\/tr>\n    <\/tbody><!--ninja_tobody_rendering_done-->\n    <\/table>\n    \n    \n    \n<\/div>","protected":false},"excerpt":{"rendered":"<h4 id=\"1-eael-table-of-content\" class=\"eael-heading-content\">1. Cilindro de ranhura de alta resist\u00eancia, resist\u00eancia ao desgaste, resist\u00eancia \u00e0 separa\u00e7\u00e3o do fio<br \/>\n3. O desempenho da mola a g\u00e1s \u00e9 est\u00e1vel e confi\u00e1vel.<br \/>\n4. Elimine a tens\u00e3o do fio, para que n\u00e3o tenha tend\u00eancia a circular<br \/>\n5. Fio redondo e cheio, maior sentido tridimensional<br \/>\n6. Realize linhas de costura avan\u00e7adas de \u00f3leo sem espuma<\/h4>","protected":false},"featured_media":31131,"template":"","meta":{"site-sidebar-layout":"default","site-content-layout":"default","ast-global-header-display":"","ast-banner-title-visibility":"","ast-main-header-display":"","ast-hfb-above-header-display":"","ast-hfb-below-header-display":"","ast-hfb-mobile-header-display":"","site-post-title":"","ast-breadcrumbs-content":"","ast-featured-img":"","footer-sml-layout":"","theme-transparent-header-meta":"default","adv-header-id-meta":"","stick-header-meta":"","header-above-stick-meta":"","header-main-stick-meta":"","header-below-stick-meta":""},"product_brand":[],"product_cat":[100,122],"product_tag":[],"class_list":{"0":"post-30890","1":"product","2":"type-product","3":"status-publish","4":"has-post-thumbnail","6":"product_cat-spindle-winding-machine","7":"product_cat-yarn-winding-machine","8":"desktop-align-left","9":"tablet-align-left","10":"mobile-align-left","12":"first","13":"instock","14":"shipping-taxable","15":"product-type-simple"},"yoast_head":"<!-- This site is optimized with the Yoast SEO Premium plugin v20.12 (Yoast SEO v26.0) - https:\/\/yoast.com\/wordpress\/plugins\/seo\/ -->\n<title>Take Up Winder - QiPang<\/title>\n<meta name=\"robots\" content=\"index, follow, max-snippet:-1, max-image-preview:large, max-video-preview:-1\" \/>\n<link rel=\"canonical\" href=\"https:\/\/rollingringdrives.com\/pt\/produtos\/pegue-o-enrolador\/\" \/>\n<meta property=\"og:locale\" content=\"pt_PT\" \/>\n<meta property=\"og:type\" content=\"article\" \/>\n<meta property=\"og:title\" content=\"Take Up Winder\" \/>\n<meta property=\"og:description\" content=\"1. Groove cylinder high strength, wear resistance, yarn separation\u00a0 \u00a0 \u00a0 resistance 3. Gas spring performance is stable and reliable. 4. Eliminate yarn stress, so that it has no tendency to circle 5. Round and full yarn, higher three-dimensional sense 6. Realize non-foaming oil advanced sewing thread\" \/>\n<meta property=\"og:url\" content=\"https:\/\/rollingringdrives.com\/pt\/produtos\/pegue-o-enrolador\/\" \/>\n<meta property=\"og:site_name\" content=\"QiPang\" \/>\n<meta property=\"article:modified_time\" content=\"2024-01-16T06:05:47+00:00\" \/>\n<meta property=\"og:image\" content=\"https:\/\/rollingringdrives.com\/wp-content\/uploads\/2024\/01\/\u53cc\u5934\u7edc\u7b52\u673a\u5e73\u7ba1_\u526f\u672c.png\" \/>\n\t<meta property=\"og:image:width\" content=\"600\" \/>\n\t<meta property=\"og:image:height\" content=\"600\" \/>\n\t<meta property=\"og:image:type\" content=\"image\/png\" \/>\n<meta name=\"twitter:card\" content=\"summary_large_image\" \/>\n<meta name=\"twitter:label1\" content=\"Est. reading time\" \/>\n\t<meta name=\"twitter:data1\" content=\"1 minuto\" \/>\n<script type=\"application\/ld+json\" class=\"yoast-schema-graph\">{\"@context\":\"https:\/\/schema.org\",\"@graph\":[{\"@type\":\"WebPage\",\"@id\":\"https:\/\/rollingringdrives.com\/product\/take-up-winder\/\",\"url\":\"https:\/\/rollingringdrives.com\/product\/take-up-winder\/\",\"name\":\"Take Up Winder - QiPang\",\"isPartOf\":{\"@id\":\"https:\/\/rollingringdrives.com\/#website\"},\"primaryImageOfPage\":{\"@id\":\"https:\/\/rollingringdrives.com\/product\/take-up-winder\/#primaryimage\"},\"image\":{\"@id\":\"https:\/\/rollingringdrives.com\/product\/take-up-winder\/#primaryimage\"},\"thumbnailUrl\":\"https:\/\/rollingringdrives.com\/wp-content\/uploads\/2024\/01\/\u53cc\u5934\u7edc\u7b52\u673a\u5e73\u7ba1_\u526f\u672c.png\",\"datePublished\":\"2024-01-04T03:49:29+00:00\",\"dateModified\":\"2024-01-16T06:05:47+00:00\",\"breadcrumb\":{\"@id\":\"https:\/\/rollingringdrives.com\/product\/take-up-winder\/#breadcrumb\"},\"inLanguage\":\"pt-PT\",\"potentialAction\":[{\"@type\":\"ReadAction\",\"target\":[\"https:\/\/rollingringdrives.com\/product\/take-up-winder\/\"]}]},{\"@type\":\"ImageObject\",\"inLanguage\":\"pt-PT\",\"@id\":\"https:\/\/rollingringdrives.com\/product\/take-up-winder\/#primaryimage\",\"url\":\"https:\/\/rollingringdrives.com\/wp-content\/uploads\/2024\/01\/\u53cc\u5934\u7edc\u7b52\u673a\u5e73\u7ba1_\u526f\u672c.png\",\"contentUrl\":\"https:\/\/rollingringdrives.com\/wp-content\/uploads\/2024\/01\/\u53cc\u5934\u7edc\u7b52\u673a\u5e73\u7ba1_\u526f\u672c.png\",\"width\":600,\"height\":600,\"caption\":\"take up winder\"},{\"@type\":\"BreadcrumbList\",\"@id\":\"https:\/\/rollingringdrives.com\/product\/take-up-winder\/#breadcrumb\",\"itemListElement\":[{\"@type\":\"ListItem\",\"position\":1,\"name\":\"Home\",\"item\":\"https:\/\/rollingringdrives.com\/\"},{\"@type\":\"ListItem\",\"position\":2,\"name\":\"Machines\",\"item\":\"https:\/\/rollingringdrives.com\/machines\/\"},{\"@type\":\"ListItem\",\"position\":3,\"name\":\"Take Up Winder\"}]},{\"@type\":\"WebSite\",\"@id\":\"https:\/\/rollingringdrives.com\/#website\",\"url\":\"https:\/\/rollingringdrives.com\/\",\"name\":\"QiPang\",\"description\":\"QiPang Blog\",\"publisher\":{\"@id\":\"https:\/\/rollingringdrives.com\/#organization\"},\"potentialAction\":[{\"@type\":\"SearchAction\",\"target\":{\"@type\":\"EntryPoint\",\"urlTemplate\":\"https:\/\/rollingringdrives.com\/?s={search_term_string}\"},\"query-input\":{\"@type\":\"PropertyValueSpecification\",\"valueRequired\":true,\"valueName\":\"search_term_string\"}}],\"inLanguage\":\"pt-PT\"},{\"@type\":\"Organization\",\"@id\":\"https:\/\/rollingringdrives.com\/#organization\",\"name\":\"QiPang\",\"url\":\"https:\/\/rollingringdrives.com\/\",\"logo\":{\"@type\":\"ImageObject\",\"inLanguage\":\"pt-PT\",\"@id\":\"https:\/\/rollingringdrives.com\/#\/schema\/logo\/image\/\",\"url\":\"https:\/\/rollingringdrives.com\/wp-content\/uploads\/2023\/05\/cropped-\u672a\u547d\u540d\u7684\u8bbe\u8ba1.png\",\"contentUrl\":\"https:\/\/rollingringdrives.com\/wp-content\/uploads\/2023\/05\/cropped-\u672a\u547d\u540d\u7684\u8bbe\u8ba1.png\",\"width\":300,\"height\":191,\"caption\":\"QiPang\"},\"image\":{\"@id\":\"https:\/\/rollingringdrives.com\/#\/schema\/logo\/image\/\"}}]}<\/script>\n<!-- \/ Yoast SEO Premium plugin. -->","yoast_head_json":{"title":"Enrolador de enrolamento - QiPang","robots":{"index":"index","follow":"follow","max-snippet":"max-snippet:-1","max-image-preview":"max-image-preview:large","max-video-preview":"max-video-preview:-1"},"canonical":"https:\/\/rollingringdrives.com\/pt\/produtos\/pegue-o-enrolador\/","og_locale":"pt_PT","og_type":"article","og_title":"Take Up Winder","og_description":"1. Groove cylinder high strength, wear resistance, yarn separation\u00a0 \u00a0 \u00a0 resistance 3. Gas spring performance is stable and reliable. 4. Eliminate yarn stress, so that it has no tendency to circle 5. Round and full yarn, higher three-dimensional sense 6. Realize non-foaming oil advanced sewing thread","og_url":"https:\/\/rollingringdrives.com\/pt\/produtos\/pegue-o-enrolador\/","og_site_name":"QiPang","article_modified_time":"2024-01-16T06:05:47+00:00","og_image":[{"width":600,"height":600,"url":"https:\/\/rollingringdrives.com\/wp-content\/uploads\/2024\/01\/\u53cc\u5934\u7edc\u7b52\u673a\u5e73\u7ba1_\u526f\u672c.png","type":"image\/png"}],"twitter_card":"summary_large_image","twitter_misc":{"Est. reading time":"1 minuto"},"schema":{"@context":"https:\/\/schema.org","@graph":[{"@type":"WebPage","@id":"https:\/\/rollingringdrives.com\/product\/take-up-winder\/","url":"https:\/\/rollingringdrives.com\/product\/take-up-winder\/","name":"Enrolador de enrolamento - QiPang","isPartOf":{"@id":"https:\/\/rollingringdrives.com\/#website"},"primaryImageOfPage":{"@id":"https:\/\/rollingringdrives.com\/product\/take-up-winder\/#primaryimage"},"image":{"@id":"https:\/\/rollingringdrives.com\/product\/take-up-winder\/#primaryimage"},"thumbnailUrl":"https:\/\/rollingringdrives.com\/wp-content\/uploads\/2024\/01\/\u53cc\u5934\u7edc\u7b52\u673a\u5e73\u7ba1_\u526f\u672c.png","datePublished":"2024-01-04T03:49:29+00:00","dateModified":"2024-01-16T06:05:47+00:00","breadcrumb":{"@id":"https:\/\/rollingringdrives.com\/product\/take-up-winder\/#breadcrumb"},"inLanguage":"pt-PT","potentialAction":[{"@type":"ReadAction","target":["https:\/\/rollingringdrives.com\/product\/take-up-winder\/"]}]},{"@type":"ImageObject","inLanguage":"pt-PT","@id":"https:\/\/rollingringdrives.com\/product\/take-up-winder\/#primaryimage","url":"https:\/\/rollingringdrives.com\/wp-content\/uploads\/2024\/01\/\u53cc\u5934\u7edc\u7b52\u673a\u5e73\u7ba1_\u526f\u672c.png","contentUrl":"https:\/\/rollingringdrives.com\/wp-content\/uploads\/2024\/01\/\u53cc\u5934\u7edc\u7b52\u673a\u5e73\u7ba1_\u526f\u672c.png","width":600,"height":600,"caption":"take up winder"},{"@type":"BreadcrumbList","@id":"https:\/\/rollingringdrives.com\/product\/take-up-winder\/#breadcrumb","itemListElement":[{"@type":"ListItem","position":1,"name":"Home","item":"https:\/\/rollingringdrives.com\/"},{"@type":"ListItem","position":2,"name":"Machines","item":"https:\/\/rollingringdrives.com\/machines\/"},{"@type":"ListItem","position":3,"name":"Take Up Winder"}]},{"@type":"WebSite","@id":"https:\/\/rollingringdrives.com\/#website","url":"https:\/\/rollingringdrives.com\/","name":"QiPangName","description":"Blog QiPang","publisher":{"@id":"https:\/\/rollingringdrives.com\/#organization"},"potentialAction":[{"@type":"SearchAction","target":{"@type":"EntryPoint","urlTemplate":"https:\/\/rollingringdrives.com\/?s={search_term_string}"},"query-input":{"@type":"PropertyValueSpecification","valueRequired":true,"valueName":"search_term_string"}}],"inLanguage":"pt-PT"},{"@type":"Organization","@id":"https:\/\/rollingringdrives.com\/#organization","name":"QiPangName","url":"https:\/\/rollingringdrives.com\/","logo":{"@type":"ImageObject","inLanguage":"pt-PT","@id":"https:\/\/rollingringdrives.com\/#\/schema\/logo\/image\/","url":"https:\/\/rollingringdrives.com\/wp-content\/uploads\/2023\/05\/cropped-\u672a\u547d\u540d\u7684\u8bbe\u8ba1.png","contentUrl":"https:\/\/rollingringdrives.com\/wp-content\/uploads\/2023\/05\/cropped-\u672a\u547d\u540d\u7684\u8bbe\u8ba1.png","width":300,"height":191,"caption":"QiPang"},"image":{"@id":"https:\/\/rollingringdrives.com\/#\/schema\/logo\/image\/"}}]}},"_links":{"self":[{"href":"https:\/\/rollingringdrives.com\/pt\/wp-json\/wp\/v2\/product\/30890","targetHints":{"allow":["GET"]}}],"collection":[{"href":"https:\/\/rollingringdrives.com\/pt\/wp-json\/wp\/v2\/product"}],"about":[{"href":"https:\/\/rollingringdrives.com\/pt\/wp-json\/wp\/v2\/types\/product"}],"version-history":[{"count":0,"href":"https:\/\/rollingringdrives.com\/pt\/wp-json\/wp\/v2\/product\/30890\/revisions"}],"wp:featuredmedia":[{"embeddable":true,"href":"https:\/\/rollingringdrives.com\/pt\/wp-json\/wp\/v2\/media\/31131"}],"wp:attachment":[{"href":"https:\/\/rollingringdrives.com\/pt\/wp-json\/wp\/v2\/media?parent=30890"}],"wp:term":[{"taxonomy":"product_brand","embeddable":true,"href":"https:\/\/rollingringdrives.com\/pt\/wp-json\/wp\/v2\/product_brand?post=30890"},{"taxonomy":"product_cat","embeddable":true,"href":"https:\/\/rollingringdrives.com\/pt\/wp-json\/wp\/v2\/product_cat?post=30890"},{"taxonomy":"product_tag","embeddable":true,"href":"https:\/\/rollingringdrives.com\/pt\/wp-json\/wp\/v2\/product_tag?post=30890"}],"curies":[{"name":"wp","href":"https:\/\/api.w.org\/{rel}","templated":true}]}}