{"id":30900,"date":"2024-01-05T10:44:11","date_gmt":"2024-01-05T10:44:11","guid":{"rendered":"https:\/\/rollingringdrives.com\/?post_type=product&#038;p=30900"},"modified":"2025-07-07T06:13:11","modified_gmt":"2025-07-07T06:13:11","slug":"tc400-wire-coiling-machine","status":"publish","type":"product","link":"https:\/\/rollingringdrives.com\/pt\/produtos\/maquina-de-enrolamento-de-fio-tc400\/","title":{"rendered":"M\u00e1quina de enrolamento de fio TC400"},"content":{"rendered":"<p>O\u00a0<strong><b>400 M\u00e1quina de Bobinagem Vertical\u00a0<\/b><\/strong>\u00e9 constru\u00eddo com a\u00e7o quadrado, tornando-o dur\u00e1vel e duradouro. Est\u00e1 inclu\u00eddo o gabinete de distribui\u00e7\u00e3o de energia, que consiste em uma fonte de alimenta\u00e7\u00e3o e um conversor de frequ\u00eancia. A personaliza\u00e7\u00e3o de outras taxas \u00e9 poss\u00edvel com uma velocidade ajust\u00e1vel de aproximadamente 120N voltas por minuto. A m\u00e1quina possui quatro olhais fixos de expans\u00e3o na parte inferior e um dispositivo antiderrapante na parte superior que pode suportar at\u00e9 30 kg. Os acionamentos de an\u00e9is rolantes de precis\u00e3o garantem a precis\u00e3o do processo de enrolamento, tornando-os o complemento perfeito para qualquer linha de produ\u00e7\u00e3o.<\/p>\n<div id=\"footable_parent_30902\"\n         class=\"footable_parent ninja_table_wrapper loading_ninja_table wp_table_data_press_parent semantic_ui\">\n                <table data-ninja_table_instance=\"ninja_table_instance_0\" data-footable_id=\"30902\" data-filter-delay=\"1000\" aria-label=\"\u5de5\u4f5c\u7c3f2.csv\"            id=\"footable_30902\"\n           data-unique_identifier=\"ninja_table_unique_id_1186375552_30902\"\n           class=\"foo-table ninja_footable foo_table_30902 ninja_table_unique_id_1186375552_30902 ui table  nt_type_legacy_table selectable striped vertical_centered  footable-paging-right ninja_table_pro\">\n                <colgroup>\n                            <col class=\"ninja_column_0\">\n                            <col class=\"ninja_column_1\">\n                    <\/colgroup>\n        <thead>\n<tr class=\"footable-header\">\n                                        <th scope=\"col\"  class=\"ninja_column_0 ninja_clmn_nm_parameter\">Par\u00e2metro<\/th><th scope=\"col\"  class=\"ninja_column_1 ninja_clmn_nm_value\">Valor<\/th><\/tr>\n<\/thead>\n<tbody>\n\n        <tr data-row_id=\"1664\" class=\"ninja_table_row_0 nt_row_id_1664\">\n            <td>A\u00e7o quadrado<\/td><td>Vital<\/td>        <\/tr>\n            <tr data-row_id=\"1665\" class=\"ninja_table_row_1 nt_row_id_1665\">\n            <td>Pontas c\u00f4nicas<\/td><td>1 par (compat\u00edvel com v\u00e1rias bobinas de orif\u00edcio interno)<\/td>        <\/tr>\n            <tr data-row_id=\"1666\" class=\"ninja_table_row_2 nt_row_id_1666\">\n            <td>Gabinete de distribui\u00e7\u00e3o de energia<\/td><td>Inclui fonte de alimenta\u00e7\u00e3o e conversor de frequ\u00eancia<\/td>        <\/tr>\n            <tr data-row_id=\"1667\" class=\"ninja_table_row_3 nt_row_id_1667\">\n            <td>Velocidade ajust\u00e1vel<\/td><td>Aproximadamente 120N voltas por minuto (outras velocidades podem ser personalizadas)<\/td>        <\/tr>\n            <tr data-row_id=\"1668\" class=\"ninja_table_row_4 nt_row_id_1668\">\n            <td>Olhos de parafuso de expans\u00e3o fixos<\/td><td>4 no fundo<\/td>        <\/tr>\n            <tr data-row_id=\"1669\" class=\"ninja_table_row_5 nt_row_id_1669\">\n            <td>dispositivo antiderrapante<\/td><td>Sim (com 30 kg)<\/td>        <\/tr>\n            <tr data-row_id=\"1670\" class=\"ninja_table_row_6 nt_row_id_1670\">\n            <td>Acionamentos de anel rolante de precis\u00e3o<\/td><td>Sim (com 30 kg)<\/td>        <\/tr>\n            <tr data-row_id=\"1671\" class=\"ninja_table_row_7 nt_row_id_1671\">\n            <td>Poder <\/td><td>220V (energia personalizada dispon\u00edvel)<\/td>        <\/tr>\n            <tr data-row_id=\"1672\" class=\"ninja_table_row_8 nt_row_id_1672\">\n            <td>Configura\u00e7\u00e3o selecion\u00e1vel<\/td><td><\/td>        <\/tr>\n            <tr data-row_id=\"1673\" class=\"ninja_table_row_9 nt_row_id_1673\">\n            <td>Contador de medidores<\/td><td>Op\u00e7\u00e3o: Defina o n\u00famero de medidores para parar e alarme<\/td>        <\/tr>\n            <tr data-row_id=\"1674\" class=\"ninja_table_row_10 nt_row_id_1674\">\n            <td>Dispositivo magn\u00e9tico de tens\u00e3o de p\u00f3<\/td><td>Op\u00e7\u00e3o: Para combinar com a linha de produ\u00e7\u00e3o para velocidade constante e evitar a tens\u00e3o do fio<\/td>        <\/tr>\n            <tr data-row_id=\"1675\" class=\"ninja_table_row_11 nt_row_id_1675\">\n            <td><\/td><td><\/td>        <\/tr>\n    <\/tbody><!--ninja_tobody_rendering_done-->\n    <\/table>\n    \n    \n    \n<\/div>\n\n<p>A Bobinadeira Vertical 400 pode ser utilizada em diversas ind\u00fastrias, como el\u00e9trica, t\u00eaxtil e automotiva. \u00c9 ideal para bobinar diferentes bobinas com orif\u00edcio interno, tornando-a o complemento perfeito para qualquer linha de produ\u00e7\u00e3o.<\/p>\n<p>&nbsp;<\/p>","protected":false},"excerpt":{"rendered":"<h2 id=\"1-eael-table-of-content\" class=\"xsj_heading_hash xsj_heading xsj_heading_h2 eael-heading-content\" data-source-line=\"2\" data-source-line-display=\"true\"><span class=\"xsj_heading_content\">Caracter\u00edsticas:<\/span><\/h2>\n<ol class=\"markdown_ol\" data-source-line=\"4\">\n<li data-source-line=\"4\">Constru\u00e7\u00e3o dur\u00e1vel com a\u00e7o quadrado.<\/li>\n<li data-source-line=\"5\">Velocidade ajust\u00e1vel com op\u00e7\u00f5es de personaliza\u00e7\u00e3o.<\/li>\n<li data-source-line=\"6\">Quatro olhais de parafuso de expans\u00e3o fixos na parte inferior.<\/li>\n<li data-source-line=\"7\">Dispositivo antiderrapante na parte superior que suporta at\u00e9 30 kg.<\/li>\n<li data-source-line=\"8\">Acionamentos de anel de rolamento de precis\u00e3o para enrolamento preciso.<\/li>\n<\/ol>","protected":false},"featured_media":31872,"template":"","meta":{"site-sidebar-layout":"default","site-content-layout":"default","ast-global-header-display":"","ast-banner-title-visibility":"","ast-main-header-display":"","ast-hfb-above-header-display":"","ast-hfb-below-header-display":"","ast-hfb-mobile-header-display":"","site-post-title":"","ast-breadcrumbs-content":"","ast-featured-img":"","footer-sml-layout":"","theme-transparent-header-meta":"default","adv-header-id-meta":"","stick-header-meta":"","header-above-stick-meta":"","header-main-stick-meta":"","header-below-stick-meta":""},"product_brand":[],"product_cat":[136,137],"product_tag":[],"class_list":{"0":"post-30900","1":"product","2":"type-product","3":"status-publish","4":"has-post-thumbnail","6":"product_cat-coiling-machine","7":"product_cat-coiling-and-reeling-machine","8":"desktop-align-left","9":"tablet-align-left","10":"mobile-align-left","12":"first","13":"instock","14":"shipping-taxable","15":"product-type-simple"},"yoast_head":"<!-- This site is optimized with the Yoast SEO Premium plugin v20.12 (Yoast SEO v26.0) - https:\/\/yoast.com\/wordpress\/plugins\/seo\/ -->\n<title>TC400 Wire Coiling Machine - QiPang<\/title>\n<meta name=\"robots\" content=\"index, follow, max-snippet:-1, max-image-preview:large, max-video-preview:-1\" \/>\n<link rel=\"canonical\" href=\"https:\/\/rollingringdrives.com\/pt\/produtos\/maquina-de-enrolamento-de-fio-tc400\/\" \/>\n<meta property=\"og:locale\" content=\"pt_PT\" \/>\n<meta property=\"og:type\" content=\"article\" \/>\n<meta property=\"og:title\" content=\"TC400 Wire Coiling Machine\" \/>\n<meta property=\"og:description\" content=\"Features:   Durable construction with square steel.  Adjustable speed with customization options.  Four fixed expansion screw eyes at the bottom.  Anti-slip device at the top that can bear up to 30 kg.  Precision rolling ring drives for accurate winding.\" \/>\n<meta property=\"og:url\" content=\"https:\/\/rollingringdrives.com\/pt\/produtos\/maquina-de-enrolamento-de-fio-tc400\/\" \/>\n<meta property=\"og:site_name\" content=\"QiPang\" \/>\n<meta property=\"article:modified_time\" content=\"2025-07-07T06:13:11+00:00\" \/>\n<meta property=\"og:image\" content=\"https:\/\/rollingringdrives.com\/wp-content\/uploads\/2024\/01\/\u4e3b\u56fe\u6a21\u7248.jpg\" \/>\n\t<meta property=\"og:image:width\" content=\"600\" \/>\n\t<meta property=\"og:image:height\" content=\"600\" \/>\n\t<meta property=\"og:image:type\" content=\"image\/jpeg\" \/>\n<meta name=\"twitter:card\" content=\"summary_large_image\" \/>\n<meta name=\"twitter:label1\" content=\"Est. reading time\" \/>\n\t<meta name=\"twitter:data1\" content=\"1 minuto\" \/>\n<script type=\"application\/ld+json\" class=\"yoast-schema-graph\">{\"@context\":\"https:\/\/schema.org\",\"@graph\":[{\"@type\":\"WebPage\",\"@id\":\"https:\/\/rollingringdrives.com\/product\/tc400-wire-coiling-machine\/\",\"url\":\"https:\/\/rollingringdrives.com\/product\/tc400-wire-coiling-machine\/\",\"name\":\"TC400 Wire Coiling Machine - QiPang\",\"isPartOf\":{\"@id\":\"https:\/\/rollingringdrives.com\/#website\"},\"primaryImageOfPage\":{\"@id\":\"https:\/\/rollingringdrives.com\/product\/tc400-wire-coiling-machine\/#primaryimage\"},\"image\":{\"@id\":\"https:\/\/rollingringdrives.com\/product\/tc400-wire-coiling-machine\/#primaryimage\"},\"thumbnailUrl\":\"https:\/\/rollingringdrives.com\/wp-content\/uploads\/2024\/01\/\u4e3b\u56fe\u6a21\u7248.jpg\",\"datePublished\":\"2024-01-05T10:44:11+00:00\",\"dateModified\":\"2025-07-07T06:13:11+00:00\",\"breadcrumb\":{\"@id\":\"https:\/\/rollingringdrives.com\/product\/tc400-wire-coiling-machine\/#breadcrumb\"},\"inLanguage\":\"pt-PT\",\"potentialAction\":[{\"@type\":\"ReadAction\",\"target\":[\"https:\/\/rollingringdrives.com\/product\/tc400-wire-coiling-machine\/\"]}]},{\"@type\":\"ImageObject\",\"inLanguage\":\"pt-PT\",\"@id\":\"https:\/\/rollingringdrives.com\/product\/tc400-wire-coiling-machine\/#primaryimage\",\"url\":\"https:\/\/rollingringdrives.com\/wp-content\/uploads\/2024\/01\/\u4e3b\u56fe\u6a21\u7248.jpg\",\"contentUrl\":\"https:\/\/rollingringdrives.com\/wp-content\/uploads\/2024\/01\/\u4e3b\u56fe\u6a21\u7248.jpg\",\"width\":600,\"height\":600,\"caption\":\"Wire reel machine\"},{\"@type\":\"BreadcrumbList\",\"@id\":\"https:\/\/rollingringdrives.com\/product\/tc400-wire-coiling-machine\/#breadcrumb\",\"itemListElement\":[{\"@type\":\"ListItem\",\"position\":1,\"name\":\"Home\",\"item\":\"https:\/\/rollingringdrives.com\/\"},{\"@type\":\"ListItem\",\"position\":2,\"name\":\"Machines\",\"item\":\"https:\/\/rollingringdrives.com\/machines\/\"},{\"@type\":\"ListItem\",\"position\":3,\"name\":\"TC400 Wire Coiling Machine\"}]},{\"@type\":\"WebSite\",\"@id\":\"https:\/\/rollingringdrives.com\/#website\",\"url\":\"https:\/\/rollingringdrives.com\/\",\"name\":\"QiPang\",\"description\":\"QiPang Blog\",\"publisher\":{\"@id\":\"https:\/\/rollingringdrives.com\/#organization\"},\"potentialAction\":[{\"@type\":\"SearchAction\",\"target\":{\"@type\":\"EntryPoint\",\"urlTemplate\":\"https:\/\/rollingringdrives.com\/?s={search_term_string}\"},\"query-input\":{\"@type\":\"PropertyValueSpecification\",\"valueRequired\":true,\"valueName\":\"search_term_string\"}}],\"inLanguage\":\"pt-PT\"},{\"@type\":\"Organization\",\"@id\":\"https:\/\/rollingringdrives.com\/#organization\",\"name\":\"QiPang\",\"url\":\"https:\/\/rollingringdrives.com\/\",\"logo\":{\"@type\":\"ImageObject\",\"inLanguage\":\"pt-PT\",\"@id\":\"https:\/\/rollingringdrives.com\/#\/schema\/logo\/image\/\",\"url\":\"https:\/\/rollingringdrives.com\/wp-content\/uploads\/2023\/05\/cropped-\u672a\u547d\u540d\u7684\u8bbe\u8ba1.png\",\"contentUrl\":\"https:\/\/rollingringdrives.com\/wp-content\/uploads\/2023\/05\/cropped-\u672a\u547d\u540d\u7684\u8bbe\u8ba1.png\",\"width\":300,\"height\":191,\"caption\":\"QiPang\"},\"image\":{\"@id\":\"https:\/\/rollingringdrives.com\/#\/schema\/logo\/image\/\"}}]}<\/script>\n<!-- \/ Yoast SEO Premium plugin. -->","yoast_head_json":{"title":"M\u00e1quina enroladora de fio TC400 - QiPang","robots":{"index":"index","follow":"follow","max-snippet":"max-snippet:-1","max-image-preview":"max-image-preview:large","max-video-preview":"max-video-preview:-1"},"canonical":"https:\/\/rollingringdrives.com\/pt\/produtos\/maquina-de-enrolamento-de-fio-tc400\/","og_locale":"pt_PT","og_type":"article","og_title":"TC400 Wire Coiling Machine","og_description":"Features:   Durable construction with square steel.  Adjustable speed with customization options.  Four fixed expansion screw eyes at the bottom.  Anti-slip device at the top that can bear up to 30 kg.  Precision rolling ring drives for accurate winding.","og_url":"https:\/\/rollingringdrives.com\/pt\/produtos\/maquina-de-enrolamento-de-fio-tc400\/","og_site_name":"QiPang","article_modified_time":"2025-07-07T06:13:11+00:00","og_image":[{"width":600,"height":600,"url":"https:\/\/rollingringdrives.com\/wp-content\/uploads\/2024\/01\/\u4e3b\u56fe\u6a21\u7248.jpg","type":"image\/jpeg"}],"twitter_card":"summary_large_image","twitter_misc":{"Est. reading time":"1 minuto"},"schema":{"@context":"https:\/\/schema.org","@graph":[{"@type":"WebPage","@id":"https:\/\/rollingringdrives.com\/product\/tc400-wire-coiling-machine\/","url":"https:\/\/rollingringdrives.com\/product\/tc400-wire-coiling-machine\/","name":"M\u00e1quina enroladora de fio TC400 - QiPang","isPartOf":{"@id":"https:\/\/rollingringdrives.com\/#website"},"primaryImageOfPage":{"@id":"https:\/\/rollingringdrives.com\/product\/tc400-wire-coiling-machine\/#primaryimage"},"image":{"@id":"https:\/\/rollingringdrives.com\/product\/tc400-wire-coiling-machine\/#primaryimage"},"thumbnailUrl":"https:\/\/rollingringdrives.com\/wp-content\/uploads\/2024\/01\/\u4e3b\u56fe\u6a21\u7248.jpg","datePublished":"2024-01-05T10:44:11+00:00","dateModified":"2025-07-07T06:13:11+00:00","breadcrumb":{"@id":"https:\/\/rollingringdrives.com\/product\/tc400-wire-coiling-machine\/#breadcrumb"},"inLanguage":"pt-PT","potentialAction":[{"@type":"ReadAction","target":["https:\/\/rollingringdrives.com\/product\/tc400-wire-coiling-machine\/"]}]},{"@type":"ImageObject","inLanguage":"pt-PT","@id":"https:\/\/rollingringdrives.com\/product\/tc400-wire-coiling-machine\/#primaryimage","url":"https:\/\/rollingringdrives.com\/wp-content\/uploads\/2024\/01\/\u4e3b\u56fe\u6a21\u7248.jpg","contentUrl":"https:\/\/rollingringdrives.com\/wp-content\/uploads\/2024\/01\/\u4e3b\u56fe\u6a21\u7248.jpg","width":600,"height":600,"caption":"Wire reel machine"},{"@type":"BreadcrumbList","@id":"https:\/\/rollingringdrives.com\/product\/tc400-wire-coiling-machine\/#breadcrumb","itemListElement":[{"@type":"ListItem","position":1,"name":"Home","item":"https:\/\/rollingringdrives.com\/"},{"@type":"ListItem","position":2,"name":"Machines","item":"https:\/\/rollingringdrives.com\/machines\/"},{"@type":"ListItem","position":3,"name":"TC400 Wire Coiling Machine"}]},{"@type":"WebSite","@id":"https:\/\/rollingringdrives.com\/#website","url":"https:\/\/rollingringdrives.com\/","name":"QiPangName","description":"Blog QiPang","publisher":{"@id":"https:\/\/rollingringdrives.com\/#organization"},"potentialAction":[{"@type":"SearchAction","target":{"@type":"EntryPoint","urlTemplate":"https:\/\/rollingringdrives.com\/?s={search_term_string}"},"query-input":{"@type":"PropertyValueSpecification","valueRequired":true,"valueName":"search_term_string"}}],"inLanguage":"pt-PT"},{"@type":"Organization","@id":"https:\/\/rollingringdrives.com\/#organization","name":"QiPangName","url":"https:\/\/rollingringdrives.com\/","logo":{"@type":"ImageObject","inLanguage":"pt-PT","@id":"https:\/\/rollingringdrives.com\/#\/schema\/logo\/image\/","url":"https:\/\/rollingringdrives.com\/wp-content\/uploads\/2023\/05\/cropped-\u672a\u547d\u540d\u7684\u8bbe\u8ba1.png","contentUrl":"https:\/\/rollingringdrives.com\/wp-content\/uploads\/2023\/05\/cropped-\u672a\u547d\u540d\u7684\u8bbe\u8ba1.png","width":300,"height":191,"caption":"QiPang"},"image":{"@id":"https:\/\/rollingringdrives.com\/#\/schema\/logo\/image\/"}}]}},"_links":{"self":[{"href":"https:\/\/rollingringdrives.com\/pt\/wp-json\/wp\/v2\/product\/30900","targetHints":{"allow":["GET"]}}],"collection":[{"href":"https:\/\/rollingringdrives.com\/pt\/wp-json\/wp\/v2\/product"}],"about":[{"href":"https:\/\/rollingringdrives.com\/pt\/wp-json\/wp\/v2\/types\/product"}],"version-history":[{"count":0,"href":"https:\/\/rollingringdrives.com\/pt\/wp-json\/wp\/v2\/product\/30900\/revisions"}],"wp:featuredmedia":[{"embeddable":true,"href":"https:\/\/rollingringdrives.com\/pt\/wp-json\/wp\/v2\/media\/31872"}],"wp:attachment":[{"href":"https:\/\/rollingringdrives.com\/pt\/wp-json\/wp\/v2\/media?parent=30900"}],"wp:term":[{"taxonomy":"product_brand","embeddable":true,"href":"https:\/\/rollingringdrives.com\/pt\/wp-json\/wp\/v2\/product_brand?post=30900"},{"taxonomy":"product_cat","embeddable":true,"href":"https:\/\/rollingringdrives.com\/pt\/wp-json\/wp\/v2\/product_cat?post=30900"},{"taxonomy":"product_tag","embeddable":true,"href":"https:\/\/rollingringdrives.com\/pt\/wp-json\/wp\/v2\/product_tag?post=30900"}],"curies":[{"name":"wp","href":"https:\/\/api.w.org\/{rel}","templated":true}]}}