{"id":30913,"date":"2024-01-08T06:07:19","date_gmt":"2024-01-08T06:07:19","guid":{"rendered":"https:\/\/rollingringdrives.com\/?post_type=product&#038;p=30913"},"modified":"2024-01-16T07:35:33","modified_gmt":"2024-01-16T07:35:33","slug":"what-is-winding-machine","status":"publish","type":"product","link":"https:\/\/rollingringdrives.com\/pt\/produtos\/o-que-e-maquina-de-enrolamento\/","title":{"rendered":"M\u00e1quina bobinadeira para encerar fios em f\u00e1bricas de meias e l\u00e3"},"content":{"rendered":"<h3 id=\"2-eael-table-of-content\" class=\"eael-heading-content\">Aplicativo:<\/h3>\n<p id=\"3-eael-table-of-content\" class=\"eael-heading-content\">\u00c9 usado para encerar o fio em uma f\u00e1brica de meias e de l\u00e3. pode ser usado para m\u00e1quinas de tric\u00f4 planas computadorizadas e m\u00e1quinas de tric\u00f4 circulares de grande di\u00e2metro<\/p>\n<p>&nbsp;<\/p>\n<h3 id=\"4-eael-table-of-content\" class=\"eael-heading-content\">Principais caracter\u00edsticas<\/h3>\n<p id=\"5-eael-table-of-content\" class=\"eael-heading-content\">1. Controle do motor de enrolamento \u00fanico para cada fuso, comprimento fixo eletr\u00f4nico e parada autom\u00e1tica do fuso \u00fanico enquanto o fio est\u00e1 quebrando ou cheio.<\/p>\n<p id=\"6-eael-table-of-content\" class=\"eael-heading-content\">2. Cesto de alta velocidade com mola a g\u00e1s, que pode manter a press\u00e3o de enrolamento constante. Este cesto \u00e9 est\u00e1vel e confi\u00e1vel.<\/p>\n<p>&nbsp;<\/p>\n<p>&nbsp;<\/p>\n<div id=\"footable_parent_30545\"\n         class=\"footable_parent ninja_table_wrapper loading_ninja_table wp_table_data_press_parent semantic_ui\">\n                <table data-ninja_table_instance=\"ninja_table_instance_0\" data-footable_id=\"30545\" data-filter-delay=\"1000\" aria-label=\"M\u00e1quina de rebobinagem de alta velocidade\"            id=\"footable_30545\"\n           data-unique_identifier=\"ninja_table_unique_id_816992029_30545\"\n           class=\"foo-table ninja_footable foo_table_30545 ninja_table_unique_id_816992029_30545 ui table  nt_type_legacy_table selectable striped vertical_centered  footable-paging-right ninja_table_pro\">\n                <colgroup>\n                            <col class=\"ninja_column_0\">\n                            <col class=\"ninja_column_1\">\n                    <\/colgroup>\n        <thead>\n<tr class=\"footable-header\">\n                                        <th scope=\"col\"  class=\"ninja_column_0 ninja_clmn_nm_item\">Item<\/th><th scope=\"col\"  class=\"ninja_column_1 ninja_clmn_nm_technicalparameters\">Par\u00e2metros t\u00e9cnicos<\/th><\/tr>\n<\/thead>\n<tbody>\n\n        <tr data-row_id=\"1472\" class=\"ninja_table_row_0 nt_row_id_1472\">\n            <td>Velocidade mec\u00e2nica<\/td><td>At\u00e9 800 m\/min (dependendo da qualidade e contagem do inhame)<\/td>        <\/tr>\n            <tr data-row_id=\"1473\" class=\"ninja_table_row_1 nt_row_id_1473\">\n            <td>Bobina de pacote<\/td><td> 0&#039;,3\u00b030&#039;,4\u00b020&#039;,5\u00b057,9\u00b015&#039;<\/td>        <\/tr>\n            <tr data-row_id=\"1474\" class=\"ninja_table_row_2 nt_row_id_1474\">\n            <td>Di\u00e2metro do pacote<\/td><td>At\u00e9 \u03c6290 mm<\/td>        <\/tr>\n            <tr data-row_id=\"1475\" class=\"ninja_table_row_3 nt_row_id_1475\">\n            <td>Peso do pacote<\/td><td>At\u00e9 3kg<\/td>        <\/tr>\n            <tr data-row_id=\"1476\" class=\"ninja_table_row_4 nt_row_id_1476\">\n            <td>Fios\/contagem<\/td><td>Algod\u00e3o. linho, l\u00e3, seda, fibra qu\u00edmica \/Ne 6--180<\/td>        <\/tr>\n            <tr data-row_id=\"1477\" class=\"ninja_table_row_5 nt_row_id_1477\">\n            <td>Consumo de energia<\/td><td>Pot\u00eancia instalada: 100W\/fuso para m\u00e1quina de 8 polegadas, 180W\/fuso para m\u00e1quina de 10 polegadas.<\/td>        <\/tr>\n            <tr data-row_id=\"1478\" class=\"ninja_table_row_6 nt_row_id_1478\">\n            <td>Parada autom\u00e1tica enquanto o fio quebra<\/td><td>Com sensor eletr\u00f4nico de fio, o fuso ir\u00e1 parar quando o fio quebrar<\/td>        <\/tr>\n            <tr data-row_id=\"1479\" class=\"ninja_table_row_7 nt_row_id_1479\">\n            <td>Fixa\u00e7\u00e3o autom\u00e1tica de comprimento<\/td><td>Fixa\u00e7\u00e3o autom\u00e1tica de comprimento, m\u00e1ximo: 999999m<\/td>        <\/tr>\n            <tr data-row_id=\"1480\" class=\"ninja_table_row_8 nt_row_id_1480\">\n            <td>In\u00edcio lento<\/td><td>Para uma partida suave e melhor qualidade de enrolamento, suportando partida lenta individual para cada fuso (dispon\u00edvel mediante solicita\u00e7\u00e3o)<\/td>        <\/tr>\n            <tr data-row_id=\"1481\" class=\"ninja_table_row_9 nt_row_id_1481\">\n            <td>Limpador de fio eletr\u00f4nico\/splicer de ar\/convrey<\/td><td>Opcional<\/td>        <\/tr>\n            <tr data-row_id=\"1484\" class=\"ninja_table_row_10 nt_row_id_1484\">\n            <td>Emendador de ar<\/td><td>Opcional<\/td>        <\/tr>\n            <tr data-row_id=\"1482\" class=\"ninja_table_row_11 nt_row_id_1482\">\n            <td>Unidade de soprador\/sun\u00e7\u00e3o m\u00f3vel<\/td><td>Opcional, consumo de energia 1,1KW<\/td>        <\/tr>\n            <tr data-row_id=\"1483\" class=\"ninja_table_row_12 nt_row_id_1483\">\n            <td>Dimens\u00f5es externas<\/td><td>4 fusos: 1270 mm x 408 mm x 1510 mm<\/td>        <\/tr>\n            <tr data-row_id=\"1488\" class=\"ninja_table_row_13 nt_row_id_1488\">\n            <td><\/td><td> 6 fusos: 1870x408mmx1510mm<\/td>        <\/tr>\n            <tr data-row_id=\"1485\" class=\"ninja_table_row_14 nt_row_id_1485\">\n            <td>Peso da m\u00e1quina inteira<\/td><td>4 fusos: 89kg<\/td>        <\/tr>\n            <tr data-row_id=\"1489\" class=\"ninja_table_row_15 nt_row_id_1489\">\n            <td><\/td><td>6 fusos: 121kg<\/td>        <\/tr>\n            <tr data-row_id=\"1486\" class=\"ninja_table_row_16 nt_row_id_1486\">\n            <td>Fonte de energia<\/td><td>220 V monof\u00e1sico, 50\/60 Hz<\/td>        <\/tr>\n    <\/tbody><!--ninja_tobody_rendering_done-->\n    <\/table>\n    \n    \n    \n<\/div>","protected":false},"excerpt":{"rendered":"<h4 id=\"1-eael-table-of-content\" class=\"eael-heading-content\">1. Cilindro de ranhura de alta resist\u00eancia, resist\u00eancia ao desgaste, resist\u00eancia \u00e0 separa\u00e7\u00e3o do fio<br \/>\n3. O desempenho da mola a g\u00e1s \u00e9 est\u00e1vel e confi\u00e1vel.<br \/>\n4. Elimine a tens\u00e3o do fio, para que n\u00e3o tenha tend\u00eancia a circular<br \/>\n5. Fio redondo e cheio, maior sentido tridimensional<br \/>\n6. Realize linhas de costura avan\u00e7adas de \u00f3leo sem espuma<\/h4>","protected":false},"featured_media":30548,"template":"","meta":{"site-sidebar-layout":"default","site-content-layout":"default","ast-global-header-display":"","ast-banner-title-visibility":"","ast-main-header-display":"","ast-hfb-above-header-display":"","ast-hfb-below-header-display":"","ast-hfb-mobile-header-display":"","site-post-title":"","ast-breadcrumbs-content":"","ast-featured-img":"","footer-sml-layout":"","theme-transparent-header-meta":"default","adv-header-id-meta":"","stick-header-meta":"","header-above-stick-meta":"","header-main-stick-meta":"","header-below-stick-meta":""},"product_brand":[],"product_cat":[100,122],"product_tag":[],"class_list":{"0":"post-30913","1":"product","2":"type-product","3":"status-publish","4":"has-post-thumbnail","6":"product_cat-spindle-winding-machine","7":"product_cat-yarn-winding-machine","8":"desktop-align-left","9":"tablet-align-left","10":"mobile-align-left","12":"first","13":"instock","14":"shipping-taxable","15":"product-type-simple"},"yoast_head":"<!-- This site is optimized with the Yoast SEO Premium plugin v20.12 (Yoast SEO v26.0) - https:\/\/yoast.com\/wordpress\/plugins\/seo\/ -->\n<title>Winding Machine For Yarn Waxing in Hosiery &amp; Woolen Mills - QiPang<\/title>\n<meta name=\"robots\" content=\"index, follow, max-snippet:-1, max-image-preview:large, max-video-preview:-1\" \/>\n<link rel=\"canonical\" href=\"https:\/\/rollingringdrives.com\/pt\/produtos\/o-que-e-maquina-de-enrolamento\/\" \/>\n<meta property=\"og:locale\" content=\"pt_PT\" \/>\n<meta property=\"og:type\" content=\"article\" \/>\n<meta property=\"og:title\" content=\"Winding Machine For Yarn Waxing in Hosiery &amp; Woolen Mills\" \/>\n<meta property=\"og:description\" content=\"1. Groove cylinder high strength, wear resistance, yarn separation\u00a0 \u00a0 \u00a0 resistance 3. Gas spring performance is stable and reliable. 4. Eliminate yarn stress, so that it has no tendency to circle 5. Round and full yarn, higher three-dimensional sense 6. Realize non-foaming oil advanced sewing thread\" \/>\n<meta property=\"og:url\" content=\"https:\/\/rollingringdrives.com\/pt\/produtos\/o-que-e-maquina-de-enrolamento\/\" \/>\n<meta property=\"og:site_name\" content=\"QiPang\" \/>\n<meta property=\"article:modified_time\" content=\"2024-01-16T07:35:33+00:00\" \/>\n<meta property=\"og:image\" content=\"https:\/\/rollingringdrives.com\/wp-content\/uploads\/2023\/11\/\u5fae\u4fe1\u56fe\u7247_20231103164846_\u526f\u672c.png\" \/>\n\t<meta property=\"og:image:width\" content=\"600\" \/>\n\t<meta property=\"og:image:height\" content=\"600\" \/>\n\t<meta property=\"og:image:type\" content=\"image\/png\" \/>\n<meta name=\"twitter:card\" content=\"summary_large_image\" \/>\n<meta name=\"twitter:label1\" content=\"Est. reading time\" \/>\n\t<meta name=\"twitter:data1\" content=\"1 minuto\" \/>\n<script type=\"application\/ld+json\" class=\"yoast-schema-graph\">{\"@context\":\"https:\/\/schema.org\",\"@graph\":[{\"@type\":\"WebPage\",\"@id\":\"https:\/\/rollingringdrives.com\/product\/what-is-winding-machine\/\",\"url\":\"https:\/\/rollingringdrives.com\/product\/what-is-winding-machine\/\",\"name\":\"Winding Machine For Yarn Waxing in Hosiery & Woolen Mills - QiPang\",\"isPartOf\":{\"@id\":\"https:\/\/rollingringdrives.com\/#website\"},\"primaryImageOfPage\":{\"@id\":\"https:\/\/rollingringdrives.com\/product\/what-is-winding-machine\/#primaryimage\"},\"image\":{\"@id\":\"https:\/\/rollingringdrives.com\/product\/what-is-winding-machine\/#primaryimage\"},\"thumbnailUrl\":\"https:\/\/rollingringdrives.com\/wp-content\/uploads\/2023\/11\/\u5fae\u4fe1\u56fe\u7247_20231103164846_\u526f\u672c.png\",\"datePublished\":\"2024-01-08T06:07:19+00:00\",\"dateModified\":\"2024-01-16T07:35:33+00:00\",\"breadcrumb\":{\"@id\":\"https:\/\/rollingringdrives.com\/product\/what-is-winding-machine\/#breadcrumb\"},\"inLanguage\":\"pt-PT\",\"potentialAction\":[{\"@type\":\"ReadAction\",\"target\":[\"https:\/\/rollingringdrives.com\/product\/what-is-winding-machine\/\"]}]},{\"@type\":\"ImageObject\",\"inLanguage\":\"pt-PT\",\"@id\":\"https:\/\/rollingringdrives.com\/product\/what-is-winding-machine\/#primaryimage\",\"url\":\"https:\/\/rollingringdrives.com\/wp-content\/uploads\/2023\/11\/\u5fae\u4fe1\u56fe\u7247_20231103164846_\u526f\u672c.png\",\"contentUrl\":\"https:\/\/rollingringdrives.com\/wp-content\/uploads\/2023\/11\/\u5fae\u4fe1\u56fe\u7247_20231103164846_\u526f\u672c.png\",\"width\":600,\"height\":600,\"caption\":\"Yarn Cone Winder\"},{\"@type\":\"BreadcrumbList\",\"@id\":\"https:\/\/rollingringdrives.com\/product\/what-is-winding-machine\/#breadcrumb\",\"itemListElement\":[{\"@type\":\"ListItem\",\"position\":1,\"name\":\"Home\",\"item\":\"https:\/\/rollingringdrives.com\/\"},{\"@type\":\"ListItem\",\"position\":2,\"name\":\"Machines\",\"item\":\"https:\/\/rollingringdrives.com\/machines\/\"},{\"@type\":\"ListItem\",\"position\":3,\"name\":\"Winding Machine For Yarn Waxing in Hosiery &#038; Woolen Mills\"}]},{\"@type\":\"WebSite\",\"@id\":\"https:\/\/rollingringdrives.com\/#website\",\"url\":\"https:\/\/rollingringdrives.com\/\",\"name\":\"QiPang\",\"description\":\"QiPang Blog\",\"publisher\":{\"@id\":\"https:\/\/rollingringdrives.com\/#organization\"},\"potentialAction\":[{\"@type\":\"SearchAction\",\"target\":{\"@type\":\"EntryPoint\",\"urlTemplate\":\"https:\/\/rollingringdrives.com\/?s={search_term_string}\"},\"query-input\":{\"@type\":\"PropertyValueSpecification\",\"valueRequired\":true,\"valueName\":\"search_term_string\"}}],\"inLanguage\":\"pt-PT\"},{\"@type\":\"Organization\",\"@id\":\"https:\/\/rollingringdrives.com\/#organization\",\"name\":\"QiPang\",\"url\":\"https:\/\/rollingringdrives.com\/\",\"logo\":{\"@type\":\"ImageObject\",\"inLanguage\":\"pt-PT\",\"@id\":\"https:\/\/rollingringdrives.com\/#\/schema\/logo\/image\/\",\"url\":\"https:\/\/rollingringdrives.com\/wp-content\/uploads\/2023\/05\/cropped-\u672a\u547d\u540d\u7684\u8bbe\u8ba1.png\",\"contentUrl\":\"https:\/\/rollingringdrives.com\/wp-content\/uploads\/2023\/05\/cropped-\u672a\u547d\u540d\u7684\u8bbe\u8ba1.png\",\"width\":300,\"height\":191,\"caption\":\"QiPang\"},\"image\":{\"@id\":\"https:\/\/rollingringdrives.com\/#\/schema\/logo\/image\/\"}}]}<\/script>\n<!-- \/ Yoast SEO Premium plugin. -->","yoast_head_json":{"title":"M\u00e1quina bobinadeira para encerar fios em f\u00e1bricas de meias e l\u00e3 - QiPang","robots":{"index":"index","follow":"follow","max-snippet":"max-snippet:-1","max-image-preview":"max-image-preview:large","max-video-preview":"max-video-preview:-1"},"canonical":"https:\/\/rollingringdrives.com\/pt\/produtos\/o-que-e-maquina-de-enrolamento\/","og_locale":"pt_PT","og_type":"article","og_title":"Winding Machine For Yarn Waxing in Hosiery & Woolen Mills","og_description":"1. Groove cylinder high strength, wear resistance, yarn separation\u00a0 \u00a0 \u00a0 resistance 3. Gas spring performance is stable and reliable. 4. Eliminate yarn stress, so that it has no tendency to circle 5. Round and full yarn, higher three-dimensional sense 6. Realize non-foaming oil advanced sewing thread","og_url":"https:\/\/rollingringdrives.com\/pt\/produtos\/o-que-e-maquina-de-enrolamento\/","og_site_name":"QiPang","article_modified_time":"2024-01-16T07:35:33+00:00","og_image":[{"width":600,"height":600,"url":"https:\/\/rollingringdrives.com\/wp-content\/uploads\/2023\/11\/\u5fae\u4fe1\u56fe\u7247_20231103164846_\u526f\u672c.png","type":"image\/png"}],"twitter_card":"summary_large_image","twitter_misc":{"Est. reading time":"1 minuto"},"schema":{"@context":"https:\/\/schema.org","@graph":[{"@type":"WebPage","@id":"https:\/\/rollingringdrives.com\/product\/what-is-winding-machine\/","url":"https:\/\/rollingringdrives.com\/product\/what-is-winding-machine\/","name":"M\u00e1quina bobinadeira para encerar fios em f\u00e1bricas de meias e l\u00e3 - QiPang","isPartOf":{"@id":"https:\/\/rollingringdrives.com\/#website"},"primaryImageOfPage":{"@id":"https:\/\/rollingringdrives.com\/product\/what-is-winding-machine\/#primaryimage"},"image":{"@id":"https:\/\/rollingringdrives.com\/product\/what-is-winding-machine\/#primaryimage"},"thumbnailUrl":"https:\/\/rollingringdrives.com\/wp-content\/uploads\/2023\/11\/\u5fae\u4fe1\u56fe\u7247_20231103164846_\u526f\u672c.png","datePublished":"2024-01-08T06:07:19+00:00","dateModified":"2024-01-16T07:35:33+00:00","breadcrumb":{"@id":"https:\/\/rollingringdrives.com\/product\/what-is-winding-machine\/#breadcrumb"},"inLanguage":"pt-PT","potentialAction":[{"@type":"ReadAction","target":["https:\/\/rollingringdrives.com\/product\/what-is-winding-machine\/"]}]},{"@type":"ImageObject","inLanguage":"pt-PT","@id":"https:\/\/rollingringdrives.com\/product\/what-is-winding-machine\/#primaryimage","url":"https:\/\/rollingringdrives.com\/wp-content\/uploads\/2023\/11\/\u5fae\u4fe1\u56fe\u7247_20231103164846_\u526f\u672c.png","contentUrl":"https:\/\/rollingringdrives.com\/wp-content\/uploads\/2023\/11\/\u5fae\u4fe1\u56fe\u7247_20231103164846_\u526f\u672c.png","width":600,"height":600,"caption":"Yarn Cone Winder"},{"@type":"BreadcrumbList","@id":"https:\/\/rollingringdrives.com\/product\/what-is-winding-machine\/#breadcrumb","itemListElement":[{"@type":"ListItem","position":1,"name":"Home","item":"https:\/\/rollingringdrives.com\/"},{"@type":"ListItem","position":2,"name":"Machines","item":"https:\/\/rollingringdrives.com\/machines\/"},{"@type":"ListItem","position":3,"name":"Winding Machine For Yarn Waxing in Hosiery &#038; Woolen Mills"}]},{"@type":"WebSite","@id":"https:\/\/rollingringdrives.com\/#website","url":"https:\/\/rollingringdrives.com\/","name":"QiPangName","description":"Blog QiPang","publisher":{"@id":"https:\/\/rollingringdrives.com\/#organization"},"potentialAction":[{"@type":"SearchAction","target":{"@type":"EntryPoint","urlTemplate":"https:\/\/rollingringdrives.com\/?s={search_term_string}"},"query-input":{"@type":"PropertyValueSpecification","valueRequired":true,"valueName":"search_term_string"}}],"inLanguage":"pt-PT"},{"@type":"Organization","@id":"https:\/\/rollingringdrives.com\/#organization","name":"QiPangName","url":"https:\/\/rollingringdrives.com\/","logo":{"@type":"ImageObject","inLanguage":"pt-PT","@id":"https:\/\/rollingringdrives.com\/#\/schema\/logo\/image\/","url":"https:\/\/rollingringdrives.com\/wp-content\/uploads\/2023\/05\/cropped-\u672a\u547d\u540d\u7684\u8bbe\u8ba1.png","contentUrl":"https:\/\/rollingringdrives.com\/wp-content\/uploads\/2023\/05\/cropped-\u672a\u547d\u540d\u7684\u8bbe\u8ba1.png","width":300,"height":191,"caption":"QiPang"},"image":{"@id":"https:\/\/rollingringdrives.com\/#\/schema\/logo\/image\/"}}]}},"_links":{"self":[{"href":"https:\/\/rollingringdrives.com\/pt\/wp-json\/wp\/v2\/product\/30913","targetHints":{"allow":["GET"]}}],"collection":[{"href":"https:\/\/rollingringdrives.com\/pt\/wp-json\/wp\/v2\/product"}],"about":[{"href":"https:\/\/rollingringdrives.com\/pt\/wp-json\/wp\/v2\/types\/product"}],"version-history":[{"count":0,"href":"https:\/\/rollingringdrives.com\/pt\/wp-json\/wp\/v2\/product\/30913\/revisions"}],"wp:featuredmedia":[{"embeddable":true,"href":"https:\/\/rollingringdrives.com\/pt\/wp-json\/wp\/v2\/media\/30548"}],"wp:attachment":[{"href":"https:\/\/rollingringdrives.com\/pt\/wp-json\/wp\/v2\/media?parent=30913"}],"wp:term":[{"taxonomy":"product_brand","embeddable":true,"href":"https:\/\/rollingringdrives.com\/pt\/wp-json\/wp\/v2\/product_brand?post=30913"},{"taxonomy":"product_cat","embeddable":true,"href":"https:\/\/rollingringdrives.com\/pt\/wp-json\/wp\/v2\/product_cat?post=30913"},{"taxonomy":"product_tag","embeddable":true,"href":"https:\/\/rollingringdrives.com\/pt\/wp-json\/wp\/v2\/product_tag?post=30913"}],"curies":[{"name":"wp","href":"https:\/\/api.w.org\/{rel}","templated":true}]}}