{"id":30917,"date":"2024-01-08T06:14:09","date_gmt":"2024-01-08T06:14:09","guid":{"rendered":"https:\/\/rollingringdrives.com\/?post_type=product&#038;p=30917"},"modified":"2024-01-16T06:03:10","modified_gmt":"2024-01-16T06:03:10","slug":"textile-winder","status":"publish","type":"product","link":"https:\/\/rollingringdrives.com\/pt\/produtos\/enrolador-textil\/","title":{"rendered":"Enrolador T\u00eaxtil"},"content":{"rendered":"<h3 id=\"2-eael-table-of-content\" class=\"eael-heading-content\">Aplicativo:<\/h3>\n<h5 id=\"3-eael-table-of-content\" class=\"eael-heading-content\">\u00c9 apropriado para fazer rede por bocal, aumentando a densidade dos filamentos. economizando processamento t\u00eaxtil<\/h5>\n<p>&nbsp;<\/p>\n<h3 id=\"4-eael-table-of-content\" class=\"eael-heading-content\">Principais caracter\u00edsticas<\/h3>\n<h5 id=\"5-eael-table-of-content\" class=\"eael-heading-content\">1. Usando tambores de liga de alta qualidade com formato de ranhura otimizado, que tem as vantagens de boas caracter\u00edsticas anti-sobreposi\u00e7\u00e3o, peso leve, boa resist\u00eancia ao desgaste e elimina\u00e7\u00e3o est\u00e1tica.<\/h5>\n<h5 id=\"6-eael-table-of-content\" class=\"eael-heading-content\">2. Controle do motor de enrolamento \u00fanico para cada fuso, comprimento fixo eletr\u00f4nico e parada autom\u00e1tica do fuso \u00fanico durante a quebra do fio ou totalmente preenchido.<br \/>\n3. Equipado com bico importado de alta qualidade para fios 50D a 1000D, com longa vida \u00fatil<\/h5>\n<p>&nbsp;<\/p>\n<div id=\"footable_parent_30573\"\n         class=\"footable_parent ninja_table_wrapper loading_ninja_table wp_table_data_press_parent semantic_ui\">\n                <table data-ninja_table_instance=\"ninja_table_instance_0\" data-footable_id=\"30573\" data-filter-delay=\"1000\" aria-label=\"Enrolador Dobrador Paralelo\"            id=\"footable_30573\"\n           data-unique_identifier=\"ninja_table_unique_id_443589483_30573\"\n           class=\"foo-table ninja_footable foo_table_30573 ninja_table_unique_id_443589483_30573 ui table  nt_type_legacy_table selectable striped vertical_centered  footable-paging-right ninja_table_pro\">\n                <colgroup>\n                            <col class=\"ninja_column_0\">\n                            <col class=\"ninja_column_1\">\n                    <\/colgroup>\n        <thead>\n<tr class=\"footable-header\">\n                                        <th scope=\"col\"  class=\"ninja_column_0 ninja_clmn_nm_item\">Item<\/th><th scope=\"col\"  class=\"ninja_column_1 ninja_clmn_nm_technicalparameters\">Par\u00e2metros t\u00e9cnicos<\/th><\/tr>\n<\/thead>\n<tbody>\n\n        <tr data-row_id=\"1573\" class=\"ninja_table_row_0 nt_row_id_1573\">\n            <td>Velocidade mec\u00e2nica<\/td><td>At\u00e9 800 m\/min (dependendo da qualidade e contagem do inhame)<\/td>        <\/tr>\n            <tr data-row_id=\"1587\" class=\"ninja_table_row_1 nt_row_id_1587\">\n            <td>N\u00ba de fios<\/td><td>3 suportes de fios<\/td>        <\/tr>\n            <tr data-row_id=\"1574\" class=\"ninja_table_row_2 nt_row_id_1574\">\n            <td>Bobina de pacote<\/td><td>0\u00b0<\/td>        <\/tr>\n            <tr data-row_id=\"1575\" class=\"ninja_table_row_3 nt_row_id_1575\">\n            <td>Di\u00e2metro do pacote<\/td><td>At\u00e9 \u03c6290 mm<\/td>        <\/tr>\n            <tr data-row_id=\"1576\" class=\"ninja_table_row_4 nt_row_id_1576\">\n            <td>Peso do pacote<\/td><td>At\u00e9 10kg<\/td>        <\/tr>\n            <tr data-row_id=\"1590\" class=\"ninja_table_row_5 nt_row_id_1590\">\n            <td>Fios\/contagem<\/td><td>fibra qu\u00edmica DTY\/50D-1000D<\/td>        <\/tr>\n            <tr data-row_id=\"1577\" class=\"ninja_table_row_6 nt_row_id_1577\">\n            <td>Consumo de energia<\/td><td>150W por fuso<\/td>        <\/tr>\n            <tr data-row_id=\"1591\" class=\"ninja_table_row_7 nt_row_id_1591\">\n            <td>Sistema de tens\u00e3o<\/td><td>Cada fuso tem um tensor de fio e uma depiladora<\/td>        <\/tr>\n            <tr data-row_id=\"1578\" class=\"ninja_table_row_8 nt_row_id_1578\">\n            <td>Parada autom\u00e1tica enquanto o fio quebra<\/td><td>Com sensor eletr\u00f4nico de fio, o fuso ir\u00e1 parar quando o fio quebrar<\/td>        <\/tr>\n            <tr data-row_id=\"1579\" class=\"ninja_table_row_9 nt_row_id_1579\">\n            <td>Fixa\u00e7\u00e3o autom\u00e1tica de comprimento<\/td><td>Fixa\u00e7\u00e3o autom\u00e1tica de comprimento, m\u00e1ximo: 999999m<\/td>        <\/tr>\n            <tr data-row_id=\"1580\" class=\"ninja_table_row_10 nt_row_id_1580\">\n            <td>In\u00edcio lento<\/td><td>Para uma partida suave e melhor qualidade de enrolamento, suportando partida lenta individual para cada fuso (dispon\u00edvel mediante solicita\u00e7\u00e3o)<\/td>        <\/tr>\n            <tr data-row_id=\"1582\" class=\"ninja_table_row_11 nt_row_id_1582\">\n            <td>Unidade de soprador\/sun\u00e7\u00e3o m\u00f3vel<\/td><td>Opcional, consumo de energia 1.1KW<\/td>        <\/tr>\n            <tr data-row_id=\"1585\" class=\"ninja_table_row_12 nt_row_id_1585\">\n            <td>Dimens\u00e3o externa<\/td><td>4 fusos: 1270 mm x 408 mm x 1550 mm<\/td>        <\/tr>\n            <tr data-row_id=\"1583\" class=\"ninja_table_row_13 nt_row_id_1583\">\n            <td>Peso da m\u00e1quina<\/td><td>10 polegadas 4 fusos 115kg<\/td>        <\/tr>\n            <tr data-row_id=\"1584\" class=\"ninja_table_row_14 nt_row_id_1584\">\n            <td>Fonte de energia<\/td><td>220 V monof\u00e1sico, 50\/60 Hz<\/td>        <\/tr>\n    <\/tbody><!--ninja_tobody_rendering_done-->\n    <\/table>\n    \n    \n    \n<\/div>","protected":false},"excerpt":{"rendered":"<h4><strong>1. Cilindro de ranhura de alta resist\u00eancia, resist\u00eancia ao desgaste,\u00a0 <\/strong><\/h4>\n<h4><strong>2. O desempenho da mola a g\u00e1s \u00e9 est\u00e1vel e confi\u00e1vel. <\/strong><\/h4>\n<h4><strong>3. Elimine a tens\u00e3o do fio, para que n\u00e3o tenha tend\u00eancia a circular <\/strong><\/h4>\n<h4><strong>4. Fio redondo e cheio, maior sentido tridimensional<\/strong><\/h4>\n<h4><strong> 5. Realize linhas de costura avan\u00e7adas de \u00f3leo sem espuma<\/strong><\/h4>","protected":false},"featured_media":31129,"template":"","meta":{"site-sidebar-layout":"default","site-content-layout":"default","ast-global-header-display":"","ast-banner-title-visibility":"","ast-main-header-display":"","ast-hfb-above-header-display":"","ast-hfb-below-header-display":"","ast-hfb-mobile-header-display":"","site-post-title":"","ast-breadcrumbs-content":"","ast-featured-img":"","footer-sml-layout":"","theme-transparent-header-meta":"default","adv-header-id-meta":"","stick-header-meta":"","header-above-stick-meta":"","header-main-stick-meta":"","header-below-stick-meta":""},"product_brand":[],"product_cat":[100,122],"product_tag":[],"class_list":{"0":"post-30917","1":"product","2":"type-product","3":"status-publish","4":"has-post-thumbnail","6":"product_cat-spindle-winding-machine","7":"product_cat-yarn-winding-machine","8":"desktop-align-left","9":"tablet-align-left","10":"mobile-align-left","12":"first","13":"instock","14":"shipping-taxable","15":"product-type-simple"},"yoast_head":"<!-- This site is optimized with the Yoast SEO Premium plugin v20.12 (Yoast SEO v26.0) - https:\/\/yoast.com\/wordpress\/plugins\/seo\/ -->\n<title>Textile Winder - QiPang<\/title>\n<meta name=\"robots\" content=\"index, follow, max-snippet:-1, max-image-preview:large, max-video-preview:-1\" \/>\n<link rel=\"canonical\" href=\"https:\/\/rollingringdrives.com\/pt\/produtos\/enrolador-textil\/\" \/>\n<meta property=\"og:locale\" content=\"pt_PT\" \/>\n<meta property=\"og:type\" content=\"article\" \/>\n<meta property=\"og:title\" content=\"Textile Winder\" \/>\n<meta property=\"og:description\" content=\"1. Groove cylinder high strength, wear resistance,\u00a0  2. Gas spring performance is stable and reliable.  3. Eliminate yarn stress, so that it has no tendency to circle  4. Round and full yarn, higher three-dimensional sense  5. Realize non-foaming oil advanced sewing thread\" \/>\n<meta property=\"og:url\" content=\"https:\/\/rollingringdrives.com\/pt\/produtos\/enrolador-textil\/\" \/>\n<meta property=\"og:site_name\" content=\"QiPang\" \/>\n<meta property=\"article:modified_time\" content=\"2024-01-16T06:03:10+00:00\" \/>\n<meta property=\"og:image\" content=\"https:\/\/rollingringdrives.com\/wp-content\/uploads\/2024\/01\/6\u5934\u7edc\u7b52\u673a7_\u526f\u672c-1.png\" \/>\n\t<meta property=\"og:image:width\" content=\"600\" \/>\n\t<meta property=\"og:image:height\" content=\"600\" \/>\n\t<meta property=\"og:image:type\" content=\"image\/png\" \/>\n<meta name=\"twitter:card\" content=\"summary_large_image\" \/>\n<meta name=\"twitter:label1\" content=\"Est. reading time\" \/>\n\t<meta name=\"twitter:data1\" content=\"1 minuto\" \/>\n<script type=\"application\/ld+json\" class=\"yoast-schema-graph\">{\"@context\":\"https:\/\/schema.org\",\"@graph\":[{\"@type\":\"WebPage\",\"@id\":\"https:\/\/rollingringdrives.com\/product\/textile-winder\/\",\"url\":\"https:\/\/rollingringdrives.com\/product\/textile-winder\/\",\"name\":\"Textile Winder - QiPang\",\"isPartOf\":{\"@id\":\"https:\/\/rollingringdrives.com\/#website\"},\"primaryImageOfPage\":{\"@id\":\"https:\/\/rollingringdrives.com\/product\/textile-winder\/#primaryimage\"},\"image\":{\"@id\":\"https:\/\/rollingringdrives.com\/product\/textile-winder\/#primaryimage\"},\"thumbnailUrl\":\"https:\/\/rollingringdrives.com\/wp-content\/uploads\/2024\/01\/6\u5934\u7edc\u7b52\u673a7_\u526f\u672c-1.png\",\"datePublished\":\"2024-01-08T06:14:09+00:00\",\"dateModified\":\"2024-01-16T06:03:10+00:00\",\"breadcrumb\":{\"@id\":\"https:\/\/rollingringdrives.com\/product\/textile-winder\/#breadcrumb\"},\"inLanguage\":\"pt-PT\",\"potentialAction\":[{\"@type\":\"ReadAction\",\"target\":[\"https:\/\/rollingringdrives.com\/product\/textile-winder\/\"]}]},{\"@type\":\"ImageObject\",\"inLanguage\":\"pt-PT\",\"@id\":\"https:\/\/rollingringdrives.com\/product\/textile-winder\/#primaryimage\",\"url\":\"https:\/\/rollingringdrives.com\/wp-content\/uploads\/2024\/01\/6\u5934\u7edc\u7b52\u673a7_\u526f\u672c-1.png\",\"contentUrl\":\"https:\/\/rollingringdrives.com\/wp-content\/uploads\/2024\/01\/6\u5934\u7edc\u7b52\u673a7_\u526f\u672c-1.png\",\"width\":600,\"height\":600,\"caption\":\"Textile Winder\"},{\"@type\":\"BreadcrumbList\",\"@id\":\"https:\/\/rollingringdrives.com\/product\/textile-winder\/#breadcrumb\",\"itemListElement\":[{\"@type\":\"ListItem\",\"position\":1,\"name\":\"Home\",\"item\":\"https:\/\/rollingringdrives.com\/\"},{\"@type\":\"ListItem\",\"position\":2,\"name\":\"Machines\",\"item\":\"https:\/\/rollingringdrives.com\/machines\/\"},{\"@type\":\"ListItem\",\"position\":3,\"name\":\"Textile Winder\"}]},{\"@type\":\"WebSite\",\"@id\":\"https:\/\/rollingringdrives.com\/#website\",\"url\":\"https:\/\/rollingringdrives.com\/\",\"name\":\"QiPang\",\"description\":\"QiPang Blog\",\"publisher\":{\"@id\":\"https:\/\/rollingringdrives.com\/#organization\"},\"potentialAction\":[{\"@type\":\"SearchAction\",\"target\":{\"@type\":\"EntryPoint\",\"urlTemplate\":\"https:\/\/rollingringdrives.com\/?s={search_term_string}\"},\"query-input\":{\"@type\":\"PropertyValueSpecification\",\"valueRequired\":true,\"valueName\":\"search_term_string\"}}],\"inLanguage\":\"pt-PT\"},{\"@type\":\"Organization\",\"@id\":\"https:\/\/rollingringdrives.com\/#organization\",\"name\":\"QiPang\",\"url\":\"https:\/\/rollingringdrives.com\/\",\"logo\":{\"@type\":\"ImageObject\",\"inLanguage\":\"pt-PT\",\"@id\":\"https:\/\/rollingringdrives.com\/#\/schema\/logo\/image\/\",\"url\":\"https:\/\/rollingringdrives.com\/wp-content\/uploads\/2023\/05\/cropped-\u672a\u547d\u540d\u7684\u8bbe\u8ba1.png\",\"contentUrl\":\"https:\/\/rollingringdrives.com\/wp-content\/uploads\/2023\/05\/cropped-\u672a\u547d\u540d\u7684\u8bbe\u8ba1.png\",\"width\":300,\"height\":191,\"caption\":\"QiPang\"},\"image\":{\"@id\":\"https:\/\/rollingringdrives.com\/#\/schema\/logo\/image\/\"}}]}<\/script>\n<!-- \/ Yoast SEO Premium plugin. -->","yoast_head_json":{"title":"Enrolador T\u00eaxtil - QiPang","robots":{"index":"index","follow":"follow","max-snippet":"max-snippet:-1","max-image-preview":"max-image-preview:large","max-video-preview":"max-video-preview:-1"},"canonical":"https:\/\/rollingringdrives.com\/pt\/produtos\/enrolador-textil\/","og_locale":"pt_PT","og_type":"article","og_title":"Textile Winder","og_description":"1. Groove cylinder high strength, wear resistance,\u00a0  2. Gas spring performance is stable and reliable.  3. Eliminate yarn stress, so that it has no tendency to circle  4. Round and full yarn, higher three-dimensional sense  5. Realize non-foaming oil advanced sewing thread","og_url":"https:\/\/rollingringdrives.com\/pt\/produtos\/enrolador-textil\/","og_site_name":"QiPang","article_modified_time":"2024-01-16T06:03:10+00:00","og_image":[{"width":600,"height":600,"url":"https:\/\/rollingringdrives.com\/wp-content\/uploads\/2024\/01\/6\u5934\u7edc\u7b52\u673a7_\u526f\u672c-1.png","type":"image\/png"}],"twitter_card":"summary_large_image","twitter_misc":{"Est. reading time":"1 minuto"},"schema":{"@context":"https:\/\/schema.org","@graph":[{"@type":"WebPage","@id":"https:\/\/rollingringdrives.com\/product\/textile-winder\/","url":"https:\/\/rollingringdrives.com\/product\/textile-winder\/","name":"Enrolador T\u00eaxtil - QiPang","isPartOf":{"@id":"https:\/\/rollingringdrives.com\/#website"},"primaryImageOfPage":{"@id":"https:\/\/rollingringdrives.com\/product\/textile-winder\/#primaryimage"},"image":{"@id":"https:\/\/rollingringdrives.com\/product\/textile-winder\/#primaryimage"},"thumbnailUrl":"https:\/\/rollingringdrives.com\/wp-content\/uploads\/2024\/01\/6\u5934\u7edc\u7b52\u673a7_\u526f\u672c-1.png","datePublished":"2024-01-08T06:14:09+00:00","dateModified":"2024-01-16T06:03:10+00:00","breadcrumb":{"@id":"https:\/\/rollingringdrives.com\/product\/textile-winder\/#breadcrumb"},"inLanguage":"pt-PT","potentialAction":[{"@type":"ReadAction","target":["https:\/\/rollingringdrives.com\/product\/textile-winder\/"]}]},{"@type":"ImageObject","inLanguage":"pt-PT","@id":"https:\/\/rollingringdrives.com\/product\/textile-winder\/#primaryimage","url":"https:\/\/rollingringdrives.com\/wp-content\/uploads\/2024\/01\/6\u5934\u7edc\u7b52\u673a7_\u526f\u672c-1.png","contentUrl":"https:\/\/rollingringdrives.com\/wp-content\/uploads\/2024\/01\/6\u5934\u7edc\u7b52\u673a7_\u526f\u672c-1.png","width":600,"height":600,"caption":"Textile Winder"},{"@type":"BreadcrumbList","@id":"https:\/\/rollingringdrives.com\/product\/textile-winder\/#breadcrumb","itemListElement":[{"@type":"ListItem","position":1,"name":"Home","item":"https:\/\/rollingringdrives.com\/"},{"@type":"ListItem","position":2,"name":"Machines","item":"https:\/\/rollingringdrives.com\/machines\/"},{"@type":"ListItem","position":3,"name":"Textile Winder"}]},{"@type":"WebSite","@id":"https:\/\/rollingringdrives.com\/#website","url":"https:\/\/rollingringdrives.com\/","name":"QiPangName","description":"Blog QiPang","publisher":{"@id":"https:\/\/rollingringdrives.com\/#organization"},"potentialAction":[{"@type":"SearchAction","target":{"@type":"EntryPoint","urlTemplate":"https:\/\/rollingringdrives.com\/?s={search_term_string}"},"query-input":{"@type":"PropertyValueSpecification","valueRequired":true,"valueName":"search_term_string"}}],"inLanguage":"pt-PT"},{"@type":"Organization","@id":"https:\/\/rollingringdrives.com\/#organization","name":"QiPangName","url":"https:\/\/rollingringdrives.com\/","logo":{"@type":"ImageObject","inLanguage":"pt-PT","@id":"https:\/\/rollingringdrives.com\/#\/schema\/logo\/image\/","url":"https:\/\/rollingringdrives.com\/wp-content\/uploads\/2023\/05\/cropped-\u672a\u547d\u540d\u7684\u8bbe\u8ba1.png","contentUrl":"https:\/\/rollingringdrives.com\/wp-content\/uploads\/2023\/05\/cropped-\u672a\u547d\u540d\u7684\u8bbe\u8ba1.png","width":300,"height":191,"caption":"QiPang"},"image":{"@id":"https:\/\/rollingringdrives.com\/#\/schema\/logo\/image\/"}}]}},"_links":{"self":[{"href":"https:\/\/rollingringdrives.com\/pt\/wp-json\/wp\/v2\/product\/30917","targetHints":{"allow":["GET"]}}],"collection":[{"href":"https:\/\/rollingringdrives.com\/pt\/wp-json\/wp\/v2\/product"}],"about":[{"href":"https:\/\/rollingringdrives.com\/pt\/wp-json\/wp\/v2\/types\/product"}],"version-history":[{"count":0,"href":"https:\/\/rollingringdrives.com\/pt\/wp-json\/wp\/v2\/product\/30917\/revisions"}],"wp:featuredmedia":[{"embeddable":true,"href":"https:\/\/rollingringdrives.com\/pt\/wp-json\/wp\/v2\/media\/31129"}],"wp:attachment":[{"href":"https:\/\/rollingringdrives.com\/pt\/wp-json\/wp\/v2\/media?parent=30917"}],"wp:term":[{"taxonomy":"product_brand","embeddable":true,"href":"https:\/\/rollingringdrives.com\/pt\/wp-json\/wp\/v2\/product_brand?post=30917"},{"taxonomy":"product_cat","embeddable":true,"href":"https:\/\/rollingringdrives.com\/pt\/wp-json\/wp\/v2\/product_cat?post=30917"},{"taxonomy":"product_tag","embeddable":true,"href":"https:\/\/rollingringdrives.com\/pt\/wp-json\/wp\/v2\/product_tag?post=30917"}],"curies":[{"name":"wp","href":"https:\/\/api.w.org\/{rel}","templated":true}]}}