{"id":30952,"date":"2024-01-10T08:33:56","date_gmt":"2024-01-10T08:33:56","guid":{"rendered":"https:\/\/rollingringdrives.com\/?post_type=product&#038;p=30952"},"modified":"2025-07-07T08:13:54","modified_gmt":"2025-07-07T08:13:54","slug":"reel-unwinder-machine","status":"publish","type":"product","link":"https:\/\/rollingringdrives.com\/pt\/produtos\/maquina-desenroladora-de-bobina\/","title":{"rendered":"M\u00e1quina desenroladora de carretel"},"content":{"rendered":"<p class=\"xsj_paragraph xsj_paragraph_level_0\" data-source-line=\"0\" data-source-line-display=\"true\">O\u00a0<strong class=\"markdown_strong_asterisk\">M\u00e1quina de desembolsar p\u00f3 magn\u00e9tico \u03a6630-\u03a6800mm<\/strong> \u00e9 uma m\u00e1quina de rebobinar e desenrolar de alta qualidade, perfeita para aplica\u00e7\u00f5es industriais. Esta m\u00e1quina foi projetada para ser compat\u00edvel com bobinas de di\u00e2metro \u03a6630mm a \u03a6800mm, com uma largura de bobina de fio variando de 475mm a 375mm. Ele tamb\u00e9m possui um di\u00e2metro de furo interno de 56 mm ou 80 mm, proporcionando flexibilidade para v\u00e1rios materiais. A m\u00e1quina possui um sistema de controle de p\u00f3 magn\u00e9tico que garante um controle de tens\u00e3o est\u00e1vel de at\u00e9 10 kg de p\u00f3 magn\u00e9tico.<\/p>\n<p data-source-line=\"0\" data-source-line-display=\"true\"><div id=\"footable_parent_26321\"\n         class=\"footable_parent ninja_table_wrapper loading_ninja_table wp_table_data_press_parent semantic_ui\">\n                <table data-ninja_table_instance=\"ninja_table_instance_0\" data-footable_id=\"26321\" data-filter-delay=\"1000\" aria-label=\"1\u65b0\u5efa2 XL2dSX \u5de5\u4f5c\u8868 (2).csv\"            id=\"footable_26321\"\n           data-unique_identifier=\"ninja_table_unique_id_1165438724_26321\"\n           class=\"foo-table ninja_footable foo_table_26321 ninja_table_unique_id_1165438724_26321 ui table  nt_type_legacy_table selectable striped vertical_centered  footable-paging-right ninja_table_search_disabled ninja_table_pro\">\n                <colgroup>\n                            <col class=\"ninja_column_0\">\n                            <col class=\"ninja_column_1\">\n                    <\/colgroup>\n        <thead>\n<tr class=\"footable-header\">\n                                        <th scope=\"col\"  class=\"ninja_column_0 ninja_clmn_nm_parameter\">Par\u00e2metro<\/th><th scope=\"col\"  class=\"ninja_column_1 ninja_clmn_nm_value\">Valor<\/th><\/tr>\n<\/thead>\n<tbody>\n\n        <tr data-row_id=\"355\" class=\"ninja_table_row_0 nt_row_id_355\">\n            <td>Di\u00e2metro da bobina aplic\u00e1vel<\/td><td>\u03a6800-\u03a6630mm<\/td>        <\/tr>\n            <tr data-row_id=\"356\" class=\"ninja_table_row_1 nt_row_id_356\">\n            <td>Largura da bobina de fio<\/td><td>475-375mm<\/td>        <\/tr>\n            <tr data-row_id=\"357\" class=\"ninja_table_row_2 nt_row_id_357\">\n            <td>Di\u00e2metro interno do furo<\/td><td>56mm ou 80mm<\/td>        <\/tr>\n            <tr data-row_id=\"358\" class=\"ninja_table_row_3 nt_row_id_358\">\n            <td>controle de tens\u00e3o<\/td><td>Controle de p\u00f3 magn\u00e9tico (10 kg de p\u00f3 magn\u00e9tico)<\/td>        <\/tr>\n            <tr data-row_id=\"359\" class=\"ninja_table_row_4 nt_row_id_359\">\n            <td>Modo de eixo de eleva\u00e7\u00e3o<\/td><td>Levantamento pneum\u00e1tico ou levantamento manual<\/td>        <\/tr>\n            <tr data-row_id=\"360\" class=\"ninja_table_row_5 nt_row_id_360\">\n            <td>Velocidade de pagamento<\/td><td>M\u00c1X 200 m\/min<\/td>        <\/tr>\n            <tr data-row_id=\"361\" class=\"ninja_table_row_6 nt_row_id_361\">\n            <td>Levantamento do carretel<\/td><td>Levantamento el\u00e9trico (0,75KW)<\/td>        <\/tr>\n            <tr data-row_id=\"362\" class=\"ninja_table_row_7 nt_row_id_362\">\n            <td>Freio<\/td><td>freio a p\u00f3 magn\u00e9tico 10KG<\/td>        <\/tr>\n            <tr data-row_id=\"363\" class=\"ninja_table_row_8 nt_row_id_363\">\n            <td>Capacidade m\u00e1xima de carga<\/td><td>500kg<\/td>        <\/tr>\n    <\/tbody><!--ninja_tobody_rendering_done-->\n    <\/table>\n    \n    \n    \n<\/div>\n<\/p>\n<p data-source-line=\"0\" data-source-line-display=\"true\">\u03a6630 suporte de compensa\u00e7\u00e3o de p\u00f3 magn\u00e9tico sem eixo<br \/>\n1, adequado para di\u00e2metro da bobina de fio: 400-630mm<br \/>\n2. Controle de tens\u00e3o: controle de p\u00f3 magn\u00e9tico (5kg de p\u00f3 magn\u00e9tico)<br \/>\n3. Modo de disco de eleva\u00e7\u00e3o: eleva\u00e7\u00e3o do motor<br \/>\n4. Disco de fixa\u00e7\u00e3o: fixa\u00e7\u00e3o manual do cilindro de fixa\u00e7\u00e3o<br \/>\n5. Tipo de desembolso: tipo cantilever sem eixo<br \/>\n6. Motor de eleva\u00e7\u00e3o: 0,75KW com redutor RV<br \/>\n7. M\u00e9todo de fixa\u00e7\u00e3o: Fixado com parafusos de expans\u00e3o<br \/>\n8. Peso morto m\u00e1ximo: 500 kg<\/p>\n<p data-source-line=\"0\" data-source-line-display=\"true\">\u03a6800 suporte de compensa\u00e7\u00e3o de p\u00f3 magn\u00e9tico sem eixo<br \/>\n1, adequado para di\u00e2metro da bobina de fio: 630-800mm<br \/>\n2. Controle de tens\u00e3o: controle de p\u00f3 magn\u00e9tico (10kg de p\u00f3 magn\u00e9tico)<br \/>\n3. Modo de disco de eleva\u00e7\u00e3o: eleva\u00e7\u00e3o do motor<br \/>\n4. Disco de fixa\u00e7\u00e3o: fixa\u00e7\u00e3o manual do cilindro de fixa\u00e7\u00e3o<br \/>\n5. Tipo de desembolso: tipo cantilever sem eixo<br \/>\n6. Motor de eleva\u00e7\u00e3o: 0,75KW com redutor RV<br \/>\n7. M\u00e9todo de fixa\u00e7\u00e3o: Fixado com parafusos de expans\u00e3o<br \/>\n8. Peso morto m\u00e1ximo: 800 kg<\/p>\n<div class=\"xiaoshujiang_element xsj_anchor\"><a class=\"blank_anchor_name\" name=\"applications_1\"><\/a><a id=\"applications_1\" class=\"blank_anchor_id\"><\/a><a class=\"blank_anchor_name\" name=\"applications\"><\/a><a id=\"applications\" class=\"blank_anchor_id\"><\/a><\/div>\n<h2 id=\"applications_1\" class=\"xsj_heading_hash xsj_heading xsj_heading_h2\" data-source-line=\"3\" data-source-line-display=\"true\"><span class=\"xsj_heading_content\">Formul\u00e1rios:<\/span><\/h2>\n<p class=\"xsj_paragraph xsj_paragraph_level_0\" data-source-line=\"5\" data-source-line-display=\"true\">A m\u00e1quina de desbobinamento de p\u00f3 magn\u00e9tico \u03a6630-\u03a6800mm \u00e9 amplamente utilizada na fabrica\u00e7\u00e3o, especificamente em rebobinar e desenrolar materiais como fios, cabos, cordas, fitas e outros materiais que requerem controle de tens\u00e3o est\u00e1vel.<\/p>\n<div class=\"xiaoshujiang_element xsj_anchor\"><a class=\"blank_anchor_name\" name=\"faqs_2\"><\/a><a id=\"faqs_2\" class=\"blank_anchor_id\"><\/a><a class=\"blank_anchor_name\" name=\"faqs\"><\/a><a id=\"faqs\" class=\"blank_anchor_id\"><\/a><\/div>","protected":false},"excerpt":{"rendered":"<h2 id=\"features_1\" class=\"xsj_heading_hash xsj_heading xsj_heading_h2\" data-source-line=\"3\" data-source-line-display=\"true\"><span class=\"xsj_heading_content\">Caracter\u00edsticas:<\/span><\/h2>\n<ol class=\"markdown_ol\" data-source-line=\"5\">\n<li data-source-line=\"5\">A m\u00e1quina fornece controle de tens\u00e3o est\u00e1vel com um sistema de controle de p\u00f3 magn\u00e9tico.<\/li>\n<li data-source-line=\"6\">Ele pode manusear bobinas de di\u00e2metro \u03a6630mm a \u03a6800mm com uma largura de bobina de fio variando de 475mm a 375mm.<\/li>\n<li data-source-line=\"7\">O di\u00e2metro interno do furo pode ser de 56 mm ou 80 mm.<\/li>\n<li data-source-line=\"8\">Pode operar a uma velocidade m\u00e1xima de 200 m\/min.<\/li>\n<li data-source-line=\"9\">A m\u00e1quina possui um sistema de levantamento pneum\u00e1tico ou manual, eleva\u00e7\u00e3o el\u00e9trica e freio a p\u00f3 magn\u00e9tico de 10KG.<\/li>\n<li data-source-line=\"10\">A capacidade m\u00e1xima de carga desta m\u00e1quina \u00e9 de 500 kg, tornando-a eficiente para aplica\u00e7\u00f5es de alto volume.<\/li>\n<\/ol>","protected":false},"featured_media":31120,"template":"","meta":{"site-sidebar-layout":"default","site-content-layout":"default","ast-global-header-display":"","ast-banner-title-visibility":"","ast-main-header-display":"","ast-hfb-above-header-display":"","ast-hfb-below-header-display":"","ast-hfb-mobile-header-display":"","site-post-title":"","ast-breadcrumbs-content":"","ast-featured-img":"","footer-sml-layout":"","theme-transparent-header-meta":"default","adv-header-id-meta":"","stick-header-meta":"","header-above-stick-meta":"","header-main-stick-meta":"","header-below-stick-meta":""},"product_brand":[],"product_cat":[48,132],"product_tag":[],"class_list":{"0":"post-30952","1":"product","2":"type-product","3":"status-publish","4":"has-post-thumbnail","6":"product_cat-wire-payoff-machine","7":"product_cat-shaftless-passive-pay-off-machine","8":"desktop-align-left","9":"tablet-align-left","10":"mobile-align-left","12":"first","13":"instock","14":"shipping-taxable","15":"product-type-simple"},"yoast_head":"<!-- This site is optimized with the Yoast SEO Premium plugin v20.12 (Yoast SEO v26.0) - https:\/\/yoast.com\/wordpress\/plugins\/seo\/ -->\n<title>Reel Unwinder Machine - QiPang<\/title>\n<meta name=\"robots\" content=\"index, follow, max-snippet:-1, max-image-preview:large, max-video-preview:-1\" \/>\n<link rel=\"canonical\" href=\"https:\/\/rollingringdrives.com\/pt\/produtos\/maquina-desenroladora-de-bobina\/\" \/>\n<meta property=\"og:locale\" content=\"pt_PT\" \/>\n<meta property=\"og:type\" content=\"article\" \/>\n<meta property=\"og:title\" content=\"Reel Unwinder Machine\" \/>\n<meta property=\"og:description\" content=\"Features:   The machine provides stable tension control with a magnetic powder control system.  It can handle diameter reels \u03a6630mm to \u03a6800mm with a wire reel width ranging from 475mm to 375mm.  The inner hole diameter can be either 56mm or 80mm.  It can operate at a maximum speed of 200 m\/min.  The machine features a pneumatic or manual jacking system, electric lifting, and 10KG magnetic powder brake.  The maximum loading capacity of this machine is 500 kg, making it efficient for high-volume applications.\" \/>\n<meta property=\"og:url\" content=\"https:\/\/rollingringdrives.com\/pt\/produtos\/maquina-desenroladora-de-bobina\/\" \/>\n<meta property=\"og:site_name\" content=\"QiPang\" \/>\n<meta property=\"article:modified_time\" content=\"2025-07-07T08:13:54+00:00\" \/>\n<meta property=\"og:image\" content=\"https:\/\/rollingringdrives.com\/wp-content\/uploads\/2024\/01\/1\u7c73\u4e3b\u52a8\u653e\u7ebfok-1_\u526f\u672c.jpg\" \/>\n\t<meta property=\"og:image:width\" content=\"600\" \/>\n\t<meta property=\"og:image:height\" content=\"600\" \/>\n\t<meta property=\"og:image:type\" content=\"image\/jpeg\" \/>\n<meta name=\"twitter:card\" content=\"summary_large_image\" \/>\n<meta name=\"twitter:label1\" content=\"Est. reading time\" \/>\n\t<meta name=\"twitter:data1\" content=\"2 minutos\" \/>\n<script type=\"application\/ld+json\" class=\"yoast-schema-graph\">{\"@context\":\"https:\/\/schema.org\",\"@graph\":[{\"@type\":\"WebPage\",\"@id\":\"https:\/\/rollingringdrives.com\/product\/reel-unwinder-machine\/\",\"url\":\"https:\/\/rollingringdrives.com\/product\/reel-unwinder-machine\/\",\"name\":\"Reel Unwinder Machine - QiPang\",\"isPartOf\":{\"@id\":\"https:\/\/rollingringdrives.com\/#website\"},\"primaryImageOfPage\":{\"@id\":\"https:\/\/rollingringdrives.com\/product\/reel-unwinder-machine\/#primaryimage\"},\"image\":{\"@id\":\"https:\/\/rollingringdrives.com\/product\/reel-unwinder-machine\/#primaryimage\"},\"thumbnailUrl\":\"https:\/\/rollingringdrives.com\/wp-content\/uploads\/2024\/01\/1\u7c73\u4e3b\u52a8\u653e\u7ebfok-1_\u526f\u672c.jpg\",\"datePublished\":\"2024-01-10T08:33:56+00:00\",\"dateModified\":\"2025-07-07T08:13:54+00:00\",\"breadcrumb\":{\"@id\":\"https:\/\/rollingringdrives.com\/product\/reel-unwinder-machine\/#breadcrumb\"},\"inLanguage\":\"pt-PT\",\"potentialAction\":[{\"@type\":\"ReadAction\",\"target\":[\"https:\/\/rollingringdrives.com\/product\/reel-unwinder-machine\/\"]}]},{\"@type\":\"ImageObject\",\"inLanguage\":\"pt-PT\",\"@id\":\"https:\/\/rollingringdrives.com\/product\/reel-unwinder-machine\/#primaryimage\",\"url\":\"https:\/\/rollingringdrives.com\/wp-content\/uploads\/2024\/01\/1\u7c73\u4e3b\u52a8\u653e\u7ebfok-1_\u526f\u672c.jpg\",\"contentUrl\":\"https:\/\/rollingringdrives.com\/wp-content\/uploads\/2024\/01\/1\u7c73\u4e3b\u52a8\u653e\u7ebfok-1_\u526f\u672c.jpg\",\"width\":600,\"height\":600,\"caption\":\"Reel Unwinder Machine\"},{\"@type\":\"BreadcrumbList\",\"@id\":\"https:\/\/rollingringdrives.com\/product\/reel-unwinder-machine\/#breadcrumb\",\"itemListElement\":[{\"@type\":\"ListItem\",\"position\":1,\"name\":\"Home\",\"item\":\"https:\/\/rollingringdrives.com\/\"},{\"@type\":\"ListItem\",\"position\":2,\"name\":\"Machines\",\"item\":\"https:\/\/rollingringdrives.com\/machines\/\"},{\"@type\":\"ListItem\",\"position\":3,\"name\":\"Reel Unwinder Machine\"}]},{\"@type\":\"WebSite\",\"@id\":\"https:\/\/rollingringdrives.com\/#website\",\"url\":\"https:\/\/rollingringdrives.com\/\",\"name\":\"QiPang\",\"description\":\"QiPang Blog\",\"publisher\":{\"@id\":\"https:\/\/rollingringdrives.com\/#organization\"},\"potentialAction\":[{\"@type\":\"SearchAction\",\"target\":{\"@type\":\"EntryPoint\",\"urlTemplate\":\"https:\/\/rollingringdrives.com\/?s={search_term_string}\"},\"query-input\":{\"@type\":\"PropertyValueSpecification\",\"valueRequired\":true,\"valueName\":\"search_term_string\"}}],\"inLanguage\":\"pt-PT\"},{\"@type\":\"Organization\",\"@id\":\"https:\/\/rollingringdrives.com\/#organization\",\"name\":\"QiPang\",\"url\":\"https:\/\/rollingringdrives.com\/\",\"logo\":{\"@type\":\"ImageObject\",\"inLanguage\":\"pt-PT\",\"@id\":\"https:\/\/rollingringdrives.com\/#\/schema\/logo\/image\/\",\"url\":\"https:\/\/rollingringdrives.com\/wp-content\/uploads\/2023\/05\/cropped-\u672a\u547d\u540d\u7684\u8bbe\u8ba1.png\",\"contentUrl\":\"https:\/\/rollingringdrives.com\/wp-content\/uploads\/2023\/05\/cropped-\u672a\u547d\u540d\u7684\u8bbe\u8ba1.png\",\"width\":300,\"height\":191,\"caption\":\"QiPang\"},\"image\":{\"@id\":\"https:\/\/rollingringdrives.com\/#\/schema\/logo\/image\/\"}}]}<\/script>\n<!-- \/ Yoast SEO Premium plugin. -->","yoast_head_json":{"title":"M\u00e1quina desenroladora de bobina - QiPang","robots":{"index":"index","follow":"follow","max-snippet":"max-snippet:-1","max-image-preview":"max-image-preview:large","max-video-preview":"max-video-preview:-1"},"canonical":"https:\/\/rollingringdrives.com\/pt\/produtos\/maquina-desenroladora-de-bobina\/","og_locale":"pt_PT","og_type":"article","og_title":"Reel Unwinder Machine","og_description":"Features:   The machine provides stable tension control with a magnetic powder control system.  It can handle diameter reels \u03a6630mm to \u03a6800mm with a wire reel width ranging from 475mm to 375mm.  The inner hole diameter can be either 56mm or 80mm.  It can operate at a maximum speed of 200 m\/min.  The machine features a pneumatic or manual jacking system, electric lifting, and 10KG magnetic powder brake.  The maximum loading capacity of this machine is 500 kg, making it efficient for high-volume applications.","og_url":"https:\/\/rollingringdrives.com\/pt\/produtos\/maquina-desenroladora-de-bobina\/","og_site_name":"QiPang","article_modified_time":"2025-07-07T08:13:54+00:00","og_image":[{"width":600,"height":600,"url":"https:\/\/rollingringdrives.com\/wp-content\/uploads\/2024\/01\/1\u7c73\u4e3b\u52a8\u653e\u7ebfok-1_\u526f\u672c.jpg","type":"image\/jpeg"}],"twitter_card":"summary_large_image","twitter_misc":{"Est. reading time":"2 minutos"},"schema":{"@context":"https:\/\/schema.org","@graph":[{"@type":"WebPage","@id":"https:\/\/rollingringdrives.com\/product\/reel-unwinder-machine\/","url":"https:\/\/rollingringdrives.com\/product\/reel-unwinder-machine\/","name":"M\u00e1quina desenroladora de bobina - QiPang","isPartOf":{"@id":"https:\/\/rollingringdrives.com\/#website"},"primaryImageOfPage":{"@id":"https:\/\/rollingringdrives.com\/product\/reel-unwinder-machine\/#primaryimage"},"image":{"@id":"https:\/\/rollingringdrives.com\/product\/reel-unwinder-machine\/#primaryimage"},"thumbnailUrl":"https:\/\/rollingringdrives.com\/wp-content\/uploads\/2024\/01\/1\u7c73\u4e3b\u52a8\u653e\u7ebfok-1_\u526f\u672c.jpg","datePublished":"2024-01-10T08:33:56+00:00","dateModified":"2025-07-07T08:13:54+00:00","breadcrumb":{"@id":"https:\/\/rollingringdrives.com\/product\/reel-unwinder-machine\/#breadcrumb"},"inLanguage":"pt-PT","potentialAction":[{"@type":"ReadAction","target":["https:\/\/rollingringdrives.com\/product\/reel-unwinder-machine\/"]}]},{"@type":"ImageObject","inLanguage":"pt-PT","@id":"https:\/\/rollingringdrives.com\/product\/reel-unwinder-machine\/#primaryimage","url":"https:\/\/rollingringdrives.com\/wp-content\/uploads\/2024\/01\/1\u7c73\u4e3b\u52a8\u653e\u7ebfok-1_\u526f\u672c.jpg","contentUrl":"https:\/\/rollingringdrives.com\/wp-content\/uploads\/2024\/01\/1\u7c73\u4e3b\u52a8\u653e\u7ebfok-1_\u526f\u672c.jpg","width":600,"height":600,"caption":"Reel Unwinder Machine"},{"@type":"BreadcrumbList","@id":"https:\/\/rollingringdrives.com\/product\/reel-unwinder-machine\/#breadcrumb","itemListElement":[{"@type":"ListItem","position":1,"name":"Home","item":"https:\/\/rollingringdrives.com\/"},{"@type":"ListItem","position":2,"name":"Machines","item":"https:\/\/rollingringdrives.com\/machines\/"},{"@type":"ListItem","position":3,"name":"Reel Unwinder Machine"}]},{"@type":"WebSite","@id":"https:\/\/rollingringdrives.com\/#website","url":"https:\/\/rollingringdrives.com\/","name":"QiPangName","description":"Blog QiPang","publisher":{"@id":"https:\/\/rollingringdrives.com\/#organization"},"potentialAction":[{"@type":"SearchAction","target":{"@type":"EntryPoint","urlTemplate":"https:\/\/rollingringdrives.com\/?s={search_term_string}"},"query-input":{"@type":"PropertyValueSpecification","valueRequired":true,"valueName":"search_term_string"}}],"inLanguage":"pt-PT"},{"@type":"Organization","@id":"https:\/\/rollingringdrives.com\/#organization","name":"QiPangName","url":"https:\/\/rollingringdrives.com\/","logo":{"@type":"ImageObject","inLanguage":"pt-PT","@id":"https:\/\/rollingringdrives.com\/#\/schema\/logo\/image\/","url":"https:\/\/rollingringdrives.com\/wp-content\/uploads\/2023\/05\/cropped-\u672a\u547d\u540d\u7684\u8bbe\u8ba1.png","contentUrl":"https:\/\/rollingringdrives.com\/wp-content\/uploads\/2023\/05\/cropped-\u672a\u547d\u540d\u7684\u8bbe\u8ba1.png","width":300,"height":191,"caption":"QiPang"},"image":{"@id":"https:\/\/rollingringdrives.com\/#\/schema\/logo\/image\/"}}]}},"_links":{"self":[{"href":"https:\/\/rollingringdrives.com\/pt\/wp-json\/wp\/v2\/product\/30952","targetHints":{"allow":["GET"]}}],"collection":[{"href":"https:\/\/rollingringdrives.com\/pt\/wp-json\/wp\/v2\/product"}],"about":[{"href":"https:\/\/rollingringdrives.com\/pt\/wp-json\/wp\/v2\/types\/product"}],"version-history":[{"count":0,"href":"https:\/\/rollingringdrives.com\/pt\/wp-json\/wp\/v2\/product\/30952\/revisions"}],"wp:featuredmedia":[{"embeddable":true,"href":"https:\/\/rollingringdrives.com\/pt\/wp-json\/wp\/v2\/media\/31120"}],"wp:attachment":[{"href":"https:\/\/rollingringdrives.com\/pt\/wp-json\/wp\/v2\/media?parent=30952"}],"wp:term":[{"taxonomy":"product_brand","embeddable":true,"href":"https:\/\/rollingringdrives.com\/pt\/wp-json\/wp\/v2\/product_brand?post=30952"},{"taxonomy":"product_cat","embeddable":true,"href":"https:\/\/rollingringdrives.com\/pt\/wp-json\/wp\/v2\/product_cat?post=30952"},{"taxonomy":"product_tag","embeddable":true,"href":"https:\/\/rollingringdrives.com\/pt\/wp-json\/wp\/v2\/product_tag?post=30952"}],"curies":[{"name":"wp","href":"https:\/\/api.w.org\/{rel}","templated":true}]}}