{"id":30976,"date":"2024-01-11T02:24:36","date_gmt":"2024-01-11T02:24:36","guid":{"rendered":"https:\/\/rollingringdrives.com\/?post_type=product&#038;p=30976"},"modified":"2025-07-25T02:21:12","modified_gmt":"2025-07-25T02:21:12","slug":"gantry-type-take-up-and-paying-off-stand-unit","status":"publish","type":"product","link":"https:\/\/rollingringdrives.com\/pt\/produtos\/unidade-de-suporte-tipo-portico-de-levantamento-e-pagamento\/","title":{"rendered":"Unidade de levantamento e pagamento do tipo p\u00f3rtico"},"content":{"rendered":"<p>Tipo de trilho de piso do p\u00f3rtico, estrutura do tipo revestimento superior, a estrutura do p\u00f3rtico \u00e9 feita de dobra e soldagem; as duas partes superiores do carretel s\u00e3o levantadas e abaixadas por dois motores atrav\u00e9s do redutor cicl\u00f3ide para acionar a porca do parafuso, e cada assento superior pode ser levantado e abaixado independentemente ou ao mesmo tempo e est\u00e1 equipado com dispositivos de dupla prote\u00e7\u00e3o mec\u00e2nica e el\u00e9trica.<\/p>\n<p><img fetchpriority=\"high\" decoding=\"async\" class=\"alignnone size-full wp-image-32418\" src=\"https:\/\/rollingringdrives.com\/wp-content\/uploads\/2024\/01\/2.jpg\" alt=\"\" width=\"1060\" height=\"662\" srcset=\"https:\/\/rollingringdrives.com\/wp-content\/uploads\/2024\/01\/2.jpg 1060w, https:\/\/rollingringdrives.com\/wp-content\/uploads\/2024\/01\/2-300x187.jpg 300w, https:\/\/rollingringdrives.com\/wp-content\/uploads\/2024\/01\/2-1024x640.jpg 1024w, https:\/\/rollingringdrives.com\/wp-content\/uploads\/2024\/01\/2-768x480.jpg 768w, https:\/\/rollingringdrives.com\/wp-content\/uploads\/2024\/01\/2-18x12.jpg 18w, https:\/\/rollingringdrives.com\/wp-content\/uploads\/2024\/01\/2-600x375.jpg 600w\" sizes=\"(max-width: 1060px) 100vw, 1060px\" \/><\/p>\n<p><span class=\"HzN33d\" data-huuid=\"8975887855276830112\">Uma m\u00e1quina de coleta do tipo p\u00f3rtico \u00e9\u00a0<mark class=\"QVRyCf\">um sistema de alta resist\u00eancia projetado para enrolar e desenrolar grandes bobinas, especialmente na fabrica\u00e7\u00e3o de cabos e fios<\/mark>.\u00a0<\/span><span class=\"HzN33d\" data-huuid=\"8975887855276829851\">Essas m\u00e1quinas apresentam uma estrutura de p\u00f3rtico (ou ponte) que suporta o carretel, permitindo o movimento ao longo dos trilhos e oferecendo estabilidade para manusear cargas substanciais.\u00a0<\/span><span class=\"HzN33d\" data-huuid=\"8975887855276829590\">Eles s\u00e3o comumente usados em conjunto com suportes de pagamento em linhas de produ\u00e7\u00e3o cont\u00ednuas para processos como extrus\u00e3o, tor\u00e7\u00e3o e blindagem.<span class=\"pjBG2e\" data-cid=\"e6f9942c-a510-47b7-912e-b23f71165a4a\"><span class=\"UV3uM\">\u00a0<\/span><\/span><\/span><\/p>\n<div id=\"footable_parent_32416\"\n         class=\"footable_parent ninja_table_wrapper loading_ninja_table wp_table_data_press_parent semantic_ui\">\n                <table data-ninja_table_instance=\"ninja_table_instance_0\" data-footable_id=\"32416\" data-filter-delay=\"1000\" aria-label=\"\u5b89\u5e86\u8c22\u603b\u9f99\u95e8\u6536\u6392\u53c2\u6570.csv\"            id=\"footable_32416\"\n           data-unique_identifier=\"ninja_table_unique_id_812870330_32416\"\n           class=\"foo-table ninja_footable foo_table_32416 ninja_table_unique_id_812870330_32416 ui table  nt_type_legacy_table selectable striped vertical_centered  footable-paging-right ninja_table_pro\">\n                <colgroup>\n                            <col class=\"ninja_column_0\">\n                            <col class=\"ninja_column_1\">\n                            <col class=\"ninja_column_2\">\n                            <col class=\"ninja_column_3\">\n                    <\/colgroup>\n        <thead>\n<tr class=\"footable-header\">\n                                                                        <th scope=\"col\"  class=\"ninja_column_0 ninja_clmn_nm_model\">Modelo<\/th><th scope=\"col\"  class=\"ninja_column_1 ninja_clmn_nm_qp2\">QP2000<\/th><th scope=\"col\"  class=\"ninja_column_2 ninja_clmn_nm_qp25\">QP2500<\/th><th scope=\"col\"  class=\"ninja_column_3 ninja_clmn_nm_qp315\">QP3150<\/th><\/tr>\n<\/thead>\n<tbody>\n\n        <tr data-row_id=\"1793\" class=\"ninja_table_row_0 nt_row_id_1793\">\n            <td><\/td><td><\/td><td><\/td><td><\/td>        <\/tr>\n            <tr data-row_id=\"1794\" class=\"ninja_table_row_1 nt_row_id_1794\">\n            <td>Di\u00e2metro do material adequado<\/td><td>3-80 mm<\/td><td>3-100MM<\/td><td>3-100MM<\/td>        <\/tr>\n            <tr data-row_id=\"1795\" class=\"ninja_table_row_2 nt_row_id_1795\">\n            <td>Motor de fixa\u00e7\u00e3o:<\/td><td>BLD10-11-1,1 kW<\/td><td>BLD10-11-1,1 kW<\/td><td>BWY10-23-1.1KW<\/td>        <\/tr>\n            <tr data-row_id=\"1796\" class=\"ninja_table_row_3 nt_row_id_1796\">\n            <td>Motor de eleva\u00e7\u00e3o de carretel<\/td><td>BLY11-29-1,5 kW<\/td><td>BLY11-29-1,5 kW<\/td><td>BLY10-29-2.2KW<\/td>        <\/tr>\n            <tr data-row_id=\"1797\" class=\"ninja_table_row_4 nt_row_id_1797\">\n            <td>motor de cabo<\/td><td>Servo motor de 1,5 kW<\/td><td>Servo motor de 1,5 kW<\/td><td>Convers\u00e3o de frequ\u00eancia BWEY121-595-1.5KW<\/td>        <\/tr>\n            <tr data-row_id=\"1798\" class=\"ninja_table_row_5 nt_row_id_1798\">\n            <td><\/td><td><\/td><td><\/td><td><\/td>        <\/tr>\n            <tr data-row_id=\"1799\" class=\"ninja_table_row_6 nt_row_id_1799\">\n            <td>Motor principal para m\u00e1quina de recolhimento<\/td><td>Motor CA de frequ\u00eancia vari\u00e1vel de 7,5 kW<\/td><td>Motor CA de frequ\u00eancia vari\u00e1vel 11KW<\/td><td>Motor CA de frequ\u00eancia vari\u00e1vel 15KW<\/td>        <\/tr>\n            <tr data-row_id=\"1800\" class=\"ninja_table_row_7 nt_row_id_1800\">\n            <td>Fonte de energia<\/td><td>380 V, trif\u00e1sico, 50 Hz ou personalize<\/td><td>380 V, trif\u00e1sico, 50 Hz ou personalize<\/td><td>380 V, trif\u00e1sico, 50 Hz ou personalize<\/td>        <\/tr>\n            <tr data-row_id=\"1801\" class=\"ninja_table_row_8 nt_row_id_1801\">\n            <td>Cor do equipamento<\/td><td>RAL5015 azul<\/td><td>RAL5015 azul<\/td><td>RAL5015 azul<\/td>        <\/tr>\n    <\/tbody><!--ninja_tobody_rendering_done-->\n    <\/table>\n    \n    \n    \n<\/div>\n\n<div class=\"WaaZC\">\n<div class=\"RJPOee EIJn2\">\n<div class=\"rPeykc pyPiTc\" data-hveid=\"CDoQAQ\" data-ved=\"2ahUKEwiRz7P999aOAxUCZPUHHYXXERsQo_EKegQIOhAB\"><span class=\"HzN33d\" data-huuid=\"15389832039406208682\">Formul\u00e1rios:<\/span><\/div>\n<\/div>\n<\/div>\n<div class=\"WaaZC\">\n<div class=\"RJPOee EIJn2\">\n<ul data-hveid=\"CE0QAQ\" data-ved=\"2ahUKEwiRz7P999aOAxUCZPUHHYXXERsQm_YKegQITRAB\">\n<li class=\"K3KsMc\">\n<div class=\"zMgcWd dSKvsb\" data-il=\"\">\n<div data-crb-p=\"\">\n<div class=\"xFTqob\">\n<div class=\"Gur8Ad\"><span class=\"HzN33d\" data-huuid=\"15389832039406207329\"><strong>Fabrica\u00e7\u00e3o de cabos:<\/strong><\/span><\/div>\n<div class=\"vM0jzc\"><span class=\"HzN33d\" data-huuid=\"15389832039406210974\">Amplamente utilizado em linhas de fabrica\u00e7\u00e3o de cabos para lidar com a coleta e o desenrolamento de v\u00e1rios tipos de cabos.<span class=\"pjBG2e\" data-cid=\"18d20f5c-c9cb-450c-8546-694b3a4468f4\"><span class=\"UV3uM\">\u00a0<\/span><\/span><\/span><\/p>\n<div class=\"NPrrbc\" data-cid=\"18d20f5c-c9cb-450c-8546-694b3a4468f4\" data-uuids=\"15389832039406207329,15389832039406210974\">\n<div class=\"BMebGe btku5b fCrZyc LwdV0e FR7ZSc qVhvac OJeuxf\" tabindex=\"0\" role=\"button\" aria-label=\"\u67e5\u770b\u76f8\u5173\u94fe\u63a5\" data-hveid=\"CEkQAQ\" data-ved=\"2ahUKEwiRz7P999aOAxUCZPUHHYXXERsQ3fYKegQISRAB\">\n<div class=\"niO4u\">\n<div class=\"kHtcsd\"><\/div>\n<\/div>\n<\/div>\n<\/div>\n<\/div>\n<\/div>\n<\/div>\n<\/div>\n<\/li>\n<li class=\"K3KsMc\">\n<div class=\"zMgcWd dSKvsb\" data-il=\"\">\n<div data-crb-p=\"\">\n<div class=\"xFTqob\">\n<div class=\"Gur8Ad\"><span class=\"HzN33d\" data-huuid=\"15389832039406210072\"><strong>Fabrica\u00e7\u00e3o de fios:<\/strong><\/span><\/div>\n<div class=\"vM0jzc\"><span class=\"HzN33d\" data-huuid=\"15389832039406209621\">Pode ser usado em linhas de produ\u00e7\u00e3o de fios para lidar com a coleta de diferentes tipos de fios.<span class=\"pjBG2e\" data-cid=\"2d51a7a9-ad00-4600-b3a7-ecd61dae91dd\"><span class=\"UV3uM\">\u00a0<\/span><\/span><\/span><\/p>\n<div class=\"NPrrbc\" data-cid=\"2d51a7a9-ad00-4600-b3a7-ecd61dae91dd\" data-uuids=\"15389832039406210072,15389832039406209621\">\n<div class=\"BMebGe btku5b fCrZyc LwdV0e FR7ZSc qVhvac OJeuxf\" tabindex=\"0\" role=\"button\" aria-label=\"\u67e5\u770b\u76f8\u5173\u94fe\u63a5\" data-hveid=\"CEcQAQ\" data-ved=\"2ahUKEwiRz7P999aOAxUCZPUHHYXXERsQ3fYKegQIRxAB\">\n<div class=\"niO4u\">\n<div class=\"kHtcsd\"><\/div>\n<\/div>\n<\/div>\n<\/div>\n<\/div>\n<\/div>\n<\/div>\n<\/div>\n<\/li>\n<li class=\"K3KsMc\">\n<div class=\"zMgcWd dSKvsb\" data-il=\"\">\n<div data-crb-p=\"\">\n<div class=\"xFTqob\">\n<div class=\"Gur8Ad\"><span class=\"HzN33d\" data-huuid=\"15389832039406208719\"><strong>Produ\u00e7\u00e3o Cont\u00ednua:<\/strong><\/span><\/div>\n<div class=\"vM0jzc\"><span class=\"HzN33d\" data-huuid=\"15389832039406208268\">Frequentemente empregado em linhas de produ\u00e7\u00e3o cont\u00ednuas, onde \u00e9 necess\u00e1rio um fornecimento constante de material.<span class=\"pjBG2e\" data-cid=\"797657e2-5087-4c43-9581-87e76ff63330\"><span class=\"UV3uM\">\u00a0<\/span><\/span><\/span><\/p>\n<div class=\"NPrrbc\" data-cid=\"797657e2-5087-4c43-9581-87e76ff63330\" data-uuids=\"15389832039406208719,15389832039406208268\">\n<div class=\"BMebGe btku5b fCrZyc LwdV0e FR7ZSc qVhvac OJeuxf\" tabindex=\"0\" role=\"button\" aria-label=\"\u67e5\u770b\u76f8\u5173\u94fe\u63a5\" data-hveid=\"CEoQAQ\" data-ved=\"2ahUKEwiRz7P999aOAxUCZPUHHYXXERsQ3fYKegQIShAB\">\n<div class=\"niO4u\">\n<div class=\"kHtcsd\"><\/div>\n<\/div>\n<\/div>\n<\/div>\n<\/div>\n<\/div>\n<\/div>\n<\/div>\n<\/li>\n<li class=\"K3KsMc\">\n<div class=\"zMgcWd dSKvsb\" data-il=\"\">\n<div data-crb-p=\"\">\n<div class=\"xFTqob\">\n<div class=\"Gur8Ad\"><span class=\"HzN33d\" data-huuid=\"15389832039406207366\"><strong>Rebobinamento e processamento:<\/strong><\/span><\/div>\n<div class=\"vM0jzc\"><span class=\"HzN33d\" data-huuid=\"15389832039406211011\">Adequado para processos de rebobinamento e outras opera\u00e7\u00f5es de processamento de cabos. <\/span><\/div>\n<div class=\"vM0jzc\"><strong><span style=\"font-size: 16px;\">Benef\u00edcios:<\/span><\/strong><\/div>\n<\/div>\n<\/div>\n<div class=\"WaaZC\">\n<div class=\"RJPOee EIJn2\">\n<ul data-hveid=\"CHMQAQ\" data-ved=\"2ahUKEwiRz7P999aOAxUCZPUHHYXXERsQm_YKegQIcxAB\">\n<li><span class=\"HzN33d\" data-huuid=\"8975887855276828285\"><strong>Maior efici\u00eancia:<\/strong>\u00a0<\/span><span class=\"HzN33d\" data-huuid=\"8975887855276828024\">Facilita o manuseio e o enrolamento eficientes do carretel, especialmente para carret\u00e9is grandes.<span class=\"pjBG2e\" data-cid=\"3c6eda3b-ccbe-4070-88c1-9a92318ad1f2\"><span class=\"UV3uM\">\u00a0<\/span><\/span><\/span>\n<div class=\"NPrrbc\" data-cid=\"3c6eda3b-ccbe-4070-88c1-9a92318ad1f2\" data-uuids=\"8975887855276828285,8975887855276828024\">\n<div class=\"BMebGe btku5b fCrZyc LwdV0e FR7ZSc qVhvac OJeuxf\" tabindex=\"0\" role=\"button\" aria-label=\"\u67e5\u770b\u76f8\u5173\u94fe\u63a5\" data-hveid=\"CGIQAQ\" data-ved=\"2ahUKEwiRz7P999aOAxUCZPUHHYXXERsQ3fYKegQIYhAB\">\n<div class=\"niO4u\">\n<div class=\"kHtcsd\"><\/div>\n<\/div>\n<\/div>\n<\/div>\n<\/li>\n<li><span class=\"HzN33d\" data-huuid=\"8975887855276827502\"><strong>Custos de m\u00e3o de obra reduzidos:<\/strong>\u00a0<\/span><span class=\"HzN33d\" data-huuid=\"8975887855276827241\">Recursos automatizados podem reduzir a necessidade de trabalho manual.<span class=\"pjBG2e\" data-cid=\"a0c01ed0-47c9-4261-9c70-f325d68d7a5e\"><span class=\"UV3uM\">\u00a0<\/span><\/span><\/span>\n<div class=\"NPrrbc\" data-cid=\"a0c01ed0-47c9-4261-9c70-f325d68d7a5e\" data-uuids=\"8975887855276827502,8975887855276827241\">\n<div class=\"BMebGe btku5b fCrZyc LwdV0e FR7ZSc qVhvac OJeuxf\" tabindex=\"0\" role=\"button\" aria-label=\"\u67e5\u770b\u76f8\u5173\u94fe\u63a5\" data-hveid=\"CGUQAQ\" data-ved=\"2ahUKEwiRz7P999aOAxUCZPUHHYXXERsQ3fYKegQIZRAB\">\n<div class=\"niO4u\">\n<div class=\"kHtcsd\"><\/div>\n<\/div>\n<\/div>\n<\/div>\n<\/li>\n<li><span class=\"HzN33d\" data-huuid=\"8975887855276826719\"><strong>Produ\u00e7\u00e3o melhorada:<\/strong>\u00a0<\/span><span class=\"HzN33d\" data-huuid=\"8975887855276830554\">Contribui para processos de produ\u00e7\u00e3o cont\u00ednuos mais suaves e confi\u00e1veis.<span class=\"pjBG2e\" data-cid=\"f28d3331-b150-4058-b197-3ecb3a288563\"><span class=\"UV3uM\">\u00a0<\/span><\/span><\/span>\n<div class=\"NPrrbc\" data-cid=\"f28d3331-b150-4058-b197-3ecb3a288563\" data-uuids=\"8975887855276826719,8975887855276830554\">\n<div class=\"BMebGe btku5b fCrZyc LwdV0e FR7ZSc qVhvac OJeuxf\" tabindex=\"0\" role=\"button\" aria-label=\"\u67e5\u770b\u76f8\u5173\u94fe\u63a5\" data-hveid=\"CG8QAQ\" data-ved=\"2ahUKEwiRz7P999aOAxUCZPUHHYXXERsQ3fYKegQIbxAB\">\n<div class=\"niO4u\">\n<div class=\"kHtcsd\"><\/div>\n<\/div>\n<\/div>\n<\/div>\n<\/li>\n<li><span class=\"HzN33d\" data-huuid=\"8975887855276830032\"><strong>Seguran\u00e7a aprimorada:<\/strong>\u00a0<\/span><span class=\"HzN33d\" data-huuid=\"8975887855276829771\">Os recursos de seguran\u00e7a minimizam os riscos associados ao manuseio de bobinas pesadas.<span class=\"pjBG2e\" data-cid=\"81f201ac-dcb7-4fae-b1fd-771e31200e44\"><span class=\"UV3uM\">\u00a0<\/span><\/span><\/span>\n<div class=\"NPrrbc\" data-cid=\"81f201ac-dcb7-4fae-b1fd-771e31200e44\" data-uuids=\"8975887855276830032,8975887855276829771\">\n<div class=\"BMebGe btku5b fCrZyc LwdV0e FR7ZSc qVhvac OJeuxf\" tabindex=\"0\" role=\"button\" aria-label=\"\u67e5\u770b\u76f8\u5173\u94fe\u63a5\" data-hveid=\"CGsQAQ\" data-ved=\"2ahUKEwiRz7P999aOAxUCZPUHHYXXERsQ3fYKegQIaxAB\">\n<div class=\"niO4u\">\n<div class=\"kHtcsd\"><\/div>\n<\/div>\n<\/div>\n<\/div>\n<\/li>\n<li><span class=\"HzN33d\" data-huuid=\"8975887855276829249\"><strong>Personaliza\u00e7\u00e3o:<\/strong>\u00a0<\/span><span class=\"HzN33d\" data-huuid=\"8975887855276828988\">Pode ser personalizado de acordo com requisitos espec\u00edficos, incluindo tamanhos de bobinas, velocidades de enrolamento e controle de tens\u00e3o.<span class=\"pjBG2e\" data-cid=\"a9ec7db7-3042-4cfa-999e-58b1de6c0963\"><span class=\"UV3uM\">\u00a0<\/span><\/span><\/span><\/li>\n<\/ul>\n<\/div>\n<\/div>\n<\/div>\n<\/li>\n<\/ul>\n<\/div>\n<\/div>","protected":false},"excerpt":{"rendered":"<p><strong>Recurso<\/strong><\/p>\n<ol>\n<li>Carga pesada<\/li>\n<li>Facilidade de instala\u00e7\u00e3o.<\/li>\n<li>Durabilidade.<\/li>\n<\/ol>\n<p>&nbsp;<\/p>","protected":false},"featured_media":31876,"template":"","meta":{"site-sidebar-layout":"default","site-content-layout":"default","ast-global-header-display":"","ast-banner-title-visibility":"","ast-main-header-display":"","ast-hfb-above-header-display":"","ast-hfb-below-header-display":"","ast-hfb-mobile-header-display":"","site-post-title":"","ast-breadcrumbs-content":"","ast-featured-img":"","footer-sml-layout":"","theme-transparent-header-meta":"default","adv-header-id-meta":"","stick-header-meta":"","header-above-stick-meta":"","header-main-stick-meta":"","header-below-stick-meta":""},"product_brand":[],"product_cat":[51,129],"product_tag":[],"class_list":{"0":"post-30976","1":"product","2":"type-product","3":"status-publish","4":"has-post-thumbnail","6":"product_cat-wire-take-up-machine","7":"product_cat-gantry-type-winder-machine","8":"desktop-align-left","9":"tablet-align-left","10":"mobile-align-left","12":"first","13":"instock","14":"shipping-taxable","15":"product-type-simple"},"yoast_head":"<!-- This site is optimized with the Yoast SEO Premium plugin v20.12 (Yoast SEO v26.0) - https:\/\/yoast.com\/wordpress\/plugins\/seo\/ -->\n<title>Gantry Type Take-up and Paying Off Stand Unit - QiPang<\/title>\n<meta name=\"robots\" content=\"index, follow, max-snippet:-1, max-image-preview:large, max-video-preview:-1\" \/>\n<link rel=\"canonical\" href=\"https:\/\/rollingringdrives.com\/pt\/produtos\/unidade-de-suporte-tipo-portico-de-levantamento-e-pagamento\/\" \/>\n<meta property=\"og:locale\" content=\"pt_PT\" \/>\n<meta property=\"og:type\" content=\"article\" \/>\n<meta property=\"og:title\" content=\"Gantry Type Take-up and Paying Off Stand Unit\" \/>\n<meta property=\"og:description\" content=\"Feature   Heavy load  Ease of Installation.  Durability.  &nbsp;\" \/>\n<meta property=\"og:url\" content=\"https:\/\/rollingringdrives.com\/pt\/produtos\/unidade-de-suporte-tipo-portico-de-levantamento-e-pagamento\/\" \/>\n<meta property=\"og:site_name\" content=\"QiPang\" \/>\n<meta property=\"article:modified_time\" content=\"2025-07-25T02:21:12+00:00\" \/>\n<meta property=\"og:image\" content=\"https:\/\/rollingringdrives.com\/wp-content\/uploads\/2024\/01\/3.jpg\" \/>\n\t<meta property=\"og:image:width\" content=\"600\" \/>\n\t<meta property=\"og:image:height\" content=\"600\" \/>\n\t<meta property=\"og:image:type\" content=\"image\/jpeg\" \/>\n<meta name=\"twitter:card\" content=\"summary_large_image\" \/>\n<meta name=\"twitter:label1\" content=\"Est. reading time\" \/>\n\t<meta name=\"twitter:data1\" content=\"2 minutos\" \/>\n<script type=\"application\/ld+json\" class=\"yoast-schema-graph\">{\"@context\":\"https:\/\/schema.org\",\"@graph\":[{\"@type\":\"WebPage\",\"@id\":\"https:\/\/rollingringdrives.com\/product\/gantry-type-take-up-and-paying-off-stand-unit\/\",\"url\":\"https:\/\/rollingringdrives.com\/product\/gantry-type-take-up-and-paying-off-stand-unit\/\",\"name\":\"Gantry Type Take-up and Paying Off Stand Unit - QiPang\",\"isPartOf\":{\"@id\":\"https:\/\/rollingringdrives.com\/#website\"},\"primaryImageOfPage\":{\"@id\":\"https:\/\/rollingringdrives.com\/product\/gantry-type-take-up-and-paying-off-stand-unit\/#primaryimage\"},\"image\":{\"@id\":\"https:\/\/rollingringdrives.com\/product\/gantry-type-take-up-and-paying-off-stand-unit\/#primaryimage\"},\"thumbnailUrl\":\"https:\/\/rollingringdrives.com\/wp-content\/uploads\/2024\/01\/3.jpg\",\"datePublished\":\"2024-01-11T02:24:36+00:00\",\"dateModified\":\"2025-07-25T02:21:12+00:00\",\"breadcrumb\":{\"@id\":\"https:\/\/rollingringdrives.com\/product\/gantry-type-take-up-and-paying-off-stand-unit\/#breadcrumb\"},\"inLanguage\":\"pt-PT\",\"potentialAction\":[{\"@type\":\"ReadAction\",\"target\":[\"https:\/\/rollingringdrives.com\/product\/gantry-type-take-up-and-paying-off-stand-unit\/\"]}]},{\"@type\":\"ImageObject\",\"inLanguage\":\"pt-PT\",\"@id\":\"https:\/\/rollingringdrives.com\/product\/gantry-type-take-up-and-paying-off-stand-unit\/#primaryimage\",\"url\":\"https:\/\/rollingringdrives.com\/wp-content\/uploads\/2024\/01\/3.jpg\",\"contentUrl\":\"https:\/\/rollingringdrives.com\/wp-content\/uploads\/2024\/01\/3.jpg\",\"width\":600,\"height\":600},{\"@type\":\"BreadcrumbList\",\"@id\":\"https:\/\/rollingringdrives.com\/product\/gantry-type-take-up-and-paying-off-stand-unit\/#breadcrumb\",\"itemListElement\":[{\"@type\":\"ListItem\",\"position\":1,\"name\":\"Home\",\"item\":\"https:\/\/rollingringdrives.com\/\"},{\"@type\":\"ListItem\",\"position\":2,\"name\":\"Machines\",\"item\":\"https:\/\/rollingringdrives.com\/machines\/\"},{\"@type\":\"ListItem\",\"position\":3,\"name\":\"Gantry Type Take-up and Paying Off Stand Unit\"}]},{\"@type\":\"WebSite\",\"@id\":\"https:\/\/rollingringdrives.com\/#website\",\"url\":\"https:\/\/rollingringdrives.com\/\",\"name\":\"QiPang\",\"description\":\"QiPang Blog\",\"publisher\":{\"@id\":\"https:\/\/rollingringdrives.com\/#organization\"},\"potentialAction\":[{\"@type\":\"SearchAction\",\"target\":{\"@type\":\"EntryPoint\",\"urlTemplate\":\"https:\/\/rollingringdrives.com\/?s={search_term_string}\"},\"query-input\":{\"@type\":\"PropertyValueSpecification\",\"valueRequired\":true,\"valueName\":\"search_term_string\"}}],\"inLanguage\":\"pt-PT\"},{\"@type\":\"Organization\",\"@id\":\"https:\/\/rollingringdrives.com\/#organization\",\"name\":\"QiPang\",\"url\":\"https:\/\/rollingringdrives.com\/\",\"logo\":{\"@type\":\"ImageObject\",\"inLanguage\":\"pt-PT\",\"@id\":\"https:\/\/rollingringdrives.com\/#\/schema\/logo\/image\/\",\"url\":\"https:\/\/rollingringdrives.com\/wp-content\/uploads\/2023\/05\/cropped-\u672a\u547d\u540d\u7684\u8bbe\u8ba1.png\",\"contentUrl\":\"https:\/\/rollingringdrives.com\/wp-content\/uploads\/2023\/05\/cropped-\u672a\u547d\u540d\u7684\u8bbe\u8ba1.png\",\"width\":300,\"height\":191,\"caption\":\"QiPang\"},\"image\":{\"@id\":\"https:\/\/rollingringdrives.com\/#\/schema\/logo\/image\/\"}}]}<\/script>\n<!-- \/ Yoast SEO Premium plugin. -->","yoast_head_json":{"title":"Unidade de suporte e pagamento tipo p\u00f3rtico - QiPang","robots":{"index":"index","follow":"follow","max-snippet":"max-snippet:-1","max-image-preview":"max-image-preview:large","max-video-preview":"max-video-preview:-1"},"canonical":"https:\/\/rollingringdrives.com\/pt\/produtos\/unidade-de-suporte-tipo-portico-de-levantamento-e-pagamento\/","og_locale":"pt_PT","og_type":"article","og_title":"Gantry Type Take-up and Paying Off Stand Unit","og_description":"Feature   Heavy load  Ease of Installation.  Durability.  &nbsp;","og_url":"https:\/\/rollingringdrives.com\/pt\/produtos\/unidade-de-suporte-tipo-portico-de-levantamento-e-pagamento\/","og_site_name":"QiPang","article_modified_time":"2025-07-25T02:21:12+00:00","og_image":[{"width":600,"height":600,"url":"https:\/\/rollingringdrives.com\/wp-content\/uploads\/2024\/01\/3.jpg","type":"image\/jpeg"}],"twitter_card":"summary_large_image","twitter_misc":{"Est. reading time":"2 minutos"},"schema":{"@context":"https:\/\/schema.org","@graph":[{"@type":"WebPage","@id":"https:\/\/rollingringdrives.com\/product\/gantry-type-take-up-and-paying-off-stand-unit\/","url":"https:\/\/rollingringdrives.com\/product\/gantry-type-take-up-and-paying-off-stand-unit\/","name":"Unidade de suporte e pagamento tipo p\u00f3rtico - QiPang","isPartOf":{"@id":"https:\/\/rollingringdrives.com\/#website"},"primaryImageOfPage":{"@id":"https:\/\/rollingringdrives.com\/product\/gantry-type-take-up-and-paying-off-stand-unit\/#primaryimage"},"image":{"@id":"https:\/\/rollingringdrives.com\/product\/gantry-type-take-up-and-paying-off-stand-unit\/#primaryimage"},"thumbnailUrl":"https:\/\/rollingringdrives.com\/wp-content\/uploads\/2024\/01\/3.jpg","datePublished":"2024-01-11T02:24:36+00:00","dateModified":"2025-07-25T02:21:12+00:00","breadcrumb":{"@id":"https:\/\/rollingringdrives.com\/product\/gantry-type-take-up-and-paying-off-stand-unit\/#breadcrumb"},"inLanguage":"pt-PT","potentialAction":[{"@type":"ReadAction","target":["https:\/\/rollingringdrives.com\/product\/gantry-type-take-up-and-paying-off-stand-unit\/"]}]},{"@type":"ImageObject","inLanguage":"pt-PT","@id":"https:\/\/rollingringdrives.com\/product\/gantry-type-take-up-and-paying-off-stand-unit\/#primaryimage","url":"https:\/\/rollingringdrives.com\/wp-content\/uploads\/2024\/01\/3.jpg","contentUrl":"https:\/\/rollingringdrives.com\/wp-content\/uploads\/2024\/01\/3.jpg","width":600,"height":600},{"@type":"BreadcrumbList","@id":"https:\/\/rollingringdrives.com\/product\/gantry-type-take-up-and-paying-off-stand-unit\/#breadcrumb","itemListElement":[{"@type":"ListItem","position":1,"name":"Home","item":"https:\/\/rollingringdrives.com\/"},{"@type":"ListItem","position":2,"name":"Machines","item":"https:\/\/rollingringdrives.com\/machines\/"},{"@type":"ListItem","position":3,"name":"Gantry Type Take-up and Paying Off Stand Unit"}]},{"@type":"WebSite","@id":"https:\/\/rollingringdrives.com\/#website","url":"https:\/\/rollingringdrives.com\/","name":"QiPangName","description":"Blog QiPang","publisher":{"@id":"https:\/\/rollingringdrives.com\/#organization"},"potentialAction":[{"@type":"SearchAction","target":{"@type":"EntryPoint","urlTemplate":"https:\/\/rollingringdrives.com\/?s={search_term_string}"},"query-input":{"@type":"PropertyValueSpecification","valueRequired":true,"valueName":"search_term_string"}}],"inLanguage":"pt-PT"},{"@type":"Organization","@id":"https:\/\/rollingringdrives.com\/#organization","name":"QiPangName","url":"https:\/\/rollingringdrives.com\/","logo":{"@type":"ImageObject","inLanguage":"pt-PT","@id":"https:\/\/rollingringdrives.com\/#\/schema\/logo\/image\/","url":"https:\/\/rollingringdrives.com\/wp-content\/uploads\/2023\/05\/cropped-\u672a\u547d\u540d\u7684\u8bbe\u8ba1.png","contentUrl":"https:\/\/rollingringdrives.com\/wp-content\/uploads\/2023\/05\/cropped-\u672a\u547d\u540d\u7684\u8bbe\u8ba1.png","width":300,"height":191,"caption":"QiPang"},"image":{"@id":"https:\/\/rollingringdrives.com\/#\/schema\/logo\/image\/"}}]}},"_links":{"self":[{"href":"https:\/\/rollingringdrives.com\/pt\/wp-json\/wp\/v2\/product\/30976","targetHints":{"allow":["GET"]}}],"collection":[{"href":"https:\/\/rollingringdrives.com\/pt\/wp-json\/wp\/v2\/product"}],"about":[{"href":"https:\/\/rollingringdrives.com\/pt\/wp-json\/wp\/v2\/types\/product"}],"version-history":[{"count":0,"href":"https:\/\/rollingringdrives.com\/pt\/wp-json\/wp\/v2\/product\/30976\/revisions"}],"wp:featuredmedia":[{"embeddable":true,"href":"https:\/\/rollingringdrives.com\/pt\/wp-json\/wp\/v2\/media\/31876"}],"wp:attachment":[{"href":"https:\/\/rollingringdrives.com\/pt\/wp-json\/wp\/v2\/media?parent=30976"}],"wp:term":[{"taxonomy":"product_brand","embeddable":true,"href":"https:\/\/rollingringdrives.com\/pt\/wp-json\/wp\/v2\/product_brand?post=30976"},{"taxonomy":"product_cat","embeddable":true,"href":"https:\/\/rollingringdrives.com\/pt\/wp-json\/wp\/v2\/product_cat?post=30976"},{"taxonomy":"product_tag","embeddable":true,"href":"https:\/\/rollingringdrives.com\/pt\/wp-json\/wp\/v2\/product_tag?post=30976"}],"curies":[{"name":"wp","href":"https:\/\/api.w.org\/{rel}","templated":true}]}}