{"id":30978,"date":"2024-01-11T01:45:40","date_gmt":"2024-01-11T01:45:40","guid":{"rendered":"https:\/\/rollingringdrives.com\/?post_type=product&#038;p=30978"},"modified":"2024-01-16T03:27:43","modified_gmt":"2024-01-16T03:27:43","slug":"optical-axis-quick-lock","status":"publish","type":"product","link":"https:\/\/rollingringdrives.com\/pt\/produtos\/bloqueio-rapido-do-eixo-optico\/","title":{"rendered":"Bloqueio r\u00e1pido do eixo \u00f3ptico"},"content":{"rendered":"<p class=\"xsj_paragraph xsj_paragraph_level_0\" data-source-line=\"93\" data-source-line-display=\"true\">Cabe\u00e7a de bloqueio r\u00e1pido Quando o objeto \u00e9 travado axialmente, a extremidade interna da luva c\u00f4nica do dispositivo \u00e9 colocada no eixo e a jaqueta \u00e9 empurrada diretamente para dentro para fazer todo o dispositivo se mover ao longo do eixo at\u00e9 que o objeto seja comprimido. Durante todo o processo de movimenta\u00e7\u00e3o, puxar o revestimento na dire\u00e7\u00e3o do poste em sentido inverso n\u00e3o pode fazer com que o dispositivo se mova em sentido inverso.<\/p>\n<div class=\"xiaoshujiang_element xsj_anchor\"><a class=\"blank_anchor_name\" name=\"easy20lock20features_6\"><\/a><a id=\"easy20lock20features_6\" class=\"blank_anchor_id\"><\/a><a class=\"blank_anchor_name\" name=\"easy-lock-features\"><\/a><a id=\"easy-lock-features\" class=\"blank_anchor_id\"><\/a><\/div>\n<h3 id=\"easy20lock20features_6\" class=\"xsj_heading_hash xsj_heading xsj_heading_h3\" data-source-line=\"95\" data-source-line-display=\"true\"><span class=\"xsj_heading_content\">Recursos de bloqueio r\u00e1pido do eixo \u00f3ptico (bloqueio f\u00e1cil)<\/span><\/h3>\n<p class=\"xsj_paragraph xsj_paragraph_level_0\" data-source-line=\"97\" data-source-line-display=\"true\">Bloqueio f\u00e1cil \u2013 seguro, r\u00e1pido, confi\u00e1vel, r\u00e1pido<br \/>\ntempos de troca mais curtos poss\u00edveis<br \/>\ntamb\u00e9m adequado para aplica\u00e7\u00f5es est\u00e1ticas<br \/>\nA constru\u00e7\u00e3o modular garante uma adapta\u00e7\u00e3o simples \u00e0 tarefa em m\u00e3os<br \/>\nnenhuma ferramenta necess\u00e1ria<br \/>\nopera\u00e7\u00e3o com uma m\u00e3o<br \/>\nAltas for\u00e7as de aperto em um eixo liso<br \/>\ntamb\u00e9m ideal para uso com eixos acionados<br \/>\nTransmiss\u00e3o simples dos momentos de frenagem ao rolo ou bobina: paradas de emerg\u00eancia seguras<br \/>\ndesign compacto e sim\u00e9trico<br \/>\nlivre de manuten\u00e7\u00e3o<br \/>\nresistente contra vibra\u00e7\u00e3o<\/p>\n<p data-source-line=\"97\" data-source-line-display=\"true\"><img fetchpriority=\"high\" decoding=\"async\" class=\"alignnone wp-image-28698 size-full\" src=\"https:\/\/rollingringdrives.com\/wp-content\/uploads\/2023\/07\/SS-12.jpg\" alt=\"SS-12\" width=\"400\" height=\"400\" srcset=\"https:\/\/rollingringdrives.com\/wp-content\/uploads\/2023\/07\/SS-12.jpg 400w, https:\/\/rollingringdrives.com\/wp-content\/uploads\/2023\/07\/SS-12-300x300.jpg 300w, https:\/\/rollingringdrives.com\/wp-content\/uploads\/2023\/07\/SS-12-150x150.jpg 150w, https:\/\/rollingringdrives.com\/wp-content\/uploads\/2023\/07\/SS-12-12x12.jpg 12w, https:\/\/rollingringdrives.com\/wp-content\/uploads\/2023\/07\/SS-12-100x100.jpg 100w\" sizes=\"(max-width: 400px) 100vw, 400px\" \/><img decoding=\"async\" class=\"alignnone wp-image-28699 size-full\" src=\"https:\/\/rollingringdrives.com\/wp-content\/uploads\/2023\/07\/SS-15.jpg\" alt=\"SS-15\" width=\"400\" height=\"400\" srcset=\"https:\/\/rollingringdrives.com\/wp-content\/uploads\/2023\/07\/SS-15.jpg 400w, https:\/\/rollingringdrives.com\/wp-content\/uploads\/2023\/07\/SS-15-300x300.jpg 300w, https:\/\/rollingringdrives.com\/wp-content\/uploads\/2023\/07\/SS-15-150x150.jpg 150w, https:\/\/rollingringdrives.com\/wp-content\/uploads\/2023\/07\/SS-15-12x12.jpg 12w, https:\/\/rollingringdrives.com\/wp-content\/uploads\/2023\/07\/SS-15-100x100.jpg 100w\" sizes=\"(max-width: 400px) 100vw, 400px\" \/><img decoding=\"async\" class=\"alignnone wp-image-28695 size-full\" src=\"https:\/\/rollingringdrives.com\/wp-content\/uploads\/2023\/07\/SL-20.jpg\" alt=\"SL-20\" width=\"400\" height=\"400\" srcset=\"https:\/\/rollingringdrives.com\/wp-content\/uploads\/2023\/07\/SL-20.jpg 400w, https:\/\/rollingringdrives.com\/wp-content\/uploads\/2023\/07\/SL-20-300x300.jpg 300w, https:\/\/rollingringdrives.com\/wp-content\/uploads\/2023\/07\/SL-20-150x150.jpg 150w, https:\/\/rollingringdrives.com\/wp-content\/uploads\/2023\/07\/SL-20-12x12.jpg 12w, https:\/\/rollingringdrives.com\/wp-content\/uploads\/2023\/07\/SL-20-100x100.jpg 100w\" sizes=\"(max-width: 400px) 100vw, 400px\" \/> <img loading=\"lazy\" decoding=\"async\" class=\"alignnone size-medium wp-image-28696\" src=\"https:\/\/rollingringdrives.com\/wp-content\/uploads\/2023\/07\/SL-25-300x300.jpg\" alt=\"SL-25\" width=\"300\" height=\"300\" srcset=\"https:\/\/rollingringdrives.com\/wp-content\/uploads\/2023\/07\/SL-25-300x300.jpg 300w, https:\/\/rollingringdrives.com\/wp-content\/uploads\/2023\/07\/SL-25-150x150.jpg 150w, https:\/\/rollingringdrives.com\/wp-content\/uploads\/2023\/07\/SL-25-12x12.jpg 12w, https:\/\/rollingringdrives.com\/wp-content\/uploads\/2023\/07\/SL-25-100x100.jpg 100w, https:\/\/rollingringdrives.com\/wp-content\/uploads\/2023\/07\/SL-25.jpg 400w\" sizes=\"(max-width: 300px) 100vw, 300px\" \/> <img loading=\"lazy\" decoding=\"async\" class=\"alignnone size-medium wp-image-28697\" src=\"https:\/\/rollingringdrives.com\/wp-content\/uploads\/2023\/07\/SL-30-300x300.jpg\" alt=\"SL-30\" width=\"300\" height=\"300\" srcset=\"https:\/\/rollingringdrives.com\/wp-content\/uploads\/2023\/07\/SL-30-300x300.jpg 300w, https:\/\/rollingringdrives.com\/wp-content\/uploads\/2023\/07\/SL-30-150x150.jpg 150w, https:\/\/rollingringdrives.com\/wp-content\/uploads\/2023\/07\/SL-30-12x12.jpg 12w, https:\/\/rollingringdrives.com\/wp-content\/uploads\/2023\/07\/SL-30-100x100.jpg 100w, https:\/\/rollingringdrives.com\/wp-content\/uploads\/2023\/07\/SL-30.jpg 400w\" sizes=\"(max-width: 300px) 100vw, 300px\" \/><\/p>\n<p data-source-line=\"97\" data-source-line-display=\"true\"><img loading=\"lazy\" decoding=\"async\" class=\"alignnone wp-image-28581 size-large\" src=\"https:\/\/rollingringdrives.com\/wp-content\/uploads\/2023\/07\/\u672a\u547d\u540d\u7684\u8bbe\u8ba1-19-1024x533.jpg\" alt=\"\" width=\"1024\" height=\"533\" srcset=\"https:\/\/rollingringdrives.com\/wp-content\/uploads\/2023\/07\/\u672a\u547d\u540d\u7684\u8bbe\u8ba1-19-1024x533.jpg 1024w, https:\/\/rollingringdrives.com\/wp-content\/uploads\/2023\/07\/\u672a\u547d\u540d\u7684\u8bbe\u8ba1-19-300x156.jpg 300w, https:\/\/rollingringdrives.com\/wp-content\/uploads\/2023\/07\/\u672a\u547d\u540d\u7684\u8bbe\u8ba1-19-768x400.jpg 768w, https:\/\/rollingringdrives.com\/wp-content\/uploads\/2023\/07\/\u672a\u547d\u540d\u7684\u8bbe\u8ba1-19-18x9.jpg 18w, https:\/\/rollingringdrives.com\/wp-content\/uploads\/2023\/07\/\u672a\u547d\u540d\u7684\u8bbe\u8ba1-19-600x312.jpg 600w, https:\/\/rollingringdrives.com\/wp-content\/uploads\/2023\/07\/\u672a\u547d\u540d\u7684\u8bbe\u8ba1-19.jpg 1345w\" sizes=\"(max-width: 1024px) 100vw, 1024px\" \/><\/p>","protected":false},"excerpt":{"rendered":"<p>Significado das letras do modelo de mercadoria:<br \/>\n1. F=r\u00e1pido\/R\u00e1pido<br \/>\n2. L=bloqueio<br \/>\n3. H=buraco<br \/>\n4. T=ponta<br \/>\n5. M = metal<br \/>\n6. S= com mola<br \/>\n7. B = rolamento de agulhas<br \/>\n8. R= Rotativo<br \/>\nPor exemplo FLB-20-SMT<br \/>\nA extremidade dianteira tem um di\u00e2metro de eixo de rolamento de agulha de 20,<br \/>\nA extremidade traseira \u00e9 um cone de ponta de metal com uma mola.<\/p>","protected":false},"featured_media":31106,"template":"","meta":{"site-sidebar-layout":"default","site-content-layout":"default","ast-global-header-display":"","ast-banner-title-visibility":"","ast-main-header-display":"","ast-hfb-above-header-display":"","ast-hfb-below-header-display":"","ast-hfb-mobile-header-display":"","site-post-title":"","ast-breadcrumbs-content":"","ast-featured-img":"","footer-sml-layout":"","theme-transparent-header-meta":"default","adv-header-id-meta":"","stick-header-meta":"","header-above-stick-meta":"","header-main-stick-meta":"","header-below-stick-meta":""},"product_brand":[],"product_cat":[79,93],"product_tag":[],"class_list":{"0":"post-30978","1":"product","2":"type-product","3":"status-publish","4":"has-post-thumbnail","6":"product_cat-easylock","7":"product_cat-sl-ss","8":"desktop-align-left","9":"tablet-align-left","10":"mobile-align-left","12":"first","13":"instock","14":"shipping-taxable","15":"product-type-simple"},"yoast_head":"<!-- This site is optimized with the Yoast SEO Premium plugin v20.12 (Yoast SEO v26.0) - https:\/\/yoast.com\/wordpress\/plugins\/seo\/ -->\n<title>Optical Axis Quick Lock - QiPang<\/title>\n<meta name=\"robots\" content=\"index, follow, max-snippet:-1, max-image-preview:large, max-video-preview:-1\" \/>\n<link rel=\"canonical\" href=\"https:\/\/rollingringdrives.com\/pt\/produtos\/bloqueio-rapido-do-eixo-optico\/\" \/>\n<meta property=\"og:locale\" content=\"pt_PT\" \/>\n<meta property=\"og:type\" content=\"article\" \/>\n<meta property=\"og:title\" content=\"Optical Axis Quick Lock\" \/>\n<meta property=\"og:description\" content=\"Meaning of commodity model letters: 1. F=fast\/Quick 2. L=lock 3. H=hole 4. T=tip 5. M= metal 6. S= with spring 7. B= needle roller bearing 8. R= Rotary For example FLB-20-SMT The front end has a needle-bearing shaft diameter of 20, The back end is a metal tip cone with a spring.\" \/>\n<meta property=\"og:url\" content=\"https:\/\/rollingringdrives.com\/pt\/produtos\/bloqueio-rapido-do-eixo-optico\/\" \/>\n<meta property=\"og:site_name\" content=\"QiPang\" \/>\n<meta property=\"article:modified_time\" content=\"2024-01-16T03:27:43+00:00\" \/>\n<meta property=\"og:image\" content=\"https:\/\/rollingringdrives.com\/wp-content\/uploads\/2024\/01\/GB_\u526f\u672c.png\" \/>\n\t<meta property=\"og:image:width\" content=\"600\" \/>\n\t<meta property=\"og:image:height\" content=\"600\" \/>\n\t<meta property=\"og:image:type\" content=\"image\/png\" \/>\n<meta name=\"twitter:card\" content=\"summary_large_image\" \/>\n<meta name=\"twitter:label1\" content=\"Est. reading time\" \/>\n\t<meta name=\"twitter:data1\" content=\"2 minutos\" \/>\n<script type=\"application\/ld+json\" class=\"yoast-schema-graph\">{\"@context\":\"https:\/\/schema.org\",\"@graph\":[{\"@type\":\"WebPage\",\"@id\":\"https:\/\/rollingringdrives.com\/product\/optical-axis-quick-lock\/\",\"url\":\"https:\/\/rollingringdrives.com\/product\/optical-axis-quick-lock\/\",\"name\":\"Optical Axis Quick Lock - QiPang\",\"isPartOf\":{\"@id\":\"https:\/\/rollingringdrives.com\/#website\"},\"primaryImageOfPage\":{\"@id\":\"https:\/\/rollingringdrives.com\/product\/optical-axis-quick-lock\/#primaryimage\"},\"image\":{\"@id\":\"https:\/\/rollingringdrives.com\/product\/optical-axis-quick-lock\/#primaryimage\"},\"thumbnailUrl\":\"https:\/\/rollingringdrives.com\/wp-content\/uploads\/2024\/01\/GB_\u526f\u672c.png\",\"datePublished\":\"2024-01-11T01:45:40+00:00\",\"dateModified\":\"2024-01-16T03:27:43+00:00\",\"breadcrumb\":{\"@id\":\"https:\/\/rollingringdrives.com\/product\/optical-axis-quick-lock\/#breadcrumb\"},\"inLanguage\":\"pt-PT\",\"potentialAction\":[{\"@type\":\"ReadAction\",\"target\":[\"https:\/\/rollingringdrives.com\/product\/optical-axis-quick-lock\/\"]}]},{\"@type\":\"ImageObject\",\"inLanguage\":\"pt-PT\",\"@id\":\"https:\/\/rollingringdrives.com\/product\/optical-axis-quick-lock\/#primaryimage\",\"url\":\"https:\/\/rollingringdrives.com\/wp-content\/uploads\/2024\/01\/GB_\u526f\u672c.png\",\"contentUrl\":\"https:\/\/rollingringdrives.com\/wp-content\/uploads\/2024\/01\/GB_\u526f\u672c.png\",\"width\":600,\"height\":600,\"caption\":\"Optical Axis Quick Lock\"},{\"@type\":\"BreadcrumbList\",\"@id\":\"https:\/\/rollingringdrives.com\/product\/optical-axis-quick-lock\/#breadcrumb\",\"itemListElement\":[{\"@type\":\"ListItem\",\"position\":1,\"name\":\"Home\",\"item\":\"https:\/\/rollingringdrives.com\/\"},{\"@type\":\"ListItem\",\"position\":2,\"name\":\"Machines\",\"item\":\"https:\/\/rollingringdrives.com\/machines\/\"},{\"@type\":\"ListItem\",\"position\":3,\"name\":\"Optical Axis Quick Lock\"}]},{\"@type\":\"WebSite\",\"@id\":\"https:\/\/rollingringdrives.com\/#website\",\"url\":\"https:\/\/rollingringdrives.com\/\",\"name\":\"QiPang\",\"description\":\"QiPang Blog\",\"publisher\":{\"@id\":\"https:\/\/rollingringdrives.com\/#organization\"},\"potentialAction\":[{\"@type\":\"SearchAction\",\"target\":{\"@type\":\"EntryPoint\",\"urlTemplate\":\"https:\/\/rollingringdrives.com\/?s={search_term_string}\"},\"query-input\":{\"@type\":\"PropertyValueSpecification\",\"valueRequired\":true,\"valueName\":\"search_term_string\"}}],\"inLanguage\":\"pt-PT\"},{\"@type\":\"Organization\",\"@id\":\"https:\/\/rollingringdrives.com\/#organization\",\"name\":\"QiPang\",\"url\":\"https:\/\/rollingringdrives.com\/\",\"logo\":{\"@type\":\"ImageObject\",\"inLanguage\":\"pt-PT\",\"@id\":\"https:\/\/rollingringdrives.com\/#\/schema\/logo\/image\/\",\"url\":\"https:\/\/rollingringdrives.com\/wp-content\/uploads\/2023\/05\/cropped-\u672a\u547d\u540d\u7684\u8bbe\u8ba1.png\",\"contentUrl\":\"https:\/\/rollingringdrives.com\/wp-content\/uploads\/2023\/05\/cropped-\u672a\u547d\u540d\u7684\u8bbe\u8ba1.png\",\"width\":300,\"height\":191,\"caption\":\"QiPang\"},\"image\":{\"@id\":\"https:\/\/rollingringdrives.com\/#\/schema\/logo\/image\/\"}}]}<\/script>\n<!-- \/ Yoast SEO Premium plugin. -->","yoast_head_json":{"title":"Bloqueio r\u00e1pido do eixo \u00f3ptico - QiPang","robots":{"index":"index","follow":"follow","max-snippet":"max-snippet:-1","max-image-preview":"max-image-preview:large","max-video-preview":"max-video-preview:-1"},"canonical":"https:\/\/rollingringdrives.com\/pt\/produtos\/bloqueio-rapido-do-eixo-optico\/","og_locale":"pt_PT","og_type":"article","og_title":"Optical Axis Quick Lock","og_description":"Meaning of commodity model letters: 1. F=fast\/Quick 2. L=lock 3. H=hole 4. T=tip 5. M= metal 6. S= with spring 7. B= needle roller bearing 8. R= Rotary For example FLB-20-SMT The front end has a needle-bearing shaft diameter of 20, The back end is a metal tip cone with a spring.","og_url":"https:\/\/rollingringdrives.com\/pt\/produtos\/bloqueio-rapido-do-eixo-optico\/","og_site_name":"QiPang","article_modified_time":"2024-01-16T03:27:43+00:00","og_image":[{"width":600,"height":600,"url":"https:\/\/rollingringdrives.com\/wp-content\/uploads\/2024\/01\/GB_\u526f\u672c.png","type":"image\/png"}],"twitter_card":"summary_large_image","twitter_misc":{"Est. reading time":"2 minutos"},"schema":{"@context":"https:\/\/schema.org","@graph":[{"@type":"WebPage","@id":"https:\/\/rollingringdrives.com\/product\/optical-axis-quick-lock\/","url":"https:\/\/rollingringdrives.com\/product\/optical-axis-quick-lock\/","name":"Bloqueio r\u00e1pido do eixo \u00f3ptico - QiPang","isPartOf":{"@id":"https:\/\/rollingringdrives.com\/#website"},"primaryImageOfPage":{"@id":"https:\/\/rollingringdrives.com\/product\/optical-axis-quick-lock\/#primaryimage"},"image":{"@id":"https:\/\/rollingringdrives.com\/product\/optical-axis-quick-lock\/#primaryimage"},"thumbnailUrl":"https:\/\/rollingringdrives.com\/wp-content\/uploads\/2024\/01\/GB_\u526f\u672c.png","datePublished":"2024-01-11T01:45:40+00:00","dateModified":"2024-01-16T03:27:43+00:00","breadcrumb":{"@id":"https:\/\/rollingringdrives.com\/product\/optical-axis-quick-lock\/#breadcrumb"},"inLanguage":"pt-PT","potentialAction":[{"@type":"ReadAction","target":["https:\/\/rollingringdrives.com\/product\/optical-axis-quick-lock\/"]}]},{"@type":"ImageObject","inLanguage":"pt-PT","@id":"https:\/\/rollingringdrives.com\/product\/optical-axis-quick-lock\/#primaryimage","url":"https:\/\/rollingringdrives.com\/wp-content\/uploads\/2024\/01\/GB_\u526f\u672c.png","contentUrl":"https:\/\/rollingringdrives.com\/wp-content\/uploads\/2024\/01\/GB_\u526f\u672c.png","width":600,"height":600,"caption":"Optical Axis Quick Lock"},{"@type":"BreadcrumbList","@id":"https:\/\/rollingringdrives.com\/product\/optical-axis-quick-lock\/#breadcrumb","itemListElement":[{"@type":"ListItem","position":1,"name":"Home","item":"https:\/\/rollingringdrives.com\/"},{"@type":"ListItem","position":2,"name":"Machines","item":"https:\/\/rollingringdrives.com\/machines\/"},{"@type":"ListItem","position":3,"name":"Optical Axis Quick Lock"}]},{"@type":"WebSite","@id":"https:\/\/rollingringdrives.com\/#website","url":"https:\/\/rollingringdrives.com\/","name":"QiPangName","description":"Blog QiPang","publisher":{"@id":"https:\/\/rollingringdrives.com\/#organization"},"potentialAction":[{"@type":"SearchAction","target":{"@type":"EntryPoint","urlTemplate":"https:\/\/rollingringdrives.com\/?s={search_term_string}"},"query-input":{"@type":"PropertyValueSpecification","valueRequired":true,"valueName":"search_term_string"}}],"inLanguage":"pt-PT"},{"@type":"Organization","@id":"https:\/\/rollingringdrives.com\/#organization","name":"QiPangName","url":"https:\/\/rollingringdrives.com\/","logo":{"@type":"ImageObject","inLanguage":"pt-PT","@id":"https:\/\/rollingringdrives.com\/#\/schema\/logo\/image\/","url":"https:\/\/rollingringdrives.com\/wp-content\/uploads\/2023\/05\/cropped-\u672a\u547d\u540d\u7684\u8bbe\u8ba1.png","contentUrl":"https:\/\/rollingringdrives.com\/wp-content\/uploads\/2023\/05\/cropped-\u672a\u547d\u540d\u7684\u8bbe\u8ba1.png","width":300,"height":191,"caption":"QiPang"},"image":{"@id":"https:\/\/rollingringdrives.com\/#\/schema\/logo\/image\/"}}]}},"_links":{"self":[{"href":"https:\/\/rollingringdrives.com\/pt\/wp-json\/wp\/v2\/product\/30978","targetHints":{"allow":["GET"]}}],"collection":[{"href":"https:\/\/rollingringdrives.com\/pt\/wp-json\/wp\/v2\/product"}],"about":[{"href":"https:\/\/rollingringdrives.com\/pt\/wp-json\/wp\/v2\/types\/product"}],"version-history":[{"count":0,"href":"https:\/\/rollingringdrives.com\/pt\/wp-json\/wp\/v2\/product\/30978\/revisions"}],"wp:featuredmedia":[{"embeddable":true,"href":"https:\/\/rollingringdrives.com\/pt\/wp-json\/wp\/v2\/media\/31106"}],"wp:attachment":[{"href":"https:\/\/rollingringdrives.com\/pt\/wp-json\/wp\/v2\/media?parent=30978"}],"wp:term":[{"taxonomy":"product_brand","embeddable":true,"href":"https:\/\/rollingringdrives.com\/pt\/wp-json\/wp\/v2\/product_brand?post=30978"},{"taxonomy":"product_cat","embeddable":true,"href":"https:\/\/rollingringdrives.com\/pt\/wp-json\/wp\/v2\/product_cat?post=30978"},{"taxonomy":"product_tag","embeddable":true,"href":"https:\/\/rollingringdrives.com\/pt\/wp-json\/wp\/v2\/product_tag?post=30978"}],"curies":[{"name":"wp","href":"https:\/\/api.w.org\/{rel}","templated":true}]}}