{"id":30983,"date":"2024-01-11T01:51:05","date_gmt":"2024-01-11T01:51:05","guid":{"rendered":"https:\/\/rollingringdrives.com\/?post_type=product&#038;p=30983"},"modified":"2025-07-07T08:19:06","modified_gmt":"2025-07-07T08:19:06","slug":"wire-unwinder-machine","status":"publish","type":"product","link":"https:\/\/rollingringdrives.com\/pt\/produtos\/maquina-desenroladora-de-fio\/","title":{"rendered":"M\u00e1quina desenroladora de fio"},"content":{"rendered":"<p class=\"xsj_paragraph xsj_paragraph_level_0\" data-source-line=\"0\" data-source-line-display=\"true\">O\u00a0<strong class=\"markdown_strong_asterisk\">M\u00e1quina desenroladora de 400 fios<\/strong> \u00e9 um carretel de pagamento robusto e vers\u00e1til que pode ser personalizado para atender \u00e0s suas necessidades espec\u00edficas. Este produto foi projetado para acomodar di\u00e2metros de fio que variam de fio met\u00e1lico de 0,1 a 5 mm a correia de 1 a 20 mm, tornando-o ideal para diversas aplica\u00e7\u00f5es. Tamb\u00e9m \u00e9 compat\u00edvel com v\u00e1rios tipos de fio tran\u00e7ado, incluindo BVR, esmaltado e fio de cobre nu. A m\u00e1quina desenroladora de 400 fios foi constru\u00edda pensando na durabilidade e estabilidade, apresentando quatro olhais de parafuso de fixa\u00e7\u00e3o que fornecem um n\u00edvel extra de suporte e confiabilidade.<\/p>\n<p data-source-line=\"0\" data-source-line-display=\"true\"><div id=\"footable_parent_26269\"\n         class=\"footable_parent ninja_table_wrapper loading_ninja_table wp_table_data_press_parent semantic_ui\">\n                <table data-ninja_table_instance=\"ninja_table_instance_0\" data-footable_id=\"26269\" data-filter-delay=\"1000\" aria-label=\"5\u65b0\u5efa XL2dSX \u5de5\u4f5c\u8868 (2).csv\"            id=\"footable_26269\"\n           data-unique_identifier=\"ninja_table_unique_id_663683155_26269\"\n           class=\"foo-table ninja_footable foo_table_26269 ninja_table_unique_id_663683155_26269 ui table  nt_type_legacy_table selectable striped vertical_centered  footable-paging-right ninja_table_search_disabled ninja_table_pro\">\n                <colgroup>\n                            <col class=\"ninja_column_0\">\n                            <col class=\"ninja_column_1\">\n                    <\/colgroup>\n        <thead>\n<tr class=\"footable-header\">\n                                        <th scope=\"col\"  class=\"ninja_column_0 ninja_clmn_nm_technicalparameter\">Par\u00e2metro t\u00e9cnico<\/th><th scope=\"col\"  class=\"ninja_column_1 ninja_clmn_nm_value\">Valor<\/th><\/tr>\n<\/thead>\n<tbody>\n\n        <tr data-row_id=\"298\" class=\"ninja_table_row_0 nt_row_id_298\">\n            <td>bobina de pagamento<\/td><td>200-400MM (personaliz\u00e1vel)<\/td>        <\/tr>\n            <tr data-row_id=\"299\" class=\"ninja_table_row_1 nt_row_id_299\">\n            <td>Faixa de di\u00e2metro do fio<\/td><td>0,1-5MM (fio de metal)<br>1-20MM (cinto)<\/td>        <\/tr>\n            <tr data-row_id=\"300\" class=\"ninja_table_row_2 nt_row_id_300\">\n            <td>Tipo de fio tran\u00e7ado<\/td><td>Fio BVR, fio esmaltado, fio de cobre nu<\/td>        <\/tr>\n            <tr data-row_id=\"301\" class=\"ninja_table_row_3 nt_row_id_301\">\n            <td>Estabilidade<\/td><td>Bom<\/td>        <\/tr>\n            <tr data-row_id=\"302\" class=\"ninja_table_row_4 nt_row_id_302\">\n            <td>Olhos de Parafuso de Fixa\u00e7\u00e3o<\/td><td>4<\/td>        <\/tr>\n    <\/tbody><!--ninja_tobody_rendering_done-->\n    <\/table>\n    \n    \n    \n<\/div>\n<\/p>\n<div class=\"xiaoshujiang_element xsj_anchor\"><a class=\"blank_anchor_name\" name=\"applications_1\"><\/a><a id=\"applications_1\" class=\"blank_anchor_id\"><\/a><a class=\"blank_anchor_name\" name=\"applications\"><\/a><a id=\"applications\" class=\"blank_anchor_id\"><\/a><\/div>\n<h2 id=\"applications_1\" class=\"xsj_heading_hash xsj_heading xsj_heading_h2\" data-source-line=\"2\" data-source-line-display=\"true\"><span class=\"xsj_heading_content\">Formul\u00e1rios:<\/span><\/h2>\n<p class=\"xsj_paragraph xsj_paragraph_level_0\" data-source-line=\"4\" data-source-line-display=\"true\">A M\u00e1quina Desbobinadora 400 Fios \u00e9 ideal para diversas ind\u00fastrias que necessitam de processos de produ\u00e7\u00e3o de fios e cabos. Algumas das aplica\u00e7\u00f5es incluem:<\/p>\n<ol class=\"markdown_ol\" data-source-line=\"6\">\n<li data-source-line=\"6\">Ind\u00fastria el\u00e9trica e eletr\u00f4nica<\/li>\n<li data-source-line=\"7\">ind\u00fastria de telecomunica\u00e7\u00f5es<\/li>\n<li data-source-line=\"8\">Ind\u00fastria automobil\u00edstica<\/li>\n<li data-source-line=\"9\">Ind\u00fastria aeron\u00e1utica e aeroespacial<\/li>\n<li data-source-line=\"10\">Ind\u00fastria de constru\u00e7\u00e3o<\/li>\n<\/ol>\n<div class=\"xiaoshujiang_element xsj_anchor\"><a class=\"blank_anchor_name\" name=\"faqs_2\"><\/a><a id=\"faqs_2\" class=\"blank_anchor_id\"><\/a><a class=\"blank_anchor_name\" name=\"faqs\"><\/a><a id=\"faqs\" class=\"blank_anchor_id\"><\/a><\/div>\n<h2 id=\"faqs_2\" class=\"xsj_heading_hash xsj_heading xsj_heading_h2\" data-source-line=\"12\" data-source-line-display=\"true\"><span class=\"xsj_heading_content\">Perguntas frequentes sobre m\u00e1quinas desenroladoras de fio:<\/span><\/h2>\n<p class=\"xsj_paragraph xsj_paragraph_level_0\" data-source-line=\"14\" data-source-line-display=\"true\"><strong class=\"markdown_strong_asterisk\">1. Qual \u00e9 a capacidade m\u00e1xima de peso da M\u00e1quina Desbobinadora de 400 Fios?<\/strong><br \/>\nResposta: A capacidade m\u00e1xima de peso para esta bobina de desbobinamento \u00e9 de 400MM.<\/p>\n<p class=\"xsj_paragraph xsj_paragraph_level_0\" data-source-line=\"17\" data-source-line-display=\"true\"><strong class=\"markdown_strong_asterisk\">2. A m\u00e1quina desenroladora de fio 400 pode ser personalizada para atender \u00e0s minhas necessidades espec\u00edficas de di\u00e2metro de fio?<\/strong><br \/>\nResposta: Este produto pode ser personalizado para atender \u00e0s suas necessidades espec\u00edficas de di\u00e2metro de fio.<\/p>\n<p class=\"xsj_paragraph xsj_paragraph_level_0\" data-source-line=\"20\" data-source-line-display=\"true\"><strong class=\"markdown_strong_asterisk\">3. A m\u00e1quina desenroladora de 400 fios \u00e9 compat\u00edvel com todos os tipos de fios tran\u00e7ados?<\/strong><br \/>\nResposta: Este carretel de desbobinamento \u00e9 compat\u00edvel com v\u00e1rios tipos de fio tran\u00e7ado, incluindo fio BVR, fio esmaltado e fio de cobre nu.<\/p>\n<p class=\"xsj_paragraph xsj_paragraph_level_0\" data-source-line=\"23\" data-source-line-display=\"true\"><strong class=\"markdown_strong_asterisk\">4. A m\u00e1quina desenroladora de 400 fios possui recursos de suporte adicionais?<\/strong><br \/>\nResposta: Este produto possui quatro olhais de parafuso de fixa\u00e7\u00e3o que fornecem suporte e estabilidade extra.<\/p>\n<p class=\"xsj_paragraph xsj_paragraph_level_0\" data-source-line=\"26\" data-source-line-display=\"true\"><strong class=\"markdown_strong_asterisk\">5. Para quais ind\u00fastrias ou aplica\u00e7\u00f5es a m\u00e1quina desenroladora de 400 fios \u00e9 ideal?<\/strong><br \/>\nResposta: A m\u00e1quina desenroladora de 400 fios \u00e9 adequada para diversas aplica\u00e7\u00f5es industriais e dom\u00e9sticas, tornando-a uma escolha vers\u00e1til e confi\u00e1vel para necessidades de manuseio de fios.<\/p>","protected":false},"excerpt":{"rendered":"<h2 id=\"features_1\" class=\"xsj_heading_hash xsj_heading xsj_heading_h2\" data-source-line=\"2\" data-source-line-display=\"true\"><span class=\"xsj_heading_content\">Caracter\u00edsticas:<\/span><\/h2>\n<ol class=\"markdown_ol\" data-source-line=\"4\">\n<li data-source-line=\"4\">Carretel de desembolso vers\u00e1til personaliz\u00e1vel de acordo com suas necessidades espec\u00edficas.<\/li>\n<li data-source-line=\"5\">Pode acomodar di\u00e2metros de fio variando de fio de metal de 0,1 a 5 mm a correia de 1 a 20 mm.<\/li>\n<li data-source-line=\"6\">Compat\u00edvel com v\u00e1rios tipos de fio tran\u00e7ado, incluindo fio BVR, fio esmaltado e fio de cobre nu.<\/li>\n<li data-source-line=\"7\">Constru\u00e7\u00e3o robusta e dur\u00e1vel com quatro olhais de parafuso de fixa\u00e7\u00e3o para maior estabilidade.<\/li>\n<li data-source-line=\"8\">Ideal para uma ampla gama de aplica\u00e7\u00f5es, incluindo uso industrial e dom\u00e9stico.<\/li>\n<\/ol>","protected":false},"featured_media":31105,"template":"","meta":{"site-sidebar-layout":"default","site-content-layout":"default","ast-global-header-display":"","ast-banner-title-visibility":"","ast-main-header-display":"","ast-hfb-above-header-display":"","ast-hfb-below-header-display":"","ast-hfb-mobile-header-display":"","site-post-title":"","ast-breadcrumbs-content":"","ast-featured-img":"","footer-sml-layout":"","theme-transparent-header-meta":"default","adv-header-id-meta":"","stick-header-meta":"","header-above-stick-meta":"","header-main-stick-meta":"","header-below-stick-meta":""},"product_brand":[],"product_cat":[48,131],"product_tag":[],"class_list":{"0":"post-30983","1":"product","2":"type-product","3":"status-publish","4":"has-post-thumbnail","6":"product_cat-wire-payoff-machine","7":"product_cat-tension-pay-off-rack","8":"desktop-align-left","9":"tablet-align-left","10":"mobile-align-left","12":"first","13":"instock","14":"shipping-taxable","15":"product-type-simple"},"yoast_head":"<!-- This site is optimized with the Yoast SEO Premium plugin v20.12 (Yoast SEO v26.0) - https:\/\/yoast.com\/wordpress\/plugins\/seo\/ -->\n<title>Wire Unwinder Machine - QiPang<\/title>\n<meta name=\"robots\" content=\"index, follow, max-snippet:-1, max-image-preview:large, max-video-preview:-1\" \/>\n<link rel=\"canonical\" href=\"https:\/\/rollingringdrives.com\/pt\/produtos\/maquina-desenroladora-de-fio\/\" \/>\n<meta property=\"og:locale\" content=\"pt_PT\" \/>\n<meta property=\"og:type\" content=\"article\" \/>\n<meta property=\"og:title\" content=\"Wire Unwinder Machine\" \/>\n<meta property=\"og:description\" content=\"Features:   Versatile pay-off reel customizable to your specific requirements.  Can accommodate wire diameters ranging from 0.1-5mm metal wire to 1-20mm belt.  Compatible with various stranded wire types, including BVR wire, enameled wire, and bare copper wire.  Sturdy, durable construction with four fixing screw eyes for added stability.  Ideal for a wide range of applications, including industrial and household use.\" \/>\n<meta property=\"og:url\" content=\"https:\/\/rollingringdrives.com\/pt\/produtos\/maquina-desenroladora-de-fio\/\" \/>\n<meta property=\"og:site_name\" content=\"QiPang\" \/>\n<meta property=\"article:modified_time\" content=\"2025-07-07T08:19:06+00:00\" \/>\n<meta property=\"og:image\" content=\"https:\/\/rollingringdrives.com\/wp-content\/uploads\/2024\/01\/\u653e\u7ebf\u67b6-5_\u526f\u672c.png\" \/>\n\t<meta property=\"og:image:width\" content=\"600\" \/>\n\t<meta property=\"og:image:height\" content=\"600\" \/>\n\t<meta property=\"og:image:type\" content=\"image\/png\" \/>\n<meta name=\"twitter:card\" content=\"summary_large_image\" \/>\n<meta name=\"twitter:label1\" content=\"Est. reading time\" \/>\n\t<meta name=\"twitter:data1\" content=\"2 minutos\" \/>\n<script type=\"application\/ld+json\" class=\"yoast-schema-graph\">{\"@context\":\"https:\/\/schema.org\",\"@graph\":[{\"@type\":\"WebPage\",\"@id\":\"https:\/\/rollingringdrives.com\/product\/wire-unwinder-machine\/\",\"url\":\"https:\/\/rollingringdrives.com\/product\/wire-unwinder-machine\/\",\"name\":\"Wire Unwinder Machine - QiPang\",\"isPartOf\":{\"@id\":\"https:\/\/rollingringdrives.com\/#website\"},\"primaryImageOfPage\":{\"@id\":\"https:\/\/rollingringdrives.com\/product\/wire-unwinder-machine\/#primaryimage\"},\"image\":{\"@id\":\"https:\/\/rollingringdrives.com\/product\/wire-unwinder-machine\/#primaryimage\"},\"thumbnailUrl\":\"https:\/\/rollingringdrives.com\/wp-content\/uploads\/2024\/01\/\u653e\u7ebf\u67b6-5_\u526f\u672c.png\",\"datePublished\":\"2024-01-11T01:51:05+00:00\",\"dateModified\":\"2025-07-07T08:19:06+00:00\",\"breadcrumb\":{\"@id\":\"https:\/\/rollingringdrives.com\/product\/wire-unwinder-machine\/#breadcrumb\"},\"inLanguage\":\"pt-PT\",\"potentialAction\":[{\"@type\":\"ReadAction\",\"target\":[\"https:\/\/rollingringdrives.com\/product\/wire-unwinder-machine\/\"]}]},{\"@type\":\"ImageObject\",\"inLanguage\":\"pt-PT\",\"@id\":\"https:\/\/rollingringdrives.com\/product\/wire-unwinder-machine\/#primaryimage\",\"url\":\"https:\/\/rollingringdrives.com\/wp-content\/uploads\/2024\/01\/\u653e\u7ebf\u67b6-5_\u526f\u672c.png\",\"contentUrl\":\"https:\/\/rollingringdrives.com\/wp-content\/uploads\/2024\/01\/\u653e\u7ebf\u67b6-5_\u526f\u672c.png\",\"width\":600,\"height\":600,\"caption\":\"Wire Unwinder MachineWire Unwinder Machine\"},{\"@type\":\"BreadcrumbList\",\"@id\":\"https:\/\/rollingringdrives.com\/product\/wire-unwinder-machine\/#breadcrumb\",\"itemListElement\":[{\"@type\":\"ListItem\",\"position\":1,\"name\":\"Home\",\"item\":\"https:\/\/rollingringdrives.com\/\"},{\"@type\":\"ListItem\",\"position\":2,\"name\":\"Machines\",\"item\":\"https:\/\/rollingringdrives.com\/machines\/\"},{\"@type\":\"ListItem\",\"position\":3,\"name\":\"Wire Unwinder Machine\"}]},{\"@type\":\"WebSite\",\"@id\":\"https:\/\/rollingringdrives.com\/#website\",\"url\":\"https:\/\/rollingringdrives.com\/\",\"name\":\"QiPang\",\"description\":\"QiPang Blog\",\"publisher\":{\"@id\":\"https:\/\/rollingringdrives.com\/#organization\"},\"potentialAction\":[{\"@type\":\"SearchAction\",\"target\":{\"@type\":\"EntryPoint\",\"urlTemplate\":\"https:\/\/rollingringdrives.com\/?s={search_term_string}\"},\"query-input\":{\"@type\":\"PropertyValueSpecification\",\"valueRequired\":true,\"valueName\":\"search_term_string\"}}],\"inLanguage\":\"pt-PT\"},{\"@type\":\"Organization\",\"@id\":\"https:\/\/rollingringdrives.com\/#organization\",\"name\":\"QiPang\",\"url\":\"https:\/\/rollingringdrives.com\/\",\"logo\":{\"@type\":\"ImageObject\",\"inLanguage\":\"pt-PT\",\"@id\":\"https:\/\/rollingringdrives.com\/#\/schema\/logo\/image\/\",\"url\":\"https:\/\/rollingringdrives.com\/wp-content\/uploads\/2023\/05\/cropped-\u672a\u547d\u540d\u7684\u8bbe\u8ba1.png\",\"contentUrl\":\"https:\/\/rollingringdrives.com\/wp-content\/uploads\/2023\/05\/cropped-\u672a\u547d\u540d\u7684\u8bbe\u8ba1.png\",\"width\":300,\"height\":191,\"caption\":\"QiPang\"},\"image\":{\"@id\":\"https:\/\/rollingringdrives.com\/#\/schema\/logo\/image\/\"}}]}<\/script>\n<!-- \/ Yoast SEO Premium plugin. -->","yoast_head_json":{"title":"M\u00e1quina desenroladora de fio - QiPang","robots":{"index":"index","follow":"follow","max-snippet":"max-snippet:-1","max-image-preview":"max-image-preview:large","max-video-preview":"max-video-preview:-1"},"canonical":"https:\/\/rollingringdrives.com\/pt\/produtos\/maquina-desenroladora-de-fio\/","og_locale":"pt_PT","og_type":"article","og_title":"Wire Unwinder Machine","og_description":"Features:   Versatile pay-off reel customizable to your specific requirements.  Can accommodate wire diameters ranging from 0.1-5mm metal wire to 1-20mm belt.  Compatible with various stranded wire types, including BVR wire, enameled wire, and bare copper wire.  Sturdy, durable construction with four fixing screw eyes for added stability.  Ideal for a wide range of applications, including industrial and household use.","og_url":"https:\/\/rollingringdrives.com\/pt\/produtos\/maquina-desenroladora-de-fio\/","og_site_name":"QiPang","article_modified_time":"2025-07-07T08:19:06+00:00","og_image":[{"width":600,"height":600,"url":"https:\/\/rollingringdrives.com\/wp-content\/uploads\/2024\/01\/\u653e\u7ebf\u67b6-5_\u526f\u672c.png","type":"image\/png"}],"twitter_card":"summary_large_image","twitter_misc":{"Est. reading time":"2 minutos"},"schema":{"@context":"https:\/\/schema.org","@graph":[{"@type":"WebPage","@id":"https:\/\/rollingringdrives.com\/product\/wire-unwinder-machine\/","url":"https:\/\/rollingringdrives.com\/product\/wire-unwinder-machine\/","name":"M\u00e1quina desenroladora de fio - QiPang","isPartOf":{"@id":"https:\/\/rollingringdrives.com\/#website"},"primaryImageOfPage":{"@id":"https:\/\/rollingringdrives.com\/product\/wire-unwinder-machine\/#primaryimage"},"image":{"@id":"https:\/\/rollingringdrives.com\/product\/wire-unwinder-machine\/#primaryimage"},"thumbnailUrl":"https:\/\/rollingringdrives.com\/wp-content\/uploads\/2024\/01\/\u653e\u7ebf\u67b6-5_\u526f\u672c.png","datePublished":"2024-01-11T01:51:05+00:00","dateModified":"2025-07-07T08:19:06+00:00","breadcrumb":{"@id":"https:\/\/rollingringdrives.com\/product\/wire-unwinder-machine\/#breadcrumb"},"inLanguage":"pt-PT","potentialAction":[{"@type":"ReadAction","target":["https:\/\/rollingringdrives.com\/product\/wire-unwinder-machine\/"]}]},{"@type":"ImageObject","inLanguage":"pt-PT","@id":"https:\/\/rollingringdrives.com\/product\/wire-unwinder-machine\/#primaryimage","url":"https:\/\/rollingringdrives.com\/wp-content\/uploads\/2024\/01\/\u653e\u7ebf\u67b6-5_\u526f\u672c.png","contentUrl":"https:\/\/rollingringdrives.com\/wp-content\/uploads\/2024\/01\/\u653e\u7ebf\u67b6-5_\u526f\u672c.png","width":600,"height":600,"caption":"Wire Unwinder MachineWire Unwinder Machine"},{"@type":"BreadcrumbList","@id":"https:\/\/rollingringdrives.com\/product\/wire-unwinder-machine\/#breadcrumb","itemListElement":[{"@type":"ListItem","position":1,"name":"Home","item":"https:\/\/rollingringdrives.com\/"},{"@type":"ListItem","position":2,"name":"Machines","item":"https:\/\/rollingringdrives.com\/machines\/"},{"@type":"ListItem","position":3,"name":"Wire Unwinder Machine"}]},{"@type":"WebSite","@id":"https:\/\/rollingringdrives.com\/#website","url":"https:\/\/rollingringdrives.com\/","name":"QiPangName","description":"Blog QiPang","publisher":{"@id":"https:\/\/rollingringdrives.com\/#organization"},"potentialAction":[{"@type":"SearchAction","target":{"@type":"EntryPoint","urlTemplate":"https:\/\/rollingringdrives.com\/?s={search_term_string}"},"query-input":{"@type":"PropertyValueSpecification","valueRequired":true,"valueName":"search_term_string"}}],"inLanguage":"pt-PT"},{"@type":"Organization","@id":"https:\/\/rollingringdrives.com\/#organization","name":"QiPangName","url":"https:\/\/rollingringdrives.com\/","logo":{"@type":"ImageObject","inLanguage":"pt-PT","@id":"https:\/\/rollingringdrives.com\/#\/schema\/logo\/image\/","url":"https:\/\/rollingringdrives.com\/wp-content\/uploads\/2023\/05\/cropped-\u672a\u547d\u540d\u7684\u8bbe\u8ba1.png","contentUrl":"https:\/\/rollingringdrives.com\/wp-content\/uploads\/2023\/05\/cropped-\u672a\u547d\u540d\u7684\u8bbe\u8ba1.png","width":300,"height":191,"caption":"QiPang"},"image":{"@id":"https:\/\/rollingringdrives.com\/#\/schema\/logo\/image\/"}}]}},"_links":{"self":[{"href":"https:\/\/rollingringdrives.com\/pt\/wp-json\/wp\/v2\/product\/30983","targetHints":{"allow":["GET"]}}],"collection":[{"href":"https:\/\/rollingringdrives.com\/pt\/wp-json\/wp\/v2\/product"}],"about":[{"href":"https:\/\/rollingringdrives.com\/pt\/wp-json\/wp\/v2\/types\/product"}],"version-history":[{"count":0,"href":"https:\/\/rollingringdrives.com\/pt\/wp-json\/wp\/v2\/product\/30983\/revisions"}],"wp:featuredmedia":[{"embeddable":true,"href":"https:\/\/rollingringdrives.com\/pt\/wp-json\/wp\/v2\/media\/31105"}],"wp:attachment":[{"href":"https:\/\/rollingringdrives.com\/pt\/wp-json\/wp\/v2\/media?parent=30983"}],"wp:term":[{"taxonomy":"product_brand","embeddable":true,"href":"https:\/\/rollingringdrives.com\/pt\/wp-json\/wp\/v2\/product_brand?post=30983"},{"taxonomy":"product_cat","embeddable":true,"href":"https:\/\/rollingringdrives.com\/pt\/wp-json\/wp\/v2\/product_cat?post=30983"},{"taxonomy":"product_tag","embeddable":true,"href":"https:\/\/rollingringdrives.com\/pt\/wp-json\/wp\/v2\/product_tag?post=30983"}],"curies":[{"name":"wp","href":"https:\/\/api.w.org\/{rel}","templated":true}]}}