{"id":31216,"date":"2024-04-29T02:24:31","date_gmt":"2024-04-29T02:24:31","guid":{"rendered":"https:\/\/rollingringdrives.com\/?post_type=product&#038;p=31216"},"modified":"2026-01-12T06:24:52","modified_gmt":"2026-01-12T06:24:52","slug":"pvc-pe-xlpe-cable-making-line-insulation6kv-10kv-copper-wire-pre-heater-machine","status":"publish","type":"product","link":"https:\/\/rollingringdrives.com\/pt\/produtos\/cabo-de-pvc-pe-xlpe-que-faz-a-linha-de-isolamento6kv-10kv-maquina-de-pre-aquecedor-de-fio-de-cobre\/","title":{"rendered":"Pr\u00e9-aquecedor de cobre 6kv\/10kv Pr\u00e9-aquecedor de fio de cobre de alta frequ\u00eancia"},"content":{"rendered":"<p>Descri\u00e7\u00e3o<br \/>\nO pr\u00e9-aquecedor de fio de cobre de alta frequ\u00eancia adota o princ\u00edpio de aquecimento por indu\u00e7\u00e3o e \u00e9 adequado para recozimento e pr\u00e9-aquecimento online de v\u00e1rios condutores met\u00e1licos. Na linha de produ\u00e7\u00e3o de extrus\u00e3o, a ades\u00e3o entre a superf\u00edcie e o condutor pode ser significativamente melhorada. Durante o processo de pr\u00e9-aquecimento, uma temperatura superior a 100 \u00b0 C faz com que o vapor de \u00e1gua no condutor seque, ativando e suavizando a estrutura molecular do objeto e melhorando significativamente a qualidade da suavidade da superf\u00edcie externa, bolhas e estruturas de fixa\u00e7\u00e3o.<br \/>\n<div id=\"footable_parent_31219\"\n         class=\"footable_parent ninja_table_wrapper loading_ninja_table wp_table_data_press_parent semantic_ui\">\n                <table data-ninja_table_instance=\"ninja_table_instance_0\" data-footable_id=\"31219\" data-filter-delay=\"1000\" aria-label=\"\u9884\u70ed\u5668.csv\"            id=\"footable_31219\"\n           data-unique_identifier=\"ninja_table_unique_id_165014024_31219\"\n           class=\"foo-table ninja_footable foo_table_31219 ninja_table_unique_id_165014024_31219 ui table  nt_type_legacy_table selectable striped vertical_centered  footable-paging-right ninja_table_pro\">\n                <colgroup>\n                            <col class=\"ninja_column_0\">\n                            <col class=\"ninja_column_1\">\n                            <col class=\"ninja_column_2\">\n                            <col class=\"ninja_column_3\">\n                            <col class=\"ninja_column_4\">\n                            <col class=\"ninja_column_5\">\n                            <col class=\"ninja_column_6\">\n                            <col class=\"ninja_column_7\">\n                    <\/colgroup>\n        <thead>\n<tr class=\"footable-header\">\n                                                                                                                                        <th scope=\"col\"  class=\"ninja_column_0 ninja_clmn_nm_parameter\">Par\u00e2metro <\/th><th scope=\"col\"  class=\"ninja_column_1 ninja_clmn_nm_ninja_column_2\"><\/th><th scope=\"col\"  class=\"ninja_column_2 ninja_clmn_nm_ninja_column_3\"><\/th><th scope=\"col\"  class=\"ninja_column_3 ninja_clmn_nm_ninja_column_4\"><\/th><th scope=\"col\"  class=\"ninja_column_4 ninja_clmn_nm_ninja_column_5\"><\/th><th scope=\"col\"  class=\"ninja_column_5 ninja_clmn_nm_ninja_column_6\"><\/th><th scope=\"col\"  class=\"ninja_column_6 ninja_clmn_nm_ninja_column_7\"><\/th><th scope=\"col\"  class=\"ninja_column_7 ninja_clmn_nm_ninja_column_8\"><\/th><\/tr>\n<\/thead>\n<tbody>\n\n        <tr data-row_id=\"1698\" class=\"ninja_table_row_0 nt_row_id_1698\">\n            <td>Par\u00e2metros\/Modelo<\/td><td>QP20-1<\/td><td>QP20<\/td><td>QP21<\/td><td>QP22<\/td><td>QP23<\/td><td>QP25<\/td><td>QP26<\/td>        <\/tr>\n            <tr data-row_id=\"1699\" class=\"ninja_table_row_1 nt_row_id_1699\">\n            <td>Tipo<\/td><td>Padr\u00e3o<\/td><td>Padr\u00e3o<\/td><td>Novo tipo de seguran\u00e7a<\/td><td>M\u00e9dio ampliado<\/td><td>Padr\u00e3o ampliado<\/td><td>Gabinete ampliado<\/td><td>Fio de ferro dedicado<\/td>        <\/tr>\n            <tr data-row_id=\"1700\" class=\"ninja_table_row_2 nt_row_id_1700\">\n            <td>Pot\u00eancia do pr\u00e9-aquecedor<\/td><td>6KVA<\/td><td>10KVA<\/td><td>10KVA<\/td><td>12KVA<\/td><td>16KVA<\/td><td>16KVA<\/td><td>8KVA<\/td>        <\/tr>\n            <tr data-row_id=\"1701\" class=\"ninja_table_row_3 nt_row_id_1701\">\n            <td>Di\u00e2metro da roda de cobre<\/td><td>200mm<\/td><td>200mm<\/td><td>200mm<\/td><td>250 mm<\/td><td>310 mm<\/td><td>310 mm<\/td><td>160mm<\/td>        <\/tr>\n            <tr data-row_id=\"1702\" class=\"ninja_table_row_4 nt_row_id_1702\">\n            <td>Temperatura de pr\u00e9-aquecimento<\/td><td>din\u00e2mico 0-200\u2103<\/td><td>din\u00e2mico 0-200\u2103<\/td><td>din\u00e2mico 0-200\u2103<\/td><td>din\u00e2mico 0-200\u2103<\/td><td>din\u00e2mico 0-200\u2103<\/td><td>din\u00e2mico 0-200\u00a1\u00e6<\/td><td>din\u00e2mico 0-200\u00a1\u00e6<\/td>        <\/tr>\n            <tr data-row_id=\"1703\" class=\"ninja_table_row_5 nt_row_id_1703\">\n            <td>Temperatura de pr\u00e9-aquecimento<\/td><td>est\u00e1tico 0-400\u2103<\/td><td>est\u00e1tico 0-400\u2103<\/td><td>est\u00e1tico 0-400\u2103<\/td><td>est\u00e1tico 0-400\u2103<\/td><td>est\u00e1tico 0-400\u2103<\/td><td>est\u00e1tico 0-400\u2103<\/td><td>est\u00e1tico 0-400\u00a1\u00e6<\/td>        <\/tr>\n            <tr data-row_id=\"1704\" class=\"ninja_table_row_6 nt_row_id_1704\">\n            <td>di\u00e2metro do condutor<\/td><td>fio tran\u00e7ado 0,5-2,0<\/td><td>fio tran\u00e7ado 0,5-3,0<\/td><td>fio tran\u00e7ado 0,5-3,0<\/td><td>fio tran\u00e7ado 0,5-4,0<\/td><td>fio tran\u00e7ado 0,5-5,0<\/td><td>fio tran\u00e7ado 0,5-5,0<\/td><td>fio \u00fanico 0,3-1,0<\/td>        <\/tr>\n            <tr data-row_id=\"1705\" class=\"ninja_table_row_7 nt_row_id_1705\">\n            <td><\/td><td>fio \u00fanico 0,5-1,5<\/td><td>fio \u00fanico 0,5-1,7<\/td><td>fio \u00fanico 0,5-1,7<\/td><td>fio \u00fanico0,5-2,3<\/td><td>fio \u00fanico 0,5-3,0<\/td><td>fio \u00fanico0,5-3,0<\/td><td>fio duplo0,3-0,7<\/td>        <\/tr>\n            <tr data-row_id=\"1706\" class=\"ninja_table_row_8 nt_row_id_1706\">\n            <td>Fio aplic\u00e1vel<\/td><td>fio de cobre<\/td><td>fio de cobre<\/td><td>fio de cobre<\/td><td>fio de cobre<\/td><td>fio de cobre<\/td><td>fio de cobre<\/td><td>arame de ferro<\/td>        <\/tr>\n            <tr data-row_id=\"1707\" class=\"ninja_table_row_9 nt_row_id_1707\">\n            <td>Velocidade m\u00e1xima do fio<\/td><td>0-350m\/min<\/td><td>0-450m\/min<\/td><td>0-450m\/min<\/td><td>0-300m\/min<\/td><td>0-300m\/min<\/td><td>0-300m\/min<\/td><td>0-250m\/min<\/td>        <\/tr>\n            <tr data-row_id=\"1708\" class=\"ninja_table_row_10 nt_row_id_1708\">\n            <td>Fonte de alimenta\u00e7\u00e3o funcionando<\/td><td>AC220V<\/td><td>AC220V<\/td><td>AC220V<\/td><td>AC220V<\/td><td>CA220\/380V<\/td><td>CA220\/380V<\/td><td>AC220V<\/td>        <\/tr>\n            <tr data-row_id=\"1709\" class=\"ninja_table_row_11 nt_row_id_1709\">\n            <td>Frequ\u00eancia de trabalho<\/td><td>50Hz<\/td><td>50Hz<\/td><td>50Hz<\/td><td>50Hz<\/td><td>50Hz<\/td><td>50Hz<\/td><td>50Hz<\/td>        <\/tr>\n            <tr data-row_id=\"1710\" class=\"ninja_table_row_12 nt_row_id_1710\">\n            <td>Modo de trabalho<\/td><td> cont\u00ednuo<\/td><td> cont\u00ednuo<\/td><td> cont\u00ednuo<\/td><td> cont\u00ednuo<\/td><td> cont\u00ednuo<\/td><td> cont\u00ednuo<\/td><td> cont\u00ednuo<\/td>        <\/tr>\n            <tr data-row_id=\"1711\" class=\"ninja_table_row_13 nt_row_id_1711\">\n            <td>Ambiente aplic\u00e1vel<\/td><td>\u226445\u2103<\/td><td>\u226445\u2103<\/td><td>\u226445\u2103<\/td><td>\u226445\u2103<\/td><td>\u226445\u2103<\/td><td>\u00a1\u00dc45\u00a1\u00e6<\/td><td>\u00a1\u00dc45\u00a1\u00e6<\/td>        <\/tr>\n            <tr data-row_id=\"1712\" class=\"ninja_table_row_14 nt_row_id_1712\">\n            <td>Volume da m\u00e1quina<\/td><td>56*60*130cm<\/td><td>56*60*130cm<\/td><td>56*60*130cm<\/td><td>70*65*140cm<\/td><td>70*65*140cm<\/td><td>70*65*140cm<\/td><td>56*60*130cm<\/td>        <\/tr>\n            <tr data-row_id=\"1713\" class=\"ninja_table_row_15 nt_row_id_1713\">\n            <td>Peso da m\u00e1quina<\/td><td>145KG<\/td><td>173kg<\/td><td>180KG<\/td><td>195kg<\/td><td>215kg<\/td><td>235kg<\/td><td>135KG<\/td>        <\/tr>\n            <tr data-row_id=\"1714\" class=\"ninja_table_row_16 nt_row_id_1714\">\n            <td>Cores da m\u00e1quina<\/td><td>azul, verde branco<\/td><td>azul, verde branco<\/td><td>azul, verde branco<\/td><td>azul, verde branco<\/td><td>azul, verde branco<\/td><td>azul\u00a1\u00a2verde branco<\/td><td>azul\u00a1\u00a2verde branco<\/td>        <\/tr>\n    <\/tbody><!--ninja_tobody_rendering_done-->\n    <\/table>\n    \n    \n    \n<\/div>\n<br \/>\nVantagem<br \/>\nComparado com o equipamento de aquecimento de tubo de aquecimento de forno, ele economiza mais de 60% de eletricidade e adota o princ\u00edpio de aquecimento por indu\u00e7\u00e3o. Apresenta menos danos \u00e0 superf\u00edcie do fio devido a fa\u00edscas el\u00e9tricas, menor resist\u00eancia ao pr\u00e9-aquecimento dos condutores e n\u00e3o \u00e9 f\u00e1cil de esticar. O rastreamento autom\u00e1tico da velocidade do pr\u00e9-aquecimento de sa\u00edda garante consist\u00eancia de temperatura em diferentes velocidades do arame.<\/p>\n<p><img fetchpriority=\"high\" decoding=\"async\" class=\"alignnone size-full wp-image-31301\" src=\"https:\/\/rollingringdrives.com\/wp-content\/uploads\/2024\/05\/\u82f1-scaled.jpg\" alt=\"Diagrama de resumo do equipamento de teste\" width=\"2560\" height=\"1219\" srcset=\"https:\/\/rollingringdrives.com\/wp-content\/uploads\/2024\/05\/\u82f1-scaled.jpg 2560w, https:\/\/rollingringdrives.com\/wp-content\/uploads\/2024\/05\/\u82f1-300x143.jpg 300w, https:\/\/rollingringdrives.com\/wp-content\/uploads\/2024\/05\/\u82f1-1024x487.jpg 1024w, https:\/\/rollingringdrives.com\/wp-content\/uploads\/2024\/05\/\u82f1-768x366.jpg 768w, https:\/\/rollingringdrives.com\/wp-content\/uploads\/2024\/05\/\u82f1-1536x731.jpg 1536w, https:\/\/rollingringdrives.com\/wp-content\/uploads\/2024\/05\/\u82f1-2048x975.jpg 2048w, https:\/\/rollingringdrives.com\/wp-content\/uploads\/2024\/05\/\u82f1-18x9.jpg 18w, https:\/\/rollingringdrives.com\/wp-content\/uploads\/2024\/05\/\u82f1-600x286.jpg 600w\" sizes=\"(max-width: 2560px) 100vw, 2560px\" \/><\/p>","protected":false},"excerpt":{"rendered":"<p id=\"1-eael-table-of-content\" class=\"xsj_heading_hash xsj_heading xsj_heading_h2 eael-heading-content\" data-source-line=\"2\" data-source-line-display=\"true\"><span class=\"xsj_heading_content\">Caracter\u00edsticas:<br \/>\n<\/span>1. pr\u00e9-aquecimento do fio de cobre<\/p>\n<p class=\"xsj_heading_hash xsj_heading xsj_heading_h2 eael-heading-content\" data-source-line=\"2\" data-source-line-display=\"true\">2. aquecimento por indu\u00e7\u00e3o<br \/>\n3. A fa\u00edsca el\u00e9trica causa poucos danos \u00e0 superf\u00edcie do fio<br \/>\n4. A resist\u00eancia ao condutor de pr\u00e9-aquecimento \u00e9 pequena e n\u00e3o \u00e9 f\u00e1cil de esticar<br \/>\n5. Rastreamento autom\u00e1tico de velocidade de pr\u00e9-aquecimento de sa\u00edda para garantir consist\u00eancia de temperatura em diferentes velocidades de fio.<\/p>","protected":false},"featured_media":31220,"template":"","meta":{"site-sidebar-layout":"default","site-content-layout":"default","ast-global-header-display":"","ast-banner-title-visibility":"","ast-main-header-display":"","ast-hfb-above-header-display":"","ast-hfb-below-header-display":"","ast-hfb-mobile-header-display":"","site-post-title":"","ast-breadcrumbs-content":"","ast-featured-img":"","footer-sml-layout":"","theme-transparent-header-meta":"default","adv-header-id-meta":"","stick-header-meta":"","header-above-stick-meta":"","header-main-stick-meta":"","header-below-stick-meta":""},"product_brand":[],"product_cat":[65,145,126],"product_tag":[],"class_list":{"0":"post-31216","1":"product","2":"type-product","3":"status-publish","4":"has-post-thumbnail","6":"product_cat-wire-and-cable-testing-equipment","7":"product_cat-wire-preheating","8":"product_cat-wire-preheating-machine","9":"desktop-align-left","10":"tablet-align-left","11":"mobile-align-left","13":"first","14":"instock","15":"shipping-taxable","16":"product-type-simple"},"yoast_head":"<!-- This site is optimized with the Yoast SEO Premium plugin v20.12 (Yoast SEO v26.0) - https:\/\/yoast.com\/wordpress\/plugins\/seo\/ -->\n<title>6kv\/10kv Copper Preheater High Frequency Copper Wire Preheater - QiPang<\/title>\n<meta name=\"robots\" content=\"index, follow, max-snippet:-1, max-image-preview:large, max-video-preview:-1\" \/>\n<link rel=\"canonical\" href=\"https:\/\/rollingringdrives.com\/pt\/produtos\/cabo-de-pvc-pe-xlpe-que-faz-a-linha-de-isolamento6kv-10kv-maquina-de-pre-aquecedor-de-fio-de-cobre\/\" \/>\n<meta property=\"og:locale\" content=\"pt_PT\" \/>\n<meta property=\"og:type\" content=\"article\" \/>\n<meta property=\"og:title\" content=\"6kv\/10kv Copper Preheater High Frequency Copper Wire Preheater\" \/>\n<meta property=\"og:description\" content=\"Features: 1.copper wire preheating 2.induction heating 3.The electrical spark has little damage to the wire surface 4.The resistance to preheating conductor is small, and it is not easy to stretch 5.Output preheat automatic speed tracking to ensure temperature consistency at different wire speeds.\" \/>\n<meta property=\"og:url\" content=\"https:\/\/rollingringdrives.com\/pt\/produtos\/cabo-de-pvc-pe-xlpe-que-faz-a-linha-de-isolamento6kv-10kv-maquina-de-pre-aquecedor-de-fio-de-cobre\/\" \/>\n<meta property=\"og:site_name\" content=\"QiPang\" \/>\n<meta property=\"article:modified_time\" content=\"2026-01-12T06:24:52+00:00\" \/>\n<meta property=\"og:image\" content=\"https:\/\/rollingringdrives.com\/wp-content\/uploads\/2024\/04\/\u5b98\u7f512.jpg\" \/>\n\t<meta property=\"og:image:width\" content=\"600\" \/>\n\t<meta property=\"og:image:height\" content=\"600\" \/>\n\t<meta property=\"og:image:type\" content=\"image\/jpeg\" \/>\n<meta name=\"twitter:card\" content=\"summary_large_image\" \/>\n<meta name=\"twitter:label1\" content=\"Est. reading time\" \/>\n\t<meta name=\"twitter:data1\" content=\"2 minutos\" \/>\n<script type=\"application\/ld+json\" class=\"yoast-schema-graph\">{\"@context\":\"https:\/\/schema.org\",\"@graph\":[{\"@type\":\"WebPage\",\"@id\":\"https:\/\/rollingringdrives.com\/product\/pvc-pe-xlpe-cable-making-line-insulation6kv-10kv-copper-wire-pre-heater-machine\/\",\"url\":\"https:\/\/rollingringdrives.com\/product\/pvc-pe-xlpe-cable-making-line-insulation6kv-10kv-copper-wire-pre-heater-machine\/\",\"name\":\"6kv\/10kv Copper Preheater High Frequency Copper Wire Preheater - QiPang\",\"isPartOf\":{\"@id\":\"https:\/\/rollingringdrives.com\/#website\"},\"primaryImageOfPage\":{\"@id\":\"https:\/\/rollingringdrives.com\/product\/pvc-pe-xlpe-cable-making-line-insulation6kv-10kv-copper-wire-pre-heater-machine\/#primaryimage\"},\"image\":{\"@id\":\"https:\/\/rollingringdrives.com\/product\/pvc-pe-xlpe-cable-making-line-insulation6kv-10kv-copper-wire-pre-heater-machine\/#primaryimage\"},\"thumbnailUrl\":\"https:\/\/rollingringdrives.com\/wp-content\/uploads\/2024\/04\/\u5b98\u7f512.jpg\",\"datePublished\":\"2024-04-29T02:24:31+00:00\",\"dateModified\":\"2026-01-12T06:24:52+00:00\",\"breadcrumb\":{\"@id\":\"https:\/\/rollingringdrives.com\/product\/pvc-pe-xlpe-cable-making-line-insulation6kv-10kv-copper-wire-pre-heater-machine\/#breadcrumb\"},\"inLanguage\":\"pt-PT\",\"potentialAction\":[{\"@type\":\"ReadAction\",\"target\":[\"https:\/\/rollingringdrives.com\/product\/pvc-pe-xlpe-cable-making-line-insulation6kv-10kv-copper-wire-pre-heater-machine\/\"]}]},{\"@type\":\"ImageObject\",\"inLanguage\":\"pt-PT\",\"@id\":\"https:\/\/rollingringdrives.com\/product\/pvc-pe-xlpe-cable-making-line-insulation6kv-10kv-copper-wire-pre-heater-machine\/#primaryimage\",\"url\":\"https:\/\/rollingringdrives.com\/wp-content\/uploads\/2024\/04\/\u5b98\u7f512.jpg\",\"contentUrl\":\"https:\/\/rollingringdrives.com\/wp-content\/uploads\/2024\/04\/\u5b98\u7f512.jpg\",\"width\":600,\"height\":600,\"caption\":\"Copper Wire Pre-Heater Machine\"},{\"@type\":\"BreadcrumbList\",\"@id\":\"https:\/\/rollingringdrives.com\/product\/pvc-pe-xlpe-cable-making-line-insulation6kv-10kv-copper-wire-pre-heater-machine\/#breadcrumb\",\"itemListElement\":[{\"@type\":\"ListItem\",\"position\":1,\"name\":\"Home\",\"item\":\"https:\/\/rollingringdrives.com\/\"},{\"@type\":\"ListItem\",\"position\":2,\"name\":\"Machines\",\"item\":\"https:\/\/rollingringdrives.com\/machines\/\"},{\"@type\":\"ListItem\",\"position\":3,\"name\":\"6kv\/10kv Copper Preheater High Frequency Copper Wire Preheater\"}]},{\"@type\":\"WebSite\",\"@id\":\"https:\/\/rollingringdrives.com\/#website\",\"url\":\"https:\/\/rollingringdrives.com\/\",\"name\":\"QiPang\",\"description\":\"QiPang Blog\",\"publisher\":{\"@id\":\"https:\/\/rollingringdrives.com\/#organization\"},\"potentialAction\":[{\"@type\":\"SearchAction\",\"target\":{\"@type\":\"EntryPoint\",\"urlTemplate\":\"https:\/\/rollingringdrives.com\/?s={search_term_string}\"},\"query-input\":{\"@type\":\"PropertyValueSpecification\",\"valueRequired\":true,\"valueName\":\"search_term_string\"}}],\"inLanguage\":\"pt-PT\"},{\"@type\":\"Organization\",\"@id\":\"https:\/\/rollingringdrives.com\/#organization\",\"name\":\"QiPang\",\"url\":\"https:\/\/rollingringdrives.com\/\",\"logo\":{\"@type\":\"ImageObject\",\"inLanguage\":\"pt-PT\",\"@id\":\"https:\/\/rollingringdrives.com\/#\/schema\/logo\/image\/\",\"url\":\"https:\/\/rollingringdrives.com\/wp-content\/uploads\/2023\/05\/cropped-\u672a\u547d\u540d\u7684\u8bbe\u8ba1.png\",\"contentUrl\":\"https:\/\/rollingringdrives.com\/wp-content\/uploads\/2023\/05\/cropped-\u672a\u547d\u540d\u7684\u8bbe\u8ba1.png\",\"width\":300,\"height\":191,\"caption\":\"QiPang\"},\"image\":{\"@id\":\"https:\/\/rollingringdrives.com\/#\/schema\/logo\/image\/\"}}]}<\/script>\n<!-- \/ Yoast SEO Premium plugin. -->","yoast_head_json":{"title":"Pr\u00e9-aquecedor de cobre 6kv \/ 10kv Pr\u00e9-aquecedor de fio de cobre de alta frequ\u00eancia - QiPang","robots":{"index":"index","follow":"follow","max-snippet":"max-snippet:-1","max-image-preview":"max-image-preview:large","max-video-preview":"max-video-preview:-1"},"canonical":"https:\/\/rollingringdrives.com\/pt\/produtos\/cabo-de-pvc-pe-xlpe-que-faz-a-linha-de-isolamento6kv-10kv-maquina-de-pre-aquecedor-de-fio-de-cobre\/","og_locale":"pt_PT","og_type":"article","og_title":"6kv\/10kv Copper Preheater High Frequency Copper Wire Preheater","og_description":"Features: 1.copper wire preheating 2.induction heating 3.The electrical spark has little damage to the wire surface 4.The resistance to preheating conductor is small, and it is not easy to stretch 5.Output preheat automatic speed tracking to ensure temperature consistency at different wire speeds.","og_url":"https:\/\/rollingringdrives.com\/pt\/produtos\/cabo-de-pvc-pe-xlpe-que-faz-a-linha-de-isolamento6kv-10kv-maquina-de-pre-aquecedor-de-fio-de-cobre\/","og_site_name":"QiPang","article_modified_time":"2026-01-12T06:24:52+00:00","og_image":[{"width":600,"height":600,"url":"https:\/\/rollingringdrives.com\/wp-content\/uploads\/2024\/04\/\u5b98\u7f512.jpg","type":"image\/jpeg"}],"twitter_card":"summary_large_image","twitter_misc":{"Est. reading time":"2 minutos"},"schema":{"@context":"https:\/\/schema.org","@graph":[{"@type":"WebPage","@id":"https:\/\/rollingringdrives.com\/product\/pvc-pe-xlpe-cable-making-line-insulation6kv-10kv-copper-wire-pre-heater-machine\/","url":"https:\/\/rollingringdrives.com\/product\/pvc-pe-xlpe-cable-making-line-insulation6kv-10kv-copper-wire-pre-heater-machine\/","name":"Pr\u00e9-aquecedor de cobre 6kv \/ 10kv Pr\u00e9-aquecedor de fio de cobre de alta frequ\u00eancia - QiPang","isPartOf":{"@id":"https:\/\/rollingringdrives.com\/#website"},"primaryImageOfPage":{"@id":"https:\/\/rollingringdrives.com\/product\/pvc-pe-xlpe-cable-making-line-insulation6kv-10kv-copper-wire-pre-heater-machine\/#primaryimage"},"image":{"@id":"https:\/\/rollingringdrives.com\/product\/pvc-pe-xlpe-cable-making-line-insulation6kv-10kv-copper-wire-pre-heater-machine\/#primaryimage"},"thumbnailUrl":"https:\/\/rollingringdrives.com\/wp-content\/uploads\/2024\/04\/\u5b98\u7f512.jpg","datePublished":"2024-04-29T02:24:31+00:00","dateModified":"2026-01-12T06:24:52+00:00","breadcrumb":{"@id":"https:\/\/rollingringdrives.com\/product\/pvc-pe-xlpe-cable-making-line-insulation6kv-10kv-copper-wire-pre-heater-machine\/#breadcrumb"},"inLanguage":"pt-PT","potentialAction":[{"@type":"ReadAction","target":["https:\/\/rollingringdrives.com\/product\/pvc-pe-xlpe-cable-making-line-insulation6kv-10kv-copper-wire-pre-heater-machine\/"]}]},{"@type":"ImageObject","inLanguage":"pt-PT","@id":"https:\/\/rollingringdrives.com\/product\/pvc-pe-xlpe-cable-making-line-insulation6kv-10kv-copper-wire-pre-heater-machine\/#primaryimage","url":"https:\/\/rollingringdrives.com\/wp-content\/uploads\/2024\/04\/\u5b98\u7f512.jpg","contentUrl":"https:\/\/rollingringdrives.com\/wp-content\/uploads\/2024\/04\/\u5b98\u7f512.jpg","width":600,"height":600,"caption":"Copper Wire Pre-Heater Machine"},{"@type":"BreadcrumbList","@id":"https:\/\/rollingringdrives.com\/product\/pvc-pe-xlpe-cable-making-line-insulation6kv-10kv-copper-wire-pre-heater-machine\/#breadcrumb","itemListElement":[{"@type":"ListItem","position":1,"name":"Home","item":"https:\/\/rollingringdrives.com\/"},{"@type":"ListItem","position":2,"name":"Machines","item":"https:\/\/rollingringdrives.com\/machines\/"},{"@type":"ListItem","position":3,"name":"6kv\/10kv Copper Preheater High Frequency Copper Wire Preheater"}]},{"@type":"WebSite","@id":"https:\/\/rollingringdrives.com\/#website","url":"https:\/\/rollingringdrives.com\/","name":"QiPangName","description":"Blog QiPang","publisher":{"@id":"https:\/\/rollingringdrives.com\/#organization"},"potentialAction":[{"@type":"SearchAction","target":{"@type":"EntryPoint","urlTemplate":"https:\/\/rollingringdrives.com\/?s={search_term_string}"},"query-input":{"@type":"PropertyValueSpecification","valueRequired":true,"valueName":"search_term_string"}}],"inLanguage":"pt-PT"},{"@type":"Organization","@id":"https:\/\/rollingringdrives.com\/#organization","name":"QiPangName","url":"https:\/\/rollingringdrives.com\/","logo":{"@type":"ImageObject","inLanguage":"pt-PT","@id":"https:\/\/rollingringdrives.com\/#\/schema\/logo\/image\/","url":"https:\/\/rollingringdrives.com\/wp-content\/uploads\/2023\/05\/cropped-\u672a\u547d\u540d\u7684\u8bbe\u8ba1.png","contentUrl":"https:\/\/rollingringdrives.com\/wp-content\/uploads\/2023\/05\/cropped-\u672a\u547d\u540d\u7684\u8bbe\u8ba1.png","width":300,"height":191,"caption":"QiPang"},"image":{"@id":"https:\/\/rollingringdrives.com\/#\/schema\/logo\/image\/"}}]}},"_links":{"self":[{"href":"https:\/\/rollingringdrives.com\/pt\/wp-json\/wp\/v2\/product\/31216","targetHints":{"allow":["GET"]}}],"collection":[{"href":"https:\/\/rollingringdrives.com\/pt\/wp-json\/wp\/v2\/product"}],"about":[{"href":"https:\/\/rollingringdrives.com\/pt\/wp-json\/wp\/v2\/types\/product"}],"version-history":[{"count":0,"href":"https:\/\/rollingringdrives.com\/pt\/wp-json\/wp\/v2\/product\/31216\/revisions"}],"wp:featuredmedia":[{"embeddable":true,"href":"https:\/\/rollingringdrives.com\/pt\/wp-json\/wp\/v2\/media\/31220"}],"wp:attachment":[{"href":"https:\/\/rollingringdrives.com\/pt\/wp-json\/wp\/v2\/media?parent=31216"}],"wp:term":[{"taxonomy":"product_brand","embeddable":true,"href":"https:\/\/rollingringdrives.com\/pt\/wp-json\/wp\/v2\/product_brand?post=31216"},{"taxonomy":"product_cat","embeddable":true,"href":"https:\/\/rollingringdrives.com\/pt\/wp-json\/wp\/v2\/product_cat?post=31216"},{"taxonomy":"product_tag","embeddable":true,"href":"https:\/\/rollingringdrives.com\/pt\/wp-json\/wp\/v2\/product_tag?post=31216"}],"curies":[{"name":"wp","href":"https:\/\/api.w.org\/{rel}","templated":true}]}}