{"id":31245,"date":"2024-05-08T06:28:52","date_gmt":"2024-05-08T06:28:52","guid":{"rendered":"https:\/\/rollingringdrives.com\/?post_type=product&#038;p=31245"},"modified":"2025-11-01T02:13:04","modified_gmt":"2025-11-01T02:13:04","slug":"wire-rope-length-counter-for-winding-machine","status":"publish","type":"product","link":"https:\/\/rollingringdrives.com\/pt\/produtos\/contador-de-comprimento-de-cabo-de-aco-para-maquina-de-enrolamento\/","title":{"rendered":"Contador de comprimento de cabo de a\u00e7o para m\u00e1quina de enrolamento de fio"},"content":{"rendered":"<p>O <strong>Contador de comprimento de cabo de a\u00e7o para m\u00e1quina de enrolamento <\/strong>\u00e9 um dispositivo eletr\u00f4nico avan\u00e7ado projetado com recursos precisos de contagem de medidores. Adota contagem de roda de ferro adequada para cabo de a\u00e7o, fio s\u00f3lido e possui fun\u00e7\u00e3o anti-reversa, mais resistente ao desgaste. Conta medidores no processo de enrolamento com alta precis\u00e3o de contagem.<\/p>\n<div id=\"footable_parent_32666\"\n         class=\"footable_parent ninja_table_wrapper loading_ninja_table wp_table_data_press_parent semantic_ui\">\n                <table data-ninja_table_instance=\"ninja_table_instance_0\" data-footable_id=\"32666\" data-filter-delay=\"1000\" aria-label=\"Contador de contadores de cabo.csv\"            id=\"footable_32666\"\n           data-unique_identifier=\"ninja_table_unique_id_469278644_32666\"\n           class=\"foo-table ninja_footable foo_table_32666 ninja_table_unique_id_469278644_32666 ui table  ninja_search_right nt_type_legacy_table selectable striped vertical_centered  footable-paging-right ninja_table_pro\">\n                <colgroup>\n                            <col class=\"ninja_column_0\">\n                            <col class=\"ninja_column_1\">\n                    <\/colgroup>\n        <thead>\n<tr class=\"footable-header\">\n                                        <th scope=\"col\"  class=\"ninja_column_0 ninja_clmn_nm_model\">modelo<\/th><th scope=\"col\"  class=\"ninja_column_1 ninja_clmn_nm_qp3ls\">Contador de comprimento de fio QP-30<\/th><\/tr>\n<\/thead>\n<tbody>\n\n        <tr data-row_id=\"1997\" class=\"ninja_table_row_0 nt_row_id_1997\">\n            <td>Di\u00e2metro do fio aplic\u00e1vel<\/td><td>1-30mm<\/td>        <\/tr>\n            <tr data-row_id=\"1998\" class=\"ninja_table_row_1 nt_row_id_1998\">\n            <td>Velocidade linear aplic\u00e1vel<\/td><td>0-200M\/Min<\/td>        <\/tr>\n            <tr data-row_id=\"1999\" class=\"ninja_table_row_2 nt_row_id_1999\">\n            <td>altura do centro<\/td><td>1000mm (altura central ajust\u00e1vel)<\/td>        <\/tr>\n            <tr data-row_id=\"2000\" class=\"ninja_table_row_3 nt_row_id_2000\">\n            <td>Material da roda do contador<\/td><td>Material de a\u00e7o 45#<\/td>        <\/tr>\n            <tr data-row_id=\"2001\" class=\"ninja_table_row_4 nt_row_id_2001\">\n            <td>Di\u00e2metro da roda do contador<\/td><td>\u03c6159.16mm\u00b10.01<\/td>        <\/tr>\n            <tr data-row_id=\"2002\" class=\"ninja_table_row_5 nt_row_id_2002\">\n            <td>Precis\u00e3o do contador<\/td><td>Rebobinamento 2\u2030 fio torcido 2\u2030extrus\u00e3o 1,5\u2030<\/td>        <\/tr>\n            <tr data-row_id=\"2003\" class=\"ninja_table_row_6 nt_row_id_2003\">\n            <td>Comprimento cont\u00e1vel<\/td><td>0-99999.9M<\/td>        <\/tr>\n            <tr data-row_id=\"2004\" class=\"ninja_table_row_7 nt_row_id_2004\">\n            <td>M\u00e9todo de compress\u00e3o<\/td><td>Aperto manual de parafusos ou press\u00e3o manual<\/td>        <\/tr>\n            <tr data-row_id=\"2005\" class=\"ninja_table_row_8 nt_row_id_2005\">\n            <td>Estrutura do produto<\/td><td>Compress\u00e3o vertical<\/td>        <\/tr>\n            <tr data-row_id=\"2006\" class=\"ninja_table_row_9 nt_row_id_2006\">\n            <td>M\u00e9todo de contagem<\/td><td>Sensor (coeficiente de medi\u00e7\u00e3o ajust\u00e1vel) ou codificador opcional<\/td>        <\/tr>\n            <tr data-row_id=\"2007\" class=\"ninja_table_row_10 nt_row_id_2007\">\n            <td>SA\u00cdDA<\/td><td>RS485 (opcional)<\/td>        <\/tr>\n            <tr data-row_id=\"2008\" class=\"ninja_table_row_11 nt_row_id_2008\">\n            <td>Cor do dispositivo<\/td><td>5015 Azul (outras personaliz\u00e1veis)<\/td>        <\/tr>\n            <tr data-row_id=\"2009\" class=\"ninja_table_row_12 nt_row_id_2009\">\n            <td>tens\u00e3o de funcionamento<\/td><td>220V AC<\/td>        <\/tr>\n            <tr data-row_id=\"2010\" class=\"ninja_table_row_13 nt_row_id_2010\">\n            <td>Peso do equipamento<\/td><td>26kg \uff08mesa de balc\u00e3o de metro\uff09 + 23kg\uff08suporte\uff09<\/td>        <\/tr>\n            <tr data-row_id=\"2011\" class=\"ninja_table_row_14 nt_row_id_2011\">\n            <td>Dimens\u00f5es do equipamento<\/td><td>L480mm*L280mm*H250mm contador Mesa L370mm*W370mm*H680mm suporte<\/td>        <\/tr>\n            <tr data-row_id=\"2012\" class=\"ninja_table_row_15 nt_row_id_2012\">\n            <td>acess\u00f3rios opcionais<\/td><td>Medidor\/ suporte com visor eletr\u00f3nico<\/td>        <\/tr>\n    <\/tbody><!--ninja_tobody_rendering_done-->\n    <\/table>\n    \n    \n    \n<\/div>\n\n<h2 id=\"2-eael-table-of-content\" class=\"xsj_heading_hash xsj_heading xsj_heading_h2 eael-heading-content\" data-source-line=\"2\" data-source-line-display=\"true\"><span class=\"xsj_heading_content\"><strong>Contador de comprimento de cabo de a\u00e7o <\/strong>Formul\u00e1rios:<\/span><\/h2>\n<p>O <strong>Contador de comprimento de cabo de a\u00e7o para m\u00e1quina de enrolamento<\/strong> \u00e9 ideal para v\u00e1rias aplica\u00e7\u00f5es que requerem uma contagem precisa de metros. Pode ser utilizado na ind\u00fastria de cabos de a\u00e7o para enrolar tecido, nas ind\u00fastrias de fios e cabos para medir comprimentos de fios e cabos e na ind\u00fastria do papel para medir o comprimento do papel, para citar alguns exemplos.<\/p>\n<h2 id=\"3-eael-table-of-content\" class=\"xsj_heading_hash xsj_heading xsj_heading_h2 eael-heading-content\" data-source-line=\"6\" data-source-line-display=\"true\"><span class=\"xsj_heading_content\"><strong>Contador de comprimento de cabo de a\u00e7o <\/strong>Princ\u00edpio de medi\u00e7\u00e3o:<\/span><\/h2>\n<p class=\"xsj_paragraph xsj_paragraph_level_0\" data-source-line=\"8\" data-source-line-display=\"true\">O <strong>Contador de comprimento de cabo de a\u00e7o para m\u00e1quina de enrolamento<\/strong> usa uma contagem de ferro e um mecanismo de acionamento por roda de ferro para contar o n\u00famero de metros durante o processo de enrolamento. A roda do medidor tem um di\u00e2metro de 159,15 mm e os par\u00e2metros da roda s\u00edncrona n\u00e3o s\u00e3o aplic\u00e1veis. O escopo de toler\u00e2ncia \u00e9 de 1 \u2030 e a velocidade de medi\u00e7\u00e3o \u00e9 de at\u00e9 200m\/min. A altura central pode ser personalizada e o m\u00e9todo de medi\u00e7\u00e3o pode ser codificador ou indu\u00e7\u00e3o.<\/p>\n<h2 id=\"3-eael-table-of-content\" class=\"xsj_heading_hash xsj_heading xsj_heading_h2 eael-heading-content\" data-source-line=\"6\" data-source-line-display=\"true\"><span class=\"xsj_heading_content\"><strong>Contador de comprimento de cabo de a\u00e7o <\/strong><\/span><span class=\"xsj_heading_content\">Perguntas frequentes:<\/span><\/h2>\n<div class=\"xiaoshujiang_element xsj_anchor\"><a class=\"blank_anchor_name\" name=\"120what20is20the20measuring20range20of20the20digital20electronic20counter20meter20for20winding20machine_4\"><\/a><a id=\"120what20is20the20measuring20range20of20the20digital20electronic20counter20meter20for20winding20machine_4\" class=\"blank_anchor_id\"><\/a><a class=\"blank_anchor_name\" name=\"1-what-is-the-measuring-range-of-the-digital-electronic-counter-meter-for-winding-machine\"><\/a><a id=\"1-what-is-the-measuring-range-of-the-digital-electronic-counter-meter-for-winding-machine\" class=\"blank_anchor_id\"><\/a><\/div>\n<h4 id=\"5-eael-table-of-content\" class=\"xsj_heading_hash xsj_heading xsj_heading_h4 eael-heading-content\" data-source-line=\"12\" data-source-line-display=\"true\"><span class=\"xsj_heading_content\">1. Qual \u00e9 a faixa de medi\u00e7\u00e3o do Contador Eletr\u00f4nico Digital para a Bobinadeira?<\/span><\/h4>\n<p class=\"xsj_paragraph xsj_paragraph_level_0\" data-source-line=\"14\" data-source-line-display=\"true\">Resposta: A faixa de medi\u00e7\u00e3o do medidor pode ser personalizada de 1 a 30 mm.<\/p>\n<div class=\"xiaoshujiang_element xsj_anchor\"><a class=\"blank_anchor_name\" name=\"220how20fast20can20the20meter20count20the20number20of20meters_5\"><\/a><a id=\"220how20fast20can20the20meter20count20the20number20of20meters_5\" class=\"blank_anchor_id\"><\/a><a class=\"blank_anchor_name\" name=\"2-how-fast-can-the-meter-count-the-number-of-meters\"><\/a><a id=\"2-how-fast-can-the-meter-count-the-number-of-meters\" class=\"blank_anchor_id\"><\/a><\/div>\n<h4 id=\"6-eael-table-of-content\" class=\"xsj_heading_hash xsj_heading xsj_heading_h4 eael-heading-content\" data-source-line=\"16\" data-source-line-display=\"true\"><span class=\"xsj_heading_content\">2. Com que rapidez o medidor pode contar o n\u00famero de metros?<\/span><\/h4>\n<p class=\"xsj_paragraph xsj_paragraph_level_0\" data-source-line=\"18\" data-source-line-display=\"true\">Resposta: O medidor pode contar at\u00e9 200m\/min.<\/p>\n<div class=\"xiaoshujiang_element xsj_anchor\"><a class=\"blank_anchor_name\" name=\"320does20the20meter20come20with20a20display20for20meter20readings_6\"><\/a><a id=\"320does20the20meter20come20with20a20display20for20meter20readings_6\" class=\"blank_anchor_id\"><\/a><a class=\"blank_anchor_name\" name=\"3-does-the-meter-come-with-a-display-for-meter-readings\"><\/a><a id=\"3-does-the-meter-come-with-a-display-for-meter-readings\" class=\"blank_anchor_id\"><\/a><\/div>\n<h4 id=\"7-eael-table-of-content\" class=\"xsj_heading_hash xsj_heading xsj_heading_h4 eael-heading-content\" data-source-line=\"20\" data-source-line-display=\"true\"><span class=\"xsj_heading_content\">3. O medidor vem com um visor para as leituras do medidor?<\/span><\/h4>\n<p class=\"xsj_paragraph xsj_paragraph_level_0\" data-source-line=\"22\" data-source-line-display=\"true\">Resposta: O medidor possui um display digital eletr\u00f4nico para uma leitura precisa.<\/p>","protected":false},"excerpt":{"rendered":"<h2 id=\"1-eael-table-of-content\" class=\"xsj_heading_hash xsj_heading xsj_heading_h2 eael-heading-content\" data-source-line=\"3\" data-source-line-display=\"true\"><span class=\"xsj_heading_content\">Caracter\u00edsticas:<\/span><\/h2>\n<ol class=\"markdown_ol\" data-source-line=\"5\">\n<li data-source-line=\"5\">Recursos precisos de contagem de medidores.<\/li>\n<li data-source-line=\"6\">Medidor de display digital eletr\u00f4nico para uma leitura precisa.<\/li>\n<li data-source-line=\"7\">Faixa personaliz\u00e1vel de 1 a 30 mm.<\/li>\n<li data-source-line=\"8\">M\u00e9todo de compress\u00e3o do tipo parafuso do volante para facilidade de uso.<\/li>\n<li data-source-line=\"9\">Codificador ou procedimento de medi\u00e7\u00e3o por indu\u00e7\u00e3o para versatilidade.<\/li>\n<li data-source-line=\"10\">Fio-guia de ajuste do rolo dianteiro e traseiro dentro e fora da dire\u00e7\u00e3o de entrada.<\/li>\n<li data-source-line=\"11\">Design leve e dur\u00e1vel.<\/li>\n<li data-source-line=\"11\">Possui fun\u00e7\u00e3o anti-reversa, mais resistente ao desgaste.<\/li>\n<\/ol>","protected":false},"featured_media":31284,"template":"","meta":{"site-sidebar-layout":"default","site-content-layout":"default","ast-global-header-display":"","ast-banner-title-visibility":"","ast-main-header-display":"","ast-hfb-above-header-display":"","ast-hfb-below-header-display":"","ast-hfb-mobile-header-display":"","site-post-title":"","ast-breadcrumbs-content":"","ast-featured-img":"","footer-sml-layout":"","theme-transparent-header-meta":"default","adv-header-id-meta":"","stick-header-meta":"","header-above-stick-meta":"","header-main-stick-meta":"","header-below-stick-meta":""},"product_brand":[],"product_cat":[59],"product_tag":[],"class_list":{"0":"post-31245","1":"product","2":"type-product","3":"status-publish","4":"has-post-thumbnail","6":"product_cat-length-measuring-instrument","7":"desktop-align-left","8":"tablet-align-left","9":"mobile-align-left","11":"first","12":"instock","13":"shipping-taxable","14":"product-type-simple"},"yoast_head":"<!-- This site is optimized with the Yoast SEO Premium plugin v20.12 (Yoast SEO v26.0) - https:\/\/yoast.com\/wordpress\/plugins\/seo\/ -->\n<title>Wire Rope Length Meter Counter For Wire Spooling Machine - QiPang<\/title>\n<meta name=\"robots\" content=\"index, follow, max-snippet:-1, max-image-preview:large, max-video-preview:-1\" \/>\n<link rel=\"canonical\" href=\"https:\/\/rollingringdrives.com\/pt\/produtos\/contador-de-comprimento-de-cabo-de-aco-para-maquina-de-enrolamento\/\" \/>\n<meta property=\"og:locale\" content=\"pt_PT\" \/>\n<meta property=\"og:type\" content=\"article\" \/>\n<meta property=\"og:title\" content=\"Wire Rope Length Meter Counter For Wire Spooling Machine\" \/>\n<meta property=\"og:description\" content=\"Features:   Accurate meter counting capabilities.  Electronic digital display meter for an accurate reading.  Customizable range from 1-30mm.  Handwheel screw type compression method for ease of use.  Encoder or induction measuring procedure for versatility.  Front and rear roller adjustment guide wire in and out of the incoming direction.  Lightweight and durable design.  It has anti-reverse function, more wear-resistant.\" \/>\n<meta property=\"og:url\" content=\"https:\/\/rollingringdrives.com\/pt\/produtos\/contador-de-comprimento-de-cabo-de-aco-para-maquina-de-enrolamento\/\" \/>\n<meta property=\"og:site_name\" content=\"QiPang\" \/>\n<meta property=\"article:modified_time\" content=\"2025-11-01T02:13:04+00:00\" \/>\n<meta property=\"og:image\" content=\"https:\/\/rollingringdrives.com\/wp-content\/uploads\/2024\/05\/2_\u526f\u672c.jpg\" \/>\n\t<meta property=\"og:image:width\" content=\"600\" \/>\n\t<meta property=\"og:image:height\" content=\"600\" \/>\n\t<meta property=\"og:image:type\" content=\"image\/jpeg\" \/>\n<meta name=\"twitter:card\" content=\"summary_large_image\" \/>\n<meta name=\"twitter:label1\" content=\"Est. reading time\" \/>\n\t<meta name=\"twitter:data1\" content=\"2 minutos\" \/>\n<script type=\"application\/ld+json\" class=\"yoast-schema-graph\">{\"@context\":\"https:\/\/schema.org\",\"@graph\":[{\"@type\":\"WebPage\",\"@id\":\"https:\/\/rollingringdrives.com\/product\/wire-rope-length-counter-for-winding-machine\/\",\"url\":\"https:\/\/rollingringdrives.com\/product\/wire-rope-length-counter-for-winding-machine\/\",\"name\":\"Wire Rope Length Meter Counter For Wire Spooling Machine - QiPang\",\"isPartOf\":{\"@id\":\"https:\/\/rollingringdrives.com\/#website\"},\"primaryImageOfPage\":{\"@id\":\"https:\/\/rollingringdrives.com\/product\/wire-rope-length-counter-for-winding-machine\/#primaryimage\"},\"image\":{\"@id\":\"https:\/\/rollingringdrives.com\/product\/wire-rope-length-counter-for-winding-machine\/#primaryimage\"},\"thumbnailUrl\":\"https:\/\/rollingringdrives.com\/wp-content\/uploads\/2024\/05\/2_\u526f\u672c.jpg\",\"datePublished\":\"2024-05-08T06:28:52+00:00\",\"dateModified\":\"2025-11-01T02:13:04+00:00\",\"breadcrumb\":{\"@id\":\"https:\/\/rollingringdrives.com\/product\/wire-rope-length-counter-for-winding-machine\/#breadcrumb\"},\"inLanguage\":\"pt-PT\",\"potentialAction\":[{\"@type\":\"ReadAction\",\"target\":[\"https:\/\/rollingringdrives.com\/product\/wire-rope-length-counter-for-winding-machine\/\"]}]},{\"@type\":\"ImageObject\",\"inLanguage\":\"pt-PT\",\"@id\":\"https:\/\/rollingringdrives.com\/product\/wire-rope-length-counter-for-winding-machine\/#primaryimage\",\"url\":\"https:\/\/rollingringdrives.com\/wp-content\/uploads\/2024\/05\/2_\u526f\u672c.jpg\",\"contentUrl\":\"https:\/\/rollingringdrives.com\/wp-content\/uploads\/2024\/05\/2_\u526f\u672c.jpg\",\"width\":600,\"height\":600,\"caption\":\"wire rope length counter\"},{\"@type\":\"BreadcrumbList\",\"@id\":\"https:\/\/rollingringdrives.com\/product\/wire-rope-length-counter-for-winding-machine\/#breadcrumb\",\"itemListElement\":[{\"@type\":\"ListItem\",\"position\":1,\"name\":\"Home\",\"item\":\"https:\/\/rollingringdrives.com\/\"},{\"@type\":\"ListItem\",\"position\":2,\"name\":\"Machines\",\"item\":\"https:\/\/rollingringdrives.com\/machines\/\"},{\"@type\":\"ListItem\",\"position\":3,\"name\":\"Wire Rope Length Meter Counter For Wire Spooling Machine\"}]},{\"@type\":\"WebSite\",\"@id\":\"https:\/\/rollingringdrives.com\/#website\",\"url\":\"https:\/\/rollingringdrives.com\/\",\"name\":\"QiPang\",\"description\":\"QiPang Blog\",\"publisher\":{\"@id\":\"https:\/\/rollingringdrives.com\/#organization\"},\"potentialAction\":[{\"@type\":\"SearchAction\",\"target\":{\"@type\":\"EntryPoint\",\"urlTemplate\":\"https:\/\/rollingringdrives.com\/?s={search_term_string}\"},\"query-input\":{\"@type\":\"PropertyValueSpecification\",\"valueRequired\":true,\"valueName\":\"search_term_string\"}}],\"inLanguage\":\"pt-PT\"},{\"@type\":\"Organization\",\"@id\":\"https:\/\/rollingringdrives.com\/#organization\",\"name\":\"QiPang\",\"url\":\"https:\/\/rollingringdrives.com\/\",\"logo\":{\"@type\":\"ImageObject\",\"inLanguage\":\"pt-PT\",\"@id\":\"https:\/\/rollingringdrives.com\/#\/schema\/logo\/image\/\",\"url\":\"https:\/\/rollingringdrives.com\/wp-content\/uploads\/2023\/05\/cropped-\u672a\u547d\u540d\u7684\u8bbe\u8ba1.png\",\"contentUrl\":\"https:\/\/rollingringdrives.com\/wp-content\/uploads\/2023\/05\/cropped-\u672a\u547d\u540d\u7684\u8bbe\u8ba1.png\",\"width\":300,\"height\":191,\"caption\":\"QiPang\"},\"image\":{\"@id\":\"https:\/\/rollingringdrives.com\/#\/schema\/logo\/image\/\"}}]}<\/script>\n<!-- \/ Yoast SEO Premium plugin. -->","yoast_head_json":{"title":"Contador de comprimento de cabo de a\u00e7o para m\u00e1quina de enrolamento de fio - QiPang","robots":{"index":"index","follow":"follow","max-snippet":"max-snippet:-1","max-image-preview":"max-image-preview:large","max-video-preview":"max-video-preview:-1"},"canonical":"https:\/\/rollingringdrives.com\/pt\/produtos\/contador-de-comprimento-de-cabo-de-aco-para-maquina-de-enrolamento\/","og_locale":"pt_PT","og_type":"article","og_title":"Wire Rope Length Meter Counter For Wire Spooling Machine","og_description":"Features:   Accurate meter counting capabilities.  Electronic digital display meter for an accurate reading.  Customizable range from 1-30mm.  Handwheel screw type compression method for ease of use.  Encoder or induction measuring procedure for versatility.  Front and rear roller adjustment guide wire in and out of the incoming direction.  Lightweight and durable design.  It has anti-reverse function, more wear-resistant.","og_url":"https:\/\/rollingringdrives.com\/pt\/produtos\/contador-de-comprimento-de-cabo-de-aco-para-maquina-de-enrolamento\/","og_site_name":"QiPang","article_modified_time":"2025-11-01T02:13:04+00:00","og_image":[{"width":600,"height":600,"url":"https:\/\/rollingringdrives.com\/wp-content\/uploads\/2024\/05\/2_\u526f\u672c.jpg","type":"image\/jpeg"}],"twitter_card":"summary_large_image","twitter_misc":{"Est. reading time":"2 minutos"},"schema":{"@context":"https:\/\/schema.org","@graph":[{"@type":"WebPage","@id":"https:\/\/rollingringdrives.com\/product\/wire-rope-length-counter-for-winding-machine\/","url":"https:\/\/rollingringdrives.com\/product\/wire-rope-length-counter-for-winding-machine\/","name":"Contador de comprimento de cabo de a\u00e7o para m\u00e1quina de enrolamento de fio - QiPang","isPartOf":{"@id":"https:\/\/rollingringdrives.com\/#website"},"primaryImageOfPage":{"@id":"https:\/\/rollingringdrives.com\/product\/wire-rope-length-counter-for-winding-machine\/#primaryimage"},"image":{"@id":"https:\/\/rollingringdrives.com\/product\/wire-rope-length-counter-for-winding-machine\/#primaryimage"},"thumbnailUrl":"https:\/\/rollingringdrives.com\/wp-content\/uploads\/2024\/05\/2_\u526f\u672c.jpg","datePublished":"2024-05-08T06:28:52+00:00","dateModified":"2025-11-01T02:13:04+00:00","breadcrumb":{"@id":"https:\/\/rollingringdrives.com\/product\/wire-rope-length-counter-for-winding-machine\/#breadcrumb"},"inLanguage":"pt-PT","potentialAction":[{"@type":"ReadAction","target":["https:\/\/rollingringdrives.com\/product\/wire-rope-length-counter-for-winding-machine\/"]}]},{"@type":"ImageObject","inLanguage":"pt-PT","@id":"https:\/\/rollingringdrives.com\/product\/wire-rope-length-counter-for-winding-machine\/#primaryimage","url":"https:\/\/rollingringdrives.com\/wp-content\/uploads\/2024\/05\/2_\u526f\u672c.jpg","contentUrl":"https:\/\/rollingringdrives.com\/wp-content\/uploads\/2024\/05\/2_\u526f\u672c.jpg","width":600,"height":600,"caption":"wire rope length counter"},{"@type":"BreadcrumbList","@id":"https:\/\/rollingringdrives.com\/product\/wire-rope-length-counter-for-winding-machine\/#breadcrumb","itemListElement":[{"@type":"ListItem","position":1,"name":"Home","item":"https:\/\/rollingringdrives.com\/"},{"@type":"ListItem","position":2,"name":"Machines","item":"https:\/\/rollingringdrives.com\/machines\/"},{"@type":"ListItem","position":3,"name":"Wire Rope Length Meter Counter For Wire Spooling Machine"}]},{"@type":"WebSite","@id":"https:\/\/rollingringdrives.com\/#website","url":"https:\/\/rollingringdrives.com\/","name":"QiPangName","description":"Blog QiPang","publisher":{"@id":"https:\/\/rollingringdrives.com\/#organization"},"potentialAction":[{"@type":"SearchAction","target":{"@type":"EntryPoint","urlTemplate":"https:\/\/rollingringdrives.com\/?s={search_term_string}"},"query-input":{"@type":"PropertyValueSpecification","valueRequired":true,"valueName":"search_term_string"}}],"inLanguage":"pt-PT"},{"@type":"Organization","@id":"https:\/\/rollingringdrives.com\/#organization","name":"QiPangName","url":"https:\/\/rollingringdrives.com\/","logo":{"@type":"ImageObject","inLanguage":"pt-PT","@id":"https:\/\/rollingringdrives.com\/#\/schema\/logo\/image\/","url":"https:\/\/rollingringdrives.com\/wp-content\/uploads\/2023\/05\/cropped-\u672a\u547d\u540d\u7684\u8bbe\u8ba1.png","contentUrl":"https:\/\/rollingringdrives.com\/wp-content\/uploads\/2023\/05\/cropped-\u672a\u547d\u540d\u7684\u8bbe\u8ba1.png","width":300,"height":191,"caption":"QiPang"},"image":{"@id":"https:\/\/rollingringdrives.com\/#\/schema\/logo\/image\/"}}]}},"_links":{"self":[{"href":"https:\/\/rollingringdrives.com\/pt\/wp-json\/wp\/v2\/product\/31245","targetHints":{"allow":["GET"]}}],"collection":[{"href":"https:\/\/rollingringdrives.com\/pt\/wp-json\/wp\/v2\/product"}],"about":[{"href":"https:\/\/rollingringdrives.com\/pt\/wp-json\/wp\/v2\/types\/product"}],"version-history":[{"count":0,"href":"https:\/\/rollingringdrives.com\/pt\/wp-json\/wp\/v2\/product\/31245\/revisions"}],"wp:featuredmedia":[{"embeddable":true,"href":"https:\/\/rollingringdrives.com\/pt\/wp-json\/wp\/v2\/media\/31284"}],"wp:attachment":[{"href":"https:\/\/rollingringdrives.com\/pt\/wp-json\/wp\/v2\/media?parent=31245"}],"wp:term":[{"taxonomy":"product_brand","embeddable":true,"href":"https:\/\/rollingringdrives.com\/pt\/wp-json\/wp\/v2\/product_brand?post=31245"},{"taxonomy":"product_cat","embeddable":true,"href":"https:\/\/rollingringdrives.com\/pt\/wp-json\/wp\/v2\/product_cat?post=31245"},{"taxonomy":"product_tag","embeddable":true,"href":"https:\/\/rollingringdrives.com\/pt\/wp-json\/wp\/v2\/product_tag?post=31245"}],"curies":[{"name":"wp","href":"https:\/\/api.w.org\/{rel}","templated":true}]}}