{"id":31459,"date":"2024-05-11T08:07:43","date_gmt":"2024-05-11T08:07:43","guid":{"rendered":"https:\/\/rollingringdrives.com\/?post_type=product&#038;p=31459"},"modified":"2025-07-07T05:58:09","modified_gmt":"2025-07-07T05:58:09","slug":"qp1240-automatic-cable-coiling-machine-and-automatic-taping-machine","status":"publish","type":"product","link":"https:\/\/rollingringdrives.com\/pt\/produtos\/maquina-de-enrolamento-automatico-de-cabos-qp1240-e-maquina-de-gravacao-automatica\/","title":{"rendered":"M\u00e1quina de enrolamento autom\u00e1tico de cabos QP1240 e m\u00e1quina de grava\u00e7\u00e3o autom\u00e1tica"},"content":{"rendered":"<p><strong>Descri\u00e7\u00e3o<\/strong><\/p>\n<p>A m\u00e1quina de enrolamento de alta velocidade \u00e9 usada principalmente para enrolamento de cabos ap\u00f3s a extrus\u00e3o, esta m\u00e1quina vem com fun\u00e7\u00e3o de amarra\u00e7\u00e3o autom\u00e1tica, o que pode melhorar a efici\u00eancia de trabalho.<\/p>\n<p><strong>O Uso da M\u00e1quina<\/strong><br \/>\n1. Economiza m\u00e3o de obra, toda a se\u00e7\u00e3o \u00e9 automatizada no rolo, incluindo alimenta\u00e7\u00e3o do cilindro, produtos autom\u00e1ticos na amarra\u00e7\u00e3o do rolo, etiquetagem, veda\u00e7\u00e3o e corte da contra\u00e7\u00e3o t\u00e9rmica.<br \/>\n2. Os produtos s\u00e3o laminados de forma consistente.<\/p>\n<div id=\"footable_parent_31487\"\n         class=\"footable_parent ninja_table_wrapper loading_ninja_table wp_table_data_press_parent semantic_ui\">\n                <table data-ninja_table_instance=\"ninja_table_instance_0\" data-footable_id=\"31487\" data-filter-delay=\"1000\" aria-label=\"1240\u624e\u5e26\u673a.csv\"            id=\"footable_31487\"\n           data-unique_identifier=\"ninja_table_unique_id_969650516_31487\"\n           class=\"foo-table ninja_footable foo_table_31487 ninja_table_unique_id_969650516_31487 ui table  nt_type_legacy_table selectable striped vertical_centered  footable-paging-right ninja_table_pro\">\n                <colgroup>\n                            <col class=\"ninja_column_0\">\n                            <col class=\"ninja_column_1\">\n                    <\/colgroup>\n        <thead>\n<tr class=\"footable-header\">\n                                        <th scope=\"col\"  class=\"ninja_column_0 ninja_clmn_nm_overalldimension\">Dimens\u00e3o global <\/th><th scope=\"col\"  class=\"ninja_column_1 ninja_clmn_nm_l26w1279h2353mm\"> L2600*W1279*H2353mm<\/th><\/tr>\n<\/thead>\n<tbody>\n\n        <tr data-row_id=\"1734\" class=\"ninja_table_row_0 nt_row_id_1734\">\n            <td>Peso l\u00edquido<\/td><td> 1350kg<\/td>        <\/tr>\n            <tr data-row_id=\"1735\" class=\"ninja_table_row_1 nt_row_id_1735\">\n            <td> di\u00e2metro externo do c\u00edrculo<\/td><td>\u03c6350 mm<\/td>        <\/tr>\n            <tr data-row_id=\"1736\" class=\"ninja_table_row_2 nt_row_id_1736\">\n            <td>Di\u00e2metro interno do c\u00edrculo<\/td><td>\u03c6130-\u03c6160mm (tamanho fixo)<\/td>        <\/tr>\n            <tr data-row_id=\"1737\" class=\"ninja_table_row_3 nt_row_id_1737\">\n            <td>altura do c\u00edrculo<\/td><td>50-120mm<\/td>        <\/tr>\n            <tr data-row_id=\"1738\" class=\"ninja_table_row_4 nt_row_id_1738\">\n            <td>A faixa de di\u00e2metro externo da bobina do cabo<\/td><td>\u03c6200-300mm<\/td>        <\/tr>\n            <tr data-row_id=\"1739\" class=\"ninja_table_row_5 nt_row_id_1739\">\n            <td>Altura de embrulho<\/td><td>50-100 mm<\/td>        <\/tr>\n            <tr data-row_id=\"1740\" class=\"ninja_table_row_6 nt_row_id_1740\">\n            <td>N\u00famero de empates<\/td><td>Enrole a bra\u00e7adeira uma vez<\/td>        <\/tr>\n            <tr data-row_id=\"1741\" class=\"ninja_table_row_7 nt_row_id_1741\">\n            <td>Material do filme <\/td><td>La\u00e7o transparente OPP Espessura 0,10 mm ~ 0,12 mm \u00d7 Largura 20 mm.<\/td>        <\/tr>\n            <tr data-row_id=\"1742\" class=\"ninja_table_row_8 nt_row_id_1742\">\n            <td>Tipo de fio aplic\u00e1vel<\/td><td>Cabo de alimenta\u00e7\u00e3o de \u03c63-\u03c6mm (BV1,5-6mm2, BVR2,5-10mm2)<\/td>        <\/tr>\n            <tr data-row_id=\"1743\" class=\"ninja_table_row_9 nt_row_id_1743\">\n            <td>Fonte de energia<\/td><td>AC380V, trif\u00e1sico, 50HZ (China) ou conforme especifica\u00e7\u00e3o do cliente.<\/td>        <\/tr>\n            <tr data-row_id=\"1744\" class=\"ninja_table_row_10 nt_row_id_1744\">\n            <td>Fornecimento de ar<\/td><td>Press\u00e3o de ar comprimido 5-7kg\/cm\u00b3<\/td>        <\/tr>\n    <\/tbody><!--ninja_tobody_rendering_done-->\n    <\/table>\n    \n    \n    \n<\/div>\n\n<div class=\"ast-oembed-container\" style=\"height: 100%;\"><iframe title=\"M\u00e1quina de enrolamento autom\u00e1tico de cabos QP1240 e m\u00e1quina de grava\u00e7\u00e3o autom\u00e1tica\" width=\"500\" height=\"281\" src=\"https:\/\/www.youtube.com\/embed\/Gdu5D5OdS0o?feature=oembed\" frameborder=\"0\" allow=\"accelerometer; autoplay; clipboard-write; encrypted-media; gyroscope; picture-in-picture; web-share\" referrerpolicy=\"strict-origin-when-cross-origin\" allowfullscreen><\/iframe><\/div>\n<p><strong>Descri\u00e7\u00e3o das caracter\u00edsticas do processo<\/strong><br \/>\n1. Pode ser fornecido pela m\u00e1quina de desbobinamento ou conectado diretamente \u00e0 extrusora.<br \/>\n2. A sa\u00edda de bobinas de fio \u00e9 cerca de 5 vezes maior que a do enrolamento manual (bobinas de fio de 200M de comprimento como uma coluna).<br \/>\n3. Ap\u00f3s o enrolamento, ele pode ser enviado automaticamente.<br \/>\n4. Esta m\u00e1quina adota sistema de arranjo de servo motor, o que torna a bobina limpa e bonita. Painel de opera\u00e7\u00e3o de interface homem-m\u00e1quina tipo tela de toque, pode armazenar 99 tipos de especifica\u00e7\u00f5es de bobina de fio diferentes, alterar as especifica\u00e7\u00f5es s\u00f3 precisa ler os dados armazenados podem ser produzidos.<br \/>\n5. Esta m\u00e1quina possui fun\u00e7\u00e3o de detec\u00e7\u00e3o autom\u00e1tica de erros, deixando o ponto de contato da m\u00e1quina de fa\u00edsca de frequ\u00eancia para detec\u00e7\u00e3o de fa\u00edsca de fio BV, ponto de quebra de fa\u00edsca autom\u00e1tica ou rotulagem manual para continuar na fun\u00e7\u00e3o de loop. (SE a m\u00e1quina de fa\u00edsca for fornecida pelo cliente)<br \/>\nEle tamb\u00e9m possui um contato para instrumento de medi\u00e7\u00e3o de di\u00e2metro: quando o di\u00e2metro n\u00e3o est\u00e1 de acordo com o padr\u00e3o, ele pode excluir automaticamente a linha de res\u00edduos ou continuar a circular ap\u00f3s a fun\u00e7\u00e3o de etiquetagem manual. (O instrumento de medi\u00e7\u00e3o de di\u00e2metro \u00e9 fornecido pelo cliente)<br \/>\n6. Todo o conjunto da m\u00e1quina realiza troca autom\u00e1tica de rolo.<\/p>\n<p><strong>Desenho de M\u00e1quina<\/strong><\/p>\n<p><img fetchpriority=\"high\" decoding=\"async\" class=\"alignnone size-full wp-image-31488\" src=\"https:\/\/rollingringdrives.com\/wp-content\/uploads\/2024\/05\/1715413950553.png\" alt=\"\" width=\"558\" height=\"352\" srcset=\"https:\/\/rollingringdrives.com\/wp-content\/uploads\/2024\/05\/1715413950553.png 558w, https:\/\/rollingringdrives.com\/wp-content\/uploads\/2024\/05\/1715413950553-300x189.png 300w, https:\/\/rollingringdrives.com\/wp-content\/uploads\/2024\/05\/1715413950553-18x12.png 18w\" sizes=\"(max-width: 558px) 100vw, 558px\" \/><\/p>\n<figure id=\"attachment_31489\" aria-describedby=\"caption-attachment-31489\" style=\"width: 582px\" class=\"wp-caption alignnone\"><img decoding=\"async\" class=\"size-full wp-image-31489\" src=\"https:\/\/rollingringdrives.com\/wp-content\/uploads\/2024\/05\/1715412988980.png\" alt=\"\" width=\"582\" height=\"395\" srcset=\"https:\/\/rollingringdrives.com\/wp-content\/uploads\/2024\/05\/1715412988980.png 582w, https:\/\/rollingringdrives.com\/wp-content\/uploads\/2024\/05\/1715412988980-300x204.png 300w, https:\/\/rollingringdrives.com\/wp-content\/uploads\/2024\/05\/1715412988980-18x12.png 18w\" sizes=\"(max-width: 582px) 100vw, 582px\" \/><figcaption id=\"caption-attachment-31489\" class=\"wp-caption-text\">1240 M\u00e1quina para enrolar e embalar cabos<\/figcaption><\/figure>\n<p>Perguntas frequentes<\/p>\n<p align=\"left\"><strong>P: O que voc\u00ea pode me oferecer?<\/strong><\/p>\n<p>R: Nossa produ\u00e7\u00e3o profissional e pessoal t\u00e9cnico podem treinar os funcion\u00e1rios de nossos clientes e garantir a produ\u00e7\u00e3o tranquila dos clientes. E fornecer\u00e1 aos nossos clientes servi\u00e7o p\u00f3s-venda.<\/p>\n<p><strong>P:Poder\u00edamos nomear a marca das pe\u00e7as?\u00a0<\/strong><\/p>\n<p align=\"left\">R: Sim, ABB, SIEMENS, Danfoss ou o deles que voc\u00ea quiser.<\/p>\n<p><strong>P: Quanto tempo dura a garantia da m\u00e1quina?<\/strong><br \/>\nA: Per\u00edodo de garantia de um ano (desde a conclus\u00e3o do comissionamento mec\u00e2nico bem-sucedido na f\u00e1brica do comprador)<br \/>\n<strong>P: Esta \u00e9 a primeira vez que importo, como posso confiar na sua empresa e garantir o recebimento da mercadoria se eu fizer o pedido de voc\u00ea?<\/strong><br \/>\nR: Somos uma empresa de certifica\u00e7\u00e3o leg\u00edtima da Alibaba (VIP) e apoiamos pagamentos L\/C, T\/T e assim por diante para garantir sua seguran\u00e7a.<\/p>\n<p><strong>P: Por que escolho sua empresa?<\/strong><br \/>\nR: Temos mais de 10 anos de experi\u00eancia profissional na \u00e1rea de m\u00e1quinas para cabos, fornecendo produtos de alta qualidade e alta seguran\u00e7a.<\/p>\n<p>Temos uma equipe experiente de trabalhadores qualificados e engenheiros.<br \/>\nPodemos personalizar o design para aceitar o design de amostra do cliente.<br \/>\nPodemos fornecer aos clientes servi\u00e7o p\u00f3s-venda.<\/p>","protected":false},"excerpt":{"rendered":"<h2 id=\"1-eael-table-of-content\" class=\"xsj_heading_hash xsj_heading xsj_heading_h2 eael-heading-content\" data-source-line=\"0\" data-source-line-display=\"true\"><span class=\"xsj_heading_content\">Recursos de fun\u00e7\u00e3o<\/span><\/h2>\n<ol class=\"markdown_ol\" data-source-line=\"2\">\n<li data-source-line=\"2\">A opera\u00e7\u00e3o \u00e9 simples com o controle autom\u00e1tico do PLC da Siemens e o sistema de cabos do motor de servi\u00e7o de interface homem-m\u00e1quina tipo toque; o efeito do cabo \u00e9 ideal.<\/li>\n<li data-source-line=\"4\">O cabo \u00e9 enrolado, a embalagem \u00e9 conclu\u00edda sequencialmente e a velocidade de produ\u00e7\u00e3o \u00e9 r\u00e1pida.<\/li>\n<li data-source-line=\"5\">Ajuste automaticamente o bra\u00e7o do aro, livre de ajuste manual.<\/li>\n<li data-source-line=\"6\">M\u00e1quina de enrolamento autom\u00e1tico, fita de amarra\u00e7\u00e3o autom\u00e1tica, mais segura e conveniente.<\/li>\n<li data-source-line=\"7\">Quando h\u00e1 um problema, um erro \u00e9 detectado automaticamente e um aviso \u00e9 enviado para alertar o operador.<\/li>\n<li data-source-line=\"8\">Economiza despesas com m\u00e3o de obra, expande a capacidade de produ\u00e7\u00e3o e impulsiona a ind\u00fastria<\/li>\n<\/ol>\n<p>&nbsp;<\/p>","protected":false},"featured_media":31490,"template":"","meta":{"site-sidebar-layout":"default","site-content-layout":"default","ast-global-header-display":"","ast-banner-title-visibility":"","ast-main-header-display":"","ast-hfb-above-header-display":"","ast-hfb-below-header-display":"","ast-hfb-mobile-header-display":"","site-post-title":"","ast-breadcrumbs-content":"","ast-featured-img":"","footer-sml-layout":"","theme-transparent-header-meta":"default","adv-header-id-meta":"","stick-header-meta":"","header-above-stick-meta":"","header-main-stick-meta":"","header-below-stick-meta":""},"product_brand":[],"product_cat":[136,139],"product_tag":[],"class_list":{"0":"post-31459","1":"product","2":"type-product","3":"status-publish","4":"has-post-thumbnail","6":"product_cat-coiling-machine","7":"product_cat-cable-coiling-and-wrapping-machines","8":"desktop-align-left","9":"tablet-align-left","10":"mobile-align-left","12":"first","13":"instock","14":"shipping-taxable","15":"product-type-simple"},"yoast_head":"<!-- This site is optimized with the Yoast SEO Premium plugin v20.12 (Yoast SEO v26.0) - https:\/\/yoast.com\/wordpress\/plugins\/seo\/ -->\n<title>QP1240 Automatic Cable Coiling Machine and Automatic Taping Machine - QiPang<\/title>\n<meta name=\"robots\" content=\"index, follow, max-snippet:-1, max-image-preview:large, max-video-preview:-1\" \/>\n<link rel=\"canonical\" href=\"https:\/\/rollingringdrives.com\/pt\/produtos\/maquina-de-enrolamento-automatico-de-cabos-qp1240-e-maquina-de-gravacao-automatica\/\" \/>\n<meta property=\"og:locale\" content=\"pt_PT\" \/>\n<meta property=\"og:type\" content=\"article\" \/>\n<meta property=\"og:title\" content=\"QP1240 Automatic Cable Coiling Machine and Automatic Taping Machine\" \/>\n<meta property=\"og:description\" content=\"Function Features   The operation is simple with Siemens PLC\u2019s automatic control and touch-types human-machine interface service motor cable system; the cable effect is ideal.  The cable is wound, the packing is completed sequentially, and the production speed is fast.  Automatically adjust the hoop arm, free of manual adjustment.  Automatic winding machine, automatic tying tape, safer and more convenient.  When there is a problem, an error is automatically detected, and a warning is sent to alert the operator.  It saves workforce expenditure, expands production capacity, and boosts industrial  &nbsp;\" \/>\n<meta property=\"og:url\" content=\"https:\/\/rollingringdrives.com\/pt\/produtos\/maquina-de-enrolamento-automatico-de-cabos-qp1240-e-maquina-de-gravacao-automatica\/\" \/>\n<meta property=\"og:site_name\" content=\"QiPang\" \/>\n<meta property=\"article:modified_time\" content=\"2025-07-07T05:58:09+00:00\" \/>\n<meta property=\"og:image\" content=\"https:\/\/rollingringdrives.com\/wp-content\/uploads\/2024\/05\/56.jpg\" \/>\n\t<meta property=\"og:image:width\" content=\"600\" \/>\n\t<meta property=\"og:image:height\" content=\"600\" \/>\n\t<meta property=\"og:image:type\" content=\"image\/jpeg\" \/>\n<meta name=\"twitter:card\" content=\"summary_large_image\" \/>\n<meta name=\"twitter:label1\" content=\"Est. reading time\" \/>\n\t<meta name=\"twitter:data1\" content=\"3 minutos\" \/>\n<script type=\"application\/ld+json\" class=\"yoast-schema-graph\">{\"@context\":\"https:\/\/schema.org\",\"@graph\":[{\"@type\":\"WebPage\",\"@id\":\"https:\/\/rollingringdrives.com\/product\/qp1240-automatic-cable-coiling-machine-and-automatic-taping-machine\/\",\"url\":\"https:\/\/rollingringdrives.com\/product\/qp1240-automatic-cable-coiling-machine-and-automatic-taping-machine\/\",\"name\":\"QP1240 Automatic Cable Coiling Machine and Automatic Taping Machine - QiPang\",\"isPartOf\":{\"@id\":\"https:\/\/rollingringdrives.com\/#website\"},\"primaryImageOfPage\":{\"@id\":\"https:\/\/rollingringdrives.com\/product\/qp1240-automatic-cable-coiling-machine-and-automatic-taping-machine\/#primaryimage\"},\"image\":{\"@id\":\"https:\/\/rollingringdrives.com\/product\/qp1240-automatic-cable-coiling-machine-and-automatic-taping-machine\/#primaryimage\"},\"thumbnailUrl\":\"https:\/\/rollingringdrives.com\/wp-content\/uploads\/2024\/05\/56.jpg\",\"datePublished\":\"2024-05-11T08:07:43+00:00\",\"dateModified\":\"2025-07-07T05:58:09+00:00\",\"breadcrumb\":{\"@id\":\"https:\/\/rollingringdrives.com\/product\/qp1240-automatic-cable-coiling-machine-and-automatic-taping-machine\/#breadcrumb\"},\"inLanguage\":\"pt-PT\",\"potentialAction\":[{\"@type\":\"ReadAction\",\"target\":[\"https:\/\/rollingringdrives.com\/product\/qp1240-automatic-cable-coiling-machine-and-automatic-taping-machine\/\"]}]},{\"@type\":\"ImageObject\",\"inLanguage\":\"pt-PT\",\"@id\":\"https:\/\/rollingringdrives.com\/product\/qp1240-automatic-cable-coiling-machine-and-automatic-taping-machine\/#primaryimage\",\"url\":\"https:\/\/rollingringdrives.com\/wp-content\/uploads\/2024\/05\/56.jpg\",\"contentUrl\":\"https:\/\/rollingringdrives.com\/wp-content\/uploads\/2024\/05\/56.jpg\",\"width\":600,\"height\":600,\"caption\":\"QP1240 Automatic Cable Coiling Machine and Automatic Taping Machine\"},{\"@type\":\"BreadcrumbList\",\"@id\":\"https:\/\/rollingringdrives.com\/product\/qp1240-automatic-cable-coiling-machine-and-automatic-taping-machine\/#breadcrumb\",\"itemListElement\":[{\"@type\":\"ListItem\",\"position\":1,\"name\":\"Home\",\"item\":\"https:\/\/rollingringdrives.com\/\"},{\"@type\":\"ListItem\",\"position\":2,\"name\":\"Machines\",\"item\":\"https:\/\/rollingringdrives.com\/machines\/\"},{\"@type\":\"ListItem\",\"position\":3,\"name\":\"QP1240 Automatic Cable Coiling Machine and Automatic Taping Machine\"}]},{\"@type\":\"WebSite\",\"@id\":\"https:\/\/rollingringdrives.com\/#website\",\"url\":\"https:\/\/rollingringdrives.com\/\",\"name\":\"QiPang\",\"description\":\"QiPang Blog\",\"publisher\":{\"@id\":\"https:\/\/rollingringdrives.com\/#organization\"},\"potentialAction\":[{\"@type\":\"SearchAction\",\"target\":{\"@type\":\"EntryPoint\",\"urlTemplate\":\"https:\/\/rollingringdrives.com\/?s={search_term_string}\"},\"query-input\":{\"@type\":\"PropertyValueSpecification\",\"valueRequired\":true,\"valueName\":\"search_term_string\"}}],\"inLanguage\":\"pt-PT\"},{\"@type\":\"Organization\",\"@id\":\"https:\/\/rollingringdrives.com\/#organization\",\"name\":\"QiPang\",\"url\":\"https:\/\/rollingringdrives.com\/\",\"logo\":{\"@type\":\"ImageObject\",\"inLanguage\":\"pt-PT\",\"@id\":\"https:\/\/rollingringdrives.com\/#\/schema\/logo\/image\/\",\"url\":\"https:\/\/rollingringdrives.com\/wp-content\/uploads\/2023\/05\/cropped-\u672a\u547d\u540d\u7684\u8bbe\u8ba1.png\",\"contentUrl\":\"https:\/\/rollingringdrives.com\/wp-content\/uploads\/2023\/05\/cropped-\u672a\u547d\u540d\u7684\u8bbe\u8ba1.png\",\"width\":300,\"height\":191,\"caption\":\"QiPang\"},\"image\":{\"@id\":\"https:\/\/rollingringdrives.com\/#\/schema\/logo\/image\/\"}}]}<\/script>\n<!-- \/ Yoast SEO Premium plugin. -->","yoast_head_json":{"title":"M\u00e1quina de enrolamento autom\u00e1tico de cabos QP1240 e m\u00e1quina de grava\u00e7\u00e3o autom\u00e1tica - QiPang","robots":{"index":"index","follow":"follow","max-snippet":"max-snippet:-1","max-image-preview":"max-image-preview:large","max-video-preview":"max-video-preview:-1"},"canonical":"https:\/\/rollingringdrives.com\/pt\/produtos\/maquina-de-enrolamento-automatico-de-cabos-qp1240-e-maquina-de-gravacao-automatica\/","og_locale":"pt_PT","og_type":"article","og_title":"QP1240 Automatic Cable Coiling Machine and Automatic Taping Machine","og_description":"Function Features   The operation is simple with Siemens PLC\u2019s automatic control and touch-types human-machine interface service motor cable system; the cable effect is ideal.  The cable is wound, the packing is completed sequentially, and the production speed is fast.  Automatically adjust the hoop arm, free of manual adjustment.  Automatic winding machine, automatic tying tape, safer and more convenient.  When there is a problem, an error is automatically detected, and a warning is sent to alert the operator.  It saves workforce expenditure, expands production capacity, and boosts industrial  &nbsp;","og_url":"https:\/\/rollingringdrives.com\/pt\/produtos\/maquina-de-enrolamento-automatico-de-cabos-qp1240-e-maquina-de-gravacao-automatica\/","og_site_name":"QiPang","article_modified_time":"2025-07-07T05:58:09+00:00","og_image":[{"width":600,"height":600,"url":"https:\/\/rollingringdrives.com\/wp-content\/uploads\/2024\/05\/56.jpg","type":"image\/jpeg"}],"twitter_card":"summary_large_image","twitter_misc":{"Est. reading time":"3 minutos"},"schema":{"@context":"https:\/\/schema.org","@graph":[{"@type":"WebPage","@id":"https:\/\/rollingringdrives.com\/product\/qp1240-automatic-cable-coiling-machine-and-automatic-taping-machine\/","url":"https:\/\/rollingringdrives.com\/product\/qp1240-automatic-cable-coiling-machine-and-automatic-taping-machine\/","name":"M\u00e1quina de enrolamento autom\u00e1tico de cabos QP1240 e m\u00e1quina de grava\u00e7\u00e3o autom\u00e1tica - QiPang","isPartOf":{"@id":"https:\/\/rollingringdrives.com\/#website"},"primaryImageOfPage":{"@id":"https:\/\/rollingringdrives.com\/product\/qp1240-automatic-cable-coiling-machine-and-automatic-taping-machine\/#primaryimage"},"image":{"@id":"https:\/\/rollingringdrives.com\/product\/qp1240-automatic-cable-coiling-machine-and-automatic-taping-machine\/#primaryimage"},"thumbnailUrl":"https:\/\/rollingringdrives.com\/wp-content\/uploads\/2024\/05\/56.jpg","datePublished":"2024-05-11T08:07:43+00:00","dateModified":"2025-07-07T05:58:09+00:00","breadcrumb":{"@id":"https:\/\/rollingringdrives.com\/product\/qp1240-automatic-cable-coiling-machine-and-automatic-taping-machine\/#breadcrumb"},"inLanguage":"pt-PT","potentialAction":[{"@type":"ReadAction","target":["https:\/\/rollingringdrives.com\/product\/qp1240-automatic-cable-coiling-machine-and-automatic-taping-machine\/"]}]},{"@type":"ImageObject","inLanguage":"pt-PT","@id":"https:\/\/rollingringdrives.com\/product\/qp1240-automatic-cable-coiling-machine-and-automatic-taping-machine\/#primaryimage","url":"https:\/\/rollingringdrives.com\/wp-content\/uploads\/2024\/05\/56.jpg","contentUrl":"https:\/\/rollingringdrives.com\/wp-content\/uploads\/2024\/05\/56.jpg","width":600,"height":600,"caption":"QP1240 Automatic Cable Coiling Machine and Automatic Taping Machine"},{"@type":"BreadcrumbList","@id":"https:\/\/rollingringdrives.com\/product\/qp1240-automatic-cable-coiling-machine-and-automatic-taping-machine\/#breadcrumb","itemListElement":[{"@type":"ListItem","position":1,"name":"Home","item":"https:\/\/rollingringdrives.com\/"},{"@type":"ListItem","position":2,"name":"Machines","item":"https:\/\/rollingringdrives.com\/machines\/"},{"@type":"ListItem","position":3,"name":"QP1240 Automatic Cable Coiling Machine and Automatic Taping Machine"}]},{"@type":"WebSite","@id":"https:\/\/rollingringdrives.com\/#website","url":"https:\/\/rollingringdrives.com\/","name":"QiPangName","description":"Blog QiPang","publisher":{"@id":"https:\/\/rollingringdrives.com\/#organization"},"potentialAction":[{"@type":"SearchAction","target":{"@type":"EntryPoint","urlTemplate":"https:\/\/rollingringdrives.com\/?s={search_term_string}"},"query-input":{"@type":"PropertyValueSpecification","valueRequired":true,"valueName":"search_term_string"}}],"inLanguage":"pt-PT"},{"@type":"Organization","@id":"https:\/\/rollingringdrives.com\/#organization","name":"QiPangName","url":"https:\/\/rollingringdrives.com\/","logo":{"@type":"ImageObject","inLanguage":"pt-PT","@id":"https:\/\/rollingringdrives.com\/#\/schema\/logo\/image\/","url":"https:\/\/rollingringdrives.com\/wp-content\/uploads\/2023\/05\/cropped-\u672a\u547d\u540d\u7684\u8bbe\u8ba1.png","contentUrl":"https:\/\/rollingringdrives.com\/wp-content\/uploads\/2023\/05\/cropped-\u672a\u547d\u540d\u7684\u8bbe\u8ba1.png","width":300,"height":191,"caption":"QiPang"},"image":{"@id":"https:\/\/rollingringdrives.com\/#\/schema\/logo\/image\/"}}]}},"_links":{"self":[{"href":"https:\/\/rollingringdrives.com\/pt\/wp-json\/wp\/v2\/product\/31459","targetHints":{"allow":["GET"]}}],"collection":[{"href":"https:\/\/rollingringdrives.com\/pt\/wp-json\/wp\/v2\/product"}],"about":[{"href":"https:\/\/rollingringdrives.com\/pt\/wp-json\/wp\/v2\/types\/product"}],"version-history":[{"count":0,"href":"https:\/\/rollingringdrives.com\/pt\/wp-json\/wp\/v2\/product\/31459\/revisions"}],"wp:featuredmedia":[{"embeddable":true,"href":"https:\/\/rollingringdrives.com\/pt\/wp-json\/wp\/v2\/media\/31490"}],"wp:attachment":[{"href":"https:\/\/rollingringdrives.com\/pt\/wp-json\/wp\/v2\/media?parent=31459"}],"wp:term":[{"taxonomy":"product_brand","embeddable":true,"href":"https:\/\/rollingringdrives.com\/pt\/wp-json\/wp\/v2\/product_brand?post=31459"},{"taxonomy":"product_cat","embeddable":true,"href":"https:\/\/rollingringdrives.com\/pt\/wp-json\/wp\/v2\/product_cat?post=31459"},{"taxonomy":"product_tag","embeddable":true,"href":"https:\/\/rollingringdrives.com\/pt\/wp-json\/wp\/v2\/product_tag?post=31459"}],"curies":[{"name":"wp","href":"https:\/\/api.w.org\/{rel}","templated":true}]}}