{"id":32388,"date":"2025-07-19T08:09:06","date_gmt":"2025-07-19T08:09:06","guid":{"rendered":"https:\/\/rollingringdrives.com\/?post_type=product&#038;p=32388"},"modified":"2026-01-17T01:54:26","modified_gmt":"2026-01-17T01:54:26","slug":"semi-automatic-cable-reeling-and-coiling-machines","status":"publish","type":"product","link":"https:\/\/rollingringdrives.com\/pt\/produtos\/semi-automatic-cable-reeling-and-coiling-machines\/","title":{"rendered":"M\u00e1quinas semiautom\u00e1ticas de enrolamento e enrolamento de cabos"},"content":{"rendered":"<p>As m\u00e1quinas de enrolamento e enrolamento de cabos s\u00e3o aplicadas principalmente na ind\u00fastria de fios e cabos para enrolar e agrupar fios e cabos:<\/p>\n<p>\u2022 Organizar Cabos e Fios: Enrola diversos fios condutores, macios ou r\u00edgidos (como fios de cobre, fios isolados com esmalte, fios estanhados, fios de a\u00e7o revestidos de cobre, fios de alum\u00ednio revestidos de cobre, etc.) e fios eletr\u00f4nicos (como cabos de alimenta\u00e7\u00e3o, fios telef\u00f4nicos, fios de \u00e1udio, fios de v\u00eddeo, fios automotivos, cabos de rede, etc.) em bobinas de acordo com determinadas regras. Isso torna os fios e cabos organizados e esteticamente agrad\u00e1veis, facilitando o transporte, o armazenamento e o uso subsequentes.<\/p>\n<p>\u2022 Melhorar a efici\u00eancia da produ\u00e7\u00e3o: Comparada \u00e0 bobinagem manual, a m\u00e1quina de bobinagem possui um alto grau de automa\u00e7\u00e3o e uma velocidade de recolhimento r\u00e1pida (por exemplo, a velocidade de recolhimento de alguns modelos pode ser ajustada de 0 a 300). Ela pode aumentar significativamente a efici\u00eancia da produ\u00e7\u00e3o. Alguns modelos podem at\u00e9 permitir que uma \u00fanica pessoa conclua v\u00e1rios processos, como bobinagem de fios, enfardamento e embalagem com filme pl\u00e1stico.<\/p>\n<p>\u2022 Medi\u00e7\u00e3o e controle precisos: Equipado com um contador de metros para medi\u00e7\u00e3o precisa, ele para automaticamente ao atingir o comprimento definido. Isso \u00e9 conveniente para enrolar de acordo com o comprimento especificado e tamb\u00e9m para controlar o uso e o custo de fios e cabos.<\/p>\n<p>\u2022 Garanta a qualidade do enrolamento: por meio do dispositivo de enrolamento autom\u00e1tico, o passo do enrolamento n\u00e3o \u00e9 afetado pelo di\u00e2metro do fio, e a qualidade do enrolamento \u00e9 est\u00e1vel, evitando problemas como fios desordenados e sobrepostos durante o processo de enrolamento.<\/p>\n<div id=\"footable_parent_32389\"\n         class=\"footable_parent ninja_table_wrapper loading_ninja_table wp_table_data_press_parent semantic_ui\">\n                <table data-ninja_table_instance=\"ninja_table_instance_0\" data-footable_id=\"32389\" data-filter-delay=\"1000\" aria-label=\"\u65b0\u5efa XLS \u5de5\u4f5c\u8868 (2).csv\"            id=\"footable_32389\"\n           data-unique_identifier=\"ninja_table_unique_id_1020303968_32389\"\n           class=\"foo-table ninja_footable foo_table_32389 ninja_table_unique_id_1020303968_32389 ui table  nt_type_legacy_table selectable striped vertical_centered  footable-paging-right ninja_table_pro\">\n                <colgroup>\n                            <col class=\"ninja_column_0\">\n                            <col class=\"ninja_column_1\">\n                    <\/colgroup>\n        <thead>\n<tr class=\"footable-header\">\n                                        <th scope=\"col\"  class=\"ninja_column_0 ninja_clmn_nm_model\">Modelo<\/th><th scope=\"col\"  class=\"ninja_column_1 ninja_clmn_nm_qpc5\">QPC500<\/th><\/tr>\n<\/thead>\n<tbody>\n\n        <tr data-row_id=\"1764\" class=\"ninja_table_row_0 nt_row_id_1764\">\n            <td>Di\u00e2metro do fio<\/td><td> 0,5-25 mm<\/td>        <\/tr>\n            <tr data-row_id=\"1765\" class=\"ninja_table_row_1 nt_row_id_1765\">\n            <td>tamanho do carretel<\/td><td>OD200-500MM<\/td>        <\/tr>\n            <tr data-row_id=\"1766\" class=\"ninja_table_row_2 nt_row_id_1766\">\n            <td>tamanho da bobina<\/td><td>Di\u00e2metro externo \u2264500 mm Di\u00e2metro interno 120\/140 mm Largura 40-100 mm<\/td>        <\/tr>\n            <tr data-row_id=\"1767\" class=\"ninja_table_row_3 nt_row_id_1767\">\n            <td>Velocidade de aceita\u00e7\u00e3o<\/td><td>0-250RPM (velocidade personaliz\u00e1vel)<\/td>        <\/tr>\n            <tr data-row_id=\"1768\" class=\"ninja_table_row_4 nt_row_id_1768\">\n            <td>Modo de fia\u00e7\u00e3o<\/td><td>acionamento de anel rolante<\/td>        <\/tr>\n            <tr data-row_id=\"1769\" class=\"ninja_table_row_5 nt_row_id_1769\">\n            <td>Suporte de carga<\/td><td>100 kg<\/td>        <\/tr>\n            <tr data-row_id=\"1770\" class=\"ninja_table_row_6 nt_row_id_1770\">\n            <td>Pot\u00eancia do motor<\/td><td>2,2 kW<\/td>        <\/tr>\n            <tr data-row_id=\"1771\" class=\"ninja_table_row_7 nt_row_id_1771\">\n            <td>Tens\u00e3o<\/td><td>energia trif\u00e1sica 380v 50hz<\/td>        <\/tr>\n            <tr data-row_id=\"1772\" class=\"ninja_table_row_8 nt_row_id_1772\">\n            <td>Tamanho da m\u00e1quina<\/td><td>1,32*1,32*1,52 metros<\/td>        <\/tr>\n            <tr data-row_id=\"1773\" class=\"ninja_table_row_9 nt_row_id_1773\">\n            <td>peso<\/td><td>280 kg<\/td>        <\/tr>\n    <\/tbody><!--ninja_tobody_rendering_done-->\n    <\/table>\n    \n    \n    \n<\/div>\n\n<p>&nbsp;<\/p>","protected":false},"excerpt":{"rendered":"<p>1\u3001 A produ\u00e7\u00e3o tem alta efic\u00e1cia, o custo de m\u00e3o de obra \u00e9 de apenas 20%6 do modelo tradicional.<br \/>\n2\u3001Usando o arranjo autom\u00e1tico, a velocidade de recolhimento \u00e9 2 a 3 vezes mais r\u00e1pida que o modelo tradicional.<br \/>\n3\u3001Usando um dispositivo de encaderna\u00e7\u00e3o r\u00e1pida, ap\u00f3s circular o cabo pode ser removido de forma f\u00e1cil e r\u00e1pida da mesa de trabalho, economizando muito tempo. N\u00e3o h\u00e1 nenhum fator de m\u00e3o de obra para impactar a qualidade do arranjo.<\/p>","protected":false},"featured_media":32390,"template":"","meta":{"site-sidebar-layout":"default","site-content-layout":"default","ast-global-header-display":"","ast-banner-title-visibility":"","ast-main-header-display":"","ast-hfb-above-header-display":"","ast-hfb-below-header-display":"","ast-hfb-mobile-header-display":"","site-post-title":"","ast-breadcrumbs-content":"","ast-featured-img":"","footer-sml-layout":"","theme-transparent-header-meta":"default","adv-header-id-meta":"","stick-header-meta":"","header-above-stick-meta":"","header-main-stick-meta":"","header-below-stick-meta":""},"product_brand":[],"product_cat":[51,150],"product_tag":[],"class_list":{"0":"post-32388","1":"product","2":"type-product","3":"status-publish","4":"has-post-thumbnail","6":"product_cat-wire-take-up-machine","7":"product_cat-shaft-type-wire-take-up-machine","8":"desktop-align-left","9":"tablet-align-left","10":"mobile-align-left","12":"first","13":"instock","14":"shipping-taxable","15":"product-type-simple"},"yoast_head":"<!-- This site is optimized with the Yoast SEO Premium plugin v20.12 (Yoast SEO v26.0) - https:\/\/yoast.com\/wordpress\/plugins\/seo\/ -->\n<title>Semi-automatic cable reeling and coiling machines - QiPang<\/title>\n<meta name=\"robots\" content=\"index, follow, max-snippet:-1, max-image-preview:large, max-video-preview:-1\" \/>\n<link rel=\"canonical\" href=\"https:\/\/rollingringdrives.com\/pt\/produtos\/semi-automatic-cable-reeling-and-coiling-machines\/\" \/>\n<meta property=\"og:locale\" content=\"pt_PT\" \/>\n<meta property=\"og:type\" content=\"article\" \/>\n<meta property=\"og:title\" content=\"Semi-automatic cable reeling and coiling machines\" \/>\n<meta property=\"og:description\" content=\"1\u3001 Production has high effectiveness, the man power costis only 20%6of traditional model. 2\u3001Using automatic arranging, take-up speed is 2-3 times faster than traditional model. 3\u3001Using quick binding device, after circling the cable can be easily and quickly removed from work table, lots of time can be saved There is no any manpower-factor to impact the arranging quality\" \/>\n<meta property=\"og:url\" content=\"https:\/\/rollingringdrives.com\/pt\/produtos\/semi-automatic-cable-reeling-and-coiling-machines\/\" \/>\n<meta property=\"og:site_name\" content=\"QiPang\" \/>\n<meta property=\"article:modified_time\" content=\"2026-01-17T01:54:26+00:00\" \/>\n<meta property=\"og:image\" content=\"https:\/\/rollingringdrives.com\/wp-content\/uploads\/2025\/07\/\u4e3b\u56fe3pg.jpg\" \/>\n\t<meta property=\"og:image:width\" content=\"1000\" \/>\n\t<meta property=\"og:image:height\" content=\"1000\" \/>\n\t<meta property=\"og:image:type\" content=\"image\/jpeg\" \/>\n<meta name=\"twitter:card\" content=\"summary_large_image\" \/>\n<meta name=\"twitter:label1\" content=\"Est. reading time\" \/>\n\t<meta name=\"twitter:data1\" content=\"2 minutos\" \/>\n<script type=\"application\/ld+json\" class=\"yoast-schema-graph\">{\"@context\":\"https:\/\/schema.org\",\"@graph\":[{\"@type\":\"WebPage\",\"@id\":\"https:\/\/rollingringdrives.com\/product\/semi-automatic-cable-reeling-and-coiling-machines\/\",\"url\":\"https:\/\/rollingringdrives.com\/product\/semi-automatic-cable-reeling-and-coiling-machines\/\",\"name\":\"Semi-automatic cable reeling and coiling machines - QiPang\",\"isPartOf\":{\"@id\":\"https:\/\/rollingringdrives.com\/#website\"},\"primaryImageOfPage\":{\"@id\":\"https:\/\/rollingringdrives.com\/product\/semi-automatic-cable-reeling-and-coiling-machines\/#primaryimage\"},\"image\":{\"@id\":\"https:\/\/rollingringdrives.com\/product\/semi-automatic-cable-reeling-and-coiling-machines\/#primaryimage\"},\"thumbnailUrl\":\"https:\/\/rollingringdrives.com\/wp-content\/uploads\/2025\/07\/\u4e3b\u56fe3pg.jpg\",\"datePublished\":\"2025-07-19T08:09:06+00:00\",\"dateModified\":\"2026-01-17T01:54:26+00:00\",\"breadcrumb\":{\"@id\":\"https:\/\/rollingringdrives.com\/product\/semi-automatic-cable-reeling-and-coiling-machines\/#breadcrumb\"},\"inLanguage\":\"pt-PT\",\"potentialAction\":[{\"@type\":\"ReadAction\",\"target\":[\"https:\/\/rollingringdrives.com\/product\/semi-automatic-cable-reeling-and-coiling-machines\/\"]}]},{\"@type\":\"ImageObject\",\"inLanguage\":\"pt-PT\",\"@id\":\"https:\/\/rollingringdrives.com\/product\/semi-automatic-cable-reeling-and-coiling-machines\/#primaryimage\",\"url\":\"https:\/\/rollingringdrives.com\/wp-content\/uploads\/2025\/07\/\u4e3b\u56fe3pg.jpg\",\"contentUrl\":\"https:\/\/rollingringdrives.com\/wp-content\/uploads\/2025\/07\/\u4e3b\u56fe3pg.jpg\",\"width\":1000,\"height\":1000,\"caption\":\"coil windermachine\"},{\"@type\":\"BreadcrumbList\",\"@id\":\"https:\/\/rollingringdrives.com\/product\/semi-automatic-cable-reeling-and-coiling-machines\/#breadcrumb\",\"itemListElement\":[{\"@type\":\"ListItem\",\"position\":1,\"name\":\"Home\",\"item\":\"https:\/\/rollingringdrives.com\/\"},{\"@type\":\"ListItem\",\"position\":2,\"name\":\"Machines\",\"item\":\"https:\/\/rollingringdrives.com\/machines\/\"},{\"@type\":\"ListItem\",\"position\":3,\"name\":\"Semi-automatic cable reeling and coiling machines\"}]},{\"@type\":\"WebSite\",\"@id\":\"https:\/\/rollingringdrives.com\/#website\",\"url\":\"https:\/\/rollingringdrives.com\/\",\"name\":\"QiPang\",\"description\":\"QiPang Blog\",\"publisher\":{\"@id\":\"https:\/\/rollingringdrives.com\/#organization\"},\"potentialAction\":[{\"@type\":\"SearchAction\",\"target\":{\"@type\":\"EntryPoint\",\"urlTemplate\":\"https:\/\/rollingringdrives.com\/?s={search_term_string}\"},\"query-input\":{\"@type\":\"PropertyValueSpecification\",\"valueRequired\":true,\"valueName\":\"search_term_string\"}}],\"inLanguage\":\"pt-PT\"},{\"@type\":\"Organization\",\"@id\":\"https:\/\/rollingringdrives.com\/#organization\",\"name\":\"QiPang\",\"url\":\"https:\/\/rollingringdrives.com\/\",\"logo\":{\"@type\":\"ImageObject\",\"inLanguage\":\"pt-PT\",\"@id\":\"https:\/\/rollingringdrives.com\/#\/schema\/logo\/image\/\",\"url\":\"https:\/\/rollingringdrives.com\/wp-content\/uploads\/2023\/05\/cropped-\u672a\u547d\u540d\u7684\u8bbe\u8ba1.png\",\"contentUrl\":\"https:\/\/rollingringdrives.com\/wp-content\/uploads\/2023\/05\/cropped-\u672a\u547d\u540d\u7684\u8bbe\u8ba1.png\",\"width\":300,\"height\":191,\"caption\":\"QiPang\"},\"image\":{\"@id\":\"https:\/\/rollingringdrives.com\/#\/schema\/logo\/image\/\"}}]}<\/script>\n<!-- \/ Yoast SEO Premium plugin. -->","yoast_head_json":{"title":"M\u00e1quinas semiautom\u00e1ticas de enrolamento e enrolamento de cabos - QiPang","robots":{"index":"index","follow":"follow","max-snippet":"max-snippet:-1","max-image-preview":"max-image-preview:large","max-video-preview":"max-video-preview:-1"},"canonical":"https:\/\/rollingringdrives.com\/pt\/produtos\/semi-automatic-cable-reeling-and-coiling-machines\/","og_locale":"pt_PT","og_type":"article","og_title":"Semi-automatic cable reeling and coiling machines","og_description":"1\u3001 Production has high effectiveness, the man power costis only 20%6of traditional model. 2\u3001Using automatic arranging, take-up speed is 2-3 times faster than traditional model. 3\u3001Using quick binding device, after circling the cable can be easily and quickly removed from work table, lots of time can be saved There is no any manpower-factor to impact the arranging quality","og_url":"https:\/\/rollingringdrives.com\/pt\/produtos\/semi-automatic-cable-reeling-and-coiling-machines\/","og_site_name":"QiPang","article_modified_time":"2026-01-17T01:54:26+00:00","og_image":[{"width":1000,"height":1000,"url":"https:\/\/rollingringdrives.com\/wp-content\/uploads\/2025\/07\/\u4e3b\u56fe3pg.jpg","type":"image\/jpeg"}],"twitter_card":"summary_large_image","twitter_misc":{"Est. reading time":"2 minutos"},"schema":{"@context":"https:\/\/schema.org","@graph":[{"@type":"WebPage","@id":"https:\/\/rollingringdrives.com\/product\/semi-automatic-cable-reeling-and-coiling-machines\/","url":"https:\/\/rollingringdrives.com\/product\/semi-automatic-cable-reeling-and-coiling-machines\/","name":"M\u00e1quinas semiautom\u00e1ticas de enrolamento e enrolamento de cabos - QiPang","isPartOf":{"@id":"https:\/\/rollingringdrives.com\/#website"},"primaryImageOfPage":{"@id":"https:\/\/rollingringdrives.com\/product\/semi-automatic-cable-reeling-and-coiling-machines\/#primaryimage"},"image":{"@id":"https:\/\/rollingringdrives.com\/product\/semi-automatic-cable-reeling-and-coiling-machines\/#primaryimage"},"thumbnailUrl":"https:\/\/rollingringdrives.com\/wp-content\/uploads\/2025\/07\/\u4e3b\u56fe3pg.jpg","datePublished":"2025-07-19T08:09:06+00:00","dateModified":"2026-01-17T01:54:26+00:00","breadcrumb":{"@id":"https:\/\/rollingringdrives.com\/product\/semi-automatic-cable-reeling-and-coiling-machines\/#breadcrumb"},"inLanguage":"pt-PT","potentialAction":[{"@type":"ReadAction","target":["https:\/\/rollingringdrives.com\/product\/semi-automatic-cable-reeling-and-coiling-machines\/"]}]},{"@type":"ImageObject","inLanguage":"pt-PT","@id":"https:\/\/rollingringdrives.com\/product\/semi-automatic-cable-reeling-and-coiling-machines\/#primaryimage","url":"https:\/\/rollingringdrives.com\/wp-content\/uploads\/2025\/07\/\u4e3b\u56fe3pg.jpg","contentUrl":"https:\/\/rollingringdrives.com\/wp-content\/uploads\/2025\/07\/\u4e3b\u56fe3pg.jpg","width":1000,"height":1000,"caption":"coil windermachine"},{"@type":"BreadcrumbList","@id":"https:\/\/rollingringdrives.com\/product\/semi-automatic-cable-reeling-and-coiling-machines\/#breadcrumb","itemListElement":[{"@type":"ListItem","position":1,"name":"Home","item":"https:\/\/rollingringdrives.com\/"},{"@type":"ListItem","position":2,"name":"Machines","item":"https:\/\/rollingringdrives.com\/machines\/"},{"@type":"ListItem","position":3,"name":"Semi-automatic cable reeling and coiling machines"}]},{"@type":"WebSite","@id":"https:\/\/rollingringdrives.com\/#website","url":"https:\/\/rollingringdrives.com\/","name":"QiPangName","description":"Blog QiPang","publisher":{"@id":"https:\/\/rollingringdrives.com\/#organization"},"potentialAction":[{"@type":"SearchAction","target":{"@type":"EntryPoint","urlTemplate":"https:\/\/rollingringdrives.com\/?s={search_term_string}"},"query-input":{"@type":"PropertyValueSpecification","valueRequired":true,"valueName":"search_term_string"}}],"inLanguage":"pt-PT"},{"@type":"Organization","@id":"https:\/\/rollingringdrives.com\/#organization","name":"QiPangName","url":"https:\/\/rollingringdrives.com\/","logo":{"@type":"ImageObject","inLanguage":"pt-PT","@id":"https:\/\/rollingringdrives.com\/#\/schema\/logo\/image\/","url":"https:\/\/rollingringdrives.com\/wp-content\/uploads\/2023\/05\/cropped-\u672a\u547d\u540d\u7684\u8bbe\u8ba1.png","contentUrl":"https:\/\/rollingringdrives.com\/wp-content\/uploads\/2023\/05\/cropped-\u672a\u547d\u540d\u7684\u8bbe\u8ba1.png","width":300,"height":191,"caption":"QiPang"},"image":{"@id":"https:\/\/rollingringdrives.com\/#\/schema\/logo\/image\/"}}]}},"_links":{"self":[{"href":"https:\/\/rollingringdrives.com\/pt\/wp-json\/wp\/v2\/product\/32388","targetHints":{"allow":["GET"]}}],"collection":[{"href":"https:\/\/rollingringdrives.com\/pt\/wp-json\/wp\/v2\/product"}],"about":[{"href":"https:\/\/rollingringdrives.com\/pt\/wp-json\/wp\/v2\/types\/product"}],"version-history":[{"count":0,"href":"https:\/\/rollingringdrives.com\/pt\/wp-json\/wp\/v2\/product\/32388\/revisions"}],"wp:featuredmedia":[{"embeddable":true,"href":"https:\/\/rollingringdrives.com\/pt\/wp-json\/wp\/v2\/media\/32390"}],"wp:attachment":[{"href":"https:\/\/rollingringdrives.com\/pt\/wp-json\/wp\/v2\/media?parent=32388"}],"wp:term":[{"taxonomy":"product_brand","embeddable":true,"href":"https:\/\/rollingringdrives.com\/pt\/wp-json\/wp\/v2\/product_brand?post=32388"},{"taxonomy":"product_cat","embeddable":true,"href":"https:\/\/rollingringdrives.com\/pt\/wp-json\/wp\/v2\/product_cat?post=32388"},{"taxonomy":"product_tag","embeddable":true,"href":"https:\/\/rollingringdrives.com\/pt\/wp-json\/wp\/v2\/product_tag?post=32388"}],"curies":[{"name":"wp","href":"https:\/\/api.w.org\/{rel}","templated":true}]}}