{"id":32429,"date":"2025-07-25T03:54:00","date_gmt":"2025-07-25T03:54:00","guid":{"rendered":"https:\/\/rollingringdrives.com\/?post_type=product&#038;p=32429"},"modified":"2025-07-25T06:04:35","modified_gmt":"2025-07-25T06:04:35","slug":"spool-moving-flat-copper-traverse-plc-servo-take-up-winding-machine","status":"publish","type":"product","link":"https:\/\/rollingringdrives.com\/pt\/produtos\/spool-moving-flat-copper-traverse-plc-servo-take-up-winding-machine\/","title":{"rendered":"M\u00e1quina de enrolamento servo PLC transversal de cobre plano em movimento de carretel"},"content":{"rendered":"<p>A m\u00e1quina adota uma estrutura m\u00f3vel completa, o que aumenta a capacidade de carga do equipamento. O fio mant\u00e9m uma linha reta, o levantamento el\u00e9trico e a eleva\u00e7\u00e3o s\u00e3o f\u00e1ceis de operar. Fio de parafuso de esferas, adequado para diferentes di\u00e2metros, de alta precis\u00e3o. Uma camada de papel pode ser colocada por baixo. Usos: fio tran\u00e7ado, extrudado, irradiado, fio de cobre de nova energia, fio plano, fio de alum\u00ednio.<\/p>\n<div class=\"ast-oembed-container\" style=\"height: 100%;\"><iframe title=\"M\u00e1quina de enrolamento servo PLC transversal de cobre plano em movimento de carretel\" width=\"500\" height=\"281\" src=\"https:\/\/www.youtube.com\/embed\/o1ffzNLZuhA?feature=oembed\" frameborder=\"0\" allow=\"accelerometer; autoplay; clipboard-write; encrypted-media; gyroscope; picture-in-picture; web-share\" referrerpolicy=\"strict-origin-when-cross-origin\" allowfullscreen><\/iframe><\/div>\n<p>Modo de eleva\u00e7\u00e3o: adote o modo de eleva\u00e7\u00e3o el\u00e9trica<\/p>\n<p>Modo de fixa\u00e7\u00e3o da bobina: fixa\u00e7\u00e3o do motor de desacelera\u00e7\u00e3o de 400 W<\/p>\n<p>Modelo de capta\u00e7\u00e3o: servo motor CA Siemens de 0,75 kW e 1500 rpm, controle de velocidade e tens\u00e3o pode ser alcan\u00e7ado<br \/>\nTorque de recolhimento: M\u00e1x. ~4600 Nm<br \/>\nO percurso do fio adota acionamento por servo motor CA, passo do fio de percurso do parafuso de esferas: 0~40 mm e sincroniza\u00e7\u00e3o com recolhimento.<\/p>\n<p>O dispositivo cont\u00e9m freios pneum\u00e1ticos que podem ser usados para frear rapidamente durante o tempo de inatividade.<\/p>\n<p>Controle PLC Siemens S7-1200, tela sens\u00edvel ao toque de 7 polegadas, fia\u00e7\u00e3o transversal de controle. O passo da fia\u00e7\u00e3o pode ser definido na tela sens\u00edvel ao toque. Principais pe\u00e7as de rolamento usam NSk.<\/p>\n<p>&nbsp;<\/p>","protected":false},"excerpt":{"rendered":"<p>di\u00e2metro do carretel: \u0444800-1000 mm (personaliza\u00e7\u00e3o)<br \/>\nLargura do carretel: 750 mm<br \/>\nDi\u00e2metro interno do carretel: \u042480 mm<br \/>\nVelocidade de linha aplic\u00e1vel: &lt;50m\/min, (fio de cobre e alum\u00ednio)<br \/>\nControle de for\u00e7a ascendente: freio de p\u00f3 magn\u00e9tico de 10 kg<br \/>\nElevador de carretel de arame: Velocidade constante de 0,75 kW-4 motor + eleva\u00e7\u00e3o de caixa de engrenagens RV63<br \/>\nM\u00e9todo de rebobinamento e conex\u00e3o: disco de movimenta\u00e7\u00e3o de parafuso servo de precis\u00e3o com alinhamento autom\u00e1tico e opera\u00e7\u00e3o de interface homem-m\u00e1quina<br \/>\nServo motores para fia\u00e7\u00e3o: Ori SDP20-1.5KW<br \/>\nSistema PLC: Dimension Controls LX5V-1412MT<br \/>\nTens\u00e3o m\u00e1xima de enrolamento: 180N\/m<br \/>\nFor\u00e7a m\u00e1xima ascendente da linha de desenrolamento: 0-80 N&#039;m (ajust\u00e1vel)<br \/>\nM\u00e9todo de ajuste da for\u00e7a ascendente: ajuste de corrente do bot\u00e3o, tabela de dados de corrente<br \/>\nFonte de alimenta\u00e7\u00e3o: 380V 50HZ<br \/>\nfor\u00e7a motriz: motor de torque 5N\/MM + redutor NMR V90 (com extrusora)<\/p>","protected":false},"featured_media":32432,"template":"","meta":{"site-sidebar-layout":"default","site-content-layout":"default","ast-global-header-display":"","ast-banner-title-visibility":"","ast-main-header-display":"","ast-hfb-above-header-display":"","ast-hfb-below-header-display":"","ast-hfb-mobile-header-display":"","site-post-title":"","ast-breadcrumbs-content":"","ast-featured-img":"","footer-sml-layout":"","theme-transparent-header-meta":"default","adv-header-id-meta":"","stick-header-meta":"","header-above-stick-meta":"","header-main-stick-meta":"","header-below-stick-meta":""},"product_brand":[],"product_cat":[51,130],"product_tag":[],"class_list":{"0":"post-32429","1":"product","2":"type-product","3":"status-publish","4":"has-post-thumbnail","6":"product_cat-wire-take-up-machine","7":"product_cat-servo-precision-winder-machine","8":"desktop-align-left","9":"tablet-align-left","10":"mobile-align-left","12":"first","13":"instock","14":"shipping-taxable","15":"product-type-simple"},"yoast_head":"<!-- This site is optimized with the Yoast SEO Premium plugin v20.12 (Yoast SEO v26.0) - https:\/\/yoast.com\/wordpress\/plugins\/seo\/ -->\n<title>spool moving Flat copper Traverse PLC Servo Take-up winding Machine - QiPang<\/title>\n<meta name=\"robots\" content=\"index, follow, max-snippet:-1, max-image-preview:large, max-video-preview:-1\" \/>\n<link rel=\"canonical\" href=\"https:\/\/rollingringdrives.com\/pt\/produtos\/spool-moving-flat-copper-traverse-plc-servo-take-up-winding-machine\/\" \/>\n<meta property=\"og:locale\" content=\"pt_PT\" \/>\n<meta property=\"og:type\" content=\"article\" \/>\n<meta property=\"og:title\" content=\"spool moving Flat copper Traverse PLC Servo Take-up winding Machine\" \/>\n<meta property=\"og:description\" content=\"reel diameter\uff1a\u0444800-1000 mm(Customization) Reel width\uff1a750 mm Reel inner dia\uff1a\u042480 mm Applicable line speed:&lt;50m\/min, (copper and aluminum wire) Rising force control:10 kg magnetic powder brake Wire reel lift:Constant speed 0.75Kw-4 motor+ RV63 gearbox lift Rewind and wire up method:Precision servo screw moving disk automatic lineup human-machine interface operation Servo motors for wiring:Ori SDP20-1.5KW PLC system:Dimension Controls LX5V-1412MT Maximum winding tension: 180N\/m Maximum upward force of the unwinding line:0-80N&#039;m (adjustable) Rising force adjustment method: Knob current adjustment, current data table Power source: 380V 50HZ driving force :5N\/MM torque motor + NMR V90 reducer (with extruder)\" \/>\n<meta property=\"og:url\" content=\"https:\/\/rollingringdrives.com\/pt\/produtos\/spool-moving-flat-copper-traverse-plc-servo-take-up-winding-machine\/\" \/>\n<meta property=\"og:site_name\" content=\"QiPang\" \/>\n<meta property=\"article:modified_time\" content=\"2025-07-25T06:04:35+00:00\" \/>\n<meta property=\"og:image\" content=\"https:\/\/rollingringdrives.com\/wp-content\/uploads\/2025\/07\/traverse-4.jpg\" \/>\n\t<meta property=\"og:image:width\" content=\"800\" \/>\n\t<meta property=\"og:image:height\" content=\"800\" \/>\n\t<meta property=\"og:image:type\" content=\"image\/jpeg\" \/>\n<meta name=\"twitter:card\" content=\"summary_large_image\" \/>\n<meta name=\"twitter:label1\" content=\"Est. reading time\" \/>\n\t<meta name=\"twitter:data1\" content=\"1 minuto\" \/>\n<script type=\"application\/ld+json\" class=\"yoast-schema-graph\">{\"@context\":\"https:\/\/schema.org\",\"@graph\":[{\"@type\":\"WebPage\",\"@id\":\"https:\/\/rollingringdrives.com\/product\/spool-moving-flat-copper-traverse-plc-servo-take-up-winding-machine\/\",\"url\":\"https:\/\/rollingringdrives.com\/product\/spool-moving-flat-copper-traverse-plc-servo-take-up-winding-machine\/\",\"name\":\"spool moving Flat copper Traverse PLC Servo Take-up winding Machine - QiPang\",\"isPartOf\":{\"@id\":\"https:\/\/rollingringdrives.com\/#website\"},\"primaryImageOfPage\":{\"@id\":\"https:\/\/rollingringdrives.com\/product\/spool-moving-flat-copper-traverse-plc-servo-take-up-winding-machine\/#primaryimage\"},\"image\":{\"@id\":\"https:\/\/rollingringdrives.com\/product\/spool-moving-flat-copper-traverse-plc-servo-take-up-winding-machine\/#primaryimage\"},\"thumbnailUrl\":\"https:\/\/rollingringdrives.com\/wp-content\/uploads\/2025\/07\/traverse-4.jpg\",\"datePublished\":\"2025-07-25T03:54:00+00:00\",\"dateModified\":\"2025-07-25T06:04:35+00:00\",\"breadcrumb\":{\"@id\":\"https:\/\/rollingringdrives.com\/product\/spool-moving-flat-copper-traverse-plc-servo-take-up-winding-machine\/#breadcrumb\"},\"inLanguage\":\"pt-PT\",\"potentialAction\":[{\"@type\":\"ReadAction\",\"target\":[\"https:\/\/rollingringdrives.com\/product\/spool-moving-flat-copper-traverse-plc-servo-take-up-winding-machine\/\"]}]},{\"@type\":\"ImageObject\",\"inLanguage\":\"pt-PT\",\"@id\":\"https:\/\/rollingringdrives.com\/product\/spool-moving-flat-copper-traverse-plc-servo-take-up-winding-machine\/#primaryimage\",\"url\":\"https:\/\/rollingringdrives.com\/wp-content\/uploads\/2025\/07\/traverse-4.jpg\",\"contentUrl\":\"https:\/\/rollingringdrives.com\/wp-content\/uploads\/2025\/07\/traverse-4.jpg\",\"width\":800,\"height\":800,\"caption\":\"traversing take up\u2019s\"},{\"@type\":\"BreadcrumbList\",\"@id\":\"https:\/\/rollingringdrives.com\/product\/spool-moving-flat-copper-traverse-plc-servo-take-up-winding-machine\/#breadcrumb\",\"itemListElement\":[{\"@type\":\"ListItem\",\"position\":1,\"name\":\"Home\",\"item\":\"https:\/\/rollingringdrives.com\/\"},{\"@type\":\"ListItem\",\"position\":2,\"name\":\"Machines\",\"item\":\"https:\/\/rollingringdrives.com\/machines\/\"},{\"@type\":\"ListItem\",\"position\":3,\"name\":\"spool moving Flat copper Traverse PLC Servo Take-up winding Machine\"}]},{\"@type\":\"WebSite\",\"@id\":\"https:\/\/rollingringdrives.com\/#website\",\"url\":\"https:\/\/rollingringdrives.com\/\",\"name\":\"QiPang\",\"description\":\"QiPang Blog\",\"publisher\":{\"@id\":\"https:\/\/rollingringdrives.com\/#organization\"},\"potentialAction\":[{\"@type\":\"SearchAction\",\"target\":{\"@type\":\"EntryPoint\",\"urlTemplate\":\"https:\/\/rollingringdrives.com\/?s={search_term_string}\"},\"query-input\":{\"@type\":\"PropertyValueSpecification\",\"valueRequired\":true,\"valueName\":\"search_term_string\"}}],\"inLanguage\":\"pt-PT\"},{\"@type\":\"Organization\",\"@id\":\"https:\/\/rollingringdrives.com\/#organization\",\"name\":\"QiPang\",\"url\":\"https:\/\/rollingringdrives.com\/\",\"logo\":{\"@type\":\"ImageObject\",\"inLanguage\":\"pt-PT\",\"@id\":\"https:\/\/rollingringdrives.com\/#\/schema\/logo\/image\/\",\"url\":\"https:\/\/rollingringdrives.com\/wp-content\/uploads\/2023\/05\/cropped-\u672a\u547d\u540d\u7684\u8bbe\u8ba1.png\",\"contentUrl\":\"https:\/\/rollingringdrives.com\/wp-content\/uploads\/2023\/05\/cropped-\u672a\u547d\u540d\u7684\u8bbe\u8ba1.png\",\"width\":300,\"height\":191,\"caption\":\"QiPang\"},\"image\":{\"@id\":\"https:\/\/rollingringdrives.com\/#\/schema\/logo\/image\/\"}}]}<\/script>\n<!-- \/ Yoast SEO Premium plugin. -->","yoast_head_json":{"title":"M\u00e1quina de enrolamento servo PLC transversal de cobre plano com movimento de carretel - QiPang","robots":{"index":"index","follow":"follow","max-snippet":"max-snippet:-1","max-image-preview":"max-image-preview:large","max-video-preview":"max-video-preview:-1"},"canonical":"https:\/\/rollingringdrives.com\/pt\/produtos\/spool-moving-flat-copper-traverse-plc-servo-take-up-winding-machine\/","og_locale":"pt_PT","og_type":"article","og_title":"spool moving Flat copper Traverse PLC Servo Take-up winding Machine","og_description":"reel diameter\uff1a\u0444800-1000 mm(Customization) Reel width\uff1a750 mm Reel inner dia\uff1a\u042480 mm Applicable line speed:&lt;50m\/min, (copper and aluminum wire) Rising force control:10 kg magnetic powder brake Wire reel lift:Constant speed 0.75Kw-4 motor+ RV63 gearbox lift Rewind and wire up method:Precision servo screw moving disk automatic lineup human-machine interface operation Servo motors for wiring:Ori SDP20-1.5KW PLC system:Dimension Controls LX5V-1412MT Maximum winding tension: 180N\/m Maximum upward force of the unwinding line:0-80N'm (adjustable) Rising force adjustment method: Knob current adjustment, current data table Power source: 380V 50HZ driving force :5N\/MM torque motor + NMR V90 reducer (with extruder)","og_url":"https:\/\/rollingringdrives.com\/pt\/produtos\/spool-moving-flat-copper-traverse-plc-servo-take-up-winding-machine\/","og_site_name":"QiPang","article_modified_time":"2025-07-25T06:04:35+00:00","og_image":[{"width":800,"height":800,"url":"https:\/\/rollingringdrives.com\/wp-content\/uploads\/2025\/07\/traverse-4.jpg","type":"image\/jpeg"}],"twitter_card":"summary_large_image","twitter_misc":{"Est. reading time":"1 minuto"},"schema":{"@context":"https:\/\/schema.org","@graph":[{"@type":"WebPage","@id":"https:\/\/rollingringdrives.com\/product\/spool-moving-flat-copper-traverse-plc-servo-take-up-winding-machine\/","url":"https:\/\/rollingringdrives.com\/product\/spool-moving-flat-copper-traverse-plc-servo-take-up-winding-machine\/","name":"M\u00e1quina de enrolamento servo PLC transversal de cobre plano com movimento de carretel - QiPang","isPartOf":{"@id":"https:\/\/rollingringdrives.com\/#website"},"primaryImageOfPage":{"@id":"https:\/\/rollingringdrives.com\/product\/spool-moving-flat-copper-traverse-plc-servo-take-up-winding-machine\/#primaryimage"},"image":{"@id":"https:\/\/rollingringdrives.com\/product\/spool-moving-flat-copper-traverse-plc-servo-take-up-winding-machine\/#primaryimage"},"thumbnailUrl":"https:\/\/rollingringdrives.com\/wp-content\/uploads\/2025\/07\/traverse-4.jpg","datePublished":"2025-07-25T03:54:00+00:00","dateModified":"2025-07-25T06:04:35+00:00","breadcrumb":{"@id":"https:\/\/rollingringdrives.com\/product\/spool-moving-flat-copper-traverse-plc-servo-take-up-winding-machine\/#breadcrumb"},"inLanguage":"pt-PT","potentialAction":[{"@type":"ReadAction","target":["https:\/\/rollingringdrives.com\/product\/spool-moving-flat-copper-traverse-plc-servo-take-up-winding-machine\/"]}]},{"@type":"ImageObject","inLanguage":"pt-PT","@id":"https:\/\/rollingringdrives.com\/product\/spool-moving-flat-copper-traverse-plc-servo-take-up-winding-machine\/#primaryimage","url":"https:\/\/rollingringdrives.com\/wp-content\/uploads\/2025\/07\/traverse-4.jpg","contentUrl":"https:\/\/rollingringdrives.com\/wp-content\/uploads\/2025\/07\/traverse-4.jpg","width":800,"height":800,"caption":"traversing take up\u2019s"},{"@type":"BreadcrumbList","@id":"https:\/\/rollingringdrives.com\/product\/spool-moving-flat-copper-traverse-plc-servo-take-up-winding-machine\/#breadcrumb","itemListElement":[{"@type":"ListItem","position":1,"name":"Home","item":"https:\/\/rollingringdrives.com\/"},{"@type":"ListItem","position":2,"name":"Machines","item":"https:\/\/rollingringdrives.com\/machines\/"},{"@type":"ListItem","position":3,"name":"spool moving Flat copper Traverse PLC Servo Take-up winding Machine"}]},{"@type":"WebSite","@id":"https:\/\/rollingringdrives.com\/#website","url":"https:\/\/rollingringdrives.com\/","name":"QiPangName","description":"Blog QiPang","publisher":{"@id":"https:\/\/rollingringdrives.com\/#organization"},"potentialAction":[{"@type":"SearchAction","target":{"@type":"EntryPoint","urlTemplate":"https:\/\/rollingringdrives.com\/?s={search_term_string}"},"query-input":{"@type":"PropertyValueSpecification","valueRequired":true,"valueName":"search_term_string"}}],"inLanguage":"pt-PT"},{"@type":"Organization","@id":"https:\/\/rollingringdrives.com\/#organization","name":"QiPangName","url":"https:\/\/rollingringdrives.com\/","logo":{"@type":"ImageObject","inLanguage":"pt-PT","@id":"https:\/\/rollingringdrives.com\/#\/schema\/logo\/image\/","url":"https:\/\/rollingringdrives.com\/wp-content\/uploads\/2023\/05\/cropped-\u672a\u547d\u540d\u7684\u8bbe\u8ba1.png","contentUrl":"https:\/\/rollingringdrives.com\/wp-content\/uploads\/2023\/05\/cropped-\u672a\u547d\u540d\u7684\u8bbe\u8ba1.png","width":300,"height":191,"caption":"QiPang"},"image":{"@id":"https:\/\/rollingringdrives.com\/#\/schema\/logo\/image\/"}}]}},"_links":{"self":[{"href":"https:\/\/rollingringdrives.com\/pt\/wp-json\/wp\/v2\/product\/32429","targetHints":{"allow":["GET"]}}],"collection":[{"href":"https:\/\/rollingringdrives.com\/pt\/wp-json\/wp\/v2\/product"}],"about":[{"href":"https:\/\/rollingringdrives.com\/pt\/wp-json\/wp\/v2\/types\/product"}],"version-history":[{"count":0,"href":"https:\/\/rollingringdrives.com\/pt\/wp-json\/wp\/v2\/product\/32429\/revisions"}],"wp:featuredmedia":[{"embeddable":true,"href":"https:\/\/rollingringdrives.com\/pt\/wp-json\/wp\/v2\/media\/32432"}],"wp:attachment":[{"href":"https:\/\/rollingringdrives.com\/pt\/wp-json\/wp\/v2\/media?parent=32429"}],"wp:term":[{"taxonomy":"product_brand","embeddable":true,"href":"https:\/\/rollingringdrives.com\/pt\/wp-json\/wp\/v2\/product_brand?post=32429"},{"taxonomy":"product_cat","embeddable":true,"href":"https:\/\/rollingringdrives.com\/pt\/wp-json\/wp\/v2\/product_cat?post=32429"},{"taxonomy":"product_tag","embeddable":true,"href":"https:\/\/rollingringdrives.com\/pt\/wp-json\/wp\/v2\/product_tag?post=32429"}],"curies":[{"name":"wp","href":"https:\/\/api.w.org\/{rel}","templated":true}]}}