{"id":32465,"date":"2025-09-13T09:24:24","date_gmt":"2025-09-13T09:24:24","guid":{"rendered":"https:\/\/rollingringdrives.com\/?post_type=product&#038;p=32465"},"modified":"2026-02-07T05:42:42","modified_gmt":"2026-02-07T05:42:42","slug":"active-pay-off-machine","status":"publish","type":"product","link":"https:\/\/rollingringdrives.com\/pt\/produtos\/active-pay-off-machine\/","title":{"rendered":"Qp630 M\u00e1quina de pagamento ativo para enrolamento de cabo"},"content":{"rendered":"<p>Shanghai Qipang \u00e9 uma empresa l\u00edder especializada na investiga\u00e7\u00e3o, conce\u00e7\u00e3o, fabrico e venda de\u00a0<strong>m\u00e1quina de pagamento ativa<\/strong>. A nossa miss\u00e3o \u00e9 fornecer aos clientes solu\u00e7\u00f5es de processamento de fios eficientes, est\u00e1veis e inteligentes atrav\u00e9s da inova\u00e7\u00e3o tecnol\u00f3gica. Desde m\u00e1quinas de desembara\u00e7ar cabos, m\u00e1quinas de enrolar e bobinar cabos a outros equipamentos auxiliares, dedicamo-nos a ajudar os clientes globais a otimizar os processos de produ\u00e7\u00e3o, reduzir os custos operacionais e melhorar a qualidade dos produtos.<\/p>\n<p>A unidade de compensa\u00e7\u00e3o ativa \u00e9 adequada para a compensa\u00e7\u00e3o de fios redondos, fios com bainha plana, cabos \u00f3pticos planos e v\u00e1rios materiais de fios. Pode resolver eficazmente os problemas de acumula\u00e7\u00e3o de cabos e de danos nos cabos que s\u00e3o propensos a ocorrer nos m\u00e9todos tradicionais de recupera\u00e7\u00e3o.<\/p>\n<h2><strong>Par\u00e2metro da m\u00e1quina de pagamento ativo QP630<\/strong><\/h2>\n<div id=\"footable_parent_32473\"\n         class=\"footable_parent ninja_table_wrapper loading_ninja_table wp_table_data_press_parent semantic_ui\">\n                <table data-ninja_table_instance=\"ninja_table_instance_0\" data-footable_id=\"32473\" data-filter-delay=\"1000\" aria-label=\"630 par\u00e2metro da m\u00e1quina de pagamento ativa.csv\"            id=\"footable_32473\"\n           data-unique_identifier=\"ninja_table_unique_id_869516160_32473\"\n           class=\"foo-table ninja_footable foo_table_32473 ninja_table_unique_id_869516160_32473 ui table  ninja_search_right nt_type_legacy_table selectable celled striped vertical_centered  footable-paging-right ninja_table_pro\">\n                <colgroup>\n                            <col class=\"ninja_column_0\">\n                            <col class=\"ninja_column_1\">\n                            <col class=\"ninja_column_2\">\n                    <\/colgroup>\n        <thead>\n<tr class=\"footable-header\">\n                                                        <th scope=\"col\"  class=\"ninja_column_0 ninja_clmn_nm_activepayoffmachinespecification\">Especifica\u00e7\u00e3o da m\u00e1quina de pagamento ativa<\/th><th scope=\"col\"  class=\"ninja_column_1 ninja_clmn_nm_ninja_column_2\"><\/th><th scope=\"col\"  class=\"ninja_column_2 ninja_clmn_nm_ninja_column_3\"><\/th><\/tr>\n<\/thead>\n<tbody>\n\n        <tr data-row_id=\"1803\" class=\"ninja_table_row_0 nt_row_id_1803\">\n            <td>Largura da bobina (mm)<\/td><td>300-475mm<\/td><td>300-475mm<\/td>        <\/tr>\n            <tr data-row_id=\"1804\" class=\"ninja_table_row_1 nt_row_id_1804\">\n            <td>Orif\u00edcio interior da bobina (mm)<\/td><td>56\/80\/127mm<\/td><td>56\/80\/127<\/td>        <\/tr>\n            <tr data-row_id=\"1805\" class=\"ninja_table_row_2 nt_row_id_1805\">\n            <td>Peso m\u00e1ximo. Peso de carga (kg)<\/td><td>450KG<\/td><td>600KG<\/td>        <\/tr>\n            <tr data-row_id=\"1806\" class=\"ninja_table_row_3 nt_row_id_1806\">\n            <td>Di\u00e2metro do fio adequado<\/td><td>0,1-8 mm<\/td><td>0,1-12mm<\/td>        <\/tr>\n            <tr data-row_id=\"1807\" class=\"ninja_table_row_4 nt_row_id_1807\">\n            <td>Velocidade de pagamento<\/td><td>0-300RPM<\/td><td>0-400RPM<\/td>        <\/tr>\n            <tr data-row_id=\"1808\" class=\"ninja_table_row_5 nt_row_id_1808\">\n            <td>Pagar o motor <\/td><td>1,5KW+RV<\/td><td>3KW+RV<\/td>        <\/tr>\n            <tr data-row_id=\"1809\" class=\"ninja_table_row_6 nt_row_id_1809\">\n            <td>Motor de eleva\u00e7\u00e3o<\/td><td>0,75KW+RV63<\/td><td>0,75KW+RV63<\/td>        <\/tr>\n            <tr data-row_id=\"1810\" class=\"ninja_table_row_7 nt_row_id_1810\">\n            <td>Tipo de fixa\u00e7\u00e3o do carreto<\/td><td>De manivela manual ou de cilindro<\/td><td><\/td>        <\/tr>\n            <tr data-row_id=\"1811\" class=\"ninja_table_row_8 nt_row_id_1811\">\n            <td>Modo de controlo<\/td><td>Controlo de regula\u00e7\u00e3o PID<\/td><td><\/td>        <\/tr>\n            <tr data-row_id=\"1812\" class=\"ninja_table_row_9 nt_row_id_1812\">\n            <td>M\u00e9todo de travagem<\/td><td>\/<\/td><td>Travagem electromagn\u00e9tica<\/td>        <\/tr>\n            <tr data-row_id=\"1814\" class=\"ninja_table_row_10 nt_row_id_1814\">\n            <td>Quantidade<\/td><td>1+4+3+1<\/td><td>1+4+3+1<\/td>        <\/tr>\n            <tr data-row_id=\"1815\" class=\"ninja_table_row_11 nt_row_id_1815\">\n            <td>Fonte de alimenta\u00e7\u00e3o<\/td><td>Trif\u00e1sico, 50Hz 380V<\/td><td>Trif\u00e1sico, 50Hz 380V<\/td>        <\/tr>\n            <tr data-row_id=\"1816\" class=\"ninja_table_row_12 nt_row_id_1816\">\n            <td><\/td><td><\/td><td><\/td>        <\/tr>\n            <tr data-row_id=\"1817\" class=\"ninja_table_row_13 nt_row_id_1817\">\n            <td><\/td><td><\/td><td><\/td>        <\/tr>\n    <\/tbody><!--ninja_tobody_rendering_done-->\n    <\/table>\n    \n    \n    \n<\/div>\n\n<div class=\"ast-oembed-container\" style=\"height: 100%;\"><iframe title=\"M\u00c1QUINA DE PAGAMENTO ACTIVA + M\u00c1QUINA DE ALISAMENTO DE FIOS\" width=\"422\" height=\"750\" src=\"https:\/\/www.youtube.com\/embed\/IDccMdT1tH4?feature=oembed\" frameborder=\"0\" allow=\"accelerometer; autoplay; clipboard-write; encrypted-media; gyroscope; picture-in-picture; web-share\" referrerpolicy=\"strict-origin-when-cross-origin\" allowfullscreen><\/iframe><\/div>\n<h2><strong>QP630 Desenho da m\u00e1quina de pagamento ativo<\/strong><\/h2>\n<p><img fetchpriority=\"high\" decoding=\"async\" class=\"alignnone size-full wp-image-32474\" src=\"https:\/\/rollingringdrives.com\/wp-content\/uploads\/2025\/09\/\u56fe\u7247\u52a0\u6c34\u5370\u6210\u529f\u540e\u6587\u4ef6.png\" alt=\"m\u00e1quina de pagamento ativo para desenrolador de bobinas\" width=\"926\" height=\"715\" srcset=\"https:\/\/rollingringdrives.com\/wp-content\/uploads\/2025\/09\/\u56fe\u7247\u52a0\u6c34\u5370\u6210\u529f\u540e\u6587\u4ef6.png 926w, https:\/\/rollingringdrives.com\/wp-content\/uploads\/2025\/09\/\u56fe\u7247\u52a0\u6c34\u5370\u6210\u529f\u540e\u6587\u4ef6-300x232.png 300w, https:\/\/rollingringdrives.com\/wp-content\/uploads\/2025\/09\/\u56fe\u7247\u52a0\u6c34\u5370\u6210\u529f\u540e\u6587\u4ef6-768x593.png 768w, https:\/\/rollingringdrives.com\/wp-content\/uploads\/2025\/09\/\u56fe\u7247\u52a0\u6c34\u5370\u6210\u529f\u540e\u6587\u4ef6-16x12.png 16w, https:\/\/rollingringdrives.com\/wp-content\/uploads\/2025\/09\/\u56fe\u7247\u52a0\u6c34\u5370\u6210\u529f\u540e\u6587\u4ef6-600x463.png 600w\" sizes=\"(max-width: 926px) 100vw, 926px\" \/><\/p>\n<h2><strong>Vantagem da m\u00e1quina de pagamento ativa QP630<\/strong><\/h2>\n<p>1. Efici\u00eancia e precis\u00e3o<br \/>\nO equipamento utiliza um conversor de frequ\u00eancia para controlar a velocidade de sa\u00edda. Combinado com um design de bra\u00e7o oscilante, uma roda de guia oscilante controlada por cilindro e um sensor de deslocamento, garante um pagamento preciso, evita a acumula\u00e7\u00e3o e danos nos cabos e melhora a efici\u00eancia da produ\u00e7\u00e3o.<\/p>\n<p>2. Prote\u00e7\u00e3o da qualidade do fio<br \/>\nA m\u00e1quina de pagamento ativo controla ativamente o processo de pagamento, eliminando problemas como o desbaste e o emaranhamento do n\u00facleo do fio, garantindo uma elevada qualidade do fio ao longo do processo de produ\u00e7\u00e3o. \u00c9 particularmente adequada para enrolar e enrolar pequenos fios quadrados.<\/p>\n<p>3. Elevado n\u00edvel de automatiza\u00e7\u00e3o<br \/>\nO equipamento suporta o pagamento de energia sem eixo, simplificando a carga e descarga da bobina, reduzindo a interven\u00e7\u00e3o manual e melhorando ainda mais o n\u00edvel de automa\u00e7\u00e3o da linha de produ\u00e7\u00e3o.<\/p>\n<p>4. Conce\u00e7\u00e3o estrutural optimizada<br \/>\nAlguns equipamentos apresentam um design de estrutura de pagamento vertical ou horizontal, que \u00e9 compacto e flex\u00edvel, adaptando-se \u00e0s necessidades de v\u00e1rios ambientes de produ\u00e7\u00e3o e aumentando a praticidade do equipamento.<\/p>\n<p>&nbsp;<\/p>","protected":false},"excerpt":{"rendered":"<p>A s\u00e9rie QP de accionamentos e compensa\u00e7\u00f5es foi desenvolvida para aplica\u00e7\u00f5es de maior velocidade de acionamento e compensa\u00e7\u00e3o. A sua conce\u00e7\u00e3o robusta e compacta permite<br \/>\nrequisitos m\u00ednimos de espa\u00e7o no ch\u00e3o com f\u00e1cil carregamento e descarregamento de bobinas com capacidades de roll-thru e opera\u00e7\u00e3o de carregamento de bobinas com posicionamento sem eixo.<\/p>","protected":false},"featured_media":32468,"template":"","meta":{"site-sidebar-layout":"default","site-content-layout":"default","ast-global-header-display":"","ast-banner-title-visibility":"","ast-main-header-display":"","ast-hfb-above-header-display":"","ast-hfb-below-header-display":"","ast-hfb-mobile-header-display":"","site-post-title":"","ast-breadcrumbs-content":"","ast-featured-img":"","footer-sml-layout":"","theme-transparent-header-meta":"default","adv-header-id-meta":"","stick-header-meta":"","header-above-stick-meta":"","header-main-stick-meta":"","header-below-stick-meta":""},"product_brand":[],"product_cat":[48,133],"product_tag":[],"class_list":{"0":"post-32465","1":"product","2":"type-product","3":"status-publish","4":"has-post-thumbnail","6":"product_cat-wire-payoff-machine","7":"product_cat-active-pay-off-machine","8":"desktop-align-left","9":"tablet-align-left","10":"mobile-align-left","12":"first","13":"instock","14":"shipping-taxable","15":"product-type-simple"},"yoast_head":"<!-- This site is optimized with the Yoast SEO Premium plugin v20.12 (Yoast SEO v26.0) - https:\/\/yoast.com\/wordpress\/plugins\/seo\/ -->\n<title>Qp630 Active Pay Off Machine For Cable Re-Reeling - QiPang<\/title>\n<meta name=\"robots\" content=\"index, follow, max-snippet:-1, max-image-preview:large, max-video-preview:-1\" \/>\n<link rel=\"canonical\" href=\"https:\/\/rollingringdrives.com\/pt\/produtos\/active-pay-off-machine\/\" \/>\n<meta property=\"og:locale\" content=\"pt_PT\" \/>\n<meta property=\"og:type\" content=\"article\" \/>\n<meta property=\"og:title\" content=\"Qp630 Active Pay Off Machine For Cable Re-Reeling\" \/>\n<meta property=\"og:description\" content=\"QP Series of take-ups and pay-offs were developed for higher take-up and pay-off speed applications. A robust and compact design allows for minimum floor space requirements with easy loading and unloading of reels with roll-thru capabilities and shaftless positioning reel loading operation.\" \/>\n<meta property=\"og:url\" content=\"https:\/\/rollingringdrives.com\/pt\/produtos\/active-pay-off-machine\/\" \/>\n<meta property=\"og:site_name\" content=\"QiPang\" \/>\n<meta property=\"article:modified_time\" content=\"2026-02-07T05:42:42+00:00\" \/>\n<meta property=\"og:image\" content=\"https:\/\/rollingringdrives.com\/wp-content\/uploads\/2025\/09\/active-pay-off-machine-1.jpg\" \/>\n\t<meta property=\"og:image:width\" content=\"1000\" \/>\n\t<meta property=\"og:image:height\" content=\"1000\" \/>\n\t<meta property=\"og:image:type\" content=\"image\/jpeg\" \/>\n<meta name=\"twitter:card\" content=\"summary_large_image\" \/>\n<meta name=\"twitter:label1\" content=\"Est. reading time\" \/>\n\t<meta name=\"twitter:data1\" content=\"2 minutos\" \/>\n<script type=\"application\/ld+json\" class=\"yoast-schema-graph\">{\"@context\":\"https:\/\/schema.org\",\"@graph\":[{\"@type\":\"WebPage\",\"@id\":\"https:\/\/rollingringdrives.com\/product\/active-pay-off-machine\/\",\"url\":\"https:\/\/rollingringdrives.com\/product\/active-pay-off-machine\/\",\"name\":\"Qp630 Active Pay Off Machine For Cable Re-Reeling - QiPang\",\"isPartOf\":{\"@id\":\"https:\/\/rollingringdrives.com\/#website\"},\"primaryImageOfPage\":{\"@id\":\"https:\/\/rollingringdrives.com\/product\/active-pay-off-machine\/#primaryimage\"},\"image\":{\"@id\":\"https:\/\/rollingringdrives.com\/product\/active-pay-off-machine\/#primaryimage\"},\"thumbnailUrl\":\"https:\/\/rollingringdrives.com\/wp-content\/uploads\/2025\/09\/active-pay-off-machine-1.jpg\",\"datePublished\":\"2025-09-13T09:24:24+00:00\",\"dateModified\":\"2026-02-07T05:42:42+00:00\",\"breadcrumb\":{\"@id\":\"https:\/\/rollingringdrives.com\/product\/active-pay-off-machine\/#breadcrumb\"},\"inLanguage\":\"pt-PT\",\"potentialAction\":[{\"@type\":\"ReadAction\",\"target\":[\"https:\/\/rollingringdrives.com\/product\/active-pay-off-machine\/\"]}]},{\"@type\":\"ImageObject\",\"inLanguage\":\"pt-PT\",\"@id\":\"https:\/\/rollingringdrives.com\/product\/active-pay-off-machine\/#primaryimage\",\"url\":\"https:\/\/rollingringdrives.com\/wp-content\/uploads\/2025\/09\/active-pay-off-machine-1.jpg\",\"contentUrl\":\"https:\/\/rollingringdrives.com\/wp-content\/uploads\/2025\/09\/active-pay-off-machine-1.jpg\",\"width\":1000,\"height\":1000,\"caption\":\"active pay off machine (1)\"},{\"@type\":\"BreadcrumbList\",\"@id\":\"https:\/\/rollingringdrives.com\/product\/active-pay-off-machine\/#breadcrumb\",\"itemListElement\":[{\"@type\":\"ListItem\",\"position\":1,\"name\":\"Home\",\"item\":\"https:\/\/rollingringdrives.com\/\"},{\"@type\":\"ListItem\",\"position\":2,\"name\":\"Machines\",\"item\":\"https:\/\/rollingringdrives.com\/machines\/\"},{\"@type\":\"ListItem\",\"position\":3,\"name\":\"Qp630 Active Pay Off Machine For Cable Re-Reeling\"}]},{\"@type\":\"WebSite\",\"@id\":\"https:\/\/rollingringdrives.com\/#website\",\"url\":\"https:\/\/rollingringdrives.com\/\",\"name\":\"QiPang\",\"description\":\"QiPang Blog\",\"publisher\":{\"@id\":\"https:\/\/rollingringdrives.com\/#organization\"},\"potentialAction\":[{\"@type\":\"SearchAction\",\"target\":{\"@type\":\"EntryPoint\",\"urlTemplate\":\"https:\/\/rollingringdrives.com\/?s={search_term_string}\"},\"query-input\":{\"@type\":\"PropertyValueSpecification\",\"valueRequired\":true,\"valueName\":\"search_term_string\"}}],\"inLanguage\":\"pt-PT\"},{\"@type\":\"Organization\",\"@id\":\"https:\/\/rollingringdrives.com\/#organization\",\"name\":\"QiPang\",\"url\":\"https:\/\/rollingringdrives.com\/\",\"logo\":{\"@type\":\"ImageObject\",\"inLanguage\":\"pt-PT\",\"@id\":\"https:\/\/rollingringdrives.com\/#\/schema\/logo\/image\/\",\"url\":\"https:\/\/rollingringdrives.com\/wp-content\/uploads\/2023\/05\/cropped-\u672a\u547d\u540d\u7684\u8bbe\u8ba1.png\",\"contentUrl\":\"https:\/\/rollingringdrives.com\/wp-content\/uploads\/2023\/05\/cropped-\u672a\u547d\u540d\u7684\u8bbe\u8ba1.png\",\"width\":300,\"height\":191,\"caption\":\"QiPang\"},\"image\":{\"@id\":\"https:\/\/rollingringdrives.com\/#\/schema\/logo\/image\/\"}}]}<\/script>\n<!-- \/ Yoast SEO Premium plugin. -->","yoast_head_json":{"title":"Qp630 M\u00e1quina de pagamento ativo para enrolamento de cabos - QiPang","robots":{"index":"index","follow":"follow","max-snippet":"max-snippet:-1","max-image-preview":"max-image-preview:large","max-video-preview":"max-video-preview:-1"},"canonical":"https:\/\/rollingringdrives.com\/pt\/produtos\/active-pay-off-machine\/","og_locale":"pt_PT","og_type":"article","og_title":"Qp630 Active Pay Off Machine For Cable Re-Reeling","og_description":"QP Series of take-ups and pay-offs were developed for higher take-up and pay-off speed applications. A robust and compact design allows for minimum floor space requirements with easy loading and unloading of reels with roll-thru capabilities and shaftless positioning reel loading operation.","og_url":"https:\/\/rollingringdrives.com\/pt\/produtos\/active-pay-off-machine\/","og_site_name":"QiPang","article_modified_time":"2026-02-07T05:42:42+00:00","og_image":[{"width":1000,"height":1000,"url":"https:\/\/rollingringdrives.com\/wp-content\/uploads\/2025\/09\/active-pay-off-machine-1.jpg","type":"image\/jpeg"}],"twitter_card":"summary_large_image","twitter_misc":{"Est. reading time":"2 minutos"},"schema":{"@context":"https:\/\/schema.org","@graph":[{"@type":"WebPage","@id":"https:\/\/rollingringdrives.com\/product\/active-pay-off-machine\/","url":"https:\/\/rollingringdrives.com\/product\/active-pay-off-machine\/","name":"Qp630 M\u00e1quina de pagamento ativo para enrolamento de cabos - QiPang","isPartOf":{"@id":"https:\/\/rollingringdrives.com\/#website"},"primaryImageOfPage":{"@id":"https:\/\/rollingringdrives.com\/product\/active-pay-off-machine\/#primaryimage"},"image":{"@id":"https:\/\/rollingringdrives.com\/product\/active-pay-off-machine\/#primaryimage"},"thumbnailUrl":"https:\/\/rollingringdrives.com\/wp-content\/uploads\/2025\/09\/active-pay-off-machine-1.jpg","datePublished":"2025-09-13T09:24:24+00:00","dateModified":"2026-02-07T05:42:42+00:00","breadcrumb":{"@id":"https:\/\/rollingringdrives.com\/product\/active-pay-off-machine\/#breadcrumb"},"inLanguage":"pt-PT","potentialAction":[{"@type":"ReadAction","target":["https:\/\/rollingringdrives.com\/product\/active-pay-off-machine\/"]}]},{"@type":"ImageObject","inLanguage":"pt-PT","@id":"https:\/\/rollingringdrives.com\/product\/active-pay-off-machine\/#primaryimage","url":"https:\/\/rollingringdrives.com\/wp-content\/uploads\/2025\/09\/active-pay-off-machine-1.jpg","contentUrl":"https:\/\/rollingringdrives.com\/wp-content\/uploads\/2025\/09\/active-pay-off-machine-1.jpg","width":1000,"height":1000,"caption":"active pay off machine (1)"},{"@type":"BreadcrumbList","@id":"https:\/\/rollingringdrives.com\/product\/active-pay-off-machine\/#breadcrumb","itemListElement":[{"@type":"ListItem","position":1,"name":"Home","item":"https:\/\/rollingringdrives.com\/"},{"@type":"ListItem","position":2,"name":"Machines","item":"https:\/\/rollingringdrives.com\/machines\/"},{"@type":"ListItem","position":3,"name":"Qp630 Active Pay Off Machine For Cable Re-Reeling"}]},{"@type":"WebSite","@id":"https:\/\/rollingringdrives.com\/#website","url":"https:\/\/rollingringdrives.com\/","name":"QiPangName","description":"Blog QiPang","publisher":{"@id":"https:\/\/rollingringdrives.com\/#organization"},"potentialAction":[{"@type":"SearchAction","target":{"@type":"EntryPoint","urlTemplate":"https:\/\/rollingringdrives.com\/?s={search_term_string}"},"query-input":{"@type":"PropertyValueSpecification","valueRequired":true,"valueName":"search_term_string"}}],"inLanguage":"pt-PT"},{"@type":"Organization","@id":"https:\/\/rollingringdrives.com\/#organization","name":"QiPangName","url":"https:\/\/rollingringdrives.com\/","logo":{"@type":"ImageObject","inLanguage":"pt-PT","@id":"https:\/\/rollingringdrives.com\/#\/schema\/logo\/image\/","url":"https:\/\/rollingringdrives.com\/wp-content\/uploads\/2023\/05\/cropped-\u672a\u547d\u540d\u7684\u8bbe\u8ba1.png","contentUrl":"https:\/\/rollingringdrives.com\/wp-content\/uploads\/2023\/05\/cropped-\u672a\u547d\u540d\u7684\u8bbe\u8ba1.png","width":300,"height":191,"caption":"QiPang"},"image":{"@id":"https:\/\/rollingringdrives.com\/#\/schema\/logo\/image\/"}}]}},"_links":{"self":[{"href":"https:\/\/rollingringdrives.com\/pt\/wp-json\/wp\/v2\/product\/32465","targetHints":{"allow":["GET"]}}],"collection":[{"href":"https:\/\/rollingringdrives.com\/pt\/wp-json\/wp\/v2\/product"}],"about":[{"href":"https:\/\/rollingringdrives.com\/pt\/wp-json\/wp\/v2\/types\/product"}],"version-history":[{"count":0,"href":"https:\/\/rollingringdrives.com\/pt\/wp-json\/wp\/v2\/product\/32465\/revisions"}],"wp:featuredmedia":[{"embeddable":true,"href":"https:\/\/rollingringdrives.com\/pt\/wp-json\/wp\/v2\/media\/32468"}],"wp:attachment":[{"href":"https:\/\/rollingringdrives.com\/pt\/wp-json\/wp\/v2\/media?parent=32465"}],"wp:term":[{"taxonomy":"product_brand","embeddable":true,"href":"https:\/\/rollingringdrives.com\/pt\/wp-json\/wp\/v2\/product_brand?post=32465"},{"taxonomy":"product_cat","embeddable":true,"href":"https:\/\/rollingringdrives.com\/pt\/wp-json\/wp\/v2\/product_cat?post=32465"},{"taxonomy":"product_tag","embeddable":true,"href":"https:\/\/rollingringdrives.com\/pt\/wp-json\/wp\/v2\/product_tag?post=32465"}],"curies":[{"name":"wp","href":"https:\/\/api.w.org\/{rel}","templated":true}]}}