{"id":32548,"date":"2025-09-16T07:52:55","date_gmt":"2025-09-16T07:52:55","guid":{"rendered":"https:\/\/rollingringdrives.com\/?post_type=product&#038;p=32548"},"modified":"2025-09-20T07:17:40","modified_gmt":"2025-09-20T07:17:40","slug":"0-02-3mm-wire-measuring-portable-handheld-wire-laser-micrometer-gauge","status":"publish","type":"product","link":"https:\/\/rollingringdrives.com\/pt\/produtos\/0-02-3mm-wire-measuring-portable-handheld-wire-laser-micrometer-gauge\/","title":{"rendered":"0,02-3mm Medi\u00e7\u00e3o de fio Medidor port\u00e1til de micr\u00f3metro a laser de fio"},"content":{"rendered":"<p><b>Descubra o futuro da medi\u00e7\u00e3o com o nosso Medidor de Tubo Transparente Port\u00e1til de \u00faltima gera\u00e7\u00e3o. Concebido especificamente para a medi\u00e7\u00e3o meticulosa das dimens\u00f5es de fios delicados, incluindo fibras \u00f3pticas, fios esmaltados e v\u00e1rios fios trefilados finos. Perfeitamente adaptada para inspectores de patrulha, esta ferramenta vers\u00e1til destaca-se tanto em aplica\u00e7\u00f5es em linha como fora de linha, garantindo uma precis\u00e3o e adaptabilidade como nunca antes.<\/b><\/p>\n<div id=\"footable_parent_32549\"\n         class=\"footable_parent ninja_table_wrapper loading_ninja_table wp_table_data_press_parent semantic_ui\">\n                <table data-ninja_table_instance=\"ninja_table_instance_0\" data-footable_id=\"32549\" data-filter-delay=\"1000\" aria-label=\"Medidor manual de di\u00e2metro a laser \u5b98\u7f51.csv\"            id=\"footable_32549\"\n           data-unique_identifier=\"ninja_table_unique_id_543135718_32549\"\n           class=\"foo-table ninja_footable foo_table_32549 ninja_table_unique_id_543135718_32549 ui table  nt_type_legacy_table selectable striped vertical_centered  footable-paging-right ninja_table_pro\">\n                <colgroup>\n                            <col class=\"ninja_column_0\">\n                            <col class=\"ninja_column_1\">\n                            <col class=\"ninja_column_2\">\n                            <col class=\"ninja_column_3\">\n                            <col class=\"ninja_column_4\">\n                            <col class=\"ninja_column_5\">\n                            <col class=\"ninja_column_6\">\n                            <col class=\"ninja_column_7\">\n                            <col class=\"ninja_column_8\">\n                    <\/colgroup>\n        <thead>\n<tr class=\"footable-header\">\n                                                                                                                                                        <th scope=\"col\"  class=\"ninja_column_0 ninja_clmn_nm_model\">modelo<\/th><th scope=\"col\"  class=\"ninja_column_1 ninja_clmn_nm_characteristic\">Carater\u00edstica<\/th><th scope=\"col\"  class=\"ninja_column_2 ninja_clmn_nm_measurementrange\">Gama de medi\u00e7\u00e3o<\/th><th scope=\"col\"  class=\"ninja_column_3 ninja_clmn_nm_measurementaccuracy\">Precis\u00e3o da medi\u00e7\u00e3o<\/th><th scope=\"col\"  class=\"ninja_column_4 ninja_clmn_nm_scanningspeed\">Velocidade de digitaliza\u00e7\u00e3o<\/th><th scope=\"col\"  class=\"ninja_column_5 ninja_clmn_nm_display\">Mostrar<\/th><th scope=\"col\"  class=\"ninja_column_6 ninja_clmn_nm_communicationmethod\">M\u00e9todo de comunica\u00e7\u00e3o<\/th><th scope=\"col\"  class=\"ninja_column_7 ninja_clmn_nm_packingsizem\">Tamanho da embalagem (m)<\/th><th scope=\"col\"  class=\"ninja_column_8 ninja_clmn_nm_productweight\">peso do produto<\/th><\/tr>\n<\/thead>\n<tbody>\n\n        <tr data-row_id=\"1851\" class=\"ninja_table_row_0 nt_row_id_1851\">\n            <td>QP-02X<\/td><td>Eixo \u00fanico<\/td><td>0,02-3mm<\/td><td>+0,0002mm<\/td><td>10000 vezes\/s<\/td><td>Ecr\u00e3 t\u00e1til + OLEDscreen duplo<\/td><td>Comunica\u00e7\u00f5es sem fios e com fios<\/td><td>350x250x150mm<\/td><td>2KG<\/td>        <\/tr>\n            <tr data-row_id=\"1852\" class=\"ninja_table_row_1 nt_row_id_1852\">\n            <td>QP-02XY<\/td><td>Double Axis(Elipticidade mensur\u00e1vel)<\/td><td>0,02-3mm<\/td><td>+0,0002mm<\/td><td>10000 vezes\/s<\/td><td>Ecr\u00e3 t\u00e1til + OLEDscreen duplo<\/td><td>Comunica\u00e7\u00f5es sem fios e com fios<\/td><td>350x250x150mm<\/td><td>2KG<\/td>        <\/tr>\n            <tr data-row_id=\"1853\" class=\"ninja_table_row_2 nt_row_id_1853\">\n            <td>QP-20X<\/td><td>Eixo \u00fanico<\/td><td>0,1-20mm<\/td><td>\u00b10,0005mm<\/td><td>4800times\/s<\/td><td>Ecr\u00e3 t\u00e1til + OLEDscreen duplo<\/td><td>Comunica\u00e7\u00e3o sem fios e com fios<\/td><td>400x300x200mm<\/td><td>4KG<\/td>        <\/tr>\n    <\/tbody><!--ninja_tobody_rendering_done-->\n    <\/table>\n    \n    \n    \n<\/div>\n\n<p><b>Carater\u00edsticas do produto:<\/b><br \/>\n1. Aproveitando a tecnologia avan\u00e7ada de processamento da plataforma incorporada, este dispositivo oferece uma integra\u00e7\u00e3o not\u00e1vel, proporcionando uma computa\u00e7\u00e3o r\u00e1pida e uma vida \u00fatil impressionantemente longa. O seu sistema multifuncional de medi\u00e7\u00e3o e controlo assegura medi\u00e7\u00f5es consistentemente precisas com uma fiabilidade inabal\u00e1vel.<\/p>\n<p>2. Com uma vasta capacidade de armazenamento de dados, regista sem esfor\u00e7o mais de 100.000 entradas, cada uma com carimbos de data e hora autom\u00e1ticos, detalhes do inspetor e n\u00fameros de equipamento, simplificando a supervis\u00e3o, a gest\u00e3o e a recupera\u00e7\u00e3o.<\/p>\n<p>3. Com capacidades de medi\u00e7\u00e3o de ultra-alta defini\u00e7\u00e3o, o dispositivo atinge uma exatid\u00e3o extraordin\u00e1ria de 1\/10.000 para a m\u00e1xima precis\u00e3o em todas as aplica\u00e7\u00f5es.<\/p>\n<p>4. Com um ecr\u00e3 LCD a cores de alta resolu\u00e7\u00e3o, oferece uma visibilidade mais de 50 vezes superior \u00e0 dos ecr\u00e3s tradicionais, garantindo uma observa\u00e7\u00e3o n\u00edtida mesmo com pouca luz, enquanto a sua interface intuitiva simplifica a opera\u00e7\u00e3o e protege a vis\u00e3o.<\/p>\n<p>5. A interface USB padr\u00e3o do dispositivo garante velocidades r\u00e1pidas de transfer\u00eancia de dados e maior fiabilidade, tornando-o um modelo de efici\u00eancia e conveni\u00eancia.<\/p>\n<p>6. Um menu intuitivo de defini\u00e7\u00e3o de imagem alinha-se perfeitamente com as prefer\u00eancias do utilizador para opera\u00e7\u00f5es sem problemas, enquanto o seu design elegante garante uma f\u00e1cil portabilidade.<\/p>\n<p>7. Equipado com uma bateria de pol\u00edmero de l\u00edtio de alta capacidade, o dispositivo proporciona um tempo de espera prolongado, proporcionando at\u00e9 8 horas de utiliza\u00e7\u00e3o ininterrupta com uma carga completa.<\/p>\n<p>8. O inovador modo de calibra\u00e7\u00e3o inteligente minimiza o esfor\u00e7o do operador, tornando a calibra\u00e7\u00e3o e os ajustes extremamente simples e f\u00e1ceis de utilizar.<\/p>","protected":false},"excerpt":{"rendered":"<p>Par\u00e2metro\uff1a<\/p>\n<p>1. eixo \u00fanico<\/p>\n<p>2.range Medi\u00e7\u00e3o: 0.02-3mm<\/p>\n<p>3. precis\u00e3o de medi\u00e7\u00e3o: +0.0002mm<\/p>\n<p>4. velocidade de digitaliza\u00e7\u00e3o: 10000 vezes\/s<\/p>\n<p>5.Display\uff1aTouch + ecr\u00e3 duplo OLED<\/p>\n<p>6. m\u00e9todo de comunica\u00e7\u00e3o: comunica\u00e7\u00e3o sem fio e com fio<\/p>\n<p>7.Packing size(m)\uff1a350x250x150mm<\/p>\n<p>8. Peso: 2 kg<\/p>","protected":false},"featured_media":32550,"template":"","meta":{"site-sidebar-layout":"default","site-content-layout":"default","ast-global-header-display":"","ast-banner-title-visibility":"","ast-main-header-display":"","ast-hfb-above-header-display":"","ast-hfb-below-header-display":"","ast-hfb-mobile-header-display":"","site-post-title":"","ast-breadcrumbs-content":"","ast-featured-img":"","footer-sml-layout":"","theme-transparent-header-meta":"default","adv-header-id-meta":"","stick-header-meta":"","header-above-stick-meta":"","header-main-stick-meta":"","header-below-stick-meta":""},"product_brand":[],"product_cat":[148,141],"product_tag":[],"class_list":{"0":"post-32548","1":"product","2":"type-product","3":"status-publish","4":"has-post-thumbnail","6":"product_cat-laser-measurement","7":"product_cat-single-axis-laser-diameter-gauge","8":"desktop-align-left","9":"tablet-align-left","10":"mobile-align-left","12":"first","13":"instock","14":"shipping-taxable","15":"product-type-simple"},"yoast_head":"<!-- This site is optimized with the Yoast SEO Premium plugin v20.12 (Yoast SEO v26.0) - https:\/\/yoast.com\/wordpress\/plugins\/seo\/ -->\n<title>0.02-3mm Wire Measuring Portable handheld wire laser micrometer gauge - QiPang<\/title>\n<meta name=\"robots\" content=\"index, follow, max-snippet:-1, max-image-preview:large, max-video-preview:-1\" \/>\n<link rel=\"canonical\" href=\"https:\/\/rollingringdrives.com\/pt\/produtos\/0-02-3mm-wire-measuring-portable-handheld-wire-laser-micrometer-gauge\/\" \/>\n<meta property=\"og:locale\" content=\"pt_PT\" \/>\n<meta property=\"og:type\" content=\"article\" \/>\n<meta property=\"og:title\" content=\"0.02-3mm Wire Measuring Portable handheld wire laser micrometer gauge\" \/>\n<meta property=\"og:description\" content=\"Parameter\uff1a  1.Single Axis  2.range Measurement\uff1a0.02-3mm  3.Measurement accuracy\uff1a+0.0002mm  4.Scanning speed\uff1a10000 times\/s  5.Display\uff1aTouch + OLED screen dual display  6.Communication method\uff1awireless and wired communication  7.Packing size(m)\uff1a350x250x150mm  8. weight: 2kg\" \/>\n<meta property=\"og:url\" content=\"https:\/\/rollingringdrives.com\/pt\/produtos\/0-02-3mm-wire-measuring-portable-handheld-wire-laser-micrometer-gauge\/\" \/>\n<meta property=\"og:site_name\" content=\"QiPang\" \/>\n<meta property=\"article:modified_time\" content=\"2025-09-20T07:17:40+00:00\" \/>\n<meta name=\"twitter:card\" content=\"summary_large_image\" \/>\n<meta name=\"twitter:label1\" content=\"Est. reading time\" \/>\n\t<meta name=\"twitter:data1\" content=\"2 minutos\" \/>\n<script type=\"application\/ld+json\" class=\"yoast-schema-graph\">{\"@context\":\"https:\/\/schema.org\",\"@graph\":[{\"@type\":\"WebPage\",\"@id\":\"https:\/\/rollingringdrives.com\/product\/0-02-3mm-wire-measuring-portable-handheld-wire-laser-micrometer-gauge\/\",\"url\":\"https:\/\/rollingringdrives.com\/product\/0-02-3mm-wire-measuring-portable-handheld-wire-laser-micrometer-gauge\/\",\"name\":\"0.02-3mm Wire Measuring Portable handheld wire laser micrometer gauge - QiPang\",\"isPartOf\":{\"@id\":\"https:\/\/rollingringdrives.com\/#website\"},\"primaryImageOfPage\":{\"@id\":\"https:\/\/rollingringdrives.com\/product\/0-02-3mm-wire-measuring-portable-handheld-wire-laser-micrometer-gauge\/#primaryimage\"},\"image\":{\"@id\":\"https:\/\/rollingringdrives.com\/product\/0-02-3mm-wire-measuring-portable-handheld-wire-laser-micrometer-gauge\/#primaryimage\"},\"thumbnailUrl\":\"https:\/\/rollingringdrives.com\/wp-content\/uploads\/2025\/09\/handheld-Laser-Diameter-Gauge-1.avif\",\"datePublished\":\"2025-09-16T07:52:55+00:00\",\"dateModified\":\"2025-09-20T07:17:40+00:00\",\"breadcrumb\":{\"@id\":\"https:\/\/rollingringdrives.com\/product\/0-02-3mm-wire-measuring-portable-handheld-wire-laser-micrometer-gauge\/#breadcrumb\"},\"inLanguage\":\"pt-PT\",\"potentialAction\":[{\"@type\":\"ReadAction\",\"target\":[\"https:\/\/rollingringdrives.com\/product\/0-02-3mm-wire-measuring-portable-handheld-wire-laser-micrometer-gauge\/\"]}]},{\"@type\":\"ImageObject\",\"inLanguage\":\"pt-PT\",\"@id\":\"https:\/\/rollingringdrives.com\/product\/0-02-3mm-wire-measuring-portable-handheld-wire-laser-micrometer-gauge\/#primaryimage\",\"url\":\"https:\/\/rollingringdrives.com\/wp-content\/uploads\/2025\/09\/handheld-Laser-Diameter-Gauge-1.avif\",\"contentUrl\":\"https:\/\/rollingringdrives.com\/wp-content\/uploads\/2025\/09\/handheld-Laser-Diameter-Gauge-1.avif\",\"width\":1000,\"height\":1000,\"caption\":\"handheld Laser Diameter Gauge (1)\"},{\"@type\":\"BreadcrumbList\",\"@id\":\"https:\/\/rollingringdrives.com\/product\/0-02-3mm-wire-measuring-portable-handheld-wire-laser-micrometer-gauge\/#breadcrumb\",\"itemListElement\":[{\"@type\":\"ListItem\",\"position\":1,\"name\":\"Home\",\"item\":\"https:\/\/rollingringdrives.com\/\"},{\"@type\":\"ListItem\",\"position\":2,\"name\":\"Machines\",\"item\":\"https:\/\/rollingringdrives.com\/machines\/\"},{\"@type\":\"ListItem\",\"position\":3,\"name\":\"0.02-3mm Wire Measuring Portable handheld wire laser micrometer gauge\"}]},{\"@type\":\"WebSite\",\"@id\":\"https:\/\/rollingringdrives.com\/#website\",\"url\":\"https:\/\/rollingringdrives.com\/\",\"name\":\"QiPang\",\"description\":\"QiPang Blog\",\"publisher\":{\"@id\":\"https:\/\/rollingringdrives.com\/#organization\"},\"potentialAction\":[{\"@type\":\"SearchAction\",\"target\":{\"@type\":\"EntryPoint\",\"urlTemplate\":\"https:\/\/rollingringdrives.com\/?s={search_term_string}\"},\"query-input\":{\"@type\":\"PropertyValueSpecification\",\"valueRequired\":true,\"valueName\":\"search_term_string\"}}],\"inLanguage\":\"pt-PT\"},{\"@type\":\"Organization\",\"@id\":\"https:\/\/rollingringdrives.com\/#organization\",\"name\":\"QiPang\",\"url\":\"https:\/\/rollingringdrives.com\/\",\"logo\":{\"@type\":\"ImageObject\",\"inLanguage\":\"pt-PT\",\"@id\":\"https:\/\/rollingringdrives.com\/#\/schema\/logo\/image\/\",\"url\":\"https:\/\/rollingringdrives.com\/wp-content\/uploads\/2023\/05\/cropped-\u672a\u547d\u540d\u7684\u8bbe\u8ba1.png\",\"contentUrl\":\"https:\/\/rollingringdrives.com\/wp-content\/uploads\/2023\/05\/cropped-\u672a\u547d\u540d\u7684\u8bbe\u8ba1.png\",\"width\":300,\"height\":191,\"caption\":\"QiPang\"},\"image\":{\"@id\":\"https:\/\/rollingringdrives.com\/#\/schema\/logo\/image\/\"}}]}<\/script>\n<!-- \/ Yoast SEO Premium plugin. -->","yoast_head_json":{"title":"Medi\u00e7\u00e3o de fio 0,02-3mm Medidor port\u00e1til de micr\u00f3metro a laser de fio - QiPang","robots":{"index":"index","follow":"follow","max-snippet":"max-snippet:-1","max-image-preview":"max-image-preview:large","max-video-preview":"max-video-preview:-1"},"canonical":"https:\/\/rollingringdrives.com\/pt\/produtos\/0-02-3mm-wire-measuring-portable-handheld-wire-laser-micrometer-gauge\/","og_locale":"pt_PT","og_type":"article","og_title":"0.02-3mm Wire Measuring Portable handheld wire laser micrometer gauge","og_description":"Parameter\uff1a  1.Single Axis  2.range Measurement\uff1a0.02-3mm  3.Measurement accuracy\uff1a+0.0002mm  4.Scanning speed\uff1a10000 times\/s  5.Display\uff1aTouch + OLED screen dual display  6.Communication method\uff1awireless and wired communication  7.Packing size(m)\uff1a350x250x150mm  8. weight: 2kg","og_url":"https:\/\/rollingringdrives.com\/pt\/produtos\/0-02-3mm-wire-measuring-portable-handheld-wire-laser-micrometer-gauge\/","og_site_name":"QiPang","article_modified_time":"2025-09-20T07:17:40+00:00","twitter_card":"summary_large_image","twitter_misc":{"Est. reading time":"2 minutos"},"schema":{"@context":"https:\/\/schema.org","@graph":[{"@type":"WebPage","@id":"https:\/\/rollingringdrives.com\/product\/0-02-3mm-wire-measuring-portable-handheld-wire-laser-micrometer-gauge\/","url":"https:\/\/rollingringdrives.com\/product\/0-02-3mm-wire-measuring-portable-handheld-wire-laser-micrometer-gauge\/","name":"Medi\u00e7\u00e3o de fio 0,02-3mm Medidor port\u00e1til de micr\u00f3metro a laser de fio - QiPang","isPartOf":{"@id":"https:\/\/rollingringdrives.com\/#website"},"primaryImageOfPage":{"@id":"https:\/\/rollingringdrives.com\/product\/0-02-3mm-wire-measuring-portable-handheld-wire-laser-micrometer-gauge\/#primaryimage"},"image":{"@id":"https:\/\/rollingringdrives.com\/product\/0-02-3mm-wire-measuring-portable-handheld-wire-laser-micrometer-gauge\/#primaryimage"},"thumbnailUrl":"https:\/\/rollingringdrives.com\/wp-content\/uploads\/2025\/09\/handheld-Laser-Diameter-Gauge-1.avif","datePublished":"2025-09-16T07:52:55+00:00","dateModified":"2025-09-20T07:17:40+00:00","breadcrumb":{"@id":"https:\/\/rollingringdrives.com\/product\/0-02-3mm-wire-measuring-portable-handheld-wire-laser-micrometer-gauge\/#breadcrumb"},"inLanguage":"pt-PT","potentialAction":[{"@type":"ReadAction","target":["https:\/\/rollingringdrives.com\/product\/0-02-3mm-wire-measuring-portable-handheld-wire-laser-micrometer-gauge\/"]}]},{"@type":"ImageObject","inLanguage":"pt-PT","@id":"https:\/\/rollingringdrives.com\/product\/0-02-3mm-wire-measuring-portable-handheld-wire-laser-micrometer-gauge\/#primaryimage","url":"https:\/\/rollingringdrives.com\/wp-content\/uploads\/2025\/09\/handheld-Laser-Diameter-Gauge-1.avif","contentUrl":"https:\/\/rollingringdrives.com\/wp-content\/uploads\/2025\/09\/handheld-Laser-Diameter-Gauge-1.avif","width":1000,"height":1000,"caption":"handheld Laser Diameter Gauge (1)"},{"@type":"BreadcrumbList","@id":"https:\/\/rollingringdrives.com\/product\/0-02-3mm-wire-measuring-portable-handheld-wire-laser-micrometer-gauge\/#breadcrumb","itemListElement":[{"@type":"ListItem","position":1,"name":"Home","item":"https:\/\/rollingringdrives.com\/"},{"@type":"ListItem","position":2,"name":"Machines","item":"https:\/\/rollingringdrives.com\/machines\/"},{"@type":"ListItem","position":3,"name":"0.02-3mm Wire Measuring Portable handheld wire laser micrometer gauge"}]},{"@type":"WebSite","@id":"https:\/\/rollingringdrives.com\/#website","url":"https:\/\/rollingringdrives.com\/","name":"QiPangName","description":"Blog QiPang","publisher":{"@id":"https:\/\/rollingringdrives.com\/#organization"},"potentialAction":[{"@type":"SearchAction","target":{"@type":"EntryPoint","urlTemplate":"https:\/\/rollingringdrives.com\/?s={search_term_string}"},"query-input":{"@type":"PropertyValueSpecification","valueRequired":true,"valueName":"search_term_string"}}],"inLanguage":"pt-PT"},{"@type":"Organization","@id":"https:\/\/rollingringdrives.com\/#organization","name":"QiPangName","url":"https:\/\/rollingringdrives.com\/","logo":{"@type":"ImageObject","inLanguage":"pt-PT","@id":"https:\/\/rollingringdrives.com\/#\/schema\/logo\/image\/","url":"https:\/\/rollingringdrives.com\/wp-content\/uploads\/2023\/05\/cropped-\u672a\u547d\u540d\u7684\u8bbe\u8ba1.png","contentUrl":"https:\/\/rollingringdrives.com\/wp-content\/uploads\/2023\/05\/cropped-\u672a\u547d\u540d\u7684\u8bbe\u8ba1.png","width":300,"height":191,"caption":"QiPang"},"image":{"@id":"https:\/\/rollingringdrives.com\/#\/schema\/logo\/image\/"}}]}},"_links":{"self":[{"href":"https:\/\/rollingringdrives.com\/pt\/wp-json\/wp\/v2\/product\/32548","targetHints":{"allow":["GET"]}}],"collection":[{"href":"https:\/\/rollingringdrives.com\/pt\/wp-json\/wp\/v2\/product"}],"about":[{"href":"https:\/\/rollingringdrives.com\/pt\/wp-json\/wp\/v2\/types\/product"}],"version-history":[{"count":0,"href":"https:\/\/rollingringdrives.com\/pt\/wp-json\/wp\/v2\/product\/32548\/revisions"}],"wp:featuredmedia":[{"embeddable":true,"href":"https:\/\/rollingringdrives.com\/pt\/wp-json\/wp\/v2\/media\/32550"}],"wp:attachment":[{"href":"https:\/\/rollingringdrives.com\/pt\/wp-json\/wp\/v2\/media?parent=32548"}],"wp:term":[{"taxonomy":"product_brand","embeddable":true,"href":"https:\/\/rollingringdrives.com\/pt\/wp-json\/wp\/v2\/product_brand?post=32548"},{"taxonomy":"product_cat","embeddable":true,"href":"https:\/\/rollingringdrives.com\/pt\/wp-json\/wp\/v2\/product_cat?post=32548"},{"taxonomy":"product_tag","embeddable":true,"href":"https:\/\/rollingringdrives.com\/pt\/wp-json\/wp\/v2\/product_tag?post=32548"}],"curies":[{"name":"wp","href":"https:\/\/api.w.org\/{rel}","templated":true}]}}