{"id":32582,"date":"2025-09-20T09:16:11","date_gmt":"2025-09-20T09:16:11","guid":{"rendered":"https:\/\/rollingringdrives.com\/?post_type=product&#038;p=32582"},"modified":"2025-09-20T09:16:12","modified_gmt":"2025-09-20T09:16:12","slug":"50xy-dual-aixs-laser-diameter-gauge-single-axis-0-1-50mm","status":"publish","type":"product","link":"https:\/\/rollingringdrives.com\/pt\/produtos\/50xy-dual-aixs-laser-diameter-gauge-single-axis-0-1-50mm\/","title":{"rendered":"50XY medidor de di\u00e2metro a laser de eixo duplo, eixo \u00fanico, 0,1-50 mm"},"content":{"rendered":"<p>A principal linha de produtos da Shanghai Qipang inclui:\u00a0<b>Alta velocidade Alta precis\u00e3o<\/b>\u00a0<b>Medidor de di\u00e2metro a laser<\/b>A m\u00e1quina de medi\u00e7\u00e3o de di\u00e2metros com ecr\u00e3 grande sem contacto, a m\u00e1quina de medi\u00e7\u00e3o de di\u00e2metros com varrimento a laser port\u00e1til de eixo \u00fanico\/duplo, a m\u00e1quina de fa\u00edscas, o contador de metros, a m\u00e1quina de passagem de p\u00f3, a m\u00e1quina de pr\u00e9-aquecimento e uma vasta gama de equipamento relacionado com o fabrico de cabos, concebido para satisfazer diversas necessidades de produ\u00e7\u00e3o. Adequado para fio redondo, fio plano, fios electr\u00f3nicos, cabos de alimenta\u00e7\u00e3o, fios entran\u00e7ados, cordas, fios aeroespaciais, cabos de a\u00e7o, tubo transparente, tubo m\u00e9dico, tubo de borracha, extrusora, m\u00e1quina de desenho e uma s\u00e9rie de equipamentos de dete\u00e7\u00e3o de cabos relacionados.<\/p>\n<div><b>Vantagens:<\/b><\/div>\n<ul>\n<li>Escaneamento de motor brushless de alta velocidade;<\/li>\n<li>Prisma padr\u00e3o multifacetado de alta precis\u00e3o;<\/li>\n<li>Chip de processamento DSP duplo de alta velocidade;<\/li>\n<li>Excelente qualidade de sinal, alta precis\u00e3o, alta resolu\u00e7\u00e3o;<\/li>\n<li>Tem a capacidade de medir di\u00e2metro, posi\u00e7\u00e3o, batimento e ra\u00edzes m\u00faltiplas;<\/li>\n<li>Corpo convencional, micro corpo, corpo transparente, medi\u00e7\u00e3o al\u00f3tropa;<\/li>\n<li>Op\u00e7\u00f5es de comunica\u00e7\u00e3o RS485, TCP\/IP, PROFINET;<\/li>\n<\/ul>\n<p>Par\u00e2metro de medi\u00e7\u00e3o do di\u00e2metro do laser<\/p>\n<div id=\"footable_parent_32523\"\n         class=\"footable_parent ninja_table_wrapper loading_ninja_table wp_table_data_press_parent semantic_ui\">\n                <table data-ninja_table_instance=\"ninja_table_instance_0\" data-footable_id=\"32523\" data-filter-delay=\"1000\" aria-label=\"medidor de di\u00e2metro a laser (laser diameter gauge).csv\"            id=\"footable_32523\"\n           data-unique_identifier=\"ninja_table_unique_id_1566606411_32523\"\n           class=\"foo-table ninja_footable foo_table_32523 ninja_table_unique_id_1566606411_32523 ui table  ninja_search_right nt_type_legacy_table selectable striped vertical_centered celled  footable-paging-right ninja_table_pro\">\n                <colgroup>\n                            <col class=\"ninja_column_0\">\n                            <col class=\"ninja_column_1\">\n                            <col class=\"ninja_column_2\">\n                            <col class=\"ninja_column_3\">\n                            <col class=\"ninja_column_4\">\n                            <col class=\"ninja_column_5\">\n                            <col class=\"ninja_column_6\">\n                    <\/colgroup>\n        <thead>\n<tr class=\"footable-header\">\n                                                                                                                        <th scope=\"col\"  class=\"ninja_column_0 ninja_clmn_nm_model\">modelo<\/th><th scope=\"col\"  class=\"ninja_column_1 ninja_clmn_nm_3xy\">3XY<\/th><th scope=\"col\"  class=\"ninja_column_2 ninja_clmn_nm_25xy\">25XY<\/th><th scope=\"col\"  class=\"ninja_column_3 ninja_clmn_nm_5xy\">50XY<\/th><th scope=\"col\"  class=\"ninja_column_4 ninja_clmn_nm_7xy\">70XY<\/th><th scope=\"col\"  class=\"ninja_column_5 ninja_clmn_nm_12xy\">120XY<\/th><th scope=\"col\"  class=\"ninja_column_6 ninja_clmn_nm_17xy\">170XY<\/th><\/tr>\n<\/thead>\n<tbody>\n\n        <tr data-row_id=\"1829\" class=\"ninja_table_row_0 nt_row_id_1829\">\n            <td>N\u00famero do eixo de medi\u00e7\u00e3o<\/td><td>aixs duplos<\/td><td>aixs duplos<\/td><td>aixs duplos<\/td><td>aixs duplos<\/td><td>aixs duplos<\/td><td>aixs duplos<\/td>        <\/tr>\n            <tr data-row_id=\"1832\" class=\"ninja_table_row_1 nt_row_id_1832\">\n            <td>Velocidade de varrimento do medidor de di\u00e2metro<\/td><td>1400 vezes\/segundo<\/td><td>1400 vezes\/segundo<\/td><td>1400 vezes\/segundo<\/td><td>1400 vezes\/segundo<\/td><td>1400 vezes\/segundo<\/td><td>1400 vezes\/segundo<\/td>        <\/tr>\n            <tr data-row_id=\"1833\" class=\"ninja_table_row_2 nt_row_id_1833\">\n            <td>Resolu\u00e7\u00e3o<\/td><td>0,001mm<\/td><td>0,001mm<\/td><td>0,001mm<\/td><td>0,001mm<\/td><td>0,001mm<\/td><td>0,001mm<\/td>        <\/tr>\n            <tr data-row_id=\"1834\" class=\"ninja_table_row_3 nt_row_id_1834\">\n            <td>Tens\u00e3o da fonte de alimenta\u00e7\u00e3o<\/td><td>AC220V+10% 50HZ<\/td><td>AC220V+10% 50HZ<\/td><td>AC220V+10% 50HZ<\/td><td>AC220V+10% 50HZ<\/td><td>AC220V+10% 50HZ<\/td><td>AC220V+10% 50HZ<\/td>        <\/tr>\n            <tr data-row_id=\"1837\" class=\"ninja_table_row_4 nt_row_id_1837\">\n            <td>Acess\u00f3rios opcionais<\/td><td>Suporte, linha de s\u00e9rie, controlo remoto, ecr\u00e3 remoto<\/td><td>Suporte, linha de s\u00e9rie, controlo remoto, ecr\u00e3 remoto<\/td><td>Suporte, linha de s\u00e9rie, controlo remoto, ecr\u00e3 remoto<\/td><td>Suporte, linha de s\u00e9rie, controlo remoto, ecr\u00e3 remoto<\/td><td>Suporte, linha de s\u00e9rie, controlo remoto, ecr\u00e3 remoto<\/td><td>Suporte, linha de s\u00e9rie, controlo remoto, ecr\u00e3 remoto<\/td>        <\/tr>\n            <tr data-row_id=\"1839\" class=\"ninja_table_row_5 nt_row_id_1839\">\n            <td>peso<\/td><td>5 kg<\/td><td>4,5 kg<\/td><td>8,5 kg<\/td><td>16KG<\/td><td>27kg<\/td><td>30kg<\/td>        <\/tr>\n    <\/tbody><!--ninja_tobody_rendering_done-->\n    <\/table>\n    \n    \n    \n<\/div>\n\n<figure id=\"attachment_32583\" aria-describedby=\"caption-attachment-32583\" style=\"width: 820px\" class=\"wp-caption alignnone\"><img fetchpriority=\"high\" decoding=\"async\" class=\"size-full wp-image-32583\" src=\"https:\/\/rollingringdrives.com\/wp-content\/uploads\/2025\/09\/d9e59881-c13b-45cf-83cd-d750f5923cb6.png\" alt=\"Medidor de di\u00e2metro do laser 0,1-50mm \" width=\"820\" height=\"525\" srcset=\"https:\/\/rollingringdrives.com\/wp-content\/uploads\/2025\/09\/d9e59881-c13b-45cf-83cd-d750f5923cb6.png 820w, https:\/\/rollingringdrives.com\/wp-content\/uploads\/2025\/09\/d9e59881-c13b-45cf-83cd-d750f5923cb6-300x192.png 300w, https:\/\/rollingringdrives.com\/wp-content\/uploads\/2025\/09\/d9e59881-c13b-45cf-83cd-d750f5923cb6-768x492.png 768w, https:\/\/rollingringdrives.com\/wp-content\/uploads\/2025\/09\/d9e59881-c13b-45cf-83cd-d750f5923cb6-18x12.png 18w, https:\/\/rollingringdrives.com\/wp-content\/uploads\/2025\/09\/d9e59881-c13b-45cf-83cd-d750f5923cb6-600x384.png 600w\" sizes=\"(max-width: 820px) 100vw, 820px\" \/><figcaption id=\"caption-attachment-32583\" class=\"wp-caption-text\"><br \/>Os erros de medi\u00e7\u00e3o e as falhas comuns dos medidores de di\u00e2metro a laser incluem principalmente o seguinte:<br \/><strong>Factores ambientais:<\/strong>\u00a0As altera\u00e7\u00f5es ambientais, como a temperatura, a humidade e a qualidade do ar, afectam a trajet\u00f3ria de propaga\u00e7\u00e3o e a estabilidade do laser, resultando em erros de medi\u00e7\u00e3o.<br \/><strong>Estabilidade da fonte de luz laser:\u00a0<\/strong>A flutua\u00e7\u00e3o e a atenua\u00e7\u00e3o da fonte de luz afectar\u00e3o a precis\u00e3o da medi\u00e7\u00e3o. Uma fonte de luz inst\u00e1vel ou uma pot\u00eancia insuficiente podem causar leituras imprecisas.<br \/><strong>Carater\u00edsticas da superf\u00edcie do objeto medido:<\/strong>\u00a0As carater\u00edsticas de reflex\u00e3o, a cor e a rugosidade da superf\u00edcie do objeto medido afectar\u00e3o a intensidade e a precis\u00e3o do eco de reflex\u00e3o do laser.<br \/><strong>Erro de alinhamento:<\/strong>\u00a0O n\u00e3o alinhamento exato do feixe de laser com o centro do objeto medido ou o desvio do \u00e2ngulo de medi\u00e7\u00e3o resultam em desvios dos dados de medi\u00e7\u00e3o.<br \/><strong>Interfer\u00eancia eletr\u00f3nica:<\/strong>\u00a0As interfer\u00eancias de equipamentos electr\u00f3nicos circundantes podem afetar o funcionamento do circuito do instrumento de medi\u00e7\u00e3o laser, resultando em leituras de dados incorrectas.<br \/><strong>Problemas de calibra\u00e7\u00e3o:\u00a0<\/strong>Os equipamentos n\u00e3o calibrados regularmente ou incorretamente causam erros de medi\u00e7\u00e3o.<br \/><strong>Vibra\u00e7\u00e3o mec\u00e2nica:<\/strong>\u00a0A vibra\u00e7\u00e3o do instrumento de medi\u00e7\u00e3o do di\u00e2metro ou do objeto a medir afectar\u00e1 a estabilidade e a precis\u00e3o dos resultados da medi\u00e7\u00e3o.<br \/>O impacto destes erros e falhas pode ser efetivamente reduzido atrav\u00e9s da manuten\u00e7\u00e3o e calibra\u00e7\u00e3o regulares do medidor de di\u00e2metro a laser e da melhoria do ambiente de medi\u00e7\u00e3o.<\/figcaption><\/figure>","protected":false},"excerpt":{"rendered":"<p>1. Tens\u00e3o de alimenta\u00e7\u00e3o do instrumento: AC 220V \u00b1 10% 50Hz;<br \/>\n2. Temperatura ambiente: -5\u00b0C a 40\u00b0C;<br \/>\n3. Gama de medi\u00e7\u00e3o: 1 a 50mm;<br \/>\n4. Resolu\u00e7\u00e3o: 0,001 mm;<br \/>\n5. Precis\u00e3o da medi\u00e7\u00e3o: \u00b10,0015 \u00b1 0,008%*Xz (Xz: di\u00e2metro nominal);<br \/>\n6. Velocidade de varrimento do medidor de di\u00e2metro: 1000-14000 varrimentos\/segundo\/eixo;<br \/>\n7. Interface de comunica\u00e7\u00e3o: RS485 (suporta Modbus RTU);<br \/>\n8. Consumo de energia: \u226412W;<\/p>","protected":false},"featured_media":32584,"template":"","meta":{"site-sidebar-layout":"default","site-content-layout":"default","ast-global-header-display":"","ast-banner-title-visibility":"","ast-main-header-display":"","ast-hfb-above-header-display":"","ast-hfb-below-header-display":"","ast-hfb-mobile-header-display":"","site-post-title":"","ast-breadcrumbs-content":"","ast-featured-img":"","footer-sml-layout":"","theme-transparent-header-meta":"default","adv-header-id-meta":"","stick-header-meta":"","header-above-stick-meta":"","header-main-stick-meta":"","header-below-stick-meta":""},"product_brand":[],"product_cat":[148,142],"product_tag":[],"class_list":{"0":"post-32582","1":"product","2":"type-product","3":"status-publish","4":"has-post-thumbnail","6":"product_cat-laser-measurement","7":"product_cat-dual-aixs-laser-diameter-gauge","8":"desktop-align-left","9":"tablet-align-left","10":"mobile-align-left","12":"first","13":"instock","14":"shipping-taxable","15":"product-type-simple"},"yoast_head":"<!-- This site is optimized with the Yoast SEO Premium plugin v20.12 (Yoast SEO v26.0) - https:\/\/yoast.com\/wordpress\/plugins\/seo\/ -->\n<title>50XY dual aixs Laser Diameter Gauge, Single Axis, 0.1-50mm - QiPang<\/title>\n<meta name=\"robots\" content=\"index, follow, max-snippet:-1, max-image-preview:large, max-video-preview:-1\" \/>\n<link rel=\"canonical\" href=\"https:\/\/rollingringdrives.com\/pt\/produtos\/50xy-dual-aixs-laser-diameter-gauge-single-axis-0-1-50mm\/\" \/>\n<meta property=\"og:locale\" content=\"pt_PT\" \/>\n<meta property=\"og:type\" content=\"article\" \/>\n<meta property=\"og:title\" content=\"50XY dual aixs Laser Diameter Gauge, Single Axis, 0.1-50mm\" \/>\n<meta property=\"og:description\" content=\"1. Instrument power supply voltage: AC 220V \u00b1 10% 50Hz; 2. Ambient temperature: -5\u00b0C to 40\u00b0C; 3. Measuring range: 1 to 50mm; 4. Resolution: 0.001mm; 5. Measurement accuracy: \u00b10.0015 \u00b1 0.008%*Xz (Xz: nominal diameter); 6. Diameter gauge scanning speed: 1000-14000 scans\/second\/axis; 7. Communication interface: RS485 (supports Modbus RTU); 8. Power consumption: \u226412W;\" \/>\n<meta property=\"og:url\" content=\"https:\/\/rollingringdrives.com\/pt\/produtos\/50xy-dual-aixs-laser-diameter-gauge-single-axis-0-1-50mm\/\" \/>\n<meta property=\"og:site_name\" content=\"QiPang\" \/>\n<meta property=\"article:modified_time\" content=\"2025-09-20T09:16:12+00:00\" \/>\n<meta property=\"og:image\" content=\"https:\/\/rollingringdrives.com\/wp-content\/uploads\/2025\/09\/laser-diameter-gauge-19.jpg\" \/>\n\t<meta property=\"og:image:width\" content=\"800\" \/>\n\t<meta property=\"og:image:height\" content=\"800\" \/>\n\t<meta property=\"og:image:type\" content=\"image\/jpeg\" \/>\n<meta name=\"twitter:card\" content=\"summary_large_image\" \/>\n<meta name=\"twitter:label1\" content=\"Est. reading time\" \/>\n\t<meta name=\"twitter:data1\" content=\"2 minutos\" \/>\n<script type=\"application\/ld+json\" class=\"yoast-schema-graph\">{\"@context\":\"https:\/\/schema.org\",\"@graph\":[{\"@type\":\"WebPage\",\"@id\":\"https:\/\/rollingringdrives.com\/product\/50xy-dual-aixs-laser-diameter-gauge-single-axis-0-1-50mm\/\",\"url\":\"https:\/\/rollingringdrives.com\/product\/50xy-dual-aixs-laser-diameter-gauge-single-axis-0-1-50mm\/\",\"name\":\"50XY dual aixs Laser Diameter Gauge, Single Axis, 0.1-50mm - QiPang\",\"isPartOf\":{\"@id\":\"https:\/\/rollingringdrives.com\/#website\"},\"primaryImageOfPage\":{\"@id\":\"https:\/\/rollingringdrives.com\/product\/50xy-dual-aixs-laser-diameter-gauge-single-axis-0-1-50mm\/#primaryimage\"},\"image\":{\"@id\":\"https:\/\/rollingringdrives.com\/product\/50xy-dual-aixs-laser-diameter-gauge-single-axis-0-1-50mm\/#primaryimage\"},\"thumbnailUrl\":\"https:\/\/rollingringdrives.com\/wp-content\/uploads\/2025\/09\/laser-diameter-gauge-19.jpg\",\"datePublished\":\"2025-09-20T09:16:11+00:00\",\"dateModified\":\"2025-09-20T09:16:12+00:00\",\"breadcrumb\":{\"@id\":\"https:\/\/rollingringdrives.com\/product\/50xy-dual-aixs-laser-diameter-gauge-single-axis-0-1-50mm\/#breadcrumb\"},\"inLanguage\":\"pt-PT\",\"potentialAction\":[{\"@type\":\"ReadAction\",\"target\":[\"https:\/\/rollingringdrives.com\/product\/50xy-dual-aixs-laser-diameter-gauge-single-axis-0-1-50mm\/\"]}]},{\"@type\":\"ImageObject\",\"inLanguage\":\"pt-PT\",\"@id\":\"https:\/\/rollingringdrives.com\/product\/50xy-dual-aixs-laser-diameter-gauge-single-axis-0-1-50mm\/#primaryimage\",\"url\":\"https:\/\/rollingringdrives.com\/wp-content\/uploads\/2025\/09\/laser-diameter-gauge-19.jpg\",\"contentUrl\":\"https:\/\/rollingringdrives.com\/wp-content\/uploads\/2025\/09\/laser-diameter-gauge-19.jpg\",\"width\":800,\"height\":800,\"caption\":\"In-line diameter gauges, high accuracy,\"},{\"@type\":\"BreadcrumbList\",\"@id\":\"https:\/\/rollingringdrives.com\/product\/50xy-dual-aixs-laser-diameter-gauge-single-axis-0-1-50mm\/#breadcrumb\",\"itemListElement\":[{\"@type\":\"ListItem\",\"position\":1,\"name\":\"Home\",\"item\":\"https:\/\/rollingringdrives.com\/\"},{\"@type\":\"ListItem\",\"position\":2,\"name\":\"Machines\",\"item\":\"https:\/\/rollingringdrives.com\/machines\/\"},{\"@type\":\"ListItem\",\"position\":3,\"name\":\"50XY dual aixs Laser Diameter Gauge, Single Axis, 0.1-50mm\"}]},{\"@type\":\"WebSite\",\"@id\":\"https:\/\/rollingringdrives.com\/#website\",\"url\":\"https:\/\/rollingringdrives.com\/\",\"name\":\"QiPang\",\"description\":\"QiPang Blog\",\"publisher\":{\"@id\":\"https:\/\/rollingringdrives.com\/#organization\"},\"potentialAction\":[{\"@type\":\"SearchAction\",\"target\":{\"@type\":\"EntryPoint\",\"urlTemplate\":\"https:\/\/rollingringdrives.com\/?s={search_term_string}\"},\"query-input\":{\"@type\":\"PropertyValueSpecification\",\"valueRequired\":true,\"valueName\":\"search_term_string\"}}],\"inLanguage\":\"pt-PT\"},{\"@type\":\"Organization\",\"@id\":\"https:\/\/rollingringdrives.com\/#organization\",\"name\":\"QiPang\",\"url\":\"https:\/\/rollingringdrives.com\/\",\"logo\":{\"@type\":\"ImageObject\",\"inLanguage\":\"pt-PT\",\"@id\":\"https:\/\/rollingringdrives.com\/#\/schema\/logo\/image\/\",\"url\":\"https:\/\/rollingringdrives.com\/wp-content\/uploads\/2023\/05\/cropped-\u672a\u547d\u540d\u7684\u8bbe\u8ba1.png\",\"contentUrl\":\"https:\/\/rollingringdrives.com\/wp-content\/uploads\/2023\/05\/cropped-\u672a\u547d\u540d\u7684\u8bbe\u8ba1.png\",\"width\":300,\"height\":191,\"caption\":\"QiPang\"},\"image\":{\"@id\":\"https:\/\/rollingringdrives.com\/#\/schema\/logo\/image\/\"}}]}<\/script>\n<!-- \/ Yoast SEO Premium plugin. -->","yoast_head_json":{"title":"Medidor de di\u00e2metro a laser de eixo duplo 50XY, eixo \u00fanico, 0,1-50mm - QiPang","robots":{"index":"index","follow":"follow","max-snippet":"max-snippet:-1","max-image-preview":"max-image-preview:large","max-video-preview":"max-video-preview:-1"},"canonical":"https:\/\/rollingringdrives.com\/pt\/produtos\/50xy-dual-aixs-laser-diameter-gauge-single-axis-0-1-50mm\/","og_locale":"pt_PT","og_type":"article","og_title":"50XY dual aixs Laser Diameter Gauge, Single Axis, 0.1-50mm","og_description":"1. Instrument power supply voltage: AC 220V \u00b1 10% 50Hz; 2. Ambient temperature: -5\u00b0C to 40\u00b0C; 3. Measuring range: 1 to 50mm; 4. Resolution: 0.001mm; 5. Measurement accuracy: \u00b10.0015 \u00b1 0.008%*Xz (Xz: nominal diameter); 6. Diameter gauge scanning speed: 1000-14000 scans\/second\/axis; 7. Communication interface: RS485 (supports Modbus RTU); 8. Power consumption: \u226412W;","og_url":"https:\/\/rollingringdrives.com\/pt\/produtos\/50xy-dual-aixs-laser-diameter-gauge-single-axis-0-1-50mm\/","og_site_name":"QiPang","article_modified_time":"2025-09-20T09:16:12+00:00","og_image":[{"width":800,"height":800,"url":"https:\/\/rollingringdrives.com\/wp-content\/uploads\/2025\/09\/laser-diameter-gauge-19.jpg","type":"image\/jpeg"}],"twitter_card":"summary_large_image","twitter_misc":{"Est. reading time":"2 minutos"},"schema":{"@context":"https:\/\/schema.org","@graph":[{"@type":"WebPage","@id":"https:\/\/rollingringdrives.com\/product\/50xy-dual-aixs-laser-diameter-gauge-single-axis-0-1-50mm\/","url":"https:\/\/rollingringdrives.com\/product\/50xy-dual-aixs-laser-diameter-gauge-single-axis-0-1-50mm\/","name":"Medidor de di\u00e2metro a laser de eixo duplo 50XY, eixo \u00fanico, 0,1-50mm - QiPang","isPartOf":{"@id":"https:\/\/rollingringdrives.com\/#website"},"primaryImageOfPage":{"@id":"https:\/\/rollingringdrives.com\/product\/50xy-dual-aixs-laser-diameter-gauge-single-axis-0-1-50mm\/#primaryimage"},"image":{"@id":"https:\/\/rollingringdrives.com\/product\/50xy-dual-aixs-laser-diameter-gauge-single-axis-0-1-50mm\/#primaryimage"},"thumbnailUrl":"https:\/\/rollingringdrives.com\/wp-content\/uploads\/2025\/09\/laser-diameter-gauge-19.jpg","datePublished":"2025-09-20T09:16:11+00:00","dateModified":"2025-09-20T09:16:12+00:00","breadcrumb":{"@id":"https:\/\/rollingringdrives.com\/product\/50xy-dual-aixs-laser-diameter-gauge-single-axis-0-1-50mm\/#breadcrumb"},"inLanguage":"pt-PT","potentialAction":[{"@type":"ReadAction","target":["https:\/\/rollingringdrives.com\/product\/50xy-dual-aixs-laser-diameter-gauge-single-axis-0-1-50mm\/"]}]},{"@type":"ImageObject","inLanguage":"pt-PT","@id":"https:\/\/rollingringdrives.com\/product\/50xy-dual-aixs-laser-diameter-gauge-single-axis-0-1-50mm\/#primaryimage","url":"https:\/\/rollingringdrives.com\/wp-content\/uploads\/2025\/09\/laser-diameter-gauge-19.jpg","contentUrl":"https:\/\/rollingringdrives.com\/wp-content\/uploads\/2025\/09\/laser-diameter-gauge-19.jpg","width":800,"height":800,"caption":"In-line diameter gauges, high accuracy,"},{"@type":"BreadcrumbList","@id":"https:\/\/rollingringdrives.com\/product\/50xy-dual-aixs-laser-diameter-gauge-single-axis-0-1-50mm\/#breadcrumb","itemListElement":[{"@type":"ListItem","position":1,"name":"Home","item":"https:\/\/rollingringdrives.com\/"},{"@type":"ListItem","position":2,"name":"Machines","item":"https:\/\/rollingringdrives.com\/machines\/"},{"@type":"ListItem","position":3,"name":"50XY dual aixs Laser Diameter Gauge, Single Axis, 0.1-50mm"}]},{"@type":"WebSite","@id":"https:\/\/rollingringdrives.com\/#website","url":"https:\/\/rollingringdrives.com\/","name":"QiPangName","description":"Blog QiPang","publisher":{"@id":"https:\/\/rollingringdrives.com\/#organization"},"potentialAction":[{"@type":"SearchAction","target":{"@type":"EntryPoint","urlTemplate":"https:\/\/rollingringdrives.com\/?s={search_term_string}"},"query-input":{"@type":"PropertyValueSpecification","valueRequired":true,"valueName":"search_term_string"}}],"inLanguage":"pt-PT"},{"@type":"Organization","@id":"https:\/\/rollingringdrives.com\/#organization","name":"QiPangName","url":"https:\/\/rollingringdrives.com\/","logo":{"@type":"ImageObject","inLanguage":"pt-PT","@id":"https:\/\/rollingringdrives.com\/#\/schema\/logo\/image\/","url":"https:\/\/rollingringdrives.com\/wp-content\/uploads\/2023\/05\/cropped-\u672a\u547d\u540d\u7684\u8bbe\u8ba1.png","contentUrl":"https:\/\/rollingringdrives.com\/wp-content\/uploads\/2023\/05\/cropped-\u672a\u547d\u540d\u7684\u8bbe\u8ba1.png","width":300,"height":191,"caption":"QiPang"},"image":{"@id":"https:\/\/rollingringdrives.com\/#\/schema\/logo\/image\/"}}]}},"_links":{"self":[{"href":"https:\/\/rollingringdrives.com\/pt\/wp-json\/wp\/v2\/product\/32582","targetHints":{"allow":["GET"]}}],"collection":[{"href":"https:\/\/rollingringdrives.com\/pt\/wp-json\/wp\/v2\/product"}],"about":[{"href":"https:\/\/rollingringdrives.com\/pt\/wp-json\/wp\/v2\/types\/product"}],"version-history":[{"count":0,"href":"https:\/\/rollingringdrives.com\/pt\/wp-json\/wp\/v2\/product\/32582\/revisions"}],"wp:featuredmedia":[{"embeddable":true,"href":"https:\/\/rollingringdrives.com\/pt\/wp-json\/wp\/v2\/media\/32584"}],"wp:attachment":[{"href":"https:\/\/rollingringdrives.com\/pt\/wp-json\/wp\/v2\/media?parent=32582"}],"wp:term":[{"taxonomy":"product_brand","embeddable":true,"href":"https:\/\/rollingringdrives.com\/pt\/wp-json\/wp\/v2\/product_brand?post=32582"},{"taxonomy":"product_cat","embeddable":true,"href":"https:\/\/rollingringdrives.com\/pt\/wp-json\/wp\/v2\/product_cat?post=32582"},{"taxonomy":"product_tag","embeddable":true,"href":"https:\/\/rollingringdrives.com\/pt\/wp-json\/wp\/v2\/product_tag?post=32582"}],"curies":[{"name":"wp","href":"https:\/\/api.w.org\/{rel}","templated":true}]}}