{"id":32588,"date":"2025-09-20T09:24:00","date_gmt":"2025-09-20T09:24:00","guid":{"rendered":"https:\/\/rollingringdrives.com\/?post_type=product&#038;p=32588"},"modified":"2025-09-20T09:24:01","modified_gmt":"2025-09-20T09:24:01","slug":"scr-25br-in-line-laser-diameter-gauges-high-accuracy-0-1-25mm","status":"publish","type":"product","link":"https:\/\/rollingringdrives.com\/pt\/produtos\/scr-25br-in-line-laser-diameter-gauges-high-accuracy-0-1-25mm\/","title":{"rendered":"SCR-25BR Medidores de di\u00e2metro a laser em linha de alta precis\u00e3o 0,1-25MM"},"content":{"rendered":"<p>A principal linha de produtos da Shanghai Qipang inclui:\u00a0<b>Alta velocidade Alta precis\u00e3o<\/b>\u00a0<b>Medidor de di\u00e2metro a laser<\/b>A m\u00e1quina de medi\u00e7\u00e3o de di\u00e2metros com ecr\u00e3 grande sem contacto, a m\u00e1quina de medi\u00e7\u00e3o de di\u00e2metros com varrimento a laser port\u00e1til de eixo \u00fanico\/duplo, a m\u00e1quina de fa\u00edscas, o contador de metros, a m\u00e1quina de passagem de p\u00f3, a m\u00e1quina de pr\u00e9-aquecimento e uma vasta gama de equipamento relacionado com o fabrico de cabos, concebido para satisfazer diversas necessidades de produ\u00e7\u00e3o. Adequado para fio redondo, fio plano, fios electr\u00f3nicos, cabos de alimenta\u00e7\u00e3o, fios entran\u00e7ados, cordas, fios aeroespaciais, cabos de a\u00e7o, tubo transparente, tubo m\u00e9dico, tubo de borracha, extrusora, m\u00e1quina de desenho e uma s\u00e9rie de equipamentos de dete\u00e7\u00e3o de cabos relacionados.<\/p>\n<div id=\"footable_parent_32566\"\n         class=\"footable_parent ninja_table_wrapper loading_ninja_table wp_table_data_press_parent semantic_ui\">\n                <table data-ninja_table_instance=\"ninja_table_instance_0\" data-footable_id=\"32566\" data-filter-delay=\"1000\" aria-label=\"\u5927\u663e\u793a\u5c4f \u5b98\u7f51.csv\"            id=\"footable_32566\"\n           data-unique_identifier=\"ninja_table_unique_id_1989349702_32566\"\n           class=\"foo-table ninja_footable foo_table_32566 ninja_table_unique_id_1989349702_32566 ui table  nt_type_legacy_table selectable striped vertical_centered  footable-paging-right ninja_table_pro\">\n                <colgroup>\n                            <col class=\"ninja_column_0\">\n                            <col class=\"ninja_column_1\">\n                            <col class=\"ninja_column_2\">\n                    <\/colgroup>\n        <thead>\n<tr class=\"footable-header\">\n                                                        <th scope=\"col\"  class=\"ninja_column_0 ninja_clmn_nm_model\">modelo<\/th><th scope=\"col\"  class=\"ninja_column_1 ninja_clmn_nm_scr25ar\">SCR-25AR<\/th><th scope=\"col\"  class=\"ninja_column_2 ninja_clmn_nm_scr25br\">SCR-25BR<\/th><\/tr>\n<\/thead>\n<tbody>\n\n        <tr data-row_id=\"1854\" class=\"ninja_table_row_0 nt_row_id_1854\">\n            <td>Carater\u00edstica<\/td><td>Eixo \u00fanico<\/td><td>Eixo duplo<\/td>        <\/tr>\n            <tr data-row_id=\"1855\" class=\"ninja_table_row_1 nt_row_id_1855\">\n            <td>Gama de medi\u00e7\u00e3o<\/td><td>0,1-25mm<\/td><td>0,1-25mm<\/td>        <\/tr>\n            <tr data-row_id=\"1856\" class=\"ninja_table_row_2 nt_row_id_1856\">\n            <td>Precis\u00e3o da medi\u00e7\u00e3o<\/td><td>+0,002mm<\/td><td>+0,002mm<\/td>        <\/tr>\n            <tr data-row_id=\"1857\" class=\"ninja_table_row_3 nt_row_id_1857\">\n            <td>Velocidade de digitaliza\u00e7\u00e3o<\/td><td>600-1000 vezes\/s<\/td><td>600-1000 vezes\/s<\/td>        <\/tr>\n            <tr data-row_id=\"1858\" class=\"ninja_table_row_4 nt_row_id_1858\">\n            <td>resolu\u00e7\u00e3o<\/td><td>0,001mm<\/td><td>0,001mm<\/td>        <\/tr>\n            <tr data-row_id=\"1859\" class=\"ninja_table_row_5 nt_row_id_1859\">\n            <td>interface de comunica\u00e7\u00e3o<\/td><td>RS485 (suporta Modbus RTU)<\/td><td>RS485 (suporta Modbus RTU)<\/td>        <\/tr>\n            <tr data-row_id=\"1860\" class=\"ninja_table_row_6 nt_row_id_1860\">\n            <td>Tamanho da embalagem (m)<\/td><td>290*66*170<\/td><td>320*60*280<\/td>        <\/tr>\n            <tr data-row_id=\"1861\" class=\"ninja_table_row_7 nt_row_id_1861\">\n            <td>peso do produto<\/td><td>5KG<\/td><td>6,5 kg<\/td>        <\/tr>\n    <\/tbody><!--ninja_tobody_rendering_done-->\n    <\/table>\n    \n    \n    \n<\/div>\n\n<p><strong>Recurso<\/strong><\/p>\n<p><b>1. visualiza\u00e7\u00e3o e monitoriza\u00e7\u00e3o em tempo real<\/b>: O medidor de di\u00e2metro est\u00e1 equipado com um grande ecr\u00e3, que apresenta o di\u00e2metro exterior do material medido em tempo real no monitor LCD na sala de controlo principal, permitindo aos operadores aceder rapidamente aos dados de produ\u00e7\u00e3o.<\/p>\n<p><b>2. an\u00e1lise e visualiza\u00e7\u00e3o de dados:<\/b>\u00a0Atrav\u00e9s do sistema de software de medi\u00e7\u00e3o e controlo, o grande ecr\u00e3 pode apresentar v\u00e1rios gr\u00e1ficos de dados de teste, fornecendo um apoio intuitivo para a an\u00e1lise e otimiza\u00e7\u00e3o da produ\u00e7\u00e3o industrial.<\/p>\n<p><b>3. elevada precis\u00e3o e estabilidade:<\/b>\u00a0Utilizando tecnologia avan\u00e7ada de dete\u00e7\u00e3o laser e medi\u00e7\u00e3o sem contacto, assegura uma elevada precis\u00e3o e estabilidade, tornando-o adequado para ambientes industriais complexos.<\/p>\n<p><b>4. versatilidade e adaptabilidade:\u00a0<\/b>Alguns modelos de medidores de di\u00e2metro podem medir o di\u00e2metro de tubos transparentes, materiais planos e materiais com formas especiais.<\/p>","protected":false},"excerpt":{"rendered":"<p>Recurso<br \/>\nMedi\u00e7\u00e3o \u00f3tica sem contacto<br \/>\nEcr\u00e3 multi-\u00e2ngulo no painel de opera\u00e7\u00e3o<br \/>\nFonte de luz laser ou LED de longa dura\u00e7\u00e3o<br \/>\nTecnologia avan\u00e7ada de processamento DSP<br \/>\nExcelente resist\u00eancia ao p\u00f3 e \u00e0 contamina\u00e7\u00e3o<br \/>\n\u00cdndice de prote\u00e7\u00e3o IP65, NEMA 4<br \/>\nInterface de comunica\u00e7\u00e3o S232\/485<br \/>\nTecnologia de controlo de circuito fechado totalmente autom\u00e1tica com controlo de feedback autom\u00e1tico<br \/>\nA medi\u00e7\u00e3o do di\u00e2metro do fio n\u00e3o \u00e9 afetada pela velocidade e vibra\u00e7\u00e3o, com alarme autom\u00e1tico para desvios do di\u00e2metro do fio<br \/>\nVelocidade de digitaliza\u00e7\u00e3o 600 vezes\/segundo (m\u00e1ximo 1400 vezes\/segundo)<\/p>","protected":false},"featured_media":32589,"template":"","meta":{"site-sidebar-layout":"default","site-content-layout":"default","ast-global-header-display":"","ast-banner-title-visibility":"","ast-main-header-display":"","ast-hfb-above-header-display":"","ast-hfb-below-header-display":"","ast-hfb-mobile-header-display":"","site-post-title":"","ast-breadcrumbs-content":"","ast-featured-img":"","footer-sml-layout":"","theme-transparent-header-meta":"default","adv-header-id-meta":"","stick-header-meta":"","header-above-stick-meta":"","header-main-stick-meta":"","header-below-stick-meta":""},"product_brand":[],"product_cat":[148,142],"product_tag":[],"class_list":{"0":"post-32588","1":"product","2":"type-product","3":"status-publish","4":"has-post-thumbnail","6":"product_cat-laser-measurement","7":"product_cat-dual-aixs-laser-diameter-gauge","8":"desktop-align-left","9":"tablet-align-left","10":"mobile-align-left","12":"first","13":"instock","14":"shipping-taxable","15":"product-type-simple"},"yoast_head":"<!-- This site is optimized with the Yoast SEO Premium plugin v20.12 (Yoast SEO v26.0) - https:\/\/yoast.com\/wordpress\/plugins\/seo\/ -->\n<title>SCR-25BR In-line laser diameter gauges high accuracy 0.1-25MM - QiPang<\/title>\n<meta name=\"robots\" content=\"index, follow, max-snippet:-1, max-image-preview:large, max-video-preview:-1\" \/>\n<link rel=\"canonical\" href=\"https:\/\/rollingringdrives.com\/pt\/produtos\/scr-25br-in-line-laser-diameter-gauges-high-accuracy-0-1-25mm\/\" \/>\n<meta property=\"og:locale\" content=\"pt_PT\" \/>\n<meta property=\"og:type\" content=\"article\" \/>\n<meta property=\"og:title\" content=\"SCR-25BR In-line laser diameter gauges high accuracy 0.1-25MM\" \/>\n<meta property=\"og:description\" content=\"Feature Non-contact optical measurement Multi-angle display on the operation panel Long-life laser or LED light source Advanced DSP processing technology Excellent dust and contamination resistance IP65, NEMA 4 protection rating S232\/485 communication interface Fully automatic closed-loop control technology with automatic feedback control Wire diameter measurement is unaffected by speed and vibration, with automatic alarm for wire diameter deviations Scanning speed 600 times\/second (maximum 1400 times\/second)\" \/>\n<meta property=\"og:url\" content=\"https:\/\/rollingringdrives.com\/pt\/produtos\/scr-25br-in-line-laser-diameter-gauges-high-accuracy-0-1-25mm\/\" \/>\n<meta property=\"og:site_name\" content=\"QiPang\" \/>\n<meta property=\"article:modified_time\" content=\"2025-09-20T09:24:01+00:00\" \/>\n<meta property=\"og:image\" content=\"https:\/\/rollingringdrives.com\/wp-content\/uploads\/2025\/09\/dual-axis-Diameter-Laser-Gauge-tool-27.jpg\" \/>\n\t<meta property=\"og:image:width\" content=\"1000\" \/>\n\t<meta property=\"og:image:height\" content=\"1000\" \/>\n\t<meta property=\"og:image:type\" content=\"image\/jpeg\" \/>\n<meta name=\"twitter:card\" content=\"summary_large_image\" \/>\n<meta name=\"twitter:label1\" content=\"Est. reading time\" \/>\n\t<meta name=\"twitter:data1\" content=\"2 minutos\" \/>\n<script type=\"application\/ld+json\" class=\"yoast-schema-graph\">{\"@context\":\"https:\/\/schema.org\",\"@graph\":[{\"@type\":\"WebPage\",\"@id\":\"https:\/\/rollingringdrives.com\/product\/scr-25br-in-line-laser-diameter-gauges-high-accuracy-0-1-25mm\/\",\"url\":\"https:\/\/rollingringdrives.com\/product\/scr-25br-in-line-laser-diameter-gauges-high-accuracy-0-1-25mm\/\",\"name\":\"SCR-25BR In-line laser diameter gauges high accuracy 0.1-25MM - QiPang\",\"isPartOf\":{\"@id\":\"https:\/\/rollingringdrives.com\/#website\"},\"primaryImageOfPage\":{\"@id\":\"https:\/\/rollingringdrives.com\/product\/scr-25br-in-line-laser-diameter-gauges-high-accuracy-0-1-25mm\/#primaryimage\"},\"image\":{\"@id\":\"https:\/\/rollingringdrives.com\/product\/scr-25br-in-line-laser-diameter-gauges-high-accuracy-0-1-25mm\/#primaryimage\"},\"thumbnailUrl\":\"https:\/\/rollingringdrives.com\/wp-content\/uploads\/2025\/09\/dual-axis-Diameter-Laser-Gauge-tool-27.jpg\",\"datePublished\":\"2025-09-20T09:24:00+00:00\",\"dateModified\":\"2025-09-20T09:24:01+00:00\",\"breadcrumb\":{\"@id\":\"https:\/\/rollingringdrives.com\/product\/scr-25br-in-line-laser-diameter-gauges-high-accuracy-0-1-25mm\/#breadcrumb\"},\"inLanguage\":\"pt-PT\",\"potentialAction\":[{\"@type\":\"ReadAction\",\"target\":[\"https:\/\/rollingringdrives.com\/product\/scr-25br-in-line-laser-diameter-gauges-high-accuracy-0-1-25mm\/\"]}]},{\"@type\":\"ImageObject\",\"inLanguage\":\"pt-PT\",\"@id\":\"https:\/\/rollingringdrives.com\/product\/scr-25br-in-line-laser-diameter-gauges-high-accuracy-0-1-25mm\/#primaryimage\",\"url\":\"https:\/\/rollingringdrives.com\/wp-content\/uploads\/2025\/09\/dual-axis-Diameter-Laser-Gauge-tool-27.jpg\",\"contentUrl\":\"https:\/\/rollingringdrives.com\/wp-content\/uploads\/2025\/09\/dual-axis-Diameter-Laser-Gauge-tool-27.jpg\",\"width\":1000,\"height\":1000,\"caption\":\"Digital Laser Caliper Wire Diamer Measurement Measuring Round Products Laser Diameter Gauge and Cable Diameter Testing Device\"},{\"@type\":\"BreadcrumbList\",\"@id\":\"https:\/\/rollingringdrives.com\/product\/scr-25br-in-line-laser-diameter-gauges-high-accuracy-0-1-25mm\/#breadcrumb\",\"itemListElement\":[{\"@type\":\"ListItem\",\"position\":1,\"name\":\"Home\",\"item\":\"https:\/\/rollingringdrives.com\/\"},{\"@type\":\"ListItem\",\"position\":2,\"name\":\"Machines\",\"item\":\"https:\/\/rollingringdrives.com\/machines\/\"},{\"@type\":\"ListItem\",\"position\":3,\"name\":\"SCR-25BR In-line laser diameter gauges high accuracy 0.1-25MM\"}]},{\"@type\":\"WebSite\",\"@id\":\"https:\/\/rollingringdrives.com\/#website\",\"url\":\"https:\/\/rollingringdrives.com\/\",\"name\":\"QiPang\",\"description\":\"QiPang Blog\",\"publisher\":{\"@id\":\"https:\/\/rollingringdrives.com\/#organization\"},\"potentialAction\":[{\"@type\":\"SearchAction\",\"target\":{\"@type\":\"EntryPoint\",\"urlTemplate\":\"https:\/\/rollingringdrives.com\/?s={search_term_string}\"},\"query-input\":{\"@type\":\"PropertyValueSpecification\",\"valueRequired\":true,\"valueName\":\"search_term_string\"}}],\"inLanguage\":\"pt-PT\"},{\"@type\":\"Organization\",\"@id\":\"https:\/\/rollingringdrives.com\/#organization\",\"name\":\"QiPang\",\"url\":\"https:\/\/rollingringdrives.com\/\",\"logo\":{\"@type\":\"ImageObject\",\"inLanguage\":\"pt-PT\",\"@id\":\"https:\/\/rollingringdrives.com\/#\/schema\/logo\/image\/\",\"url\":\"https:\/\/rollingringdrives.com\/wp-content\/uploads\/2023\/05\/cropped-\u672a\u547d\u540d\u7684\u8bbe\u8ba1.png\",\"contentUrl\":\"https:\/\/rollingringdrives.com\/wp-content\/uploads\/2023\/05\/cropped-\u672a\u547d\u540d\u7684\u8bbe\u8ba1.png\",\"width\":300,\"height\":191,\"caption\":\"QiPang\"},\"image\":{\"@id\":\"https:\/\/rollingringdrives.com\/#\/schema\/logo\/image\/\"}}]}<\/script>\n<!-- \/ Yoast SEO Premium plugin. -->","yoast_head_json":{"title":"SCR-25BR Medidores de di\u00e2metro a laser em linha de alta precis\u00e3o 0,1-25MM - QiPang","robots":{"index":"index","follow":"follow","max-snippet":"max-snippet:-1","max-image-preview":"max-image-preview:large","max-video-preview":"max-video-preview:-1"},"canonical":"https:\/\/rollingringdrives.com\/pt\/produtos\/scr-25br-in-line-laser-diameter-gauges-high-accuracy-0-1-25mm\/","og_locale":"pt_PT","og_type":"article","og_title":"SCR-25BR In-line laser diameter gauges high accuracy 0.1-25MM","og_description":"Feature Non-contact optical measurement Multi-angle display on the operation panel Long-life laser or LED light source Advanced DSP processing technology Excellent dust and contamination resistance IP65, NEMA 4 protection rating S232\/485 communication interface Fully automatic closed-loop control technology with automatic feedback control Wire diameter measurement is unaffected by speed and vibration, with automatic alarm for wire diameter deviations Scanning speed 600 times\/second (maximum 1400 times\/second)","og_url":"https:\/\/rollingringdrives.com\/pt\/produtos\/scr-25br-in-line-laser-diameter-gauges-high-accuracy-0-1-25mm\/","og_site_name":"QiPang","article_modified_time":"2025-09-20T09:24:01+00:00","og_image":[{"width":1000,"height":1000,"url":"https:\/\/rollingringdrives.com\/wp-content\/uploads\/2025\/09\/dual-axis-Diameter-Laser-Gauge-tool-27.jpg","type":"image\/jpeg"}],"twitter_card":"summary_large_image","twitter_misc":{"Est. reading time":"2 minutos"},"schema":{"@context":"https:\/\/schema.org","@graph":[{"@type":"WebPage","@id":"https:\/\/rollingringdrives.com\/product\/scr-25br-in-line-laser-diameter-gauges-high-accuracy-0-1-25mm\/","url":"https:\/\/rollingringdrives.com\/product\/scr-25br-in-line-laser-diameter-gauges-high-accuracy-0-1-25mm\/","name":"SCR-25BR Medidores de di\u00e2metro a laser em linha de alta precis\u00e3o 0,1-25MM - QiPang","isPartOf":{"@id":"https:\/\/rollingringdrives.com\/#website"},"primaryImageOfPage":{"@id":"https:\/\/rollingringdrives.com\/product\/scr-25br-in-line-laser-diameter-gauges-high-accuracy-0-1-25mm\/#primaryimage"},"image":{"@id":"https:\/\/rollingringdrives.com\/product\/scr-25br-in-line-laser-diameter-gauges-high-accuracy-0-1-25mm\/#primaryimage"},"thumbnailUrl":"https:\/\/rollingringdrives.com\/wp-content\/uploads\/2025\/09\/dual-axis-Diameter-Laser-Gauge-tool-27.jpg","datePublished":"2025-09-20T09:24:00+00:00","dateModified":"2025-09-20T09:24:01+00:00","breadcrumb":{"@id":"https:\/\/rollingringdrives.com\/product\/scr-25br-in-line-laser-diameter-gauges-high-accuracy-0-1-25mm\/#breadcrumb"},"inLanguage":"pt-PT","potentialAction":[{"@type":"ReadAction","target":["https:\/\/rollingringdrives.com\/product\/scr-25br-in-line-laser-diameter-gauges-high-accuracy-0-1-25mm\/"]}]},{"@type":"ImageObject","inLanguage":"pt-PT","@id":"https:\/\/rollingringdrives.com\/product\/scr-25br-in-line-laser-diameter-gauges-high-accuracy-0-1-25mm\/#primaryimage","url":"https:\/\/rollingringdrives.com\/wp-content\/uploads\/2025\/09\/dual-axis-Diameter-Laser-Gauge-tool-27.jpg","contentUrl":"https:\/\/rollingringdrives.com\/wp-content\/uploads\/2025\/09\/dual-axis-Diameter-Laser-Gauge-tool-27.jpg","width":1000,"height":1000,"caption":"Digital Laser Caliper Wire Diamer Measurement Measuring Round Products Laser Diameter Gauge and Cable Diameter Testing Device"},{"@type":"BreadcrumbList","@id":"https:\/\/rollingringdrives.com\/product\/scr-25br-in-line-laser-diameter-gauges-high-accuracy-0-1-25mm\/#breadcrumb","itemListElement":[{"@type":"ListItem","position":1,"name":"Home","item":"https:\/\/rollingringdrives.com\/"},{"@type":"ListItem","position":2,"name":"Machines","item":"https:\/\/rollingringdrives.com\/machines\/"},{"@type":"ListItem","position":3,"name":"SCR-25BR In-line laser diameter gauges high accuracy 0.1-25MM"}]},{"@type":"WebSite","@id":"https:\/\/rollingringdrives.com\/#website","url":"https:\/\/rollingringdrives.com\/","name":"QiPangName","description":"Blog QiPang","publisher":{"@id":"https:\/\/rollingringdrives.com\/#organization"},"potentialAction":[{"@type":"SearchAction","target":{"@type":"EntryPoint","urlTemplate":"https:\/\/rollingringdrives.com\/?s={search_term_string}"},"query-input":{"@type":"PropertyValueSpecification","valueRequired":true,"valueName":"search_term_string"}}],"inLanguage":"pt-PT"},{"@type":"Organization","@id":"https:\/\/rollingringdrives.com\/#organization","name":"QiPangName","url":"https:\/\/rollingringdrives.com\/","logo":{"@type":"ImageObject","inLanguage":"pt-PT","@id":"https:\/\/rollingringdrives.com\/#\/schema\/logo\/image\/","url":"https:\/\/rollingringdrives.com\/wp-content\/uploads\/2023\/05\/cropped-\u672a\u547d\u540d\u7684\u8bbe\u8ba1.png","contentUrl":"https:\/\/rollingringdrives.com\/wp-content\/uploads\/2023\/05\/cropped-\u672a\u547d\u540d\u7684\u8bbe\u8ba1.png","width":300,"height":191,"caption":"QiPang"},"image":{"@id":"https:\/\/rollingringdrives.com\/#\/schema\/logo\/image\/"}}]}},"_links":{"self":[{"href":"https:\/\/rollingringdrives.com\/pt\/wp-json\/wp\/v2\/product\/32588","targetHints":{"allow":["GET"]}}],"collection":[{"href":"https:\/\/rollingringdrives.com\/pt\/wp-json\/wp\/v2\/product"}],"about":[{"href":"https:\/\/rollingringdrives.com\/pt\/wp-json\/wp\/v2\/types\/product"}],"version-history":[{"count":0,"href":"https:\/\/rollingringdrives.com\/pt\/wp-json\/wp\/v2\/product\/32588\/revisions"}],"wp:featuredmedia":[{"embeddable":true,"href":"https:\/\/rollingringdrives.com\/pt\/wp-json\/wp\/v2\/media\/32589"}],"wp:attachment":[{"href":"https:\/\/rollingringdrives.com\/pt\/wp-json\/wp\/v2\/media?parent=32588"}],"wp:term":[{"taxonomy":"product_brand","embeddable":true,"href":"https:\/\/rollingringdrives.com\/pt\/wp-json\/wp\/v2\/product_brand?post=32588"},{"taxonomy":"product_cat","embeddable":true,"href":"https:\/\/rollingringdrives.com\/pt\/wp-json\/wp\/v2\/product_cat?post=32588"},{"taxonomy":"product_tag","embeddable":true,"href":"https:\/\/rollingringdrives.com\/pt\/wp-json\/wp\/v2\/product_tag?post=32588"}],"curies":[{"name":"wp","href":"https:\/\/api.w.org\/{rel}","templated":true}]}}