{"id":32686,"date":"2025-11-01T03:22:08","date_gmt":"2025-11-01T03:22:08","guid":{"rendered":"https:\/\/rollingringdrives.com\/?post_type=product&#038;p=32686"},"modified":"2025-11-01T03:22:09","modified_gmt":"2025-11-01T03:22:09","slug":"1-30mm-wire-length-measurement-for-coiling-and-packing-machine","status":"publish","type":"product","link":"https:\/\/rollingringdrives.com\/pt\/produtos\/1-30mm-wire-length-measurement-for-coiling-and-packing-machine\/","title":{"rendered":"Medi\u00e7\u00e3o do comprimento do fio de 1-30mm para m\u00e1quina de enrolar e embalar"},"content":{"rendered":"<p>O tipo manivela <strong>Medidor de comprimento de fio<\/strong>\u00a0tamb\u00e9m conhecido como medidor mec\u00e2nico, medidor de manivela manual ou contador de comprimentos, \u00e9 um dispositivo que mede e indica o comprimento de materiais lineares, em forma de banda ou tubulares atrav\u00e9s de transmiss\u00e3o mec\u00e2nica por engrenagem.<\/p>\n<h2>a carater\u00edstica central do contador do comprimento do cabo \u00e9:<\/h2>\n<p><strong>Fonte de alimenta\u00e7\u00e3o<\/strong>: A roda de medi\u00e7\u00e3o roda rodando manualmente o man\u00edpulo.<br \/>\n<strong>M\u00e9todo de medi\u00e7\u00e3o<\/strong>: A roda de medi\u00e7\u00e3o est\u00e1 em contacto estreito com o material a medir. Ela rola com o movimento do material ou com a rota\u00e7\u00e3o do punho.<br \/>\n<strong>Visualiza\u00e7\u00e3o de dados<\/strong>: O valor do comprimento pode ser lido diretamente a partir do ponteiro mec\u00e2nico ou da roda digital no mostrador, normalmente em \"metros\" como unidade.<\/p>\n<h2>par\u00e2metro do contador do medidor de comprimento<\/h2>\n<div id=\"footable_parent_32665\"\n         class=\"footable_parent ninja_table_wrapper loading_ninja_table wp_table_data_press_parent semantic_ui\">\n                <table data-ninja_table_instance=\"ninja_table_instance_0\" data-footable_id=\"32665\" data-filter-delay=\"1000\" aria-label=\"Contador de contadores de cabo.csv\"            id=\"footable_32665\"\n           data-unique_identifier=\"ninja_table_unique_id_502750086_32665\"\n           class=\"foo-table ninja_footable foo_table_32665 ninja_table_unique_id_502750086_32665 ui table  nt_type_legacy_table selectable striped vertical_centered  footable-paging-right ninja_table_pro\">\n                <colgroup>\n                            <col class=\"ninja_column_0\">\n                            <col class=\"ninja_column_1\">\n                    <\/colgroup>\n        <thead>\n<tr class=\"footable-header\">\n                                        <th scope=\"col\"  class=\"ninja_column_0 ninja_clmn_nm_model\">modelo<\/th><th scope=\"col\"  class=\"ninja_column_1 ninja_clmn_nm_qp3ls\">QP-30LS<\/th><\/tr>\n<\/thead>\n<tbody>\n\n        <tr data-row_id=\"1981\" class=\"ninja_table_row_0 nt_row_id_1981\">\n            <td>Di\u00e2metro do fio aplic\u00e1vel<\/td><td>1-30mm<\/td>        <\/tr>\n            <tr data-row_id=\"1982\" class=\"ninja_table_row_1 nt_row_id_1982\">\n            <td>Velocidade linear aplic\u00e1vel<\/td><td>0-200M\/Min<\/td>        <\/tr>\n            <tr data-row_id=\"1983\" class=\"ninja_table_row_2 nt_row_id_1983\">\n            <td>altura do centro<\/td><td>1000mm (altura central ajust\u00e1vel)<\/td>        <\/tr>\n            <tr data-row_id=\"1984\" class=\"ninja_table_row_3 nt_row_id_1984\">\n            <td>Material da roda do contador<\/td><td>Material de a\u00e7o 45#<\/td>        <\/tr>\n            <tr data-row_id=\"1985\" class=\"ninja_table_row_4 nt_row_id_1985\">\n            <td><\/td><td><\/td>        <\/tr>\n            <tr data-row_id=\"1986\" class=\"ninja_table_row_5 nt_row_id_1986\">\n            <td><\/td><td><\/td>        <\/tr>\n            <tr data-row_id=\"1987\" class=\"ninja_table_row_6 nt_row_id_1987\">\n            <td>Comprimento cont\u00e1vel<\/td><td>0-99999.9M<\/td>        <\/tr>\n            <tr data-row_id=\"1988\" class=\"ninja_table_row_7 nt_row_id_1988\">\n            <td>M\u00e9todo de compress\u00e3o<\/td><td>Aperto manual de parafusos ou press\u00e3o manual<\/td>        <\/tr>\n            <tr data-row_id=\"1989\" class=\"ninja_table_row_8 nt_row_id_1989\">\n            <td>combina\u00e7\u00e3o de produtos<\/td><td>Compress\u00e3o vertical<\/td>        <\/tr>\n            <tr data-row_id=\"1990\" class=\"ninja_table_row_9 nt_row_id_1990\">\n            <td>reiniciar em<\/td><td>Sensor (coeficiente de medi\u00e7\u00e3o ajust\u00e1vel) ou codificador opcional<\/td>        <\/tr>\n            <tr data-row_id=\"1991\" class=\"ninja_table_row_10 nt_row_id_1991\">\n            <td>SA\u00cdDA<\/td><td>RS485 (opcional)<\/td>        <\/tr>\n            <tr data-row_id=\"1992\" class=\"ninja_table_row_11 nt_row_id_1992\">\n            <td>Cor do dispositivo<\/td><td>5015 Azul (outras personaliz\u00e1veis)<\/td>        <\/tr>\n            <tr data-row_id=\"1993\" class=\"ninja_table_row_12 nt_row_id_1993\">\n            <td>tens\u00e3o de funcionamento<\/td><td>220V AC<\/td>        <\/tr>\n            <tr data-row_id=\"1994\" class=\"ninja_table_row_13 nt_row_id_1994\">\n            <td><\/td><td><\/td>        <\/tr>\n            <tr data-row_id=\"1995\" class=\"ninja_table_row_14 nt_row_id_1995\">\n            <td><\/td><td><\/td>        <\/tr>\n            <tr data-row_id=\"1996\" class=\"ninja_table_row_15 nt_row_id_1996\">\n            <td>Acess\u00f3rios opcionais<\/td><td>Medidor\/ suporte com visor eletr\u00f3nico<\/td>        <\/tr>\n    <\/tbody><!--ninja_tobody_rendering_done-->\n    <\/table>\n    \n    \n    \n<\/div>\n\n<figure id=\"attachment_32687\" aria-describedby=\"caption-attachment-32687\" style=\"width: 681px\" class=\"wp-caption alignnone\"><img fetchpriority=\"high\" decoding=\"async\" class=\"size-full wp-image-32687\" src=\"https:\/\/rollingringdrives.com\/wp-content\/uploads\/2025\/11\/Cable-length-counter.png\" alt=\"Contador do comprimento do cabo\" width=\"681\" height=\"580\" srcset=\"https:\/\/rollingringdrives.com\/wp-content\/uploads\/2025\/11\/Cable-length-counter.png 681w, https:\/\/rollingringdrives.com\/wp-content\/uploads\/2025\/11\/Cable-length-counter-300x256.png 300w, https:\/\/rollingringdrives.com\/wp-content\/uploads\/2025\/11\/Cable-length-counter-14x12.png 14w, https:\/\/rollingringdrives.com\/wp-content\/uploads\/2025\/11\/Cable-length-counter-600x511.png 600w\" sizes=\"(max-width: 681px) 100vw, 681px\" \/><figcaption id=\"caption-attachment-32687\" class=\"wp-caption-text\">Contador do comprimento do cabo<\/figcaption><\/figure>\n<h2>Contador de comprimento de cabo Principais cen\u00e1rios de aplica\u00e7\u00e3o<\/h2>\n<p><strong>Ind\u00fastria de fios e cabos:<\/strong> A medi\u00e7\u00e3o do comprimento dos cabos enrolados \u00e9 uma ferramenta essencial para a gest\u00e3o do armaz\u00e9m e a entrega das vendas.<br \/>\n<strong>Ind\u00fastria de tecidos t\u00eaxteis:<\/strong> Utilizada para medir o comprimento de tecidos, tapetes, couro, etc. em rolos.<br \/>\n<strong>Constru\u00e7\u00e3o e engenharia:<\/strong> Medi\u00e7\u00e3o do comprimento de materiais como tubos de \u00e1gua, cabos de a\u00e7o, cintos de inc\u00eandio, etc., em estaleiros de constru\u00e7\u00e3o.<br \/>\n<strong>Fabrico de cordas:<\/strong> Medi\u00e7\u00e3o do comprimento de produtos como cordas de c\u00e2nhamo, cordas de nylon, cabos, etc.<br \/>\n<strong>Impress\u00e3o e fabrico de papel:<\/strong> Medi\u00e7\u00e3o do comprimento de papel enrolado, pel\u00edculas, etc.<br \/>\n<strong>Agricultura e silvicultura:<\/strong> Medi\u00e7\u00e3o de tubos de irriga\u00e7\u00e3o, linhas de veda\u00e7\u00e3o, etc.<\/p>\n<h2 id=\"4-eael-table-of-content\" class=\"xsj_heading_hash xsj_heading xsj_heading_h2 eael-heading-content\" data-source-line=\"2\" data-source-line-display=\"true\"><span class=\"xsj_heading_content\">Contador de contadores de cabos\u00a0<\/span><span class=\"xsj_heading_content\">Perguntas frequentes:<\/span><\/h2>\n<div class=\"xiaoshujiang_element xsj_anchor\"><a class=\"blank_anchor_name\" name=\"120what20is20the20measuring20range20of20the20digital20electronic20counter20meter20for20winding20machine_4\"><\/a><a id=\"120what20is20the20measuring20range20of20the20digital20electronic20counter20meter20for20winding20machine_4\" class=\"blank_anchor_id\"><\/a><a class=\"blank_anchor_name\" name=\"1-what-is-the-measuring-range-of-the-digital-electronic-counter-meter-for-winding-machine\"><\/a><a id=\"1-what-is-the-measuring-range-of-the-digital-electronic-counter-meter-for-winding-machine\" class=\"blank_anchor_id\"><\/a><\/div>\n<h4 id=\"5-eael-table-of-content\" class=\"xsj_heading_hash xsj_heading xsj_heading_h4 eael-heading-content\" data-source-line=\"12\" data-source-line-display=\"true\"><span class=\"xsj_heading_content\">1. Qual \u00e9 a faixa de medi\u00e7\u00e3o do Contador Eletr\u00f4nico Digital para a Bobinadeira?<\/span><\/h4>\n<p class=\"xsj_paragraph xsj_paragraph_level_0\" data-source-line=\"14\" data-source-line-display=\"true\">Resposta: A faixa de medi\u00e7\u00e3o do medidor pode ser personalizada de 1 a 30 mm.<\/p>\n<div class=\"xiaoshujiang_element xsj_anchor\"><a class=\"blank_anchor_name\" name=\"220how20fast20can20the20meter20count20the20number20of20meters_5\"><\/a><a id=\"220how20fast20can20the20meter20count20the20number20of20meters_5\" class=\"blank_anchor_id\"><\/a><a class=\"blank_anchor_name\" name=\"2-how-fast-can-the-meter-count-the-number-of-meters\"><\/a><a id=\"2-how-fast-can-the-meter-count-the-number-of-meters\" class=\"blank_anchor_id\"><\/a><\/div>\n<h4 id=\"6-eael-table-of-content\" class=\"xsj_heading_hash xsj_heading xsj_heading_h4 eael-heading-content\" data-source-line=\"16\" data-source-line-display=\"true\"><span class=\"xsj_heading_content\">2. Com que rapidez o medidor pode contar o n\u00famero de metros?<\/span><\/h4>\n<p class=\"xsj_paragraph xsj_paragraph_level_0\" data-source-line=\"18\" data-source-line-display=\"true\">Resposta: O medidor pode contar at\u00e9 200m\/min.<\/p>\n<div class=\"xiaoshujiang_element xsj_anchor\"><a class=\"blank_anchor_name\" name=\"320does20the20meter20come20with20a20display20for20meter20readings_6\"><\/a><a id=\"320does20the20meter20come20with20a20display20for20meter20readings_6\" class=\"blank_anchor_id\"><\/a><a class=\"blank_anchor_name\" name=\"3-does-the-meter-come-with-a-display-for-meter-readings\"><\/a><a id=\"3-does-the-meter-come-with-a-display-for-meter-readings\" class=\"blank_anchor_id\"><\/a><\/div>\n<h4 id=\"7-eael-table-of-content\" class=\"xsj_heading_hash xsj_heading xsj_heading_h4 eael-heading-content\" data-source-line=\"20\" data-source-line-display=\"true\"><span class=\"xsj_heading_content\">3. O medidor vem com um visor para as leituras do medidor?<\/span><\/h4>\n<p class=\"xsj_paragraph xsj_paragraph_level_0\" data-source-line=\"22\" data-source-line-display=\"true\">Resposta: O medidor possui um display digital eletr\u00f4nico para uma leitura precisa.<\/p>\n<div class=\"xiaoshujiang_element xsj_anchor\"><a class=\"blank_anchor_name\" name=\"420what20is20the20weight20of20the20digital20electronic20counter20meter20for20winding20machine_7\"><\/a><a id=\"420what20is20the20weight20of20the20digital20electronic20counter20meter20for20winding20machine_7\" class=\"blank_anchor_id\"><\/a><a class=\"blank_anchor_name\" name=\"4-what-is-the-weight-of-the-digital-electronic-counter-meter-for-winding-machine\"><\/a><a id=\"4-what-is-the-weight-of-the-digital-electronic-counter-meter-for-winding-machine\" class=\"blank_anchor_id\"><\/a><\/div>\n<h4 id=\"8-eael-table-of-content\" class=\"xsj_heading_hash xsj_heading xsj_heading_h4 eael-heading-content\" data-source-line=\"24\" data-source-line-display=\"true\"><span class=\"xsj_heading_content\">4. Qual o peso do Contador Eletr\u00f4nico Digital da Bobinadeira?<\/span><\/h4>\n<p class=\"xsj_paragraph xsj_paragraph_level_0\" data-source-line=\"26\" data-source-line-display=\"true\">Resp: O contador pesa 25 kg.<\/p>\n<div class=\"xiaoshujiang_element xsj_anchor\"><a class=\"blank_anchor_name\" name=\"520can20the20measurement20method20of20the20meter20be20customized_8\"><\/a><a id=\"520can20the20measurement20method20of20the20meter20be20customized_8\" class=\"blank_anchor_id\"><\/a><a class=\"blank_anchor_name\" name=\"5-can-the-measurement-method-of-the-meter-be-customized\"><\/a><a id=\"5-can-the-measurement-method-of-the-meter-be-customized\" class=\"blank_anchor_id\"><\/a><\/div>\n<h4 id=\"9-eael-table-of-content\" class=\"xsj_heading_hash xsj_heading xsj_heading_h4 eael-heading-content\" data-source-line=\"28\" data-source-line-display=\"true\"><span class=\"xsj_heading_content\">5. O m\u00e9todo de medi\u00e7\u00e3o do medidor pode ser personalizado?<\/span><\/h4>\n<p class=\"xsj_paragraph xsj_paragraph_level_0\" data-source-line=\"30\" data-source-line-display=\"true\">Resposta: O medidor pode ser personalizado para acomodar o encoder ou o m\u00e9todo de medi\u00e7\u00e3o por indu\u00e7\u00e3o.<\/p>","protected":false},"excerpt":{"rendered":"<p>Principais carater\u00edsticas e vantagens:<br \/>\n<strong>Estrutura simples, dur\u00e1vel e resistente:<\/strong> Fabricado principalmente em metais (como liga de alum\u00ednio, ferro fundido), com engrenagens mec\u00e2nicas precisas no interior, sem componentes electr\u00f3nicos complexos. Tem uma forte resist\u00eancia ao impacto e \u00e0 vibra\u00e7\u00e3o, e n\u00e3o \u00e9 suscet\u00edvel de sofrer danos.<\/p>\n<p><strong>Elevada fiabilidade, sem necessidade de fonte de alimenta\u00e7\u00e3o:<\/strong> Estrutura mec\u00e2nica pura, n\u00e3o \u00e9 afetada por interfer\u00eancias electromagn\u00e9ticas e tamb\u00e9m n\u00e3o necessita de pilhas ou de uma fonte de alimenta\u00e7\u00e3o externa. Pode funcionar de forma est\u00e1vel em qualquer ambiente (h\u00famido, poeirento, ao ar livre).<\/p>\n<p><strong>Baixo custo de manuten\u00e7\u00e3o:<\/strong> S\u00f3 \u00e9 necess\u00e1rio limpar e lubrificar regularmente para uma utiliza\u00e7\u00e3o a longo prazo, com uma taxa de avarias praticamente nula.<\/p>\n<p><strong>Leitura clara:<\/strong> A leitura do mostrador mec\u00e2nico \u00e9 clara e compreens\u00edvel, facilmente percet\u00edvel num relance.<\/p>","protected":false},"featured_media":32687,"template":"","meta":{"site-sidebar-layout":"default","site-content-layout":"default","ast-global-header-display":"","ast-banner-title-visibility":"","ast-main-header-display":"","ast-hfb-above-header-display":"","ast-hfb-below-header-display":"","ast-hfb-mobile-header-display":"","site-post-title":"","ast-breadcrumbs-content":"","ast-featured-img":"","footer-sml-layout":"","theme-transparent-header-meta":"default","adv-header-id-meta":"","stick-header-meta":"","header-above-stick-meta":"","header-main-stick-meta":"","header-below-stick-meta":""},"product_brand":[],"product_cat":[59],"product_tag":[],"class_list":{"0":"post-32686","1":"product","2":"type-product","3":"status-publish","4":"has-post-thumbnail","6":"product_cat-length-measuring-instrument","7":"desktop-align-left","8":"tablet-align-left","9":"mobile-align-left","11":"first","12":"instock","13":"shipping-taxable","14":"product-type-simple"},"yoast_head":"<!-- This site is optimized with the Yoast SEO Premium plugin v20.12 (Yoast SEO v26.0) - https:\/\/yoast.com\/wordpress\/plugins\/seo\/ -->\n<title>1-30mm Wire Length Measurement For Coiling And Packing Machine - QiPang<\/title>\n<meta name=\"robots\" content=\"index, follow, max-snippet:-1, max-image-preview:large, max-video-preview:-1\" \/>\n<link rel=\"canonical\" href=\"https:\/\/rollingringdrives.com\/pt\/produtos\/1-30mm-wire-length-measurement-for-coiling-and-packing-machine\/\" \/>\n<meta property=\"og:locale\" content=\"pt_PT\" \/>\n<meta property=\"og:type\" content=\"article\" \/>\n<meta property=\"og:title\" content=\"1-30mm Wire Length Measurement For Coiling And Packing Machine\" \/>\n<meta property=\"og:description\" content=\"Main features and advantages: Simple structure, durable and sturdy: Mainly made of metals (such as aluminum alloy, cast iron), with precise mechanical gears inside, without complex electronic components. It has strong resistance to impact and vibration, and is not prone to damage.  High reliability, no need for power supply: Pure mechanical structure, not affected by electromagnetic interference, also does not require batteries or external power supply. It can work stably in any environment (wet, dusty, outdoors).  Low maintenance cost: Only need to clean and lubricate regularly for long-term use, with almost no failure rate.  Clear reading: The reading on the mechanical dial is clear and understandable, easily discernible at a glance.\" \/>\n<meta property=\"og:url\" content=\"https:\/\/rollingringdrives.com\/pt\/produtos\/1-30mm-wire-length-measurement-for-coiling-and-packing-machine\/\" \/>\n<meta property=\"og:site_name\" content=\"QiPang\" \/>\n<meta property=\"article:modified_time\" content=\"2025-11-01T03:22:09+00:00\" \/>\n<meta property=\"og:image\" content=\"https:\/\/rollingringdrives.com\/wp-content\/uploads\/2025\/11\/Cable-length-counter.png\" \/>\n\t<meta property=\"og:image:width\" content=\"681\" \/>\n\t<meta property=\"og:image:height\" content=\"580\" \/>\n\t<meta property=\"og:image:type\" content=\"image\/png\" \/>\n<meta name=\"twitter:card\" content=\"summary_large_image\" \/>\n<meta name=\"twitter:label1\" content=\"Est. reading time\" \/>\n\t<meta name=\"twitter:data1\" content=\"2 minutos\" \/>\n<script type=\"application\/ld+json\" class=\"yoast-schema-graph\">{\"@context\":\"https:\/\/schema.org\",\"@graph\":[{\"@type\":\"WebPage\",\"@id\":\"https:\/\/rollingringdrives.com\/product\/1-30mm-wire-length-measurement-for-coiling-and-packing-machine\/\",\"url\":\"https:\/\/rollingringdrives.com\/product\/1-30mm-wire-length-measurement-for-coiling-and-packing-machine\/\",\"name\":\"1-30mm Wire Length Measurement For Coiling And Packing Machine - QiPang\",\"isPartOf\":{\"@id\":\"https:\/\/rollingringdrives.com\/#website\"},\"primaryImageOfPage\":{\"@id\":\"https:\/\/rollingringdrives.com\/product\/1-30mm-wire-length-measurement-for-coiling-and-packing-machine\/#primaryimage\"},\"image\":{\"@id\":\"https:\/\/rollingringdrives.com\/product\/1-30mm-wire-length-measurement-for-coiling-and-packing-machine\/#primaryimage\"},\"thumbnailUrl\":\"https:\/\/rollingringdrives.com\/wp-content\/uploads\/2025\/11\/Cable-length-counter.png\",\"datePublished\":\"2025-11-01T03:22:08+00:00\",\"dateModified\":\"2025-11-01T03:22:09+00:00\",\"breadcrumb\":{\"@id\":\"https:\/\/rollingringdrives.com\/product\/1-30mm-wire-length-measurement-for-coiling-and-packing-machine\/#breadcrumb\"},\"inLanguage\":\"pt-PT\",\"potentialAction\":[{\"@type\":\"ReadAction\",\"target\":[\"https:\/\/rollingringdrives.com\/product\/1-30mm-wire-length-measurement-for-coiling-and-packing-machine\/\"]}]},{\"@type\":\"ImageObject\",\"inLanguage\":\"pt-PT\",\"@id\":\"https:\/\/rollingringdrives.com\/product\/1-30mm-wire-length-measurement-for-coiling-and-packing-machine\/#primaryimage\",\"url\":\"https:\/\/rollingringdrives.com\/wp-content\/uploads\/2025\/11\/Cable-length-counter.png\",\"contentUrl\":\"https:\/\/rollingringdrives.com\/wp-content\/uploads\/2025\/11\/Cable-length-counter.png\",\"width\":681,\"height\":580,\"caption\":\"Cable length counter\"},{\"@type\":\"BreadcrumbList\",\"@id\":\"https:\/\/rollingringdrives.com\/product\/1-30mm-wire-length-measurement-for-coiling-and-packing-machine\/#breadcrumb\",\"itemListElement\":[{\"@type\":\"ListItem\",\"position\":1,\"name\":\"Home\",\"item\":\"https:\/\/rollingringdrives.com\/\"},{\"@type\":\"ListItem\",\"position\":2,\"name\":\"Machines\",\"item\":\"https:\/\/rollingringdrives.com\/machines\/\"},{\"@type\":\"ListItem\",\"position\":3,\"name\":\"1-30mm Wire Length Measurement For Coiling And Packing Machine\"}]},{\"@type\":\"WebSite\",\"@id\":\"https:\/\/rollingringdrives.com\/#website\",\"url\":\"https:\/\/rollingringdrives.com\/\",\"name\":\"QiPang\",\"description\":\"QiPang Blog\",\"publisher\":{\"@id\":\"https:\/\/rollingringdrives.com\/#organization\"},\"potentialAction\":[{\"@type\":\"SearchAction\",\"target\":{\"@type\":\"EntryPoint\",\"urlTemplate\":\"https:\/\/rollingringdrives.com\/?s={search_term_string}\"},\"query-input\":{\"@type\":\"PropertyValueSpecification\",\"valueRequired\":true,\"valueName\":\"search_term_string\"}}],\"inLanguage\":\"pt-PT\"},{\"@type\":\"Organization\",\"@id\":\"https:\/\/rollingringdrives.com\/#organization\",\"name\":\"QiPang\",\"url\":\"https:\/\/rollingringdrives.com\/\",\"logo\":{\"@type\":\"ImageObject\",\"inLanguage\":\"pt-PT\",\"@id\":\"https:\/\/rollingringdrives.com\/#\/schema\/logo\/image\/\",\"url\":\"https:\/\/rollingringdrives.com\/wp-content\/uploads\/2023\/05\/cropped-\u672a\u547d\u540d\u7684\u8bbe\u8ba1.png\",\"contentUrl\":\"https:\/\/rollingringdrives.com\/wp-content\/uploads\/2023\/05\/cropped-\u672a\u547d\u540d\u7684\u8bbe\u8ba1.png\",\"width\":300,\"height\":191,\"caption\":\"QiPang\"},\"image\":{\"@id\":\"https:\/\/rollingringdrives.com\/#\/schema\/logo\/image\/\"}}]}<\/script>\n<!-- \/ Yoast SEO Premium plugin. -->","yoast_head_json":{"title":"Medi\u00e7\u00e3o do comprimento do fio de 1-30mm para m\u00e1quina de enrolar e embalar - QiPang","robots":{"index":"index","follow":"follow","max-snippet":"max-snippet:-1","max-image-preview":"max-image-preview:large","max-video-preview":"max-video-preview:-1"},"canonical":"https:\/\/rollingringdrives.com\/pt\/produtos\/1-30mm-wire-length-measurement-for-coiling-and-packing-machine\/","og_locale":"pt_PT","og_type":"article","og_title":"1-30mm Wire Length Measurement For Coiling And Packing Machine","og_description":"Main features and advantages: Simple structure, durable and sturdy: Mainly made of metals (such as aluminum alloy, cast iron), with precise mechanical gears inside, without complex electronic components. It has strong resistance to impact and vibration, and is not prone to damage.  High reliability, no need for power supply: Pure mechanical structure, not affected by electromagnetic interference, also does not require batteries or external power supply. It can work stably in any environment (wet, dusty, outdoors).  Low maintenance cost: Only need to clean and lubricate regularly for long-term use, with almost no failure rate.  Clear reading: The reading on the mechanical dial is clear and understandable, easily discernible at a glance.","og_url":"https:\/\/rollingringdrives.com\/pt\/produtos\/1-30mm-wire-length-measurement-for-coiling-and-packing-machine\/","og_site_name":"QiPang","article_modified_time":"2025-11-01T03:22:09+00:00","og_image":[{"width":681,"height":580,"url":"https:\/\/rollingringdrives.com\/wp-content\/uploads\/2025\/11\/Cable-length-counter.png","type":"image\/png"}],"twitter_card":"summary_large_image","twitter_misc":{"Est. reading time":"2 minutos"},"schema":{"@context":"https:\/\/schema.org","@graph":[{"@type":"WebPage","@id":"https:\/\/rollingringdrives.com\/product\/1-30mm-wire-length-measurement-for-coiling-and-packing-machine\/","url":"https:\/\/rollingringdrives.com\/product\/1-30mm-wire-length-measurement-for-coiling-and-packing-machine\/","name":"Medi\u00e7\u00e3o do comprimento do fio de 1-30mm para m\u00e1quina de enrolar e embalar - QiPang","isPartOf":{"@id":"https:\/\/rollingringdrives.com\/#website"},"primaryImageOfPage":{"@id":"https:\/\/rollingringdrives.com\/product\/1-30mm-wire-length-measurement-for-coiling-and-packing-machine\/#primaryimage"},"image":{"@id":"https:\/\/rollingringdrives.com\/product\/1-30mm-wire-length-measurement-for-coiling-and-packing-machine\/#primaryimage"},"thumbnailUrl":"https:\/\/rollingringdrives.com\/wp-content\/uploads\/2025\/11\/Cable-length-counter.png","datePublished":"2025-11-01T03:22:08+00:00","dateModified":"2025-11-01T03:22:09+00:00","breadcrumb":{"@id":"https:\/\/rollingringdrives.com\/product\/1-30mm-wire-length-measurement-for-coiling-and-packing-machine\/#breadcrumb"},"inLanguage":"pt-PT","potentialAction":[{"@type":"ReadAction","target":["https:\/\/rollingringdrives.com\/product\/1-30mm-wire-length-measurement-for-coiling-and-packing-machine\/"]}]},{"@type":"ImageObject","inLanguage":"pt-PT","@id":"https:\/\/rollingringdrives.com\/product\/1-30mm-wire-length-measurement-for-coiling-and-packing-machine\/#primaryimage","url":"https:\/\/rollingringdrives.com\/wp-content\/uploads\/2025\/11\/Cable-length-counter.png","contentUrl":"https:\/\/rollingringdrives.com\/wp-content\/uploads\/2025\/11\/Cable-length-counter.png","width":681,"height":580,"caption":"Cable length counter"},{"@type":"BreadcrumbList","@id":"https:\/\/rollingringdrives.com\/product\/1-30mm-wire-length-measurement-for-coiling-and-packing-machine\/#breadcrumb","itemListElement":[{"@type":"ListItem","position":1,"name":"Home","item":"https:\/\/rollingringdrives.com\/"},{"@type":"ListItem","position":2,"name":"Machines","item":"https:\/\/rollingringdrives.com\/machines\/"},{"@type":"ListItem","position":3,"name":"1-30mm Wire Length Measurement For Coiling And Packing Machine"}]},{"@type":"WebSite","@id":"https:\/\/rollingringdrives.com\/#website","url":"https:\/\/rollingringdrives.com\/","name":"QiPangName","description":"Blog QiPang","publisher":{"@id":"https:\/\/rollingringdrives.com\/#organization"},"potentialAction":[{"@type":"SearchAction","target":{"@type":"EntryPoint","urlTemplate":"https:\/\/rollingringdrives.com\/?s={search_term_string}"},"query-input":{"@type":"PropertyValueSpecification","valueRequired":true,"valueName":"search_term_string"}}],"inLanguage":"pt-PT"},{"@type":"Organization","@id":"https:\/\/rollingringdrives.com\/#organization","name":"QiPangName","url":"https:\/\/rollingringdrives.com\/","logo":{"@type":"ImageObject","inLanguage":"pt-PT","@id":"https:\/\/rollingringdrives.com\/#\/schema\/logo\/image\/","url":"https:\/\/rollingringdrives.com\/wp-content\/uploads\/2023\/05\/cropped-\u672a\u547d\u540d\u7684\u8bbe\u8ba1.png","contentUrl":"https:\/\/rollingringdrives.com\/wp-content\/uploads\/2023\/05\/cropped-\u672a\u547d\u540d\u7684\u8bbe\u8ba1.png","width":300,"height":191,"caption":"QiPang"},"image":{"@id":"https:\/\/rollingringdrives.com\/#\/schema\/logo\/image\/"}}]}},"_links":{"self":[{"href":"https:\/\/rollingringdrives.com\/pt\/wp-json\/wp\/v2\/product\/32686","targetHints":{"allow":["GET"]}}],"collection":[{"href":"https:\/\/rollingringdrives.com\/pt\/wp-json\/wp\/v2\/product"}],"about":[{"href":"https:\/\/rollingringdrives.com\/pt\/wp-json\/wp\/v2\/types\/product"}],"version-history":[{"count":0,"href":"https:\/\/rollingringdrives.com\/pt\/wp-json\/wp\/v2\/product\/32686\/revisions"}],"wp:featuredmedia":[{"embeddable":true,"href":"https:\/\/rollingringdrives.com\/pt\/wp-json\/wp\/v2\/media\/32687"}],"wp:attachment":[{"href":"https:\/\/rollingringdrives.com\/pt\/wp-json\/wp\/v2\/media?parent=32686"}],"wp:term":[{"taxonomy":"product_brand","embeddable":true,"href":"https:\/\/rollingringdrives.com\/pt\/wp-json\/wp\/v2\/product_brand?post=32686"},{"taxonomy":"product_cat","embeddable":true,"href":"https:\/\/rollingringdrives.com\/pt\/wp-json\/wp\/v2\/product_cat?post=32686"},{"taxonomy":"product_tag","embeddable":true,"href":"https:\/\/rollingringdrives.com\/pt\/wp-json\/wp\/v2\/product_tag?post=32686"}],"curies":[{"name":"wp","href":"https:\/\/api.w.org\/{rel}","templated":true}]}}