{"id":32897,"date":"2026-01-24T03:07:38","date_gmt":"2026-01-24T03:07:38","guid":{"rendered":"https:\/\/rollingringdrives.com\/?post_type=product&#038;p=32897"},"modified":"2026-01-24T03:07:39","modified_gmt":"2026-01-24T03:07:39","slug":"automatic-cable-winding-and-cutting-line-machine","status":"publish","type":"product","link":"https:\/\/rollingringdrives.com\/pt\/produtos\/automatic-cable-winding-and-cutting-line-machine\/","title":{"rendered":"M\u00e1quina autom\u00e1tica de enrolamento de cabos e linha de corte"},"content":{"rendered":"<p>Shanghai Qipang \u00e9 especializada na produ\u00e7\u00e3o de linhas de corte e enrolamento de comprimento fixo para cabos. Pode fornecer solu\u00e7\u00f5es profissionais com base nos diferentes tamanhos de bobinas, tipos de cabos, e os diferentes comprimentos necess\u00e1rios, conforme especificado pelos clientes.<\/p>\n<p>Nosso <strong>linha de produ\u00e7\u00e3o de enrolamento e corte de cabos de comprimento fixo<\/strong> integra tecnologia avan\u00e7ada de enrolamento com sistemas de corte precisos. Pode enrolar r\u00e1pida e suavemente v\u00e1rios tipos e especifica\u00e7\u00f5es de cabos de grandes bobinas padr\u00e3o em pequenas bobinas especificadas pelo utilizador e cort\u00e1-los com precis\u00e3o de acordo com os medidores predefinidos, aumentando significativamente o n\u00edvel de automa\u00e7\u00e3o e a efici\u00eancia de produ\u00e7\u00e3o das etapas subsequentes de processamento de cabos.<\/p>\n<figure id=\"attachment_32898\" aria-describedby=\"caption-attachment-32898\" style=\"width: 705px\" class=\"wp-caption alignnone\"><img fetchpriority=\"high\" decoding=\"async\" class=\"size-full wp-image-32898\" src=\"https:\/\/rollingringdrives.com\/wp-content\/uploads\/2026\/01\/8f807ad1-b0ff-40b2-b6fb-d7d109b0afbd.avif\" alt=\"Linha de corte e enrolamento de cabos \" width=\"705\" height=\"510\" srcset=\"https:\/\/rollingringdrives.com\/wp-content\/uploads\/2026\/01\/8f807ad1-b0ff-40b2-b6fb-d7d109b0afbd.avif 705w, https:\/\/rollingringdrives.com\/wp-content\/uploads\/2026\/01\/8f807ad1-b0ff-40b2-b6fb-d7d109b0afbd-300x217.avif 300w, https:\/\/rollingringdrives.com\/wp-content\/uploads\/2026\/01\/8f807ad1-b0ff-40b2-b6fb-d7d109b0afbd-18x12.avif 18w, https:\/\/rollingringdrives.com\/wp-content\/uploads\/2026\/01\/8f807ad1-b0ff-40b2-b6fb-d7d109b0afbd-600x434.avif 600w\" sizes=\"(max-width: 705px) 100vw, 705px\" \/><figcaption id=\"caption-attachment-32898\" class=\"wp-caption-text\">Linha de corte e enrolamento de cabos<\/figcaption><\/figure>\n<h2>Par\u00e2metro da linha de corte e enrolamento de cabos<\/h2>\n<div id=\"footable_parent_32899\"\n         class=\"footable_parent ninja_table_wrapper loading_ninja_table wp_table_data_press_parent semantic_ui\">\n                <table data-ninja_table_instance=\"ninja_table_instance_0\" data-footable_id=\"32899\" data-filter-delay=\"1000\" aria-label=\"\u5149\u7f06\u5207\u5272\u673a.csv\"            id=\"footable_32899\"\n           data-unique_identifier=\"ninja_table_unique_id_1351405763_32899\"\n           class=\"foo-table ninja_footable foo_table_32899 ninja_table_unique_id_1351405763_32899 ui table  ninja_search_right nt_type_legacy_table selectable celled striped vertical_centered  footable-paging-right ninja_table_pro\">\n                <colgroup>\n                            <col class=\"ninja_column_0\">\n                            <col class=\"ninja_column_1\">\n                    <\/colgroup>\n        <thead>\n<tr class=\"footable-header\">\n                                        <th scope=\"col\"  class=\"ninja_column_0 ninja_clmn_nm_model\">Modelo<\/th><th scope=\"col\"  class=\"ninja_column_1 ninja_clmn_nm_qp46\">QP460<\/th><\/tr>\n<\/thead>\n<tbody>\n\n        <tr data-row_id=\"2186\" class=\"ninja_table_row_0 nt_row_id_2186\">\n            <td> di\u00e2metro do fio<\/td><td>Cabo de 2-16 mm<\/td>        <\/tr>\n            <tr data-row_id=\"2187\" class=\"ninja_table_row_1 nt_row_id_2187\">\n            <td>Tamanho do carreto de compensa\u00e7\u00e3o <\/td><td>0D630\/800mm<\/td>        <\/tr>\n            <tr data-row_id=\"2188\" class=\"ninja_table_row_2 nt_row_id_2188\">\n            <td>M\u00e9todo de pagamento<\/td><td>Desbloqueio autom\u00e1tico da tens\u00e3o com ou sem veio<\/td>        <\/tr>\n            <tr data-row_id=\"2189\" class=\"ninja_table_row_3 nt_row_id_2189\">\n            <td>Tipo de travessia de absor\u00e7\u00e3o <\/td><td>acionamento do anel de rolamento\/servo PLC<\/td>        <\/tr>\n            <tr data-row_id=\"2190\" class=\"ninja_table_row_4 nt_row_id_2190\">\n            <td>Capacidade de carga<\/td><td>200KG eixo \u00fanico<\/td>        <\/tr>\n            <tr data-row_id=\"2191\" class=\"ninja_table_row_5 nt_row_id_2191\">\n            <td>M\u00e9todo da linha <\/td><td>Cablagem autom\u00e1tica<\/td>        <\/tr>\n            <tr data-row_id=\"2192\" class=\"ninja_table_row_6 nt_row_id_2192\">\n            <td>Velocidade da m\u00e1quina<\/td><td>0-500 rpm, personaliz\u00e1vel<\/td>        <\/tr>\n            <tr data-row_id=\"2193\" class=\"ninja_table_row_7 nt_row_id_2193\">\n            <td>Di\u00e2metro exterior da abra\u00e7adeira <\/td><td>\u03c6310\/400\/450mm<\/td>        <\/tr>\n            <tr data-row_id=\"2194\" class=\"ninja_table_row_8 nt_row_id_2194\">\n            <td>N\u00famero de ranhuras para abra\u00e7adeiras<\/td><td>3 ranhuras<\/td>        <\/tr>\n            <tr data-row_id=\"2195\" class=\"ninja_table_row_9 nt_row_id_2195\">\n            <td>Pot\u00eancia do motor<\/td><td>Motor redutor 2.2\/4KW <\/td>        <\/tr>\n            <tr data-row_id=\"2196\" class=\"ninja_table_row_10 nt_row_id_2196\">\n            <td>Di\u00e2metro interno da abra\u00e7adeira<\/td><td>\u03c6140\/160\/180mm<\/td>        <\/tr>\n            <tr data-row_id=\"2197\" class=\"ninja_table_row_11 nt_row_id_2197\">\n            <td>Altura do cabo de a\u00e7o<\/td><td>30-200mm, personaliz\u00e1vel<\/td>        <\/tr>\n            <tr data-row_id=\"2198\" class=\"ninja_table_row_12 nt_row_id_2198\">\n            <td>Cor da m\u00e1quina<\/td><td>Azul RAL5015, Personaliz\u00e1vel<\/td>        <\/tr>\n            <tr data-row_id=\"2199\" class=\"ninja_table_row_13 nt_row_id_2199\">\n            <td>Produ\u00e7\u00e3o por turno<\/td><td>Cerca de 700 espirais (7 horas)<\/td>        <\/tr>\n            <tr data-row_id=\"2200\" class=\"ninja_table_row_14 nt_row_id_2200\">\n            <td>fonte de energia<\/td><td>380V 50HZ trif\u00e1sico ou personaliz\u00e1vel<\/td>        <\/tr>\n    <\/tbody><!--ninja_tobody_rendering_done-->\n    <\/table>\n    \n    \n    \n<\/div>\n\n<div class=\"ast-oembed-container\" style=\"height: 100%;\"><iframe title=\"M\u00e1quina autom\u00e1tica de enrolamento de cabos e linha de corte\" width=\"422\" height=\"750\" src=\"https:\/\/www.youtube.com\/embed\/PYcvcMHXHuc?feature=oembed\" frameborder=\"0\" allow=\"accelerometer; autoplay; clipboard-write; encrypted-media; gyroscope; picture-in-picture; web-share\" referrerpolicy=\"strict-origin-when-cross-origin\" allowfullscreen><\/iframe><\/div>\n<h2>Carater\u00edstica da linha de corte e enrolamento de cabos<\/h2>\n<h4><strong>Sistema de enrolamento:<\/strong><\/h4>\n<p>Existem v\u00e1rios tipos de m\u00e1quinas de enrolamento dispon\u00edveis, incluindo m\u00e1quinas de recolha do tipo cantilever ou do tipo eixo. O tamanho da m\u00e1quina pode ser personalizado para satisfazer os diferentes tipos e tamanhos de bobinas dos clientes. A sec\u00e7\u00e3o de cablagem pode escolher entre dispositivo de cablagem de acionamento por anel rolante ou cablagem servo plc. A largura da cablagem pode ser ajustada de acordo com a largura da bobina.<\/p>\n<h4>Sistema de corte de comprimento fixo<\/h4>\n<p>Medi\u00e7\u00e3o de precis\u00e3o: O contador equipado com codificadores de alta precis\u00e3o garante a exatid\u00e3o do comprimento do enrolamento do cabo, com um erro controlado dentro de 1\/1000 a 1\/3000.<br \/>\nCorte r\u00e1pido: Utilizando dispositivos de corte eficientes (como o corte pneum\u00e1tico ou hidr\u00e1ulico com base no material do cabo), a superf\u00edcie de corte \u00e9 lisa e sem rebarbas, e a velocidade \u00e9 perfeitamente adaptada ao sistema de enrolamento.<br \/>\nConfigura\u00e7\u00e3o flex\u00edvel: A opera\u00e7\u00e3o \u00e9 simples, e diferentes comprimentos e quantidades de enrolamento podem ser rapidamente definidos de acordo com os requisitos de produ\u00e7\u00e3o.<\/p>\n<h4>M\u00e1quina de pagamento ativa<\/h4>\n<p>A m\u00e1quina de pagamento \u00e9 acionada por um motor independente em vez de ser puxada passivamente. A m\u00e1quina est\u00e1 equipada com um suporte de armazenamento que monitoriza a tens\u00e3o do cabo em tempo real e ajusta dinamicamente a velocidade de enrolamento para garantir uma tens\u00e3o constante e evitar que o cabo seja puxado demasiado fino, esticado ou que a bobina fique sem tor\u00e7\u00e3o.<\/p>\n<p>Quer se trate de cabos de energia, cabos de comunica\u00e7\u00e3o, cabos de controlo ou outros tipos especiais de cabos, a nossa linha de produ\u00e7\u00e3o pode proporcionar um desempenho est\u00e1vel e fi\u00e1vel. \u00c9 a escolha ideal para fabricantes de fios e cabos, distribuidores de cabos e empresas de processamento relacionadas. N\u00e3o s\u00f3 simplifica o processo de produ\u00e7\u00e3o, reduz os erros e a intensidade de trabalho causados pela interven\u00e7\u00e3o humana, como tamb\u00e9m garante a consist\u00eancia da qualidade do produto, ajudando-o a destacar-se na feroz concorr\u00eancia do mercado.<\/p>","protected":false},"excerpt":{"rendered":"<p>A linha de produ\u00e7\u00e3o de enrolamento e corte de cabos pode transferir os cabos de bobinas de grandes dimens\u00f5es para a unidade de enrolamento com tens\u00e3o e suavidade constantes, e enrol\u00e1-los com precis\u00e3o em pequenas bobinas de acordo com o comprimento predefinido e depois cort\u00e1-los automaticamente. Quer se trate de cabos de energia, cabos de comunica\u00e7\u00e3o ou cabos especiais, durante o processo de enrolamento, o estiramento e a deforma\u00e7\u00e3o dos cabos durante o desenrolamento podem ser minimizados tanto quanto poss\u00edvel, garantindo que as propriedades f\u00edsicas dos cabos acabados n\u00e3o s\u00e3o afectadas. Esta n\u00e3o \u00e9 apenas uma ferramenta eficiente para melhorar a efici\u00eancia da produ\u00e7\u00e3o, mas tamb\u00e9m uma escolha ideal para garantir a qualidade dos cabos de alta qualidade.<\/p>","protected":false},"featured_media":32902,"template":"","meta":{"site-sidebar-layout":"default","site-content-layout":"default","ast-global-header-display":"","ast-banner-title-visibility":"","ast-main-header-display":"","ast-hfb-above-header-display":"","ast-hfb-below-header-display":"","ast-hfb-mobile-header-display":"","site-post-title":"","ast-breadcrumbs-content":"","ast-featured-img":"","footer-sml-layout":"","theme-transparent-header-meta":"default","adv-header-id-meta":"","stick-header-meta":"","header-above-stick-meta":"","header-main-stick-meta":"","header-below-stick-meta":""},"product_brand":[],"product_cat":[136,137],"product_tag":[],"class_list":{"0":"post-32897","1":"product","2":"type-product","3":"status-publish","4":"has-post-thumbnail","6":"product_cat-coiling-machine","7":"product_cat-coiling-and-reeling-machine","8":"desktop-align-left","9":"tablet-align-left","10":"mobile-align-left","12":"first","13":"instock","14":"shipping-taxable","15":"product-type-simple"},"yoast_head":"<!-- This site is optimized with the Yoast SEO Premium plugin v20.12 (Yoast SEO v26.0) - https:\/\/yoast.com\/wordpress\/plugins\/seo\/ -->\n<title>Automatic Cable Winding and Cutting Line Machine - QiPang<\/title>\n<meta name=\"robots\" content=\"index, follow, max-snippet:-1, max-image-preview:large, max-video-preview:-1\" \/>\n<link rel=\"canonical\" href=\"https:\/\/rollingringdrives.com\/pt\/produtos\/automatic-cable-winding-and-cutting-line-machine\/\" \/>\n<meta property=\"og:locale\" content=\"pt_PT\" \/>\n<meta property=\"og:type\" content=\"article\" \/>\n<meta property=\"og:title\" content=\"Automatic Cable Winding and Cutting Line Machine\" \/>\n<meta property=\"og:description\" content=\"The cable winding and cutting production line can transfer the cables from large-sized reels to the winding unit with constant tension and smoothness, and precisely wind them onto small reels according to the preset length and then automatically cut them off. Whether it is power cables, communication cables or special cables, during the winding process, the stretching and deformation of the cables during unwinding can be minimized as much as possible, ensuring that the physical properties of the finished cables are not affected. This is not only an efficient tool for improving production efficiency, but also an ideal choice for ensuring the quality of high-end cables.\" \/>\n<meta property=\"og:url\" content=\"https:\/\/rollingringdrives.com\/pt\/produtos\/automatic-cable-winding-and-cutting-line-machine\/\" \/>\n<meta property=\"og:site_name\" content=\"QiPang\" \/>\n<meta property=\"article:modified_time\" content=\"2026-01-24T03:07:39+00:00\" \/>\n<meta name=\"twitter:card\" content=\"summary_large_image\" \/>\n<meta name=\"twitter:label1\" content=\"Est. reading time\" \/>\n\t<meta name=\"twitter:data1\" content=\"3 minutos\" \/>\n<script type=\"application\/ld+json\" class=\"yoast-schema-graph\">{\"@context\":\"https:\/\/schema.org\",\"@graph\":[{\"@type\":\"WebPage\",\"@id\":\"https:\/\/rollingringdrives.com\/product\/automatic-cable-winding-and-cutting-line-machine\/\",\"url\":\"https:\/\/rollingringdrives.com\/product\/automatic-cable-winding-and-cutting-line-machine\/\",\"name\":\"Automatic Cable Winding and Cutting Line Machine - QiPang\",\"isPartOf\":{\"@id\":\"https:\/\/rollingringdrives.com\/#website\"},\"primaryImageOfPage\":{\"@id\":\"https:\/\/rollingringdrives.com\/product\/automatic-cable-winding-and-cutting-line-machine\/#primaryimage\"},\"image\":{\"@id\":\"https:\/\/rollingringdrives.com\/product\/automatic-cable-winding-and-cutting-line-machine\/#primaryimage\"},\"thumbnailUrl\":\"https:\/\/rollingringdrives.com\/wp-content\/uploads\/2026\/01\/take-up-machine.avif\",\"datePublished\":\"2026-01-24T03:07:38+00:00\",\"dateModified\":\"2026-01-24T03:07:39+00:00\",\"breadcrumb\":{\"@id\":\"https:\/\/rollingringdrives.com\/product\/automatic-cable-winding-and-cutting-line-machine\/#breadcrumb\"},\"inLanguage\":\"pt-PT\",\"potentialAction\":[{\"@type\":\"ReadAction\",\"target\":[\"https:\/\/rollingringdrives.com\/product\/automatic-cable-winding-and-cutting-line-machine\/\"]}]},{\"@type\":\"ImageObject\",\"inLanguage\":\"pt-PT\",\"@id\":\"https:\/\/rollingringdrives.com\/product\/automatic-cable-winding-and-cutting-line-machine\/#primaryimage\",\"url\":\"https:\/\/rollingringdrives.com\/wp-content\/uploads\/2026\/01\/take-up-machine.avif\",\"contentUrl\":\"https:\/\/rollingringdrives.com\/wp-content\/uploads\/2026\/01\/take-up-machine.avif\",\"width\":960,\"height\":960,\"caption\":\"cable winding and cutting machine\"},{\"@type\":\"BreadcrumbList\",\"@id\":\"https:\/\/rollingringdrives.com\/product\/automatic-cable-winding-and-cutting-line-machine\/#breadcrumb\",\"itemListElement\":[{\"@type\":\"ListItem\",\"position\":1,\"name\":\"Home\",\"item\":\"https:\/\/rollingringdrives.com\/\"},{\"@type\":\"ListItem\",\"position\":2,\"name\":\"Machines\",\"item\":\"https:\/\/rollingringdrives.com\/machines\/\"},{\"@type\":\"ListItem\",\"position\":3,\"name\":\"Automatic Cable Winding and Cutting Line Machine\"}]},{\"@type\":\"WebSite\",\"@id\":\"https:\/\/rollingringdrives.com\/#website\",\"url\":\"https:\/\/rollingringdrives.com\/\",\"name\":\"QiPang\",\"description\":\"QiPang Blog\",\"publisher\":{\"@id\":\"https:\/\/rollingringdrives.com\/#organization\"},\"potentialAction\":[{\"@type\":\"SearchAction\",\"target\":{\"@type\":\"EntryPoint\",\"urlTemplate\":\"https:\/\/rollingringdrives.com\/?s={search_term_string}\"},\"query-input\":{\"@type\":\"PropertyValueSpecification\",\"valueRequired\":true,\"valueName\":\"search_term_string\"}}],\"inLanguage\":\"pt-PT\"},{\"@type\":\"Organization\",\"@id\":\"https:\/\/rollingringdrives.com\/#organization\",\"name\":\"QiPang\",\"url\":\"https:\/\/rollingringdrives.com\/\",\"logo\":{\"@type\":\"ImageObject\",\"inLanguage\":\"pt-PT\",\"@id\":\"https:\/\/rollingringdrives.com\/#\/schema\/logo\/image\/\",\"url\":\"https:\/\/rollingringdrives.com\/wp-content\/uploads\/2023\/05\/cropped-\u672a\u547d\u540d\u7684\u8bbe\u8ba1.png\",\"contentUrl\":\"https:\/\/rollingringdrives.com\/wp-content\/uploads\/2023\/05\/cropped-\u672a\u547d\u540d\u7684\u8bbe\u8ba1.png\",\"width\":300,\"height\":191,\"caption\":\"QiPang\"},\"image\":{\"@id\":\"https:\/\/rollingringdrives.com\/#\/schema\/logo\/image\/\"}}]}<\/script>\n<!-- \/ Yoast SEO Premium plugin. -->","yoast_head_json":{"title":"M\u00e1quina autom\u00e1tica de enrolamento de cabos e linha de corte - QiPang","robots":{"index":"index","follow":"follow","max-snippet":"max-snippet:-1","max-image-preview":"max-image-preview:large","max-video-preview":"max-video-preview:-1"},"canonical":"https:\/\/rollingringdrives.com\/pt\/produtos\/automatic-cable-winding-and-cutting-line-machine\/","og_locale":"pt_PT","og_type":"article","og_title":"Automatic Cable Winding and Cutting Line Machine","og_description":"The cable winding and cutting production line can transfer the cables from large-sized reels to the winding unit with constant tension and smoothness, and precisely wind them onto small reels according to the preset length and then automatically cut them off. Whether it is power cables, communication cables or special cables, during the winding process, the stretching and deformation of the cables during unwinding can be minimized as much as possible, ensuring that the physical properties of the finished cables are not affected. This is not only an efficient tool for improving production efficiency, but also an ideal choice for ensuring the quality of high-end cables.","og_url":"https:\/\/rollingringdrives.com\/pt\/produtos\/automatic-cable-winding-and-cutting-line-machine\/","og_site_name":"QiPang","article_modified_time":"2026-01-24T03:07:39+00:00","twitter_card":"summary_large_image","twitter_misc":{"Est. reading time":"3 minutos"},"schema":{"@context":"https:\/\/schema.org","@graph":[{"@type":"WebPage","@id":"https:\/\/rollingringdrives.com\/product\/automatic-cable-winding-and-cutting-line-machine\/","url":"https:\/\/rollingringdrives.com\/product\/automatic-cable-winding-and-cutting-line-machine\/","name":"M\u00e1quina autom\u00e1tica de enrolamento de cabos e linha de corte - QiPang","isPartOf":{"@id":"https:\/\/rollingringdrives.com\/#website"},"primaryImageOfPage":{"@id":"https:\/\/rollingringdrives.com\/product\/automatic-cable-winding-and-cutting-line-machine\/#primaryimage"},"image":{"@id":"https:\/\/rollingringdrives.com\/product\/automatic-cable-winding-and-cutting-line-machine\/#primaryimage"},"thumbnailUrl":"https:\/\/rollingringdrives.com\/wp-content\/uploads\/2026\/01\/take-up-machine.avif","datePublished":"2026-01-24T03:07:38+00:00","dateModified":"2026-01-24T03:07:39+00:00","breadcrumb":{"@id":"https:\/\/rollingringdrives.com\/product\/automatic-cable-winding-and-cutting-line-machine\/#breadcrumb"},"inLanguage":"pt-PT","potentialAction":[{"@type":"ReadAction","target":["https:\/\/rollingringdrives.com\/product\/automatic-cable-winding-and-cutting-line-machine\/"]}]},{"@type":"ImageObject","inLanguage":"pt-PT","@id":"https:\/\/rollingringdrives.com\/product\/automatic-cable-winding-and-cutting-line-machine\/#primaryimage","url":"https:\/\/rollingringdrives.com\/wp-content\/uploads\/2026\/01\/take-up-machine.avif","contentUrl":"https:\/\/rollingringdrives.com\/wp-content\/uploads\/2026\/01\/take-up-machine.avif","width":960,"height":960,"caption":"cable winding and cutting machine"},{"@type":"BreadcrumbList","@id":"https:\/\/rollingringdrives.com\/product\/automatic-cable-winding-and-cutting-line-machine\/#breadcrumb","itemListElement":[{"@type":"ListItem","position":1,"name":"Home","item":"https:\/\/rollingringdrives.com\/"},{"@type":"ListItem","position":2,"name":"Machines","item":"https:\/\/rollingringdrives.com\/machines\/"},{"@type":"ListItem","position":3,"name":"Automatic Cable Winding and Cutting Line Machine"}]},{"@type":"WebSite","@id":"https:\/\/rollingringdrives.com\/#website","url":"https:\/\/rollingringdrives.com\/","name":"QiPangName","description":"Blog QiPang","publisher":{"@id":"https:\/\/rollingringdrives.com\/#organization"},"potentialAction":[{"@type":"SearchAction","target":{"@type":"EntryPoint","urlTemplate":"https:\/\/rollingringdrives.com\/?s={search_term_string}"},"query-input":{"@type":"PropertyValueSpecification","valueRequired":true,"valueName":"search_term_string"}}],"inLanguage":"pt-PT"},{"@type":"Organization","@id":"https:\/\/rollingringdrives.com\/#organization","name":"QiPangName","url":"https:\/\/rollingringdrives.com\/","logo":{"@type":"ImageObject","inLanguage":"pt-PT","@id":"https:\/\/rollingringdrives.com\/#\/schema\/logo\/image\/","url":"https:\/\/rollingringdrives.com\/wp-content\/uploads\/2023\/05\/cropped-\u672a\u547d\u540d\u7684\u8bbe\u8ba1.png","contentUrl":"https:\/\/rollingringdrives.com\/wp-content\/uploads\/2023\/05\/cropped-\u672a\u547d\u540d\u7684\u8bbe\u8ba1.png","width":300,"height":191,"caption":"QiPang"},"image":{"@id":"https:\/\/rollingringdrives.com\/#\/schema\/logo\/image\/"}}]}},"_links":{"self":[{"href":"https:\/\/rollingringdrives.com\/pt\/wp-json\/wp\/v2\/product\/32897","targetHints":{"allow":["GET"]}}],"collection":[{"href":"https:\/\/rollingringdrives.com\/pt\/wp-json\/wp\/v2\/product"}],"about":[{"href":"https:\/\/rollingringdrives.com\/pt\/wp-json\/wp\/v2\/types\/product"}],"version-history":[{"count":0,"href":"https:\/\/rollingringdrives.com\/pt\/wp-json\/wp\/v2\/product\/32897\/revisions"}],"wp:featuredmedia":[{"embeddable":true,"href":"https:\/\/rollingringdrives.com\/pt\/wp-json\/wp\/v2\/media\/32902"}],"wp:attachment":[{"href":"https:\/\/rollingringdrives.com\/pt\/wp-json\/wp\/v2\/media?parent=32897"}],"wp:term":[{"taxonomy":"product_brand","embeddable":true,"href":"https:\/\/rollingringdrives.com\/pt\/wp-json\/wp\/v2\/product_brand?post=32897"},{"taxonomy":"product_cat","embeddable":true,"href":"https:\/\/rollingringdrives.com\/pt\/wp-json\/wp\/v2\/product_cat?post=32897"},{"taxonomy":"product_tag","embeddable":true,"href":"https:\/\/rollingringdrives.com\/pt\/wp-json\/wp\/v2\/product_tag?post=32897"}],"curies":[{"name":"wp","href":"https:\/\/api.w.org\/{rel}","templated":true}]}}