{"id":32906,"date":"2026-02-07T05:27:10","date_gmt":"2026-02-07T05:27:10","guid":{"rendered":"https:\/\/rollingringdrives.com\/?post_type=product&#038;p=32906"},"modified":"2026-02-07T05:56:01","modified_gmt":"2026-02-07T05:56:01","slug":"qp-series-shaftless-pay-off-machine-active-pay-out-machine","status":"publish","type":"product","link":"https:\/\/rollingringdrives.com\/pt\/produtos\/qp-series-shaftless-pay-off-machine-active-pay-out-machine\/","title":{"rendered":"M\u00e1quina de pagamento sem eixo da s\u00e9rie Qp: M\u00e1quina de pagamento ativa"},"content":{"rendered":"<p>Shanghai Qipang \u00e9 uma empresa l\u00edder especializada na investiga\u00e7\u00e3o, conce\u00e7\u00e3o, fabrico e venda de <strong>m\u00e1quina de pagamento ativa<\/strong>. A nossa miss\u00e3o \u00e9 fornecer aos clientes solu\u00e7\u00f5es de processamento de fios eficientes, est\u00e1veis e inteligentes atrav\u00e9s da inova\u00e7\u00e3o tecnol\u00f3gica. Desde m\u00e1quinas de desembara\u00e7ar cabos, m\u00e1quinas de enrolar e bobinar cabos a outros equipamentos auxiliares, dedicamo-nos a ajudar os clientes globais a otimizar os processos de produ\u00e7\u00e3o, reduzir os custos operacionais e melhorar a qualidade dos produtos.<\/p>\n<p>Concebida para o processamento de fios e cabos de precis\u00e3o, esta m\u00e1quina de pagamento ativo proporciona um desenrolamento sincronizado e motorizado para garantir uma produ\u00e7\u00e3o suave. Ao contr\u00e1rio da m\u00e1quina de pagamento passiva, esta unidade acciona ativamente a bobina, mantendo uma tens\u00e3o constante independentemente da velocidade da linha.<\/p>\n<figure id=\"attachment_32918\" aria-describedby=\"caption-attachment-32918\" style=\"width: 2560px\" class=\"wp-caption alignnone\"><img fetchpriority=\"high\" decoding=\"async\" class=\"size-full wp-image-32918\" src=\"https:\/\/rollingringdrives.com\/wp-content\/uploads\/2025\/09\/\u534e\u901a-\u4e3b\u52a8\u653e\u50a8\u6210\u5708\u673a\u590d\u7ed5-18_\u526f\u672c-scaled.avif\" alt=\"m\u00e1quina de pagamento ativa\" width=\"2560\" height=\"1332\" srcset=\"https:\/\/rollingringdrives.com\/wp-content\/uploads\/2025\/09\/\u534e\u901a-\u4e3b\u52a8\u653e\u50a8\u6210\u5708\u673a\u590d\u7ed5-18_\u526f\u672c-scaled.avif 2560w, https:\/\/rollingringdrives.com\/wp-content\/uploads\/2025\/09\/\u534e\u901a-\u4e3b\u52a8\u653e\u50a8\u6210\u5708\u673a\u590d\u7ed5-18_\u526f\u672c-300x156.avif 300w, https:\/\/rollingringdrives.com\/wp-content\/uploads\/2025\/09\/\u534e\u901a-\u4e3b\u52a8\u653e\u50a8\u6210\u5708\u673a\u590d\u7ed5-18_\u526f\u672c-1024x533.avif 1024w, https:\/\/rollingringdrives.com\/wp-content\/uploads\/2025\/09\/\u534e\u901a-\u4e3b\u52a8\u653e\u50a8\u6210\u5708\u673a\u590d\u7ed5-18_\u526f\u672c-768x400.avif 768w, https:\/\/rollingringdrives.com\/wp-content\/uploads\/2025\/09\/\u534e\u901a-\u4e3b\u52a8\u653e\u50a8\u6210\u5708\u673a\u590d\u7ed5-18_\u526f\u672c-1536x799.avif 1536w, https:\/\/rollingringdrives.com\/wp-content\/uploads\/2025\/09\/\u534e\u901a-\u4e3b\u52a8\u653e\u50a8\u6210\u5708\u673a\u590d\u7ed5-18_\u526f\u672c-2048x1066.avif 2048w, https:\/\/rollingringdrives.com\/wp-content\/uploads\/2025\/09\/\u534e\u901a-\u4e3b\u52a8\u653e\u50a8\u6210\u5708\u673a\u590d\u7ed5-18_\u526f\u672c-18x9.avif 18w, https:\/\/rollingringdrives.com\/wp-content\/uploads\/2025\/09\/\u534e\u901a-\u4e3b\u52a8\u653e\u50a8\u6210\u5708\u673a\u590d\u7ed5-18_\u526f\u672c-600x312.avif 600w\" sizes=\"(max-width: 2560px) 100vw, 2560px\" \/><figcaption id=\"caption-attachment-32918\" class=\"wp-caption-text\">m\u00e1quina de pagamento ativa<\/figcaption><\/figure>\n<h2>Par\u00e2metro da m\u00e1quina de pagamento ativa<\/h2>\n<div id=\"footable_parent_32907\"\n         class=\"footable_parent ninja_table_wrapper loading_ninja_table wp_table_data_press_parent semantic_ui\">\n                <table data-ninja_table_instance=\"ninja_table_instance_0\" data-footable_id=\"32907\" data-filter-delay=\"1000\" aria-label=\"\u60ac\u81c2\u4e3b\u52a8\u653e\u7ebf\u673a.csv\"            id=\"footable_32907\"\n           data-unique_identifier=\"ninja_table_unique_id_21566802_32907\"\n           class=\"foo-table ninja_footable foo_table_32907 ninja_table_unique_id_21566802_32907 ui table  ninja_search_right nt_type_legacy_table selectable celled striped vertical_centered  footable-paging-right ninja_table_pro\">\n                <colgroup>\n                            <col class=\"ninja_column_0\">\n                            <col class=\"ninja_column_1\">\n                            <col class=\"ninja_column_2\">\n                            <col class=\"ninja_column_3\">\n                            <col class=\"ninja_column_4\">\n                    <\/colgroup>\n        <thead>\n<tr class=\"footable-header\">\n                                                                                        <th scope=\"col\"  class=\"ninja_column_0 ninja_clmn_nm_model\">Modelo<\/th><th scope=\"col\"  class=\"ninja_column_1 ninja_clmn_nm_qp63activepayoffmachine\">M\u00e1quina de pagamento ativa QP630<\/th><th scope=\"col\"  class=\"ninja_column_2 ninja_clmn_nm_qp8activepayoffmachine\">M\u00e1quina de pagamento ativa QP800<\/th><th scope=\"col\"  class=\"ninja_column_3 ninja_clmn_nm_qp1activepayoffmachine\">M\u00e1quina de pagamento ativa QP1000<\/th><th scope=\"col\"  class=\"ninja_column_4 ninja_clmn_nm_qp125activepayoffmachine\">M\u00e1quina de pagamento ativa QP1250<\/th><\/tr>\n<\/thead>\n<tbody>\n\n        <tr data-row_id=\"2201\" class=\"ninja_table_row_0 nt_row_id_2201\">\n            <td>Tamanho da bobina\u00a3\u00a8mm)<\/td><td>OD400-630mm largura 475mm, interior 56\/80mm<\/td><td>OD630-800mm, largura 600mm, interior 80mm<\/td><td>OD800-1000mm, largura 750mm, interior 80mm<\/td><td>OD1000-1250mm, largura 750mm, interior 80mm<\/td>        <\/tr>\n            <tr data-row_id=\"2202\" class=\"ninja_table_row_1 nt_row_id_2202\">\n            <td>Tamanho da bobina (polegadas)<\/td><td>OD24\" -31\" W:23\" ID:3\" <\/td><td>OD24\" -31\" W:23\" ID:3\" <\/td><td>OD31\" -39\" W:29\" ID:3\" <\/td><td>OD39\" -49\" W:29\" ID:3\" <\/td>        <\/tr>\n            <tr data-row_id=\"2203\" class=\"ninja_table_row_2 nt_row_id_2203\">\n            <td>di\u00e2metro do fio<\/td><td> 0,32-4MM<\/td><td>0,5-15 mm<\/td><td>5-25MM<\/td><td>5-30MM<\/td>        <\/tr>\n            <tr data-row_id=\"2204\" class=\"ninja_table_row_3 nt_row_id_2204\">\n            <td>modo de pagamento<\/td><td>remunera\u00e7\u00e3o ativa <\/td><td>remunera\u00e7\u00e3o ativa <\/td><td>remunera\u00e7\u00e3o ativa <\/td><td>remunera\u00e7\u00e3o ativa <\/td>        <\/tr>\n            <tr data-row_id=\"2205\" class=\"ninja_table_row_4 nt_row_id_2205\">\n            <td>Velocidade da m\u00e1quina<\/td><td>0-250m\/min (velocidade ajust\u00e1vel por inversor)<\/td><td>0-300m\/min (velocidade ajust\u00e1vel do inversor)<\/td><td>0-250m\/min (velocidade ajust\u00e1vel por inversor)<\/td><td>0-250m\/min (velocidade ajust\u00e1vel por inversor)<\/td>        <\/tr>\n            <tr data-row_id=\"2206\" class=\"ninja_table_row_5 nt_row_id_2206\">\n            <td>M\u00e9todo de fixa\u00e7\u00e3o:<\/td><td>fixa\u00e7\u00e3o por manivela (ou fixa\u00e7\u00e3o por cilindro)<\/td><td>fixa\u00e7\u00e3o por manivela (ou fixa\u00e7\u00e3o por cilindro)<\/td><td>fixa\u00e7\u00e3o por manivela (ou fixa\u00e7\u00e3o por cilindro)<\/td><td>fixa\u00e7\u00e3o por manivela (ou fixa\u00e7\u00e3o por cilindro)<\/td>        <\/tr>\n            <tr data-row_id=\"2207\" class=\"ninja_table_row_6 nt_row_id_2207\">\n            <td>pagar Motor<\/td><td>2.2KW +RV90-1:7.5 eleva\u00e7\u00e3o el\u00e9ctrica por parafuso, dispositivos de limite superior e inferior, seguran\u00e7a<\/td><td>4KW+ RV90-1:7.5 eleva\u00e7\u00e3o el\u00e9ctrica por parafuso, dispositivos de limite superior e inferior, seguran\u00e7a<\/td><td>5,5KW+RV10-1:7,5 eleva\u00e7\u00e3o el\u00e9ctrica por parafuso, dispositivos de limite superior e inferior, seguran\u00e7a<\/td><td>7,5KW+RV10-1:7,5 eleva\u00e7\u00e3o el\u00e9ctrica por parafuso, dispositivos de limite superior e inferior, seguran\u00e7a<\/td>        <\/tr>\n            <tr data-row_id=\"2208\" class=\"ninja_table_row_7 nt_row_id_2208\">\n            <td>Fonte de energia<\/td><td>380 V, trif\u00e1sico, 50 Hz ou personalize<\/td><td>380 V, trif\u00e1sico, 50 Hz ou personalize<\/td><td>380 V, trif\u00e1sico, 50 Hz ou personalize<\/td><td>380 V, trif\u00e1sico, 50 Hz ou personalize<\/td>        <\/tr>\n            <tr data-row_id=\"2209\" class=\"ninja_table_row_8 nt_row_id_2209\">\n            <td>carga m\u00e1xima<\/td><td>750 kg<\/td><td>1000kg<\/td><td>1000kg<\/td><td>1000kg<\/td>        <\/tr>\n            <tr data-row_id=\"2210\" class=\"ninja_table_row_9 nt_row_id_2210\">\n            <td>Cor do equipamento<\/td><td>RAL5015 azul<\/td><td>RAL5015 azul<\/td><td>RAL5015 azul<\/td><td>RAL5015 azul<\/td>        <\/tr>\n            <tr data-row_id=\"2211\" class=\"ninja_table_row_10 nt_row_id_2211\">\n            <td>arame Estante de armazenamento<\/td><td>Suporte de armazenamento de arame de tens\u00e3o vertical\n1) Altura total: 1,8 metros;\n2) Capacidade de armazenamento: Aproximadamente 15 metros, bobinas de armazenamento de fio \u00a6\u00d5250mm (4 conjuntos + 3 conjuntos);\n3) Di\u00e2metro do fio aplic\u00e1vel: 1-9mm n\u00facleos multi-fio, fio de cobre 2.2-4mm\n4) Material do rolo de guia: a\u00e7o pl\u00e1stico POM \/ rolos de alum\u00ednio anodizado duro\n5) M\u00e9todo de controlo: O sensor emite um sinal de tens\u00e3o de 0-10V para regular a velocidade de liberta\u00e7\u00e3o do fio<\/td><td>Suporte de armazenamento de arame de tens\u00e3o vertical\n1) Altura total: 1,8 metros;\n2) Capacidade de armazenamento: Aproximadamente 15 metros, bobinas de armazenamento de fio\u00a6\u00d5250mm (4 conjuntos + 3 conjuntos);\n3) Di\u00e2metro do fio aplic\u00e1vel: 1-9mm n\u00facleos multi-fio, fio de cobre 2.2-4mm\n4) Material do rolo de guia: a\u00e7o pl\u00e1stico POM \/ rolos de alum\u00ednio anodizado duro\n5) M\u00e9todo de controlo: O sensor emite um sinal de tens\u00e3o de 0-10V para regular a velocidade de liberta\u00e7\u00e3o do fio<\/td><td>Suporte de armazenamento de arame de tens\u00e3o vertical\n1) Altura total: 1,8 metros;\n2) Capacidade de armazenamento: Aproximadamente 15 metros, bobinas de armazenamento de fio \u00a6\u00d5250mm (4 conjuntos + 3 conjuntos);\n3) Di\u00e2metro do fio aplic\u00e1vel: 1-9mm n\u00facleos multi-fio, fio de cobre 2.2-4mm\n4) Material do rolo de guia: a\u00e7o pl\u00e1stico POM \/ rolos de alum\u00ednio anodizado duro\n5) M\u00e9todo de controlo: O sensor emite um sinal de tens\u00e3o de 0-10V para regular a velocidade de liberta\u00e7\u00e3o do fio<\/td><td>Suporte de armazenamento de arame de tens\u00e3o vertical\n1) Altura total: 1,8 metros;\n2) Capacidade de armazenamento: Aproximadamente 15 metros, bobinas de armazenamento de fio \u00a6\u00d5250mm (4 conjuntos + 3 conjuntos);\n3) Di\u00e2metro do fio aplic\u00e1vel: 1-9mm n\u00facleos multi-fio, fio de cobre 2.2-4mm\n4) Material do rolo de guia: a\u00e7o pl\u00e1stico POM \/ rolos de alum\u00ednio anodizado duro\n5) M\u00e9todo de controlo: O sensor emite um sinal de tens\u00e3o de 0-10V para regular a velocidade de liberta\u00e7\u00e3o do fio<\/td>        <\/tr>\n    <\/tbody><!--ninja_tobody_rendering_done-->\n    <\/table>\n    \n    \n    \n<\/div>\n\n<h2>Pedido de pagamento de m\u00e1quina ativa<\/h2>\n<div class=\"ast-oembed-container\" style=\"height: 100%;\"><iframe title=\"1250 Pagamento de cantilever ativo com bailarina + contador de metros + m\u00e1quina de enrolar servo\" width=\"422\" height=\"750\" src=\"https:\/\/www.youtube.com\/embed\/DgoX6zlJG7o?feature=oembed\" frameborder=\"0\" allow=\"accelerometer; autoplay; clipboard-write; encrypted-media; gyroscope; picture-in-picture; web-share\" referrerpolicy=\"strict-origin-when-cross-origin\" allowfullscreen><\/iframe><\/div>\n<p>&nbsp;<\/p>\n<h3><strong>Vantagem da m\u00e1quina de pagamento ativo da s\u00e9rie QP<\/strong><\/h3>\n<p>1. Efici\u00eancia e precis\u00e3o<br \/>\nO equipamento utiliza um conversor de frequ\u00eancia para controlar a velocidade de sa\u00edda. Combinado com um design de bra\u00e7o oscilante, uma roda de guia oscilante controlada por cilindro e um sensor de deslocamento, garante um pagamento preciso, evita a acumula\u00e7\u00e3o e danos nos cabos e melhora a efici\u00eancia da produ\u00e7\u00e3o.<\/p>\n<p>2. Prote\u00e7\u00e3o da qualidade do fio<br \/>\nA m\u00e1quina de pagamento ativo controla ativamente o processo de pagamento, eliminando problemas como o desbaste e o emaranhamento do n\u00facleo do fio, garantindo uma elevada qualidade do fio ao longo do processo de produ\u00e7\u00e3o. \u00c9 particularmente adequada para enrolar e enrolar pequenos fios quadrados.<\/p>\n<p>3. Elevado n\u00edvel de automatiza\u00e7\u00e3o<br \/>\nO equipamento suporta o pagamento de energia sem eixo, simplificando a carga e descarga da bobina, reduzindo a interven\u00e7\u00e3o manual e melhorando ainda mais o n\u00edvel de automa\u00e7\u00e3o da linha de produ\u00e7\u00e3o.<\/p>\n<p>4. Conce\u00e7\u00e3o estrutural optimizada<br \/>\nAlguns equipamentos apresentam um design de estrutura de pagamento vertical ou horizontal, que \u00e9 compacto e flex\u00edvel, adaptando-se \u00e0s necessidades de v\u00e1rios ambientes de produ\u00e7\u00e3o e aumentando a praticidade do equipamento.<\/p>","protected":false},"excerpt":{"rendered":"<p>Nas linhas de produ\u00e7\u00e3o de fios e cabos, garantir um processo de alimenta\u00e7\u00e3o cont\u00ednuo e suave \u00e9 fundamental para a efici\u00eancia. Os nossos <strong>Cabo Ativo Pagamento<\/strong>, funcionando sem problemas com um\u00a0<strong>Acumulador (suporte de armazenamento)<\/strong>O Acumulador de bobinas, fornece a solu\u00e7\u00e3o perfeita para linhas de extrus\u00e3o e enrolamento de alta velocidade. Enquanto o Active Pay-off assegura um desenrolamento motorizado e sincronizado, o Accumulator funciona como um amortecedor, permitindo uma produ\u00e7\u00e3o ininterrupta mesmo durante as mudan\u00e7as de bobina.<\/p>","protected":false},"featured_media":32910,"template":"","meta":{"site-sidebar-layout":"default","site-content-layout":"default","ast-global-header-display":"","ast-banner-title-visibility":"","ast-main-header-display":"","ast-hfb-above-header-display":"","ast-hfb-below-header-display":"","ast-hfb-mobile-header-display":"","site-post-title":"","ast-breadcrumbs-content":"","ast-featured-img":"","footer-sml-layout":"","theme-transparent-header-meta":"default","adv-header-id-meta":"","stick-header-meta":"","header-above-stick-meta":"","header-main-stick-meta":"","header-below-stick-meta":""},"product_brand":[],"product_cat":[48,133],"product_tag":[],"class_list":{"0":"post-32906","1":"product","2":"type-product","3":"status-publish","4":"has-post-thumbnail","6":"product_cat-wire-payoff-machine","7":"product_cat-active-pay-off-machine","8":"desktop-align-left","9":"tablet-align-left","10":"mobile-align-left","12":"first","13":"instock","14":"shipping-taxable","15":"product-type-simple"},"yoast_head":"<!-- This site is optimized with the Yoast SEO Premium plugin v20.12 (Yoast SEO v26.0) - https:\/\/yoast.com\/wordpress\/plugins\/seo\/ -->\n<title>Qp Series Shaftless Pay Off Machine: Active Pay Out Machine - QiPang<\/title>\n<meta name=\"robots\" content=\"index, follow, max-snippet:-1, max-image-preview:large, max-video-preview:-1\" \/>\n<link rel=\"canonical\" href=\"https:\/\/rollingringdrives.com\/pt\/produtos\/qp-series-shaftless-pay-off-machine-active-pay-out-machine\/\" \/>\n<meta property=\"og:locale\" content=\"pt_PT\" \/>\n<meta property=\"og:type\" content=\"article\" \/>\n<meta property=\"og:title\" content=\"Qp Series Shaftless Pay Off Machine: Active Pay Out Machine\" \/>\n<meta property=\"og:description\" content=\"In wire and cable production lines, ensuring a continuous and smooth feeding process is critical for efficiency. Our Cable Active Pay-off, working seamlessly with an\u00a0Accumulator (Storage Stand), provides the perfect solution for high-speed extrusion and coiling lines. While the Active Pay-off ensures motorized, synchronized unwinding, the Accumulator acts as a buffer, allowing for non-stop production even during reel changes.\" \/>\n<meta property=\"og:url\" content=\"https:\/\/rollingringdrives.com\/pt\/produtos\/qp-series-shaftless-pay-off-machine-active-pay-out-machine\/\" \/>\n<meta property=\"og:site_name\" content=\"QiPang\" \/>\n<meta property=\"article:modified_time\" content=\"2026-02-07T05:56:01+00:00\" \/>\n<meta name=\"twitter:card\" content=\"summary_large_image\" \/>\n<meta name=\"twitter:label1\" content=\"Est. reading time\" \/>\n\t<meta name=\"twitter:data1\" content=\"2 minutos\" \/>\n<script type=\"application\/ld+json\" class=\"yoast-schema-graph\">{\"@context\":\"https:\/\/schema.org\",\"@graph\":[{\"@type\":\"WebPage\",\"@id\":\"https:\/\/rollingringdrives.com\/product\/qp-series-shaftless-pay-off-machine-active-pay-out-machine\/\",\"url\":\"https:\/\/rollingringdrives.com\/product\/qp-series-shaftless-pay-off-machine-active-pay-out-machine\/\",\"name\":\"Qp Series Shaftless Pay Off Machine: Active Pay Out Machine - QiPang\",\"isPartOf\":{\"@id\":\"https:\/\/rollingringdrives.com\/#website\"},\"primaryImageOfPage\":{\"@id\":\"https:\/\/rollingringdrives.com\/product\/qp-series-shaftless-pay-off-machine-active-pay-out-machine\/#primaryimage\"},\"image\":{\"@id\":\"https:\/\/rollingringdrives.com\/product\/qp-series-shaftless-pay-off-machine-active-pay-out-machine\/#primaryimage\"},\"thumbnailUrl\":\"https:\/\/rollingringdrives.com\/wp-content\/uploads\/2026\/02\/take-up-machine-1.avif\",\"datePublished\":\"2026-02-07T05:27:10+00:00\",\"dateModified\":\"2026-02-07T05:56:01+00:00\",\"breadcrumb\":{\"@id\":\"https:\/\/rollingringdrives.com\/product\/qp-series-shaftless-pay-off-machine-active-pay-out-machine\/#breadcrumb\"},\"inLanguage\":\"pt-PT\",\"potentialAction\":[{\"@type\":\"ReadAction\",\"target\":[\"https:\/\/rollingringdrives.com\/product\/qp-series-shaftless-pay-off-machine-active-pay-out-machine\/\"]}]},{\"@type\":\"ImageObject\",\"inLanguage\":\"pt-PT\",\"@id\":\"https:\/\/rollingringdrives.com\/product\/qp-series-shaftless-pay-off-machine-active-pay-out-machine\/#primaryimage\",\"url\":\"https:\/\/rollingringdrives.com\/wp-content\/uploads\/2026\/02\/take-up-machine-1.avif\",\"contentUrl\":\"https:\/\/rollingringdrives.com\/wp-content\/uploads\/2026\/02\/take-up-machine-1.avif\",\"width\":800,\"height\":800,\"caption\":\"active pay out machine\"},{\"@type\":\"BreadcrumbList\",\"@id\":\"https:\/\/rollingringdrives.com\/product\/qp-series-shaftless-pay-off-machine-active-pay-out-machine\/#breadcrumb\",\"itemListElement\":[{\"@type\":\"ListItem\",\"position\":1,\"name\":\"Home\",\"item\":\"https:\/\/rollingringdrives.com\/\"},{\"@type\":\"ListItem\",\"position\":2,\"name\":\"Machines\",\"item\":\"https:\/\/rollingringdrives.com\/machines\/\"},{\"@type\":\"ListItem\",\"position\":3,\"name\":\"Qp Series Shaftless Pay Off Machine: Active Pay Out Machine\"}]},{\"@type\":\"WebSite\",\"@id\":\"https:\/\/rollingringdrives.com\/#website\",\"url\":\"https:\/\/rollingringdrives.com\/\",\"name\":\"QiPang\",\"description\":\"QiPang Blog\",\"publisher\":{\"@id\":\"https:\/\/rollingringdrives.com\/#organization\"},\"potentialAction\":[{\"@type\":\"SearchAction\",\"target\":{\"@type\":\"EntryPoint\",\"urlTemplate\":\"https:\/\/rollingringdrives.com\/?s={search_term_string}\"},\"query-input\":{\"@type\":\"PropertyValueSpecification\",\"valueRequired\":true,\"valueName\":\"search_term_string\"}}],\"inLanguage\":\"pt-PT\"},{\"@type\":\"Organization\",\"@id\":\"https:\/\/rollingringdrives.com\/#organization\",\"name\":\"QiPang\",\"url\":\"https:\/\/rollingringdrives.com\/\",\"logo\":{\"@type\":\"ImageObject\",\"inLanguage\":\"pt-PT\",\"@id\":\"https:\/\/rollingringdrives.com\/#\/schema\/logo\/image\/\",\"url\":\"https:\/\/rollingringdrives.com\/wp-content\/uploads\/2023\/05\/cropped-\u672a\u547d\u540d\u7684\u8bbe\u8ba1.png\",\"contentUrl\":\"https:\/\/rollingringdrives.com\/wp-content\/uploads\/2023\/05\/cropped-\u672a\u547d\u540d\u7684\u8bbe\u8ba1.png\",\"width\":300,\"height\":191,\"caption\":\"QiPang\"},\"image\":{\"@id\":\"https:\/\/rollingringdrives.com\/#\/schema\/logo\/image\/\"}}]}<\/script>\n<!-- \/ Yoast SEO Premium plugin. -->","yoast_head_json":{"title":"M\u00e1quina de pagamento sem eixo da s\u00e9rie Qp: M\u00e1quina de pagamento ativa - QiPang","robots":{"index":"index","follow":"follow","max-snippet":"max-snippet:-1","max-image-preview":"max-image-preview:large","max-video-preview":"max-video-preview:-1"},"canonical":"https:\/\/rollingringdrives.com\/pt\/produtos\/qp-series-shaftless-pay-off-machine-active-pay-out-machine\/","og_locale":"pt_PT","og_type":"article","og_title":"Qp Series Shaftless Pay Off Machine: Active Pay Out Machine","og_description":"In wire and cable production lines, ensuring a continuous and smooth feeding process is critical for efficiency. Our Cable Active Pay-off, working seamlessly with an\u00a0Accumulator (Storage Stand), provides the perfect solution for high-speed extrusion and coiling lines. While the Active Pay-off ensures motorized, synchronized unwinding, the Accumulator acts as a buffer, allowing for non-stop production even during reel changes.","og_url":"https:\/\/rollingringdrives.com\/pt\/produtos\/qp-series-shaftless-pay-off-machine-active-pay-out-machine\/","og_site_name":"QiPang","article_modified_time":"2026-02-07T05:56:01+00:00","twitter_card":"summary_large_image","twitter_misc":{"Est. reading time":"2 minutos"},"schema":{"@context":"https:\/\/schema.org","@graph":[{"@type":"WebPage","@id":"https:\/\/rollingringdrives.com\/product\/qp-series-shaftless-pay-off-machine-active-pay-out-machine\/","url":"https:\/\/rollingringdrives.com\/product\/qp-series-shaftless-pay-off-machine-active-pay-out-machine\/","name":"M\u00e1quina de pagamento sem eixo da s\u00e9rie Qp: M\u00e1quina de pagamento ativa - QiPang","isPartOf":{"@id":"https:\/\/rollingringdrives.com\/#website"},"primaryImageOfPage":{"@id":"https:\/\/rollingringdrives.com\/product\/qp-series-shaftless-pay-off-machine-active-pay-out-machine\/#primaryimage"},"image":{"@id":"https:\/\/rollingringdrives.com\/product\/qp-series-shaftless-pay-off-machine-active-pay-out-machine\/#primaryimage"},"thumbnailUrl":"https:\/\/rollingringdrives.com\/wp-content\/uploads\/2026\/02\/take-up-machine-1.avif","datePublished":"2026-02-07T05:27:10+00:00","dateModified":"2026-02-07T05:56:01+00:00","breadcrumb":{"@id":"https:\/\/rollingringdrives.com\/product\/qp-series-shaftless-pay-off-machine-active-pay-out-machine\/#breadcrumb"},"inLanguage":"pt-PT","potentialAction":[{"@type":"ReadAction","target":["https:\/\/rollingringdrives.com\/product\/qp-series-shaftless-pay-off-machine-active-pay-out-machine\/"]}]},{"@type":"ImageObject","inLanguage":"pt-PT","@id":"https:\/\/rollingringdrives.com\/product\/qp-series-shaftless-pay-off-machine-active-pay-out-machine\/#primaryimage","url":"https:\/\/rollingringdrives.com\/wp-content\/uploads\/2026\/02\/take-up-machine-1.avif","contentUrl":"https:\/\/rollingringdrives.com\/wp-content\/uploads\/2026\/02\/take-up-machine-1.avif","width":800,"height":800,"caption":"active pay out machine"},{"@type":"BreadcrumbList","@id":"https:\/\/rollingringdrives.com\/product\/qp-series-shaftless-pay-off-machine-active-pay-out-machine\/#breadcrumb","itemListElement":[{"@type":"ListItem","position":1,"name":"Home","item":"https:\/\/rollingringdrives.com\/"},{"@type":"ListItem","position":2,"name":"Machines","item":"https:\/\/rollingringdrives.com\/machines\/"},{"@type":"ListItem","position":3,"name":"Qp Series Shaftless Pay Off Machine: Active Pay Out Machine"}]},{"@type":"WebSite","@id":"https:\/\/rollingringdrives.com\/#website","url":"https:\/\/rollingringdrives.com\/","name":"QiPangName","description":"Blog QiPang","publisher":{"@id":"https:\/\/rollingringdrives.com\/#organization"},"potentialAction":[{"@type":"SearchAction","target":{"@type":"EntryPoint","urlTemplate":"https:\/\/rollingringdrives.com\/?s={search_term_string}"},"query-input":{"@type":"PropertyValueSpecification","valueRequired":true,"valueName":"search_term_string"}}],"inLanguage":"pt-PT"},{"@type":"Organization","@id":"https:\/\/rollingringdrives.com\/#organization","name":"QiPangName","url":"https:\/\/rollingringdrives.com\/","logo":{"@type":"ImageObject","inLanguage":"pt-PT","@id":"https:\/\/rollingringdrives.com\/#\/schema\/logo\/image\/","url":"https:\/\/rollingringdrives.com\/wp-content\/uploads\/2023\/05\/cropped-\u672a\u547d\u540d\u7684\u8bbe\u8ba1.png","contentUrl":"https:\/\/rollingringdrives.com\/wp-content\/uploads\/2023\/05\/cropped-\u672a\u547d\u540d\u7684\u8bbe\u8ba1.png","width":300,"height":191,"caption":"QiPang"},"image":{"@id":"https:\/\/rollingringdrives.com\/#\/schema\/logo\/image\/"}}]}},"_links":{"self":[{"href":"https:\/\/rollingringdrives.com\/pt\/wp-json\/wp\/v2\/product\/32906","targetHints":{"allow":["GET"]}}],"collection":[{"href":"https:\/\/rollingringdrives.com\/pt\/wp-json\/wp\/v2\/product"}],"about":[{"href":"https:\/\/rollingringdrives.com\/pt\/wp-json\/wp\/v2\/types\/product"}],"version-history":[{"count":0,"href":"https:\/\/rollingringdrives.com\/pt\/wp-json\/wp\/v2\/product\/32906\/revisions"}],"wp:featuredmedia":[{"embeddable":true,"href":"https:\/\/rollingringdrives.com\/pt\/wp-json\/wp\/v2\/media\/32910"}],"wp:attachment":[{"href":"https:\/\/rollingringdrives.com\/pt\/wp-json\/wp\/v2\/media?parent=32906"}],"wp:term":[{"taxonomy":"product_brand","embeddable":true,"href":"https:\/\/rollingringdrives.com\/pt\/wp-json\/wp\/v2\/product_brand?post=32906"},{"taxonomy":"product_cat","embeddable":true,"href":"https:\/\/rollingringdrives.com\/pt\/wp-json\/wp\/v2\/product_cat?post=32906"},{"taxonomy":"product_tag","embeddable":true,"href":"https:\/\/rollingringdrives.com\/pt\/wp-json\/wp\/v2\/product_tag?post=32906"}],"curies":[{"name":"wp","href":"https:\/\/api.w.org\/{rel}","templated":true}]}}