{"id":32944,"date":"2026-04-18T02:53:12","date_gmt":"2026-04-18T02:53:12","guid":{"rendered":"https:\/\/rollingringdrives.com\/?post_type=product&#038;p=32944"},"modified":"2026-04-18T02:53:13","modified_gmt":"2026-04-18T02:53:13","slug":"15xy-dual-axis-laser-diameter-gauge-for-a-1-75mm-3d-filament-line","status":"publish","type":"product","link":"https:\/\/rollingringdrives.com\/pt\/produtos\/15xy-dual-axis-laser-diameter-gauge-for-a-1-75mm-3d-filament-line\/","title":{"rendered":"15XY Medidor de di\u00e2metro de laser de eixo duplo para uma linha de filamento 3D de 1,75 mm"},"content":{"rendered":"<p>O Medidor de Di\u00e2metro a Laser 15XY adopta um modo de medi\u00e7\u00e3o bidimensional, e o Medidor de Di\u00e2metro a Laser bidimensional mede o valor do di\u00e2metro da pe\u00e7a de trabalho em duas direc\u00e7\u00f5es. A sua estrutura \u00e9 compacta e tem a mesma fun\u00e7\u00e3o de opera\u00e7\u00e3o e interface de sa\u00edda. \u00c9 composto por uma cabe\u00e7a de medi\u00e7\u00e3o a laser, um painel de opera\u00e7\u00e3o e um controlo remoto, e pode ser alargado para ligar v\u00e1rios tamanhos de ecr\u00e3s remotos, como mostra a figura seguinte.<\/p>\n<div id=\"footable_parent_32945\"\n         class=\"footable_parent ninja_table_wrapper loading_ninja_table wp_table_data_press_parent semantic_ui\">\n                <table data-ninja_table_instance=\"ninja_table_instance_0\" data-footable_id=\"32945\" data-filter-delay=\"1000\" aria-label=\"15xy.csv\"            id=\"footable_32945\"\n           data-unique_identifier=\"ninja_table_unique_id_176765231_32945\"\n           class=\"foo-table ninja_footable foo_table_32945 ninja_table_unique_id_176765231_32945 ui table  ninja_search_right nt_type_legacy_table selectable celled striped vertical_centered  footable-paging-right ninja_table_pro\">\n                <colgroup>\n                            <col class=\"ninja_column_0\">\n                            <col class=\"ninja_column_1\">\n                            <col class=\"ninja_column_2\">\n                            <col class=\"ninja_column_3\">\n                            <col class=\"ninja_column_4\">\n                            <col class=\"ninja_column_5\">\n                    <\/colgroup>\n        <thead>\n<tr class=\"footable-header\">\n                                                                                                        <th scope=\"col\"  class=\"ninja_column_0 ninja_clmn_nm_model\">Modelo<\/th><th scope=\"col\"  class=\"ninja_column_1 ninja_clmn_nm_noofaxis\">N.\u00ba de eixos<\/th><th scope=\"col\"  class=\"ninja_column_2 ninja_clmn_nm_resolution\">Resolu\u00e7\u00e3o<\/th><th scope=\"col\"  class=\"ninja_column_3 ninja_clmn_nm_measuringrange\">Faixa de medi\u00e7\u00e3o<\/th><th scope=\"col\"  class=\"ninja_column_4 ninja_clmn_nm_measuringaccuracy\">Precis\u00e3o de medi\u00e7\u00e3o<\/th><th scope=\"col\"  class=\"ninja_column_5 ninja_clmn_nm_ninja_column_6\">Pot\u00eancia consumida<\/th><\/tr>\n<\/thead>\n<tbody>\n\n        <tr data-row_id=\"2212\" class=\"ninja_table_row_0 nt_row_id_2212\">\n            <td>3X<\/td><td>Individual<\/td><td>0,0001um<\/td><td>0,05-3mm<\/td><td>\u00b10,5\u03bcm<\/td><td>\u226410W<\/td>        <\/tr>\n            <tr data-row_id=\"2213\" class=\"ninja_table_row_1 nt_row_id_2213\">\n            <td>25X<\/td><td>Individual<\/td><td>0,001mm<\/td><td>0,1-25mm<\/td><td>\u00b11\u03bcm<\/td><td>\u226410W<\/td>        <\/tr>\n            <tr data-row_id=\"2214\" class=\"ninja_table_row_2 nt_row_id_2214\">\n            <td>40X<\/td><td>Individual<\/td><td>0,001mm<\/td><td>1-40mm<\/td><td>\u00b11\u03bcm<\/td><td>\u226410W<\/td>        <\/tr>\n            <tr data-row_id=\"2215\" class=\"ninja_table_row_3 nt_row_id_2215\">\n            <td>50X<\/td><td>Individual<\/td><td>0,001mm<\/td><td>1-50mm<\/td><td>\u00b13\u03bcm<\/td><td>\u226410W<\/td>        <\/tr>\n            <tr data-row_id=\"2216\" class=\"ninja_table_row_4 nt_row_id_2216\">\n            <td>70X<\/td><td>Individual<\/td><td>0,01mm<\/td><td>1-0mm<\/td><td>\u00b110\u03bcm<\/td><td>\u226410W<\/td>        <\/tr>\n            <tr data-row_id=\"2217\" class=\"ninja_table_row_5 nt_row_id_2217\">\n            <td>100X<\/td><td>Individual<\/td><td>0,01mm<\/td><td>1-100mm<\/td><td>\u00b110\u03bcm<\/td><td>\u226410W<\/td>        <\/tr>\n            <tr data-row_id=\"2218\" class=\"ninja_table_row_6 nt_row_id_2218\">\n            <td>15XY<\/td><td>Duplo<\/td><td>0,001mm<\/td><td>0,1-15mm<\/td><td>\u00b11\u03bcm<\/td><td>\u226410W<\/td>        <\/tr>\n            <tr data-row_id=\"2219\" class=\"ninja_table_row_7 nt_row_id_2219\">\n            <td>25XY<\/td><td>Duplo<\/td><td>0,001mm<\/td><td>0,1-25mm<\/td><td>\u00b11\u03bcm<\/td><td>\u226410W<\/td>        <\/tr>\n            <tr data-row_id=\"2220\" class=\"ninja_table_row_8 nt_row_id_2220\">\n            <td>50XY<\/td><td>Duplo<\/td><td>0,001mm<\/td><td>1-50mm<\/td><td>\u00b13\u03bcm<\/td><td>\u226410W<\/td>        <\/tr>\n            <tr data-row_id=\"2221\" class=\"ninja_table_row_9 nt_row_id_2221\">\n            <td>70XY<\/td><td>Duplo<\/td><td>0,01mm<\/td><td>1-70mm<\/td><td>\u00b110\u03bcm<\/td><td>\u226410W<\/td>        <\/tr>\n            <tr data-row_id=\"2222\" class=\"ninja_table_row_10 nt_row_id_2222\">\n            <td>100XY<\/td><td>Duplo<\/td><td>0,01mm<\/td><td>1-100mm<\/td><td>\u00b110\u03bcm<\/td><td>\u226410W<\/td>        <\/tr>\n    <\/tbody><!--ninja_tobody_rendering_done-->\n    <\/table>\n    \n    \n    \n<\/div>\n\n<div class=\"ast-oembed-container\" style=\"height: 100%;\"><iframe title=\"15XY Medidor de di\u00e2metro a laser de eixo duplo\" width=\"422\" height=\"750\" src=\"https:\/\/www.youtube.com\/embed\/ndfTwRXl6Gc?feature=oembed\" frameborder=\"0\" allow=\"accelerometer; autoplay; clipboard-write; encrypted-media; gyroscope; picture-in-picture; web-share\" referrerpolicy=\"strict-origin-when-cross-origin\" allowfullscreen><\/iframe><\/div>\n<h3><strong>Di\u00e2metro do laser Vantagem aplic\u00e1vel<\/strong><\/h3>\n<p>1. <strong>Ultrapassar as limita\u00e7\u00f5es dos \u201ctestes cegos\u201d: Conseguir uma verdadeira inspe\u00e7\u00e3o completa 100%<\/strong><br \/>\nAs medi\u00e7\u00f5es s\u00e3o efectuadas simultaneamente durante a produ\u00e7\u00e3o na linha de extrus\u00e3o, cobrindo 100% de todo o rolo de consum\u00edveis. Qualquer mudan\u00e7a brusca ou transi\u00e7\u00e3o gradual no di\u00e2metro \u00e9 detectada com precis\u00e3o, evitando que produtos defeituosos entrem no mercado.<\/p>\n<p><strong>2. Precis\u00e3o e resolu\u00e7\u00e3o extremamente elevadas<\/strong><br \/>\nA precis\u00e3o dos medidores de di\u00e2metro \u00e9 tipicamente da ordem de \u00b10,001mm a \u00b10,003mm, com uma resolu\u00e7\u00e3o de 0,0001mm. Esta capacidade de dete\u00e7\u00e3o ao n\u00edvel do m\u00edcron \u00e9 absolutamente imposs\u00edvel de alcan\u00e7ar por ferramentas manuais.<\/p>\n<p>3.<strong>Extrusoras ligadas para utiliza\u00e7\u00e3o conjunta<\/strong><br \/>\nO medidor de di\u00e2metro pode ser ligado diretamente ao PLC da extrusora ou ao conversor de frequ\u00eancia da m\u00e1quina de tra\u00e7\u00e3o atrav\u00e9s de protocolos de comunica\u00e7\u00e3o (RS485\/Modbus). Se o medidor detetar um di\u00e2metro demasiado grande, afina automaticamente e aumenta a velocidade de tra\u00e7\u00e3o; se detetar um di\u00e2metro demasiado pequeno, diminui automaticamente a velocidade de tra\u00e7\u00e3o.<\/p>\n<p>4. <strong>\u201cA medi\u00e7\u00e3o \u201dsem contacto\" protege os consum\u00edveis e o equipamento.<\/strong><br \/>\nUtilizando a digitaliza\u00e7\u00e3o a laser, os consum\u00edveis n\u00e3o precisam de entrar em contacto com quaisquer pe\u00e7as mec\u00e2nicas. Isto evita riscos na superf\u00edcie do consum\u00edvel (protegendo o seu brilho) e evita afetar os resultados da medi\u00e7\u00e3o devido a tens\u00e3o ou fric\u00e7\u00e3o.<\/p>","protected":false},"excerpt":{"rendered":"<div>\n<p>A m\u00e1quina tem uma fun\u00e7\u00e3o de alarme. \u00c9 poss\u00edvel definir um intervalo e, se este for ultrapassado (\u00b1 toler\u00e2ncia), soar\u00e1 um alarme que alertar\u00e1 a equipa de produ\u00e7\u00e3o para a anomalia. Os valores em tempo real s\u00e3o enviados para a extrusora ou m\u00e1quina de tra\u00e7\u00e3o, que ajustar\u00e1 automaticamente a sua velocidade. Se o di\u00e2metro medido for demasiado elevado, a velocidade da extrusora aumentar\u00e1 automaticamente; se o di\u00e2metro medido for demasiado baixo, a velocidade da extrusora diminuir\u00e1 automaticamente. Tamb\u00e9m pode ser definido para parar automaticamente quando o valor do desvio \u00e9 excedido.<\/p>\n<\/div>","protected":false},"featured_media":32946,"template":"","meta":{"site-sidebar-layout":"default","site-content-layout":"default","ast-global-header-display":"","ast-banner-title-visibility":"","ast-main-header-display":"","ast-hfb-above-header-display":"","ast-hfb-below-header-display":"","ast-hfb-mobile-header-display":"","site-post-title":"","ast-breadcrumbs-content":"","ast-featured-img":"","footer-sml-layout":"","theme-transparent-header-meta":"default","adv-header-id-meta":"","stick-header-meta":"","header-above-stick-meta":"","header-main-stick-meta":"","header-below-stick-meta":""},"product_brand":[],"product_cat":[148,142],"product_tag":[],"class_list":{"0":"post-32944","1":"product","2":"type-product","3":"status-publish","4":"has-post-thumbnail","6":"product_cat-laser-measurement","7":"product_cat-dual-aixs-laser-diameter-gauge","8":"desktop-align-left","9":"tablet-align-left","10":"mobile-align-left","12":"first","13":"instock","14":"shipping-taxable","15":"product-type-simple"},"yoast_head":"<!-- This site is optimized with the Yoast SEO Premium plugin v20.12 (Yoast SEO v26.0) - https:\/\/yoast.com\/wordpress\/plugins\/seo\/ -->\n<title>15XY Dual-Axis Laser Diameter Gauge For A 1.75mm 3D Filament Line - QiPang<\/title>\n<meta name=\"robots\" content=\"index, follow, max-snippet:-1, max-image-preview:large, max-video-preview:-1\" \/>\n<link rel=\"canonical\" href=\"https:\/\/rollingringdrives.com\/pt\/produtos\/15xy-dual-axis-laser-diameter-gauge-for-a-1-75mm-3d-filament-line\/\" \/>\n<meta property=\"og:locale\" content=\"pt_PT\" \/>\n<meta property=\"og:type\" content=\"article\" \/>\n<meta property=\"og:title\" content=\"15XY Dual-Axis Laser Diameter Gauge For A 1.75mm 3D Filament Line\" \/>\n<meta property=\"og:description\" content=\"The machine has an alarm function. You can set a range, and if the range is exceeded (\u00b1 tolerance), an alarm will sound, alerting the production team to the abnormality. Real-time values \u200b\u200bare fed back to the extruder or traction machine, which will automatically adjust its speed. If the measured diameter is too high, the extruder speed will automatically increase; if the measured diameter is too low, the extruder speed will automatically decrease. It can also be set to automatically stop when the deviation value is exceeded.\" \/>\n<meta property=\"og:url\" content=\"https:\/\/rollingringdrives.com\/pt\/produtos\/15xy-dual-axis-laser-diameter-gauge-for-a-1-75mm-3d-filament-line\/\" \/>\n<meta property=\"og:site_name\" content=\"QiPang\" \/>\n<meta property=\"article:modified_time\" content=\"2026-04-18T02:53:13+00:00\" \/>\n<meta name=\"twitter:card\" content=\"summary_large_image\" \/>\n<meta name=\"twitter:label1\" content=\"Est. reading time\" \/>\n\t<meta name=\"twitter:data1\" content=\"2 minutos\" \/>\n<script type=\"application\/ld+json\" class=\"yoast-schema-graph\">{\"@context\":\"https:\/\/schema.org\",\"@graph\":[{\"@type\":\"WebPage\",\"@id\":\"https:\/\/rollingringdrives.com\/product\/15xy-dual-axis-laser-diameter-gauge-for-a-1-75mm-3d-filament-line\/\",\"url\":\"https:\/\/rollingringdrives.com\/product\/15xy-dual-axis-laser-diameter-gauge-for-a-1-75mm-3d-filament-line\/\",\"name\":\"15XY Dual-Axis Laser Diameter Gauge For A 1.75mm 3D Filament Line - QiPang\",\"isPartOf\":{\"@id\":\"https:\/\/rollingringdrives.com\/#website\"},\"primaryImageOfPage\":{\"@id\":\"https:\/\/rollingringdrives.com\/product\/15xy-dual-axis-laser-diameter-gauge-for-a-1-75mm-3d-filament-line\/#primaryimage\"},\"image\":{\"@id\":\"https:\/\/rollingringdrives.com\/product\/15xy-dual-axis-laser-diameter-gauge-for-a-1-75mm-3d-filament-line\/#primaryimage\"},\"thumbnailUrl\":\"https:\/\/rollingringdrives.com\/wp-content\/uploads\/2026\/04\/laser-diameter-gauge.avif\",\"datePublished\":\"2026-04-18T02:53:12+00:00\",\"dateModified\":\"2026-04-18T02:53:13+00:00\",\"breadcrumb\":{\"@id\":\"https:\/\/rollingringdrives.com\/product\/15xy-dual-axis-laser-diameter-gauge-for-a-1-75mm-3d-filament-line\/#breadcrumb\"},\"inLanguage\":\"pt-PT\",\"potentialAction\":[{\"@type\":\"ReadAction\",\"target\":[\"https:\/\/rollingringdrives.com\/product\/15xy-dual-axis-laser-diameter-gauge-for-a-1-75mm-3d-filament-line\/\"]}]},{\"@type\":\"ImageObject\",\"inLanguage\":\"pt-PT\",\"@id\":\"https:\/\/rollingringdrives.com\/product\/15xy-dual-axis-laser-diameter-gauge-for-a-1-75mm-3d-filament-line\/#primaryimage\",\"url\":\"https:\/\/rollingringdrives.com\/wp-content\/uploads\/2026\/04\/laser-diameter-gauge.avif\",\"contentUrl\":\"https:\/\/rollingringdrives.com\/wp-content\/uploads\/2026\/04\/laser-diameter-gauge.avif\",\"width\":1000,\"height\":1000,\"caption\":\"laser diameter gauge\"},{\"@type\":\"BreadcrumbList\",\"@id\":\"https:\/\/rollingringdrives.com\/product\/15xy-dual-axis-laser-diameter-gauge-for-a-1-75mm-3d-filament-line\/#breadcrumb\",\"itemListElement\":[{\"@type\":\"ListItem\",\"position\":1,\"name\":\"Home\",\"item\":\"https:\/\/rollingringdrives.com\/\"},{\"@type\":\"ListItem\",\"position\":2,\"name\":\"Machines\",\"item\":\"https:\/\/rollingringdrives.com\/machines\/\"},{\"@type\":\"ListItem\",\"position\":3,\"name\":\"15XY Dual-Axis Laser Diameter Gauge For A 1.75mm 3D Filament Line\"}]},{\"@type\":\"WebSite\",\"@id\":\"https:\/\/rollingringdrives.com\/#website\",\"url\":\"https:\/\/rollingringdrives.com\/\",\"name\":\"QiPang\",\"description\":\"QiPang Blog\",\"publisher\":{\"@id\":\"https:\/\/rollingringdrives.com\/#organization\"},\"potentialAction\":[{\"@type\":\"SearchAction\",\"target\":{\"@type\":\"EntryPoint\",\"urlTemplate\":\"https:\/\/rollingringdrives.com\/?s={search_term_string}\"},\"query-input\":{\"@type\":\"PropertyValueSpecification\",\"valueRequired\":true,\"valueName\":\"search_term_string\"}}],\"inLanguage\":\"pt-PT\"},{\"@type\":\"Organization\",\"@id\":\"https:\/\/rollingringdrives.com\/#organization\",\"name\":\"QiPang\",\"url\":\"https:\/\/rollingringdrives.com\/\",\"logo\":{\"@type\":\"ImageObject\",\"inLanguage\":\"pt-PT\",\"@id\":\"https:\/\/rollingringdrives.com\/#\/schema\/logo\/image\/\",\"url\":\"https:\/\/rollingringdrives.com\/wp-content\/uploads\/2023\/05\/cropped-\u672a\u547d\u540d\u7684\u8bbe\u8ba1.png\",\"contentUrl\":\"https:\/\/rollingringdrives.com\/wp-content\/uploads\/2023\/05\/cropped-\u672a\u547d\u540d\u7684\u8bbe\u8ba1.png\",\"width\":300,\"height\":191,\"caption\":\"QiPang\"},\"image\":{\"@id\":\"https:\/\/rollingringdrives.com\/#\/schema\/logo\/image\/\"}}]}<\/script>\n<!-- \/ Yoast SEO Premium plugin. -->","yoast_head_json":{"title":"15XY Medidor de di\u00e2metro a laser de eixo duplo para uma linha de filamento 3D de 1,75 mm - QiPang","robots":{"index":"index","follow":"follow","max-snippet":"max-snippet:-1","max-image-preview":"max-image-preview:large","max-video-preview":"max-video-preview:-1"},"canonical":"https:\/\/rollingringdrives.com\/pt\/produtos\/15xy-dual-axis-laser-diameter-gauge-for-a-1-75mm-3d-filament-line\/","og_locale":"pt_PT","og_type":"article","og_title":"15XY Dual-Axis Laser Diameter Gauge For A 1.75mm 3D Filament Line","og_description":"The machine has an alarm function. You can set a range, and if the range is exceeded (\u00b1 tolerance), an alarm will sound, alerting the production team to the abnormality. Real-time values \u200b\u200bare fed back to the extruder or traction machine, which will automatically adjust its speed. If the measured diameter is too high, the extruder speed will automatically increase; if the measured diameter is too low, the extruder speed will automatically decrease. It can also be set to automatically stop when the deviation value is exceeded.","og_url":"https:\/\/rollingringdrives.com\/pt\/produtos\/15xy-dual-axis-laser-diameter-gauge-for-a-1-75mm-3d-filament-line\/","og_site_name":"QiPang","article_modified_time":"2026-04-18T02:53:13+00:00","twitter_card":"summary_large_image","twitter_misc":{"Est. reading time":"2 minutos"},"schema":{"@context":"https:\/\/schema.org","@graph":[{"@type":"WebPage","@id":"https:\/\/rollingringdrives.com\/product\/15xy-dual-axis-laser-diameter-gauge-for-a-1-75mm-3d-filament-line\/","url":"https:\/\/rollingringdrives.com\/product\/15xy-dual-axis-laser-diameter-gauge-for-a-1-75mm-3d-filament-line\/","name":"15XY Medidor de di\u00e2metro a laser de eixo duplo para uma linha de filamento 3D de 1,75 mm - QiPang","isPartOf":{"@id":"https:\/\/rollingringdrives.com\/#website"},"primaryImageOfPage":{"@id":"https:\/\/rollingringdrives.com\/product\/15xy-dual-axis-laser-diameter-gauge-for-a-1-75mm-3d-filament-line\/#primaryimage"},"image":{"@id":"https:\/\/rollingringdrives.com\/product\/15xy-dual-axis-laser-diameter-gauge-for-a-1-75mm-3d-filament-line\/#primaryimage"},"thumbnailUrl":"https:\/\/rollingringdrives.com\/wp-content\/uploads\/2026\/04\/laser-diameter-gauge.avif","datePublished":"2026-04-18T02:53:12+00:00","dateModified":"2026-04-18T02:53:13+00:00","breadcrumb":{"@id":"https:\/\/rollingringdrives.com\/product\/15xy-dual-axis-laser-diameter-gauge-for-a-1-75mm-3d-filament-line\/#breadcrumb"},"inLanguage":"pt-PT","potentialAction":[{"@type":"ReadAction","target":["https:\/\/rollingringdrives.com\/product\/15xy-dual-axis-laser-diameter-gauge-for-a-1-75mm-3d-filament-line\/"]}]},{"@type":"ImageObject","inLanguage":"pt-PT","@id":"https:\/\/rollingringdrives.com\/product\/15xy-dual-axis-laser-diameter-gauge-for-a-1-75mm-3d-filament-line\/#primaryimage","url":"https:\/\/rollingringdrives.com\/wp-content\/uploads\/2026\/04\/laser-diameter-gauge.avif","contentUrl":"https:\/\/rollingringdrives.com\/wp-content\/uploads\/2026\/04\/laser-diameter-gauge.avif","width":1000,"height":1000,"caption":"laser diameter gauge"},{"@type":"BreadcrumbList","@id":"https:\/\/rollingringdrives.com\/product\/15xy-dual-axis-laser-diameter-gauge-for-a-1-75mm-3d-filament-line\/#breadcrumb","itemListElement":[{"@type":"ListItem","position":1,"name":"Home","item":"https:\/\/rollingringdrives.com\/"},{"@type":"ListItem","position":2,"name":"Machines","item":"https:\/\/rollingringdrives.com\/machines\/"},{"@type":"ListItem","position":3,"name":"15XY Dual-Axis Laser Diameter Gauge For A 1.75mm 3D Filament Line"}]},{"@type":"WebSite","@id":"https:\/\/rollingringdrives.com\/#website","url":"https:\/\/rollingringdrives.com\/","name":"QiPangName","description":"Blog QiPang","publisher":{"@id":"https:\/\/rollingringdrives.com\/#organization"},"potentialAction":[{"@type":"SearchAction","target":{"@type":"EntryPoint","urlTemplate":"https:\/\/rollingringdrives.com\/?s={search_term_string}"},"query-input":{"@type":"PropertyValueSpecification","valueRequired":true,"valueName":"search_term_string"}}],"inLanguage":"pt-PT"},{"@type":"Organization","@id":"https:\/\/rollingringdrives.com\/#organization","name":"QiPangName","url":"https:\/\/rollingringdrives.com\/","logo":{"@type":"ImageObject","inLanguage":"pt-PT","@id":"https:\/\/rollingringdrives.com\/#\/schema\/logo\/image\/","url":"https:\/\/rollingringdrives.com\/wp-content\/uploads\/2023\/05\/cropped-\u672a\u547d\u540d\u7684\u8bbe\u8ba1.png","contentUrl":"https:\/\/rollingringdrives.com\/wp-content\/uploads\/2023\/05\/cropped-\u672a\u547d\u540d\u7684\u8bbe\u8ba1.png","width":300,"height":191,"caption":"QiPang"},"image":{"@id":"https:\/\/rollingringdrives.com\/#\/schema\/logo\/image\/"}}]}},"_links":{"self":[{"href":"https:\/\/rollingringdrives.com\/pt\/wp-json\/wp\/v2\/product\/32944","targetHints":{"allow":["GET"]}}],"collection":[{"href":"https:\/\/rollingringdrives.com\/pt\/wp-json\/wp\/v2\/product"}],"about":[{"href":"https:\/\/rollingringdrives.com\/pt\/wp-json\/wp\/v2\/types\/product"}],"version-history":[{"count":0,"href":"https:\/\/rollingringdrives.com\/pt\/wp-json\/wp\/v2\/product\/32944\/revisions"}],"wp:featuredmedia":[{"embeddable":true,"href":"https:\/\/rollingringdrives.com\/pt\/wp-json\/wp\/v2\/media\/32946"}],"wp:attachment":[{"href":"https:\/\/rollingringdrives.com\/pt\/wp-json\/wp\/v2\/media?parent=32944"}],"wp:term":[{"taxonomy":"product_brand","embeddable":true,"href":"https:\/\/rollingringdrives.com\/pt\/wp-json\/wp\/v2\/product_brand?post=32944"},{"taxonomy":"product_cat","embeddable":true,"href":"https:\/\/rollingringdrives.com\/pt\/wp-json\/wp\/v2\/product_cat?post=32944"},{"taxonomy":"product_tag","embeddable":true,"href":"https:\/\/rollingringdrives.com\/pt\/wp-json\/wp\/v2\/product_tag?post=32944"}],"curies":[{"name":"wp","href":"https:\/\/api.w.org\/{rel}","templated":true}]}}